{"id":982,"date":"2026-03-16T06:52:47","date_gmt":"2026-03-16T06:52:47","guid":{"rendered":"https:\/\/purehivehoney.com\/de\/product\/gesund-mit-honig-das-vielseitige-und-wirkungsvolle-hausmittel-aus-der-natur-herbig-hausapotheke-mit-anwendungen-von-a-z\/"},"modified":"2026-03-16T06:52:58","modified_gmt":"2026-03-16T06:52:58","slug":"gesund-mit-honig-das-vielseitige-und-wirkungsvolle-hausmittel-aus-der-natur-herbig-hausapotheke-mit-anwendungen-von-a-z","status":"publish","type":"product","link":"https:\/\/purehivehoney.com\/de\/product\/gesund-mit-honig-das-vielseitige-und-wirkungsvolle-hausmittel-aus-der-natur-herbig-hausapotheke-mit-anwendungen-von-a-z\/","title":{"rendered":"Gesund mit Honig: Das vielseitige u..."},"content":{"rendered":"<p>  Honig \u2013 seit Jahrtausenden bei Verletzungen oder Erk\u00e4ltungen bew\u00e4hrt und ausgestattet mit entz\u00fcndungshemmenden und heilungsf\u00f6rdernden Eigenschaften. Mit allerhand Wissenswertem, praktischen Tipps f\u00fcr Anwendungen, Fallbeispielen und zahlreichen Heilrezepten stellt \u201eHoneyman\u201c Detlef Mix das Superfood vor und zeigt, weshalb Honig in keiner Hausapotheke fehlen darf.    <br \/> <br \/>\n                                             From the Publisher   <\/p>\n<p>                                                  <img decoding=\"async\" alt=\"3968590767 Gesund mit Honig\" src=\"https:\/\/images-na.ssl-images-amazon.com\/images\/G\/01\/x-locale\/common\/grey-pixel.gif\" class=\"a-lazy-loaded\" data-src=\"https:\/\/m.media-amazon.com\/images\/S\/aplus-media-library-service-media\/7882306d-bf88-4470-90cc-f1d75656f70d.__CR0,0,2021,625_PT0_SX970_V1___.jpg\"><img decoding=\"async\" alt=\"3968590767 Gesund mit Honig\" src=\"https:\/\/m.media-amazon.com\/images\/S\/aplus-media-library-service-media\/7882306d-bf88-4470-90cc-f1d75656f70d.__CR0,0,2021,625_PT0_SX970_V1___.jpg\">  <\/p>\n<p>                                                      <img decoding=\"async\" alt=\"3968590767 Gesund mit Honig\" src=\"https:\/\/images-na.ssl-images-amazon.com\/images\/G\/01\/x-locale\/common\/grey-pixel.gif\" class=\"a-spacing-mini a-lazy-loaded\" data-src=\"https:\/\/m.media-amazon.com\/images\/S\/aplus-media-library-service-media\/10138f04-fd04-41bf-a742-72c7b865dd02.__CR0,0,625,833_PT0_SX300_V1___.jpg\"><img decoding=\"async\" alt=\"3968590767 Gesund mit Honig\" src=\"https:\/\/m.media-amazon.com\/images\/S\/aplus-media-library-service-media\/10138f04-fd04-41bf-a742-72c7b865dd02.__CR0,0,625,833_PT0_SX300_V1___.jpg\">  <\/p>\n<p>                                                              <img decoding=\"async\" alt=\"Herbig Logo\" src=\"https:\/\/images-na.ssl-images-amazon.com\/images\/G\/01\/x-locale\/common\/grey-pixel.gif\" class=\"a-spacing-mini a-lazy-loaded\" data-src=\"https:\/\/m.media-amazon.com\/images\/S\/aplus-media-library-service-media\/2bb875df-681c-4d2a-9967-003f21f06fe6.__CR0,13,650,325_PT0_SX350_V1___.jpg\"><img decoding=\"async\" alt=\"Herbig Logo\" src=\"https:\/\/m.media-amazon.com\/images\/S\/aplus-media-library-service-media\/2bb875df-681c-4d2a-9967-003f21f06fe6.__CR0,13,650,325_PT0_SX350_V1___.jpg\">                                          \u00dcber Herbig                                 <\/p>\n<p class=\"a-spacing-small a-size-small a-color-secondary\"> Herbig z\u00e4hlt zu den bekanntesten Gesundheitsverlagen in Deutschland. Renommierte Mediziner:innen und anerkannte Autor:innen mit Expertise aus der Praxis pr\u00e4gen das Verlagsprogramm. Sie geben ihr umfangreiches Wissen zu aktuellen Gesundheitsthemen und konkrete Handlungsempfehlungen zur Selbsthilfe in fundierten Ratgebern und Sachb\u00fcchern mit klarem Nutzenversprechen und hohem Praxisbezug weiter. <\/p>\n<h3 class=\"a-spacing-mini\"> Das wirkungsvolle Heilmittel aus der Natur <\/h3>\n<p class=\"a-spacing-base\"> Seit Jahrtausenden hat sich Honig als bew\u00e4hrtes Mittel bei Verletzungen und Erk\u00e4ltungen etabliert, dank seiner entz\u00fcndungshemmenden und heilungsf\u00f6rdernden Eigenschaften. Mit allerhand Wissenswertem, praktischen Tipps f\u00fcr Anwendungen, Fallbeispielen und zahlreichen Heilrezepten stellt \u201eHoneyman\u201c Detlef Mix das Superfood vor und zeigt, weshalb Honig in keiner Hausapotheke fehlen darf. <\/p>\n<p>                                                          Honig &#8211; mehr als nur ein nat\u00fcrliches S\u00fc\u00dfungsmittel.       Alles \u00fcber das jahrtausendealte Heilmittel.       Mit leckeren Rezepten und Anwendungen f\u00fcr den Alltag.      <\/p>\n<p class=\"apm-text-center\">\n                                                      <img decoding=\"async\" alt=\"3968590767 Gesund mit Honig\" src=\"https:\/\/images-na.ssl-images-amazon.com\/images\/G\/01\/x-locale\/common\/grey-pixel.gif\" class=\"a-spacing-mini a-lazy-loaded\" data-src=\"https:\/\/m.media-amazon.com\/images\/S\/aplus-media-library-service-media\/38cdccac-1359-41a7-933d-a817dcb833b0.__CR0,0,625,625_PT0_SX300_V1___.jpg\"><img decoding=\"async\" alt=\"3968590767 Gesund mit Honig\" src=\"https:\/\/m.media-amazon.com\/images\/S\/aplus-media-library-service-media\/38cdccac-1359-41a7-933d-a817dcb833b0.__CR0,0,625,625_PT0_SX300_V1___.jpg\">  <\/p>\n<p>                                                    Superfood Honig                                       <\/p>\n<p> Honig ist sicher das Bienenprodukt mit der l\u00e4ngsten medizinischen Tradition, wovon Dokumente aus dem \u00e4gyptischen Pharaonenreich, dem antiken Griechenland und China Zeugnis ablegen. Vieles von dem, was Mediziner und Biologen heute \u00fcber den Honig in Erfahrung bringen, hat Oma noch instinktiv gewusst. Das Naturprodukt enth\u00e4lt viele gesunde N\u00e4hrstoffe, Spurenelemente, Vitamine und Mineralstoffe, weshalb Honig unter anderem unsere Abwehrkr\u00e4fte st\u00e4rkt und so den Heilungsprozess f\u00f6rdern kann. <\/p>\n<p class=\"apm-text-center\">\n                                                      <img decoding=\"async\" alt=\"3968590767 Gesund mit Honig\" src=\"https:\/\/images-na.ssl-images-amazon.com\/images\/G\/01\/x-locale\/common\/grey-pixel.gif\" class=\"a-spacing-mini a-lazy-loaded\" data-src=\"https:\/\/m.media-amazon.com\/images\/S\/aplus-media-library-service-media\/a4bd5836-6f66-4672-9966-0ede55950b5b.__CR0,0,625,625_PT0_SX300_V1___.jpg\"><img decoding=\"async\" alt=\"3968590767 Gesund mit Honig\" src=\"https:\/\/m.media-amazon.com\/images\/S\/aplus-media-library-service-media\/a4bd5836-6f66-4672-9966-0ede55950b5b.__CR0,0,625,625_PT0_SX300_V1___.jpg\">  <\/p>\n<p>                                                    Mehr als nur ein s\u00fc\u00dfer Genuss                                       <\/p>\n<p> Honig ist ein Muss f\u00fcr jede Hausapotheke. Er lindert Verletzungen, Verbrennungen, Gelenkbeschwerden, Erk\u00e4ltungen, Bronchitis und Magen-Darm-Beschwerden. Au\u00dferdem wirkt er gegen verschiedenste Keime. Dieser Band aus der Reihe &#8222;Herbig Hausapotheke&#8220; bietet neben der Vorstellung der einzelnen Honigsorten und deren jeweiliger Wirkmechanismen in der medizinischen Behandlung auch Informationen und praktische Tipps zu Anwendungen von A-Z, mit Fallbeispielen und zahlreichen Heilrezepten. <\/p>\n<p class=\"apm-text-center\">\n                                                      <img decoding=\"async\" alt=\"3968590767 Gesund mit Honig\" src=\"https:\/\/images-na.ssl-images-amazon.com\/images\/G\/01\/x-locale\/common\/grey-pixel.gif\" class=\"a-spacing-mini a-lazy-loaded\" data-src=\"https:\/\/m.media-amazon.com\/images\/S\/aplus-media-library-service-media\/f9f1864b-b777-42e6-94c6-011c32f959ca.__CR0,0,625,625_PT0_SX300_V1___.jpg\"><img decoding=\"async\" alt=\"3968590767 Gesund mit Honig\" src=\"https:\/\/m.media-amazon.com\/images\/S\/aplus-media-library-service-media\/f9f1864b-b777-42e6-94c6-011c32f959ca.__CR0,0,625,625_PT0_SX300_V1___.jpg\">  <\/p>\n<p>                                                    \u00dcber den Autor                                       <\/p>\n<p> Der Autor und Heilpraktiker Detlef Mix lebt und arbeitet in St. Blasien im S\u00fcdschwarzwald. Seit vielen Jahren setzt er Honig und andere Bienenprodukte zu medizinischen Zwecken ein. Er ist Mitglied im Deutschen Apitheraphie-Bund, einem Zusammenschluss von \u00c4rzten, Heilpraktikern und Imkern, die sich zum Ziel gesetzt haben, der Bienenheilkunde den Platz in der Medizin einzur\u00e4umen, der ihr sowohl aus Tradition als auch aus einem dringenden neuzeitlichen Erfordernis heraus zusteht, und in diesem Umfeld als ausgewiesener Experte und als der &#8222;Honeyman&#8220; bekannt. <\/p>\n<p> Publisher                                            \u200f                                            :                                            \u200e                                                        Herbig in der Franckh-Kosmos Verlags-GmbH &#038; Co. KG       <br \/> Publication date                                            \u200f                                            :                                            \u200e                                                        18 Mar. 2024       <br \/> Edition                                            \u200f                                            :                                            \u200e                                                        1st       <br \/> Language                                            \u200f                                            :                                            \u200e                                            German   <br \/> Print length                                            \u200f                                            :                                            \u200e                                                        126 pages       <br \/> ISBN-10                                            \u200f                                            :                                            \u200e                                                        3968590767       <br \/> ISBN-13                                            \u200f                                            :                                            \u200e                                                        978-3968590769       <br \/> Dimensions                                            \u200f                                            :                                            \u200e                                                        13.4 x 1.2 x 19.4 cm       <br \/> Part of series                                            \u200f                                            :                                            \u200e                                                        Hausapotheke       <br \/>       Best Sellers Rank:  676,291 in Books (See Top 100 in Books)    333 in Allergies (Books)   2,656 in Weightloss Diets   3,840 in Diets (Books)      <br \/>  Customer reviews:                                                                                            3.0               3.0 out of 5 stars                                  (1)                                              var dpAcrHasRegisteredArcLinkClickAction;                    P.when(&#8218;A&#8216;, &#8218;ready&#8216;).execute(function(A) {                        if (dpAcrHasRegisteredArcLinkClickAction !== true) {                            dpAcrHasRegisteredArcLinkClickAction = true;                            A.declarative(                                &#8218;acrLink-click-metrics&#8216;, &#8218;click&#8216;,                                { &#8222;allowLinkDefault&#8220;: true },                                function (event) {                                    if (window.ue) {                                        ue.count(&#8222;acrLinkClickCount&#8220;, (ue.count(&#8222;acrLinkClickCount&#8220;) || 0) + 1);                                    }                                }                            );                        }                    });                                             P.when(&#8218;A&#8216;, &#8218;cf&#8216;).execute(function(A) {                A.declarative(&#8218;acrStarsLink-click-metrics&#8216;, &#8218;click&#8216;, { &#8222;allowLinkDefault&#8220; : true },  function(event){                    if(window.ue) {                        ue.count(&#8222;acrStarsLinkWithPopoverClickCount&#8220;, (ue.count(&#8222;acrStarsLinkWithPopoverClickCount&#8220;) || 0) + 1);                    }                });            });                          <br \/><\/p>\n","protected":false},"excerpt":{"rendered":"<p>Honig \u2013 seit Jahrtausenden bei Verletzungen oder Erk\u00e4ltungen bew\u00e4hrt und ausgestattet mit entz\u00fcndungshemmenden und heilungsf\u00f6rdernden Eigenschaften. Mit allerhand Wissenswertem, praktischen Tipps f\u00fcr Anwendungen, Fallbeispielen und zahlreichen Heilrezepten stellt \u201eHoneyman\u201c Detlef Mix das Superfood vor und zeigt, weshalb Honig in keiner Hausapotheke fehlen darf. From the Publisher \u00dcber Herbig Herbig z\u00e4hlt zu den bekanntesten Gesundheitsverlagen in [&hellip;]<\/p>\n","protected":false},"featured_media":983,"comment_status":"open","ping_status":"closed","template":"","meta":{"_aipt_faq_data":""},"store":[],"product_brand":[],"product_cat":[60],"product_tag":[143],"class_list":{"0":"post-982","1":"product","2":"type-product","3":"status-publish","4":"has-post-thumbnail","6":"product_cat-honig-fur-das-immunsystem","7":"product_tag-natuerlicher-honig-fuer-das-immunsystem","9":"first","10":"instock","11":"shipping-taxable","12":"product-type-external"},"yoast_head":"<!-- This site is optimized with the Yoast SEO plugin v27.4 - https:\/\/yoast.com\/product\/yoast-seo-wordpress\/ -->\n<title>Gesund mit Honig: Das vielseitige und wirkungsvolle Hausmittel aus der Natur; Herbig Hausapotheke - Mit Anwendungen von A-Z - PureHiveHoney<\/title>\n<meta name=\"description\" content=\"Entdecken Sie hochwertigen Rohhonig, Bio Honig, Manuka Honig und nat\u00fcrliche Bienenprodukte. PureHiveHoney hilft Ihnen dabei, sorgf\u00e4ltig ausgew\u00e4hlte Honigsorten mit nat\u00fcrlicher Qualit\u00e4t und Reinheit zu entdecken.\" \/>\n<meta name=\"robots\" content=\"index, follow, max-snippet:-1, max-image-preview:large, max-video-preview:-1\" \/>\n<link rel=\"canonical\" href=\"https:\/\/purehivehoney.com\/de\/product\/gesund-mit-honig-das-vielseitige-und-wirkungsvolle-hausmittel-aus-der-natur-herbig-hausapotheke-mit-anwendungen-von-a-z\/\" \/>\n<meta property=\"og:locale\" content=\"de_DE\" \/>\n<meta property=\"og:type\" content=\"article\" \/>\n<meta property=\"og:title\" content=\"Gesund mit Honig: Das vielseitige und wirkungsvolle Hausmittel aus der Natur; Herbig Hausapotheke - Mit Anwendungen von A-Z - PureHiveHoney\" \/>\n<meta property=\"og:description\" content=\"Entdecken Sie hochwertigen Rohhonig, Bio Honig, Manuka Honig und nat\u00fcrliche Bienenprodukte. PureHiveHoney hilft Ihnen dabei, sorgf\u00e4ltig ausgew\u00e4hlte Honigsorten mit nat\u00fcrlicher Qualit\u00e4t und Reinheit zu entdecken.\" \/>\n<meta property=\"og:url\" content=\"https:\/\/purehivehoney.com\/de\/product\/gesund-mit-honig-das-vielseitige-und-wirkungsvolle-hausmittel-aus-der-natur-herbig-hausapotheke-mit-anwendungen-von-a-z\/\" \/>\n<meta property=\"og:site_name\" content=\"PureHiveHoney\" \/>\n<meta property=\"article:modified_time\" content=\"2026-03-16T06:52:58+00:00\" \/>\n<meta property=\"og:image\" content=\"https:\/\/images-na.ssl-images-amazon.com\/images\/G\/01\/x-locale\/common\/grey-pixel.gif\" \/>\n<meta name=\"twitter:card\" content=\"summary_large_image\" \/>\n<meta name=\"twitter:label1\" content=\"Gesch\u00e4tzte Lesezeit\" \/>\n\t<meta name=\"twitter:data1\" content=\"3\u00a0Minuten\" \/>\n<script type=\"application\/ld+json\" class=\"yoast-schema-graph\">{\"@context\":\"https:\\\/\\\/schema.org\",\"@graph\":[{\"@type\":\"WebPage\",\"@id\":\"https:\\\/\\\/purehivehoney.com\\\/de\\\/product\\\/gesund-mit-honig-das-vielseitige-und-wirkungsvolle-hausmittel-aus-der-natur-herbig-hausapotheke-mit-anwendungen-von-a-z\\\/\",\"url\":\"https:\\\/\\\/purehivehoney.com\\\/de\\\/product\\\/gesund-mit-honig-das-vielseitige-und-wirkungsvolle-hausmittel-aus-der-natur-herbig-hausapotheke-mit-anwendungen-von-a-z\\\/\",\"name\":\"Gesund mit Honig: Das vielseitige und wirkungsvolle Hausmittel aus der Natur; Herbig Hausapotheke - Mit Anwendungen von A-Z - PureHiveHoney\",\"isPartOf\":{\"@id\":\"https:\\\/\\\/purehivehoney.com\\\/de\\\/#website\"},\"primaryImageOfPage\":{\"@id\":\"https:\\\/\\\/purehivehoney.com\\\/de\\\/product\\\/gesund-mit-honig-das-vielseitige-und-wirkungsvolle-hausmittel-aus-der-natur-herbig-hausapotheke-mit-anwendungen-von-a-z\\\/#primaryimage\"},\"image\":{\"@id\":\"https:\\\/\\\/purehivehoney.com\\\/de\\\/product\\\/gesund-mit-honig-das-vielseitige-und-wirkungsvolle-hausmittel-aus-der-natur-herbig-hausapotheke-mit-anwendungen-von-a-z\\\/#primaryimage\"},\"thumbnailUrl\":\"https:\\\/\\\/purehivehoney.com\\\/de\\\/wp-content\\\/uploads\\\/2026\\\/03\\\/71jyAVXv9CL._SL1500_.jpg\",\"datePublished\":\"2026-03-16T06:52:47+00:00\",\"dateModified\":\"2026-03-16T06:52:58+00:00\",\"description\":\"Entdecken Sie hochwertigen Rohhonig, Bio Honig, Manuka Honig und nat\u00fcrliche Bienenprodukte. PureHiveHoney hilft Ihnen dabei, sorgf\u00e4ltig ausgew\u00e4hlte Honigsorten mit nat\u00fcrlicher Qualit\u00e4t und Reinheit zu entdecken.\",\"breadcrumb\":{\"@id\":\"https:\\\/\\\/purehivehoney.com\\\/de\\\/product\\\/gesund-mit-honig-das-vielseitige-und-wirkungsvolle-hausmittel-aus-der-natur-herbig-hausapotheke-mit-anwendungen-von-a-z\\\/#breadcrumb\"},\"inLanguage\":\"de\",\"potentialAction\":[{\"@type\":\"ReadAction\",\"target\":[\"https:\\\/\\\/purehivehoney.com\\\/de\\\/product\\\/gesund-mit-honig-das-vielseitige-und-wirkungsvolle-hausmittel-aus-der-natur-herbig-hausapotheke-mit-anwendungen-von-a-z\\\/\"]}]},{\"@type\":\"ImageObject\",\"inLanguage\":\"de\",\"@id\":\"https:\\\/\\\/purehivehoney.com\\\/de\\\/product\\\/gesund-mit-honig-das-vielseitige-und-wirkungsvolle-hausmittel-aus-der-natur-herbig-hausapotheke-mit-anwendungen-von-a-z\\\/#primaryimage\",\"url\":\"https:\\\/\\\/purehivehoney.com\\\/de\\\/wp-content\\\/uploads\\\/2026\\\/03\\\/71jyAVXv9CL._SL1500_.jpg\",\"contentUrl\":\"https:\\\/\\\/purehivehoney.com\\\/de\\\/wp-content\\\/uploads\\\/2026\\\/03\\\/71jyAVXv9CL._SL1500_.jpg\",\"width\":1042,\"height\":1500},{\"@type\":\"BreadcrumbList\",\"@id\":\"https:\\\/\\\/purehivehoney.com\\\/de\\\/product\\\/gesund-mit-honig-das-vielseitige-und-wirkungsvolle-hausmittel-aus-der-natur-herbig-hausapotheke-mit-anwendungen-von-a-z\\\/#breadcrumb\",\"itemListElement\":[{\"@type\":\"ListItem\",\"position\":1,\"name\":\"Home\",\"item\":\"https:\\\/\\\/purehivehoney.com\\\/de\\\/\"},{\"@type\":\"ListItem\",\"position\":2,\"name\":\"Shop\",\"item\":\"https:\\\/\\\/purehivehoney.com\\\/de\\\/shop\\\/\"},{\"@type\":\"ListItem\",\"position\":3,\"name\":\"Gesund mit Honig: Das vielseitige u...\"}]},{\"@type\":\"WebSite\",\"@id\":\"https:\\\/\\\/purehivehoney.com\\\/de\\\/#website\",\"url\":\"https:\\\/\\\/purehivehoney.com\\\/de\\\/\",\"name\":\"PureHiveHoney\",\"description\":\"Reiner Honig &amp; Bienenprodukte Online | Rohhonig, Bio Honig &amp; Spezialhonig\",\"publisher\":{\"@id\":\"https:\\\/\\\/purehivehoney.com\\\/de\\\/#organization\"},\"potentialAction\":[{\"@type\":\"SearchAction\",\"target\":{\"@type\":\"EntryPoint\",\"urlTemplate\":\"https:\\\/\\\/purehivehoney.com\\\/de\\\/?s={search_term_string}\"},\"query-input\":{\"@type\":\"PropertyValueSpecification\",\"valueRequired\":true,\"valueName\":\"search_term_string\"}}],\"inLanguage\":\"de\"},{\"@type\":\"Organization\",\"@id\":\"https:\\\/\\\/purehivehoney.com\\\/de\\\/#organization\",\"name\":\"PureHiveHoney\",\"url\":\"https:\\\/\\\/purehivehoney.com\\\/de\\\/\",\"logo\":{\"@type\":\"ImageObject\",\"inLanguage\":\"de\",\"@id\":\"https:\\\/\\\/purehivehoney.com\\\/de\\\/#\\\/schema\\\/logo\\\/image\\\/\",\"url\":\"https:\\\/\\\/purehivehoney.com\\\/de\\\/wp-content\\\/uploads\\\/2026\\\/03\\\/Screenshot-2026-03-16-at-1.06.01-AM.png\",\"contentUrl\":\"https:\\\/\\\/purehivehoney.com\\\/de\\\/wp-content\\\/uploads\\\/2026\\\/03\\\/Screenshot-2026-03-16-at-1.06.01-AM.png\",\"width\":2112,\"height\":1086,\"caption\":\"PureHiveHoney\"},\"image\":{\"@id\":\"https:\\\/\\\/purehivehoney.com\\\/de\\\/#\\\/schema\\\/logo\\\/image\\\/\"}}]}<\/script>\n<!-- \/ Yoast SEO plugin. -->","yoast_head_json":{"title":"Gesund mit Honig: Das vielseitige und wirkungsvolle Hausmittel aus der Natur; Herbig Hausapotheke - Mit Anwendungen von A-Z - PureHiveHoney","description":"Entdecken Sie hochwertigen Rohhonig, Bio Honig, Manuka Honig und nat\u00fcrliche Bienenprodukte. PureHiveHoney hilft Ihnen dabei, sorgf\u00e4ltig ausgew\u00e4hlte Honigsorten mit nat\u00fcrlicher Qualit\u00e4t und Reinheit zu entdecken.","robots":{"index":"index","follow":"follow","max-snippet":"max-snippet:-1","max-image-preview":"max-image-preview:large","max-video-preview":"max-video-preview:-1"},"canonical":"https:\/\/purehivehoney.com\/de\/product\/gesund-mit-honig-das-vielseitige-und-wirkungsvolle-hausmittel-aus-der-natur-herbig-hausapotheke-mit-anwendungen-von-a-z\/","og_locale":"de_DE","og_type":"article","og_title":"Gesund mit Honig: Das vielseitige und wirkungsvolle Hausmittel aus der Natur; Herbig Hausapotheke - Mit Anwendungen von A-Z - PureHiveHoney","og_description":"Entdecken Sie hochwertigen Rohhonig, Bio Honig, Manuka Honig und nat\u00fcrliche Bienenprodukte. PureHiveHoney hilft Ihnen dabei, sorgf\u00e4ltig ausgew\u00e4hlte Honigsorten mit nat\u00fcrlicher Qualit\u00e4t und Reinheit zu entdecken.","og_url":"https:\/\/purehivehoney.com\/de\/product\/gesund-mit-honig-das-vielseitige-und-wirkungsvolle-hausmittel-aus-der-natur-herbig-hausapotheke-mit-anwendungen-von-a-z\/","og_site_name":"PureHiveHoney","article_modified_time":"2026-03-16T06:52:58+00:00","og_image":[{"url":"https:\/\/images-na.ssl-images-amazon.com\/images\/G\/01\/x-locale\/common\/grey-pixel.gif","type":"","width":"","height":""}],"twitter_card":"summary_large_image","twitter_misc":{"Gesch\u00e4tzte Lesezeit":"3\u00a0Minuten"},"schema":{"@context":"https:\/\/schema.org","@graph":[{"@type":"WebPage","@id":"https:\/\/purehivehoney.com\/de\/product\/gesund-mit-honig-das-vielseitige-und-wirkungsvolle-hausmittel-aus-der-natur-herbig-hausapotheke-mit-anwendungen-von-a-z\/","url":"https:\/\/purehivehoney.com\/de\/product\/gesund-mit-honig-das-vielseitige-und-wirkungsvolle-hausmittel-aus-der-natur-herbig-hausapotheke-mit-anwendungen-von-a-z\/","name":"Gesund mit Honig: Das vielseitige und wirkungsvolle Hausmittel aus der Natur; Herbig Hausapotheke - Mit Anwendungen von A-Z - PureHiveHoney","isPartOf":{"@id":"https:\/\/purehivehoney.com\/de\/#website"},"primaryImageOfPage":{"@id":"https:\/\/purehivehoney.com\/de\/product\/gesund-mit-honig-das-vielseitige-und-wirkungsvolle-hausmittel-aus-der-natur-herbig-hausapotheke-mit-anwendungen-von-a-z\/#primaryimage"},"image":{"@id":"https:\/\/purehivehoney.com\/de\/product\/gesund-mit-honig-das-vielseitige-und-wirkungsvolle-hausmittel-aus-der-natur-herbig-hausapotheke-mit-anwendungen-von-a-z\/#primaryimage"},"thumbnailUrl":"https:\/\/purehivehoney.com\/de\/wp-content\/uploads\/2026\/03\/71jyAVXv9CL._SL1500_.jpg","datePublished":"2026-03-16T06:52:47+00:00","dateModified":"2026-03-16T06:52:58+00:00","description":"Entdecken Sie hochwertigen Rohhonig, Bio Honig, Manuka Honig und nat\u00fcrliche Bienenprodukte. PureHiveHoney hilft Ihnen dabei, sorgf\u00e4ltig ausgew\u00e4hlte Honigsorten mit nat\u00fcrlicher Qualit\u00e4t und Reinheit zu entdecken.","breadcrumb":{"@id":"https:\/\/purehivehoney.com\/de\/product\/gesund-mit-honig-das-vielseitige-und-wirkungsvolle-hausmittel-aus-der-natur-herbig-hausapotheke-mit-anwendungen-von-a-z\/#breadcrumb"},"inLanguage":"de","potentialAction":[{"@type":"ReadAction","target":["https:\/\/purehivehoney.com\/de\/product\/gesund-mit-honig-das-vielseitige-und-wirkungsvolle-hausmittel-aus-der-natur-herbig-hausapotheke-mit-anwendungen-von-a-z\/"]}]},{"@type":"ImageObject","inLanguage":"de","@id":"https:\/\/purehivehoney.com\/de\/product\/gesund-mit-honig-das-vielseitige-und-wirkungsvolle-hausmittel-aus-der-natur-herbig-hausapotheke-mit-anwendungen-von-a-z\/#primaryimage","url":"https:\/\/purehivehoney.com\/de\/wp-content\/uploads\/2026\/03\/71jyAVXv9CL._SL1500_.jpg","contentUrl":"https:\/\/purehivehoney.com\/de\/wp-content\/uploads\/2026\/03\/71jyAVXv9CL._SL1500_.jpg","width":1042,"height":1500},{"@type":"BreadcrumbList","@id":"https:\/\/purehivehoney.com\/de\/product\/gesund-mit-honig-das-vielseitige-und-wirkungsvolle-hausmittel-aus-der-natur-herbig-hausapotheke-mit-anwendungen-von-a-z\/#breadcrumb","itemListElement":[{"@type":"ListItem","position":1,"name":"Home","item":"https:\/\/purehivehoney.com\/de\/"},{"@type":"ListItem","position":2,"name":"Shop","item":"https:\/\/purehivehoney.com\/de\/shop\/"},{"@type":"ListItem","position":3,"name":"Gesund mit Honig: Das vielseitige u..."}]},{"@type":"WebSite","@id":"https:\/\/purehivehoney.com\/de\/#website","url":"https:\/\/purehivehoney.com\/de\/","name":"PureHiveHoney","description":"Reiner Honig &amp; Bienenprodukte Online | Rohhonig, Bio Honig &amp; Spezialhonig","publisher":{"@id":"https:\/\/purehivehoney.com\/de\/#organization"},"potentialAction":[{"@type":"SearchAction","target":{"@type":"EntryPoint","urlTemplate":"https:\/\/purehivehoney.com\/de\/?s={search_term_string}"},"query-input":{"@type":"PropertyValueSpecification","valueRequired":true,"valueName":"search_term_string"}}],"inLanguage":"de"},{"@type":"Organization","@id":"https:\/\/purehivehoney.com\/de\/#organization","name":"PureHiveHoney","url":"https:\/\/purehivehoney.com\/de\/","logo":{"@type":"ImageObject","inLanguage":"de","@id":"https:\/\/purehivehoney.com\/de\/#\/schema\/logo\/image\/","url":"https:\/\/purehivehoney.com\/de\/wp-content\/uploads\/2026\/03\/Screenshot-2026-03-16-at-1.06.01-AM.png","contentUrl":"https:\/\/purehivehoney.com\/de\/wp-content\/uploads\/2026\/03\/Screenshot-2026-03-16-at-1.06.01-AM.png","width":2112,"height":1086,"caption":"PureHiveHoney"},"image":{"@id":"https:\/\/purehivehoney.com\/de\/#\/schema\/logo\/image\/"}}]}},"_links":{"self":[{"href":"https:\/\/purehivehoney.com\/de\/wp-json\/wp\/v2\/product\/982","targetHints":{"allow":["GET"]}}],"collection":[{"href":"https:\/\/purehivehoney.com\/de\/wp-json\/wp\/v2\/product"}],"about":[{"href":"https:\/\/purehivehoney.com\/de\/wp-json\/wp\/v2\/types\/product"}],"replies":[{"embeddable":true,"href":"https:\/\/purehivehoney.com\/de\/wp-json\/wp\/v2\/comments?post=982"}],"wp:featuredmedia":[{"embeddable":true,"href":"https:\/\/purehivehoney.com\/de\/wp-json\/wp\/v2\/media\/983"}],"wp:attachment":[{"href":"https:\/\/purehivehoney.com\/de\/wp-json\/wp\/v2\/media?parent=982"}],"wp:term":[{"taxonomy":"store","embeddable":true,"href":"https:\/\/purehivehoney.com\/de\/wp-json\/wp\/v2\/store?post=982"},{"taxonomy":"product_brand","embeddable":true,"href":"https:\/\/purehivehoney.com\/de\/wp-json\/wp\/v2\/product_brand?post=982"},{"taxonomy":"product_cat","embeddable":true,"href":"https:\/\/purehivehoney.com\/de\/wp-json\/wp\/v2\/product_cat?post=982"},{"taxonomy":"product_tag","embeddable":true,"href":"https:\/\/purehivehoney.com\/de\/wp-json\/wp\/v2\/product_tag?post=982"}],"curies":[{"name":"wp","href":"https:\/\/api.w.org\/{rel}","templated":true}]}}