{"id":963,"date":"2026-03-16T06:48:48","date_gmt":"2026-03-16T06:48:48","guid":{"rendered":"https:\/\/purehivehoney.com\/de\/product\/bienenpollenerntemaschinen-in-exportqualitaet-effiziente-sammelsysteme-fuer-gross-angelegte-honigproduktionsanlagen-kunststoff-bienenextraktor\/"},"modified":"2026-03-16T06:49:04","modified_gmt":"2026-03-16T06:49:04","slug":"bienenpollenerntemaschinen-in-exportqualitaet-effiziente-sammelsysteme-fuer-gross-angelegte-honigproduktionsanlagen-kunststoff-bienenextraktor","status":"publish","type":"product","link":"https:\/\/purehivehoney.com\/de\/product\/bienenpollenerntemaschinen-in-exportqualitaet-effiziente-sammelsysteme-fuer-gross-angelegte-honigproduktionsanlagen-kunststoff-bienenextraktor\/","title":{"rendered":"Bienenpollenerntemaschinen in Expor..."},"content":{"rendered":"<p>    <span>Bienenpollenerntemaschinen in Exportqualit\u00e4t. Effiziente Pollensammelsysteme f\u00fcr gro\u00df angelegte Honigproduktionsanlagen<br \/>Eigenschaften:<br \/> Diese Bienenpollenfalle nutzt fortschrittliche Technologie, um Pollen von Bienen zu entfernen, was die Sammeleffizienz erh\u00f6ht und den Imkern Zeit spart.<br \/>Diese aus hochwertigem Kunststoff gefertigte Falle verf\u00fcgt \u00fcber ein klimabest\u00e4ndiges Design und benutzerfreundliche Schnittstellen f\u00fcr m\u00fchelosen Betrieb in verschiedenen Umgebungen.<br \/>Dieses Ger\u00e4t wurde f\u00fcr gro\u00dfe Bienenst\u00f6cke entwickelt und optimiert die Pollenernte f\u00fcr Produktivit\u00e4t und Rentabilit\u00e4t f\u00fcr professionelle Imker.<br \/>Perfekt f\u00fcr Bienenst\u00e4nde in unterschiedlichen Klimazonen, von warmen s\u00fcdlichen Regionen bis zu k\u00e4lteren n\u00f6rdlichen Zonen, und gew\u00e4hrleistet das ganze Jahr \u00fcber konstante Leistungen.<br \/>Diese mit Ger\u00e4uschreduzierungstechnologie ausgestattete Falle sorgt f\u00fcr eine sichere Pollenextraktion, ohne den Bienen zu schaden, und \u00fcbertrifft damit herk\u00f6mmliche mechanische Methoden.<br \/>Spezifikationen:<br \/> Komponente: Kunststoff<br \/>Farbe: Orangebess<br \/>Gr\u00f6\u00dfe: ca. 510 x 410 mm (20,08 x 16,14 Zoll)<br \/>Das Paket beinhaltet:<br \/> 1x Bienenpollen Undou<br \/>Hinweis:<br \/> Bitte erlauben Sie 1-2 cm Fehler aufgrund der manuellen Messung.<br \/>Aufgrund der Unterschiede zwischen verschiedenen Monitoren spiegelt das Bild m\u00f6glicherweise nicht die tats\u00e4chliche Farbe des Artikels wider.<\/span>    <br \/>Diese mit Ger\u00e4uschreduzierungstechnologie ausgestattete Falle sorgt f\u00fcr eine sichere Pollenextraktion, ohne den Bienen zu schaden, und \u00fcbertrifft damit herk\u00f6mmliche mechanische Methoden<br \/>Dieses Ger\u00e4t wurde f\u00fcr gro\u00dfe Bienenst\u00f6cke entwickelt und optimiert die Pollenernte f\u00fcr Produktivit\u00e4t und Rentabilit\u00e4t f\u00fcr professionelle Imker<br \/>Perfekt f\u00fcr Bienenst\u00e4nde in unterschiedlichen Klimazonen, von warmen s\u00fcdlichen Regionen bis hin zu k\u00e4lteren n\u00f6rdlichen Zonen, und gew\u00e4hrleistet das ganze Jahr \u00fcber konstante Leistungen<br \/>Diese Bienenpollenfalle nutzt fortschrittliche Technologie, um Pollen von Bienen zu entfernen, was die Sammeleffizienz erh\u00f6ht und den Imkern Zeit spart<br \/>Diese aus hochwertigem Kunststoff gefertigte Falle verf\u00fcgt \u00fcber ein klimabest\u00e4ndiges Design und benutzerfreundliche Schnittstellen f\u00fcr m\u00fchelosen Betrieb in verschiedenen Umgebungen<\/p>\n\n","protected":false},"excerpt":{"rendered":"<p>Bienenpollenerntemaschinen in Exportqualit\u00e4t. Effiziente Pollensammelsysteme f\u00fcr gro\u00df angelegte HonigproduktionsanlagenEigenschaften: Diese Bienenpollenfalle nutzt fortschrittliche Technologie, um Pollen von Bienen zu entfernen, was die Sammeleffizienz erh\u00f6ht und den Imkern Zeit spart.Diese aus hochwertigem Kunststoff gefertigte Falle verf\u00fcgt \u00fcber ein klimabest\u00e4ndiges Design und benutzerfreundliche Schnittstellen f\u00fcr m\u00fchelosen Betrieb in verschiedenen Umgebungen.Dieses Ger\u00e4t wurde f\u00fcr gro\u00dfe Bienenst\u00f6cke entwickelt und [&hellip;]<\/p>\n","protected":false},"featured_media":964,"comment_status":"open","ping_status":"closed","template":"","meta":{"_aipt_faq_data":""},"store":[],"product_brand":[],"product_cat":[64],"product_tag":[217],"class_list":{"0":"post-963","1":"product","2":"type-product","3":"status-publish","4":"has-post-thumbnail","6":"product_cat-bienenpollen","7":"product_tag-bienenpollen-aus-kontrollierter-herkunft","9":"first","10":"instock","11":"shipping-taxable","12":"product-type-external"},"yoast_head":"<!-- This site is optimized with the Yoast SEO plugin v27.4 - https:\/\/yoast.com\/product\/yoast-seo-wordpress\/ -->\n<title>Bienenpollenerntemaschinen in Exportqualit\u00e4t Effiziente Sammelsysteme f\u00fcr gro\u00df angelegte Honigproduktionsanlagen Kunststoff Bienenextraktor - PureHiveHoney<\/title>\n<meta name=\"description\" content=\"Entdecken Sie hochwertigen Rohhonig, Bio Honig, Manuka Honig und nat\u00fcrliche Bienenprodukte. PureHiveHoney hilft Ihnen dabei, sorgf\u00e4ltig ausgew\u00e4hlte Honigsorten mit nat\u00fcrlicher Qualit\u00e4t und Reinheit zu entdecken.\" \/>\n<meta name=\"robots\" content=\"index, follow, max-snippet:-1, max-image-preview:large, max-video-preview:-1\" \/>\n<link rel=\"canonical\" href=\"https:\/\/purehivehoney.com\/de\/product\/bienenpollenerntemaschinen-in-exportqualitaet-effiziente-sammelsysteme-fuer-gross-angelegte-honigproduktionsanlagen-kunststoff-bienenextraktor\/\" \/>\n<meta property=\"og:locale\" content=\"de_DE\" \/>\n<meta property=\"og:type\" content=\"article\" \/>\n<meta property=\"og:title\" content=\"Bienenpollenerntemaschinen in Exportqualit\u00e4t Effiziente Sammelsysteme f\u00fcr gro\u00df angelegte Honigproduktionsanlagen Kunststoff Bienenextraktor - PureHiveHoney\" \/>\n<meta property=\"og:description\" content=\"Entdecken Sie hochwertigen Rohhonig, Bio Honig, Manuka Honig und nat\u00fcrliche Bienenprodukte. PureHiveHoney hilft Ihnen dabei, sorgf\u00e4ltig ausgew\u00e4hlte Honigsorten mit nat\u00fcrlicher Qualit\u00e4t und Reinheit zu entdecken.\" \/>\n<meta property=\"og:url\" content=\"https:\/\/purehivehoney.com\/de\/product\/bienenpollenerntemaschinen-in-exportqualitaet-effiziente-sammelsysteme-fuer-gross-angelegte-honigproduktionsanlagen-kunststoff-bienenextraktor\/\" \/>\n<meta property=\"og:site_name\" content=\"PureHiveHoney\" \/>\n<meta property=\"article:modified_time\" content=\"2026-03-16T06:49:04+00:00\" \/>\n<meta name=\"twitter:card\" content=\"summary_large_image\" \/>\n<meta name=\"twitter:label1\" content=\"Gesch\u00e4tzte Lesezeit\" \/>\n\t<meta name=\"twitter:data1\" content=\"2\u00a0Minuten\" \/>\n<script type=\"application\/ld+json\" class=\"yoast-schema-graph\">{\"@context\":\"https:\\\/\\\/schema.org\",\"@graph\":[{\"@type\":\"WebPage\",\"@id\":\"https:\\\/\\\/purehivehoney.com\\\/de\\\/product\\\/bienenpollenerntemaschinen-in-exportqualitaet-effiziente-sammelsysteme-fuer-gross-angelegte-honigproduktionsanlagen-kunststoff-bienenextraktor\\\/\",\"url\":\"https:\\\/\\\/purehivehoney.com\\\/de\\\/product\\\/bienenpollenerntemaschinen-in-exportqualitaet-effiziente-sammelsysteme-fuer-gross-angelegte-honigproduktionsanlagen-kunststoff-bienenextraktor\\\/\",\"name\":\"Bienenpollenerntemaschinen in Exportqualit\u00e4t Effiziente Sammelsysteme f\u00fcr gro\u00df angelegte Honigproduktionsanlagen Kunststoff Bienenextraktor - PureHiveHoney\",\"isPartOf\":{\"@id\":\"https:\\\/\\\/purehivehoney.com\\\/de\\\/#website\"},\"primaryImageOfPage\":{\"@id\":\"https:\\\/\\\/purehivehoney.com\\\/de\\\/product\\\/bienenpollenerntemaschinen-in-exportqualitaet-effiziente-sammelsysteme-fuer-gross-angelegte-honigproduktionsanlagen-kunststoff-bienenextraktor\\\/#primaryimage\"},\"image\":{\"@id\":\"https:\\\/\\\/purehivehoney.com\\\/de\\\/product\\\/bienenpollenerntemaschinen-in-exportqualitaet-effiziente-sammelsysteme-fuer-gross-angelegte-honigproduktionsanlagen-kunststoff-bienenextraktor\\\/#primaryimage\"},\"thumbnailUrl\":\"https:\\\/\\\/purehivehoney.com\\\/de\\\/wp-content\\\/uploads\\\/2026\\\/03\\\/51ZGB6FevDL._AC_SL1500_.jpg\",\"datePublished\":\"2026-03-16T06:48:48+00:00\",\"dateModified\":\"2026-03-16T06:49:04+00:00\",\"description\":\"Entdecken Sie hochwertigen Rohhonig, Bio Honig, Manuka Honig und nat\u00fcrliche Bienenprodukte. PureHiveHoney hilft Ihnen dabei, sorgf\u00e4ltig ausgew\u00e4hlte Honigsorten mit nat\u00fcrlicher Qualit\u00e4t und Reinheit zu entdecken.\",\"breadcrumb\":{\"@id\":\"https:\\\/\\\/purehivehoney.com\\\/de\\\/product\\\/bienenpollenerntemaschinen-in-exportqualitaet-effiziente-sammelsysteme-fuer-gross-angelegte-honigproduktionsanlagen-kunststoff-bienenextraktor\\\/#breadcrumb\"},\"inLanguage\":\"de\",\"potentialAction\":[{\"@type\":\"ReadAction\",\"target\":[\"https:\\\/\\\/purehivehoney.com\\\/de\\\/product\\\/bienenpollenerntemaschinen-in-exportqualitaet-effiziente-sammelsysteme-fuer-gross-angelegte-honigproduktionsanlagen-kunststoff-bienenextraktor\\\/\"]}]},{\"@type\":\"ImageObject\",\"inLanguage\":\"de\",\"@id\":\"https:\\\/\\\/purehivehoney.com\\\/de\\\/product\\\/bienenpollenerntemaschinen-in-exportqualitaet-effiziente-sammelsysteme-fuer-gross-angelegte-honigproduktionsanlagen-kunststoff-bienenextraktor\\\/#primaryimage\",\"url\":\"https:\\\/\\\/purehivehoney.com\\\/de\\\/wp-content\\\/uploads\\\/2026\\\/03\\\/51ZGB6FevDL._AC_SL1500_.jpg\",\"contentUrl\":\"https:\\\/\\\/purehivehoney.com\\\/de\\\/wp-content\\\/uploads\\\/2026\\\/03\\\/51ZGB6FevDL._AC_SL1500_.jpg\",\"width\":1500,\"height\":1155},{\"@type\":\"BreadcrumbList\",\"@id\":\"https:\\\/\\\/purehivehoney.com\\\/de\\\/product\\\/bienenpollenerntemaschinen-in-exportqualitaet-effiziente-sammelsysteme-fuer-gross-angelegte-honigproduktionsanlagen-kunststoff-bienenextraktor\\\/#breadcrumb\",\"itemListElement\":[{\"@type\":\"ListItem\",\"position\":1,\"name\":\"Home\",\"item\":\"https:\\\/\\\/purehivehoney.com\\\/de\\\/\"},{\"@type\":\"ListItem\",\"position\":2,\"name\":\"Shop\",\"item\":\"https:\\\/\\\/purehivehoney.com\\\/de\\\/shop\\\/\"},{\"@type\":\"ListItem\",\"position\":3,\"name\":\"Bienenpollenerntemaschinen in Expor...\"}]},{\"@type\":\"WebSite\",\"@id\":\"https:\\\/\\\/purehivehoney.com\\\/de\\\/#website\",\"url\":\"https:\\\/\\\/purehivehoney.com\\\/de\\\/\",\"name\":\"PureHiveHoney\",\"description\":\"Reiner Honig &amp; Bienenprodukte Online | Rohhonig, Bio Honig &amp; Spezialhonig\",\"publisher\":{\"@id\":\"https:\\\/\\\/purehivehoney.com\\\/de\\\/#organization\"},\"potentialAction\":[{\"@type\":\"SearchAction\",\"target\":{\"@type\":\"EntryPoint\",\"urlTemplate\":\"https:\\\/\\\/purehivehoney.com\\\/de\\\/?s={search_term_string}\"},\"query-input\":{\"@type\":\"PropertyValueSpecification\",\"valueRequired\":true,\"valueName\":\"search_term_string\"}}],\"inLanguage\":\"de\"},{\"@type\":\"Organization\",\"@id\":\"https:\\\/\\\/purehivehoney.com\\\/de\\\/#organization\",\"name\":\"PureHiveHoney\",\"url\":\"https:\\\/\\\/purehivehoney.com\\\/de\\\/\",\"logo\":{\"@type\":\"ImageObject\",\"inLanguage\":\"de\",\"@id\":\"https:\\\/\\\/purehivehoney.com\\\/de\\\/#\\\/schema\\\/logo\\\/image\\\/\",\"url\":\"https:\\\/\\\/purehivehoney.com\\\/de\\\/wp-content\\\/uploads\\\/2026\\\/03\\\/Screenshot-2026-03-16-at-1.06.01-AM.png\",\"contentUrl\":\"https:\\\/\\\/purehivehoney.com\\\/de\\\/wp-content\\\/uploads\\\/2026\\\/03\\\/Screenshot-2026-03-16-at-1.06.01-AM.png\",\"width\":2112,\"height\":1086,\"caption\":\"PureHiveHoney\"},\"image\":{\"@id\":\"https:\\\/\\\/purehivehoney.com\\\/de\\\/#\\\/schema\\\/logo\\\/image\\\/\"}}]}<\/script>\n<!-- \/ Yoast SEO plugin. -->","yoast_head_json":{"title":"Bienenpollenerntemaschinen in Exportqualit\u00e4t Effiziente Sammelsysteme f\u00fcr gro\u00df angelegte Honigproduktionsanlagen Kunststoff Bienenextraktor - PureHiveHoney","description":"Entdecken Sie hochwertigen Rohhonig, Bio Honig, Manuka Honig und nat\u00fcrliche Bienenprodukte. PureHiveHoney hilft Ihnen dabei, sorgf\u00e4ltig ausgew\u00e4hlte Honigsorten mit nat\u00fcrlicher Qualit\u00e4t und Reinheit zu entdecken.","robots":{"index":"index","follow":"follow","max-snippet":"max-snippet:-1","max-image-preview":"max-image-preview:large","max-video-preview":"max-video-preview:-1"},"canonical":"https:\/\/purehivehoney.com\/de\/product\/bienenpollenerntemaschinen-in-exportqualitaet-effiziente-sammelsysteme-fuer-gross-angelegte-honigproduktionsanlagen-kunststoff-bienenextraktor\/","og_locale":"de_DE","og_type":"article","og_title":"Bienenpollenerntemaschinen in Exportqualit\u00e4t Effiziente Sammelsysteme f\u00fcr gro\u00df angelegte Honigproduktionsanlagen Kunststoff Bienenextraktor - PureHiveHoney","og_description":"Entdecken Sie hochwertigen Rohhonig, Bio Honig, Manuka Honig und nat\u00fcrliche Bienenprodukte. PureHiveHoney hilft Ihnen dabei, sorgf\u00e4ltig ausgew\u00e4hlte Honigsorten mit nat\u00fcrlicher Qualit\u00e4t und Reinheit zu entdecken.","og_url":"https:\/\/purehivehoney.com\/de\/product\/bienenpollenerntemaschinen-in-exportqualitaet-effiziente-sammelsysteme-fuer-gross-angelegte-honigproduktionsanlagen-kunststoff-bienenextraktor\/","og_site_name":"PureHiveHoney","article_modified_time":"2026-03-16T06:49:04+00:00","twitter_card":"summary_large_image","twitter_misc":{"Gesch\u00e4tzte Lesezeit":"2\u00a0Minuten"},"schema":{"@context":"https:\/\/schema.org","@graph":[{"@type":"WebPage","@id":"https:\/\/purehivehoney.com\/de\/product\/bienenpollenerntemaschinen-in-exportqualitaet-effiziente-sammelsysteme-fuer-gross-angelegte-honigproduktionsanlagen-kunststoff-bienenextraktor\/","url":"https:\/\/purehivehoney.com\/de\/product\/bienenpollenerntemaschinen-in-exportqualitaet-effiziente-sammelsysteme-fuer-gross-angelegte-honigproduktionsanlagen-kunststoff-bienenextraktor\/","name":"Bienenpollenerntemaschinen in Exportqualit\u00e4t Effiziente Sammelsysteme f\u00fcr gro\u00df angelegte Honigproduktionsanlagen Kunststoff Bienenextraktor - PureHiveHoney","isPartOf":{"@id":"https:\/\/purehivehoney.com\/de\/#website"},"primaryImageOfPage":{"@id":"https:\/\/purehivehoney.com\/de\/product\/bienenpollenerntemaschinen-in-exportqualitaet-effiziente-sammelsysteme-fuer-gross-angelegte-honigproduktionsanlagen-kunststoff-bienenextraktor\/#primaryimage"},"image":{"@id":"https:\/\/purehivehoney.com\/de\/product\/bienenpollenerntemaschinen-in-exportqualitaet-effiziente-sammelsysteme-fuer-gross-angelegte-honigproduktionsanlagen-kunststoff-bienenextraktor\/#primaryimage"},"thumbnailUrl":"https:\/\/purehivehoney.com\/de\/wp-content\/uploads\/2026\/03\/51ZGB6FevDL._AC_SL1500_.jpg","datePublished":"2026-03-16T06:48:48+00:00","dateModified":"2026-03-16T06:49:04+00:00","description":"Entdecken Sie hochwertigen Rohhonig, Bio Honig, Manuka Honig und nat\u00fcrliche Bienenprodukte. PureHiveHoney hilft Ihnen dabei, sorgf\u00e4ltig ausgew\u00e4hlte Honigsorten mit nat\u00fcrlicher Qualit\u00e4t und Reinheit zu entdecken.","breadcrumb":{"@id":"https:\/\/purehivehoney.com\/de\/product\/bienenpollenerntemaschinen-in-exportqualitaet-effiziente-sammelsysteme-fuer-gross-angelegte-honigproduktionsanlagen-kunststoff-bienenextraktor\/#breadcrumb"},"inLanguage":"de","potentialAction":[{"@type":"ReadAction","target":["https:\/\/purehivehoney.com\/de\/product\/bienenpollenerntemaschinen-in-exportqualitaet-effiziente-sammelsysteme-fuer-gross-angelegte-honigproduktionsanlagen-kunststoff-bienenextraktor\/"]}]},{"@type":"ImageObject","inLanguage":"de","@id":"https:\/\/purehivehoney.com\/de\/product\/bienenpollenerntemaschinen-in-exportqualitaet-effiziente-sammelsysteme-fuer-gross-angelegte-honigproduktionsanlagen-kunststoff-bienenextraktor\/#primaryimage","url":"https:\/\/purehivehoney.com\/de\/wp-content\/uploads\/2026\/03\/51ZGB6FevDL._AC_SL1500_.jpg","contentUrl":"https:\/\/purehivehoney.com\/de\/wp-content\/uploads\/2026\/03\/51ZGB6FevDL._AC_SL1500_.jpg","width":1500,"height":1155},{"@type":"BreadcrumbList","@id":"https:\/\/purehivehoney.com\/de\/product\/bienenpollenerntemaschinen-in-exportqualitaet-effiziente-sammelsysteme-fuer-gross-angelegte-honigproduktionsanlagen-kunststoff-bienenextraktor\/#breadcrumb","itemListElement":[{"@type":"ListItem","position":1,"name":"Home","item":"https:\/\/purehivehoney.com\/de\/"},{"@type":"ListItem","position":2,"name":"Shop","item":"https:\/\/purehivehoney.com\/de\/shop\/"},{"@type":"ListItem","position":3,"name":"Bienenpollenerntemaschinen in Expor..."}]},{"@type":"WebSite","@id":"https:\/\/purehivehoney.com\/de\/#website","url":"https:\/\/purehivehoney.com\/de\/","name":"PureHiveHoney","description":"Reiner Honig &amp; Bienenprodukte Online | Rohhonig, Bio Honig &amp; Spezialhonig","publisher":{"@id":"https:\/\/purehivehoney.com\/de\/#organization"},"potentialAction":[{"@type":"SearchAction","target":{"@type":"EntryPoint","urlTemplate":"https:\/\/purehivehoney.com\/de\/?s={search_term_string}"},"query-input":{"@type":"PropertyValueSpecification","valueRequired":true,"valueName":"search_term_string"}}],"inLanguage":"de"},{"@type":"Organization","@id":"https:\/\/purehivehoney.com\/de\/#organization","name":"PureHiveHoney","url":"https:\/\/purehivehoney.com\/de\/","logo":{"@type":"ImageObject","inLanguage":"de","@id":"https:\/\/purehivehoney.com\/de\/#\/schema\/logo\/image\/","url":"https:\/\/purehivehoney.com\/de\/wp-content\/uploads\/2026\/03\/Screenshot-2026-03-16-at-1.06.01-AM.png","contentUrl":"https:\/\/purehivehoney.com\/de\/wp-content\/uploads\/2026\/03\/Screenshot-2026-03-16-at-1.06.01-AM.png","width":2112,"height":1086,"caption":"PureHiveHoney"},"image":{"@id":"https:\/\/purehivehoney.com\/de\/#\/schema\/logo\/image\/"}}]}},"_links":{"self":[{"href":"https:\/\/purehivehoney.com\/de\/wp-json\/wp\/v2\/product\/963","targetHints":{"allow":["GET"]}}],"collection":[{"href":"https:\/\/purehivehoney.com\/de\/wp-json\/wp\/v2\/product"}],"about":[{"href":"https:\/\/purehivehoney.com\/de\/wp-json\/wp\/v2\/types\/product"}],"replies":[{"embeddable":true,"href":"https:\/\/purehivehoney.com\/de\/wp-json\/wp\/v2\/comments?post=963"}],"wp:featuredmedia":[{"embeddable":true,"href":"https:\/\/purehivehoney.com\/de\/wp-json\/wp\/v2\/media\/964"}],"wp:attachment":[{"href":"https:\/\/purehivehoney.com\/de\/wp-json\/wp\/v2\/media?parent=963"}],"wp:term":[{"taxonomy":"store","embeddable":true,"href":"https:\/\/purehivehoney.com\/de\/wp-json\/wp\/v2\/store?post=963"},{"taxonomy":"product_brand","embeddable":true,"href":"https:\/\/purehivehoney.com\/de\/wp-json\/wp\/v2\/product_brand?post=963"},{"taxonomy":"product_cat","embeddable":true,"href":"https:\/\/purehivehoney.com\/de\/wp-json\/wp\/v2\/product_cat?post=963"},{"taxonomy":"product_tag","embeddable":true,"href":"https:\/\/purehivehoney.com\/de\/wp-json\/wp\/v2\/product_tag?post=963"}],"curies":[{"name":"wp","href":"https:\/\/api.w.org\/{rel}","templated":true}]}}