{"id":960,"date":"2026-03-16T06:47:28","date_gmt":"2026-03-16T06:47:28","guid":{"rendered":"https:\/\/purehivehoney.com\/de\/product\/organic-pure-royal-jelly-powder-lyophilised-anti-ageing-100-6g-10-had-6-0\/"},"modified":"2026-03-16T06:47:31","modified_gmt":"2026-03-16T06:47:31","slug":"organic-pure-royal-jelly-powder-lyophilised-anti-ageing-100-6g-10-had-6-0","status":"publish","type":"product","link":"https:\/\/purehivehoney.com\/de\/product\/organic-pure-royal-jelly-powder-lyophilised-anti-ageing-100-6g-10-had-6-0\/","title":{"rendered":"Organic Pure Royal Jelly Powder Lyo..."},"content":{"rendered":"<p>    <span>Item features Seller Notes: &#8222;New in bag&#8220; Brand: 100% Factory Outlet Supplement Purpose: Anti-aging Gender: Unisex Nutritional ingredients: vitamin, protein follic acid, etc. This product is made from the Tibetan plateau flower in full bloom, high quality fresh royal jelly, made by low temperature freezing, vacuum drying, sublimation process. International quality system authentication and national GMP standard authentication. Product specification: 100 g (requires 1.4 kg of fresh royal jelly to get 0.5 kg royal jelly) ingredients: 100% royal jelly, index: water <5.0%; protein > 33.0%; acid 90-150; 10 &#8211; HAD > 6.0% Fresh Royal Jelly is proven Energizer, Veryounger and a miracle food that extends the life of the queen bee. The beehive reserves this special powerhouse of nutrition exclusively for the queen bee. Royal Jelly contains a wide range of nutrients including 13 vitamins, 7 minerals, 22 amino acids and protein.<\/span>    <br \/> Is Discontinued By Manufacturer                                            \u200f                                            :                                            \u200e                                            No   <br \/> Item Weight                                            \u200f                                            :                                            \u200e                                            100 g   <br \/> Manufacturer                                            \u200f                                            :                                            \u200e                                            YUNDAO PRODUCTION FACTORY OUTLET   <br \/> ASIN                                            \u200f                                            :                                            \u200e                                            B01FR43NCK   <br \/> Manufacturer reference                                            \u200f                                            :                                            \u200e                                            yd   <br \/> Country of origin                                            \u200f                                            :                                            \u200e                                            China   <br \/><\/p>\n","protected":false},"excerpt":{"rendered":"<p>Item features Seller Notes: &#8222;New in bag&#8220; Brand: 100% Factory Outlet Supplement Purpose: Anti-aging Gender: Unisex Nutritional ingredients: vitamin, protein follic acid, etc. This product is made from the Tibetan plateau flower in full bloom, high quality fresh royal jelly, made by low temperature freezing, vacuum drying, sublimation process. International quality system authentication and national [&hellip;]<\/p>\n","protected":false},"featured_media":961,"comment_status":"open","ping_status":"closed","template":"","meta":{"_aipt_faq_data":""},"store":[],"product_brand":[246],"product_cat":[65],"product_tag":[216],"class_list":{"0":"post-960","1":"product","2":"type-product","3":"status-publish","4":"has-post-thumbnail","6":"product_brand-yundao","7":"product_cat-gelee-royale","8":"product_tag-gelee-royale-pulver-dosierung","10":"first","11":"instock","12":"shipping-taxable","13":"product-type-external"},"yoast_head":"<!-- This site is optimized with the Yoast SEO plugin v27.4 - https:\/\/yoast.com\/product\/yoast-seo-wordpress\/ -->\n<title>Organic Pure Royal Jelly Powder Lyophilised Anti-Ageing 100.6g - 10 HAD &gt; 6.0% - PureHiveHoney<\/title>\n<meta name=\"description\" content=\"Entdecken Sie hochwertigen Rohhonig, Bio Honig, Manuka Honig und nat\u00fcrliche Bienenprodukte. PureHiveHoney hilft Ihnen dabei, sorgf\u00e4ltig ausgew\u00e4hlte Honigsorten mit nat\u00fcrlicher Qualit\u00e4t und Reinheit zu entdecken.\" \/>\n<meta name=\"robots\" content=\"index, follow, max-snippet:-1, max-image-preview:large, max-video-preview:-1\" \/>\n<link rel=\"canonical\" href=\"https:\/\/purehivehoney.com\/de\/product\/organic-pure-royal-jelly-powder-lyophilised-anti-ageing-100-6g-10-had-6-0\/\" \/>\n<meta property=\"og:locale\" content=\"de_DE\" \/>\n<meta property=\"og:type\" content=\"article\" \/>\n<meta property=\"og:title\" content=\"Organic Pure Royal Jelly Powder Lyophilised Anti-Ageing 100.6g - 10 HAD &gt; 6.0% - PureHiveHoney\" \/>\n<meta property=\"og:description\" content=\"Entdecken Sie hochwertigen Rohhonig, Bio Honig, Manuka Honig und nat\u00fcrliche Bienenprodukte. PureHiveHoney hilft Ihnen dabei, sorgf\u00e4ltig ausgew\u00e4hlte Honigsorten mit nat\u00fcrlicher Qualit\u00e4t und Reinheit zu entdecken.\" \/>\n<meta property=\"og:url\" content=\"https:\/\/purehivehoney.com\/de\/product\/organic-pure-royal-jelly-powder-lyophilised-anti-ageing-100-6g-10-had-6-0\/\" \/>\n<meta property=\"og:site_name\" content=\"PureHiveHoney\" \/>\n<meta property=\"article:modified_time\" content=\"2026-03-16T06:47:31+00:00\" \/>\n<meta name=\"twitter:card\" content=\"summary_large_image\" \/>\n<meta name=\"twitter:label1\" content=\"Gesch\u00e4tzte Lesezeit\" \/>\n\t<meta name=\"twitter:data1\" content=\"1\u00a0Minute\" \/>\n<script type=\"application\/ld+json\" class=\"yoast-schema-graph\">{\"@context\":\"https:\\\/\\\/schema.org\",\"@graph\":[{\"@type\":\"WebPage\",\"@id\":\"https:\\\/\\\/purehivehoney.com\\\/de\\\/product\\\/organic-pure-royal-jelly-powder-lyophilised-anti-ageing-100-6g-10-had-6-0\\\/\",\"url\":\"https:\\\/\\\/purehivehoney.com\\\/de\\\/product\\\/organic-pure-royal-jelly-powder-lyophilised-anti-ageing-100-6g-10-had-6-0\\\/\",\"name\":\"Organic Pure Royal Jelly Powder Lyophilised Anti-Ageing 100.6g - 10 HAD > 6.0% - PureHiveHoney\",\"isPartOf\":{\"@id\":\"https:\\\/\\\/purehivehoney.com\\\/de\\\/#website\"},\"primaryImageOfPage\":{\"@id\":\"https:\\\/\\\/purehivehoney.com\\\/de\\\/product\\\/organic-pure-royal-jelly-powder-lyophilised-anti-ageing-100-6g-10-had-6-0\\\/#primaryimage\"},\"image\":{\"@id\":\"https:\\\/\\\/purehivehoney.com\\\/de\\\/product\\\/organic-pure-royal-jelly-powder-lyophilised-anti-ageing-100-6g-10-had-6-0\\\/#primaryimage\"},\"thumbnailUrl\":\"https:\\\/\\\/purehivehoney.com\\\/de\\\/wp-content\\\/uploads\\\/2026\\\/03\\\/714EcUIlmQL._AC_SL1360_.jpg\",\"datePublished\":\"2026-03-16T06:47:28+00:00\",\"dateModified\":\"2026-03-16T06:47:31+00:00\",\"description\":\"Entdecken Sie hochwertigen Rohhonig, Bio Honig, Manuka Honig und nat\u00fcrliche Bienenprodukte. PureHiveHoney hilft Ihnen dabei, sorgf\u00e4ltig ausgew\u00e4hlte Honigsorten mit nat\u00fcrlicher Qualit\u00e4t und Reinheit zu entdecken.\",\"breadcrumb\":{\"@id\":\"https:\\\/\\\/purehivehoney.com\\\/de\\\/product\\\/organic-pure-royal-jelly-powder-lyophilised-anti-ageing-100-6g-10-had-6-0\\\/#breadcrumb\"},\"inLanguage\":\"de\",\"potentialAction\":[{\"@type\":\"ReadAction\",\"target\":[\"https:\\\/\\\/purehivehoney.com\\\/de\\\/product\\\/organic-pure-royal-jelly-powder-lyophilised-anti-ageing-100-6g-10-had-6-0\\\/\"]}]},{\"@type\":\"ImageObject\",\"inLanguage\":\"de\",\"@id\":\"https:\\\/\\\/purehivehoney.com\\\/de\\\/product\\\/organic-pure-royal-jelly-powder-lyophilised-anti-ageing-100-6g-10-had-6-0\\\/#primaryimage\",\"url\":\"https:\\\/\\\/purehivehoney.com\\\/de\\\/wp-content\\\/uploads\\\/2026\\\/03\\\/714EcUIlmQL._AC_SL1360_.jpg\",\"contentUrl\":\"https:\\\/\\\/purehivehoney.com\\\/de\\\/wp-content\\\/uploads\\\/2026\\\/03\\\/714EcUIlmQL._AC_SL1360_.jpg\",\"width\":1360,\"height\":1020},{\"@type\":\"BreadcrumbList\",\"@id\":\"https:\\\/\\\/purehivehoney.com\\\/de\\\/product\\\/organic-pure-royal-jelly-powder-lyophilised-anti-ageing-100-6g-10-had-6-0\\\/#breadcrumb\",\"itemListElement\":[{\"@type\":\"ListItem\",\"position\":1,\"name\":\"Home\",\"item\":\"https:\\\/\\\/purehivehoney.com\\\/de\\\/\"},{\"@type\":\"ListItem\",\"position\":2,\"name\":\"Shop\",\"item\":\"https:\\\/\\\/purehivehoney.com\\\/de\\\/shop\\\/\"},{\"@type\":\"ListItem\",\"position\":3,\"name\":\"Organic Pure Royal Jelly Powder Lyo...\"}]},{\"@type\":\"WebSite\",\"@id\":\"https:\\\/\\\/purehivehoney.com\\\/de\\\/#website\",\"url\":\"https:\\\/\\\/purehivehoney.com\\\/de\\\/\",\"name\":\"PureHiveHoney\",\"description\":\"Reiner Honig &amp; Bienenprodukte Online | Rohhonig, Bio Honig &amp; Spezialhonig\",\"publisher\":{\"@id\":\"https:\\\/\\\/purehivehoney.com\\\/de\\\/#organization\"},\"potentialAction\":[{\"@type\":\"SearchAction\",\"target\":{\"@type\":\"EntryPoint\",\"urlTemplate\":\"https:\\\/\\\/purehivehoney.com\\\/de\\\/?s={search_term_string}\"},\"query-input\":{\"@type\":\"PropertyValueSpecification\",\"valueRequired\":true,\"valueName\":\"search_term_string\"}}],\"inLanguage\":\"de\"},{\"@type\":\"Organization\",\"@id\":\"https:\\\/\\\/purehivehoney.com\\\/de\\\/#organization\",\"name\":\"PureHiveHoney\",\"url\":\"https:\\\/\\\/purehivehoney.com\\\/de\\\/\",\"logo\":{\"@type\":\"ImageObject\",\"inLanguage\":\"de\",\"@id\":\"https:\\\/\\\/purehivehoney.com\\\/de\\\/#\\\/schema\\\/logo\\\/image\\\/\",\"url\":\"https:\\\/\\\/purehivehoney.com\\\/de\\\/wp-content\\\/uploads\\\/2026\\\/03\\\/Screenshot-2026-03-16-at-1.06.01-AM.png\",\"contentUrl\":\"https:\\\/\\\/purehivehoney.com\\\/de\\\/wp-content\\\/uploads\\\/2026\\\/03\\\/Screenshot-2026-03-16-at-1.06.01-AM.png\",\"width\":2112,\"height\":1086,\"caption\":\"PureHiveHoney\"},\"image\":{\"@id\":\"https:\\\/\\\/purehivehoney.com\\\/de\\\/#\\\/schema\\\/logo\\\/image\\\/\"}}]}<\/script>\n<!-- \/ Yoast SEO plugin. -->","yoast_head_json":{"title":"Organic Pure Royal Jelly Powder Lyophilised Anti-Ageing 100.6g - 10 HAD > 6.0% - PureHiveHoney","description":"Entdecken Sie hochwertigen Rohhonig, Bio Honig, Manuka Honig und nat\u00fcrliche Bienenprodukte. PureHiveHoney hilft Ihnen dabei, sorgf\u00e4ltig ausgew\u00e4hlte Honigsorten mit nat\u00fcrlicher Qualit\u00e4t und Reinheit zu entdecken.","robots":{"index":"index","follow":"follow","max-snippet":"max-snippet:-1","max-image-preview":"max-image-preview:large","max-video-preview":"max-video-preview:-1"},"canonical":"https:\/\/purehivehoney.com\/de\/product\/organic-pure-royal-jelly-powder-lyophilised-anti-ageing-100-6g-10-had-6-0\/","og_locale":"de_DE","og_type":"article","og_title":"Organic Pure Royal Jelly Powder Lyophilised Anti-Ageing 100.6g - 10 HAD > 6.0% - PureHiveHoney","og_description":"Entdecken Sie hochwertigen Rohhonig, Bio Honig, Manuka Honig und nat\u00fcrliche Bienenprodukte. PureHiveHoney hilft Ihnen dabei, sorgf\u00e4ltig ausgew\u00e4hlte Honigsorten mit nat\u00fcrlicher Qualit\u00e4t und Reinheit zu entdecken.","og_url":"https:\/\/purehivehoney.com\/de\/product\/organic-pure-royal-jelly-powder-lyophilised-anti-ageing-100-6g-10-had-6-0\/","og_site_name":"PureHiveHoney","article_modified_time":"2026-03-16T06:47:31+00:00","twitter_card":"summary_large_image","twitter_misc":{"Gesch\u00e4tzte Lesezeit":"1\u00a0Minute"},"schema":{"@context":"https:\/\/schema.org","@graph":[{"@type":"WebPage","@id":"https:\/\/purehivehoney.com\/de\/product\/organic-pure-royal-jelly-powder-lyophilised-anti-ageing-100-6g-10-had-6-0\/","url":"https:\/\/purehivehoney.com\/de\/product\/organic-pure-royal-jelly-powder-lyophilised-anti-ageing-100-6g-10-had-6-0\/","name":"Organic Pure Royal Jelly Powder Lyophilised Anti-Ageing 100.6g - 10 HAD > 6.0% - PureHiveHoney","isPartOf":{"@id":"https:\/\/purehivehoney.com\/de\/#website"},"primaryImageOfPage":{"@id":"https:\/\/purehivehoney.com\/de\/product\/organic-pure-royal-jelly-powder-lyophilised-anti-ageing-100-6g-10-had-6-0\/#primaryimage"},"image":{"@id":"https:\/\/purehivehoney.com\/de\/product\/organic-pure-royal-jelly-powder-lyophilised-anti-ageing-100-6g-10-had-6-0\/#primaryimage"},"thumbnailUrl":"https:\/\/purehivehoney.com\/de\/wp-content\/uploads\/2026\/03\/714EcUIlmQL._AC_SL1360_.jpg","datePublished":"2026-03-16T06:47:28+00:00","dateModified":"2026-03-16T06:47:31+00:00","description":"Entdecken Sie hochwertigen Rohhonig, Bio Honig, Manuka Honig und nat\u00fcrliche Bienenprodukte. PureHiveHoney hilft Ihnen dabei, sorgf\u00e4ltig ausgew\u00e4hlte Honigsorten mit nat\u00fcrlicher Qualit\u00e4t und Reinheit zu entdecken.","breadcrumb":{"@id":"https:\/\/purehivehoney.com\/de\/product\/organic-pure-royal-jelly-powder-lyophilised-anti-ageing-100-6g-10-had-6-0\/#breadcrumb"},"inLanguage":"de","potentialAction":[{"@type":"ReadAction","target":["https:\/\/purehivehoney.com\/de\/product\/organic-pure-royal-jelly-powder-lyophilised-anti-ageing-100-6g-10-had-6-0\/"]}]},{"@type":"ImageObject","inLanguage":"de","@id":"https:\/\/purehivehoney.com\/de\/product\/organic-pure-royal-jelly-powder-lyophilised-anti-ageing-100-6g-10-had-6-0\/#primaryimage","url":"https:\/\/purehivehoney.com\/de\/wp-content\/uploads\/2026\/03\/714EcUIlmQL._AC_SL1360_.jpg","contentUrl":"https:\/\/purehivehoney.com\/de\/wp-content\/uploads\/2026\/03\/714EcUIlmQL._AC_SL1360_.jpg","width":1360,"height":1020},{"@type":"BreadcrumbList","@id":"https:\/\/purehivehoney.com\/de\/product\/organic-pure-royal-jelly-powder-lyophilised-anti-ageing-100-6g-10-had-6-0\/#breadcrumb","itemListElement":[{"@type":"ListItem","position":1,"name":"Home","item":"https:\/\/purehivehoney.com\/de\/"},{"@type":"ListItem","position":2,"name":"Shop","item":"https:\/\/purehivehoney.com\/de\/shop\/"},{"@type":"ListItem","position":3,"name":"Organic Pure Royal Jelly Powder Lyo..."}]},{"@type":"WebSite","@id":"https:\/\/purehivehoney.com\/de\/#website","url":"https:\/\/purehivehoney.com\/de\/","name":"PureHiveHoney","description":"Reiner Honig &amp; Bienenprodukte Online | Rohhonig, Bio Honig &amp; Spezialhonig","publisher":{"@id":"https:\/\/purehivehoney.com\/de\/#organization"},"potentialAction":[{"@type":"SearchAction","target":{"@type":"EntryPoint","urlTemplate":"https:\/\/purehivehoney.com\/de\/?s={search_term_string}"},"query-input":{"@type":"PropertyValueSpecification","valueRequired":true,"valueName":"search_term_string"}}],"inLanguage":"de"},{"@type":"Organization","@id":"https:\/\/purehivehoney.com\/de\/#organization","name":"PureHiveHoney","url":"https:\/\/purehivehoney.com\/de\/","logo":{"@type":"ImageObject","inLanguage":"de","@id":"https:\/\/purehivehoney.com\/de\/#\/schema\/logo\/image\/","url":"https:\/\/purehivehoney.com\/de\/wp-content\/uploads\/2026\/03\/Screenshot-2026-03-16-at-1.06.01-AM.png","contentUrl":"https:\/\/purehivehoney.com\/de\/wp-content\/uploads\/2026\/03\/Screenshot-2026-03-16-at-1.06.01-AM.png","width":2112,"height":1086,"caption":"PureHiveHoney"},"image":{"@id":"https:\/\/purehivehoney.com\/de\/#\/schema\/logo\/image\/"}}]}},"_links":{"self":[{"href":"https:\/\/purehivehoney.com\/de\/wp-json\/wp\/v2\/product\/960","targetHints":{"allow":["GET"]}}],"collection":[{"href":"https:\/\/purehivehoney.com\/de\/wp-json\/wp\/v2\/product"}],"about":[{"href":"https:\/\/purehivehoney.com\/de\/wp-json\/wp\/v2\/types\/product"}],"replies":[{"embeddable":true,"href":"https:\/\/purehivehoney.com\/de\/wp-json\/wp\/v2\/comments?post=960"}],"wp:featuredmedia":[{"embeddable":true,"href":"https:\/\/purehivehoney.com\/de\/wp-json\/wp\/v2\/media\/961"}],"wp:attachment":[{"href":"https:\/\/purehivehoney.com\/de\/wp-json\/wp\/v2\/media?parent=960"}],"wp:term":[{"taxonomy":"store","embeddable":true,"href":"https:\/\/purehivehoney.com\/de\/wp-json\/wp\/v2\/store?post=960"},{"taxonomy":"product_brand","embeddable":true,"href":"https:\/\/purehivehoney.com\/de\/wp-json\/wp\/v2\/product_brand?post=960"},{"taxonomy":"product_cat","embeddable":true,"href":"https:\/\/purehivehoney.com\/de\/wp-json\/wp\/v2\/product_cat?post=960"},{"taxonomy":"product_tag","embeddable":true,"href":"https:\/\/purehivehoney.com\/de\/wp-json\/wp\/v2\/product_tag?post=960"}],"curies":[{"name":"wp","href":"https:\/\/api.w.org\/{rel}","templated":true}]}}