{"id":949,"date":"2026-03-16T06:45:11","date_gmt":"2026-03-16T06:45:11","guid":{"rendered":"https:\/\/purehivehoney.com\/de\/product\/weleda-organic-calendula-wind-and-weather-balm-1-x-30-ml-30-ml\/"},"modified":"2026-03-16T06:45:26","modified_gmt":"2026-03-16T06:45:26","slug":"weleda-organic-calendula-wind-and-weather-balm-1-x-30-ml-30-ml","status":"publish","type":"product","link":"https:\/\/purehivehoney.com\/de\/product\/weleda-organic-calendula-wind-and-weather-balm-1-x-30-ml-30-ml\/","title":{"rendered":"Weleda Organic Calendula Wind and W..."},"content":{"rendered":"<p>    <span>Weleda Organic Baby Calendula Wind and Weather Balm <br \/>Reliable protection in cold, wind and harsh weather. <br \/>When it goes outdoors in rain or snow, the sensitive skin of babies and children needs particularly intensive protection. The rich, water-free Calendula wind and weather care cream with a carefully coordinated active ingredient composition reliably protects delicate faces and small hands from cold, wind and harsh weather. <br \/>Organic almond oil, organic sesame oil and valuable extracts from organic calendula flowers nourish dry skin and soothe it. Pure beeswax and skin-related wool wax form a natural protective barrier without affecting skin breathing. <br \/>While the floral scent of palmarosa and Roman chamomile has a relaxing and soothing effect, woody balsamic base notes with amyris convey a feeling of warmth, security and support. <\/span><\/p>\n<ul class=\"a-unordered-list a-vertical\">\n<li><span class=\"a-list-item\"><span>Reliable protection in cold, wind and harsh weather. <\/span><\/span><\/li>\n<li><span class=\"a-list-item\"><span>Strengthens the skin&#8217;s natural protective function <\/span><\/span><\/li>\n<li><span class=\"a-list-item\"><span>Delicate scent of Palmarosa, Roman chamomile and amyris <\/span><\/span><\/li>\n<li><span class=\"a-list-item\"><span>Free from synthetic fragrances, dyes and preservatives, microplastic ingredients and mineral oil-based raw materials. <\/span><\/span><\/li>\n<li><span class=\"a-list-item\"><span>Very good skin compatibility dermatologically tested \u2013 even with eczema. <\/span><\/span><\/li>\n<\/ul>\n<p><span>Application: <br \/>Apply a small, approximately pea-sized amount of the face cream or hand cream gently to the skin. The very rich cream should be used sparingly. <br \/>Tip: <br \/>The Calendula wind and weather care balm is also suitable for protecting sensitive adult skin, e.g. during outdoor activities. <br \/>Weleda is the world&#8217;s leading manufacturer of certified natural cosmetics and anthroposophic medicines. The products are developed according to a unique understanding of people and nature. <br \/>Weleda has stood for high-quality natural cosmetics for more than 100 years and has a wealth of experience in the production of holistic body care products. <br \/>Weleda uses only high-quality natural raw materials from mainly controlled organic cultivation and certified wild collection.<\/span>    <br \/> Is Discontinued By Manufacturer                                            \u200f                                            :                                            \u200e                                            No   <br \/> Product Dimensions                                            \u200f                                            :                                            \u200e                                            4.45 x 3.18 x 10.8 cm; 0.04 g   <br \/> Manufacturer                                            \u200f                                            :                                            \u200e                                            Weleda AG   <br \/> ASIN                                            \u200f                                            :                                            \u200e                                            B00B7268V0   <br \/> Item model number                                            \u200f                                            :                                            \u200e                                            WL-111   <br \/> Country of origin                                            \u200f                                            :                                            \u200e                                            Germany   <br \/> Department                                            \u200f                                            :                                            \u200e                                            Unisex Children   <br \/>  Customer reviews:                                                                                            4.8               4.8 out of 5 stars                                  (1,977)                                              var dpAcrHasRegisteredArcLinkClickAction;                    P.when(&#8218;A&#8216;, &#8218;ready&#8216;).execute(function(A) {                        if (dpAcrHasRegisteredArcLinkClickAction !== true) {                            dpAcrHasRegisteredArcLinkClickAction = true;                            A.declarative(                                &#8218;acrLink-click-metrics&#8216;, &#8218;click&#8216;,                                { &#8222;allowLinkDefault&#8220;: true },                                function (event) {                                    if (window.ue) {                                        ue.count(&#8222;acrLinkClickCount&#8220;, (ue.count(&#8222;acrLinkClickCount&#8220;) || 0) + 1);                                    }                                }                            );                        }                    });                                             P.when(&#8218;A&#8216;, &#8218;cf&#8216;).execute(function(A) {                A.declarative(&#8218;acrStarsLink-click-metrics&#8216;, &#8218;click&#8216;, { &#8222;allowLinkDefault&#8220; : true },  function(event){                    if(window.ue) {                        ue.count(&#8222;acrStarsLinkWithPopoverClickCount&#8220;, (ue.count(&#8222;acrStarsLinkWithPopoverClickCount&#8220;) || 0) + 1);                    }                });            });                          <br \/>Package quantity: 30 ml.<br \/>Organic certification:<\/p>\n\n","protected":false},"excerpt":{"rendered":"<p>Weleda Organic Baby Calendula Wind and Weather Balm Reliable protection in cold, wind and harsh weather. When it goes outdoors in rain or snow, the sensitive skin of babies and children needs particularly intensive protection. The rich, water-free Calendula wind and weather care cream with a carefully coordinated active ingredient composition reliably protects delicate faces [&hellip;]<\/p>\n","protected":false},"featured_media":950,"comment_status":"open","ping_status":"closed","template":"","meta":{"_aipt_faq_data":""},"store":[],"product_brand":[173],"product_cat":[67],"product_tag":[134],"class_list":{"0":"post-949","1":"product","2":"type-product","3":"status-publish","4":"has-post-thumbnail","6":"product_brand-weleda","7":"product_cat-bienenwachs","8":"product_tag-bienenwachs-als-balsam","10":"first","11":"instock","12":"sale","13":"shipping-taxable","14":"product-type-external"},"yoast_head":"<!-- This site is optimized with the Yoast SEO plugin v27.4 - https:\/\/yoast.com\/product\/yoast-seo-wordpress\/ -->\n<title>Weleda Organic Calendula Wind and Weather Balm (1 x 30 ml) 30 ml - PureHiveHoney<\/title>\n<meta name=\"description\" content=\"Entdecken Sie hochwertigen Rohhonig, Bio Honig, Manuka Honig und nat\u00fcrliche Bienenprodukte. PureHiveHoney hilft Ihnen dabei, sorgf\u00e4ltig ausgew\u00e4hlte Honigsorten mit nat\u00fcrlicher Qualit\u00e4t und Reinheit zu entdecken.\" \/>\n<meta name=\"robots\" content=\"index, follow, max-snippet:-1, max-image-preview:large, max-video-preview:-1\" \/>\n<link rel=\"canonical\" href=\"https:\/\/purehivehoney.com\/de\/product\/weleda-organic-calendula-wind-and-weather-balm-1-x-30-ml-30-ml\/\" \/>\n<meta property=\"og:locale\" content=\"de_DE\" \/>\n<meta property=\"og:type\" content=\"article\" \/>\n<meta property=\"og:title\" content=\"Weleda Organic Calendula Wind and Weather Balm (1 x 30 ml) 30 ml - PureHiveHoney\" \/>\n<meta property=\"og:description\" content=\"Entdecken Sie hochwertigen Rohhonig, Bio Honig, Manuka Honig und nat\u00fcrliche Bienenprodukte. PureHiveHoney hilft Ihnen dabei, sorgf\u00e4ltig ausgew\u00e4hlte Honigsorten mit nat\u00fcrlicher Qualit\u00e4t und Reinheit zu entdecken.\" \/>\n<meta property=\"og:url\" content=\"https:\/\/purehivehoney.com\/de\/product\/weleda-organic-calendula-wind-and-weather-balm-1-x-30-ml-30-ml\/\" \/>\n<meta property=\"og:site_name\" content=\"PureHiveHoney\" \/>\n<meta property=\"article:modified_time\" content=\"2026-03-16T06:45:26+00:00\" \/>\n<meta name=\"twitter:card\" content=\"summary_large_image\" \/>\n<meta name=\"twitter:label1\" content=\"Gesch\u00e4tzte Lesezeit\" \/>\n\t<meta name=\"twitter:data1\" content=\"2\u00a0Minuten\" \/>\n<script type=\"application\/ld+json\" class=\"yoast-schema-graph\">{\"@context\":\"https:\\\/\\\/schema.org\",\"@graph\":[{\"@type\":\"WebPage\",\"@id\":\"https:\\\/\\\/purehivehoney.com\\\/de\\\/product\\\/weleda-organic-calendula-wind-and-weather-balm-1-x-30-ml-30-ml\\\/\",\"url\":\"https:\\\/\\\/purehivehoney.com\\\/de\\\/product\\\/weleda-organic-calendula-wind-and-weather-balm-1-x-30-ml-30-ml\\\/\",\"name\":\"Weleda Organic Calendula Wind and Weather Balm (1 x 30 ml) 30 ml - PureHiveHoney\",\"isPartOf\":{\"@id\":\"https:\\\/\\\/purehivehoney.com\\\/de\\\/#website\"},\"primaryImageOfPage\":{\"@id\":\"https:\\\/\\\/purehivehoney.com\\\/de\\\/product\\\/weleda-organic-calendula-wind-and-weather-balm-1-x-30-ml-30-ml\\\/#primaryimage\"},\"image\":{\"@id\":\"https:\\\/\\\/purehivehoney.com\\\/de\\\/product\\\/weleda-organic-calendula-wind-and-weather-balm-1-x-30-ml-30-ml\\\/#primaryimage\"},\"thumbnailUrl\":\"https:\\\/\\\/purehivehoney.com\\\/de\\\/wp-content\\\/uploads\\\/2026\\\/03\\\/61XFMjQwd2L._AC_SL1500_.jpg\",\"datePublished\":\"2026-03-16T06:45:11+00:00\",\"dateModified\":\"2026-03-16T06:45:26+00:00\",\"description\":\"Entdecken Sie hochwertigen Rohhonig, Bio Honig, Manuka Honig und nat\u00fcrliche Bienenprodukte. PureHiveHoney hilft Ihnen dabei, sorgf\u00e4ltig ausgew\u00e4hlte Honigsorten mit nat\u00fcrlicher Qualit\u00e4t und Reinheit zu entdecken.\",\"breadcrumb\":{\"@id\":\"https:\\\/\\\/purehivehoney.com\\\/de\\\/product\\\/weleda-organic-calendula-wind-and-weather-balm-1-x-30-ml-30-ml\\\/#breadcrumb\"},\"inLanguage\":\"de\",\"potentialAction\":[{\"@type\":\"ReadAction\",\"target\":[\"https:\\\/\\\/purehivehoney.com\\\/de\\\/product\\\/weleda-organic-calendula-wind-and-weather-balm-1-x-30-ml-30-ml\\\/\"]}]},{\"@type\":\"ImageObject\",\"inLanguage\":\"de\",\"@id\":\"https:\\\/\\\/purehivehoney.com\\\/de\\\/product\\\/weleda-organic-calendula-wind-and-weather-balm-1-x-30-ml-30-ml\\\/#primaryimage\",\"url\":\"https:\\\/\\\/purehivehoney.com\\\/de\\\/wp-content\\\/uploads\\\/2026\\\/03\\\/61XFMjQwd2L._AC_SL1500_.jpg\",\"contentUrl\":\"https:\\\/\\\/purehivehoney.com\\\/de\\\/wp-content\\\/uploads\\\/2026\\\/03\\\/61XFMjQwd2L._AC_SL1500_.jpg\",\"width\":1001,\"height\":1500},{\"@type\":\"BreadcrumbList\",\"@id\":\"https:\\\/\\\/purehivehoney.com\\\/de\\\/product\\\/weleda-organic-calendula-wind-and-weather-balm-1-x-30-ml-30-ml\\\/#breadcrumb\",\"itemListElement\":[{\"@type\":\"ListItem\",\"position\":1,\"name\":\"Home\",\"item\":\"https:\\\/\\\/purehivehoney.com\\\/de\\\/\"},{\"@type\":\"ListItem\",\"position\":2,\"name\":\"Shop\",\"item\":\"https:\\\/\\\/purehivehoney.com\\\/de\\\/shop\\\/\"},{\"@type\":\"ListItem\",\"position\":3,\"name\":\"Weleda Organic Calendula Wind and W...\"}]},{\"@type\":\"WebSite\",\"@id\":\"https:\\\/\\\/purehivehoney.com\\\/de\\\/#website\",\"url\":\"https:\\\/\\\/purehivehoney.com\\\/de\\\/\",\"name\":\"PureHiveHoney\",\"description\":\"Reiner Honig &amp; Bienenprodukte Online | Rohhonig, Bio Honig &amp; Spezialhonig\",\"publisher\":{\"@id\":\"https:\\\/\\\/purehivehoney.com\\\/de\\\/#organization\"},\"potentialAction\":[{\"@type\":\"SearchAction\",\"target\":{\"@type\":\"EntryPoint\",\"urlTemplate\":\"https:\\\/\\\/purehivehoney.com\\\/de\\\/?s={search_term_string}\"},\"query-input\":{\"@type\":\"PropertyValueSpecification\",\"valueRequired\":true,\"valueName\":\"search_term_string\"}}],\"inLanguage\":\"de\"},{\"@type\":\"Organization\",\"@id\":\"https:\\\/\\\/purehivehoney.com\\\/de\\\/#organization\",\"name\":\"PureHiveHoney\",\"url\":\"https:\\\/\\\/purehivehoney.com\\\/de\\\/\",\"logo\":{\"@type\":\"ImageObject\",\"inLanguage\":\"de\",\"@id\":\"https:\\\/\\\/purehivehoney.com\\\/de\\\/#\\\/schema\\\/logo\\\/image\\\/\",\"url\":\"https:\\\/\\\/purehivehoney.com\\\/de\\\/wp-content\\\/uploads\\\/2026\\\/03\\\/Screenshot-2026-03-16-at-1.06.01-AM.png\",\"contentUrl\":\"https:\\\/\\\/purehivehoney.com\\\/de\\\/wp-content\\\/uploads\\\/2026\\\/03\\\/Screenshot-2026-03-16-at-1.06.01-AM.png\",\"width\":2112,\"height\":1086,\"caption\":\"PureHiveHoney\"},\"image\":{\"@id\":\"https:\\\/\\\/purehivehoney.com\\\/de\\\/#\\\/schema\\\/logo\\\/image\\\/\"}}]}<\/script>\n<!-- \/ Yoast SEO plugin. -->","yoast_head_json":{"title":"Weleda Organic Calendula Wind and Weather Balm (1 x 30 ml) 30 ml - PureHiveHoney","description":"Entdecken Sie hochwertigen Rohhonig, Bio Honig, Manuka Honig und nat\u00fcrliche Bienenprodukte. PureHiveHoney hilft Ihnen dabei, sorgf\u00e4ltig ausgew\u00e4hlte Honigsorten mit nat\u00fcrlicher Qualit\u00e4t und Reinheit zu entdecken.","robots":{"index":"index","follow":"follow","max-snippet":"max-snippet:-1","max-image-preview":"max-image-preview:large","max-video-preview":"max-video-preview:-1"},"canonical":"https:\/\/purehivehoney.com\/de\/product\/weleda-organic-calendula-wind-and-weather-balm-1-x-30-ml-30-ml\/","og_locale":"de_DE","og_type":"article","og_title":"Weleda Organic Calendula Wind and Weather Balm (1 x 30 ml) 30 ml - PureHiveHoney","og_description":"Entdecken Sie hochwertigen Rohhonig, Bio Honig, Manuka Honig und nat\u00fcrliche Bienenprodukte. PureHiveHoney hilft Ihnen dabei, sorgf\u00e4ltig ausgew\u00e4hlte Honigsorten mit nat\u00fcrlicher Qualit\u00e4t und Reinheit zu entdecken.","og_url":"https:\/\/purehivehoney.com\/de\/product\/weleda-organic-calendula-wind-and-weather-balm-1-x-30-ml-30-ml\/","og_site_name":"PureHiveHoney","article_modified_time":"2026-03-16T06:45:26+00:00","twitter_card":"summary_large_image","twitter_misc":{"Gesch\u00e4tzte Lesezeit":"2\u00a0Minuten"},"schema":{"@context":"https:\/\/schema.org","@graph":[{"@type":"WebPage","@id":"https:\/\/purehivehoney.com\/de\/product\/weleda-organic-calendula-wind-and-weather-balm-1-x-30-ml-30-ml\/","url":"https:\/\/purehivehoney.com\/de\/product\/weleda-organic-calendula-wind-and-weather-balm-1-x-30-ml-30-ml\/","name":"Weleda Organic Calendula Wind and Weather Balm (1 x 30 ml) 30 ml - PureHiveHoney","isPartOf":{"@id":"https:\/\/purehivehoney.com\/de\/#website"},"primaryImageOfPage":{"@id":"https:\/\/purehivehoney.com\/de\/product\/weleda-organic-calendula-wind-and-weather-balm-1-x-30-ml-30-ml\/#primaryimage"},"image":{"@id":"https:\/\/purehivehoney.com\/de\/product\/weleda-organic-calendula-wind-and-weather-balm-1-x-30-ml-30-ml\/#primaryimage"},"thumbnailUrl":"https:\/\/purehivehoney.com\/de\/wp-content\/uploads\/2026\/03\/61XFMjQwd2L._AC_SL1500_.jpg","datePublished":"2026-03-16T06:45:11+00:00","dateModified":"2026-03-16T06:45:26+00:00","description":"Entdecken Sie hochwertigen Rohhonig, Bio Honig, Manuka Honig und nat\u00fcrliche Bienenprodukte. PureHiveHoney hilft Ihnen dabei, sorgf\u00e4ltig ausgew\u00e4hlte Honigsorten mit nat\u00fcrlicher Qualit\u00e4t und Reinheit zu entdecken.","breadcrumb":{"@id":"https:\/\/purehivehoney.com\/de\/product\/weleda-organic-calendula-wind-and-weather-balm-1-x-30-ml-30-ml\/#breadcrumb"},"inLanguage":"de","potentialAction":[{"@type":"ReadAction","target":["https:\/\/purehivehoney.com\/de\/product\/weleda-organic-calendula-wind-and-weather-balm-1-x-30-ml-30-ml\/"]}]},{"@type":"ImageObject","inLanguage":"de","@id":"https:\/\/purehivehoney.com\/de\/product\/weleda-organic-calendula-wind-and-weather-balm-1-x-30-ml-30-ml\/#primaryimage","url":"https:\/\/purehivehoney.com\/de\/wp-content\/uploads\/2026\/03\/61XFMjQwd2L._AC_SL1500_.jpg","contentUrl":"https:\/\/purehivehoney.com\/de\/wp-content\/uploads\/2026\/03\/61XFMjQwd2L._AC_SL1500_.jpg","width":1001,"height":1500},{"@type":"BreadcrumbList","@id":"https:\/\/purehivehoney.com\/de\/product\/weleda-organic-calendula-wind-and-weather-balm-1-x-30-ml-30-ml\/#breadcrumb","itemListElement":[{"@type":"ListItem","position":1,"name":"Home","item":"https:\/\/purehivehoney.com\/de\/"},{"@type":"ListItem","position":2,"name":"Shop","item":"https:\/\/purehivehoney.com\/de\/shop\/"},{"@type":"ListItem","position":3,"name":"Weleda Organic Calendula Wind and W..."}]},{"@type":"WebSite","@id":"https:\/\/purehivehoney.com\/de\/#website","url":"https:\/\/purehivehoney.com\/de\/","name":"PureHiveHoney","description":"Reiner Honig &amp; Bienenprodukte Online | Rohhonig, Bio Honig &amp; Spezialhonig","publisher":{"@id":"https:\/\/purehivehoney.com\/de\/#organization"},"potentialAction":[{"@type":"SearchAction","target":{"@type":"EntryPoint","urlTemplate":"https:\/\/purehivehoney.com\/de\/?s={search_term_string}"},"query-input":{"@type":"PropertyValueSpecification","valueRequired":true,"valueName":"search_term_string"}}],"inLanguage":"de"},{"@type":"Organization","@id":"https:\/\/purehivehoney.com\/de\/#organization","name":"PureHiveHoney","url":"https:\/\/purehivehoney.com\/de\/","logo":{"@type":"ImageObject","inLanguage":"de","@id":"https:\/\/purehivehoney.com\/de\/#\/schema\/logo\/image\/","url":"https:\/\/purehivehoney.com\/de\/wp-content\/uploads\/2026\/03\/Screenshot-2026-03-16-at-1.06.01-AM.png","contentUrl":"https:\/\/purehivehoney.com\/de\/wp-content\/uploads\/2026\/03\/Screenshot-2026-03-16-at-1.06.01-AM.png","width":2112,"height":1086,"caption":"PureHiveHoney"},"image":{"@id":"https:\/\/purehivehoney.com\/de\/#\/schema\/logo\/image\/"}}]}},"_links":{"self":[{"href":"https:\/\/purehivehoney.com\/de\/wp-json\/wp\/v2\/product\/949","targetHints":{"allow":["GET"]}}],"collection":[{"href":"https:\/\/purehivehoney.com\/de\/wp-json\/wp\/v2\/product"}],"about":[{"href":"https:\/\/purehivehoney.com\/de\/wp-json\/wp\/v2\/types\/product"}],"replies":[{"embeddable":true,"href":"https:\/\/purehivehoney.com\/de\/wp-json\/wp\/v2\/comments?post=949"}],"wp:featuredmedia":[{"embeddable":true,"href":"https:\/\/purehivehoney.com\/de\/wp-json\/wp\/v2\/media\/950"}],"wp:attachment":[{"href":"https:\/\/purehivehoney.com\/de\/wp-json\/wp\/v2\/media?parent=949"}],"wp:term":[{"taxonomy":"store","embeddable":true,"href":"https:\/\/purehivehoney.com\/de\/wp-json\/wp\/v2\/store?post=949"},{"taxonomy":"product_brand","embeddable":true,"href":"https:\/\/purehivehoney.com\/de\/wp-json\/wp\/v2\/product_brand?post=949"},{"taxonomy":"product_cat","embeddable":true,"href":"https:\/\/purehivehoney.com\/de\/wp-json\/wp\/v2\/product_cat?post=949"},{"taxonomy":"product_tag","embeddable":true,"href":"https:\/\/purehivehoney.com\/de\/wp-json\/wp\/v2\/product_tag?post=949"}],"curies":[{"name":"wp","href":"https:\/\/api.w.org\/{rel}","templated":true}]}}