{"id":921,"date":"2026-03-16T06:38:53","date_gmt":"2026-03-16T06:38:53","guid":{"rendered":"https:\/\/purehivehoney.com\/de\/product\/magiclulu-honigglas-aus-glas-mit-deckel-fuer-zuhause-grosser-honighalter-zur-aufbewahrung-von-honig-und-marmelade-transparentes-design-zur-sicht-farbe-und-textur\/"},"modified":"2026-03-16T06:39:10","modified_gmt":"2026-03-16T06:39:10","slug":"magiclulu-honigglas-aus-glas-mit-deckel-fuer-zuhause-grosser-honighalter-zur-aufbewahrung-von-honig-und-marmelade-transparentes-design-zur-sicht-farbe-und-textur","status":"publish","type":"product","link":"https:\/\/purehivehoney.com\/de\/product\/magiclulu-honigglas-aus-glas-mit-deckel-fuer-zuhause-grosser-honighalter-zur-aufbewahrung-von-honig-und-marmelade-transparentes-design-zur-sicht-farbe-und-textur\/","title":{"rendered":"MAGICLULU Honigglas aus Glas mit De..."},"content":{"rendered":"<p>    <span class=\"a-text-bold\">Paketliste<\/span><span><br \/> 1 x Honigglas<br \/><\/span><span class=\"a-text-bold\">Merkmale<\/span><span><br \/> Produktinformationen: Honigglas<br \/> &#8211; Gr\u00f6\u00dfe: 17,00 x 9,00 x 9,00 cm \/ 6,68 x 3,54 x 3,54 Zoll<br \/> -Material: Glas<br \/> &#8211; Optimale Gr\u00f6\u00dfe: Kompakt und klein, l\u00e4sst sich dieser Honigtopf aus Glas sehr leicht verstauen und nimmt in der Wohnung keinen Platz weg.<br \/> &#8211; M\u00fcheloses Umr\u00fchren und Ausgie\u00dfen: Das Glasr\u00fchrgef\u00e4\u00df erm\u00f6glicht einfaches Mischen und bequemes Ausgie\u00dfen des Honigs; Honigtopf mit L\u00f6ffel.<br \/> &#8211; Hergestellt aus hochwertigem, leichtem Material und mit feiner Verarbeitung \u2013 bedenkenlos verwendbar.<br \/> Honigspenderglas<br \/> &#8211; Farbe: Transparent<br \/> &#8211; Die handwerkliche Verarbeitung und die hochwertigen Materialien lassen dieses Honigglas schlicht aussehen, aber es ist funktional und n\u00fctzlich.<br \/> &#8211; Transparenter Flaschenk\u00f6rper, sodass man den Inhalt gut sehen kann. Perfektes K\u00fcchenaccessoire f\u00fcr Honig oder Sirup \u2013 ideal als durchsichtiger Sirupspender.<br \/><\/span><span class=\"a-text-bold\">Wareninformationen<\/span><span><br \/> Honigtopf aus Glas mit Sch\u00f6pfkelle. F\u00fcr ein angenehmes Honigerlebnis. Dieses Honigglas ist ideal f\u00fcr Honig, Marmelade und andere Lebensmittel. Es kann au\u00dferdem mit Kordeln oder B\u00e4ndern verziert und so beispielsweise bei Hochzeiten oder Junggesellinnenabschieden verwendet werden. Dieses vielseitige Glas eignet sich perfekt f\u00fcr verschiedene Anl\u00e4sse.<\/span>    <br \/>K\u00fcchenhonigbeh\u00e4lter \u2013 handwerkliche verarbeitung und hochwertiges material lassen dieses honigglas schlicht und dennoch funktional wirken; ein praktisches und n\u00fctzliches honigglas zum abf\u00fcllen von sirup<br \/>M\u00fcheloses r\u00fchren und ausgie\u00dfen: das glasr\u00fchrgef\u00e4\u00df erm\u00f6glicht einfaches mischen und bequemes dosieren des honigs. (honigtopf, honigglas mit l\u00f6ffel)<br \/>Praktischer deckel f\u00fcr frische: das glas wird mit einem deckel geliefert, der ihren honig frisch h\u00e4lt. sie k\u00f6nnen dieses glas bedenkenlos verwenden. honigbeh\u00e4lter aus glas, durchsichtige honiggl\u00e4ser<br \/>Einfache handhabung: dank des schlichten und praktischen designs ist dieses transparente honigglas sehr benutzerfreundlich und \u00e4u\u00dferst praktisch. es verf\u00fcgt \u00fcber einen transparenten honigspender und einen kleinen honigl\u00f6ffel<br \/>Material: glas. dieser honigtopf ist aus glas gefertigt und daher langlebig, sehr robust und transparent. er wird mit einem honigl\u00f6ffel geliefert<\/p>\n\n","protected":false},"excerpt":{"rendered":"<p>Paketliste 1 x HonigglasMerkmale Produktinformationen: Honigglas &#8211; Gr\u00f6\u00dfe: 17,00 x 9,00 x 9,00 cm \/ 6,68 x 3,54 x 3,54 Zoll -Material: Glas &#8211; Optimale Gr\u00f6\u00dfe: Kompakt und klein, l\u00e4sst sich dieser Honigtopf aus Glas sehr leicht verstauen und nimmt in der Wohnung keinen Platz weg. &#8211; M\u00fcheloses Umr\u00fchren und Ausgie\u00dfen: Das Glasr\u00fchrgef\u00e4\u00df erm\u00f6glicht einfaches [&hellip;]<\/p>\n","protected":false},"featured_media":922,"comment_status":"open","ping_status":"closed","template":"","meta":{"_aipt_faq_data":""},"store":[],"product_brand":[148],"product_cat":[74],"product_tag":[126],"class_list":{"0":"post-921","1":"product","2":"type-product","3":"status-publish","4":"has-post-thumbnail","6":"product_brand-magiclulu","7":"product_cat-honigglaser","8":"product_tag-honigglaeser-zum-abfuellen","10":"first","11":"instock","12":"shipping-taxable","13":"product-type-external"},"yoast_head":"<!-- This site is optimized with the Yoast SEO plugin v27.4 - https:\/\/yoast.com\/product\/yoast-seo-wordpress\/ -->\n<title>MAGICLULU Honigglas aus Glas mit Deckel f\u00fcr Zuhause Gro\u00dfer Honighalter zur Aufbewahrung von Honig und Marmelade Transparentes Design zur Sicht Farbe und Textur - PureHiveHoney<\/title>\n<meta name=\"description\" content=\"Entdecken Sie hochwertigen Rohhonig, Bio Honig, Manuka Honig und nat\u00fcrliche Bienenprodukte. PureHiveHoney hilft Ihnen dabei, sorgf\u00e4ltig ausgew\u00e4hlte Honigsorten mit nat\u00fcrlicher Qualit\u00e4t und Reinheit zu entdecken.\" \/>\n<meta name=\"robots\" content=\"index, follow, max-snippet:-1, max-image-preview:large, max-video-preview:-1\" \/>\n<link rel=\"canonical\" href=\"https:\/\/purehivehoney.com\/de\/product\/magiclulu-honigglas-aus-glas-mit-deckel-fuer-zuhause-grosser-honighalter-zur-aufbewahrung-von-honig-und-marmelade-transparentes-design-zur-sicht-farbe-und-textur\/\" \/>\n<meta property=\"og:locale\" content=\"de_DE\" \/>\n<meta property=\"og:type\" content=\"article\" \/>\n<meta property=\"og:title\" content=\"MAGICLULU Honigglas aus Glas mit Deckel f\u00fcr Zuhause Gro\u00dfer Honighalter zur Aufbewahrung von Honig und Marmelade Transparentes Design zur Sicht Farbe und Textur - PureHiveHoney\" \/>\n<meta property=\"og:description\" content=\"Entdecken Sie hochwertigen Rohhonig, Bio Honig, Manuka Honig und nat\u00fcrliche Bienenprodukte. PureHiveHoney hilft Ihnen dabei, sorgf\u00e4ltig ausgew\u00e4hlte Honigsorten mit nat\u00fcrlicher Qualit\u00e4t und Reinheit zu entdecken.\" \/>\n<meta property=\"og:url\" content=\"https:\/\/purehivehoney.com\/de\/product\/magiclulu-honigglas-aus-glas-mit-deckel-fuer-zuhause-grosser-honighalter-zur-aufbewahrung-von-honig-und-marmelade-transparentes-design-zur-sicht-farbe-und-textur\/\" \/>\n<meta property=\"og:site_name\" content=\"PureHiveHoney\" \/>\n<meta property=\"article:modified_time\" content=\"2026-03-16T06:39:10+00:00\" \/>\n<meta name=\"twitter:card\" content=\"summary_large_image\" \/>\n<meta name=\"twitter:label1\" content=\"Gesch\u00e4tzte Lesezeit\" \/>\n\t<meta name=\"twitter:data1\" content=\"2\u00a0Minuten\" \/>\n<script type=\"application\/ld+json\" class=\"yoast-schema-graph\">{\"@context\":\"https:\\\/\\\/schema.org\",\"@graph\":[{\"@type\":\"WebPage\",\"@id\":\"https:\\\/\\\/purehivehoney.com\\\/de\\\/product\\\/magiclulu-honigglas-aus-glas-mit-deckel-fuer-zuhause-grosser-honighalter-zur-aufbewahrung-von-honig-und-marmelade-transparentes-design-zur-sicht-farbe-und-textur\\\/\",\"url\":\"https:\\\/\\\/purehivehoney.com\\\/de\\\/product\\\/magiclulu-honigglas-aus-glas-mit-deckel-fuer-zuhause-grosser-honighalter-zur-aufbewahrung-von-honig-und-marmelade-transparentes-design-zur-sicht-farbe-und-textur\\\/\",\"name\":\"MAGICLULU Honigglas aus Glas mit Deckel f\u00fcr Zuhause Gro\u00dfer Honighalter zur Aufbewahrung von Honig und Marmelade Transparentes Design zur Sicht Farbe und Textur - PureHiveHoney\",\"isPartOf\":{\"@id\":\"https:\\\/\\\/purehivehoney.com\\\/de\\\/#website\"},\"primaryImageOfPage\":{\"@id\":\"https:\\\/\\\/purehivehoney.com\\\/de\\\/product\\\/magiclulu-honigglas-aus-glas-mit-deckel-fuer-zuhause-grosser-honighalter-zur-aufbewahrung-von-honig-und-marmelade-transparentes-design-zur-sicht-farbe-und-textur\\\/#primaryimage\"},\"image\":{\"@id\":\"https:\\\/\\\/purehivehoney.com\\\/de\\\/product\\\/magiclulu-honigglas-aus-glas-mit-deckel-fuer-zuhause-grosser-honighalter-zur-aufbewahrung-von-honig-und-marmelade-transparentes-design-zur-sicht-farbe-und-textur\\\/#primaryimage\"},\"thumbnailUrl\":\"https:\\\/\\\/purehivehoney.com\\\/de\\\/wp-content\\\/uploads\\\/2026\\\/03\\\/51N538u3fEL._AC_SL1500_.jpg\",\"datePublished\":\"2026-03-16T06:38:53+00:00\",\"dateModified\":\"2026-03-16T06:39:10+00:00\",\"description\":\"Entdecken Sie hochwertigen Rohhonig, Bio Honig, Manuka Honig und nat\u00fcrliche Bienenprodukte. PureHiveHoney hilft Ihnen dabei, sorgf\u00e4ltig ausgew\u00e4hlte Honigsorten mit nat\u00fcrlicher Qualit\u00e4t und Reinheit zu entdecken.\",\"breadcrumb\":{\"@id\":\"https:\\\/\\\/purehivehoney.com\\\/de\\\/product\\\/magiclulu-honigglas-aus-glas-mit-deckel-fuer-zuhause-grosser-honighalter-zur-aufbewahrung-von-honig-und-marmelade-transparentes-design-zur-sicht-farbe-und-textur\\\/#breadcrumb\"},\"inLanguage\":\"de\",\"potentialAction\":[{\"@type\":\"ReadAction\",\"target\":[\"https:\\\/\\\/purehivehoney.com\\\/de\\\/product\\\/magiclulu-honigglas-aus-glas-mit-deckel-fuer-zuhause-grosser-honighalter-zur-aufbewahrung-von-honig-und-marmelade-transparentes-design-zur-sicht-farbe-und-textur\\\/\"]}]},{\"@type\":\"ImageObject\",\"inLanguage\":\"de\",\"@id\":\"https:\\\/\\\/purehivehoney.com\\\/de\\\/product\\\/magiclulu-honigglas-aus-glas-mit-deckel-fuer-zuhause-grosser-honighalter-zur-aufbewahrung-von-honig-und-marmelade-transparentes-design-zur-sicht-farbe-und-textur\\\/#primaryimage\",\"url\":\"https:\\\/\\\/purehivehoney.com\\\/de\\\/wp-content\\\/uploads\\\/2026\\\/03\\\/51N538u3fEL._AC_SL1500_.jpg\",\"contentUrl\":\"https:\\\/\\\/purehivehoney.com\\\/de\\\/wp-content\\\/uploads\\\/2026\\\/03\\\/51N538u3fEL._AC_SL1500_.jpg\",\"width\":701,\"height\":1500},{\"@type\":\"BreadcrumbList\",\"@id\":\"https:\\\/\\\/purehivehoney.com\\\/de\\\/product\\\/magiclulu-honigglas-aus-glas-mit-deckel-fuer-zuhause-grosser-honighalter-zur-aufbewahrung-von-honig-und-marmelade-transparentes-design-zur-sicht-farbe-und-textur\\\/#breadcrumb\",\"itemListElement\":[{\"@type\":\"ListItem\",\"position\":1,\"name\":\"Home\",\"item\":\"https:\\\/\\\/purehivehoney.com\\\/de\\\/\"},{\"@type\":\"ListItem\",\"position\":2,\"name\":\"Shop\",\"item\":\"https:\\\/\\\/purehivehoney.com\\\/de\\\/shop\\\/\"},{\"@type\":\"ListItem\",\"position\":3,\"name\":\"MAGICLULU Honigglas aus Glas mit De...\"}]},{\"@type\":\"WebSite\",\"@id\":\"https:\\\/\\\/purehivehoney.com\\\/de\\\/#website\",\"url\":\"https:\\\/\\\/purehivehoney.com\\\/de\\\/\",\"name\":\"PureHiveHoney\",\"description\":\"Reiner Honig &amp; Bienenprodukte Online | Rohhonig, Bio Honig &amp; Spezialhonig\",\"publisher\":{\"@id\":\"https:\\\/\\\/purehivehoney.com\\\/de\\\/#organization\"},\"potentialAction\":[{\"@type\":\"SearchAction\",\"target\":{\"@type\":\"EntryPoint\",\"urlTemplate\":\"https:\\\/\\\/purehivehoney.com\\\/de\\\/?s={search_term_string}\"},\"query-input\":{\"@type\":\"PropertyValueSpecification\",\"valueRequired\":true,\"valueName\":\"search_term_string\"}}],\"inLanguage\":\"de\"},{\"@type\":\"Organization\",\"@id\":\"https:\\\/\\\/purehivehoney.com\\\/de\\\/#organization\",\"name\":\"PureHiveHoney\",\"url\":\"https:\\\/\\\/purehivehoney.com\\\/de\\\/\",\"logo\":{\"@type\":\"ImageObject\",\"inLanguage\":\"de\",\"@id\":\"https:\\\/\\\/purehivehoney.com\\\/de\\\/#\\\/schema\\\/logo\\\/image\\\/\",\"url\":\"https:\\\/\\\/purehivehoney.com\\\/de\\\/wp-content\\\/uploads\\\/2026\\\/03\\\/Screenshot-2026-03-16-at-1.06.01-AM.png\",\"contentUrl\":\"https:\\\/\\\/purehivehoney.com\\\/de\\\/wp-content\\\/uploads\\\/2026\\\/03\\\/Screenshot-2026-03-16-at-1.06.01-AM.png\",\"width\":2112,\"height\":1086,\"caption\":\"PureHiveHoney\"},\"image\":{\"@id\":\"https:\\\/\\\/purehivehoney.com\\\/de\\\/#\\\/schema\\\/logo\\\/image\\\/\"}}]}<\/script>\n<!-- \/ Yoast SEO plugin. -->","yoast_head_json":{"title":"MAGICLULU Honigglas aus Glas mit Deckel f\u00fcr Zuhause Gro\u00dfer Honighalter zur Aufbewahrung von Honig und Marmelade Transparentes Design zur Sicht Farbe und Textur - PureHiveHoney","description":"Entdecken Sie hochwertigen Rohhonig, Bio Honig, Manuka Honig und nat\u00fcrliche Bienenprodukte. PureHiveHoney hilft Ihnen dabei, sorgf\u00e4ltig ausgew\u00e4hlte Honigsorten mit nat\u00fcrlicher Qualit\u00e4t und Reinheit zu entdecken.","robots":{"index":"index","follow":"follow","max-snippet":"max-snippet:-1","max-image-preview":"max-image-preview:large","max-video-preview":"max-video-preview:-1"},"canonical":"https:\/\/purehivehoney.com\/de\/product\/magiclulu-honigglas-aus-glas-mit-deckel-fuer-zuhause-grosser-honighalter-zur-aufbewahrung-von-honig-und-marmelade-transparentes-design-zur-sicht-farbe-und-textur\/","og_locale":"de_DE","og_type":"article","og_title":"MAGICLULU Honigglas aus Glas mit Deckel f\u00fcr Zuhause Gro\u00dfer Honighalter zur Aufbewahrung von Honig und Marmelade Transparentes Design zur Sicht Farbe und Textur - PureHiveHoney","og_description":"Entdecken Sie hochwertigen Rohhonig, Bio Honig, Manuka Honig und nat\u00fcrliche Bienenprodukte. PureHiveHoney hilft Ihnen dabei, sorgf\u00e4ltig ausgew\u00e4hlte Honigsorten mit nat\u00fcrlicher Qualit\u00e4t und Reinheit zu entdecken.","og_url":"https:\/\/purehivehoney.com\/de\/product\/magiclulu-honigglas-aus-glas-mit-deckel-fuer-zuhause-grosser-honighalter-zur-aufbewahrung-von-honig-und-marmelade-transparentes-design-zur-sicht-farbe-und-textur\/","og_site_name":"PureHiveHoney","article_modified_time":"2026-03-16T06:39:10+00:00","twitter_card":"summary_large_image","twitter_misc":{"Gesch\u00e4tzte Lesezeit":"2\u00a0Minuten"},"schema":{"@context":"https:\/\/schema.org","@graph":[{"@type":"WebPage","@id":"https:\/\/purehivehoney.com\/de\/product\/magiclulu-honigglas-aus-glas-mit-deckel-fuer-zuhause-grosser-honighalter-zur-aufbewahrung-von-honig-und-marmelade-transparentes-design-zur-sicht-farbe-und-textur\/","url":"https:\/\/purehivehoney.com\/de\/product\/magiclulu-honigglas-aus-glas-mit-deckel-fuer-zuhause-grosser-honighalter-zur-aufbewahrung-von-honig-und-marmelade-transparentes-design-zur-sicht-farbe-und-textur\/","name":"MAGICLULU Honigglas aus Glas mit Deckel f\u00fcr Zuhause Gro\u00dfer Honighalter zur Aufbewahrung von Honig und Marmelade Transparentes Design zur Sicht Farbe und Textur - PureHiveHoney","isPartOf":{"@id":"https:\/\/purehivehoney.com\/de\/#website"},"primaryImageOfPage":{"@id":"https:\/\/purehivehoney.com\/de\/product\/magiclulu-honigglas-aus-glas-mit-deckel-fuer-zuhause-grosser-honighalter-zur-aufbewahrung-von-honig-und-marmelade-transparentes-design-zur-sicht-farbe-und-textur\/#primaryimage"},"image":{"@id":"https:\/\/purehivehoney.com\/de\/product\/magiclulu-honigglas-aus-glas-mit-deckel-fuer-zuhause-grosser-honighalter-zur-aufbewahrung-von-honig-und-marmelade-transparentes-design-zur-sicht-farbe-und-textur\/#primaryimage"},"thumbnailUrl":"https:\/\/purehivehoney.com\/de\/wp-content\/uploads\/2026\/03\/51N538u3fEL._AC_SL1500_.jpg","datePublished":"2026-03-16T06:38:53+00:00","dateModified":"2026-03-16T06:39:10+00:00","description":"Entdecken Sie hochwertigen Rohhonig, Bio Honig, Manuka Honig und nat\u00fcrliche Bienenprodukte. PureHiveHoney hilft Ihnen dabei, sorgf\u00e4ltig ausgew\u00e4hlte Honigsorten mit nat\u00fcrlicher Qualit\u00e4t und Reinheit zu entdecken.","breadcrumb":{"@id":"https:\/\/purehivehoney.com\/de\/product\/magiclulu-honigglas-aus-glas-mit-deckel-fuer-zuhause-grosser-honighalter-zur-aufbewahrung-von-honig-und-marmelade-transparentes-design-zur-sicht-farbe-und-textur\/#breadcrumb"},"inLanguage":"de","potentialAction":[{"@type":"ReadAction","target":["https:\/\/purehivehoney.com\/de\/product\/magiclulu-honigglas-aus-glas-mit-deckel-fuer-zuhause-grosser-honighalter-zur-aufbewahrung-von-honig-und-marmelade-transparentes-design-zur-sicht-farbe-und-textur\/"]}]},{"@type":"ImageObject","inLanguage":"de","@id":"https:\/\/purehivehoney.com\/de\/product\/magiclulu-honigglas-aus-glas-mit-deckel-fuer-zuhause-grosser-honighalter-zur-aufbewahrung-von-honig-und-marmelade-transparentes-design-zur-sicht-farbe-und-textur\/#primaryimage","url":"https:\/\/purehivehoney.com\/de\/wp-content\/uploads\/2026\/03\/51N538u3fEL._AC_SL1500_.jpg","contentUrl":"https:\/\/purehivehoney.com\/de\/wp-content\/uploads\/2026\/03\/51N538u3fEL._AC_SL1500_.jpg","width":701,"height":1500},{"@type":"BreadcrumbList","@id":"https:\/\/purehivehoney.com\/de\/product\/magiclulu-honigglas-aus-glas-mit-deckel-fuer-zuhause-grosser-honighalter-zur-aufbewahrung-von-honig-und-marmelade-transparentes-design-zur-sicht-farbe-und-textur\/#breadcrumb","itemListElement":[{"@type":"ListItem","position":1,"name":"Home","item":"https:\/\/purehivehoney.com\/de\/"},{"@type":"ListItem","position":2,"name":"Shop","item":"https:\/\/purehivehoney.com\/de\/shop\/"},{"@type":"ListItem","position":3,"name":"MAGICLULU Honigglas aus Glas mit De..."}]},{"@type":"WebSite","@id":"https:\/\/purehivehoney.com\/de\/#website","url":"https:\/\/purehivehoney.com\/de\/","name":"PureHiveHoney","description":"Reiner Honig &amp; Bienenprodukte Online | Rohhonig, Bio Honig &amp; Spezialhonig","publisher":{"@id":"https:\/\/purehivehoney.com\/de\/#organization"},"potentialAction":[{"@type":"SearchAction","target":{"@type":"EntryPoint","urlTemplate":"https:\/\/purehivehoney.com\/de\/?s={search_term_string}"},"query-input":{"@type":"PropertyValueSpecification","valueRequired":true,"valueName":"search_term_string"}}],"inLanguage":"de"},{"@type":"Organization","@id":"https:\/\/purehivehoney.com\/de\/#organization","name":"PureHiveHoney","url":"https:\/\/purehivehoney.com\/de\/","logo":{"@type":"ImageObject","inLanguage":"de","@id":"https:\/\/purehivehoney.com\/de\/#\/schema\/logo\/image\/","url":"https:\/\/purehivehoney.com\/de\/wp-content\/uploads\/2026\/03\/Screenshot-2026-03-16-at-1.06.01-AM.png","contentUrl":"https:\/\/purehivehoney.com\/de\/wp-content\/uploads\/2026\/03\/Screenshot-2026-03-16-at-1.06.01-AM.png","width":2112,"height":1086,"caption":"PureHiveHoney"},"image":{"@id":"https:\/\/purehivehoney.com\/de\/#\/schema\/logo\/image\/"}}]}},"_links":{"self":[{"href":"https:\/\/purehivehoney.com\/de\/wp-json\/wp\/v2\/product\/921","targetHints":{"allow":["GET"]}}],"collection":[{"href":"https:\/\/purehivehoney.com\/de\/wp-json\/wp\/v2\/product"}],"about":[{"href":"https:\/\/purehivehoney.com\/de\/wp-json\/wp\/v2\/types\/product"}],"replies":[{"embeddable":true,"href":"https:\/\/purehivehoney.com\/de\/wp-json\/wp\/v2\/comments?post=921"}],"wp:featuredmedia":[{"embeddable":true,"href":"https:\/\/purehivehoney.com\/de\/wp-json\/wp\/v2\/media\/922"}],"wp:attachment":[{"href":"https:\/\/purehivehoney.com\/de\/wp-json\/wp\/v2\/media?parent=921"}],"wp:term":[{"taxonomy":"store","embeddable":true,"href":"https:\/\/purehivehoney.com\/de\/wp-json\/wp\/v2\/store?post=921"},{"taxonomy":"product_brand","embeddable":true,"href":"https:\/\/purehivehoney.com\/de\/wp-json\/wp\/v2\/product_brand?post=921"},{"taxonomy":"product_cat","embeddable":true,"href":"https:\/\/purehivehoney.com\/de\/wp-json\/wp\/v2\/product_cat?post=921"},{"taxonomy":"product_tag","embeddable":true,"href":"https:\/\/purehivehoney.com\/de\/wp-json\/wp\/v2\/product_tag?post=921"}],"curies":[{"name":"wp","href":"https:\/\/api.w.org\/{rel}","templated":true}]}}