{"id":911,"date":"2026-03-16T06:36:52","date_gmt":"2026-03-16T06:36:52","guid":{"rendered":"https:\/\/purehivehoney.com\/de\/product\/generique-honigspender-transparente-flasche-mit-ausgiesser-sirupausgiesser-mit-grossem-fassungsvermoegen-fuer-honig-sirup-saucen-kaffee-kueche-esszimmer-bar-picknick\/"},"modified":"2026-03-16T06:37:12","modified_gmt":"2026-03-16T06:37:12","slug":"generique-honigspender-transparente-flasche-mit-ausgiesser-sirupausgiesser-mit-grossem-fassungsvermoegen-fuer-honig-sirup-saucen-kaffee-kueche-esszimmer-bar-picknick","status":"publish","type":"product","link":"https:\/\/purehivehoney.com\/de\/product\/generique-honigspender-transparente-flasche-mit-ausgiesser-sirupausgiesser-mit-grossem-fassungsvermoegen-fuer-honig-sirup-saucen-kaffee-kueche-esszimmer-bar-picknick\/","title":{"rendered":"G\u00e9n\u00e9rique Honigspender \u2013 transp..."},"content":{"rendered":"<p>                                             Product Description   <\/p>\n<h3 class=\"a-spacing-small\"> Glass Honey Pourer <\/h3>\n<p>                                                          <img decoding=\"async\" alt=\"Glass Honey Pourer\" src=\"https:\/\/images-na.ssl-images-amazon.com\/images\/G\/01\/x-locale\/common\/grey-pixel.gif\" class=\"a-spacing-mini a-lazy-loaded\" data-src=\"https:\/\/m.media-amazon.com\/images\/S\/aplus-media-library-service-media\/71f580aa-2b7f-44ca-a98e-1bbf84284566.__CR0,0,1600,1600_PT0_SX300_V1___.jpg\"><img decoding=\"async\" alt=\"Glass Honey Pourer\" src=\"https:\/\/m.media-amazon.com\/images\/S\/aplus-media-library-service-media\/71f580aa-2b7f-44ca-a98e-1bbf84284566.__CR0,0,1600,1600_PT0_SX300_V1___.jpg\">  <\/p>\n<p>                                                             Features                                                                            Name: Honey Dispenser       Material: glass       Product size: approx. 21.5 x 10 x 6.8 cm\/8.46 x 3.94 x 2.68 inches       Weight: 342g                                                                        <\/p>\n<p>                                                                                           Anti-drip dispenser                                     <\/p>\n<p class=\"a-spacing-base\"> This honey dispenser is equipped with a precision silicone valve that ensures controlled dispensing, preventing dripping and overflowing to protect the countertop and a neat cooking experience when breakfast or tea. <\/p>\n<p>                                             High transparency glass                                     <\/p>\n<p class=\"a-spacing-base\"> The glass honey dispenser combines excellent lasting clarity with impact and odor resistance, providing a reliable storage solution for households. <\/p>\n<p>                                                                             <img decoding=\"async\" alt=\"Honey Dispenser\" src=\"https:\/\/images-na.ssl-images-amazon.com\/images\/G\/01\/x-locale\/common\/grey-pixel.gif\" class=\"a-spacing-base a-lazy-loaded\" data-src=\"https:\/\/m.media-amazon.com\/images\/S\/aplus-media-library-service-media\/dbdeb53a-bd8c-4b6b-93da-7d5c5433b8cd.__CR0,0,970,600_PT0_SX970_V1___.jpg\"><img decoding=\"async\" alt=\"Honey Dispenser\" src=\"https:\/\/m.media-amazon.com\/images\/S\/aplus-media-library-service-media\/dbdeb53a-bd8c-4b6b-93da-7d5c5433b8cd.__CR0,0,970,600_PT0_SX970_V1___.jpg\">                                                                     <\/p>\n<p class=\"a-spacing-base\"> The high capacity pourer is designed to enhance convenience and elegance in your kitchen, bar or dining room. Made of clear, clear glass, this dispenser ensures easy visibility of contents, ideal for storing honey, syrup, sauces and dressings. Its durable construction and sleek design make it a versatile addition to any environment, whether for everyday use or for special occasions like picnics. <\/p>\n<p class=\"a-spacing-base\"> Specification <\/p>\n<p class=\"a-spacing-base\"> Name: Honey Dispenser <\/p>\n<p class=\"a-spacing-base\"> Material: glass <\/p>\n<p class=\"a-spacing-base\"> Product size: approx. 21.5 x 10 x 6.8 cm\/8.46 x 3.94 x 2.68 inches <\/p>\n<p class=\"a-spacing-base\"> Weight: 342g <\/p>\n<p class=\"a-spacing-base\"> Product list: <\/p>\n<p class=\"a-spacing-base\"> 1 x honey dispenser <\/p>\n<p class=\"a-spacing-base\"> Note: <\/p>\n<p class=\"a-spacing-base\"> Due to the light and screen setting difference, the item&#8217;s color may be slightly different from the pictures. <\/p>\n<p class=\"a-spacing-base\"> Due to manual measurement, please allow 1-2 cm difference in size. <\/p>\n<p>Auslaufsicheres Design: Mit einem innovativen Pr\u00e4zisions-Silikonventil stoppt dieser Honigspender Lecks und Spritzer und sorgt f\u00fcr eine saubere Arbeitsplatte und eine einfache Verwendung f\u00fcr Desserts oder die Zubereitung von Mahlzeiten.<br \/>\u3010Nat\u00fcrliche Frischebewahrung\u3011 Die Klarheitshaltetechnologie und das hochtransparente Glas des Honigspenders halten den Honig frisch und sch\u00fctzen ihn vor unerw\u00fcnschten Ger\u00fcchen.<br \/>Vereinfachte Sirup-Dosierung: Dank der variablen Durchflussregelung und der tropffreien Technologie erleichtert dieser Honigspender das Ausgie\u00dfen von Sirup f\u00fcr Pfannkuchen und l\u00e4sst sich perfekt in die Latte Art schaffen und bietet eine anpassungsf\u00e4hige L\u00f6sung f\u00fcr verschiedene kulinarische Aufgaben.<br \/>PRAKTISCHE HYGIENISCHE PFLEGE &#8211; Mit seiner werkzeuglosen Reinigungsstruktur und dem 360-Grad-Zugang vereinfacht dieser Honigspender die Aufrechterhaltung der Hygiene. Das Design der Clip-Verbindung garantiert eine hohe Stabilit\u00e4t, ideal f\u00fcr eine reibungslose Verteilung beim Fr\u00fchst\u00fcck oder bei der Zubereitung von Desserts.<br \/>Praktische Warnungen zur Wiederauff\u00fcllung: Dank des Echtzeit-Systems und des transparenten Fensters erm\u00f6glicht dieser Honigspender eine einfache \u00dcberwachung des Honigstands. So werden Sie zum richtigen Zeitpunkt benachrichtigt, um es zu f\u00fcllen, perfekte Kontinuit\u00e4t in Ihrem kulinarischen Arbeitsablauf.<\/p>\n\n","protected":false},"excerpt":{"rendered":"<p>Product Description Glass Honey Pourer Features Name: Honey Dispenser Material: glass Product size: approx. 21.5 x 10 x 6.8 cm\/8.46 x 3.94 x 2.68 inches Weight: 342g Anti-drip dispenser This honey dispenser is equipped with a precision silicone valve that ensures controlled dispensing, preventing dripping and overflowing to protect the countertop and a neat cooking [&hellip;]<\/p>\n","protected":false},"featured_media":912,"comment_status":"open","ping_status":"closed","template":"","meta":{"_aipt_faq_data":""},"store":[],"product_brand":[245],"product_cat":[75],"product_tag":[125],"class_list":{"0":"post-911","1":"product","2":"type-product","3":"status-publish","4":"has-post-thumbnail","6":"product_brand-generique","7":"product_cat-honigspender","8":"product_tag-honigspender-mit-ausgiesser","10":"first","11":"instock","12":"shipping-taxable","13":"product-type-external"},"yoast_head":"<!-- This site is optimized with the Yoast SEO plugin v27.4 - https:\/\/yoast.com\/product\/yoast-seo-wordpress\/ -->\n<title>G\u00e9n\u00e9rique Honigspender \u2013 transparente Flasche mit Ausgie\u00dfer | Sirupausgie\u00dfer mit gro\u00dfem Fassungsverm\u00f6gen, f\u00fcr Honig, Sirup, Saucen, Kaffee, K\u00fcche, Esszimmer, Bar, Picknick - PureHiveHoney<\/title>\n<meta name=\"description\" content=\"Entdecken Sie hochwertigen Rohhonig, Bio Honig, Manuka Honig und nat\u00fcrliche Bienenprodukte. PureHiveHoney hilft Ihnen dabei, sorgf\u00e4ltig ausgew\u00e4hlte Honigsorten mit nat\u00fcrlicher Qualit\u00e4t und Reinheit zu entdecken.\" \/>\n<meta name=\"robots\" content=\"index, follow, max-snippet:-1, max-image-preview:large, max-video-preview:-1\" \/>\n<link rel=\"canonical\" href=\"https:\/\/purehivehoney.com\/de\/product\/generique-honigspender-transparente-flasche-mit-ausgiesser-sirupausgiesser-mit-grossem-fassungsvermoegen-fuer-honig-sirup-saucen-kaffee-kueche-esszimmer-bar-picknick\/\" \/>\n<meta property=\"og:locale\" content=\"de_DE\" \/>\n<meta property=\"og:type\" content=\"article\" \/>\n<meta property=\"og:title\" content=\"G\u00e9n\u00e9rique Honigspender \u2013 transparente Flasche mit Ausgie\u00dfer | Sirupausgie\u00dfer mit gro\u00dfem Fassungsverm\u00f6gen, f\u00fcr Honig, Sirup, Saucen, Kaffee, K\u00fcche, Esszimmer, Bar, Picknick - PureHiveHoney\" \/>\n<meta property=\"og:description\" content=\"Entdecken Sie hochwertigen Rohhonig, Bio Honig, Manuka Honig und nat\u00fcrliche Bienenprodukte. PureHiveHoney hilft Ihnen dabei, sorgf\u00e4ltig ausgew\u00e4hlte Honigsorten mit nat\u00fcrlicher Qualit\u00e4t und Reinheit zu entdecken.\" \/>\n<meta property=\"og:url\" content=\"https:\/\/purehivehoney.com\/de\/product\/generique-honigspender-transparente-flasche-mit-ausgiesser-sirupausgiesser-mit-grossem-fassungsvermoegen-fuer-honig-sirup-saucen-kaffee-kueche-esszimmer-bar-picknick\/\" \/>\n<meta property=\"og:site_name\" content=\"PureHiveHoney\" \/>\n<meta property=\"article:modified_time\" content=\"2026-03-16T06:37:12+00:00\" \/>\n<meta property=\"og:image\" content=\"https:\/\/images-na.ssl-images-amazon.com\/images\/G\/01\/x-locale\/common\/grey-pixel.gif\" \/>\n<meta name=\"twitter:card\" content=\"summary_large_image\" \/>\n<meta name=\"twitter:label1\" content=\"Gesch\u00e4tzte Lesezeit\" \/>\n\t<meta name=\"twitter:data1\" content=\"2\u00a0Minuten\" \/>\n<script type=\"application\/ld+json\" class=\"yoast-schema-graph\">{\"@context\":\"https:\\\/\\\/schema.org\",\"@graph\":[{\"@type\":\"WebPage\",\"@id\":\"https:\\\/\\\/purehivehoney.com\\\/de\\\/product\\\/generique-honigspender-transparente-flasche-mit-ausgiesser-sirupausgiesser-mit-grossem-fassungsvermoegen-fuer-honig-sirup-saucen-kaffee-kueche-esszimmer-bar-picknick\\\/\",\"url\":\"https:\\\/\\\/purehivehoney.com\\\/de\\\/product\\\/generique-honigspender-transparente-flasche-mit-ausgiesser-sirupausgiesser-mit-grossem-fassungsvermoegen-fuer-honig-sirup-saucen-kaffee-kueche-esszimmer-bar-picknick\\\/\",\"name\":\"G\u00e9n\u00e9rique Honigspender \u2013 transparente Flasche mit Ausgie\u00dfer | Sirupausgie\u00dfer mit gro\u00dfem Fassungsverm\u00f6gen, f\u00fcr Honig, Sirup, Saucen, Kaffee, K\u00fcche, Esszimmer, Bar, Picknick - PureHiveHoney\",\"isPartOf\":{\"@id\":\"https:\\\/\\\/purehivehoney.com\\\/de\\\/#website\"},\"primaryImageOfPage\":{\"@id\":\"https:\\\/\\\/purehivehoney.com\\\/de\\\/product\\\/generique-honigspender-transparente-flasche-mit-ausgiesser-sirupausgiesser-mit-grossem-fassungsvermoegen-fuer-honig-sirup-saucen-kaffee-kueche-esszimmer-bar-picknick\\\/#primaryimage\"},\"image\":{\"@id\":\"https:\\\/\\\/purehivehoney.com\\\/de\\\/product\\\/generique-honigspender-transparente-flasche-mit-ausgiesser-sirupausgiesser-mit-grossem-fassungsvermoegen-fuer-honig-sirup-saucen-kaffee-kueche-esszimmer-bar-picknick\\\/#primaryimage\"},\"thumbnailUrl\":\"https:\\\/\\\/purehivehoney.com\\\/de\\\/wp-content\\\/uploads\\\/2026\\\/03\\\/515AywDVGbL._AC_SL1500_.jpg\",\"datePublished\":\"2026-03-16T06:36:52+00:00\",\"dateModified\":\"2026-03-16T06:37:12+00:00\",\"description\":\"Entdecken Sie hochwertigen Rohhonig, Bio Honig, Manuka Honig und nat\u00fcrliche Bienenprodukte. PureHiveHoney hilft Ihnen dabei, sorgf\u00e4ltig ausgew\u00e4hlte Honigsorten mit nat\u00fcrlicher Qualit\u00e4t und Reinheit zu entdecken.\",\"breadcrumb\":{\"@id\":\"https:\\\/\\\/purehivehoney.com\\\/de\\\/product\\\/generique-honigspender-transparente-flasche-mit-ausgiesser-sirupausgiesser-mit-grossem-fassungsvermoegen-fuer-honig-sirup-saucen-kaffee-kueche-esszimmer-bar-picknick\\\/#breadcrumb\"},\"inLanguage\":\"de\",\"potentialAction\":[{\"@type\":\"ReadAction\",\"target\":[\"https:\\\/\\\/purehivehoney.com\\\/de\\\/product\\\/generique-honigspender-transparente-flasche-mit-ausgiesser-sirupausgiesser-mit-grossem-fassungsvermoegen-fuer-honig-sirup-saucen-kaffee-kueche-esszimmer-bar-picknick\\\/\"]}]},{\"@type\":\"ImageObject\",\"inLanguage\":\"de\",\"@id\":\"https:\\\/\\\/purehivehoney.com\\\/de\\\/product\\\/generique-honigspender-transparente-flasche-mit-ausgiesser-sirupausgiesser-mit-grossem-fassungsvermoegen-fuer-honig-sirup-saucen-kaffee-kueche-esszimmer-bar-picknick\\\/#primaryimage\",\"url\":\"https:\\\/\\\/purehivehoney.com\\\/de\\\/wp-content\\\/uploads\\\/2026\\\/03\\\/515AywDVGbL._AC_SL1500_.jpg\",\"contentUrl\":\"https:\\\/\\\/purehivehoney.com\\\/de\\\/wp-content\\\/uploads\\\/2026\\\/03\\\/515AywDVGbL._AC_SL1500_.jpg\",\"width\":736,\"height\":1328},{\"@type\":\"BreadcrumbList\",\"@id\":\"https:\\\/\\\/purehivehoney.com\\\/de\\\/product\\\/generique-honigspender-transparente-flasche-mit-ausgiesser-sirupausgiesser-mit-grossem-fassungsvermoegen-fuer-honig-sirup-saucen-kaffee-kueche-esszimmer-bar-picknick\\\/#breadcrumb\",\"itemListElement\":[{\"@type\":\"ListItem\",\"position\":1,\"name\":\"Home\",\"item\":\"https:\\\/\\\/purehivehoney.com\\\/de\\\/\"},{\"@type\":\"ListItem\",\"position\":2,\"name\":\"Shop\",\"item\":\"https:\\\/\\\/purehivehoney.com\\\/de\\\/shop\\\/\"},{\"@type\":\"ListItem\",\"position\":3,\"name\":\"G\u00e9n\u00e9rique Honigspender \u2013 transp...\"}]},{\"@type\":\"WebSite\",\"@id\":\"https:\\\/\\\/purehivehoney.com\\\/de\\\/#website\",\"url\":\"https:\\\/\\\/purehivehoney.com\\\/de\\\/\",\"name\":\"PureHiveHoney\",\"description\":\"Reiner Honig &amp; Bienenprodukte Online | Rohhonig, Bio Honig &amp; Spezialhonig\",\"publisher\":{\"@id\":\"https:\\\/\\\/purehivehoney.com\\\/de\\\/#organization\"},\"potentialAction\":[{\"@type\":\"SearchAction\",\"target\":{\"@type\":\"EntryPoint\",\"urlTemplate\":\"https:\\\/\\\/purehivehoney.com\\\/de\\\/?s={search_term_string}\"},\"query-input\":{\"@type\":\"PropertyValueSpecification\",\"valueRequired\":true,\"valueName\":\"search_term_string\"}}],\"inLanguage\":\"de\"},{\"@type\":\"Organization\",\"@id\":\"https:\\\/\\\/purehivehoney.com\\\/de\\\/#organization\",\"name\":\"PureHiveHoney\",\"url\":\"https:\\\/\\\/purehivehoney.com\\\/de\\\/\",\"logo\":{\"@type\":\"ImageObject\",\"inLanguage\":\"de\",\"@id\":\"https:\\\/\\\/purehivehoney.com\\\/de\\\/#\\\/schema\\\/logo\\\/image\\\/\",\"url\":\"https:\\\/\\\/purehivehoney.com\\\/de\\\/wp-content\\\/uploads\\\/2026\\\/03\\\/Screenshot-2026-03-16-at-1.06.01-AM.png\",\"contentUrl\":\"https:\\\/\\\/purehivehoney.com\\\/de\\\/wp-content\\\/uploads\\\/2026\\\/03\\\/Screenshot-2026-03-16-at-1.06.01-AM.png\",\"width\":2112,\"height\":1086,\"caption\":\"PureHiveHoney\"},\"image\":{\"@id\":\"https:\\\/\\\/purehivehoney.com\\\/de\\\/#\\\/schema\\\/logo\\\/image\\\/\"}}]}<\/script>\n<!-- \/ Yoast SEO plugin. -->","yoast_head_json":{"title":"G\u00e9n\u00e9rique Honigspender \u2013 transparente Flasche mit Ausgie\u00dfer | Sirupausgie\u00dfer mit gro\u00dfem Fassungsverm\u00f6gen, f\u00fcr Honig, Sirup, Saucen, Kaffee, K\u00fcche, Esszimmer, Bar, Picknick - PureHiveHoney","description":"Entdecken Sie hochwertigen Rohhonig, Bio Honig, Manuka Honig und nat\u00fcrliche Bienenprodukte. PureHiveHoney hilft Ihnen dabei, sorgf\u00e4ltig ausgew\u00e4hlte Honigsorten mit nat\u00fcrlicher Qualit\u00e4t und Reinheit zu entdecken.","robots":{"index":"index","follow":"follow","max-snippet":"max-snippet:-1","max-image-preview":"max-image-preview:large","max-video-preview":"max-video-preview:-1"},"canonical":"https:\/\/purehivehoney.com\/de\/product\/generique-honigspender-transparente-flasche-mit-ausgiesser-sirupausgiesser-mit-grossem-fassungsvermoegen-fuer-honig-sirup-saucen-kaffee-kueche-esszimmer-bar-picknick\/","og_locale":"de_DE","og_type":"article","og_title":"G\u00e9n\u00e9rique Honigspender \u2013 transparente Flasche mit Ausgie\u00dfer | Sirupausgie\u00dfer mit gro\u00dfem Fassungsverm\u00f6gen, f\u00fcr Honig, Sirup, Saucen, Kaffee, K\u00fcche, Esszimmer, Bar, Picknick - PureHiveHoney","og_description":"Entdecken Sie hochwertigen Rohhonig, Bio Honig, Manuka Honig und nat\u00fcrliche Bienenprodukte. PureHiveHoney hilft Ihnen dabei, sorgf\u00e4ltig ausgew\u00e4hlte Honigsorten mit nat\u00fcrlicher Qualit\u00e4t und Reinheit zu entdecken.","og_url":"https:\/\/purehivehoney.com\/de\/product\/generique-honigspender-transparente-flasche-mit-ausgiesser-sirupausgiesser-mit-grossem-fassungsvermoegen-fuer-honig-sirup-saucen-kaffee-kueche-esszimmer-bar-picknick\/","og_site_name":"PureHiveHoney","article_modified_time":"2026-03-16T06:37:12+00:00","og_image":[{"url":"https:\/\/images-na.ssl-images-amazon.com\/images\/G\/01\/x-locale\/common\/grey-pixel.gif","type":"","width":"","height":""}],"twitter_card":"summary_large_image","twitter_misc":{"Gesch\u00e4tzte Lesezeit":"2\u00a0Minuten"},"schema":{"@context":"https:\/\/schema.org","@graph":[{"@type":"WebPage","@id":"https:\/\/purehivehoney.com\/de\/product\/generique-honigspender-transparente-flasche-mit-ausgiesser-sirupausgiesser-mit-grossem-fassungsvermoegen-fuer-honig-sirup-saucen-kaffee-kueche-esszimmer-bar-picknick\/","url":"https:\/\/purehivehoney.com\/de\/product\/generique-honigspender-transparente-flasche-mit-ausgiesser-sirupausgiesser-mit-grossem-fassungsvermoegen-fuer-honig-sirup-saucen-kaffee-kueche-esszimmer-bar-picknick\/","name":"G\u00e9n\u00e9rique Honigspender \u2013 transparente Flasche mit Ausgie\u00dfer | Sirupausgie\u00dfer mit gro\u00dfem Fassungsverm\u00f6gen, f\u00fcr Honig, Sirup, Saucen, Kaffee, K\u00fcche, Esszimmer, Bar, Picknick - PureHiveHoney","isPartOf":{"@id":"https:\/\/purehivehoney.com\/de\/#website"},"primaryImageOfPage":{"@id":"https:\/\/purehivehoney.com\/de\/product\/generique-honigspender-transparente-flasche-mit-ausgiesser-sirupausgiesser-mit-grossem-fassungsvermoegen-fuer-honig-sirup-saucen-kaffee-kueche-esszimmer-bar-picknick\/#primaryimage"},"image":{"@id":"https:\/\/purehivehoney.com\/de\/product\/generique-honigspender-transparente-flasche-mit-ausgiesser-sirupausgiesser-mit-grossem-fassungsvermoegen-fuer-honig-sirup-saucen-kaffee-kueche-esszimmer-bar-picknick\/#primaryimage"},"thumbnailUrl":"https:\/\/purehivehoney.com\/de\/wp-content\/uploads\/2026\/03\/515AywDVGbL._AC_SL1500_.jpg","datePublished":"2026-03-16T06:36:52+00:00","dateModified":"2026-03-16T06:37:12+00:00","description":"Entdecken Sie hochwertigen Rohhonig, Bio Honig, Manuka Honig und nat\u00fcrliche Bienenprodukte. PureHiveHoney hilft Ihnen dabei, sorgf\u00e4ltig ausgew\u00e4hlte Honigsorten mit nat\u00fcrlicher Qualit\u00e4t und Reinheit zu entdecken.","breadcrumb":{"@id":"https:\/\/purehivehoney.com\/de\/product\/generique-honigspender-transparente-flasche-mit-ausgiesser-sirupausgiesser-mit-grossem-fassungsvermoegen-fuer-honig-sirup-saucen-kaffee-kueche-esszimmer-bar-picknick\/#breadcrumb"},"inLanguage":"de","potentialAction":[{"@type":"ReadAction","target":["https:\/\/purehivehoney.com\/de\/product\/generique-honigspender-transparente-flasche-mit-ausgiesser-sirupausgiesser-mit-grossem-fassungsvermoegen-fuer-honig-sirup-saucen-kaffee-kueche-esszimmer-bar-picknick\/"]}]},{"@type":"ImageObject","inLanguage":"de","@id":"https:\/\/purehivehoney.com\/de\/product\/generique-honigspender-transparente-flasche-mit-ausgiesser-sirupausgiesser-mit-grossem-fassungsvermoegen-fuer-honig-sirup-saucen-kaffee-kueche-esszimmer-bar-picknick\/#primaryimage","url":"https:\/\/purehivehoney.com\/de\/wp-content\/uploads\/2026\/03\/515AywDVGbL._AC_SL1500_.jpg","contentUrl":"https:\/\/purehivehoney.com\/de\/wp-content\/uploads\/2026\/03\/515AywDVGbL._AC_SL1500_.jpg","width":736,"height":1328},{"@type":"BreadcrumbList","@id":"https:\/\/purehivehoney.com\/de\/product\/generique-honigspender-transparente-flasche-mit-ausgiesser-sirupausgiesser-mit-grossem-fassungsvermoegen-fuer-honig-sirup-saucen-kaffee-kueche-esszimmer-bar-picknick\/#breadcrumb","itemListElement":[{"@type":"ListItem","position":1,"name":"Home","item":"https:\/\/purehivehoney.com\/de\/"},{"@type":"ListItem","position":2,"name":"Shop","item":"https:\/\/purehivehoney.com\/de\/shop\/"},{"@type":"ListItem","position":3,"name":"G\u00e9n\u00e9rique Honigspender \u2013 transp..."}]},{"@type":"WebSite","@id":"https:\/\/purehivehoney.com\/de\/#website","url":"https:\/\/purehivehoney.com\/de\/","name":"PureHiveHoney","description":"Reiner Honig &amp; Bienenprodukte Online | Rohhonig, Bio Honig &amp; Spezialhonig","publisher":{"@id":"https:\/\/purehivehoney.com\/de\/#organization"},"potentialAction":[{"@type":"SearchAction","target":{"@type":"EntryPoint","urlTemplate":"https:\/\/purehivehoney.com\/de\/?s={search_term_string}"},"query-input":{"@type":"PropertyValueSpecification","valueRequired":true,"valueName":"search_term_string"}}],"inLanguage":"de"},{"@type":"Organization","@id":"https:\/\/purehivehoney.com\/de\/#organization","name":"PureHiveHoney","url":"https:\/\/purehivehoney.com\/de\/","logo":{"@type":"ImageObject","inLanguage":"de","@id":"https:\/\/purehivehoney.com\/de\/#\/schema\/logo\/image\/","url":"https:\/\/purehivehoney.com\/de\/wp-content\/uploads\/2026\/03\/Screenshot-2026-03-16-at-1.06.01-AM.png","contentUrl":"https:\/\/purehivehoney.com\/de\/wp-content\/uploads\/2026\/03\/Screenshot-2026-03-16-at-1.06.01-AM.png","width":2112,"height":1086,"caption":"PureHiveHoney"},"image":{"@id":"https:\/\/purehivehoney.com\/de\/#\/schema\/logo\/image\/"}}]}},"_links":{"self":[{"href":"https:\/\/purehivehoney.com\/de\/wp-json\/wp\/v2\/product\/911","targetHints":{"allow":["GET"]}}],"collection":[{"href":"https:\/\/purehivehoney.com\/de\/wp-json\/wp\/v2\/product"}],"about":[{"href":"https:\/\/purehivehoney.com\/de\/wp-json\/wp\/v2\/types\/product"}],"replies":[{"embeddable":true,"href":"https:\/\/purehivehoney.com\/de\/wp-json\/wp\/v2\/comments?post=911"}],"wp:featuredmedia":[{"embeddable":true,"href":"https:\/\/purehivehoney.com\/de\/wp-json\/wp\/v2\/media\/912"}],"wp:attachment":[{"href":"https:\/\/purehivehoney.com\/de\/wp-json\/wp\/v2\/media?parent=911"}],"wp:term":[{"taxonomy":"store","embeddable":true,"href":"https:\/\/purehivehoney.com\/de\/wp-json\/wp\/v2\/store?post=911"},{"taxonomy":"product_brand","embeddable":true,"href":"https:\/\/purehivehoney.com\/de\/wp-json\/wp\/v2\/product_brand?post=911"},{"taxonomy":"product_cat","embeddable":true,"href":"https:\/\/purehivehoney.com\/de\/wp-json\/wp\/v2\/product_cat?post=911"},{"taxonomy":"product_tag","embeddable":true,"href":"https:\/\/purehivehoney.com\/de\/wp-json\/wp\/v2\/product_tag?post=911"}],"curies":[{"name":"wp","href":"https:\/\/api.w.org\/{rel}","templated":true}]}}