{"id":877,"date":"2026-03-16T06:12:11","date_gmt":"2026-03-16T06:12:11","guid":{"rendered":"https:\/\/purehivehoney.com\/de\/product\/manuka-honig-alles-ueber-die-heilkraft-des-wundermittels-aus-neuseeland\/"},"modified":"2026-03-16T06:12:13","modified_gmt":"2026-03-16T06:12:13","slug":"manuka-honig-alles-ueber-die-heilkraft-des-wundermittels-aus-neuseeland","status":"publish","type":"product","link":"https:\/\/purehivehoney.com\/de\/product\/manuka-honig-alles-ueber-die-heilkraft-des-wundermittels-aus-neuseeland\/","title":{"rendered":"Manuka Honig: Alles \u00fcber die Heilk..."},"content":{"rendered":"<p>  Manuka Honig \u27a4 Das neuseel\u00e4ndische Wundermittel aus der Natur<\/p>\n<p>Manuka &#8211; Honig ist ein Naturprodukt mit au\u00dfergew\u00f6hnlicher Heilkraft. Die Wirkung, wie beispielsweise das antibakterielle, ist in zahlreichen Studien nachgewiesen worden. Schon die Maori \u2013 die Ureinwohner Neuseelands \u2013 kannten die Wirkung und haben vor Jahrhunderten die Sud aus der Manukapflanze genutzt, um auftretende Leiden zu lindern. Noch heute wird dies in der traditionellen Heilmedizin der Maoris eingesetzt, beispielsweise bei Wundheilungen oder bei Erkrankungen der Haut.<\/p>\n<p>Mit dem Anstieg der sogenannten &#8222;Zivilisationskrankheiten&#8220; unserer Zeit steigt auch gleichzeitig die Sehnsucht nach unkonventionellen Heilmitteln. Klassisches Beispiel, gegen welche die moderne Medizin zusehends machtloser wird, sind Krankenhauskeime. Hier ist der Manuka &#8211; Honig ein sehr wirksames Mittel, um dem entgegenzuwirken.<\/p>\n<p>Woher kommt die besondere die besondere Heilkraft des Honigs?<\/p>\n<p>Die spezielle Kraft kommt von Methylglyoxal (MGO), welches ein nat\u00fcrlich vorkommender Inhaltsstoff ist und damit den Honig Manuka so besonders macht. Dieser MGO-Wert bezeichnet die St\u00e4rke des Honigs &#8211; je h\u00f6her der MGO, desto st\u00e4rker die Manuka Heilwirkung. K\u00e4uflich erwerben lassen sich Manuka Honig 400, Manuka Honig 550 oder sogar Manuka- Honig mit noch h\u00f6heren MGO Wert. Au\u00dferdem eignen sich die Bienenwaben zum Essen, da normalerweise Manuka Honig Bio ist.<\/p>\n<p>Was lernen Sie in diesem Manuka Honig Buch?Die Heilkraft des Honigs aus NeuseelandWie dieser Manuka-Honig gewonnen wirdDetaillierte Anwendungsbereiche und hilfreiche BeispieleWeltweite Studien und der aktuelle Stand der Wissenschaft*** BONUS: Spezielle Honig-Rezepte (F\u00fcr Fr\u00fchst\u00fcck, Mittag und Abendessen)    <br \/> <br \/>\n                                             From the Publisher   <\/p>\n<p>                                                  <img decoding=\"async\" alt=\"manuka honig\" src=\"https:\/\/images-na.ssl-images-amazon.com\/images\/G\/01\/x-locale\/common\/grey-pixel.gif\" class=\"a-lazy-loaded\" data-src=\"https:\/\/m.media-amazon.com\/images\/S\/aplus-media\/vc\/3d21dfae-dba3-401b-9734-7833f5b07798.__CR0,1393,5410,1673_PT0_SX970_V1___.jpg\"><img decoding=\"async\" alt=\"manuka honig\" src=\"https:\/\/m.media-amazon.com\/images\/S\/aplus-media\/vc\/3d21dfae-dba3-401b-9734-7833f5b07798.__CR0,1393,5410,1673_PT0_SX970_V1___.jpg\">  <\/p>\n<h3> Das neuseel\u00e4ndische Wundermittel aus der Natur \u2013 Wirkung wissenschaftlich erwiesen! <\/h3>\n<p>                                                      <img decoding=\"async\" alt=\"Manuka Honig\" src=\"https:\/\/images-na.ssl-images-amazon.com\/images\/G\/01\/x-locale\/common\/grey-pixel.gif\" class=\"a-spacing-mini a-lazy-loaded\" data-src=\"https:\/\/m.media-amazon.com\/images\/S\/aplus-media\/vc\/1f02ef92-0749-4448-9372-b8623ef02369.__CR346,0,1844,1844_PT0_SX300_V1___.png\"><img decoding=\"async\" alt=\"Manuka Honig\" src=\"https:\/\/m.media-amazon.com\/images\/S\/aplus-media\/vc\/1f02ef92-0749-4448-9372-b8623ef02369.__CR346,0,1844,1844_PT0_SX300_V1___.png\">  <\/p>\n<h3 class=\"a-spacing-mini\"> Manuka Honig <\/h3>\n<p>                                           Das besondere an der S\u00fcdseemyrte                                     <\/p>\n<p class=\"a-spacing-base\"> Der von den Honigbienen aus der S\u00fcdseemyrte (Manuka Pflanze) erzeugte Honig wird seit Jahrhunderten von den dort ans\u00e4ssigen Maoris als nat\u00fcrliches und hochwertiges Lebensmittel gesch\u00e4tzt. Den Ureinwohnern Neuseelands ist insbesondere die Heilkraft der Manuka-Bl\u00fcte bekannt, weswegen der Honig auch heutzutage noch bei z.B.  Wundheilungen oder bei Erkrankungen der Haut zum Einsatz kommt. <\/p>\n<p class=\"a-spacing-base\"> Lassen Sie sich von den Maoris inspirieren und implementieren Sie Manuka Honig in Ihre Tages-Routine, beispielsweise in Form von Ein Tee-L\u00f6ffel t\u00e4glich. Sie werden \u00fcberrascht sein, wie positiv dieser eine L\u00f6ffel sich auf ihr Wohlbefinden und ihre Vitalit\u00e4t auswirkt. <\/p>\n<p>                                           Warum dieser Ratgeber?                                     <\/p>\n<p class=\"a-spacing-base\"> In diesem Premium Praxisbuch werden die entscheidenden Fragen rund um Manuka Honig beleuchtet und entsprechende Studien mitgeliefert, welche die nat\u00fcrliche Heilkraft empirisch untermauern. <\/p>\n<p>                                                         Sie lernen u.a. Folgendes aus dem Premium Praxisbuch:                                        Wirkungsweise des Manuka Honigs       Wie dieser gewonnen wird       Detaillierte Anwendungsbereiche       Weltweite Studien und der aktuelle Stand der Wissenschaft       Bonus: Spezielle Honig-Rezepte (F\u00fcr Fr\u00fchst\u00fcck, Mittag und Abendessen)       u.v.m.       <\/p>\n<p>                                                  <img decoding=\"async\" alt=\"Manuka\" src=\"https:\/\/images-na.ssl-images-amazon.com\/images\/G\/01\/x-locale\/common\/grey-pixel.gif\" class=\"a-spacing-mini a-lazy-loaded\" data-src=\"https:\/\/m.media-amazon.com\/images\/S\/aplus-media\/vc\/12db6669-1a87-4dce-b255-17efd030662a.__CR0,0,500,500_PT0_SX300_V1___.png\"><img decoding=\"async\" alt=\"Manuka\" src=\"https:\/\/m.media-amazon.com\/images\/S\/aplus-media\/vc\/12db6669-1a87-4dce-b255-17efd030662a.__CR0,0,500,500_PT0_SX300_V1___.png\">  <\/p>\n<h3 class=\"a-spacing-mini\"> \u00dcber die Autoren <\/h3>\n<p> Die Naturheilkunde-Experten von Superior Lifestyle Experts haben sich zum Ziel gesetzt, \u00fcber alternative Heilmethoden und gesunde Lebensweisen zu informieren. Daf\u00fcr werden unter Anderem nat\u00fcrliche Mittel vorgestellt, die der breiten \u00d6ffentlichkeit nicht bekannt sind und die Leserschaft dazu ermutigt, ins Handeln zu kommen! <\/p>\n<p>                         Add To Basket  <\/p>\n<p>                         Add To Basket  <\/p>\n<p>                         Add To Basket  <\/p>\n<p>                         Add To Basket  <\/p>\n<p>                             Customer Reviews  <\/p>\n<p>                    4.5 out of 5 stars  70  <\/p>\n<p>                    4.6 out of 5 stars  30  <\/p>\n<p>                    4.3 out of 5 stars  115  <\/p>\n<p>                    4.5 out of 5 stars  80  <\/p>\n<p>                             Price  <\/p>\n<p>                                    USD\u00a013.88USD13.88                  USD\u00a010.59USD10.59                  USD\u00a08.45USD8.45                  USD\u00a09.62USD9.62              <\/p>\n<p>                             Umfang<br \/>\n                                116 Seiten               67 Seiten               93 Seiten               86 Seiten              <\/p>\n<p>                             Formate<br \/>\n                                Print | eBook               Print | eBook               Print | eBook               Print | eBook              <\/p>\n<p>                             Gl\u00e4nzendes Cover mit einem ansprechenden Design  <\/p>\n<p>                                              \u2713<\/p>\n<p>                                              \u2713<\/p>\n<p>                                              \u2713<\/p>\n<p>                                              \u2713<\/p>\n<p>                             Wissenschaftlich fundiert  <\/p>\n<p>                                              \u2713<\/p>\n<p>                                              \u2713<\/p>\n<p>                                              \u2713<\/p>\n<p>                                              \u2713<\/p>\n<p>                             Geld-Zur\u00fcck-Garantie  <\/p>\n<p>                                              \u2713<\/p>\n<p>                                              \u2713<\/p>\n<p>                                              \u2713<\/p>\n<p>                                              \u2713<\/p>\n<p> Publisher                                            \u200f                                            :                                            \u200e                                                        Independently published       <br \/> Publication date                                            \u200f                                            :                                            \u200e                                                        13 Jan. 2019       <br \/> Language                                            \u200f                                            :                                            \u200e                                            German   <br \/> Print length                                            \u200f                                            :                                            \u200e                                                        119 pages       <br \/> ISBN-10                                            \u200f                                            :                                            \u200e                                                        1794048324       <br \/> ISBN-13                                            \u200f                                            :                                            \u200e                                                        978-1794048324       <br \/> Dimensions                                            \u200f                                            :                                            \u200e                                                        16.99 x 0.76 x 24.41 cm       <br \/>       Best Sellers Rank:  641,060 in Books (See Top 100 in Books)    178 in Flower Science   594 in Children&#8217;s Books on Bugs &#038; Spiders   1,737 in Animals &#038; Plants (Books)      <br \/>  Customer reviews:                                                                                            4.5               4.5 out of 5 stars                                  (70)                                              var dpAcrHasRegisteredArcLinkClickAction;                    P.when(&#8218;A&#8216;, &#8218;ready&#8216;).execute(function(A) {                        if (dpAcrHasRegisteredArcLinkClickAction !== true) {                            dpAcrHasRegisteredArcLinkClickAction = true;                            A.declarative(                                &#8218;acrLink-click-metrics&#8216;, &#8218;click&#8216;,                                { &#8222;allowLinkDefault&#8220;: true },                                function (event) {                                    if (window.ue) {                                        ue.count(&#8222;acrLinkClickCount&#8220;, (ue.count(&#8222;acrLinkClickCount&#8220;) || 0) + 1);                                    }                                }                            );                        }                    });                                             P.when(&#8218;A&#8216;, &#8218;cf&#8216;).execute(function(A) {                A.declarative(&#8218;acrStarsLink-click-metrics&#8216;, &#8218;click&#8216;, { &#8222;allowLinkDefault&#8220; : true },  function(event){                    if(window.ue) {                        ue.count(&#8222;acrStarsLinkWithPopoverClickCount&#8220;, (ue.count(&#8222;acrStarsLinkWithPopoverClickCount&#8220;) || 0) + 1);                    }                });            });                          <br \/><\/p>\n","protected":false},"excerpt":{"rendered":"<p>Manuka Honig \u27a4 Das neuseel\u00e4ndische Wundermittel aus der Natur Manuka &#8211; Honig ist ein Naturprodukt mit au\u00dfergew\u00f6hnlicher Heilkraft. Die Wirkung, wie beispielsweise das antibakterielle, ist in zahlreichen Studien nachgewiesen worden. Schon die Maori \u2013 die Ureinwohner Neuseelands \u2013 kannten die Wirkung und haben vor Jahrhunderten die Sud aus der Manukapflanze genutzt, um auftretende Leiden zu [&hellip;]<\/p>\n","protected":false},"featured_media":878,"comment_status":"open","ping_status":"closed","template":"","meta":{"_aipt_faq_data":""},"store":[],"product_brand":[],"product_cat":[60],"product_tag":[143],"class_list":{"0":"post-877","1":"product","2":"type-product","3":"status-publish","4":"has-post-thumbnail","6":"product_cat-honig-fur-das-immunsystem","7":"product_tag-natuerlicher-honig-fuer-das-immunsystem","9":"first","10":"instock","11":"shipping-taxable","12":"product-type-external"},"yoast_head":"<!-- This site is optimized with the Yoast SEO plugin v27.4 - https:\/\/yoast.com\/product\/yoast-seo-wordpress\/ -->\n<title>Manuka Honig: Alles \u00fcber die Heilkraft des Wundermittels aus Neuseeland - PureHiveHoney<\/title>\n<meta name=\"description\" content=\"Entdecken Sie hochwertigen Rohhonig, Bio Honig, Manuka Honig und nat\u00fcrliche Bienenprodukte. PureHiveHoney hilft Ihnen dabei, sorgf\u00e4ltig ausgew\u00e4hlte Honigsorten mit nat\u00fcrlicher Qualit\u00e4t und Reinheit zu entdecken.\" \/>\n<meta name=\"robots\" content=\"index, follow, max-snippet:-1, max-image-preview:large, max-video-preview:-1\" \/>\n<link rel=\"canonical\" href=\"https:\/\/purehivehoney.com\/de\/product\/manuka-honig-alles-ueber-die-heilkraft-des-wundermittels-aus-neuseeland\/\" \/>\n<meta property=\"og:locale\" content=\"de_DE\" \/>\n<meta property=\"og:type\" content=\"article\" \/>\n<meta property=\"og:title\" content=\"Manuka Honig: Alles \u00fcber die Heilkraft des Wundermittels aus Neuseeland - PureHiveHoney\" \/>\n<meta property=\"og:description\" content=\"Entdecken Sie hochwertigen Rohhonig, Bio Honig, Manuka Honig und nat\u00fcrliche Bienenprodukte. PureHiveHoney hilft Ihnen dabei, sorgf\u00e4ltig ausgew\u00e4hlte Honigsorten mit nat\u00fcrlicher Qualit\u00e4t und Reinheit zu entdecken.\" \/>\n<meta property=\"og:url\" content=\"https:\/\/purehivehoney.com\/de\/product\/manuka-honig-alles-ueber-die-heilkraft-des-wundermittels-aus-neuseeland\/\" \/>\n<meta property=\"og:site_name\" content=\"PureHiveHoney\" \/>\n<meta property=\"article:modified_time\" content=\"2026-03-16T06:12:13+00:00\" \/>\n<meta property=\"og:image\" content=\"https:\/\/images-na.ssl-images-amazon.com\/images\/G\/01\/x-locale\/common\/grey-pixel.gif\" \/>\n<meta name=\"twitter:card\" content=\"summary_large_image\" \/>\n<meta name=\"twitter:label1\" content=\"Gesch\u00e4tzte Lesezeit\" \/>\n\t<meta name=\"twitter:data1\" content=\"3\u00a0Minuten\" \/>\n<script type=\"application\/ld+json\" class=\"yoast-schema-graph\">{\"@context\":\"https:\\\/\\\/schema.org\",\"@graph\":[{\"@type\":\"WebPage\",\"@id\":\"https:\\\/\\\/purehivehoney.com\\\/de\\\/product\\\/manuka-honig-alles-ueber-die-heilkraft-des-wundermittels-aus-neuseeland\\\/\",\"url\":\"https:\\\/\\\/purehivehoney.com\\\/de\\\/product\\\/manuka-honig-alles-ueber-die-heilkraft-des-wundermittels-aus-neuseeland\\\/\",\"name\":\"Manuka Honig: Alles \u00fcber die Heilkraft des Wundermittels aus Neuseeland - PureHiveHoney\",\"isPartOf\":{\"@id\":\"https:\\\/\\\/purehivehoney.com\\\/de\\\/#website\"},\"primaryImageOfPage\":{\"@id\":\"https:\\\/\\\/purehivehoney.com\\\/de\\\/product\\\/manuka-honig-alles-ueber-die-heilkraft-des-wundermittels-aus-neuseeland\\\/#primaryimage\"},\"image\":{\"@id\":\"https:\\\/\\\/purehivehoney.com\\\/de\\\/product\\\/manuka-honig-alles-ueber-die-heilkraft-des-wundermittels-aus-neuseeland\\\/#primaryimage\"},\"thumbnailUrl\":\"https:\\\/\\\/purehivehoney.com\\\/de\\\/wp-content\\\/uploads\\\/2026\\\/03\\\/61tU72YbweL._SL1437_.jpg\",\"datePublished\":\"2026-03-16T06:12:11+00:00\",\"dateModified\":\"2026-03-16T06:12:13+00:00\",\"description\":\"Entdecken Sie hochwertigen Rohhonig, Bio Honig, Manuka Honig und nat\u00fcrliche Bienenprodukte. PureHiveHoney hilft Ihnen dabei, sorgf\u00e4ltig ausgew\u00e4hlte Honigsorten mit nat\u00fcrlicher Qualit\u00e4t und Reinheit zu entdecken.\",\"breadcrumb\":{\"@id\":\"https:\\\/\\\/purehivehoney.com\\\/de\\\/product\\\/manuka-honig-alles-ueber-die-heilkraft-des-wundermittels-aus-neuseeland\\\/#breadcrumb\"},\"inLanguage\":\"de\",\"potentialAction\":[{\"@type\":\"ReadAction\",\"target\":[\"https:\\\/\\\/purehivehoney.com\\\/de\\\/product\\\/manuka-honig-alles-ueber-die-heilkraft-des-wundermittels-aus-neuseeland\\\/\"]}]},{\"@type\":\"ImageObject\",\"inLanguage\":\"de\",\"@id\":\"https:\\\/\\\/purehivehoney.com\\\/de\\\/product\\\/manuka-honig-alles-ueber-die-heilkraft-des-wundermittels-aus-neuseeland\\\/#primaryimage\",\"url\":\"https:\\\/\\\/purehivehoney.com\\\/de\\\/wp-content\\\/uploads\\\/2026\\\/03\\\/61tU72YbweL._SL1437_.jpg\",\"contentUrl\":\"https:\\\/\\\/purehivehoney.com\\\/de\\\/wp-content\\\/uploads\\\/2026\\\/03\\\/61tU72YbweL._SL1437_.jpg\",\"width\":1000,\"height\":1437},{\"@type\":\"BreadcrumbList\",\"@id\":\"https:\\\/\\\/purehivehoney.com\\\/de\\\/product\\\/manuka-honig-alles-ueber-die-heilkraft-des-wundermittels-aus-neuseeland\\\/#breadcrumb\",\"itemListElement\":[{\"@type\":\"ListItem\",\"position\":1,\"name\":\"Home\",\"item\":\"https:\\\/\\\/purehivehoney.com\\\/de\\\/\"},{\"@type\":\"ListItem\",\"position\":2,\"name\":\"Shop\",\"item\":\"https:\\\/\\\/purehivehoney.com\\\/de\\\/shop\\\/\"},{\"@type\":\"ListItem\",\"position\":3,\"name\":\"Manuka Honig: Alles \u00fcber die Heilk...\"}]},{\"@type\":\"WebSite\",\"@id\":\"https:\\\/\\\/purehivehoney.com\\\/de\\\/#website\",\"url\":\"https:\\\/\\\/purehivehoney.com\\\/de\\\/\",\"name\":\"PureHiveHoney\",\"description\":\"Reiner Honig &amp; Bienenprodukte Online | Rohhonig, Bio Honig &amp; Spezialhonig\",\"publisher\":{\"@id\":\"https:\\\/\\\/purehivehoney.com\\\/de\\\/#organization\"},\"potentialAction\":[{\"@type\":\"SearchAction\",\"target\":{\"@type\":\"EntryPoint\",\"urlTemplate\":\"https:\\\/\\\/purehivehoney.com\\\/de\\\/?s={search_term_string}\"},\"query-input\":{\"@type\":\"PropertyValueSpecification\",\"valueRequired\":true,\"valueName\":\"search_term_string\"}}],\"inLanguage\":\"de\"},{\"@type\":\"Organization\",\"@id\":\"https:\\\/\\\/purehivehoney.com\\\/de\\\/#organization\",\"name\":\"PureHiveHoney\",\"url\":\"https:\\\/\\\/purehivehoney.com\\\/de\\\/\",\"logo\":{\"@type\":\"ImageObject\",\"inLanguage\":\"de\",\"@id\":\"https:\\\/\\\/purehivehoney.com\\\/de\\\/#\\\/schema\\\/logo\\\/image\\\/\",\"url\":\"https:\\\/\\\/purehivehoney.com\\\/de\\\/wp-content\\\/uploads\\\/2026\\\/03\\\/Screenshot-2026-03-16-at-1.06.01-AM.png\",\"contentUrl\":\"https:\\\/\\\/purehivehoney.com\\\/de\\\/wp-content\\\/uploads\\\/2026\\\/03\\\/Screenshot-2026-03-16-at-1.06.01-AM.png\",\"width\":2112,\"height\":1086,\"caption\":\"PureHiveHoney\"},\"image\":{\"@id\":\"https:\\\/\\\/purehivehoney.com\\\/de\\\/#\\\/schema\\\/logo\\\/image\\\/\"}}]}<\/script>\n<!-- \/ Yoast SEO plugin. -->","yoast_head_json":{"title":"Manuka Honig: Alles \u00fcber die Heilkraft des Wundermittels aus Neuseeland - PureHiveHoney","description":"Entdecken Sie hochwertigen Rohhonig, Bio Honig, Manuka Honig und nat\u00fcrliche Bienenprodukte. PureHiveHoney hilft Ihnen dabei, sorgf\u00e4ltig ausgew\u00e4hlte Honigsorten mit nat\u00fcrlicher Qualit\u00e4t und Reinheit zu entdecken.","robots":{"index":"index","follow":"follow","max-snippet":"max-snippet:-1","max-image-preview":"max-image-preview:large","max-video-preview":"max-video-preview:-1"},"canonical":"https:\/\/purehivehoney.com\/de\/product\/manuka-honig-alles-ueber-die-heilkraft-des-wundermittels-aus-neuseeland\/","og_locale":"de_DE","og_type":"article","og_title":"Manuka Honig: Alles \u00fcber die Heilkraft des Wundermittels aus Neuseeland - PureHiveHoney","og_description":"Entdecken Sie hochwertigen Rohhonig, Bio Honig, Manuka Honig und nat\u00fcrliche Bienenprodukte. PureHiveHoney hilft Ihnen dabei, sorgf\u00e4ltig ausgew\u00e4hlte Honigsorten mit nat\u00fcrlicher Qualit\u00e4t und Reinheit zu entdecken.","og_url":"https:\/\/purehivehoney.com\/de\/product\/manuka-honig-alles-ueber-die-heilkraft-des-wundermittels-aus-neuseeland\/","og_site_name":"PureHiveHoney","article_modified_time":"2026-03-16T06:12:13+00:00","og_image":[{"url":"https:\/\/images-na.ssl-images-amazon.com\/images\/G\/01\/x-locale\/common\/grey-pixel.gif","type":"","width":"","height":""}],"twitter_card":"summary_large_image","twitter_misc":{"Gesch\u00e4tzte Lesezeit":"3\u00a0Minuten"},"schema":{"@context":"https:\/\/schema.org","@graph":[{"@type":"WebPage","@id":"https:\/\/purehivehoney.com\/de\/product\/manuka-honig-alles-ueber-die-heilkraft-des-wundermittels-aus-neuseeland\/","url":"https:\/\/purehivehoney.com\/de\/product\/manuka-honig-alles-ueber-die-heilkraft-des-wundermittels-aus-neuseeland\/","name":"Manuka Honig: Alles \u00fcber die Heilkraft des Wundermittels aus Neuseeland - PureHiveHoney","isPartOf":{"@id":"https:\/\/purehivehoney.com\/de\/#website"},"primaryImageOfPage":{"@id":"https:\/\/purehivehoney.com\/de\/product\/manuka-honig-alles-ueber-die-heilkraft-des-wundermittels-aus-neuseeland\/#primaryimage"},"image":{"@id":"https:\/\/purehivehoney.com\/de\/product\/manuka-honig-alles-ueber-die-heilkraft-des-wundermittels-aus-neuseeland\/#primaryimage"},"thumbnailUrl":"https:\/\/purehivehoney.com\/de\/wp-content\/uploads\/2026\/03\/61tU72YbweL._SL1437_.jpg","datePublished":"2026-03-16T06:12:11+00:00","dateModified":"2026-03-16T06:12:13+00:00","description":"Entdecken Sie hochwertigen Rohhonig, Bio Honig, Manuka Honig und nat\u00fcrliche Bienenprodukte. PureHiveHoney hilft Ihnen dabei, sorgf\u00e4ltig ausgew\u00e4hlte Honigsorten mit nat\u00fcrlicher Qualit\u00e4t und Reinheit zu entdecken.","breadcrumb":{"@id":"https:\/\/purehivehoney.com\/de\/product\/manuka-honig-alles-ueber-die-heilkraft-des-wundermittels-aus-neuseeland\/#breadcrumb"},"inLanguage":"de","potentialAction":[{"@type":"ReadAction","target":["https:\/\/purehivehoney.com\/de\/product\/manuka-honig-alles-ueber-die-heilkraft-des-wundermittels-aus-neuseeland\/"]}]},{"@type":"ImageObject","inLanguage":"de","@id":"https:\/\/purehivehoney.com\/de\/product\/manuka-honig-alles-ueber-die-heilkraft-des-wundermittels-aus-neuseeland\/#primaryimage","url":"https:\/\/purehivehoney.com\/de\/wp-content\/uploads\/2026\/03\/61tU72YbweL._SL1437_.jpg","contentUrl":"https:\/\/purehivehoney.com\/de\/wp-content\/uploads\/2026\/03\/61tU72YbweL._SL1437_.jpg","width":1000,"height":1437},{"@type":"BreadcrumbList","@id":"https:\/\/purehivehoney.com\/de\/product\/manuka-honig-alles-ueber-die-heilkraft-des-wundermittels-aus-neuseeland\/#breadcrumb","itemListElement":[{"@type":"ListItem","position":1,"name":"Home","item":"https:\/\/purehivehoney.com\/de\/"},{"@type":"ListItem","position":2,"name":"Shop","item":"https:\/\/purehivehoney.com\/de\/shop\/"},{"@type":"ListItem","position":3,"name":"Manuka Honig: Alles \u00fcber die Heilk..."}]},{"@type":"WebSite","@id":"https:\/\/purehivehoney.com\/de\/#website","url":"https:\/\/purehivehoney.com\/de\/","name":"PureHiveHoney","description":"Reiner Honig &amp; Bienenprodukte Online | Rohhonig, Bio Honig &amp; Spezialhonig","publisher":{"@id":"https:\/\/purehivehoney.com\/de\/#organization"},"potentialAction":[{"@type":"SearchAction","target":{"@type":"EntryPoint","urlTemplate":"https:\/\/purehivehoney.com\/de\/?s={search_term_string}"},"query-input":{"@type":"PropertyValueSpecification","valueRequired":true,"valueName":"search_term_string"}}],"inLanguage":"de"},{"@type":"Organization","@id":"https:\/\/purehivehoney.com\/de\/#organization","name":"PureHiveHoney","url":"https:\/\/purehivehoney.com\/de\/","logo":{"@type":"ImageObject","inLanguage":"de","@id":"https:\/\/purehivehoney.com\/de\/#\/schema\/logo\/image\/","url":"https:\/\/purehivehoney.com\/de\/wp-content\/uploads\/2026\/03\/Screenshot-2026-03-16-at-1.06.01-AM.png","contentUrl":"https:\/\/purehivehoney.com\/de\/wp-content\/uploads\/2026\/03\/Screenshot-2026-03-16-at-1.06.01-AM.png","width":2112,"height":1086,"caption":"PureHiveHoney"},"image":{"@id":"https:\/\/purehivehoney.com\/de\/#\/schema\/logo\/image\/"}}]}},"_links":{"self":[{"href":"https:\/\/purehivehoney.com\/de\/wp-json\/wp\/v2\/product\/877","targetHints":{"allow":["GET"]}}],"collection":[{"href":"https:\/\/purehivehoney.com\/de\/wp-json\/wp\/v2\/product"}],"about":[{"href":"https:\/\/purehivehoney.com\/de\/wp-json\/wp\/v2\/types\/product"}],"replies":[{"embeddable":true,"href":"https:\/\/purehivehoney.com\/de\/wp-json\/wp\/v2\/comments?post=877"}],"wp:featuredmedia":[{"embeddable":true,"href":"https:\/\/purehivehoney.com\/de\/wp-json\/wp\/v2\/media\/878"}],"wp:attachment":[{"href":"https:\/\/purehivehoney.com\/de\/wp-json\/wp\/v2\/media?parent=877"}],"wp:term":[{"taxonomy":"store","embeddable":true,"href":"https:\/\/purehivehoney.com\/de\/wp-json\/wp\/v2\/store?post=877"},{"taxonomy":"product_brand","embeddable":true,"href":"https:\/\/purehivehoney.com\/de\/wp-json\/wp\/v2\/product_brand?post=877"},{"taxonomy":"product_cat","embeddable":true,"href":"https:\/\/purehivehoney.com\/de\/wp-json\/wp\/v2\/product_cat?post=877"},{"taxonomy":"product_tag","embeddable":true,"href":"https:\/\/purehivehoney.com\/de\/wp-json\/wp\/v2\/product_tag?post=877"}],"curies":[{"name":"wp","href":"https:\/\/api.w.org\/{rel}","templated":true}]}}