{"id":871,"date":"2026-03-16T06:06:04","date_gmt":"2026-03-16T06:06:04","guid":{"rendered":"https:\/\/purehivehoney.com\/de\/product\/wholesale-high-content-royal-jelly-extract-5-0-10-had-royal-jelly-hard-capsules-net-weight-500-g\/"},"modified":"2026-03-16T06:06:06","modified_gmt":"2026-03-16T06:06:06","slug":"wholesale-high-content-royal-jelly-extract-5-0-10-had-royal-jelly-hard-capsules-net-weight-500-g","status":"publish","type":"product","link":"https:\/\/purehivehoney.com\/de\/product\/wholesale-high-content-royal-jelly-extract-5-0-10-had-royal-jelly-hard-capsules-net-weight-500-g\/","title":{"rendered":"Wholesale High Content Royal Jelly ..."},"content":{"rendered":"<p>    <span>Origin Henan Sales Form Bulk Production License Number SC12641108200014 Net Content (Specifications) 500g Item Number 0024 Storage Method Cooling Not Suitable for People Infants, Pregnant Women Packaging Specifications 5.0 Royal Jelly Hard Capsule Storage Conditions Cooling Production Process Make<\/span>    <br \/> Item Weight                                            \u200f                                            :                                            \u200e                                            500 g   <br \/> Manufacturer                                            \u200f                                            :                                            \u200e                                            WonderLand Herbs   <br \/> ASIN                                            \u200f                                            :                                            \u200e                                            B0CLNVC4FM   <br \/> Manufacturer reference                                            \u200f                                            :                                            \u200e                                            744173389271   <br \/>From nature, quality assurance<br \/>Nutritious food with high active ingredients<br \/>Royal jelly is the secretion of the pharyngeal head gland of young worker bees that raise larvae in sealed nests. Hard capsules are made by filling royal jelly lyophilised powder into capsules<br \/>Thirty years focus on the bee product industry, more than 600 exclusive physical stores<\/p>\n\n","protected":false},"excerpt":{"rendered":"<p>Origin Henan Sales Form Bulk Production License Number SC12641108200014 Net Content (Specifications) 500g Item Number 0024 Storage Method Cooling Not Suitable for People Infants, Pregnant Women Packaging Specifications 5.0 Royal Jelly Hard Capsule Storage Conditions Cooling Production Process Make Item Weight \u200f : \u200e 500 g Manufacturer \u200f : \u200e WonderLand Herbs ASIN \u200f : [&hellip;]<\/p>\n","protected":false},"featured_media":872,"comment_status":"open","ping_status":"closed","template":"","meta":{"_aipt_faq_data":""},"store":[],"product_brand":[241],"product_cat":[65],"product_tag":[169],"class_list":{"0":"post-871","1":"product","2":"type-product","3":"status-publish","4":"has-post-thumbnail","6":"product_brand-akersunder","7":"product_cat-gelee-royale","8":"product_tag-gelee-royale-kapseln-vegan","10":"first","11":"instock","12":"shipping-taxable","13":"product-type-external"},"yoast_head":"<!-- This site is optimized with the Yoast SEO plugin v27.4 - https:\/\/yoast.com\/product\/yoast-seo-wordpress\/ -->\n<title>Wholesale High Content Royal Jelly Extract 5.0% 10-HAD Royal Jelly Hard Capsules, Net Weight 500 g - PureHiveHoney<\/title>\n<meta name=\"description\" content=\"Entdecken Sie hochwertigen Rohhonig, Bio Honig, Manuka Honig und nat\u00fcrliche Bienenprodukte. PureHiveHoney hilft Ihnen dabei, sorgf\u00e4ltig ausgew\u00e4hlte Honigsorten mit nat\u00fcrlicher Qualit\u00e4t und Reinheit zu entdecken.\" \/>\n<meta name=\"robots\" content=\"index, follow, max-snippet:-1, max-image-preview:large, max-video-preview:-1\" \/>\n<link rel=\"canonical\" href=\"https:\/\/purehivehoney.com\/de\/product\/wholesale-high-content-royal-jelly-extract-5-0-10-had-royal-jelly-hard-capsules-net-weight-500-g\/\" \/>\n<meta property=\"og:locale\" content=\"de_DE\" \/>\n<meta property=\"og:type\" content=\"article\" \/>\n<meta property=\"og:title\" content=\"Wholesale High Content Royal Jelly Extract 5.0% 10-HAD Royal Jelly Hard Capsules, Net Weight 500 g - PureHiveHoney\" \/>\n<meta property=\"og:description\" content=\"Entdecken Sie hochwertigen Rohhonig, Bio Honig, Manuka Honig und nat\u00fcrliche Bienenprodukte. PureHiveHoney hilft Ihnen dabei, sorgf\u00e4ltig ausgew\u00e4hlte Honigsorten mit nat\u00fcrlicher Qualit\u00e4t und Reinheit zu entdecken.\" \/>\n<meta property=\"og:url\" content=\"https:\/\/purehivehoney.com\/de\/product\/wholesale-high-content-royal-jelly-extract-5-0-10-had-royal-jelly-hard-capsules-net-weight-500-g\/\" \/>\n<meta property=\"og:site_name\" content=\"PureHiveHoney\" \/>\n<meta property=\"article:modified_time\" content=\"2026-03-16T06:06:06+00:00\" \/>\n<meta name=\"twitter:card\" content=\"summary_large_image\" \/>\n<meta name=\"twitter:label1\" content=\"Gesch\u00e4tzte Lesezeit\" \/>\n\t<meta name=\"twitter:data1\" content=\"1\u00a0Minute\" \/>\n<script type=\"application\/ld+json\" class=\"yoast-schema-graph\">{\"@context\":\"https:\\\/\\\/schema.org\",\"@graph\":[{\"@type\":\"WebPage\",\"@id\":\"https:\\\/\\\/purehivehoney.com\\\/de\\\/product\\\/wholesale-high-content-royal-jelly-extract-5-0-10-had-royal-jelly-hard-capsules-net-weight-500-g\\\/\",\"url\":\"https:\\\/\\\/purehivehoney.com\\\/de\\\/product\\\/wholesale-high-content-royal-jelly-extract-5-0-10-had-royal-jelly-hard-capsules-net-weight-500-g\\\/\",\"name\":\"Wholesale High Content Royal Jelly Extract 5.0% 10-HAD Royal Jelly Hard Capsules, Net Weight 500 g - PureHiveHoney\",\"isPartOf\":{\"@id\":\"https:\\\/\\\/purehivehoney.com\\\/de\\\/#website\"},\"primaryImageOfPage\":{\"@id\":\"https:\\\/\\\/purehivehoney.com\\\/de\\\/product\\\/wholesale-high-content-royal-jelly-extract-5-0-10-had-royal-jelly-hard-capsules-net-weight-500-g\\\/#primaryimage\"},\"image\":{\"@id\":\"https:\\\/\\\/purehivehoney.com\\\/de\\\/product\\\/wholesale-high-content-royal-jelly-extract-5-0-10-had-royal-jelly-hard-capsules-net-weight-500-g\\\/#primaryimage\"},\"thumbnailUrl\":\"https:\\\/\\\/purehivehoney.com\\\/de\\\/wp-content\\\/uploads\\\/2026\\\/03\\\/61JVX7Dq7FL._AC_SL1045_.jpg\",\"datePublished\":\"2026-03-16T06:06:04+00:00\",\"dateModified\":\"2026-03-16T06:06:06+00:00\",\"description\":\"Entdecken Sie hochwertigen Rohhonig, Bio Honig, Manuka Honig und nat\u00fcrliche Bienenprodukte. PureHiveHoney hilft Ihnen dabei, sorgf\u00e4ltig ausgew\u00e4hlte Honigsorten mit nat\u00fcrlicher Qualit\u00e4t und Reinheit zu entdecken.\",\"breadcrumb\":{\"@id\":\"https:\\\/\\\/purehivehoney.com\\\/de\\\/product\\\/wholesale-high-content-royal-jelly-extract-5-0-10-had-royal-jelly-hard-capsules-net-weight-500-g\\\/#breadcrumb\"},\"inLanguage\":\"de\",\"potentialAction\":[{\"@type\":\"ReadAction\",\"target\":[\"https:\\\/\\\/purehivehoney.com\\\/de\\\/product\\\/wholesale-high-content-royal-jelly-extract-5-0-10-had-royal-jelly-hard-capsules-net-weight-500-g\\\/\"]}]},{\"@type\":\"ImageObject\",\"inLanguage\":\"de\",\"@id\":\"https:\\\/\\\/purehivehoney.com\\\/de\\\/product\\\/wholesale-high-content-royal-jelly-extract-5-0-10-had-royal-jelly-hard-capsules-net-weight-500-g\\\/#primaryimage\",\"url\":\"https:\\\/\\\/purehivehoney.com\\\/de\\\/wp-content\\\/uploads\\\/2026\\\/03\\\/61JVX7Dq7FL._AC_SL1045_.jpg\",\"contentUrl\":\"https:\\\/\\\/purehivehoney.com\\\/de\\\/wp-content\\\/uploads\\\/2026\\\/03\\\/61JVX7Dq7FL._AC_SL1045_.jpg\",\"width\":790,\"height\":1045},{\"@type\":\"BreadcrumbList\",\"@id\":\"https:\\\/\\\/purehivehoney.com\\\/de\\\/product\\\/wholesale-high-content-royal-jelly-extract-5-0-10-had-royal-jelly-hard-capsules-net-weight-500-g\\\/#breadcrumb\",\"itemListElement\":[{\"@type\":\"ListItem\",\"position\":1,\"name\":\"Home\",\"item\":\"https:\\\/\\\/purehivehoney.com\\\/de\\\/\"},{\"@type\":\"ListItem\",\"position\":2,\"name\":\"Shop\",\"item\":\"https:\\\/\\\/purehivehoney.com\\\/de\\\/shop\\\/\"},{\"@type\":\"ListItem\",\"position\":3,\"name\":\"Wholesale High Content Royal Jelly ...\"}]},{\"@type\":\"WebSite\",\"@id\":\"https:\\\/\\\/purehivehoney.com\\\/de\\\/#website\",\"url\":\"https:\\\/\\\/purehivehoney.com\\\/de\\\/\",\"name\":\"PureHiveHoney\",\"description\":\"Reiner Honig &amp; Bienenprodukte Online | Rohhonig, Bio Honig &amp; Spezialhonig\",\"publisher\":{\"@id\":\"https:\\\/\\\/purehivehoney.com\\\/de\\\/#organization\"},\"potentialAction\":[{\"@type\":\"SearchAction\",\"target\":{\"@type\":\"EntryPoint\",\"urlTemplate\":\"https:\\\/\\\/purehivehoney.com\\\/de\\\/?s={search_term_string}\"},\"query-input\":{\"@type\":\"PropertyValueSpecification\",\"valueRequired\":true,\"valueName\":\"search_term_string\"}}],\"inLanguage\":\"de\"},{\"@type\":\"Organization\",\"@id\":\"https:\\\/\\\/purehivehoney.com\\\/de\\\/#organization\",\"name\":\"PureHiveHoney\",\"url\":\"https:\\\/\\\/purehivehoney.com\\\/de\\\/\",\"logo\":{\"@type\":\"ImageObject\",\"inLanguage\":\"de\",\"@id\":\"https:\\\/\\\/purehivehoney.com\\\/de\\\/#\\\/schema\\\/logo\\\/image\\\/\",\"url\":\"https:\\\/\\\/purehivehoney.com\\\/de\\\/wp-content\\\/uploads\\\/2026\\\/03\\\/Screenshot-2026-03-16-at-1.06.01-AM.png\",\"contentUrl\":\"https:\\\/\\\/purehivehoney.com\\\/de\\\/wp-content\\\/uploads\\\/2026\\\/03\\\/Screenshot-2026-03-16-at-1.06.01-AM.png\",\"width\":2112,\"height\":1086,\"caption\":\"PureHiveHoney\"},\"image\":{\"@id\":\"https:\\\/\\\/purehivehoney.com\\\/de\\\/#\\\/schema\\\/logo\\\/image\\\/\"}}]}<\/script>\n<!-- \/ Yoast SEO plugin. -->","yoast_head_json":{"title":"Wholesale High Content Royal Jelly Extract 5.0% 10-HAD Royal Jelly Hard Capsules, Net Weight 500 g - PureHiveHoney","description":"Entdecken Sie hochwertigen Rohhonig, Bio Honig, Manuka Honig und nat\u00fcrliche Bienenprodukte. PureHiveHoney hilft Ihnen dabei, sorgf\u00e4ltig ausgew\u00e4hlte Honigsorten mit nat\u00fcrlicher Qualit\u00e4t und Reinheit zu entdecken.","robots":{"index":"index","follow":"follow","max-snippet":"max-snippet:-1","max-image-preview":"max-image-preview:large","max-video-preview":"max-video-preview:-1"},"canonical":"https:\/\/purehivehoney.com\/de\/product\/wholesale-high-content-royal-jelly-extract-5-0-10-had-royal-jelly-hard-capsules-net-weight-500-g\/","og_locale":"de_DE","og_type":"article","og_title":"Wholesale High Content Royal Jelly Extract 5.0% 10-HAD Royal Jelly Hard Capsules, Net Weight 500 g - PureHiveHoney","og_description":"Entdecken Sie hochwertigen Rohhonig, Bio Honig, Manuka Honig und nat\u00fcrliche Bienenprodukte. PureHiveHoney hilft Ihnen dabei, sorgf\u00e4ltig ausgew\u00e4hlte Honigsorten mit nat\u00fcrlicher Qualit\u00e4t und Reinheit zu entdecken.","og_url":"https:\/\/purehivehoney.com\/de\/product\/wholesale-high-content-royal-jelly-extract-5-0-10-had-royal-jelly-hard-capsules-net-weight-500-g\/","og_site_name":"PureHiveHoney","article_modified_time":"2026-03-16T06:06:06+00:00","twitter_card":"summary_large_image","twitter_misc":{"Gesch\u00e4tzte Lesezeit":"1\u00a0Minute"},"schema":{"@context":"https:\/\/schema.org","@graph":[{"@type":"WebPage","@id":"https:\/\/purehivehoney.com\/de\/product\/wholesale-high-content-royal-jelly-extract-5-0-10-had-royal-jelly-hard-capsules-net-weight-500-g\/","url":"https:\/\/purehivehoney.com\/de\/product\/wholesale-high-content-royal-jelly-extract-5-0-10-had-royal-jelly-hard-capsules-net-weight-500-g\/","name":"Wholesale High Content Royal Jelly Extract 5.0% 10-HAD Royal Jelly Hard Capsules, Net Weight 500 g - PureHiveHoney","isPartOf":{"@id":"https:\/\/purehivehoney.com\/de\/#website"},"primaryImageOfPage":{"@id":"https:\/\/purehivehoney.com\/de\/product\/wholesale-high-content-royal-jelly-extract-5-0-10-had-royal-jelly-hard-capsules-net-weight-500-g\/#primaryimage"},"image":{"@id":"https:\/\/purehivehoney.com\/de\/product\/wholesale-high-content-royal-jelly-extract-5-0-10-had-royal-jelly-hard-capsules-net-weight-500-g\/#primaryimage"},"thumbnailUrl":"https:\/\/purehivehoney.com\/de\/wp-content\/uploads\/2026\/03\/61JVX7Dq7FL._AC_SL1045_.jpg","datePublished":"2026-03-16T06:06:04+00:00","dateModified":"2026-03-16T06:06:06+00:00","description":"Entdecken Sie hochwertigen Rohhonig, Bio Honig, Manuka Honig und nat\u00fcrliche Bienenprodukte. PureHiveHoney hilft Ihnen dabei, sorgf\u00e4ltig ausgew\u00e4hlte Honigsorten mit nat\u00fcrlicher Qualit\u00e4t und Reinheit zu entdecken.","breadcrumb":{"@id":"https:\/\/purehivehoney.com\/de\/product\/wholesale-high-content-royal-jelly-extract-5-0-10-had-royal-jelly-hard-capsules-net-weight-500-g\/#breadcrumb"},"inLanguage":"de","potentialAction":[{"@type":"ReadAction","target":["https:\/\/purehivehoney.com\/de\/product\/wholesale-high-content-royal-jelly-extract-5-0-10-had-royal-jelly-hard-capsules-net-weight-500-g\/"]}]},{"@type":"ImageObject","inLanguage":"de","@id":"https:\/\/purehivehoney.com\/de\/product\/wholesale-high-content-royal-jelly-extract-5-0-10-had-royal-jelly-hard-capsules-net-weight-500-g\/#primaryimage","url":"https:\/\/purehivehoney.com\/de\/wp-content\/uploads\/2026\/03\/61JVX7Dq7FL._AC_SL1045_.jpg","contentUrl":"https:\/\/purehivehoney.com\/de\/wp-content\/uploads\/2026\/03\/61JVX7Dq7FL._AC_SL1045_.jpg","width":790,"height":1045},{"@type":"BreadcrumbList","@id":"https:\/\/purehivehoney.com\/de\/product\/wholesale-high-content-royal-jelly-extract-5-0-10-had-royal-jelly-hard-capsules-net-weight-500-g\/#breadcrumb","itemListElement":[{"@type":"ListItem","position":1,"name":"Home","item":"https:\/\/purehivehoney.com\/de\/"},{"@type":"ListItem","position":2,"name":"Shop","item":"https:\/\/purehivehoney.com\/de\/shop\/"},{"@type":"ListItem","position":3,"name":"Wholesale High Content Royal Jelly ..."}]},{"@type":"WebSite","@id":"https:\/\/purehivehoney.com\/de\/#website","url":"https:\/\/purehivehoney.com\/de\/","name":"PureHiveHoney","description":"Reiner Honig &amp; Bienenprodukte Online | Rohhonig, Bio Honig &amp; Spezialhonig","publisher":{"@id":"https:\/\/purehivehoney.com\/de\/#organization"},"potentialAction":[{"@type":"SearchAction","target":{"@type":"EntryPoint","urlTemplate":"https:\/\/purehivehoney.com\/de\/?s={search_term_string}"},"query-input":{"@type":"PropertyValueSpecification","valueRequired":true,"valueName":"search_term_string"}}],"inLanguage":"de"},{"@type":"Organization","@id":"https:\/\/purehivehoney.com\/de\/#organization","name":"PureHiveHoney","url":"https:\/\/purehivehoney.com\/de\/","logo":{"@type":"ImageObject","inLanguage":"de","@id":"https:\/\/purehivehoney.com\/de\/#\/schema\/logo\/image\/","url":"https:\/\/purehivehoney.com\/de\/wp-content\/uploads\/2026\/03\/Screenshot-2026-03-16-at-1.06.01-AM.png","contentUrl":"https:\/\/purehivehoney.com\/de\/wp-content\/uploads\/2026\/03\/Screenshot-2026-03-16-at-1.06.01-AM.png","width":2112,"height":1086,"caption":"PureHiveHoney"},"image":{"@id":"https:\/\/purehivehoney.com\/de\/#\/schema\/logo\/image\/"}}]}},"_links":{"self":[{"href":"https:\/\/purehivehoney.com\/de\/wp-json\/wp\/v2\/product\/871","targetHints":{"allow":["GET"]}}],"collection":[{"href":"https:\/\/purehivehoney.com\/de\/wp-json\/wp\/v2\/product"}],"about":[{"href":"https:\/\/purehivehoney.com\/de\/wp-json\/wp\/v2\/types\/product"}],"replies":[{"embeddable":true,"href":"https:\/\/purehivehoney.com\/de\/wp-json\/wp\/v2\/comments?post=871"}],"wp:featuredmedia":[{"embeddable":true,"href":"https:\/\/purehivehoney.com\/de\/wp-json\/wp\/v2\/media\/872"}],"wp:attachment":[{"href":"https:\/\/purehivehoney.com\/de\/wp-json\/wp\/v2\/media?parent=871"}],"wp:term":[{"taxonomy":"store","embeddable":true,"href":"https:\/\/purehivehoney.com\/de\/wp-json\/wp\/v2\/store?post=871"},{"taxonomy":"product_brand","embeddable":true,"href":"https:\/\/purehivehoney.com\/de\/wp-json\/wp\/v2\/product_brand?post=871"},{"taxonomy":"product_cat","embeddable":true,"href":"https:\/\/purehivehoney.com\/de\/wp-json\/wp\/v2\/product_cat?post=871"},{"taxonomy":"product_tag","embeddable":true,"href":"https:\/\/purehivehoney.com\/de\/wp-json\/wp\/v2\/product_tag?post=871"}],"curies":[{"name":"wp","href":"https:\/\/api.w.org\/{rel}","templated":true}]}}