{"id":862,"date":"2026-03-16T06:02:57","date_gmt":"2026-03-16T06:02:57","guid":{"rendered":"https:\/\/purehivehoney.com\/de\/product\/kreul-49758-candle-pen-set-of-6-hello-baby-6-x-29-ml-fine-painting-tip-colours-with-beeswax-for-decorating-and-painting-candles\/"},"modified":"2026-03-16T06:03:05","modified_gmt":"2026-03-16T06:03:05","slug":"kreul-49758-candle-pen-set-of-6-hello-baby-6-x-29-ml-fine-painting-tip-colours-with-beeswax-for-decorating-and-painting-candles","status":"publish","type":"product","link":"https:\/\/purehivehoney.com\/de\/product\/kreul-49758-candle-pen-set-of-6-hello-baby-6-x-29-ml-fine-painting-tip-colours-with-beeswax-for-decorating-and-painting-candles\/","title":{"rendered":"KREUL 49758 Candle Pen Set of 6 Hel..."},"content":{"rendered":"<p>                                             From the manufacturer   <\/p>\n<p>                                                  <img decoding=\"async\" alt=\"Candle pen painting craft design candle painting\" src=\"https:\/\/images-na.ssl-images-amazon.com\/images\/G\/01\/x-locale\/common\/grey-pixel.gif\" class=\"a-lazy-loaded\" data-src=\"https:\/\/m.media-amazon.com\/images\/S\/aplus-media-library-service-media\/2f2d41b7-17f5-49d5-8b0f-cb94b17ddf91.__CR0,0,970,300_PT0_SX970_V1___.jpg\"><img decoding=\"async\" alt=\"Candle pen painting craft design candle painting\" src=\"https:\/\/m.media-amazon.com\/images\/S\/aplus-media-library-service-media\/2f2d41b7-17f5-49d5-8b0f-cb94b17ddf91.__CR0,0,970,300_PT0_SX970_V1___.jpg\">  <\/p>\n<p>                                                  <img decoding=\"async\" alt=\"Candle pen painting craft design candle painting\" src=\"https:\/\/images-na.ssl-images-amazon.com\/images\/G\/01\/x-locale\/common\/grey-pixel.gif\" class=\"a-lazy-loaded\" data-src=\"https:\/\/m.media-amazon.com\/images\/S\/aplus-media-library-service-media\/e4e1a974-7ef2-4384-9e25-b8694d2ef33b.__CR0,0,300,300_PT0_SX300_V1___.jpg\"><img decoding=\"async\" alt=\"Candle pen painting craft design candle painting\" src=\"https:\/\/m.media-amazon.com\/images\/S\/aplus-media-library-service-media\/e4e1a974-7ef2-4384-9e25-b8694d2ef33b.__CR0,0,300,300_PT0_SX300_V1___.jpg\">  <\/p>\n<h3 class=\"a-spacing-mini\">  Candle happiness &#8211; gentle and very simple  <\/h3>\n<p> Designing candles with the Kreul candle pen makes you happy, because it is uncomplicated. Simply get started and create chic designs by dabbing and colouring. The pen is perfect for creating a cosy atmosphere at home. And very gently: We have refined the recipe of the Kreul candle pen with natural beeswax. For a quality that creatives can rely on. <\/p>\n<p>                                                  <img decoding=\"async\" alt=\"Candle pen painting craft design candle painting\" src=\"https:\/\/images-na.ssl-images-amazon.com\/images\/G\/01\/x-locale\/common\/grey-pixel.gif\" class=\"a-spacing-mini a-lazy-loaded\" data-src=\"https:\/\/m.media-amazon.com\/images\/S\/aplus-media-library-service-media\/ff1e4471-1e2c-4a63-a85d-de9defbceb68.__CR99,0,695,695_PT0_SX300_V1___.jpg\"><img decoding=\"async\" alt=\"Candle pen painting craft design candle painting\" src=\"https:\/\/m.media-amazon.com\/images\/S\/aplus-media-library-service-media\/ff1e4471-1e2c-4a63-a85d-de9defbceb68.__CR99,0,695,695_PT0_SX300_V1___.jpg\">  <\/p>\n<h3 class=\"a-spacing-mini\"> Features <\/h3>\n<p> Liquid wax-containing paint for decorating and painting candles. Water-based. Contains beeswax. Handy pen shape with fine painting tip for direct painting. Colour can be applied in layers. Suitable for paint application with brush, painting sponge and spatula and for colour techniques such as stenciling. After a drying time of approx. 8 hours, the painting is solidified on the candle. Candles can be burned with the painting under supervision <\/p>\n<p class=\"apm-text-center\">\n                                                      <img decoding=\"async\" alt=\"MARABU Candle Pen Liner\" src=\"https:\/\/images-na.ssl-images-amazon.com\/images\/G\/01\/x-locale\/common\/grey-pixel.gif\" class=\"a-spacing-mini a-lazy-loaded\" data-src=\"https:\/\/m.media-amazon.com\/images\/S\/aplus-media-library-service-media\/00ee0a72-8af7-48ea-9ae4-7a85ad408273.__CR0,0,300,300_PT0_SX300_V1___.jpg\"><img decoding=\"async\" alt=\"MARABU Candle Pen Liner\" src=\"https:\/\/m.media-amazon.com\/images\/S\/aplus-media-library-service-media\/00ee0a72-8af7-48ea-9ae4-7a85ad408273.__CR0,0,300,300_PT0_SX300_V1___.jpg\">  <\/p>\n<p>                                                     Kreul Candle Pen Set of 6 Bee Happy                                       <\/p>\n<p> Small moments of happiness in everyday life? They come with the Kreul candle pen set of 6 Bee Happy. With the six cheerful shades, candles can be created into unique eye-catchers: As a gift for friends, on occasions or for harmony at home. Very gentle, because we have refined the formula with natural beeswax. <\/p>\n<p class=\"apm-text-center\">\n                                                      <img decoding=\"async\" alt=\"MARABU Candle Pen Liner\" src=\"https:\/\/images-na.ssl-images-amazon.com\/images\/G\/01\/x-locale\/common\/grey-pixel.gif\" class=\"a-spacing-mini a-lazy-loaded\" data-src=\"https:\/\/m.media-amazon.com\/images\/S\/aplus-media-library-service-media\/d63d6e03-cafb-4f29-b9d1-ab757e70a5fb.__CR0,0,300,300_PT0_SX300_V1___.jpg\"><img decoding=\"async\" alt=\"MARABU Candle Pen Liner\" src=\"https:\/\/m.media-amazon.com\/images\/S\/aplus-media-library-service-media\/d63d6e03-cafb-4f29-b9d1-ab757e70a5fb.__CR0,0,300,300_PT0_SX300_V1___.jpg\">  <\/p>\n<p>                                                    Kreul Candle Pen Set of 6 Hello Baby                                       <\/p>\n<p> Special moments are unforgettable with loving details. With the Kreul candle pen set of 6 Hello Baby, candles can be uniquely designed. The harmoniously coordinated colour selection is completed by two festive metallic colours and makes candles fine for festive occasions &#8211; very easy with water-based candle colours and a fine painting tip for loving details. A perfect set to celebrate the birth or christening. Self-designed candles put moments in special light. <\/p>\n<p class=\"apm-text-center\">\n                                                      <img decoding=\"async\" alt=\"MARABU Candle Pen Liner\" src=\"https:\/\/images-na.ssl-images-amazon.com\/images\/G\/01\/x-locale\/common\/grey-pixel.gif\" class=\"a-spacing-mini a-lazy-loaded\" data-src=\"https:\/\/m.media-amazon.com\/images\/S\/aplus-media-library-service-media\/8fe6e2d1-90ba-46f6-8ba2-dd4ab617d132.__CR0,0,300,300_PT0_SX300_V1___.jpg\"><img decoding=\"async\" alt=\"MARABU Candle Pen Liner\" src=\"https:\/\/m.media-amazon.com\/images\/S\/aplus-media-library-service-media\/8fe6e2d1-90ba-46f6-8ba2-dd4ab617d132.__CR0,0,300,300_PT0_SX300_V1___.jpg\">  <\/p>\n<p>                                                    Kreul Candle Pen Set of 6 Winter Love                                       <\/p>\n<p> Enchanted landscapes outside, a cosy atmosphere indoors &#8211; winter is simply adorable. Let&#8217;s celebrate it with the Kreul candle pen set of 6 Winter Love. With the mix of cool, heartwarming and two metallic colours, candles can be turned into winter eye-catchers. A fantastic way to quickly create a stylish ambience, because the candle paints can be easily applied in the handy pen. Winter is unique &#8211; let&#8217;s enjoy it by candlelight. <\/p>\n<p>Liquid wax containing paint (white, pink, purple, royal blue, metallic blue, gold) for decorating and painting candles<br \/>Water based, contains beeswax<br \/>Handy pen shape with fine painting tip for direct painting<br \/>Paint can be applied layered on top of each other<br \/>After a drying time of approx. 8 hours, the painting on the candle is solidified, candles can be burned with the painting under supervision<\/p>\n\n","protected":false},"excerpt":{"rendered":"<p>From the manufacturer Candle happiness &#8211; gentle and very simple Designing candles with the Kreul candle pen makes you happy, because it is uncomplicated. Simply get started and create chic designs by dabbing and colouring. The pen is perfect for creating a cosy atmosphere at home. And very gently: We have refined the recipe of [&hellip;]<\/p>\n","protected":false},"featured_media":863,"comment_status":"open","ping_status":"closed","template":"","meta":{"_aipt_faq_data":""},"store":[],"product_brand":[240],"product_cat":[67],"product_tag":[93],"class_list":{"0":"post-862","1":"product","2":"type-product","3":"status-publish","4":"has-post-thumbnail","6":"product_brand-kreul","7":"product_cat-bienenwachs","8":"product_tag-bienenwachs-kerzen-selber-machen","10":"first","11":"instock","12":"sale","13":"shipping-taxable","14":"product-type-external"},"yoast_head":"<!-- This site is optimized with the Yoast SEO plugin v27.4 - https:\/\/yoast.com\/product\/yoast-seo-wordpress\/ -->\n<title>KREUL 49758 Candle Pen Set of 6 Hello Baby, 6 x 29 ml, Fine Painting Tip, Colours with Beeswax for Decorating and Painting Candles - PureHiveHoney<\/title>\n<meta name=\"description\" content=\"Entdecken Sie hochwertigen Rohhonig, Bio Honig, Manuka Honig und nat\u00fcrliche Bienenprodukte. PureHiveHoney hilft Ihnen dabei, sorgf\u00e4ltig ausgew\u00e4hlte Honigsorten mit nat\u00fcrlicher Qualit\u00e4t und Reinheit zu entdecken.\" \/>\n<meta name=\"robots\" content=\"index, follow, max-snippet:-1, max-image-preview:large, max-video-preview:-1\" \/>\n<link rel=\"canonical\" href=\"https:\/\/purehivehoney.com\/de\/product\/kreul-49758-candle-pen-set-of-6-hello-baby-6-x-29-ml-fine-painting-tip-colours-with-beeswax-for-decorating-and-painting-candles\/\" \/>\n<meta property=\"og:locale\" content=\"de_DE\" \/>\n<meta property=\"og:type\" content=\"article\" \/>\n<meta property=\"og:title\" content=\"KREUL 49758 Candle Pen Set of 6 Hello Baby, 6 x 29 ml, Fine Painting Tip, Colours with Beeswax for Decorating and Painting Candles - PureHiveHoney\" \/>\n<meta property=\"og:description\" content=\"Entdecken Sie hochwertigen Rohhonig, Bio Honig, Manuka Honig und nat\u00fcrliche Bienenprodukte. PureHiveHoney hilft Ihnen dabei, sorgf\u00e4ltig ausgew\u00e4hlte Honigsorten mit nat\u00fcrlicher Qualit\u00e4t und Reinheit zu entdecken.\" \/>\n<meta property=\"og:url\" content=\"https:\/\/purehivehoney.com\/de\/product\/kreul-49758-candle-pen-set-of-6-hello-baby-6-x-29-ml-fine-painting-tip-colours-with-beeswax-for-decorating-and-painting-candles\/\" \/>\n<meta property=\"og:site_name\" content=\"PureHiveHoney\" \/>\n<meta property=\"article:modified_time\" content=\"2026-03-16T06:03:05+00:00\" \/>\n<meta property=\"og:image\" content=\"https:\/\/images-na.ssl-images-amazon.com\/images\/G\/01\/x-locale\/common\/grey-pixel.gif\" \/>\n<meta name=\"twitter:card\" content=\"summary_large_image\" \/>\n<meta name=\"twitter:label1\" content=\"Gesch\u00e4tzte Lesezeit\" \/>\n\t<meta name=\"twitter:data1\" content=\"2\u00a0Minuten\" \/>\n<script type=\"application\/ld+json\" class=\"yoast-schema-graph\">{\"@context\":\"https:\\\/\\\/schema.org\",\"@graph\":[{\"@type\":\"WebPage\",\"@id\":\"https:\\\/\\\/purehivehoney.com\\\/de\\\/product\\\/kreul-49758-candle-pen-set-of-6-hello-baby-6-x-29-ml-fine-painting-tip-colours-with-beeswax-for-decorating-and-painting-candles\\\/\",\"url\":\"https:\\\/\\\/purehivehoney.com\\\/de\\\/product\\\/kreul-49758-candle-pen-set-of-6-hello-baby-6-x-29-ml-fine-painting-tip-colours-with-beeswax-for-decorating-and-painting-candles\\\/\",\"name\":\"KREUL 49758 Candle Pen Set of 6 Hello Baby, 6 x 29 ml, Fine Painting Tip, Colours with Beeswax for Decorating and Painting Candles - PureHiveHoney\",\"isPartOf\":{\"@id\":\"https:\\\/\\\/purehivehoney.com\\\/de\\\/#website\"},\"primaryImageOfPage\":{\"@id\":\"https:\\\/\\\/purehivehoney.com\\\/de\\\/product\\\/kreul-49758-candle-pen-set-of-6-hello-baby-6-x-29-ml-fine-painting-tip-colours-with-beeswax-for-decorating-and-painting-candles\\\/#primaryimage\"},\"image\":{\"@id\":\"https:\\\/\\\/purehivehoney.com\\\/de\\\/product\\\/kreul-49758-candle-pen-set-of-6-hello-baby-6-x-29-ml-fine-painting-tip-colours-with-beeswax-for-decorating-and-painting-candles\\\/#primaryimage\"},\"thumbnailUrl\":\"https:\\\/\\\/purehivehoney.com\\\/de\\\/wp-content\\\/uploads\\\/2026\\\/03\\\/71bNAq-lE-L._AC_SL1500_.jpg\",\"datePublished\":\"2026-03-16T06:02:57+00:00\",\"dateModified\":\"2026-03-16T06:03:05+00:00\",\"description\":\"Entdecken Sie hochwertigen Rohhonig, Bio Honig, Manuka Honig und nat\u00fcrliche Bienenprodukte. PureHiveHoney hilft Ihnen dabei, sorgf\u00e4ltig ausgew\u00e4hlte Honigsorten mit nat\u00fcrlicher Qualit\u00e4t und Reinheit zu entdecken.\",\"breadcrumb\":{\"@id\":\"https:\\\/\\\/purehivehoney.com\\\/de\\\/product\\\/kreul-49758-candle-pen-set-of-6-hello-baby-6-x-29-ml-fine-painting-tip-colours-with-beeswax-for-decorating-and-painting-candles\\\/#breadcrumb\"},\"inLanguage\":\"de\",\"potentialAction\":[{\"@type\":\"ReadAction\",\"target\":[\"https:\\\/\\\/purehivehoney.com\\\/de\\\/product\\\/kreul-49758-candle-pen-set-of-6-hello-baby-6-x-29-ml-fine-painting-tip-colours-with-beeswax-for-decorating-and-painting-candles\\\/\"]}]},{\"@type\":\"ImageObject\",\"inLanguage\":\"de\",\"@id\":\"https:\\\/\\\/purehivehoney.com\\\/de\\\/product\\\/kreul-49758-candle-pen-set-of-6-hello-baby-6-x-29-ml-fine-painting-tip-colours-with-beeswax-for-decorating-and-painting-candles\\\/#primaryimage\",\"url\":\"https:\\\/\\\/purehivehoney.com\\\/de\\\/wp-content\\\/uploads\\\/2026\\\/03\\\/71bNAq-lE-L._AC_SL1500_.jpg\",\"contentUrl\":\"https:\\\/\\\/purehivehoney.com\\\/de\\\/wp-content\\\/uploads\\\/2026\\\/03\\\/71bNAq-lE-L._AC_SL1500_.jpg\",\"width\":1500,\"height\":1179},{\"@type\":\"BreadcrumbList\",\"@id\":\"https:\\\/\\\/purehivehoney.com\\\/de\\\/product\\\/kreul-49758-candle-pen-set-of-6-hello-baby-6-x-29-ml-fine-painting-tip-colours-with-beeswax-for-decorating-and-painting-candles\\\/#breadcrumb\",\"itemListElement\":[{\"@type\":\"ListItem\",\"position\":1,\"name\":\"Home\",\"item\":\"https:\\\/\\\/purehivehoney.com\\\/de\\\/\"},{\"@type\":\"ListItem\",\"position\":2,\"name\":\"Shop\",\"item\":\"https:\\\/\\\/purehivehoney.com\\\/de\\\/shop\\\/\"},{\"@type\":\"ListItem\",\"position\":3,\"name\":\"KREUL 49758 Candle Pen Set of 6 Hel...\"}]},{\"@type\":\"WebSite\",\"@id\":\"https:\\\/\\\/purehivehoney.com\\\/de\\\/#website\",\"url\":\"https:\\\/\\\/purehivehoney.com\\\/de\\\/\",\"name\":\"PureHiveHoney\",\"description\":\"Reiner Honig &amp; Bienenprodukte Online | Rohhonig, Bio Honig &amp; Spezialhonig\",\"publisher\":{\"@id\":\"https:\\\/\\\/purehivehoney.com\\\/de\\\/#organization\"},\"potentialAction\":[{\"@type\":\"SearchAction\",\"target\":{\"@type\":\"EntryPoint\",\"urlTemplate\":\"https:\\\/\\\/purehivehoney.com\\\/de\\\/?s={search_term_string}\"},\"query-input\":{\"@type\":\"PropertyValueSpecification\",\"valueRequired\":true,\"valueName\":\"search_term_string\"}}],\"inLanguage\":\"de\"},{\"@type\":\"Organization\",\"@id\":\"https:\\\/\\\/purehivehoney.com\\\/de\\\/#organization\",\"name\":\"PureHiveHoney\",\"url\":\"https:\\\/\\\/purehivehoney.com\\\/de\\\/\",\"logo\":{\"@type\":\"ImageObject\",\"inLanguage\":\"de\",\"@id\":\"https:\\\/\\\/purehivehoney.com\\\/de\\\/#\\\/schema\\\/logo\\\/image\\\/\",\"url\":\"https:\\\/\\\/purehivehoney.com\\\/de\\\/wp-content\\\/uploads\\\/2026\\\/03\\\/Screenshot-2026-03-16-at-1.06.01-AM.png\",\"contentUrl\":\"https:\\\/\\\/purehivehoney.com\\\/de\\\/wp-content\\\/uploads\\\/2026\\\/03\\\/Screenshot-2026-03-16-at-1.06.01-AM.png\",\"width\":2112,\"height\":1086,\"caption\":\"PureHiveHoney\"},\"image\":{\"@id\":\"https:\\\/\\\/purehivehoney.com\\\/de\\\/#\\\/schema\\\/logo\\\/image\\\/\"}}]}<\/script>\n<!-- \/ Yoast SEO plugin. -->","yoast_head_json":{"title":"KREUL 49758 Candle Pen Set of 6 Hello Baby, 6 x 29 ml, Fine Painting Tip, Colours with Beeswax for Decorating and Painting Candles - PureHiveHoney","description":"Entdecken Sie hochwertigen Rohhonig, Bio Honig, Manuka Honig und nat\u00fcrliche Bienenprodukte. PureHiveHoney hilft Ihnen dabei, sorgf\u00e4ltig ausgew\u00e4hlte Honigsorten mit nat\u00fcrlicher Qualit\u00e4t und Reinheit zu entdecken.","robots":{"index":"index","follow":"follow","max-snippet":"max-snippet:-1","max-image-preview":"max-image-preview:large","max-video-preview":"max-video-preview:-1"},"canonical":"https:\/\/purehivehoney.com\/de\/product\/kreul-49758-candle-pen-set-of-6-hello-baby-6-x-29-ml-fine-painting-tip-colours-with-beeswax-for-decorating-and-painting-candles\/","og_locale":"de_DE","og_type":"article","og_title":"KREUL 49758 Candle Pen Set of 6 Hello Baby, 6 x 29 ml, Fine Painting Tip, Colours with Beeswax for Decorating and Painting Candles - PureHiveHoney","og_description":"Entdecken Sie hochwertigen Rohhonig, Bio Honig, Manuka Honig und nat\u00fcrliche Bienenprodukte. PureHiveHoney hilft Ihnen dabei, sorgf\u00e4ltig ausgew\u00e4hlte Honigsorten mit nat\u00fcrlicher Qualit\u00e4t und Reinheit zu entdecken.","og_url":"https:\/\/purehivehoney.com\/de\/product\/kreul-49758-candle-pen-set-of-6-hello-baby-6-x-29-ml-fine-painting-tip-colours-with-beeswax-for-decorating-and-painting-candles\/","og_site_name":"PureHiveHoney","article_modified_time":"2026-03-16T06:03:05+00:00","og_image":[{"url":"https:\/\/images-na.ssl-images-amazon.com\/images\/G\/01\/x-locale\/common\/grey-pixel.gif","type":"","width":"","height":""}],"twitter_card":"summary_large_image","twitter_misc":{"Gesch\u00e4tzte Lesezeit":"2\u00a0Minuten"},"schema":{"@context":"https:\/\/schema.org","@graph":[{"@type":"WebPage","@id":"https:\/\/purehivehoney.com\/de\/product\/kreul-49758-candle-pen-set-of-6-hello-baby-6-x-29-ml-fine-painting-tip-colours-with-beeswax-for-decorating-and-painting-candles\/","url":"https:\/\/purehivehoney.com\/de\/product\/kreul-49758-candle-pen-set-of-6-hello-baby-6-x-29-ml-fine-painting-tip-colours-with-beeswax-for-decorating-and-painting-candles\/","name":"KREUL 49758 Candle Pen Set of 6 Hello Baby, 6 x 29 ml, Fine Painting Tip, Colours with Beeswax for Decorating and Painting Candles - PureHiveHoney","isPartOf":{"@id":"https:\/\/purehivehoney.com\/de\/#website"},"primaryImageOfPage":{"@id":"https:\/\/purehivehoney.com\/de\/product\/kreul-49758-candle-pen-set-of-6-hello-baby-6-x-29-ml-fine-painting-tip-colours-with-beeswax-for-decorating-and-painting-candles\/#primaryimage"},"image":{"@id":"https:\/\/purehivehoney.com\/de\/product\/kreul-49758-candle-pen-set-of-6-hello-baby-6-x-29-ml-fine-painting-tip-colours-with-beeswax-for-decorating-and-painting-candles\/#primaryimage"},"thumbnailUrl":"https:\/\/purehivehoney.com\/de\/wp-content\/uploads\/2026\/03\/71bNAq-lE-L._AC_SL1500_.jpg","datePublished":"2026-03-16T06:02:57+00:00","dateModified":"2026-03-16T06:03:05+00:00","description":"Entdecken Sie hochwertigen Rohhonig, Bio Honig, Manuka Honig und nat\u00fcrliche Bienenprodukte. PureHiveHoney hilft Ihnen dabei, sorgf\u00e4ltig ausgew\u00e4hlte Honigsorten mit nat\u00fcrlicher Qualit\u00e4t und Reinheit zu entdecken.","breadcrumb":{"@id":"https:\/\/purehivehoney.com\/de\/product\/kreul-49758-candle-pen-set-of-6-hello-baby-6-x-29-ml-fine-painting-tip-colours-with-beeswax-for-decorating-and-painting-candles\/#breadcrumb"},"inLanguage":"de","potentialAction":[{"@type":"ReadAction","target":["https:\/\/purehivehoney.com\/de\/product\/kreul-49758-candle-pen-set-of-6-hello-baby-6-x-29-ml-fine-painting-tip-colours-with-beeswax-for-decorating-and-painting-candles\/"]}]},{"@type":"ImageObject","inLanguage":"de","@id":"https:\/\/purehivehoney.com\/de\/product\/kreul-49758-candle-pen-set-of-6-hello-baby-6-x-29-ml-fine-painting-tip-colours-with-beeswax-for-decorating-and-painting-candles\/#primaryimage","url":"https:\/\/purehivehoney.com\/de\/wp-content\/uploads\/2026\/03\/71bNAq-lE-L._AC_SL1500_.jpg","contentUrl":"https:\/\/purehivehoney.com\/de\/wp-content\/uploads\/2026\/03\/71bNAq-lE-L._AC_SL1500_.jpg","width":1500,"height":1179},{"@type":"BreadcrumbList","@id":"https:\/\/purehivehoney.com\/de\/product\/kreul-49758-candle-pen-set-of-6-hello-baby-6-x-29-ml-fine-painting-tip-colours-with-beeswax-for-decorating-and-painting-candles\/#breadcrumb","itemListElement":[{"@type":"ListItem","position":1,"name":"Home","item":"https:\/\/purehivehoney.com\/de\/"},{"@type":"ListItem","position":2,"name":"Shop","item":"https:\/\/purehivehoney.com\/de\/shop\/"},{"@type":"ListItem","position":3,"name":"KREUL 49758 Candle Pen Set of 6 Hel..."}]},{"@type":"WebSite","@id":"https:\/\/purehivehoney.com\/de\/#website","url":"https:\/\/purehivehoney.com\/de\/","name":"PureHiveHoney","description":"Reiner Honig &amp; Bienenprodukte Online | Rohhonig, Bio Honig &amp; Spezialhonig","publisher":{"@id":"https:\/\/purehivehoney.com\/de\/#organization"},"potentialAction":[{"@type":"SearchAction","target":{"@type":"EntryPoint","urlTemplate":"https:\/\/purehivehoney.com\/de\/?s={search_term_string}"},"query-input":{"@type":"PropertyValueSpecification","valueRequired":true,"valueName":"search_term_string"}}],"inLanguage":"de"},{"@type":"Organization","@id":"https:\/\/purehivehoney.com\/de\/#organization","name":"PureHiveHoney","url":"https:\/\/purehivehoney.com\/de\/","logo":{"@type":"ImageObject","inLanguage":"de","@id":"https:\/\/purehivehoney.com\/de\/#\/schema\/logo\/image\/","url":"https:\/\/purehivehoney.com\/de\/wp-content\/uploads\/2026\/03\/Screenshot-2026-03-16-at-1.06.01-AM.png","contentUrl":"https:\/\/purehivehoney.com\/de\/wp-content\/uploads\/2026\/03\/Screenshot-2026-03-16-at-1.06.01-AM.png","width":2112,"height":1086,"caption":"PureHiveHoney"},"image":{"@id":"https:\/\/purehivehoney.com\/de\/#\/schema\/logo\/image\/"}}]}},"_links":{"self":[{"href":"https:\/\/purehivehoney.com\/de\/wp-json\/wp\/v2\/product\/862","targetHints":{"allow":["GET"]}}],"collection":[{"href":"https:\/\/purehivehoney.com\/de\/wp-json\/wp\/v2\/product"}],"about":[{"href":"https:\/\/purehivehoney.com\/de\/wp-json\/wp\/v2\/types\/product"}],"replies":[{"embeddable":true,"href":"https:\/\/purehivehoney.com\/de\/wp-json\/wp\/v2\/comments?post=862"}],"wp:featuredmedia":[{"embeddable":true,"href":"https:\/\/purehivehoney.com\/de\/wp-json\/wp\/v2\/media\/863"}],"wp:attachment":[{"href":"https:\/\/purehivehoney.com\/de\/wp-json\/wp\/v2\/media?parent=862"}],"wp:term":[{"taxonomy":"store","embeddable":true,"href":"https:\/\/purehivehoney.com\/de\/wp-json\/wp\/v2\/store?post=862"},{"taxonomy":"product_brand","embeddable":true,"href":"https:\/\/purehivehoney.com\/de\/wp-json\/wp\/v2\/product_brand?post=862"},{"taxonomy":"product_cat","embeddable":true,"href":"https:\/\/purehivehoney.com\/de\/wp-json\/wp\/v2\/product_cat?post=862"},{"taxonomy":"product_tag","embeddable":true,"href":"https:\/\/purehivehoney.com\/de\/wp-json\/wp\/v2\/product_tag?post=862"}],"curies":[{"name":"wp","href":"https:\/\/api.w.org\/{rel}","templated":true}]}}