{"id":854,"date":"2026-03-16T06:00:30","date_gmt":"2026-03-16T06:00:30","guid":{"rendered":"https:\/\/purehivehoney.com\/de\/product\/personalised-wooden-honey-spoons-personalised-honey-sticks-wedding-favors-for-guests-10-pack-8cm\/"},"modified":"2026-03-16T06:00:44","modified_gmt":"2026-03-16T06:00:44","slug":"personalised-wooden-honey-spoons-personalised-honey-sticks-wedding-favors-for-guests-10-pack-8cm","status":"publish","type":"product","link":"https:\/\/purehivehoney.com\/de\/product\/personalised-wooden-honey-spoons-personalised-honey-sticks-wedding-favors-for-guests-10-pack-8cm\/","title":{"rendered":"Personalised Wooden Honey Spoons Pe..."},"content":{"rendered":"<p>    <span>Material: Wood <br \/>Length: 8cm\/10cm <br \/>Quantity:10pcs\/20pcs\/30pcs\/50pcs\/100pcs <br \/>1. Can be widely used for home kitchens, restaurants, cafes, bars, parties, weddings and other available scenes. <br \/>2. Made of high quality wood and food grade materials, this honey stirrer stick is safe, harmless and durable. The homogeneous wood texture and natural soft colors will win your attention and affection. <br \/>3. This is a unique idea as a wedding gift, baby gift, christening gift or any kind of party gift. Your guests will love this little honey spoon as a keepsake after your special day. <br \/>4. Not only can be used for stirring honey, but also for drinks, melted chocolate, jam, caramel, maple syrup and more. <br \/>5. The groove design on the head of the honey stick is better for spreading and collecting honey from the jar, it makes it easier for you to get the honey. <br \/>Note: <br \/>1. Due to the light and screen difference, the item&#8217;s color may be slightly different from the pictures. <br \/>2. Please allow 1-3cm differs due to manual measurement. <br \/>After-sales service:If the product has any problems, just contact us.<\/span>    <br \/>Made of high quality wood and food grade materials, this honey stirrer stick is safe, harmless and durable. The homogeneous wood texture and natural soft colors will win your attention and affection.<br \/>The groove design on the head of the honey stick is better for spreading and collecting honey from the jar, makes it easier for you to get the honey.<br \/>This small wooden stirrer can be easily washed with clean water, and is easy to carry, it is the perfect partner for honey.<br \/>It can not only be used for stirring honey, but also for drinks, melted chocolate, jam, caramel, maple syrup and more.<br \/>They are perfect as party favors for weddings, parties, showers, graduations or other special occasions.<\/p>\n\n","protected":false},"excerpt":{"rendered":"<p>Material: Wood Length: 8cm\/10cm Quantity:10pcs\/20pcs\/30pcs\/50pcs\/100pcs 1. Can be widely used for home kitchens, restaurants, cafes, bars, parties, weddings and other available scenes. 2. Made of high quality wood and food grade materials, this honey stirrer stick is safe, harmless and durable. The homogeneous wood texture and natural soft colors will win your attention and affection. [&hellip;]<\/p>\n","protected":false},"featured_media":855,"comment_status":"open","ping_status":"closed","template":"","meta":{"_aipt_faq_data":""},"store":[],"product_brand":[],"product_cat":[70],"product_tag":[131],"class_list":{"0":"post-854","1":"product","2":"type-product","3":"status-publish","4":"has-post-thumbnail","6":"product_cat-premium-honig-geschenke","7":"product_tag-premium-honig-geschenke-mit-honigloeffel","9":"first","10":"instock","11":"shipping-taxable","12":"product-type-external"},"yoast_head":"<!-- This site is optimized with the Yoast SEO plugin v27.4 - https:\/\/yoast.com\/product\/yoast-seo-wordpress\/ -->\n<title>Personalised Wooden Honey Spoons Personalised Honey Sticks Wedding Favors for Guests (10 Pack, 8cm) - PureHiveHoney<\/title>\n<meta name=\"description\" content=\"Entdecken Sie hochwertigen Rohhonig, Bio Honig, Manuka Honig und nat\u00fcrliche Bienenprodukte. PureHiveHoney hilft Ihnen dabei, sorgf\u00e4ltig ausgew\u00e4hlte Honigsorten mit nat\u00fcrlicher Qualit\u00e4t und Reinheit zu entdecken.\" \/>\n<meta name=\"robots\" content=\"index, follow, max-snippet:-1, max-image-preview:large, max-video-preview:-1\" \/>\n<link rel=\"canonical\" href=\"https:\/\/purehivehoney.com\/de\/product\/personalised-wooden-honey-spoons-personalised-honey-sticks-wedding-favors-for-guests-10-pack-8cm\/\" \/>\n<meta property=\"og:locale\" content=\"de_DE\" \/>\n<meta property=\"og:type\" content=\"article\" \/>\n<meta property=\"og:title\" content=\"Personalised Wooden Honey Spoons Personalised Honey Sticks Wedding Favors for Guests (10 Pack, 8cm) - PureHiveHoney\" \/>\n<meta property=\"og:description\" content=\"Entdecken Sie hochwertigen Rohhonig, Bio Honig, Manuka Honig und nat\u00fcrliche Bienenprodukte. PureHiveHoney hilft Ihnen dabei, sorgf\u00e4ltig ausgew\u00e4hlte Honigsorten mit nat\u00fcrlicher Qualit\u00e4t und Reinheit zu entdecken.\" \/>\n<meta property=\"og:url\" content=\"https:\/\/purehivehoney.com\/de\/product\/personalised-wooden-honey-spoons-personalised-honey-sticks-wedding-favors-for-guests-10-pack-8cm\/\" \/>\n<meta property=\"og:site_name\" content=\"PureHiveHoney\" \/>\n<meta property=\"article:modified_time\" content=\"2026-03-16T06:00:44+00:00\" \/>\n<meta name=\"twitter:card\" content=\"summary_large_image\" \/>\n<meta name=\"twitter:label1\" content=\"Gesch\u00e4tzte Lesezeit\" \/>\n\t<meta name=\"twitter:data1\" content=\"2\u00a0Minuten\" \/>\n<script type=\"application\/ld+json\" class=\"yoast-schema-graph\">{\"@context\":\"https:\\\/\\\/schema.org\",\"@graph\":[{\"@type\":\"WebPage\",\"@id\":\"https:\\\/\\\/purehivehoney.com\\\/de\\\/product\\\/personalised-wooden-honey-spoons-personalised-honey-sticks-wedding-favors-for-guests-10-pack-8cm\\\/\",\"url\":\"https:\\\/\\\/purehivehoney.com\\\/de\\\/product\\\/personalised-wooden-honey-spoons-personalised-honey-sticks-wedding-favors-for-guests-10-pack-8cm\\\/\",\"name\":\"Personalised Wooden Honey Spoons Personalised Honey Sticks Wedding Favors for Guests (10 Pack, 8cm) - PureHiveHoney\",\"isPartOf\":{\"@id\":\"https:\\\/\\\/purehivehoney.com\\\/de\\\/#website\"},\"primaryImageOfPage\":{\"@id\":\"https:\\\/\\\/purehivehoney.com\\\/de\\\/product\\\/personalised-wooden-honey-spoons-personalised-honey-sticks-wedding-favors-for-guests-10-pack-8cm\\\/#primaryimage\"},\"image\":{\"@id\":\"https:\\\/\\\/purehivehoney.com\\\/de\\\/product\\\/personalised-wooden-honey-spoons-personalised-honey-sticks-wedding-favors-for-guests-10-pack-8cm\\\/#primaryimage\"},\"thumbnailUrl\":\"https:\\\/\\\/purehivehoney.com\\\/de\\\/wp-content\\\/uploads\\\/2026\\\/03\\\/71P4EpAFeNL._AC_SL1200_.jpg\",\"datePublished\":\"2026-03-16T06:00:30+00:00\",\"dateModified\":\"2026-03-16T06:00:44+00:00\",\"description\":\"Entdecken Sie hochwertigen Rohhonig, Bio Honig, Manuka Honig und nat\u00fcrliche Bienenprodukte. PureHiveHoney hilft Ihnen dabei, sorgf\u00e4ltig ausgew\u00e4hlte Honigsorten mit nat\u00fcrlicher Qualit\u00e4t und Reinheit zu entdecken.\",\"breadcrumb\":{\"@id\":\"https:\\\/\\\/purehivehoney.com\\\/de\\\/product\\\/personalised-wooden-honey-spoons-personalised-honey-sticks-wedding-favors-for-guests-10-pack-8cm\\\/#breadcrumb\"},\"inLanguage\":\"de\",\"potentialAction\":[{\"@type\":\"ReadAction\",\"target\":[\"https:\\\/\\\/purehivehoney.com\\\/de\\\/product\\\/personalised-wooden-honey-spoons-personalised-honey-sticks-wedding-favors-for-guests-10-pack-8cm\\\/\"]}]},{\"@type\":\"ImageObject\",\"inLanguage\":\"de\",\"@id\":\"https:\\\/\\\/purehivehoney.com\\\/de\\\/product\\\/personalised-wooden-honey-spoons-personalised-honey-sticks-wedding-favors-for-guests-10-pack-8cm\\\/#primaryimage\",\"url\":\"https:\\\/\\\/purehivehoney.com\\\/de\\\/wp-content\\\/uploads\\\/2026\\\/03\\\/71P4EpAFeNL._AC_SL1200_.jpg\",\"contentUrl\":\"https:\\\/\\\/purehivehoney.com\\\/de\\\/wp-content\\\/uploads\\\/2026\\\/03\\\/71P4EpAFeNL._AC_SL1200_.jpg\",\"width\":1200,\"height\":1200},{\"@type\":\"BreadcrumbList\",\"@id\":\"https:\\\/\\\/purehivehoney.com\\\/de\\\/product\\\/personalised-wooden-honey-spoons-personalised-honey-sticks-wedding-favors-for-guests-10-pack-8cm\\\/#breadcrumb\",\"itemListElement\":[{\"@type\":\"ListItem\",\"position\":1,\"name\":\"Home\",\"item\":\"https:\\\/\\\/purehivehoney.com\\\/de\\\/\"},{\"@type\":\"ListItem\",\"position\":2,\"name\":\"Shop\",\"item\":\"https:\\\/\\\/purehivehoney.com\\\/de\\\/shop\\\/\"},{\"@type\":\"ListItem\",\"position\":3,\"name\":\"Personalised Wooden Honey Spoons Pe...\"}]},{\"@type\":\"WebSite\",\"@id\":\"https:\\\/\\\/purehivehoney.com\\\/de\\\/#website\",\"url\":\"https:\\\/\\\/purehivehoney.com\\\/de\\\/\",\"name\":\"PureHiveHoney\",\"description\":\"Reiner Honig &amp; Bienenprodukte Online | Rohhonig, Bio Honig &amp; Spezialhonig\",\"publisher\":{\"@id\":\"https:\\\/\\\/purehivehoney.com\\\/de\\\/#organization\"},\"potentialAction\":[{\"@type\":\"SearchAction\",\"target\":{\"@type\":\"EntryPoint\",\"urlTemplate\":\"https:\\\/\\\/purehivehoney.com\\\/de\\\/?s={search_term_string}\"},\"query-input\":{\"@type\":\"PropertyValueSpecification\",\"valueRequired\":true,\"valueName\":\"search_term_string\"}}],\"inLanguage\":\"de\"},{\"@type\":\"Organization\",\"@id\":\"https:\\\/\\\/purehivehoney.com\\\/de\\\/#organization\",\"name\":\"PureHiveHoney\",\"url\":\"https:\\\/\\\/purehivehoney.com\\\/de\\\/\",\"logo\":{\"@type\":\"ImageObject\",\"inLanguage\":\"de\",\"@id\":\"https:\\\/\\\/purehivehoney.com\\\/de\\\/#\\\/schema\\\/logo\\\/image\\\/\",\"url\":\"https:\\\/\\\/purehivehoney.com\\\/de\\\/wp-content\\\/uploads\\\/2026\\\/03\\\/Screenshot-2026-03-16-at-1.06.01-AM.png\",\"contentUrl\":\"https:\\\/\\\/purehivehoney.com\\\/de\\\/wp-content\\\/uploads\\\/2026\\\/03\\\/Screenshot-2026-03-16-at-1.06.01-AM.png\",\"width\":2112,\"height\":1086,\"caption\":\"PureHiveHoney\"},\"image\":{\"@id\":\"https:\\\/\\\/purehivehoney.com\\\/de\\\/#\\\/schema\\\/logo\\\/image\\\/\"}}]}<\/script>\n<!-- \/ Yoast SEO plugin. -->","yoast_head_json":{"title":"Personalised Wooden Honey Spoons Personalised Honey Sticks Wedding Favors for Guests (10 Pack, 8cm) - PureHiveHoney","description":"Entdecken Sie hochwertigen Rohhonig, Bio Honig, Manuka Honig und nat\u00fcrliche Bienenprodukte. PureHiveHoney hilft Ihnen dabei, sorgf\u00e4ltig ausgew\u00e4hlte Honigsorten mit nat\u00fcrlicher Qualit\u00e4t und Reinheit zu entdecken.","robots":{"index":"index","follow":"follow","max-snippet":"max-snippet:-1","max-image-preview":"max-image-preview:large","max-video-preview":"max-video-preview:-1"},"canonical":"https:\/\/purehivehoney.com\/de\/product\/personalised-wooden-honey-spoons-personalised-honey-sticks-wedding-favors-for-guests-10-pack-8cm\/","og_locale":"de_DE","og_type":"article","og_title":"Personalised Wooden Honey Spoons Personalised Honey Sticks Wedding Favors for Guests (10 Pack, 8cm) - PureHiveHoney","og_description":"Entdecken Sie hochwertigen Rohhonig, Bio Honig, Manuka Honig und nat\u00fcrliche Bienenprodukte. PureHiveHoney hilft Ihnen dabei, sorgf\u00e4ltig ausgew\u00e4hlte Honigsorten mit nat\u00fcrlicher Qualit\u00e4t und Reinheit zu entdecken.","og_url":"https:\/\/purehivehoney.com\/de\/product\/personalised-wooden-honey-spoons-personalised-honey-sticks-wedding-favors-for-guests-10-pack-8cm\/","og_site_name":"PureHiveHoney","article_modified_time":"2026-03-16T06:00:44+00:00","twitter_card":"summary_large_image","twitter_misc":{"Gesch\u00e4tzte Lesezeit":"2\u00a0Minuten"},"schema":{"@context":"https:\/\/schema.org","@graph":[{"@type":"WebPage","@id":"https:\/\/purehivehoney.com\/de\/product\/personalised-wooden-honey-spoons-personalised-honey-sticks-wedding-favors-for-guests-10-pack-8cm\/","url":"https:\/\/purehivehoney.com\/de\/product\/personalised-wooden-honey-spoons-personalised-honey-sticks-wedding-favors-for-guests-10-pack-8cm\/","name":"Personalised Wooden Honey Spoons Personalised Honey Sticks Wedding Favors for Guests (10 Pack, 8cm) - PureHiveHoney","isPartOf":{"@id":"https:\/\/purehivehoney.com\/de\/#website"},"primaryImageOfPage":{"@id":"https:\/\/purehivehoney.com\/de\/product\/personalised-wooden-honey-spoons-personalised-honey-sticks-wedding-favors-for-guests-10-pack-8cm\/#primaryimage"},"image":{"@id":"https:\/\/purehivehoney.com\/de\/product\/personalised-wooden-honey-spoons-personalised-honey-sticks-wedding-favors-for-guests-10-pack-8cm\/#primaryimage"},"thumbnailUrl":"https:\/\/purehivehoney.com\/de\/wp-content\/uploads\/2026\/03\/71P4EpAFeNL._AC_SL1200_.jpg","datePublished":"2026-03-16T06:00:30+00:00","dateModified":"2026-03-16T06:00:44+00:00","description":"Entdecken Sie hochwertigen Rohhonig, Bio Honig, Manuka Honig und nat\u00fcrliche Bienenprodukte. PureHiveHoney hilft Ihnen dabei, sorgf\u00e4ltig ausgew\u00e4hlte Honigsorten mit nat\u00fcrlicher Qualit\u00e4t und Reinheit zu entdecken.","breadcrumb":{"@id":"https:\/\/purehivehoney.com\/de\/product\/personalised-wooden-honey-spoons-personalised-honey-sticks-wedding-favors-for-guests-10-pack-8cm\/#breadcrumb"},"inLanguage":"de","potentialAction":[{"@type":"ReadAction","target":["https:\/\/purehivehoney.com\/de\/product\/personalised-wooden-honey-spoons-personalised-honey-sticks-wedding-favors-for-guests-10-pack-8cm\/"]}]},{"@type":"ImageObject","inLanguage":"de","@id":"https:\/\/purehivehoney.com\/de\/product\/personalised-wooden-honey-spoons-personalised-honey-sticks-wedding-favors-for-guests-10-pack-8cm\/#primaryimage","url":"https:\/\/purehivehoney.com\/de\/wp-content\/uploads\/2026\/03\/71P4EpAFeNL._AC_SL1200_.jpg","contentUrl":"https:\/\/purehivehoney.com\/de\/wp-content\/uploads\/2026\/03\/71P4EpAFeNL._AC_SL1200_.jpg","width":1200,"height":1200},{"@type":"BreadcrumbList","@id":"https:\/\/purehivehoney.com\/de\/product\/personalised-wooden-honey-spoons-personalised-honey-sticks-wedding-favors-for-guests-10-pack-8cm\/#breadcrumb","itemListElement":[{"@type":"ListItem","position":1,"name":"Home","item":"https:\/\/purehivehoney.com\/de\/"},{"@type":"ListItem","position":2,"name":"Shop","item":"https:\/\/purehivehoney.com\/de\/shop\/"},{"@type":"ListItem","position":3,"name":"Personalised Wooden Honey Spoons Pe..."}]},{"@type":"WebSite","@id":"https:\/\/purehivehoney.com\/de\/#website","url":"https:\/\/purehivehoney.com\/de\/","name":"PureHiveHoney","description":"Reiner Honig &amp; Bienenprodukte Online | Rohhonig, Bio Honig &amp; Spezialhonig","publisher":{"@id":"https:\/\/purehivehoney.com\/de\/#organization"},"potentialAction":[{"@type":"SearchAction","target":{"@type":"EntryPoint","urlTemplate":"https:\/\/purehivehoney.com\/de\/?s={search_term_string}"},"query-input":{"@type":"PropertyValueSpecification","valueRequired":true,"valueName":"search_term_string"}}],"inLanguage":"de"},{"@type":"Organization","@id":"https:\/\/purehivehoney.com\/de\/#organization","name":"PureHiveHoney","url":"https:\/\/purehivehoney.com\/de\/","logo":{"@type":"ImageObject","inLanguage":"de","@id":"https:\/\/purehivehoney.com\/de\/#\/schema\/logo\/image\/","url":"https:\/\/purehivehoney.com\/de\/wp-content\/uploads\/2026\/03\/Screenshot-2026-03-16-at-1.06.01-AM.png","contentUrl":"https:\/\/purehivehoney.com\/de\/wp-content\/uploads\/2026\/03\/Screenshot-2026-03-16-at-1.06.01-AM.png","width":2112,"height":1086,"caption":"PureHiveHoney"},"image":{"@id":"https:\/\/purehivehoney.com\/de\/#\/schema\/logo\/image\/"}}]}},"_links":{"self":[{"href":"https:\/\/purehivehoney.com\/de\/wp-json\/wp\/v2\/product\/854","targetHints":{"allow":["GET"]}}],"collection":[{"href":"https:\/\/purehivehoney.com\/de\/wp-json\/wp\/v2\/product"}],"about":[{"href":"https:\/\/purehivehoney.com\/de\/wp-json\/wp\/v2\/types\/product"}],"replies":[{"embeddable":true,"href":"https:\/\/purehivehoney.com\/de\/wp-json\/wp\/v2\/comments?post=854"}],"wp:featuredmedia":[{"embeddable":true,"href":"https:\/\/purehivehoney.com\/de\/wp-json\/wp\/v2\/media\/855"}],"wp:attachment":[{"href":"https:\/\/purehivehoney.com\/de\/wp-json\/wp\/v2\/media?parent=854"}],"wp:term":[{"taxonomy":"store","embeddable":true,"href":"https:\/\/purehivehoney.com\/de\/wp-json\/wp\/v2\/store?post=854"},{"taxonomy":"product_brand","embeddable":true,"href":"https:\/\/purehivehoney.com\/de\/wp-json\/wp\/v2\/product_brand?post=854"},{"taxonomy":"product_cat","embeddable":true,"href":"https:\/\/purehivehoney.com\/de\/wp-json\/wp\/v2\/product_cat?post=854"},{"taxonomy":"product_tag","embeddable":true,"href":"https:\/\/purehivehoney.com\/de\/wp-json\/wp\/v2\/product_tag?post=854"}],"curies":[{"name":"wp","href":"https:\/\/api.w.org\/{rel}","templated":true}]}}