{"id":852,"date":"2026-03-16T05:57:41","date_gmt":"2026-03-16T05:57:41","guid":{"rendered":"https:\/\/purehivehoney.com\/de\/product\/metaltex-580670000-honey-spoon-wood\/"},"modified":"2026-03-16T05:57:43","modified_gmt":"2026-03-16T05:57:43","slug":"metaltex-580670000-honey-spoon-wood","status":"publish","type":"product","link":"https:\/\/purehivehoney.com\/de\/product\/metaltex-580670000-honey-spoon-wood\/","title":{"rendered":"Metaltex 580670000 Honey Spoon, Woo..."},"content":{"rendered":"<p>                                             From the manufacturer   <\/p>\n<p>                                                  <img decoding=\"async\" alt=\"Metaltex K\u00fcchenhelfer Haushaltshelfer\" src=\"https:\/\/images-na.ssl-images-amazon.com\/images\/G\/01\/x-locale\/common\/grey-pixel.gif\" class=\"a-lazy-loaded\" data-src=\"https:\/\/m.media-amazon.com\/images\/S\/aplus-media-library-service-media\/415ec047-727e-4aea-ba8b-6e352b121d50.__CR0,0,970,300_PT0_SX970_V1___.png\"><img decoding=\"async\" alt=\"Metaltex K\u00fcchenhelfer Haushaltshelfer\" src=\"https:\/\/m.media-amazon.com\/images\/S\/aplus-media-library-service-media\/415ec047-727e-4aea-ba8b-6e352b121d50.__CR0,0,970,300_PT0_SX970_V1___.png\">  <\/p>\n<p> Metaltex steht seit \u00fcber 75 Jahren f\u00fcr Qualit\u00e4t und Innovation in K\u00fcche und Haushalt. <\/p>\n<p class=\"apm-text-center\">\n                                                      <img decoding=\"async\" alt=\"K\u00fcchenhelfer Haushaltshelfer Maximo Vorlegeserie\" src=\"https:\/\/images-na.ssl-images-amazon.com\/images\/G\/01\/x-locale\/common\/grey-pixel.gif\" class=\"a-lazy-loaded\" data-src=\"https:\/\/m.media-amazon.com\/images\/S\/aplus-media-library-service-media\/0f6ba80d-f1bd-4ebf-94fc-75e999e7eac9.__CR0,0,440,440_PT0_SX220_V1___.png\"><img decoding=\"async\" alt=\"K\u00fcchenhelfer Haushaltshelfer Maximo Vorlegeserie\" src=\"https:\/\/m.media-amazon.com\/images\/S\/aplus-media-library-service-media\/0f6ba80d-f1bd-4ebf-94fc-75e999e7eac9.__CR0,0,440,440_PT0_SX220_V1___.png\">  <\/p>\n<p>                                                    K\u00fcchen- und Haushaltshelfer                                     <\/p>\n<p class=\"a-size-small\"> Verwandeln Sie Ihre K\u00fcche in eine kulinarische Oase mit hochwertigen Koch- und Backutensilien. <\/p>\n<p class=\"apm-text-center\">\n                                                      <img decoding=\"async\" alt=\"K\u00fcchenorganisation Boxe Sodatex-2 Galileo Polytherm\" src=\"https:\/\/images-na.ssl-images-amazon.com\/images\/G\/01\/x-locale\/common\/grey-pixel.gif\" class=\"a-lazy-loaded\" data-src=\"https:\/\/m.media-amazon.com\/images\/S\/aplus-media-library-service-media\/149e2e82-1d7b-4256-af6b-aeee92bab9fc.__CR0,64,668,668_PT0_SX220_V1___.png\"><img decoding=\"async\" alt=\"K\u00fcchenorganisation Boxe Sodatex-2 Galileo Polytherm\" src=\"https:\/\/m.media-amazon.com\/images\/S\/aplus-media-library-service-media\/149e2e82-1d7b-4256-af6b-aeee92bab9fc.__CR0,64,668,668_PT0_SX220_V1___.png\">  <\/p>\n<p>                                                    K\u00fcchenorganisation                                     <\/p>\n<p class=\"a-size-small\"> Verleihen Sie Ihrer K\u00fcche das gewisse Extra mit intelligenten Aufbewahrungsl\u00f6sungen von Metaltex! <\/p>\n<p class=\"apm-text-center\">\n                                                      <img decoding=\"async\" alt=\"Bad Sanit\u00e4r Origin LUXY Chrometherm\" src=\"https:\/\/images-na.ssl-images-amazon.com\/images\/G\/01\/x-locale\/common\/grey-pixel.gif\" class=\"a-lazy-loaded\" data-src=\"https:\/\/m.media-amazon.com\/images\/S\/aplus-media-library-service-media\/3621f99e-9be4-4c87-95c3-9a5f3e3d9011.__CR0,91,724,724_PT0_SX220_V1___.png\"><img decoding=\"async\" alt=\"Bad Sanit\u00e4r Origin LUXY Chrometherm\" src=\"https:\/\/m.media-amazon.com\/images\/S\/aplus-media-library-service-media\/3621f99e-9be4-4c87-95c3-9a5f3e3d9011.__CR0,91,724,724_PT0_SX220_V1___.png\">  <\/p>\n<p>                                                    Bad &amp; Sanit\u00e4r                                     <\/p>\n<p class=\"a-size-small\"> Entdecken Sie die Welt der Badaccessoires von Metaltex &#8211; ohne Bohren, ohne Werkzeug! <\/p>\n<p class=\"apm-text-center\">\n                                                      <img decoding=\"async\" alt=\"W\u00e4schepflege Ciclone Vario W\u00e4schest\u00e4nder\" src=\"https:\/\/images-na.ssl-images-amazon.com\/images\/G\/01\/x-locale\/common\/grey-pixel.gif\" class=\"a-lazy-loaded\" data-src=\"https:\/\/m.media-amazon.com\/images\/S\/aplus-media-library-service-media\/7839e8d3-87d1-4cd8-9915-8edd800050c0.__CR0,91,724,724_PT0_SX220_V1___.png\"><img decoding=\"async\" alt=\"W\u00e4schepflege Ciclone Vario W\u00e4schest\u00e4nder\" src=\"https:\/\/m.media-amazon.com\/images\/S\/aplus-media-library-service-media\/7839e8d3-87d1-4cd8-9915-8edd800050c0.__CR0,91,724,724_PT0_SX220_V1___.png\">  <\/p>\n<p>                                                    W\u00e4schepflege                                     <\/p>\n<p class=\"a-size-small\"> W\u00e4schetrocknen leicht gemacht &#8211; mit innovativen und platzsparenden L\u00f6sungen. <\/p>\n<p>                                                  <img decoding=\"async\" alt=\"K\u00fcchenorganisation Raumsparer Polytherm Pepito Lido Easy-Roll My-Mug My-Glass\" src=\"https:\/\/images-na.ssl-images-amazon.com\/images\/G\/01\/x-locale\/common\/grey-pixel.gif\" class=\"a-lazy-loaded\" data-src=\"https:\/\/m.media-amazon.com\/images\/S\/aplus-media-library-service-media\/147fb20e-9136-49bf-b50f-8bc97d377492.__CR0,0,1940,600_PT0_SX970_V1___.png\"><img decoding=\"async\" alt=\"K\u00fcchenorganisation Raumsparer Polytherm Pepito Lido Easy-Roll My-Mug My-Glass\" src=\"https:\/\/m.media-amazon.com\/images\/S\/aplus-media-library-service-media\/147fb20e-9136-49bf-b50f-8bc97d377492.__CR0,0,1940,600_PT0_SX970_V1___.png\">  <\/p>\n<h3> K\u00fcchenorganisation <\/h3>\n<p> Schaffen Sie Ordnung und nutzen Sie den Platz in Ihrer K\u00fcche optimal aus. Mit Drahtwaren von Metaltex. <\/p>\n<h3 class=\"a-spacing-small\"> Unsere Spezialbeschichtungen &#8211; f\u00fcr langlebige Qualit\u00e4t Made in Italy <\/h3>\n<p class=\"apm-text-center\">\n                                                      <img decoding=\"async\" alt=\"Polytherm Beschichtung Rostfrei, Staubabweisend, Antistatisch, Robust, Langlebig\" src=\"https:\/\/images-na.ssl-images-amazon.com\/images\/G\/01\/x-locale\/common\/grey-pixel.gif\" class=\"a-lazy-loaded\" data-src=\"https:\/\/m.media-amazon.com\/images\/S\/aplus-media-library-service-media\/ec68f53b-3e6b-4cd3-af0e-6d65c77265f9.__CR0,0,3000,3000_PT0_SX220_V1___.png\"><img decoding=\"async\" alt=\"Polytherm Beschichtung Rostfrei, Staubabweisend, Antistatisch, Robust, Langlebig\" src=\"https:\/\/m.media-amazon.com\/images\/S\/aplus-media-library-service-media\/ec68f53b-3e6b-4cd3-af0e-6d65c77265f9.__CR0,0,3000,3000_PT0_SX220_V1___.png\">  <\/p>\n<p>                                                    Polytherm Beschichtung                                     <\/p>\n<p class=\"a-size-small\"> \u2713 Rostfrei und sto\u00dffest \u2013 l\u00e4ngere Lebensdauer <\/p>\n<p class=\"a-size-small\"> \u2713 Antistatische Eigenschaften \u2013 weist Staub ab und ist einfach zu reinigen <\/p>\n<p class=\"a-size-small\"> \u2713 Metallic-Look \u2013 hochwertige polierte Optik <\/p>\n<p class=\"a-size-small\"> \u2713 Hergestellt in Italien <\/p>\n<p class=\"apm-text-center\">\n                                                      <img decoding=\"async\" alt=\"TouchTherm Oberfl\u00e4chenbeschichtung Mattschwarz Hochwertig Sto\u00dffest Antistatisch Lava Optik Rau\" src=\"https:\/\/images-na.ssl-images-amazon.com\/images\/G\/01\/x-locale\/common\/grey-pixel.gif\" class=\"a-lazy-loaded\" data-src=\"https:\/\/m.media-amazon.com\/images\/S\/aplus-media-library-service-media\/0c92bed0-7d25-4a2a-9684-a4c2617310ae.__CR0,0,3000,3000_PT0_SX220_V1___.png\"><img decoding=\"async\" alt=\"TouchTherm Oberfl\u00e4chenbeschichtung Mattschwarz Hochwertig Sto\u00dffest Antistatisch Lava Optik Rau\" src=\"https:\/\/m.media-amazon.com\/images\/S\/aplus-media-library-service-media\/0c92bed0-7d25-4a2a-9684-a4c2617310ae.__CR0,0,3000,3000_PT0_SX220_V1___.png\">  <\/p>\n<p>                                                    TouchTherm Beschichtung                                     <\/p>\n<p class=\"a-size-small\"> \u2713 Industrial Style \u2013 robust, aber angenehm glatt <\/p>\n<p class=\"a-size-small\"> \u2713 Trendige matt-schwarze LAVA-Farbe <\/p>\n<p class=\"a-size-small\"> \u2713 Rostfrei und kratzfest \u2013 l\u00e4ngere Lebensdauer <\/p>\n<p class=\"a-size-small\"> \u2713 Hergestellt in Italien <\/p>\n<p class=\"apm-text-center\">\n                                                      <img decoding=\"async\" alt=\"ChromeTherm Beschichtung Rostfrei Badezimmer\" src=\"https:\/\/images-na.ssl-images-amazon.com\/images\/G\/01\/x-locale\/common\/grey-pixel.gif\" class=\"a-lazy-loaded\" data-src=\"https:\/\/m.media-amazon.com\/images\/S\/aplus-media-library-service-media\/2c20cc4b-9159-4a99-a623-20e78a8a1416.__CR0,0,3000,3000_PT0_SX220_V1___.png\"><img decoding=\"async\" alt=\"ChromeTherm Beschichtung Rostfrei Badezimmer\" src=\"https:\/\/m.media-amazon.com\/images\/S\/aplus-media-library-service-media\/2c20cc4b-9159-4a99-a623-20e78a8a1416.__CR0,0,3000,3000_PT0_SX220_V1___.png\">  <\/p>\n<p>                                                    Chrometherm Beschichtung                                     <\/p>\n<p class=\"a-size-small\"> \u2713 Chrom-Look \u2013 silbrig gl\u00e4nzend <\/p>\n<p class=\"a-size-small\"> \u2713 Geringe Umweltbelastung \u2013 geringere Schadstoffemissionen bei der Herstellung <\/p>\n<p class=\"a-size-small\"> \u2713 Rostfrei und sto\u00dffest \u2013 l\u00e4ngere Lebensdauer <\/p>\n<p class=\"a-size-small\"> \u2713 Antistatische Eigenschaften \u2013 weist Staub ab und ist leicht zu reinigen <\/p>\n<p class=\"a-size-small\"> \u2713 Hergestellt in Italien <\/p>\n<p class=\"apm-text-center\">\n                                                      <img decoding=\"async\" alt=\"Made in Italy Fertigung in Europa Qualit\u00e4t\" src=\"https:\/\/images-na.ssl-images-amazon.com\/images\/G\/01\/x-locale\/common\/grey-pixel.gif\" class=\"a-lazy-loaded\" data-src=\"https:\/\/m.media-amazon.com\/images\/S\/aplus-media-library-service-media\/a3133c73-84d1-466e-9a26-2fc43c52d025.__CR0,0,3000,3000_PT0_SX220_V1___.png\"><img decoding=\"async\" alt=\"Made in Italy Fertigung in Europa Qualit\u00e4t\" src=\"https:\/\/m.media-amazon.com\/images\/S\/aplus-media-library-service-media\/a3133c73-84d1-466e-9a26-2fc43c52d025.__CR0,0,3000,3000_PT0_SX220_V1___.png\">  <\/p>\n<p>                                                    Qualit\u00e4t Made in Italy                                     <\/p>\n<p class=\"a-size-small\"> Als Hersteller von Haushaltsprodukten mit \u00fcber 75 Jahren Erfahrung sind wir sehr stolz darauf, international als vielseitiges und zuverl\u00e4ssiges Unternehmen bekannt zu sein. <\/p>\n<p class=\"a-size-small\"> Made with love in Italy <\/p>\n<p>                         Add To Basket  <\/p>\n<p>                         Add To Basket  <\/p>\n<p>                             Customer Reviews  <\/p>\n<p>                    4.5 out of 5 stars  21,967  <\/p>\n<p>                    4.3 out of 5 stars  922  <\/p>\n<p>                    4.6 out of 5 stars  20  <\/p>\n<p>                    4.1 out of 5 stars  14  <\/p>\n<p>                    4.2 out of 5 stars  142  <\/p>\n<p>                             Price  <\/p>\n<p>                                    USD\u00a012.80USD12.80<br \/>\n                                            \u2014 no data<\/p>\n<p>                                            \u2014 no data<br \/>\n                                                       USD\u00a026.10USD26.10<br \/>\n                                            \u2014 no data<\/p>\n<p>                             Einsatzbereich<br \/>\n                                K\u00fcchenschrank               K\u00fcche               Kochen               Bad               W\u00e4sche           <\/p>\n<p>Ideal quality<br \/>Innovative<br \/>Durability<\/p>\n\n","protected":false},"excerpt":{"rendered":"<p>From the manufacturer Metaltex steht seit \u00fcber 75 Jahren f\u00fcr Qualit\u00e4t und Innovation in K\u00fcche und Haushalt. K\u00fcchen- und Haushaltshelfer Verwandeln Sie Ihre K\u00fcche in eine kulinarische Oase mit hochwertigen Koch- und Backutensilien. K\u00fcchenorganisation Verleihen Sie Ihrer K\u00fcche das gewisse Extra mit intelligenten Aufbewahrungsl\u00f6sungen von Metaltex! Bad &amp; Sanit\u00e4r Entdecken Sie die Welt der Badaccessoires [&hellip;]<\/p>\n","protected":false},"featured_media":853,"comment_status":"open","ping_status":"closed","template":"","meta":{"_aipt_faq_data":""},"store":[],"product_brand":[239],"product_cat":[73],"product_tag":[86],"class_list":{"0":"post-852","1":"product","2":"type-product","3":"status-publish","4":"has-post-thumbnail","6":"product_brand-metaltex","7":"product_cat-honigloffel","8":"product_tag-honigloeffel-aus-holz","10":"first","11":"instock","12":"shipping-taxable","13":"product-type-external"},"yoast_head":"<!-- This site is optimized with the Yoast SEO plugin v27.4 - https:\/\/yoast.com\/product\/yoast-seo-wordpress\/ -->\n<title>Metaltex 580670000 Honey Spoon, Wood - PureHiveHoney<\/title>\n<meta name=\"description\" content=\"Entdecken Sie hochwertigen Rohhonig, Bio Honig, Manuka Honig und nat\u00fcrliche Bienenprodukte. PureHiveHoney hilft Ihnen dabei, sorgf\u00e4ltig ausgew\u00e4hlte Honigsorten mit nat\u00fcrlicher Qualit\u00e4t und Reinheit zu entdecken.\" \/>\n<meta name=\"robots\" content=\"index, follow, max-snippet:-1, max-image-preview:large, max-video-preview:-1\" \/>\n<link rel=\"canonical\" href=\"https:\/\/purehivehoney.com\/de\/product\/metaltex-580670000-honey-spoon-wood\/\" \/>\n<meta property=\"og:locale\" content=\"de_DE\" \/>\n<meta property=\"og:type\" content=\"article\" \/>\n<meta property=\"og:title\" content=\"Metaltex 580670000 Honey Spoon, Wood - PureHiveHoney\" \/>\n<meta property=\"og:description\" content=\"Entdecken Sie hochwertigen Rohhonig, Bio Honig, Manuka Honig und nat\u00fcrliche Bienenprodukte. PureHiveHoney hilft Ihnen dabei, sorgf\u00e4ltig ausgew\u00e4hlte Honigsorten mit nat\u00fcrlicher Qualit\u00e4t und Reinheit zu entdecken.\" \/>\n<meta property=\"og:url\" content=\"https:\/\/purehivehoney.com\/de\/product\/metaltex-580670000-honey-spoon-wood\/\" \/>\n<meta property=\"og:site_name\" content=\"PureHiveHoney\" \/>\n<meta property=\"article:modified_time\" content=\"2026-03-16T05:57:43+00:00\" \/>\n<meta property=\"og:image\" content=\"https:\/\/images-na.ssl-images-amazon.com\/images\/G\/01\/x-locale\/common\/grey-pixel.gif\" \/>\n<meta name=\"twitter:card\" content=\"summary_large_image\" \/>\n<meta name=\"twitter:label1\" content=\"Gesch\u00e4tzte Lesezeit\" \/>\n\t<meta name=\"twitter:data1\" content=\"1\u00a0Minute\" \/>\n<script type=\"application\/ld+json\" class=\"yoast-schema-graph\">{\"@context\":\"https:\\\/\\\/schema.org\",\"@graph\":[{\"@type\":\"WebPage\",\"@id\":\"https:\\\/\\\/purehivehoney.com\\\/de\\\/product\\\/metaltex-580670000-honey-spoon-wood\\\/\",\"url\":\"https:\\\/\\\/purehivehoney.com\\\/de\\\/product\\\/metaltex-580670000-honey-spoon-wood\\\/\",\"name\":\"Metaltex 580670000 Honey Spoon, Wood - PureHiveHoney\",\"isPartOf\":{\"@id\":\"https:\\\/\\\/purehivehoney.com\\\/de\\\/#website\"},\"primaryImageOfPage\":{\"@id\":\"https:\\\/\\\/purehivehoney.com\\\/de\\\/product\\\/metaltex-580670000-honey-spoon-wood\\\/#primaryimage\"},\"image\":{\"@id\":\"https:\\\/\\\/purehivehoney.com\\\/de\\\/product\\\/metaltex-580670000-honey-spoon-wood\\\/#primaryimage\"},\"thumbnailUrl\":\"https:\\\/\\\/purehivehoney.com\\\/de\\\/wp-content\\\/uploads\\\/2026\\\/03\\\/41SYCECUM2L._AC_SL1000_.jpg\",\"datePublished\":\"2026-03-16T05:57:41+00:00\",\"dateModified\":\"2026-03-16T05:57:43+00:00\",\"description\":\"Entdecken Sie hochwertigen Rohhonig, Bio Honig, Manuka Honig und nat\u00fcrliche Bienenprodukte. PureHiveHoney hilft Ihnen dabei, sorgf\u00e4ltig ausgew\u00e4hlte Honigsorten mit nat\u00fcrlicher Qualit\u00e4t und Reinheit zu entdecken.\",\"breadcrumb\":{\"@id\":\"https:\\\/\\\/purehivehoney.com\\\/de\\\/product\\\/metaltex-580670000-honey-spoon-wood\\\/#breadcrumb\"},\"inLanguage\":\"de\",\"potentialAction\":[{\"@type\":\"ReadAction\",\"target\":[\"https:\\\/\\\/purehivehoney.com\\\/de\\\/product\\\/metaltex-580670000-honey-spoon-wood\\\/\"]}]},{\"@type\":\"ImageObject\",\"inLanguage\":\"de\",\"@id\":\"https:\\\/\\\/purehivehoney.com\\\/de\\\/product\\\/metaltex-580670000-honey-spoon-wood\\\/#primaryimage\",\"url\":\"https:\\\/\\\/purehivehoney.com\\\/de\\\/wp-content\\\/uploads\\\/2026\\\/03\\\/41SYCECUM2L._AC_SL1000_.jpg\",\"contentUrl\":\"https:\\\/\\\/purehivehoney.com\\\/de\\\/wp-content\\\/uploads\\\/2026\\\/03\\\/41SYCECUM2L._AC_SL1000_.jpg\",\"width\":395,\"height\":1000},{\"@type\":\"BreadcrumbList\",\"@id\":\"https:\\\/\\\/purehivehoney.com\\\/de\\\/product\\\/metaltex-580670000-honey-spoon-wood\\\/#breadcrumb\",\"itemListElement\":[{\"@type\":\"ListItem\",\"position\":1,\"name\":\"Home\",\"item\":\"https:\\\/\\\/purehivehoney.com\\\/de\\\/\"},{\"@type\":\"ListItem\",\"position\":2,\"name\":\"Shop\",\"item\":\"https:\\\/\\\/purehivehoney.com\\\/de\\\/shop\\\/\"},{\"@type\":\"ListItem\",\"position\":3,\"name\":\"Metaltex 580670000 Honey Spoon, Woo...\"}]},{\"@type\":\"WebSite\",\"@id\":\"https:\\\/\\\/purehivehoney.com\\\/de\\\/#website\",\"url\":\"https:\\\/\\\/purehivehoney.com\\\/de\\\/\",\"name\":\"PureHiveHoney\",\"description\":\"Reiner Honig &amp; Bienenprodukte Online | Rohhonig, Bio Honig &amp; Spezialhonig\",\"publisher\":{\"@id\":\"https:\\\/\\\/purehivehoney.com\\\/de\\\/#organization\"},\"potentialAction\":[{\"@type\":\"SearchAction\",\"target\":{\"@type\":\"EntryPoint\",\"urlTemplate\":\"https:\\\/\\\/purehivehoney.com\\\/de\\\/?s={search_term_string}\"},\"query-input\":{\"@type\":\"PropertyValueSpecification\",\"valueRequired\":true,\"valueName\":\"search_term_string\"}}],\"inLanguage\":\"de\"},{\"@type\":\"Organization\",\"@id\":\"https:\\\/\\\/purehivehoney.com\\\/de\\\/#organization\",\"name\":\"PureHiveHoney\",\"url\":\"https:\\\/\\\/purehivehoney.com\\\/de\\\/\",\"logo\":{\"@type\":\"ImageObject\",\"inLanguage\":\"de\",\"@id\":\"https:\\\/\\\/purehivehoney.com\\\/de\\\/#\\\/schema\\\/logo\\\/image\\\/\",\"url\":\"https:\\\/\\\/purehivehoney.com\\\/de\\\/wp-content\\\/uploads\\\/2026\\\/03\\\/Screenshot-2026-03-16-at-1.06.01-AM.png\",\"contentUrl\":\"https:\\\/\\\/purehivehoney.com\\\/de\\\/wp-content\\\/uploads\\\/2026\\\/03\\\/Screenshot-2026-03-16-at-1.06.01-AM.png\",\"width\":2112,\"height\":1086,\"caption\":\"PureHiveHoney\"},\"image\":{\"@id\":\"https:\\\/\\\/purehivehoney.com\\\/de\\\/#\\\/schema\\\/logo\\\/image\\\/\"}}]}<\/script>\n<!-- \/ Yoast SEO plugin. -->","yoast_head_json":{"title":"Metaltex 580670000 Honey Spoon, Wood - PureHiveHoney","description":"Entdecken Sie hochwertigen Rohhonig, Bio Honig, Manuka Honig und nat\u00fcrliche Bienenprodukte. PureHiveHoney hilft Ihnen dabei, sorgf\u00e4ltig ausgew\u00e4hlte Honigsorten mit nat\u00fcrlicher Qualit\u00e4t und Reinheit zu entdecken.","robots":{"index":"index","follow":"follow","max-snippet":"max-snippet:-1","max-image-preview":"max-image-preview:large","max-video-preview":"max-video-preview:-1"},"canonical":"https:\/\/purehivehoney.com\/de\/product\/metaltex-580670000-honey-spoon-wood\/","og_locale":"de_DE","og_type":"article","og_title":"Metaltex 580670000 Honey Spoon, Wood - PureHiveHoney","og_description":"Entdecken Sie hochwertigen Rohhonig, Bio Honig, Manuka Honig und nat\u00fcrliche Bienenprodukte. PureHiveHoney hilft Ihnen dabei, sorgf\u00e4ltig ausgew\u00e4hlte Honigsorten mit nat\u00fcrlicher Qualit\u00e4t und Reinheit zu entdecken.","og_url":"https:\/\/purehivehoney.com\/de\/product\/metaltex-580670000-honey-spoon-wood\/","og_site_name":"PureHiveHoney","article_modified_time":"2026-03-16T05:57:43+00:00","og_image":[{"url":"https:\/\/images-na.ssl-images-amazon.com\/images\/G\/01\/x-locale\/common\/grey-pixel.gif","type":"","width":"","height":""}],"twitter_card":"summary_large_image","twitter_misc":{"Gesch\u00e4tzte Lesezeit":"1\u00a0Minute"},"schema":{"@context":"https:\/\/schema.org","@graph":[{"@type":"WebPage","@id":"https:\/\/purehivehoney.com\/de\/product\/metaltex-580670000-honey-spoon-wood\/","url":"https:\/\/purehivehoney.com\/de\/product\/metaltex-580670000-honey-spoon-wood\/","name":"Metaltex 580670000 Honey Spoon, Wood - PureHiveHoney","isPartOf":{"@id":"https:\/\/purehivehoney.com\/de\/#website"},"primaryImageOfPage":{"@id":"https:\/\/purehivehoney.com\/de\/product\/metaltex-580670000-honey-spoon-wood\/#primaryimage"},"image":{"@id":"https:\/\/purehivehoney.com\/de\/product\/metaltex-580670000-honey-spoon-wood\/#primaryimage"},"thumbnailUrl":"https:\/\/purehivehoney.com\/de\/wp-content\/uploads\/2026\/03\/41SYCECUM2L._AC_SL1000_.jpg","datePublished":"2026-03-16T05:57:41+00:00","dateModified":"2026-03-16T05:57:43+00:00","description":"Entdecken Sie hochwertigen Rohhonig, Bio Honig, Manuka Honig und nat\u00fcrliche Bienenprodukte. PureHiveHoney hilft Ihnen dabei, sorgf\u00e4ltig ausgew\u00e4hlte Honigsorten mit nat\u00fcrlicher Qualit\u00e4t und Reinheit zu entdecken.","breadcrumb":{"@id":"https:\/\/purehivehoney.com\/de\/product\/metaltex-580670000-honey-spoon-wood\/#breadcrumb"},"inLanguage":"de","potentialAction":[{"@type":"ReadAction","target":["https:\/\/purehivehoney.com\/de\/product\/metaltex-580670000-honey-spoon-wood\/"]}]},{"@type":"ImageObject","inLanguage":"de","@id":"https:\/\/purehivehoney.com\/de\/product\/metaltex-580670000-honey-spoon-wood\/#primaryimage","url":"https:\/\/purehivehoney.com\/de\/wp-content\/uploads\/2026\/03\/41SYCECUM2L._AC_SL1000_.jpg","contentUrl":"https:\/\/purehivehoney.com\/de\/wp-content\/uploads\/2026\/03\/41SYCECUM2L._AC_SL1000_.jpg","width":395,"height":1000},{"@type":"BreadcrumbList","@id":"https:\/\/purehivehoney.com\/de\/product\/metaltex-580670000-honey-spoon-wood\/#breadcrumb","itemListElement":[{"@type":"ListItem","position":1,"name":"Home","item":"https:\/\/purehivehoney.com\/de\/"},{"@type":"ListItem","position":2,"name":"Shop","item":"https:\/\/purehivehoney.com\/de\/shop\/"},{"@type":"ListItem","position":3,"name":"Metaltex 580670000 Honey Spoon, Woo..."}]},{"@type":"WebSite","@id":"https:\/\/purehivehoney.com\/de\/#website","url":"https:\/\/purehivehoney.com\/de\/","name":"PureHiveHoney","description":"Reiner Honig &amp; Bienenprodukte Online | Rohhonig, Bio Honig &amp; Spezialhonig","publisher":{"@id":"https:\/\/purehivehoney.com\/de\/#organization"},"potentialAction":[{"@type":"SearchAction","target":{"@type":"EntryPoint","urlTemplate":"https:\/\/purehivehoney.com\/de\/?s={search_term_string}"},"query-input":{"@type":"PropertyValueSpecification","valueRequired":true,"valueName":"search_term_string"}}],"inLanguage":"de"},{"@type":"Organization","@id":"https:\/\/purehivehoney.com\/de\/#organization","name":"PureHiveHoney","url":"https:\/\/purehivehoney.com\/de\/","logo":{"@type":"ImageObject","inLanguage":"de","@id":"https:\/\/purehivehoney.com\/de\/#\/schema\/logo\/image\/","url":"https:\/\/purehivehoney.com\/de\/wp-content\/uploads\/2026\/03\/Screenshot-2026-03-16-at-1.06.01-AM.png","contentUrl":"https:\/\/purehivehoney.com\/de\/wp-content\/uploads\/2026\/03\/Screenshot-2026-03-16-at-1.06.01-AM.png","width":2112,"height":1086,"caption":"PureHiveHoney"},"image":{"@id":"https:\/\/purehivehoney.com\/de\/#\/schema\/logo\/image\/"}}]}},"_links":{"self":[{"href":"https:\/\/purehivehoney.com\/de\/wp-json\/wp\/v2\/product\/852","targetHints":{"allow":["GET"]}}],"collection":[{"href":"https:\/\/purehivehoney.com\/de\/wp-json\/wp\/v2\/product"}],"about":[{"href":"https:\/\/purehivehoney.com\/de\/wp-json\/wp\/v2\/types\/product"}],"replies":[{"embeddable":true,"href":"https:\/\/purehivehoney.com\/de\/wp-json\/wp\/v2\/comments?post=852"}],"wp:featuredmedia":[{"embeddable":true,"href":"https:\/\/purehivehoney.com\/de\/wp-json\/wp\/v2\/media\/853"}],"wp:attachment":[{"href":"https:\/\/purehivehoney.com\/de\/wp-json\/wp\/v2\/media?parent=852"}],"wp:term":[{"taxonomy":"store","embeddable":true,"href":"https:\/\/purehivehoney.com\/de\/wp-json\/wp\/v2\/store?post=852"},{"taxonomy":"product_brand","embeddable":true,"href":"https:\/\/purehivehoney.com\/de\/wp-json\/wp\/v2\/product_brand?post=852"},{"taxonomy":"product_cat","embeddable":true,"href":"https:\/\/purehivehoney.com\/de\/wp-json\/wp\/v2\/product_cat?post=852"},{"taxonomy":"product_tag","embeddable":true,"href":"https:\/\/purehivehoney.com\/de\/wp-json\/wp\/v2\/product_tag?post=852"}],"curies":[{"name":"wp","href":"https:\/\/api.w.org\/{rel}","templated":true}]}}