{"id":844,"date":"2026-03-16T05:56:36","date_gmt":"2026-03-16T05:56:36","guid":{"rendered":"https:\/\/purehivehoney.com\/de\/product\/hedume-honey-jar-with-dipper-and-lid-honey-bee-pot-honey-jar-480ml-glass-beehive-for-home-kitchen\/"},"modified":"2026-03-16T05:56:49","modified_gmt":"2026-03-16T05:56:49","slug":"hedume-honey-jar-with-dipper-and-lid-honey-bee-pot-honey-jar-480ml-glass-beehive-for-home-kitchen","status":"publish","type":"product","link":"https:\/\/purehivehoney.com\/de\/product\/hedume-honey-jar-with-dipper-and-lid-honey-bee-pot-honey-jar-480ml-glass-beehive-for-home-kitchen\/","title":{"rendered":"Hedume Honey Jar with Dipper and Li..."},"content":{"rendered":"<p>    <span>Hedume Honey jar with dipper and lid. <br \/>Package: Honey Jar with Lid x 1; Dipper x 1 <br \/>Material: handmade clear glass. <br \/>Size: container: 10.2 cm high x 9.7 cm diameter, top diameter 5.6 cm, dipper: 15.0 cm long. <br \/>Honey stays fresh and easy to reach in this favourite little honey pot with lid. There is an opening on the side to hold the dipper, this honey container is not airtight. Hedume honey pot for storing honey and syrup. Easily add honey to hot drinks or bread without messing up more utensils and without causing sticky mess.<\/span>    <br \/>PACKAGE INCLUDES A glass honey container, a honey stick and a glass lid in bumble bee design, barware sets.<br \/>\u3010Perfect Size\u3011Container: 4 &#8220; high x 3.8 &#8220; diameter, top diameter 2.2 &#8222;, dipper 5.9 &#8220; long.<br \/>PERFECT DESIGN &#8211; Honey stays fresh and easy to reach in this small honey pot with lid. There is an opening on the side to hold the dipper, this honey container is not airtight.<br \/>HIGH QUALITY MATERIALS &#8211; The honey pot is made of noble borosilicate glass, non-toxic, tasteless, no pollution, beautiful, transparent, 480ml large capacity.<br \/>EASY TO USE &#8211; Hedume honey pot for storing honey and syrup. Easily add honey to hot drinks or bread without messing up more utensils and without causing sticky mess.<br \/>Copyright number: honey glass VA 2-305-435<\/p>\n\n","protected":false},"excerpt":{"rendered":"<p>Hedume Honey jar with dipper and lid. Package: Honey Jar with Lid x 1; Dipper x 1 Material: handmade clear glass. Size: container: 10.2 cm high x 9.7 cm diameter, top diameter 5.6 cm, dipper: 15.0 cm long. Honey stays fresh and easy to reach in this favourite little honey pot with lid. There is [&hellip;]<\/p>\n","protected":false},"featured_media":845,"comment_status":"open","ping_status":"closed","template":"","meta":{"_aipt_faq_data":""},"store":[],"product_brand":[238],"product_cat":[74],"product_tag":[84],"class_list":{"0":"post-844","1":"product","2":"type-product","3":"status-publish","4":"has-post-thumbnail","6":"product_brand-hedume","7":"product_cat-honigglaser","8":"product_tag-honigglaeser-mit-deckel","10":"first","11":"instock","12":"shipping-taxable","13":"product-type-external"},"yoast_head":"<!-- This site is optimized with the Yoast SEO plugin v27.4 - https:\/\/yoast.com\/product\/yoast-seo-wordpress\/ -->\n<title>Hedume Honey Jar with Dipper and Lid Honey Bee Pot Honey Jar 480ml Glass Beehive for Home Kitchen - PureHiveHoney<\/title>\n<meta name=\"description\" content=\"Entdecken Sie hochwertigen Rohhonig, Bio Honig, Manuka Honig und nat\u00fcrliche Bienenprodukte. PureHiveHoney hilft Ihnen dabei, sorgf\u00e4ltig ausgew\u00e4hlte Honigsorten mit nat\u00fcrlicher Qualit\u00e4t und Reinheit zu entdecken.\" \/>\n<meta name=\"robots\" content=\"index, follow, max-snippet:-1, max-image-preview:large, max-video-preview:-1\" \/>\n<link rel=\"canonical\" href=\"https:\/\/purehivehoney.com\/de\/product\/hedume-honey-jar-with-dipper-and-lid-honey-bee-pot-honey-jar-480ml-glass-beehive-for-home-kitchen\/\" \/>\n<meta property=\"og:locale\" content=\"de_DE\" \/>\n<meta property=\"og:type\" content=\"article\" \/>\n<meta property=\"og:title\" content=\"Hedume Honey Jar with Dipper and Lid Honey Bee Pot Honey Jar 480ml Glass Beehive for Home Kitchen - PureHiveHoney\" \/>\n<meta property=\"og:description\" content=\"Entdecken Sie hochwertigen Rohhonig, Bio Honig, Manuka Honig und nat\u00fcrliche Bienenprodukte. PureHiveHoney hilft Ihnen dabei, sorgf\u00e4ltig ausgew\u00e4hlte Honigsorten mit nat\u00fcrlicher Qualit\u00e4t und Reinheit zu entdecken.\" \/>\n<meta property=\"og:url\" content=\"https:\/\/purehivehoney.com\/de\/product\/hedume-honey-jar-with-dipper-and-lid-honey-bee-pot-honey-jar-480ml-glass-beehive-for-home-kitchen\/\" \/>\n<meta property=\"og:site_name\" content=\"PureHiveHoney\" \/>\n<meta property=\"article:modified_time\" content=\"2026-03-16T05:56:49+00:00\" \/>\n<meta name=\"twitter:card\" content=\"summary_large_image\" \/>\n<meta name=\"twitter:label1\" content=\"Gesch\u00e4tzte Lesezeit\" \/>\n\t<meta name=\"twitter:data1\" content=\"1\u00a0Minute\" \/>\n<script type=\"application\/ld+json\" class=\"yoast-schema-graph\">{\"@context\":\"https:\\\/\\\/schema.org\",\"@graph\":[{\"@type\":\"WebPage\",\"@id\":\"https:\\\/\\\/purehivehoney.com\\\/de\\\/product\\\/hedume-honey-jar-with-dipper-and-lid-honey-bee-pot-honey-jar-480ml-glass-beehive-for-home-kitchen\\\/\",\"url\":\"https:\\\/\\\/purehivehoney.com\\\/de\\\/product\\\/hedume-honey-jar-with-dipper-and-lid-honey-bee-pot-honey-jar-480ml-glass-beehive-for-home-kitchen\\\/\",\"name\":\"Hedume Honey Jar with Dipper and Lid Honey Bee Pot Honey Jar 480ml Glass Beehive for Home Kitchen - PureHiveHoney\",\"isPartOf\":{\"@id\":\"https:\\\/\\\/purehivehoney.com\\\/de\\\/#website\"},\"primaryImageOfPage\":{\"@id\":\"https:\\\/\\\/purehivehoney.com\\\/de\\\/product\\\/hedume-honey-jar-with-dipper-and-lid-honey-bee-pot-honey-jar-480ml-glass-beehive-for-home-kitchen\\\/#primaryimage\"},\"image\":{\"@id\":\"https:\\\/\\\/purehivehoney.com\\\/de\\\/product\\\/hedume-honey-jar-with-dipper-and-lid-honey-bee-pot-honey-jar-480ml-glass-beehive-for-home-kitchen\\\/#primaryimage\"},\"thumbnailUrl\":\"https:\\\/\\\/purehivehoney.com\\\/de\\\/wp-content\\\/uploads\\\/2026\\\/03\\\/71FZkOHm7tL._AC_SL1500_.jpg\",\"datePublished\":\"2026-03-16T05:56:36+00:00\",\"dateModified\":\"2026-03-16T05:56:49+00:00\",\"description\":\"Entdecken Sie hochwertigen Rohhonig, Bio Honig, Manuka Honig und nat\u00fcrliche Bienenprodukte. PureHiveHoney hilft Ihnen dabei, sorgf\u00e4ltig ausgew\u00e4hlte Honigsorten mit nat\u00fcrlicher Qualit\u00e4t und Reinheit zu entdecken.\",\"breadcrumb\":{\"@id\":\"https:\\\/\\\/purehivehoney.com\\\/de\\\/product\\\/hedume-honey-jar-with-dipper-and-lid-honey-bee-pot-honey-jar-480ml-glass-beehive-for-home-kitchen\\\/#breadcrumb\"},\"inLanguage\":\"de\",\"potentialAction\":[{\"@type\":\"ReadAction\",\"target\":[\"https:\\\/\\\/purehivehoney.com\\\/de\\\/product\\\/hedume-honey-jar-with-dipper-and-lid-honey-bee-pot-honey-jar-480ml-glass-beehive-for-home-kitchen\\\/\"]}]},{\"@type\":\"ImageObject\",\"inLanguage\":\"de\",\"@id\":\"https:\\\/\\\/purehivehoney.com\\\/de\\\/product\\\/hedume-honey-jar-with-dipper-and-lid-honey-bee-pot-honey-jar-480ml-glass-beehive-for-home-kitchen\\\/#primaryimage\",\"url\":\"https:\\\/\\\/purehivehoney.com\\\/de\\\/wp-content\\\/uploads\\\/2026\\\/03\\\/71FZkOHm7tL._AC_SL1500_.jpg\",\"contentUrl\":\"https:\\\/\\\/purehivehoney.com\\\/de\\\/wp-content\\\/uploads\\\/2026\\\/03\\\/71FZkOHm7tL._AC_SL1500_.jpg\",\"width\":964,\"height\":1490},{\"@type\":\"BreadcrumbList\",\"@id\":\"https:\\\/\\\/purehivehoney.com\\\/de\\\/product\\\/hedume-honey-jar-with-dipper-and-lid-honey-bee-pot-honey-jar-480ml-glass-beehive-for-home-kitchen\\\/#breadcrumb\",\"itemListElement\":[{\"@type\":\"ListItem\",\"position\":1,\"name\":\"Home\",\"item\":\"https:\\\/\\\/purehivehoney.com\\\/de\\\/\"},{\"@type\":\"ListItem\",\"position\":2,\"name\":\"Shop\",\"item\":\"https:\\\/\\\/purehivehoney.com\\\/de\\\/shop\\\/\"},{\"@type\":\"ListItem\",\"position\":3,\"name\":\"Hedume Honey Jar with Dipper and Li...\"}]},{\"@type\":\"WebSite\",\"@id\":\"https:\\\/\\\/purehivehoney.com\\\/de\\\/#website\",\"url\":\"https:\\\/\\\/purehivehoney.com\\\/de\\\/\",\"name\":\"PureHiveHoney\",\"description\":\"Reiner Honig &amp; Bienenprodukte Online | Rohhonig, Bio Honig &amp; Spezialhonig\",\"publisher\":{\"@id\":\"https:\\\/\\\/purehivehoney.com\\\/de\\\/#organization\"},\"potentialAction\":[{\"@type\":\"SearchAction\",\"target\":{\"@type\":\"EntryPoint\",\"urlTemplate\":\"https:\\\/\\\/purehivehoney.com\\\/de\\\/?s={search_term_string}\"},\"query-input\":{\"@type\":\"PropertyValueSpecification\",\"valueRequired\":true,\"valueName\":\"search_term_string\"}}],\"inLanguage\":\"de\"},{\"@type\":\"Organization\",\"@id\":\"https:\\\/\\\/purehivehoney.com\\\/de\\\/#organization\",\"name\":\"PureHiveHoney\",\"url\":\"https:\\\/\\\/purehivehoney.com\\\/de\\\/\",\"logo\":{\"@type\":\"ImageObject\",\"inLanguage\":\"de\",\"@id\":\"https:\\\/\\\/purehivehoney.com\\\/de\\\/#\\\/schema\\\/logo\\\/image\\\/\",\"url\":\"https:\\\/\\\/purehivehoney.com\\\/de\\\/wp-content\\\/uploads\\\/2026\\\/03\\\/Screenshot-2026-03-16-at-1.06.01-AM.png\",\"contentUrl\":\"https:\\\/\\\/purehivehoney.com\\\/de\\\/wp-content\\\/uploads\\\/2026\\\/03\\\/Screenshot-2026-03-16-at-1.06.01-AM.png\",\"width\":2112,\"height\":1086,\"caption\":\"PureHiveHoney\"},\"image\":{\"@id\":\"https:\\\/\\\/purehivehoney.com\\\/de\\\/#\\\/schema\\\/logo\\\/image\\\/\"}}]}<\/script>\n<!-- \/ Yoast SEO plugin. -->","yoast_head_json":{"title":"Hedume Honey Jar with Dipper and Lid Honey Bee Pot Honey Jar 480ml Glass Beehive for Home Kitchen - PureHiveHoney","description":"Entdecken Sie hochwertigen Rohhonig, Bio Honig, Manuka Honig und nat\u00fcrliche Bienenprodukte. PureHiveHoney hilft Ihnen dabei, sorgf\u00e4ltig ausgew\u00e4hlte Honigsorten mit nat\u00fcrlicher Qualit\u00e4t und Reinheit zu entdecken.","robots":{"index":"index","follow":"follow","max-snippet":"max-snippet:-1","max-image-preview":"max-image-preview:large","max-video-preview":"max-video-preview:-1"},"canonical":"https:\/\/purehivehoney.com\/de\/product\/hedume-honey-jar-with-dipper-and-lid-honey-bee-pot-honey-jar-480ml-glass-beehive-for-home-kitchen\/","og_locale":"de_DE","og_type":"article","og_title":"Hedume Honey Jar with Dipper and Lid Honey Bee Pot Honey Jar 480ml Glass Beehive for Home Kitchen - PureHiveHoney","og_description":"Entdecken Sie hochwertigen Rohhonig, Bio Honig, Manuka Honig und nat\u00fcrliche Bienenprodukte. PureHiveHoney hilft Ihnen dabei, sorgf\u00e4ltig ausgew\u00e4hlte Honigsorten mit nat\u00fcrlicher Qualit\u00e4t und Reinheit zu entdecken.","og_url":"https:\/\/purehivehoney.com\/de\/product\/hedume-honey-jar-with-dipper-and-lid-honey-bee-pot-honey-jar-480ml-glass-beehive-for-home-kitchen\/","og_site_name":"PureHiveHoney","article_modified_time":"2026-03-16T05:56:49+00:00","twitter_card":"summary_large_image","twitter_misc":{"Gesch\u00e4tzte Lesezeit":"1\u00a0Minute"},"schema":{"@context":"https:\/\/schema.org","@graph":[{"@type":"WebPage","@id":"https:\/\/purehivehoney.com\/de\/product\/hedume-honey-jar-with-dipper-and-lid-honey-bee-pot-honey-jar-480ml-glass-beehive-for-home-kitchen\/","url":"https:\/\/purehivehoney.com\/de\/product\/hedume-honey-jar-with-dipper-and-lid-honey-bee-pot-honey-jar-480ml-glass-beehive-for-home-kitchen\/","name":"Hedume Honey Jar with Dipper and Lid Honey Bee Pot Honey Jar 480ml Glass Beehive for Home Kitchen - PureHiveHoney","isPartOf":{"@id":"https:\/\/purehivehoney.com\/de\/#website"},"primaryImageOfPage":{"@id":"https:\/\/purehivehoney.com\/de\/product\/hedume-honey-jar-with-dipper-and-lid-honey-bee-pot-honey-jar-480ml-glass-beehive-for-home-kitchen\/#primaryimage"},"image":{"@id":"https:\/\/purehivehoney.com\/de\/product\/hedume-honey-jar-with-dipper-and-lid-honey-bee-pot-honey-jar-480ml-glass-beehive-for-home-kitchen\/#primaryimage"},"thumbnailUrl":"https:\/\/purehivehoney.com\/de\/wp-content\/uploads\/2026\/03\/71FZkOHm7tL._AC_SL1500_.jpg","datePublished":"2026-03-16T05:56:36+00:00","dateModified":"2026-03-16T05:56:49+00:00","description":"Entdecken Sie hochwertigen Rohhonig, Bio Honig, Manuka Honig und nat\u00fcrliche Bienenprodukte. PureHiveHoney hilft Ihnen dabei, sorgf\u00e4ltig ausgew\u00e4hlte Honigsorten mit nat\u00fcrlicher Qualit\u00e4t und Reinheit zu entdecken.","breadcrumb":{"@id":"https:\/\/purehivehoney.com\/de\/product\/hedume-honey-jar-with-dipper-and-lid-honey-bee-pot-honey-jar-480ml-glass-beehive-for-home-kitchen\/#breadcrumb"},"inLanguage":"de","potentialAction":[{"@type":"ReadAction","target":["https:\/\/purehivehoney.com\/de\/product\/hedume-honey-jar-with-dipper-and-lid-honey-bee-pot-honey-jar-480ml-glass-beehive-for-home-kitchen\/"]}]},{"@type":"ImageObject","inLanguage":"de","@id":"https:\/\/purehivehoney.com\/de\/product\/hedume-honey-jar-with-dipper-and-lid-honey-bee-pot-honey-jar-480ml-glass-beehive-for-home-kitchen\/#primaryimage","url":"https:\/\/purehivehoney.com\/de\/wp-content\/uploads\/2026\/03\/71FZkOHm7tL._AC_SL1500_.jpg","contentUrl":"https:\/\/purehivehoney.com\/de\/wp-content\/uploads\/2026\/03\/71FZkOHm7tL._AC_SL1500_.jpg","width":964,"height":1490},{"@type":"BreadcrumbList","@id":"https:\/\/purehivehoney.com\/de\/product\/hedume-honey-jar-with-dipper-and-lid-honey-bee-pot-honey-jar-480ml-glass-beehive-for-home-kitchen\/#breadcrumb","itemListElement":[{"@type":"ListItem","position":1,"name":"Home","item":"https:\/\/purehivehoney.com\/de\/"},{"@type":"ListItem","position":2,"name":"Shop","item":"https:\/\/purehivehoney.com\/de\/shop\/"},{"@type":"ListItem","position":3,"name":"Hedume Honey Jar with Dipper and Li..."}]},{"@type":"WebSite","@id":"https:\/\/purehivehoney.com\/de\/#website","url":"https:\/\/purehivehoney.com\/de\/","name":"PureHiveHoney","description":"Reiner Honig &amp; Bienenprodukte Online | Rohhonig, Bio Honig &amp; Spezialhonig","publisher":{"@id":"https:\/\/purehivehoney.com\/de\/#organization"},"potentialAction":[{"@type":"SearchAction","target":{"@type":"EntryPoint","urlTemplate":"https:\/\/purehivehoney.com\/de\/?s={search_term_string}"},"query-input":{"@type":"PropertyValueSpecification","valueRequired":true,"valueName":"search_term_string"}}],"inLanguage":"de"},{"@type":"Organization","@id":"https:\/\/purehivehoney.com\/de\/#organization","name":"PureHiveHoney","url":"https:\/\/purehivehoney.com\/de\/","logo":{"@type":"ImageObject","inLanguage":"de","@id":"https:\/\/purehivehoney.com\/de\/#\/schema\/logo\/image\/","url":"https:\/\/purehivehoney.com\/de\/wp-content\/uploads\/2026\/03\/Screenshot-2026-03-16-at-1.06.01-AM.png","contentUrl":"https:\/\/purehivehoney.com\/de\/wp-content\/uploads\/2026\/03\/Screenshot-2026-03-16-at-1.06.01-AM.png","width":2112,"height":1086,"caption":"PureHiveHoney"},"image":{"@id":"https:\/\/purehivehoney.com\/de\/#\/schema\/logo\/image\/"}}]}},"_links":{"self":[{"href":"https:\/\/purehivehoney.com\/de\/wp-json\/wp\/v2\/product\/844","targetHints":{"allow":["GET"]}}],"collection":[{"href":"https:\/\/purehivehoney.com\/de\/wp-json\/wp\/v2\/product"}],"about":[{"href":"https:\/\/purehivehoney.com\/de\/wp-json\/wp\/v2\/types\/product"}],"replies":[{"embeddable":true,"href":"https:\/\/purehivehoney.com\/de\/wp-json\/wp\/v2\/comments?post=844"}],"wp:featuredmedia":[{"embeddable":true,"href":"https:\/\/purehivehoney.com\/de\/wp-json\/wp\/v2\/media\/845"}],"wp:attachment":[{"href":"https:\/\/purehivehoney.com\/de\/wp-json\/wp\/v2\/media?parent=844"}],"wp:term":[{"taxonomy":"store","embeddable":true,"href":"https:\/\/purehivehoney.com\/de\/wp-json\/wp\/v2\/store?post=844"},{"taxonomy":"product_brand","embeddable":true,"href":"https:\/\/purehivehoney.com\/de\/wp-json\/wp\/v2\/product_brand?post=844"},{"taxonomy":"product_cat","embeddable":true,"href":"https:\/\/purehivehoney.com\/de\/wp-json\/wp\/v2\/product_cat?post=844"},{"taxonomy":"product_tag","embeddable":true,"href":"https:\/\/purehivehoney.com\/de\/wp-json\/wp\/v2\/product_tag?post=844"}],"curies":[{"name":"wp","href":"https:\/\/api.w.org\/{rel}","templated":true}]}}