{"id":837,"date":"2026-03-16T05:55:35","date_gmt":"2026-03-16T05:55:35","guid":{"rendered":"https:\/\/purehivehoney.com\/de\/product\/95-8g-syrup-dispenser-with-cast-zinc-drip-free-pourer-for-maple-syrup-oil-dispenser-bottle-with-non-slip-handle-honey-jar-sirop-container\/"},"modified":"2026-03-16T05:55:47","modified_gmt":"2026-03-16T05:55:47","slug":"95-8g-syrup-dispenser-with-cast-zinc-drip-free-pourer-for-maple-syrup-oil-dispenser-bottle-with-non-slip-handle-honey-jar-sirop-container","status":"publish","type":"product","link":"https:\/\/purehivehoney.com\/de\/product\/95-8g-syrup-dispenser-with-cast-zinc-drip-free-pourer-for-maple-syrup-oil-dispenser-bottle-with-non-slip-handle-honey-jar-sirop-container\/","title":{"rendered":"95.8g Syrup Dispenser with Cast Zin..."},"content":{"rendered":"<p>                                             Product Description   <\/p>\n<p>                                                                             <img decoding=\"async\" alt=\"Dodamour\" src=\"https:\/\/images-na.ssl-images-amazon.com\/images\/G\/01\/x-locale\/common\/grey-pixel.gif\" class=\"a-spacing-base a-lazy-loaded\" data-src=\"https:\/\/m.media-amazon.com\/images\/S\/aplus-media-library-service-media\/2fa8b03d-c15b-4e2a-baee-2c594bafd2fd.__CR0,0,970,600_PT0_SX970_V1___.jpg\"><img decoding=\"async\" alt=\"Dodamour\" src=\"https:\/\/m.media-amazon.com\/images\/S\/aplus-media-library-service-media\/2fa8b03d-c15b-4e2a-baee-2c594bafd2fd.__CR0,0,970,600_PT0_SX970_V1___.jpg\">                                                                    <\/p>\n<p>                                                                             <img decoding=\"async\" alt=\"Dodamour\" src=\"https:\/\/images-na.ssl-images-amazon.com\/images\/G\/01\/x-locale\/common\/grey-pixel.gif\" class=\"a-spacing-base a-lazy-loaded\" data-src=\"https:\/\/m.media-amazon.com\/images\/S\/aplus-media-library-service-media\/4d302966-cd40-4820-b39f-90e4ba56a31d.__CR0,0,970,600_PT0_SX970_V1___.jpg\"><img decoding=\"async\" alt=\"Dodamour\" src=\"https:\/\/m.media-amazon.com\/images\/S\/aplus-media-library-service-media\/4d302966-cd40-4820-b39f-90e4ba56a31d.__CR0,0,970,600_PT0_SX970_V1___.jpg\">                                                                    <\/p>\n<p>                                                                             <img decoding=\"async\" alt=\"Dodamour\" src=\"https:\/\/images-na.ssl-images-amazon.com\/images\/G\/01\/x-locale\/common\/grey-pixel.gif\" class=\"a-spacing-base a-lazy-loaded\" data-src=\"https:\/\/m.media-amazon.com\/images\/S\/aplus-media-library-service-media\/c577047a-eafc-4b5d-b3fc-5cd31968d807.__CR0,0,970,600_PT0_SX970_V1___.jpg\"><img decoding=\"async\" alt=\"Dodamour\" src=\"https:\/\/m.media-amazon.com\/images\/S\/aplus-media-library-service-media\/c577047a-eafc-4b5d-b3fc-5cd31968d807.__CR0,0,970,600_PT0_SX970_V1___.jpg\">                                                                    <\/p>\n<p>                                                                             <img decoding=\"async\" alt=\"Dodamour\" src=\"https:\/\/images-na.ssl-images-amazon.com\/images\/G\/01\/x-locale\/common\/grey-pixel.gif\" class=\"a-spacing-base a-lazy-loaded\" data-src=\"https:\/\/m.media-amazon.com\/images\/S\/aplus-media-library-service-media\/e8e9c1b6-5fd1-4d15-9ad6-6a91cc3d281b.__CR0,0,970,600_PT0_SX970_V1___.jpg\"><img decoding=\"async\" alt=\"Dodamour\" src=\"https:\/\/m.media-amazon.com\/images\/S\/aplus-media-library-service-media\/e8e9c1b6-5fd1-4d15-9ad6-6a91cc3d281b.__CR0,0,970,600_PT0_SX970_V1___.jpg\">                                                                    <\/p>\n<p>                                                                             <img decoding=\"async\" alt=\"Dodamour\" src=\"https:\/\/images-na.ssl-images-amazon.com\/images\/G\/01\/x-locale\/common\/grey-pixel.gif\" class=\"a-spacing-base a-lazy-loaded\" data-src=\"https:\/\/m.media-amazon.com\/images\/S\/aplus-media-library-service-media\/b8567079-ae3e-4459-94db-4ec17699d366.__CR0,0,970,600_PT0_SX970_V1___.jpg\"><img decoding=\"async\" alt=\"Dodamour\" src=\"https:\/\/m.media-amazon.com\/images\/S\/aplus-media-library-service-media\/b8567079-ae3e-4459-94db-4ec17699d366.__CR0,0,970,600_PT0_SX970_V1___.jpg\">                                                                    <\/p>\n<p>                                                                             <img decoding=\"async\" alt=\"Dodamour\" src=\"https:\/\/images-na.ssl-images-amazon.com\/images\/G\/01\/x-locale\/common\/grey-pixel.gif\" class=\"a-spacing-base a-lazy-loaded\" data-src=\"https:\/\/m.media-amazon.com\/images\/S\/aplus-media-library-service-media\/f1e442fc-f496-4915-881a-41a1c9a30a96.__CR0,0,970,600_PT0_SX970_V1___.jpg\"><img decoding=\"async\" alt=\"Dodamour\" src=\"https:\/\/m.media-amazon.com\/images\/S\/aplus-media-library-service-media\/f1e442fc-f496-4915-881a-41a1c9a30a96.__CR0,0,970,600_PT0_SX970_V1___.jpg\">                                                                    <\/p>\n<p>CLEAN, DRIP-FREE POURING &#8211; Upgraded silicone valve and tilted spout ensure smooth, clean dispensing for thick or thin liquids &#8211; no sticky residue<br \/>Drip-free pouring The smart silicone valve stops syrup or honey immediately after pouring. KEEPS YOUR BREAKFAST TABLE CLEAN &#8211; No more sticky bottles<br \/>NON-SLIP GRIP FOR BETTER GRIP &#8211; Textured handle design keeps your grip steady even with wet or oily hands, allowing full control when pouring honey, oils, or sauces.<br \/>Compact size of 3.3 oz &#8211; holds just the right amount for everyday use. Fits perfectly on kitchen counters, coffee stations or refrigerator doors<br \/>MULTIPURPOSE DISPENSER &#8211; Great for honey, coffee syrup, olive oil or dressings. Adds a modern touch to your breakfast table or coffee shop<\/p>\n\n","protected":false},"excerpt":{"rendered":"<p>Product Description CLEAN, DRIP-FREE POURING &#8211; Upgraded silicone valve and tilted spout ensure smooth, clean dispensing for thick or thin liquids &#8211; no sticky residueDrip-free pouring The smart silicone valve stops syrup or honey immediately after pouring. KEEPS YOUR BREAKFAST TABLE CLEAN &#8211; No more sticky bottlesNON-SLIP GRIP FOR BETTER GRIP &#8211; Textured handle design [&hellip;]<\/p>\n","protected":false},"featured_media":838,"comment_status":"open","ping_status":"closed","template":"","meta":{"_aipt_faq_data":""},"store":[],"product_brand":[237],"product_cat":[75],"product_tag":[81],"class_list":{"0":"post-837","1":"product","2":"type-product","3":"status-publish","4":"has-post-thumbnail","6":"product_brand-dodamour","7":"product_cat-honigspender","8":"product_tag-honigspender-aus-glas","10":"first","11":"instock","12":"shipping-taxable","13":"product-type-external"},"yoast_head":"<!-- This site is optimized with the Yoast SEO plugin v27.4 - https:\/\/yoast.com\/product\/yoast-seo-wordpress\/ -->\n<title>95.8g Syrup Dispenser with Cast Zinc - Drip Free Pourer for Maple Syrup, Oil Dispenser Bottle with Non-Slip Handle, Honey Jar &amp; Sirop Container - PureHiveHoney<\/title>\n<meta name=\"description\" content=\"Entdecken Sie hochwertigen Rohhonig, Bio Honig, Manuka Honig und nat\u00fcrliche Bienenprodukte. PureHiveHoney hilft Ihnen dabei, sorgf\u00e4ltig ausgew\u00e4hlte Honigsorten mit nat\u00fcrlicher Qualit\u00e4t und Reinheit zu entdecken.\" \/>\n<meta name=\"robots\" content=\"index, follow, max-snippet:-1, max-image-preview:large, max-video-preview:-1\" \/>\n<link rel=\"canonical\" href=\"https:\/\/purehivehoney.com\/de\/product\/95-8g-syrup-dispenser-with-cast-zinc-drip-free-pourer-for-maple-syrup-oil-dispenser-bottle-with-non-slip-handle-honey-jar-sirop-container\/\" \/>\n<meta property=\"og:locale\" content=\"de_DE\" \/>\n<meta property=\"og:type\" content=\"article\" \/>\n<meta property=\"og:title\" content=\"95.8g Syrup Dispenser with Cast Zinc - Drip Free Pourer for Maple Syrup, Oil Dispenser Bottle with Non-Slip Handle, Honey Jar &amp; Sirop Container - PureHiveHoney\" \/>\n<meta property=\"og:description\" content=\"Entdecken Sie hochwertigen Rohhonig, Bio Honig, Manuka Honig und nat\u00fcrliche Bienenprodukte. PureHiveHoney hilft Ihnen dabei, sorgf\u00e4ltig ausgew\u00e4hlte Honigsorten mit nat\u00fcrlicher Qualit\u00e4t und Reinheit zu entdecken.\" \/>\n<meta property=\"og:url\" content=\"https:\/\/purehivehoney.com\/de\/product\/95-8g-syrup-dispenser-with-cast-zinc-drip-free-pourer-for-maple-syrup-oil-dispenser-bottle-with-non-slip-handle-honey-jar-sirop-container\/\" \/>\n<meta property=\"og:site_name\" content=\"PureHiveHoney\" \/>\n<meta property=\"article:modified_time\" content=\"2026-03-16T05:55:47+00:00\" \/>\n<meta property=\"og:image\" content=\"https:\/\/images-na.ssl-images-amazon.com\/images\/G\/01\/x-locale\/common\/grey-pixel.gif\" \/>\n<meta name=\"twitter:card\" content=\"summary_large_image\" \/>\n<meta name=\"twitter:label1\" content=\"Gesch\u00e4tzte Lesezeit\" \/>\n\t<meta name=\"twitter:data1\" content=\"1\u00a0Minute\" \/>\n<script type=\"application\/ld+json\" class=\"yoast-schema-graph\">{\"@context\":\"https:\\\/\\\/schema.org\",\"@graph\":[{\"@type\":\"WebPage\",\"@id\":\"https:\\\/\\\/purehivehoney.com\\\/de\\\/product\\\/95-8g-syrup-dispenser-with-cast-zinc-drip-free-pourer-for-maple-syrup-oil-dispenser-bottle-with-non-slip-handle-honey-jar-sirop-container\\\/\",\"url\":\"https:\\\/\\\/purehivehoney.com\\\/de\\\/product\\\/95-8g-syrup-dispenser-with-cast-zinc-drip-free-pourer-for-maple-syrup-oil-dispenser-bottle-with-non-slip-handle-honey-jar-sirop-container\\\/\",\"name\":\"95.8g Syrup Dispenser with Cast Zinc - Drip Free Pourer for Maple Syrup, Oil Dispenser Bottle with Non-Slip Handle, Honey Jar & Sirop Container - PureHiveHoney\",\"isPartOf\":{\"@id\":\"https:\\\/\\\/purehivehoney.com\\\/de\\\/#website\"},\"primaryImageOfPage\":{\"@id\":\"https:\\\/\\\/purehivehoney.com\\\/de\\\/product\\\/95-8g-syrup-dispenser-with-cast-zinc-drip-free-pourer-for-maple-syrup-oil-dispenser-bottle-with-non-slip-handle-honey-jar-sirop-container\\\/#primaryimage\"},\"image\":{\"@id\":\"https:\\\/\\\/purehivehoney.com\\\/de\\\/product\\\/95-8g-syrup-dispenser-with-cast-zinc-drip-free-pourer-for-maple-syrup-oil-dispenser-bottle-with-non-slip-handle-honey-jar-sirop-container\\\/#primaryimage\"},\"thumbnailUrl\":\"https:\\\/\\\/purehivehoney.com\\\/de\\\/wp-content\\\/uploads\\\/2026\\\/03\\\/61CM99QievL._AC_SL1100_.jpg\",\"datePublished\":\"2026-03-16T05:55:35+00:00\",\"dateModified\":\"2026-03-16T05:55:47+00:00\",\"description\":\"Entdecken Sie hochwertigen Rohhonig, Bio Honig, Manuka Honig und nat\u00fcrliche Bienenprodukte. PureHiveHoney hilft Ihnen dabei, sorgf\u00e4ltig ausgew\u00e4hlte Honigsorten mit nat\u00fcrlicher Qualit\u00e4t und Reinheit zu entdecken.\",\"breadcrumb\":{\"@id\":\"https:\\\/\\\/purehivehoney.com\\\/de\\\/product\\\/95-8g-syrup-dispenser-with-cast-zinc-drip-free-pourer-for-maple-syrup-oil-dispenser-bottle-with-non-slip-handle-honey-jar-sirop-container\\\/#breadcrumb\"},\"inLanguage\":\"de\",\"potentialAction\":[{\"@type\":\"ReadAction\",\"target\":[\"https:\\\/\\\/purehivehoney.com\\\/de\\\/product\\\/95-8g-syrup-dispenser-with-cast-zinc-drip-free-pourer-for-maple-syrup-oil-dispenser-bottle-with-non-slip-handle-honey-jar-sirop-container\\\/\"]}]},{\"@type\":\"ImageObject\",\"inLanguage\":\"de\",\"@id\":\"https:\\\/\\\/purehivehoney.com\\\/de\\\/product\\\/95-8g-syrup-dispenser-with-cast-zinc-drip-free-pourer-for-maple-syrup-oil-dispenser-bottle-with-non-slip-handle-honey-jar-sirop-container\\\/#primaryimage\",\"url\":\"https:\\\/\\\/purehivehoney.com\\\/de\\\/wp-content\\\/uploads\\\/2026\\\/03\\\/61CM99QievL._AC_SL1100_.jpg\",\"contentUrl\":\"https:\\\/\\\/purehivehoney.com\\\/de\\\/wp-content\\\/uploads\\\/2026\\\/03\\\/61CM99QievL._AC_SL1100_.jpg\",\"width\":1073,\"height\":982},{\"@type\":\"BreadcrumbList\",\"@id\":\"https:\\\/\\\/purehivehoney.com\\\/de\\\/product\\\/95-8g-syrup-dispenser-with-cast-zinc-drip-free-pourer-for-maple-syrup-oil-dispenser-bottle-with-non-slip-handle-honey-jar-sirop-container\\\/#breadcrumb\",\"itemListElement\":[{\"@type\":\"ListItem\",\"position\":1,\"name\":\"Home\",\"item\":\"https:\\\/\\\/purehivehoney.com\\\/de\\\/\"},{\"@type\":\"ListItem\",\"position\":2,\"name\":\"Shop\",\"item\":\"https:\\\/\\\/purehivehoney.com\\\/de\\\/shop\\\/\"},{\"@type\":\"ListItem\",\"position\":3,\"name\":\"95.8g Syrup Dispenser with Cast Zin...\"}]},{\"@type\":\"WebSite\",\"@id\":\"https:\\\/\\\/purehivehoney.com\\\/de\\\/#website\",\"url\":\"https:\\\/\\\/purehivehoney.com\\\/de\\\/\",\"name\":\"PureHiveHoney\",\"description\":\"Reiner Honig &amp; Bienenprodukte Online | Rohhonig, Bio Honig &amp; Spezialhonig\",\"publisher\":{\"@id\":\"https:\\\/\\\/purehivehoney.com\\\/de\\\/#organization\"},\"potentialAction\":[{\"@type\":\"SearchAction\",\"target\":{\"@type\":\"EntryPoint\",\"urlTemplate\":\"https:\\\/\\\/purehivehoney.com\\\/de\\\/?s={search_term_string}\"},\"query-input\":{\"@type\":\"PropertyValueSpecification\",\"valueRequired\":true,\"valueName\":\"search_term_string\"}}],\"inLanguage\":\"de\"},{\"@type\":\"Organization\",\"@id\":\"https:\\\/\\\/purehivehoney.com\\\/de\\\/#organization\",\"name\":\"PureHiveHoney\",\"url\":\"https:\\\/\\\/purehivehoney.com\\\/de\\\/\",\"logo\":{\"@type\":\"ImageObject\",\"inLanguage\":\"de\",\"@id\":\"https:\\\/\\\/purehivehoney.com\\\/de\\\/#\\\/schema\\\/logo\\\/image\\\/\",\"url\":\"https:\\\/\\\/purehivehoney.com\\\/de\\\/wp-content\\\/uploads\\\/2026\\\/03\\\/Screenshot-2026-03-16-at-1.06.01-AM.png\",\"contentUrl\":\"https:\\\/\\\/purehivehoney.com\\\/de\\\/wp-content\\\/uploads\\\/2026\\\/03\\\/Screenshot-2026-03-16-at-1.06.01-AM.png\",\"width\":2112,\"height\":1086,\"caption\":\"PureHiveHoney\"},\"image\":{\"@id\":\"https:\\\/\\\/purehivehoney.com\\\/de\\\/#\\\/schema\\\/logo\\\/image\\\/\"}}]}<\/script>\n<!-- \/ Yoast SEO plugin. -->","yoast_head_json":{"title":"95.8g Syrup Dispenser with Cast Zinc - Drip Free Pourer for Maple Syrup, Oil Dispenser Bottle with Non-Slip Handle, Honey Jar & Sirop Container - PureHiveHoney","description":"Entdecken Sie hochwertigen Rohhonig, Bio Honig, Manuka Honig und nat\u00fcrliche Bienenprodukte. PureHiveHoney hilft Ihnen dabei, sorgf\u00e4ltig ausgew\u00e4hlte Honigsorten mit nat\u00fcrlicher Qualit\u00e4t und Reinheit zu entdecken.","robots":{"index":"index","follow":"follow","max-snippet":"max-snippet:-1","max-image-preview":"max-image-preview:large","max-video-preview":"max-video-preview:-1"},"canonical":"https:\/\/purehivehoney.com\/de\/product\/95-8g-syrup-dispenser-with-cast-zinc-drip-free-pourer-for-maple-syrup-oil-dispenser-bottle-with-non-slip-handle-honey-jar-sirop-container\/","og_locale":"de_DE","og_type":"article","og_title":"95.8g Syrup Dispenser with Cast Zinc - Drip Free Pourer for Maple Syrup, Oil Dispenser Bottle with Non-Slip Handle, Honey Jar & Sirop Container - PureHiveHoney","og_description":"Entdecken Sie hochwertigen Rohhonig, Bio Honig, Manuka Honig und nat\u00fcrliche Bienenprodukte. PureHiveHoney hilft Ihnen dabei, sorgf\u00e4ltig ausgew\u00e4hlte Honigsorten mit nat\u00fcrlicher Qualit\u00e4t und Reinheit zu entdecken.","og_url":"https:\/\/purehivehoney.com\/de\/product\/95-8g-syrup-dispenser-with-cast-zinc-drip-free-pourer-for-maple-syrup-oil-dispenser-bottle-with-non-slip-handle-honey-jar-sirop-container\/","og_site_name":"PureHiveHoney","article_modified_time":"2026-03-16T05:55:47+00:00","og_image":[{"url":"https:\/\/images-na.ssl-images-amazon.com\/images\/G\/01\/x-locale\/common\/grey-pixel.gif","type":"","width":"","height":""}],"twitter_card":"summary_large_image","twitter_misc":{"Gesch\u00e4tzte Lesezeit":"1\u00a0Minute"},"schema":{"@context":"https:\/\/schema.org","@graph":[{"@type":"WebPage","@id":"https:\/\/purehivehoney.com\/de\/product\/95-8g-syrup-dispenser-with-cast-zinc-drip-free-pourer-for-maple-syrup-oil-dispenser-bottle-with-non-slip-handle-honey-jar-sirop-container\/","url":"https:\/\/purehivehoney.com\/de\/product\/95-8g-syrup-dispenser-with-cast-zinc-drip-free-pourer-for-maple-syrup-oil-dispenser-bottle-with-non-slip-handle-honey-jar-sirop-container\/","name":"95.8g Syrup Dispenser with Cast Zinc - Drip Free Pourer for Maple Syrup, Oil Dispenser Bottle with Non-Slip Handle, Honey Jar & Sirop Container - PureHiveHoney","isPartOf":{"@id":"https:\/\/purehivehoney.com\/de\/#website"},"primaryImageOfPage":{"@id":"https:\/\/purehivehoney.com\/de\/product\/95-8g-syrup-dispenser-with-cast-zinc-drip-free-pourer-for-maple-syrup-oil-dispenser-bottle-with-non-slip-handle-honey-jar-sirop-container\/#primaryimage"},"image":{"@id":"https:\/\/purehivehoney.com\/de\/product\/95-8g-syrup-dispenser-with-cast-zinc-drip-free-pourer-for-maple-syrup-oil-dispenser-bottle-with-non-slip-handle-honey-jar-sirop-container\/#primaryimage"},"thumbnailUrl":"https:\/\/purehivehoney.com\/de\/wp-content\/uploads\/2026\/03\/61CM99QievL._AC_SL1100_.jpg","datePublished":"2026-03-16T05:55:35+00:00","dateModified":"2026-03-16T05:55:47+00:00","description":"Entdecken Sie hochwertigen Rohhonig, Bio Honig, Manuka Honig und nat\u00fcrliche Bienenprodukte. PureHiveHoney hilft Ihnen dabei, sorgf\u00e4ltig ausgew\u00e4hlte Honigsorten mit nat\u00fcrlicher Qualit\u00e4t und Reinheit zu entdecken.","breadcrumb":{"@id":"https:\/\/purehivehoney.com\/de\/product\/95-8g-syrup-dispenser-with-cast-zinc-drip-free-pourer-for-maple-syrup-oil-dispenser-bottle-with-non-slip-handle-honey-jar-sirop-container\/#breadcrumb"},"inLanguage":"de","potentialAction":[{"@type":"ReadAction","target":["https:\/\/purehivehoney.com\/de\/product\/95-8g-syrup-dispenser-with-cast-zinc-drip-free-pourer-for-maple-syrup-oil-dispenser-bottle-with-non-slip-handle-honey-jar-sirop-container\/"]}]},{"@type":"ImageObject","inLanguage":"de","@id":"https:\/\/purehivehoney.com\/de\/product\/95-8g-syrup-dispenser-with-cast-zinc-drip-free-pourer-for-maple-syrup-oil-dispenser-bottle-with-non-slip-handle-honey-jar-sirop-container\/#primaryimage","url":"https:\/\/purehivehoney.com\/de\/wp-content\/uploads\/2026\/03\/61CM99QievL._AC_SL1100_.jpg","contentUrl":"https:\/\/purehivehoney.com\/de\/wp-content\/uploads\/2026\/03\/61CM99QievL._AC_SL1100_.jpg","width":1073,"height":982},{"@type":"BreadcrumbList","@id":"https:\/\/purehivehoney.com\/de\/product\/95-8g-syrup-dispenser-with-cast-zinc-drip-free-pourer-for-maple-syrup-oil-dispenser-bottle-with-non-slip-handle-honey-jar-sirop-container\/#breadcrumb","itemListElement":[{"@type":"ListItem","position":1,"name":"Home","item":"https:\/\/purehivehoney.com\/de\/"},{"@type":"ListItem","position":2,"name":"Shop","item":"https:\/\/purehivehoney.com\/de\/shop\/"},{"@type":"ListItem","position":3,"name":"95.8g Syrup Dispenser with Cast Zin..."}]},{"@type":"WebSite","@id":"https:\/\/purehivehoney.com\/de\/#website","url":"https:\/\/purehivehoney.com\/de\/","name":"PureHiveHoney","description":"Reiner Honig &amp; Bienenprodukte Online | Rohhonig, Bio Honig &amp; Spezialhonig","publisher":{"@id":"https:\/\/purehivehoney.com\/de\/#organization"},"potentialAction":[{"@type":"SearchAction","target":{"@type":"EntryPoint","urlTemplate":"https:\/\/purehivehoney.com\/de\/?s={search_term_string}"},"query-input":{"@type":"PropertyValueSpecification","valueRequired":true,"valueName":"search_term_string"}}],"inLanguage":"de"},{"@type":"Organization","@id":"https:\/\/purehivehoney.com\/de\/#organization","name":"PureHiveHoney","url":"https:\/\/purehivehoney.com\/de\/","logo":{"@type":"ImageObject","inLanguage":"de","@id":"https:\/\/purehivehoney.com\/de\/#\/schema\/logo\/image\/","url":"https:\/\/purehivehoney.com\/de\/wp-content\/uploads\/2026\/03\/Screenshot-2026-03-16-at-1.06.01-AM.png","contentUrl":"https:\/\/purehivehoney.com\/de\/wp-content\/uploads\/2026\/03\/Screenshot-2026-03-16-at-1.06.01-AM.png","width":2112,"height":1086,"caption":"PureHiveHoney"},"image":{"@id":"https:\/\/purehivehoney.com\/de\/#\/schema\/logo\/image\/"}}]}},"_links":{"self":[{"href":"https:\/\/purehivehoney.com\/de\/wp-json\/wp\/v2\/product\/837","targetHints":{"allow":["GET"]}}],"collection":[{"href":"https:\/\/purehivehoney.com\/de\/wp-json\/wp\/v2\/product"}],"about":[{"href":"https:\/\/purehivehoney.com\/de\/wp-json\/wp\/v2\/types\/product"}],"replies":[{"embeddable":true,"href":"https:\/\/purehivehoney.com\/de\/wp-json\/wp\/v2\/comments?post=837"}],"wp:featuredmedia":[{"embeddable":true,"href":"https:\/\/purehivehoney.com\/de\/wp-json\/wp\/v2\/media\/838"}],"wp:attachment":[{"href":"https:\/\/purehivehoney.com\/de\/wp-json\/wp\/v2\/media?parent=837"}],"wp:term":[{"taxonomy":"store","embeddable":true,"href":"https:\/\/purehivehoney.com\/de\/wp-json\/wp\/v2\/store?post=837"},{"taxonomy":"product_brand","embeddable":true,"href":"https:\/\/purehivehoney.com\/de\/wp-json\/wp\/v2\/product_brand?post=837"},{"taxonomy":"product_cat","embeddable":true,"href":"https:\/\/purehivehoney.com\/de\/wp-json\/wp\/v2\/product_cat?post=837"},{"taxonomy":"product_tag","embeddable":true,"href":"https:\/\/purehivehoney.com\/de\/wp-json\/wp\/v2\/product_tag?post=837"}],"curies":[{"name":"wp","href":"https:\/\/api.w.org\/{rel}","templated":true}]}}