{"id":804,"date":"2026-03-16T05:35:02","date_gmt":"2026-03-16T05:35:02","guid":{"rendered":"https:\/\/purehivehoney.com\/de\/product\/honig-koestlich-gesund-und-vielseitig-mit-180-rezepten-fuer-alle-lebenslagen\/"},"modified":"2026-03-16T05:35:04","modified_gmt":"2026-03-16T05:35:04","slug":"honig-koestlich-gesund-und-vielseitig-mit-180-rezepten-fuer-alle-lebenslagen","status":"publish","type":"product","link":"https:\/\/purehivehoney.com\/de\/product\/honig-koestlich-gesund-und-vielseitig-mit-180-rezepten-fuer-alle-lebenslagen\/","title":{"rendered":"Honig: K\u00f6stlich, gesund und vielse..."},"content":{"rendered":"<p>  Honig wird seit Urzeiten als Nahrungsmittel gesch\u00e4tzt. Kaum ein anderes Naturprodukt ist so reich an gesundheitsf\u00f6rdernden Inhaltsstoffen und die Wissenschaft entschl\u00fcsselt immer mehr seiner Wirkungen auf die Gesundheit. In diesem Buch erfahren Sie nicht nur, wie die Bienen den Honig herstellen, sondern auch, wie seine Inhaltsstoffe mit ihren speziellen Wirkungsweisen auf den menschlichen Organismus wirken. Renate Frank verr\u00e4t, wie Honig in der gesunden Ern\u00e4hrung verwendet werden kann und gibt Antworten auf die am h\u00e4ufigsten gestellten Fragen zum Honig. Mit vielen Tipps zur \u00e4u\u00dferlichen Verwendung von Honig und \u00fcber 180 Rezepten zur Bereicherung der Ern\u00e4hrung in jeder Lebenslage.    <br \/>Publisher                                            \u200f                                            :                                            \u200e                                                        Verlag Eugen Ulmer       <br \/> Publication date                                            \u200f                                            :                                            \u200e                                                        13 Jun. 2019       <br \/> Edition                                            \u200f                                            :                                            \u200e                                                        3rd       <br \/> Language                                            \u200f                                            :                                            \u200e                                            German   <br \/> Print length                                            \u200f                                            :                                            \u200e                                                        176 pages       <br \/> ISBN-10                                            \u200f                                            :                                            \u200e                                                        3818608180       <br \/> ISBN-13                                            \u200f                                            :                                            \u200e                                                        978-3818608187       <br \/> Dimensions                                            \u200f                                            :                                            \u200e                                                        17.2 x 1.4 x 23.5 cm       <br \/>       Best Sellers Rank:  41,755 in Books (See Top 100 in Books)    54 in Homoeopathy   349 in Cooking for Families (Books)   420 in Vegetarian &#038; Vegan Cooking      <br \/>  Customer reviews:                                                                                            4.7               4.7 out of 5 stars                                  (29)                                              var dpAcrHasRegisteredArcLinkClickAction;                    P.when(&#8218;A&#8216;, &#8218;ready&#8216;).execute(function(A) {                        if (dpAcrHasRegisteredArcLinkClickAction !== true) {                            dpAcrHasRegisteredArcLinkClickAction = true;                            A.declarative(                                &#8218;acrLink-click-metrics&#8216;, &#8218;click&#8216;,                                { &#8222;allowLinkDefault&#8220;: true },                                function (event) {                                    if (window.ue) {                                        ue.count(&#8222;acrLinkClickCount&#8220;, (ue.count(&#8222;acrLinkClickCount&#8220;) || 0) + 1);                                    }                                }                            );                        }                    });                                             P.when(&#8218;A&#8216;, &#8218;cf&#8216;).execute(function(A) {                A.declarative(&#8218;acrStarsLink-click-metrics&#8216;, &#8218;click&#8216;, { &#8222;allowLinkDefault&#8220; : true },  function(event){                    if(window.ue) {                        ue.count(&#8222;acrStarsLinkWithPopoverClickCount&#8220;, (ue.count(&#8222;acrStarsLinkWithPopoverClickCount&#8220;) || 0) + 1);                    }                });            });                          <br \/><\/p>\n","protected":false},"excerpt":{"rendered":"<p>Honig wird seit Urzeiten als Nahrungsmittel gesch\u00e4tzt. Kaum ein anderes Naturprodukt ist so reich an gesundheitsf\u00f6rdernden Inhaltsstoffen und die Wissenschaft entschl\u00fcsselt immer mehr seiner Wirkungen auf die Gesundheit. In diesem Buch erfahren Sie nicht nur, wie die Bienen den Honig herstellen, sondern auch, wie seine Inhaltsstoffe mit ihren speziellen Wirkungsweisen auf den menschlichen Organismus wirken. [&hellip;]<\/p>\n","protected":false},"featured_media":805,"comment_status":"open","ping_status":"closed","template":"","meta":{"_aipt_faq_data":""},"store":[],"product_brand":[],"product_cat":[57],"product_tag":[174],"class_list":{"0":"post-804","1":"product","2":"type-product","3":"status-publish","4":"has-post-thumbnail","6":"product_cat-honigbutter","7":"product_tag-honigbutter-zum-fruehstueck","9":"first","10":"instock","11":"shipping-taxable","12":"product-type-external"},"yoast_head":"<!-- This site is optimized with the Yoast SEO plugin v27.4 - https:\/\/yoast.com\/product\/yoast-seo-wordpress\/ -->\n<title>Honig: K\u00f6stlich, gesund und vielseitig. Mit 180 Rezepten f\u00fcr alle Lebenslagen - PureHiveHoney<\/title>\n<meta name=\"description\" content=\"Entdecken Sie hochwertigen Rohhonig, Bio Honig, Manuka Honig und nat\u00fcrliche Bienenprodukte. PureHiveHoney hilft Ihnen dabei, sorgf\u00e4ltig ausgew\u00e4hlte Honigsorten mit nat\u00fcrlicher Qualit\u00e4t und Reinheit zu entdecken.\" \/>\n<meta name=\"robots\" content=\"index, follow, max-snippet:-1, max-image-preview:large, max-video-preview:-1\" \/>\n<link rel=\"canonical\" href=\"https:\/\/purehivehoney.com\/de\/product\/honig-koestlich-gesund-und-vielseitig-mit-180-rezepten-fuer-alle-lebenslagen\/\" \/>\n<meta property=\"og:locale\" content=\"de_DE\" \/>\n<meta property=\"og:type\" content=\"article\" \/>\n<meta property=\"og:title\" content=\"Honig: K\u00f6stlich, gesund und vielseitig. Mit 180 Rezepten f\u00fcr alle Lebenslagen - PureHiveHoney\" \/>\n<meta property=\"og:description\" content=\"Entdecken Sie hochwertigen Rohhonig, Bio Honig, Manuka Honig und nat\u00fcrliche Bienenprodukte. PureHiveHoney hilft Ihnen dabei, sorgf\u00e4ltig ausgew\u00e4hlte Honigsorten mit nat\u00fcrlicher Qualit\u00e4t und Reinheit zu entdecken.\" \/>\n<meta property=\"og:url\" content=\"https:\/\/purehivehoney.com\/de\/product\/honig-koestlich-gesund-und-vielseitig-mit-180-rezepten-fuer-alle-lebenslagen\/\" \/>\n<meta property=\"og:site_name\" content=\"PureHiveHoney\" \/>\n<meta property=\"article:modified_time\" content=\"2026-03-16T05:35:04+00:00\" \/>\n<meta name=\"twitter:card\" content=\"summary_large_image\" \/>\n<meta name=\"twitter:label1\" content=\"Gesch\u00e4tzte Lesezeit\" \/>\n\t<meta name=\"twitter:data1\" content=\"1\u00a0Minute\" \/>\n<script type=\"application\/ld+json\" class=\"yoast-schema-graph\">{\"@context\":\"https:\\\/\\\/schema.org\",\"@graph\":[{\"@type\":\"WebPage\",\"@id\":\"https:\\\/\\\/purehivehoney.com\\\/de\\\/product\\\/honig-koestlich-gesund-und-vielseitig-mit-180-rezepten-fuer-alle-lebenslagen\\\/\",\"url\":\"https:\\\/\\\/purehivehoney.com\\\/de\\\/product\\\/honig-koestlich-gesund-und-vielseitig-mit-180-rezepten-fuer-alle-lebenslagen\\\/\",\"name\":\"Honig: K\u00f6stlich, gesund und vielseitig. Mit 180 Rezepten f\u00fcr alle Lebenslagen - PureHiveHoney\",\"isPartOf\":{\"@id\":\"https:\\\/\\\/purehivehoney.com\\\/de\\\/#website\"},\"primaryImageOfPage\":{\"@id\":\"https:\\\/\\\/purehivehoney.com\\\/de\\\/product\\\/honig-koestlich-gesund-und-vielseitig-mit-180-rezepten-fuer-alle-lebenslagen\\\/#primaryimage\"},\"image\":{\"@id\":\"https:\\\/\\\/purehivehoney.com\\\/de\\\/product\\\/honig-koestlich-gesund-und-vielseitig-mit-180-rezepten-fuer-alle-lebenslagen\\\/#primaryimage\"},\"thumbnailUrl\":\"https:\\\/\\\/purehivehoney.com\\\/de\\\/wp-content\\\/uploads\\\/2026\\\/03\\\/71r4dS0ldML._SL1500_.jpg\",\"datePublished\":\"2026-03-16T05:35:02+00:00\",\"dateModified\":\"2026-03-16T05:35:04+00:00\",\"description\":\"Entdecken Sie hochwertigen Rohhonig, Bio Honig, Manuka Honig und nat\u00fcrliche Bienenprodukte. PureHiveHoney hilft Ihnen dabei, sorgf\u00e4ltig ausgew\u00e4hlte Honigsorten mit nat\u00fcrlicher Qualit\u00e4t und Reinheit zu entdecken.\",\"breadcrumb\":{\"@id\":\"https:\\\/\\\/purehivehoney.com\\\/de\\\/product\\\/honig-koestlich-gesund-und-vielseitig-mit-180-rezepten-fuer-alle-lebenslagen\\\/#breadcrumb\"},\"inLanguage\":\"de\",\"potentialAction\":[{\"@type\":\"ReadAction\",\"target\":[\"https:\\\/\\\/purehivehoney.com\\\/de\\\/product\\\/honig-koestlich-gesund-und-vielseitig-mit-180-rezepten-fuer-alle-lebenslagen\\\/\"]}]},{\"@type\":\"ImageObject\",\"inLanguage\":\"de\",\"@id\":\"https:\\\/\\\/purehivehoney.com\\\/de\\\/product\\\/honig-koestlich-gesund-und-vielseitig-mit-180-rezepten-fuer-alle-lebenslagen\\\/#primaryimage\",\"url\":\"https:\\\/\\\/purehivehoney.com\\\/de\\\/wp-content\\\/uploads\\\/2026\\\/03\\\/71r4dS0ldML._SL1500_.jpg\",\"contentUrl\":\"https:\\\/\\\/purehivehoney.com\\\/de\\\/wp-content\\\/uploads\\\/2026\\\/03\\\/71r4dS0ldML._SL1500_.jpg\",\"width\":1098,\"height\":1500},{\"@type\":\"BreadcrumbList\",\"@id\":\"https:\\\/\\\/purehivehoney.com\\\/de\\\/product\\\/honig-koestlich-gesund-und-vielseitig-mit-180-rezepten-fuer-alle-lebenslagen\\\/#breadcrumb\",\"itemListElement\":[{\"@type\":\"ListItem\",\"position\":1,\"name\":\"Home\",\"item\":\"https:\\\/\\\/purehivehoney.com\\\/de\\\/\"},{\"@type\":\"ListItem\",\"position\":2,\"name\":\"Shop\",\"item\":\"https:\\\/\\\/purehivehoney.com\\\/de\\\/shop\\\/\"},{\"@type\":\"ListItem\",\"position\":3,\"name\":\"Honig: K\u00f6stlich, gesund und vielse...\"}]},{\"@type\":\"WebSite\",\"@id\":\"https:\\\/\\\/purehivehoney.com\\\/de\\\/#website\",\"url\":\"https:\\\/\\\/purehivehoney.com\\\/de\\\/\",\"name\":\"PureHiveHoney\",\"description\":\"Reiner Honig &amp; Bienenprodukte Online | Rohhonig, Bio Honig &amp; Spezialhonig\",\"publisher\":{\"@id\":\"https:\\\/\\\/purehivehoney.com\\\/de\\\/#organization\"},\"potentialAction\":[{\"@type\":\"SearchAction\",\"target\":{\"@type\":\"EntryPoint\",\"urlTemplate\":\"https:\\\/\\\/purehivehoney.com\\\/de\\\/?s={search_term_string}\"},\"query-input\":{\"@type\":\"PropertyValueSpecification\",\"valueRequired\":true,\"valueName\":\"search_term_string\"}}],\"inLanguage\":\"de\"},{\"@type\":\"Organization\",\"@id\":\"https:\\\/\\\/purehivehoney.com\\\/de\\\/#organization\",\"name\":\"PureHiveHoney\",\"url\":\"https:\\\/\\\/purehivehoney.com\\\/de\\\/\",\"logo\":{\"@type\":\"ImageObject\",\"inLanguage\":\"de\",\"@id\":\"https:\\\/\\\/purehivehoney.com\\\/de\\\/#\\\/schema\\\/logo\\\/image\\\/\",\"url\":\"https:\\\/\\\/purehivehoney.com\\\/de\\\/wp-content\\\/uploads\\\/2026\\\/03\\\/Screenshot-2026-03-16-at-1.06.01-AM.png\",\"contentUrl\":\"https:\\\/\\\/purehivehoney.com\\\/de\\\/wp-content\\\/uploads\\\/2026\\\/03\\\/Screenshot-2026-03-16-at-1.06.01-AM.png\",\"width\":2112,\"height\":1086,\"caption\":\"PureHiveHoney\"},\"image\":{\"@id\":\"https:\\\/\\\/purehivehoney.com\\\/de\\\/#\\\/schema\\\/logo\\\/image\\\/\"}}]}<\/script>\n<!-- \/ Yoast SEO plugin. -->","yoast_head_json":{"title":"Honig: K\u00f6stlich, gesund und vielseitig. Mit 180 Rezepten f\u00fcr alle Lebenslagen - PureHiveHoney","description":"Entdecken Sie hochwertigen Rohhonig, Bio Honig, Manuka Honig und nat\u00fcrliche Bienenprodukte. PureHiveHoney hilft Ihnen dabei, sorgf\u00e4ltig ausgew\u00e4hlte Honigsorten mit nat\u00fcrlicher Qualit\u00e4t und Reinheit zu entdecken.","robots":{"index":"index","follow":"follow","max-snippet":"max-snippet:-1","max-image-preview":"max-image-preview:large","max-video-preview":"max-video-preview:-1"},"canonical":"https:\/\/purehivehoney.com\/de\/product\/honig-koestlich-gesund-und-vielseitig-mit-180-rezepten-fuer-alle-lebenslagen\/","og_locale":"de_DE","og_type":"article","og_title":"Honig: K\u00f6stlich, gesund und vielseitig. Mit 180 Rezepten f\u00fcr alle Lebenslagen - PureHiveHoney","og_description":"Entdecken Sie hochwertigen Rohhonig, Bio Honig, Manuka Honig und nat\u00fcrliche Bienenprodukte. PureHiveHoney hilft Ihnen dabei, sorgf\u00e4ltig ausgew\u00e4hlte Honigsorten mit nat\u00fcrlicher Qualit\u00e4t und Reinheit zu entdecken.","og_url":"https:\/\/purehivehoney.com\/de\/product\/honig-koestlich-gesund-und-vielseitig-mit-180-rezepten-fuer-alle-lebenslagen\/","og_site_name":"PureHiveHoney","article_modified_time":"2026-03-16T05:35:04+00:00","twitter_card":"summary_large_image","twitter_misc":{"Gesch\u00e4tzte Lesezeit":"1\u00a0Minute"},"schema":{"@context":"https:\/\/schema.org","@graph":[{"@type":"WebPage","@id":"https:\/\/purehivehoney.com\/de\/product\/honig-koestlich-gesund-und-vielseitig-mit-180-rezepten-fuer-alle-lebenslagen\/","url":"https:\/\/purehivehoney.com\/de\/product\/honig-koestlich-gesund-und-vielseitig-mit-180-rezepten-fuer-alle-lebenslagen\/","name":"Honig: K\u00f6stlich, gesund und vielseitig. Mit 180 Rezepten f\u00fcr alle Lebenslagen - PureHiveHoney","isPartOf":{"@id":"https:\/\/purehivehoney.com\/de\/#website"},"primaryImageOfPage":{"@id":"https:\/\/purehivehoney.com\/de\/product\/honig-koestlich-gesund-und-vielseitig-mit-180-rezepten-fuer-alle-lebenslagen\/#primaryimage"},"image":{"@id":"https:\/\/purehivehoney.com\/de\/product\/honig-koestlich-gesund-und-vielseitig-mit-180-rezepten-fuer-alle-lebenslagen\/#primaryimage"},"thumbnailUrl":"https:\/\/purehivehoney.com\/de\/wp-content\/uploads\/2026\/03\/71r4dS0ldML._SL1500_.jpg","datePublished":"2026-03-16T05:35:02+00:00","dateModified":"2026-03-16T05:35:04+00:00","description":"Entdecken Sie hochwertigen Rohhonig, Bio Honig, Manuka Honig und nat\u00fcrliche Bienenprodukte. PureHiveHoney hilft Ihnen dabei, sorgf\u00e4ltig ausgew\u00e4hlte Honigsorten mit nat\u00fcrlicher Qualit\u00e4t und Reinheit zu entdecken.","breadcrumb":{"@id":"https:\/\/purehivehoney.com\/de\/product\/honig-koestlich-gesund-und-vielseitig-mit-180-rezepten-fuer-alle-lebenslagen\/#breadcrumb"},"inLanguage":"de","potentialAction":[{"@type":"ReadAction","target":["https:\/\/purehivehoney.com\/de\/product\/honig-koestlich-gesund-und-vielseitig-mit-180-rezepten-fuer-alle-lebenslagen\/"]}]},{"@type":"ImageObject","inLanguage":"de","@id":"https:\/\/purehivehoney.com\/de\/product\/honig-koestlich-gesund-und-vielseitig-mit-180-rezepten-fuer-alle-lebenslagen\/#primaryimage","url":"https:\/\/purehivehoney.com\/de\/wp-content\/uploads\/2026\/03\/71r4dS0ldML._SL1500_.jpg","contentUrl":"https:\/\/purehivehoney.com\/de\/wp-content\/uploads\/2026\/03\/71r4dS0ldML._SL1500_.jpg","width":1098,"height":1500},{"@type":"BreadcrumbList","@id":"https:\/\/purehivehoney.com\/de\/product\/honig-koestlich-gesund-und-vielseitig-mit-180-rezepten-fuer-alle-lebenslagen\/#breadcrumb","itemListElement":[{"@type":"ListItem","position":1,"name":"Home","item":"https:\/\/purehivehoney.com\/de\/"},{"@type":"ListItem","position":2,"name":"Shop","item":"https:\/\/purehivehoney.com\/de\/shop\/"},{"@type":"ListItem","position":3,"name":"Honig: K\u00f6stlich, gesund und vielse..."}]},{"@type":"WebSite","@id":"https:\/\/purehivehoney.com\/de\/#website","url":"https:\/\/purehivehoney.com\/de\/","name":"PureHiveHoney","description":"Reiner Honig &amp; Bienenprodukte Online | Rohhonig, Bio Honig &amp; Spezialhonig","publisher":{"@id":"https:\/\/purehivehoney.com\/de\/#organization"},"potentialAction":[{"@type":"SearchAction","target":{"@type":"EntryPoint","urlTemplate":"https:\/\/purehivehoney.com\/de\/?s={search_term_string}"},"query-input":{"@type":"PropertyValueSpecification","valueRequired":true,"valueName":"search_term_string"}}],"inLanguage":"de"},{"@type":"Organization","@id":"https:\/\/purehivehoney.com\/de\/#organization","name":"PureHiveHoney","url":"https:\/\/purehivehoney.com\/de\/","logo":{"@type":"ImageObject","inLanguage":"de","@id":"https:\/\/purehivehoney.com\/de\/#\/schema\/logo\/image\/","url":"https:\/\/purehivehoney.com\/de\/wp-content\/uploads\/2026\/03\/Screenshot-2026-03-16-at-1.06.01-AM.png","contentUrl":"https:\/\/purehivehoney.com\/de\/wp-content\/uploads\/2026\/03\/Screenshot-2026-03-16-at-1.06.01-AM.png","width":2112,"height":1086,"caption":"PureHiveHoney"},"image":{"@id":"https:\/\/purehivehoney.com\/de\/#\/schema\/logo\/image\/"}}]}},"_links":{"self":[{"href":"https:\/\/purehivehoney.com\/de\/wp-json\/wp\/v2\/product\/804","targetHints":{"allow":["GET"]}}],"collection":[{"href":"https:\/\/purehivehoney.com\/de\/wp-json\/wp\/v2\/product"}],"about":[{"href":"https:\/\/purehivehoney.com\/de\/wp-json\/wp\/v2\/types\/product"}],"replies":[{"embeddable":true,"href":"https:\/\/purehivehoney.com\/de\/wp-json\/wp\/v2\/comments?post=804"}],"wp:featuredmedia":[{"embeddable":true,"href":"https:\/\/purehivehoney.com\/de\/wp-json\/wp\/v2\/media\/805"}],"wp:attachment":[{"href":"https:\/\/purehivehoney.com\/de\/wp-json\/wp\/v2\/media?parent=804"}],"wp:term":[{"taxonomy":"store","embeddable":true,"href":"https:\/\/purehivehoney.com\/de\/wp-json\/wp\/v2\/store?post=804"},{"taxonomy":"product_brand","embeddable":true,"href":"https:\/\/purehivehoney.com\/de\/wp-json\/wp\/v2\/product_brand?post=804"},{"taxonomy":"product_cat","embeddable":true,"href":"https:\/\/purehivehoney.com\/de\/wp-json\/wp\/v2\/product_cat?post=804"},{"taxonomy":"product_tag","embeddable":true,"href":"https:\/\/purehivehoney.com\/de\/wp-json\/wp\/v2\/product_tag?post=804"}],"curies":[{"name":"wp","href":"https:\/\/api.w.org\/{rel}","templated":true}]}}