{"id":800,"date":"2026-03-16T05:32:32","date_gmt":"2026-03-16T05:32:32","guid":{"rendered":"https:\/\/purehivehoney.com\/de\/product\/alleskoenner-honig-die-kraft-des-suessen-goldes-nutzen-wirksame-unterstuetzung-fuer-die-gesundheit-schonende-pflege-fuer-haut-und-haar-natuerliche-hilfe-im-haushalt\/"},"modified":"2026-03-16T05:32:38","modified_gmt":"2026-03-16T05:32:38","slug":"alleskoenner-honig-die-kraft-des-suessen-goldes-nutzen-wirksame-unterstuetzung-fuer-die-gesundheit-schonende-pflege-fuer-haut-und-haar-natuerliche-hilfe-im-haushalt","status":"publish","type":"product","link":"https:\/\/purehivehoney.com\/de\/product\/alleskoenner-honig-die-kraft-des-suessen-goldes-nutzen-wirksame-unterstuetzung-fuer-die-gesundheit-schonende-pflege-fuer-haut-und-haar-natuerliche-hilfe-im-haushalt\/","title":{"rendered":"Allesk\u00f6nner Honig: Die Kraft des s..."},"content":{"rendered":"<p>Nicht nur k\u00f6stlich, sondern auch heilend!<br \/>Sie leiden unter schmerzenden Gelenken, Sodbrennen, Verdauungsproblemen, einem erh\u00f6hten Cholesterinspiegel, Bluthochdruck, Allergien, Entz\u00fcndungen, Husten oder anderen Atemwegsbeschwerden? Dann brauchen Sie: Honig!<br \/>Die geballten Vitamine, Spurenelemente und Mineralstoffe, die in Honig stecken, haben aber nicht nur einen erstaunlichen Effekt auf die Gesundheit: Auch bei gereizter, juckender Haut und spr\u00f6dem Haar kann Honig Abhilfe schaffen. Zudem kann er im Haushalt eingesetzt werden, zum Beispiel, um Obst und Backwaren lange frisch zu halten.<br \/>Wie man sich das s\u00fc\u00dfe Gold zunutze macht, wei\u00df Ern\u00e4hrungs- und Gesundheitsexpertin Susan Branson. Neben wertvollen Tipps liefert sie eine Menge vielf\u00e4ltiger und simpler Rezepte, mit denen jeder die eigene Gesundheit und K\u00f6rperpflege ganz nat\u00fcrlich unterst\u00fctzen kann. <\/p>\n<p> <br \/>\n                                             From the brand   <\/p>\n<p>                                              <img decoding=\"async\" alt=\"\" src=\"https:\/\/images-na.ssl-images-amazon.com\/images\/G\/01\/x-locale\/common\/grey-pixel.gif\" class=\"a-lazy-loaded\" data-src=\"https:\/\/m.media-amazon.com\/images\/S\/aplus-media-library-service-media\/b2350d08-9a1f-4f70-9490-d5cd63d4f27d.__CR0,166,3000,1281_PT0_SX1464_V1___.png\"><img decoding=\"async\" alt=\"\" src=\"https:\/\/m.media-amazon.com\/images\/S\/aplus-media-library-service-media\/b2350d08-9a1f-4f70-9490-d5cd63d4f27d.__CR0,166,3000,1281_PT0_SX1464_V1___.png\">  <\/p>\n<h3> Read yourself fit and healthy <\/h3>\n<p> Discover a variety of sports books and informative health guides in our Amazon stores! <\/p>\n<h3> Go to more fitness <\/h3>\n<p class=\"apm-brand-story-stores-link\">\n<h3> Go to more health here <\/h3>\n<p class=\"apm-brand-story-stores-link\">\n<p> Publisher                                            \u200f                                            :                                            \u200e                                                        Riva       <br \/> Publication date                                            \u200f                                            :                                            \u200e                                                        22 Aug. 2023       <br \/> Language                                            \u200f                                            :                                            \u200e                                            German   <br \/> Print length                                            \u200f                                            :                                            \u200e                                                        144 pages       <br \/> ISBN-10                                            \u200f                                            :                                            \u200e                                                        3742324179       <br \/> ISBN-13                                            \u200f                                            :                                            \u200e                                                        978-3742324177       <br \/> Dimensions                                            \u200f                                            :                                            \u200e                                                        12 x 1.1 x 18.7 cm       <br \/> Book 8 of 11                                            \u200f                                            :                                            \u200e                                                        Allesk\u00f6nner       <br \/>       Best Sellers Rank:  542,174 in Books (See Top 100 in Books)    50 in Acne (Books)   1,315 in General Knowledge Nutrition   2,271 in Weightloss Diets      <br \/>  Customer reviews:                                                                                            4.7               4.7 out of 5 stars                                  (4)                                              var dpAcrHasRegisteredArcLinkClickAction;                    P.when(&#8218;A&#8216;, &#8218;ready&#8216;).execute(function(A) {                        if (dpAcrHasRegisteredArcLinkClickAction !== true) {                            dpAcrHasRegisteredArcLinkClickAction = true;                            A.declarative(                                &#8218;acrLink-click-metrics&#8216;, &#8218;click&#8216;,                                { &#8222;allowLinkDefault&#8220;: true },                                function (event) {                                    if (window.ue) {                                        ue.count(&#8222;acrLinkClickCount&#8220;, (ue.count(&#8222;acrLinkClickCount&#8220;) || 0) + 1);                                    }                                }                            );                        }                    });                                             P.when(&#8218;A&#8216;, &#8218;cf&#8216;).execute(function(A) {                A.declarative(&#8218;acrStarsLink-click-metrics&#8216;, &#8218;click&#8216;, { &#8222;allowLinkDefault&#8220; : true },  function(event){                    if(window.ue) {                        ue.count(&#8222;acrStarsLinkWithPopoverClickCount&#8220;, (ue.count(&#8222;acrStarsLinkWithPopoverClickCount&#8220;) || 0) + 1);                    }                });            });                          <br \/><\/p>\n","protected":false},"excerpt":{"rendered":"<p>Nicht nur k\u00f6stlich, sondern auch heilend!Sie leiden unter schmerzenden Gelenken, Sodbrennen, Verdauungsproblemen, einem erh\u00f6hten Cholesterinspiegel, Bluthochdruck, Allergien, Entz\u00fcndungen, Husten oder anderen Atemwegsbeschwerden? Dann brauchen Sie: Honig!Die geballten Vitamine, Spurenelemente und Mineralstoffe, die in Honig stecken, haben aber nicht nur einen erstaunlichen Effekt auf die Gesundheit: Auch bei gereizter, juckender Haut und spr\u00f6dem Haar kann Honig [&hellip;]<\/p>\n","protected":false},"featured_media":801,"comment_status":"open","ping_status":"closed","template":"","meta":{"_aipt_faq_data":""},"store":[],"product_brand":[],"product_cat":[60],"product_tag":[143],"class_list":{"0":"post-800","1":"product","2":"type-product","3":"status-publish","4":"has-post-thumbnail","6":"product_cat-honig-fur-das-immunsystem","7":"product_tag-natuerlicher-honig-fuer-das-immunsystem","9":"first","10":"instock","11":"shipping-taxable","12":"product-type-external"},"yoast_head":"<!-- This site is optimized with the Yoast SEO plugin v27.4 - https:\/\/yoast.com\/product\/yoast-seo-wordpress\/ -->\n<title>Allesk\u00f6nner Honig: Die Kraft des s\u00fc\u00dfen Goldes nutzen: wirksame Unterst\u00fctzung f\u00fcr die Gesundheit, schonende Pflege f\u00fcr Haut und Haar, nat\u00fcrliche Hilfe im Haushalt - PureHiveHoney<\/title>\n<meta name=\"description\" content=\"Entdecken Sie hochwertigen Rohhonig, Bio Honig, Manuka Honig und nat\u00fcrliche Bienenprodukte. PureHiveHoney hilft Ihnen dabei, sorgf\u00e4ltig ausgew\u00e4hlte Honigsorten mit nat\u00fcrlicher Qualit\u00e4t und Reinheit zu entdecken.\" \/>\n<meta name=\"robots\" content=\"index, follow, max-snippet:-1, max-image-preview:large, max-video-preview:-1\" \/>\n<link rel=\"canonical\" href=\"https:\/\/purehivehoney.com\/de\/product\/alleskoenner-honig-die-kraft-des-suessen-goldes-nutzen-wirksame-unterstuetzung-fuer-die-gesundheit-schonende-pflege-fuer-haut-und-haar-natuerliche-hilfe-im-haushalt\/\" \/>\n<meta property=\"og:locale\" content=\"de_DE\" \/>\n<meta property=\"og:type\" content=\"article\" \/>\n<meta property=\"og:title\" content=\"Allesk\u00f6nner Honig: Die Kraft des s\u00fc\u00dfen Goldes nutzen: wirksame Unterst\u00fctzung f\u00fcr die Gesundheit, schonende Pflege f\u00fcr Haut und Haar, nat\u00fcrliche Hilfe im Haushalt - PureHiveHoney\" \/>\n<meta property=\"og:description\" content=\"Entdecken Sie hochwertigen Rohhonig, Bio Honig, Manuka Honig und nat\u00fcrliche Bienenprodukte. PureHiveHoney hilft Ihnen dabei, sorgf\u00e4ltig ausgew\u00e4hlte Honigsorten mit nat\u00fcrlicher Qualit\u00e4t und Reinheit zu entdecken.\" \/>\n<meta property=\"og:url\" content=\"https:\/\/purehivehoney.com\/de\/product\/alleskoenner-honig-die-kraft-des-suessen-goldes-nutzen-wirksame-unterstuetzung-fuer-die-gesundheit-schonende-pflege-fuer-haut-und-haar-natuerliche-hilfe-im-haushalt\/\" \/>\n<meta property=\"og:site_name\" content=\"PureHiveHoney\" \/>\n<meta property=\"article:modified_time\" content=\"2026-03-16T05:32:38+00:00\" \/>\n<meta property=\"og:image\" content=\"https:\/\/images-na.ssl-images-amazon.com\/images\/G\/01\/x-locale\/common\/grey-pixel.gif\" \/>\n<meta name=\"twitter:card\" content=\"summary_large_image\" \/>\n<meta name=\"twitter:label1\" content=\"Gesch\u00e4tzte Lesezeit\" \/>\n\t<meta name=\"twitter:data1\" content=\"1\u00a0Minute\" \/>\n<script type=\"application\/ld+json\" class=\"yoast-schema-graph\">{\"@context\":\"https:\\\/\\\/schema.org\",\"@graph\":[{\"@type\":\"WebPage\",\"@id\":\"https:\\\/\\\/purehivehoney.com\\\/de\\\/product\\\/alleskoenner-honig-die-kraft-des-suessen-goldes-nutzen-wirksame-unterstuetzung-fuer-die-gesundheit-schonende-pflege-fuer-haut-und-haar-natuerliche-hilfe-im-haushalt\\\/\",\"url\":\"https:\\\/\\\/purehivehoney.com\\\/de\\\/product\\\/alleskoenner-honig-die-kraft-des-suessen-goldes-nutzen-wirksame-unterstuetzung-fuer-die-gesundheit-schonende-pflege-fuer-haut-und-haar-natuerliche-hilfe-im-haushalt\\\/\",\"name\":\"Allesk\u00f6nner Honig: Die Kraft des s\u00fc\u00dfen Goldes nutzen: wirksame Unterst\u00fctzung f\u00fcr die Gesundheit, schonende Pflege f\u00fcr Haut und Haar, nat\u00fcrliche Hilfe im Haushalt - PureHiveHoney\",\"isPartOf\":{\"@id\":\"https:\\\/\\\/purehivehoney.com\\\/de\\\/#website\"},\"primaryImageOfPage\":{\"@id\":\"https:\\\/\\\/purehivehoney.com\\\/de\\\/product\\\/alleskoenner-honig-die-kraft-des-suessen-goldes-nutzen-wirksame-unterstuetzung-fuer-die-gesundheit-schonende-pflege-fuer-haut-und-haar-natuerliche-hilfe-im-haushalt\\\/#primaryimage\"},\"image\":{\"@id\":\"https:\\\/\\\/purehivehoney.com\\\/de\\\/product\\\/alleskoenner-honig-die-kraft-des-suessen-goldes-nutzen-wirksame-unterstuetzung-fuer-die-gesundheit-schonende-pflege-fuer-haut-und-haar-natuerliche-hilfe-im-haushalt\\\/#primaryimage\"},\"thumbnailUrl\":\"https:\\\/\\\/purehivehoney.com\\\/de\\\/wp-content\\\/uploads\\\/2026\\\/03\\\/81LFraqPxFL._SL1500_.jpg\",\"datePublished\":\"2026-03-16T05:32:32+00:00\",\"dateModified\":\"2026-03-16T05:32:38+00:00\",\"description\":\"Entdecken Sie hochwertigen Rohhonig, Bio Honig, Manuka Honig und nat\u00fcrliche Bienenprodukte. PureHiveHoney hilft Ihnen dabei, sorgf\u00e4ltig ausgew\u00e4hlte Honigsorten mit nat\u00fcrlicher Qualit\u00e4t und Reinheit zu entdecken.\",\"breadcrumb\":{\"@id\":\"https:\\\/\\\/purehivehoney.com\\\/de\\\/product\\\/alleskoenner-honig-die-kraft-des-suessen-goldes-nutzen-wirksame-unterstuetzung-fuer-die-gesundheit-schonende-pflege-fuer-haut-und-haar-natuerliche-hilfe-im-haushalt\\\/#breadcrumb\"},\"inLanguage\":\"de\",\"potentialAction\":[{\"@type\":\"ReadAction\",\"target\":[\"https:\\\/\\\/purehivehoney.com\\\/de\\\/product\\\/alleskoenner-honig-die-kraft-des-suessen-goldes-nutzen-wirksame-unterstuetzung-fuer-die-gesundheit-schonende-pflege-fuer-haut-und-haar-natuerliche-hilfe-im-haushalt\\\/\"]}]},{\"@type\":\"ImageObject\",\"inLanguage\":\"de\",\"@id\":\"https:\\\/\\\/purehivehoney.com\\\/de\\\/product\\\/alleskoenner-honig-die-kraft-des-suessen-goldes-nutzen-wirksame-unterstuetzung-fuer-die-gesundheit-schonende-pflege-fuer-haut-und-haar-natuerliche-hilfe-im-haushalt\\\/#primaryimage\",\"url\":\"https:\\\/\\\/purehivehoney.com\\\/de\\\/wp-content\\\/uploads\\\/2026\\\/03\\\/81LFraqPxFL._SL1500_.jpg\",\"contentUrl\":\"https:\\\/\\\/purehivehoney.com\\\/de\\\/wp-content\\\/uploads\\\/2026\\\/03\\\/81LFraqPxFL._SL1500_.jpg\",\"width\":962,\"height\":1500},{\"@type\":\"BreadcrumbList\",\"@id\":\"https:\\\/\\\/purehivehoney.com\\\/de\\\/product\\\/alleskoenner-honig-die-kraft-des-suessen-goldes-nutzen-wirksame-unterstuetzung-fuer-die-gesundheit-schonende-pflege-fuer-haut-und-haar-natuerliche-hilfe-im-haushalt\\\/#breadcrumb\",\"itemListElement\":[{\"@type\":\"ListItem\",\"position\":1,\"name\":\"Home\",\"item\":\"https:\\\/\\\/purehivehoney.com\\\/de\\\/\"},{\"@type\":\"ListItem\",\"position\":2,\"name\":\"Shop\",\"item\":\"https:\\\/\\\/purehivehoney.com\\\/de\\\/shop\\\/\"},{\"@type\":\"ListItem\",\"position\":3,\"name\":\"Allesk\u00f6nner Honig: Die Kraft des s...\"}]},{\"@type\":\"WebSite\",\"@id\":\"https:\\\/\\\/purehivehoney.com\\\/de\\\/#website\",\"url\":\"https:\\\/\\\/purehivehoney.com\\\/de\\\/\",\"name\":\"PureHiveHoney\",\"description\":\"Reiner Honig &amp; Bienenprodukte Online | Rohhonig, Bio Honig &amp; Spezialhonig\",\"publisher\":{\"@id\":\"https:\\\/\\\/purehivehoney.com\\\/de\\\/#organization\"},\"potentialAction\":[{\"@type\":\"SearchAction\",\"target\":{\"@type\":\"EntryPoint\",\"urlTemplate\":\"https:\\\/\\\/purehivehoney.com\\\/de\\\/?s={search_term_string}\"},\"query-input\":{\"@type\":\"PropertyValueSpecification\",\"valueRequired\":true,\"valueName\":\"search_term_string\"}}],\"inLanguage\":\"de\"},{\"@type\":\"Organization\",\"@id\":\"https:\\\/\\\/purehivehoney.com\\\/de\\\/#organization\",\"name\":\"PureHiveHoney\",\"url\":\"https:\\\/\\\/purehivehoney.com\\\/de\\\/\",\"logo\":{\"@type\":\"ImageObject\",\"inLanguage\":\"de\",\"@id\":\"https:\\\/\\\/purehivehoney.com\\\/de\\\/#\\\/schema\\\/logo\\\/image\\\/\",\"url\":\"https:\\\/\\\/purehivehoney.com\\\/de\\\/wp-content\\\/uploads\\\/2026\\\/03\\\/Screenshot-2026-03-16-at-1.06.01-AM.png\",\"contentUrl\":\"https:\\\/\\\/purehivehoney.com\\\/de\\\/wp-content\\\/uploads\\\/2026\\\/03\\\/Screenshot-2026-03-16-at-1.06.01-AM.png\",\"width\":2112,\"height\":1086,\"caption\":\"PureHiveHoney\"},\"image\":{\"@id\":\"https:\\\/\\\/purehivehoney.com\\\/de\\\/#\\\/schema\\\/logo\\\/image\\\/\"}}]}<\/script>\n<!-- \/ Yoast SEO plugin. -->","yoast_head_json":{"title":"Allesk\u00f6nner Honig: Die Kraft des s\u00fc\u00dfen Goldes nutzen: wirksame Unterst\u00fctzung f\u00fcr die Gesundheit, schonende Pflege f\u00fcr Haut und Haar, nat\u00fcrliche Hilfe im Haushalt - PureHiveHoney","description":"Entdecken Sie hochwertigen Rohhonig, Bio Honig, Manuka Honig und nat\u00fcrliche Bienenprodukte. PureHiveHoney hilft Ihnen dabei, sorgf\u00e4ltig ausgew\u00e4hlte Honigsorten mit nat\u00fcrlicher Qualit\u00e4t und Reinheit zu entdecken.","robots":{"index":"index","follow":"follow","max-snippet":"max-snippet:-1","max-image-preview":"max-image-preview:large","max-video-preview":"max-video-preview:-1"},"canonical":"https:\/\/purehivehoney.com\/de\/product\/alleskoenner-honig-die-kraft-des-suessen-goldes-nutzen-wirksame-unterstuetzung-fuer-die-gesundheit-schonende-pflege-fuer-haut-und-haar-natuerliche-hilfe-im-haushalt\/","og_locale":"de_DE","og_type":"article","og_title":"Allesk\u00f6nner Honig: Die Kraft des s\u00fc\u00dfen Goldes nutzen: wirksame Unterst\u00fctzung f\u00fcr die Gesundheit, schonende Pflege f\u00fcr Haut und Haar, nat\u00fcrliche Hilfe im Haushalt - PureHiveHoney","og_description":"Entdecken Sie hochwertigen Rohhonig, Bio Honig, Manuka Honig und nat\u00fcrliche Bienenprodukte. PureHiveHoney hilft Ihnen dabei, sorgf\u00e4ltig ausgew\u00e4hlte Honigsorten mit nat\u00fcrlicher Qualit\u00e4t und Reinheit zu entdecken.","og_url":"https:\/\/purehivehoney.com\/de\/product\/alleskoenner-honig-die-kraft-des-suessen-goldes-nutzen-wirksame-unterstuetzung-fuer-die-gesundheit-schonende-pflege-fuer-haut-und-haar-natuerliche-hilfe-im-haushalt\/","og_site_name":"PureHiveHoney","article_modified_time":"2026-03-16T05:32:38+00:00","og_image":[{"url":"https:\/\/images-na.ssl-images-amazon.com\/images\/G\/01\/x-locale\/common\/grey-pixel.gif","type":"","width":"","height":""}],"twitter_card":"summary_large_image","twitter_misc":{"Gesch\u00e4tzte Lesezeit":"1\u00a0Minute"},"schema":{"@context":"https:\/\/schema.org","@graph":[{"@type":"WebPage","@id":"https:\/\/purehivehoney.com\/de\/product\/alleskoenner-honig-die-kraft-des-suessen-goldes-nutzen-wirksame-unterstuetzung-fuer-die-gesundheit-schonende-pflege-fuer-haut-und-haar-natuerliche-hilfe-im-haushalt\/","url":"https:\/\/purehivehoney.com\/de\/product\/alleskoenner-honig-die-kraft-des-suessen-goldes-nutzen-wirksame-unterstuetzung-fuer-die-gesundheit-schonende-pflege-fuer-haut-und-haar-natuerliche-hilfe-im-haushalt\/","name":"Allesk\u00f6nner Honig: Die Kraft des s\u00fc\u00dfen Goldes nutzen: wirksame Unterst\u00fctzung f\u00fcr die Gesundheit, schonende Pflege f\u00fcr Haut und Haar, nat\u00fcrliche Hilfe im Haushalt - PureHiveHoney","isPartOf":{"@id":"https:\/\/purehivehoney.com\/de\/#website"},"primaryImageOfPage":{"@id":"https:\/\/purehivehoney.com\/de\/product\/alleskoenner-honig-die-kraft-des-suessen-goldes-nutzen-wirksame-unterstuetzung-fuer-die-gesundheit-schonende-pflege-fuer-haut-und-haar-natuerliche-hilfe-im-haushalt\/#primaryimage"},"image":{"@id":"https:\/\/purehivehoney.com\/de\/product\/alleskoenner-honig-die-kraft-des-suessen-goldes-nutzen-wirksame-unterstuetzung-fuer-die-gesundheit-schonende-pflege-fuer-haut-und-haar-natuerliche-hilfe-im-haushalt\/#primaryimage"},"thumbnailUrl":"https:\/\/purehivehoney.com\/de\/wp-content\/uploads\/2026\/03\/81LFraqPxFL._SL1500_.jpg","datePublished":"2026-03-16T05:32:32+00:00","dateModified":"2026-03-16T05:32:38+00:00","description":"Entdecken Sie hochwertigen Rohhonig, Bio Honig, Manuka Honig und nat\u00fcrliche Bienenprodukte. PureHiveHoney hilft Ihnen dabei, sorgf\u00e4ltig ausgew\u00e4hlte Honigsorten mit nat\u00fcrlicher Qualit\u00e4t und Reinheit zu entdecken.","breadcrumb":{"@id":"https:\/\/purehivehoney.com\/de\/product\/alleskoenner-honig-die-kraft-des-suessen-goldes-nutzen-wirksame-unterstuetzung-fuer-die-gesundheit-schonende-pflege-fuer-haut-und-haar-natuerliche-hilfe-im-haushalt\/#breadcrumb"},"inLanguage":"de","potentialAction":[{"@type":"ReadAction","target":["https:\/\/purehivehoney.com\/de\/product\/alleskoenner-honig-die-kraft-des-suessen-goldes-nutzen-wirksame-unterstuetzung-fuer-die-gesundheit-schonende-pflege-fuer-haut-und-haar-natuerliche-hilfe-im-haushalt\/"]}]},{"@type":"ImageObject","inLanguage":"de","@id":"https:\/\/purehivehoney.com\/de\/product\/alleskoenner-honig-die-kraft-des-suessen-goldes-nutzen-wirksame-unterstuetzung-fuer-die-gesundheit-schonende-pflege-fuer-haut-und-haar-natuerliche-hilfe-im-haushalt\/#primaryimage","url":"https:\/\/purehivehoney.com\/de\/wp-content\/uploads\/2026\/03\/81LFraqPxFL._SL1500_.jpg","contentUrl":"https:\/\/purehivehoney.com\/de\/wp-content\/uploads\/2026\/03\/81LFraqPxFL._SL1500_.jpg","width":962,"height":1500},{"@type":"BreadcrumbList","@id":"https:\/\/purehivehoney.com\/de\/product\/alleskoenner-honig-die-kraft-des-suessen-goldes-nutzen-wirksame-unterstuetzung-fuer-die-gesundheit-schonende-pflege-fuer-haut-und-haar-natuerliche-hilfe-im-haushalt\/#breadcrumb","itemListElement":[{"@type":"ListItem","position":1,"name":"Home","item":"https:\/\/purehivehoney.com\/de\/"},{"@type":"ListItem","position":2,"name":"Shop","item":"https:\/\/purehivehoney.com\/de\/shop\/"},{"@type":"ListItem","position":3,"name":"Allesk\u00f6nner Honig: Die Kraft des s..."}]},{"@type":"WebSite","@id":"https:\/\/purehivehoney.com\/de\/#website","url":"https:\/\/purehivehoney.com\/de\/","name":"PureHiveHoney","description":"Reiner Honig &amp; Bienenprodukte Online | Rohhonig, Bio Honig &amp; Spezialhonig","publisher":{"@id":"https:\/\/purehivehoney.com\/de\/#organization"},"potentialAction":[{"@type":"SearchAction","target":{"@type":"EntryPoint","urlTemplate":"https:\/\/purehivehoney.com\/de\/?s={search_term_string}"},"query-input":{"@type":"PropertyValueSpecification","valueRequired":true,"valueName":"search_term_string"}}],"inLanguage":"de"},{"@type":"Organization","@id":"https:\/\/purehivehoney.com\/de\/#organization","name":"PureHiveHoney","url":"https:\/\/purehivehoney.com\/de\/","logo":{"@type":"ImageObject","inLanguage":"de","@id":"https:\/\/purehivehoney.com\/de\/#\/schema\/logo\/image\/","url":"https:\/\/purehivehoney.com\/de\/wp-content\/uploads\/2026\/03\/Screenshot-2026-03-16-at-1.06.01-AM.png","contentUrl":"https:\/\/purehivehoney.com\/de\/wp-content\/uploads\/2026\/03\/Screenshot-2026-03-16-at-1.06.01-AM.png","width":2112,"height":1086,"caption":"PureHiveHoney"},"image":{"@id":"https:\/\/purehivehoney.com\/de\/#\/schema\/logo\/image\/"}}]}},"_links":{"self":[{"href":"https:\/\/purehivehoney.com\/de\/wp-json\/wp\/v2\/product\/800","targetHints":{"allow":["GET"]}}],"collection":[{"href":"https:\/\/purehivehoney.com\/de\/wp-json\/wp\/v2\/product"}],"about":[{"href":"https:\/\/purehivehoney.com\/de\/wp-json\/wp\/v2\/types\/product"}],"replies":[{"embeddable":true,"href":"https:\/\/purehivehoney.com\/de\/wp-json\/wp\/v2\/comments?post=800"}],"wp:featuredmedia":[{"embeddable":true,"href":"https:\/\/purehivehoney.com\/de\/wp-json\/wp\/v2\/media\/801"}],"wp:attachment":[{"href":"https:\/\/purehivehoney.com\/de\/wp-json\/wp\/v2\/media?parent=800"}],"wp:term":[{"taxonomy":"store","embeddable":true,"href":"https:\/\/purehivehoney.com\/de\/wp-json\/wp\/v2\/store?post=800"},{"taxonomy":"product_brand","embeddable":true,"href":"https:\/\/purehivehoney.com\/de\/wp-json\/wp\/v2\/product_brand?post=800"},{"taxonomy":"product_cat","embeddable":true,"href":"https:\/\/purehivehoney.com\/de\/wp-json\/wp\/v2\/product_cat?post=800"},{"taxonomy":"product_tag","embeddable":true,"href":"https:\/\/purehivehoney.com\/de\/wp-json\/wp\/v2\/product_tag?post=800"}],"curies":[{"name":"wp","href":"https:\/\/api.w.org\/{rel}","templated":true}]}}