{"id":779,"date":"2026-03-16T05:20:01","date_gmt":"2026-03-16T05:20:01","guid":{"rendered":"https:\/\/purehivehoney.com\/de\/product\/frio-pre-cut-parchment-paper-sheets-33x38cm-50-sheets-non-stick-coating-for-oven-microwave-and-storage-ready-to-use-ideal-for-pizzas-and-trays\/"},"modified":"2026-03-16T05:20:03","modified_gmt":"2026-03-16T05:20:03","slug":"frio-pre-cut-parchment-paper-sheets-33x38cm-50-sheets-non-stick-coating-for-oven-microwave-and-storage-ready-to-use-ideal-for-pizzas-and-trays","status":"publish","type":"product","link":"https:\/\/purehivehoney.com\/de\/product\/frio-pre-cut-parchment-paper-sheets-33x38cm-50-sheets-non-stick-coating-for-oven-microwave-and-storage-ready-to-use-ideal-for-pizzas-and-trays\/","title":{"rendered":"FRIO &#8211; Pre-cut parchment pape..."},"content":{"rendered":"<p>                                             From the manufacturer   <\/p>\n<p>                                                  <img decoding=\"async\" alt=\"TARALLI ITALIANI\" src=\"https:\/\/images-na.ssl-images-amazon.com\/images\/G\/01\/x-locale\/common\/grey-pixel.gif\" class=\"a-spacing-mini a-lazy-loaded\" data-src=\"https:\/\/m.media-amazon.com\/images\/S\/aplus-media-library-service-media\/b1f9e899-1b97-468a-9840-3b3bfeb6ef31.__CR0,0,2500,2500_PT0_SX300_V1___.jpg\"><img decoding=\"async\" alt=\"TARALLI ITALIANI\" src=\"https:\/\/m.media-amazon.com\/images\/S\/aplus-media-library-service-media\/b1f9e899-1b97-468a-9840-3b3bfeb6ef31.__CR0,0,2500,2500_PT0_SX300_V1___.jpg\">  <\/p>\n<h3 class=\"a-spacing-mini\"> Storage, cooking, freezing, cleaning, organising <\/h3>\n<p> Frio has always been synonymous with quality and customer attention. <\/p>\n<p> FRIO products are continuously and regularly subject to numerous strict standards that ensure their compliance and high performance. <\/p>\n<p> FRIO offers a wide range of products with its aluminium foil rolls, transparent films and baking papers, freezer bags, food containers, garbage bags and cabinet covers, which are ideal for cooking, storing, freezing food and serving food, but also for organising waste collection and promoting household order. <\/p>\n<p class=\"apm-text-center\">\n                                                      <img decoding=\"async\" alt=\"Aluminium\" src=\"https:\/\/images-na.ssl-images-amazon.com\/images\/G\/01\/x-locale\/common\/grey-pixel.gif\" class=\"a-lazy-loaded\" data-src=\"https:\/\/m.media-amazon.com\/images\/S\/aplus-media-library-service-media\/49f0d6ca-62a2-4d1a-855b-b8fa6ae5b49e.__CR0,0,2500,2500_PT0_SX220_V1___.jpg\"><img decoding=\"async\" alt=\"Aluminium\" src=\"https:\/\/m.media-amazon.com\/images\/S\/aplus-media-library-service-media\/49f0d6ca-62a2-4d1a-855b-b8fa6ae5b49e.__CR0,0,2500,2500_PT0_SX220_V1___.jpg\">  <\/p>\n<p>                                                    Food-light aluminium roll                                    <\/p>\n<p class=\"apm-text-center\">\n                                                      <img decoding=\"async\" alt=\"COOKIES\" src=\"https:\/\/images-na.ssl-images-amazon.com\/images\/G\/01\/x-locale\/common\/grey-pixel.gif\" class=\"a-lazy-loaded\" data-src=\"https:\/\/m.media-amazon.com\/images\/S\/aplus-media-library-service-media\/733d6e7f-79d1-45c1-b775-3ec5ca5d446a.__CR0,0,500,500_PT0_SX220_V1___.jpg\"><img decoding=\"async\" alt=\"COOKIES\" src=\"https:\/\/m.media-amazon.com\/images\/S\/aplus-media-library-service-media\/733d6e7f-79d1-45c1-b775-3ec5ca5d446a.__CR0,0,500,500_PT0_SX220_V1___.jpg\">  <\/p>\n<p>                                                    Baking paper in various sizes                                    <\/p>\n<p class=\"apm-text-center\">\n                                                      <img decoding=\"async\" alt=\"Roll of PVC films for food\" src=\"https:\/\/images-na.ssl-images-amazon.com\/images\/G\/01\/x-locale\/common\/grey-pixel.gif\" class=\"a-lazy-loaded\" data-src=\"https:\/\/m.media-amazon.com\/images\/S\/aplus-media-library-service-media\/59ac2e12-8a4e-4e03-b0b2-203340c92fed.__CR0,0,400,400_PT0_SX220_V1___.jpg\"><img decoding=\"async\" alt=\"Roll of PVC films for food\" src=\"https:\/\/m.media-amazon.com\/images\/S\/aplus-media-library-service-media\/59ac2e12-8a4e-4e03-b0b2-203340c92fed.__CR0,0,400,400_PT0_SX220_V1___.jpg\">  <\/p>\n<p>                                                    Roll of PVC films for food                                    <\/p>\n<p class=\"apm-text-center\">\n                                                      <img decoding=\"async\" alt=\"Muelsack\" src=\"https:\/\/images-na.ssl-images-amazon.com\/images\/G\/01\/x-locale\/common\/grey-pixel.gif\" class=\"a-lazy-loaded\" data-src=\"https:\/\/m.media-amazon.com\/images\/S\/aplus-media-library-service-media\/2e0c7b31-01ff-4ede-ad05-cf35745726b9.__CR0,0,2500,2500_PT0_SX220_V1___.jpg\"><img decoding=\"async\" alt=\"Muelsack\" src=\"https:\/\/m.media-amazon.com\/images\/S\/aplus-media-library-service-media\/2e0c7b31-01ff-4ede-ad05-cf35745726b9.__CR0,0,2500,2500_PT0_SX220_V1___.jpg\">  <\/p>\n<p>                                                    Rubbish bags in various sizes                                    <\/p>\n<p>                                                                             <img decoding=\"async\" alt=\"HAVE A NICE DAY\" src=\"https:\/\/images-na.ssl-images-amazon.com\/images\/G\/01\/x-locale\/common\/grey-pixel.gif\" class=\"a-spacing-base a-lazy-loaded\" data-src=\"https:\/\/m.media-amazon.com\/images\/S\/aplus-media-library-service-media\/d18687b7-4999-45ff-9bbc-d30ee2bb509d.__CR0,477,2500,1546_PT0_SX970_V1___.jpg\"><img decoding=\"async\" alt=\"HAVE A NICE DAY\" src=\"https:\/\/m.media-amazon.com\/images\/S\/aplus-media-library-service-media\/d18687b7-4999-45ff-9bbc-d30ee2bb509d.__CR0,477,2500,1546_PT0_SX970_V1___.jpg\">                                                                    <\/p>\n<p>                         Add To Basket  <\/p>\n<p>                         Add To Basket  <\/p>\n<p>                         Add To Basket  <\/p>\n<p>                         Add To Basket  <\/p>\n<p>                             Customer Reviews  <\/p>\n<p>                    4.7 out of 5 stars  298  <\/p>\n<p>                    3.9 out of 5 stars  10  <\/p>\n<p>                    4.7 out of 5 stars  7  <\/p>\n<p>                    4.3 out of 5 stars  1,005  <\/p>\n<p>                    4.7 out of 5 stars  278  <\/p>\n<p>                    4.4 out of 5 stars  66  <\/p>\n<p>                             Price  <\/p>\n<p>                                            \u2014 no data<br \/>\n                                                       USD\u00a011.45USD11.45                  USD\u00a03.17USD3.17                  USD\u00a013.38USD13.38                  USD\u00a014.34USD14.34<br \/>\n                                            \u2014 no data<\/p>\n<p>                             AVAILABILITY OF MULTIPLE FORMATS  <\/p>\n<p>                                              \u2713<\/p>\n<p>                                              \u2713<\/p>\n<p>                                              \u2713<\/p>\n<p>                                              \u2713<\/p>\n<p>                                              \u2713<\/p>\n<p>                                              \u2713<\/p>\n<p>Pre-cut parchment paper 33 x 38 cm (50 sheets): P stimulates and practical sheets of parchment paper for your baking tray, suitable for most baking trays and collection trays on the market<br \/>NATURAL &#038; LIGHTWEIGHT NONSTICK COATING: cook easily and naturally without adding fats or spices thanks to the maximum non-stick coating to prevent food from sticking to the pan<br \/>VERSATILE IN COOKING AND STORAGE Can be used in conventional ovens and microwaves, refrigerators and freezers for storage. Suitable for multiple culinary uses<br \/>Sustainable and ecological: made from bisiliconized cellulose fibers; it is important to know how to dispose of packaging as this facilitates recycling and reuse of materials. FRIO parchment boxes must be disposed of in the paper collection. Always check your community regulations<br \/>Ready to use without waste: parchment paper already cut into sheets the size of your baking tray, ready to use without waste; easy and convenient for a practical and quick kitchen<\/p>\n\n","protected":false},"excerpt":{"rendered":"<p>From the manufacturer Storage, cooking, freezing, cleaning, organising Frio has always been synonymous with quality and customer attention. FRIO products are continuously and regularly subject to numerous strict standards that ensure their compliance and high performance. FRIO offers a wide range of products with its aluminium foil rolls, transparent films and baking papers, freezer bags, [&hellip;]<\/p>\n","protected":false},"featured_media":780,"comment_status":"open","ping_status":"closed","template":"","meta":{"_aipt_faq_data":""},"store":[],"product_brand":[229],"product_cat":[67],"product_tag":[228],"class_list":{"0":"post-779","1":"product","2":"type-product","3":"status-publish","4":"has-post-thumbnail","6":"product_brand-frio","7":"product_cat-bienenwachs","8":"product_tag-bienenwachs-verpackung-nachhaltig","10":"first","11":"instock","12":"sale","13":"shipping-taxable","14":"product-type-external"},"yoast_head":"<!-- This site is optimized with the Yoast SEO plugin v27.4 - https:\/\/yoast.com\/product\/yoast-seo-wordpress\/ -->\n<title>FRIO - Pre-cut parchment paper sheets 33x38cm (50 sheets) - non-stick coating for oven, microwave and storage - ready to use - ideal for pizzas and trays - PureHiveHoney<\/title>\n<meta name=\"description\" content=\"Entdecken Sie hochwertigen Rohhonig, Bio Honig, Manuka Honig und nat\u00fcrliche Bienenprodukte. PureHiveHoney hilft Ihnen dabei, sorgf\u00e4ltig ausgew\u00e4hlte Honigsorten mit nat\u00fcrlicher Qualit\u00e4t und Reinheit zu entdecken.\" \/>\n<meta name=\"robots\" content=\"index, follow, max-snippet:-1, max-image-preview:large, max-video-preview:-1\" \/>\n<link rel=\"canonical\" href=\"https:\/\/purehivehoney.com\/de\/product\/frio-pre-cut-parchment-paper-sheets-33x38cm-50-sheets-non-stick-coating-for-oven-microwave-and-storage-ready-to-use-ideal-for-pizzas-and-trays\/\" \/>\n<meta property=\"og:locale\" content=\"de_DE\" \/>\n<meta property=\"og:type\" content=\"article\" \/>\n<meta property=\"og:title\" content=\"FRIO - Pre-cut parchment paper sheets 33x38cm (50 sheets) - non-stick coating for oven, microwave and storage - ready to use - ideal for pizzas and trays - PureHiveHoney\" \/>\n<meta property=\"og:description\" content=\"Entdecken Sie hochwertigen Rohhonig, Bio Honig, Manuka Honig und nat\u00fcrliche Bienenprodukte. PureHiveHoney hilft Ihnen dabei, sorgf\u00e4ltig ausgew\u00e4hlte Honigsorten mit nat\u00fcrlicher Qualit\u00e4t und Reinheit zu entdecken.\" \/>\n<meta property=\"og:url\" content=\"https:\/\/purehivehoney.com\/de\/product\/frio-pre-cut-parchment-paper-sheets-33x38cm-50-sheets-non-stick-coating-for-oven-microwave-and-storage-ready-to-use-ideal-for-pizzas-and-trays\/\" \/>\n<meta property=\"og:site_name\" content=\"PureHiveHoney\" \/>\n<meta property=\"article:modified_time\" content=\"2026-03-16T05:20:03+00:00\" \/>\n<meta property=\"og:image\" content=\"https:\/\/images-na.ssl-images-amazon.com\/images\/G\/01\/x-locale\/common\/grey-pixel.gif\" \/>\n<meta name=\"twitter:card\" content=\"summary_large_image\" \/>\n<meta name=\"twitter:label1\" content=\"Gesch\u00e4tzte Lesezeit\" \/>\n\t<meta name=\"twitter:data1\" content=\"2\u00a0Minuten\" \/>\n<script type=\"application\/ld+json\" class=\"yoast-schema-graph\">{\"@context\":\"https:\\\/\\\/schema.org\",\"@graph\":[{\"@type\":\"WebPage\",\"@id\":\"https:\\\/\\\/purehivehoney.com\\\/de\\\/product\\\/frio-pre-cut-parchment-paper-sheets-33x38cm-50-sheets-non-stick-coating-for-oven-microwave-and-storage-ready-to-use-ideal-for-pizzas-and-trays\\\/\",\"url\":\"https:\\\/\\\/purehivehoney.com\\\/de\\\/product\\\/frio-pre-cut-parchment-paper-sheets-33x38cm-50-sheets-non-stick-coating-for-oven-microwave-and-storage-ready-to-use-ideal-for-pizzas-and-trays\\\/\",\"name\":\"FRIO - Pre-cut parchment paper sheets 33x38cm (50 sheets) - non-stick coating for oven, microwave and storage - ready to use - ideal for pizzas and trays - PureHiveHoney\",\"isPartOf\":{\"@id\":\"https:\\\/\\\/purehivehoney.com\\\/de\\\/#website\"},\"primaryImageOfPage\":{\"@id\":\"https:\\\/\\\/purehivehoney.com\\\/de\\\/product\\\/frio-pre-cut-parchment-paper-sheets-33x38cm-50-sheets-non-stick-coating-for-oven-microwave-and-storage-ready-to-use-ideal-for-pizzas-and-trays\\\/#primaryimage\"},\"image\":{\"@id\":\"https:\\\/\\\/purehivehoney.com\\\/de\\\/product\\\/frio-pre-cut-parchment-paper-sheets-33x38cm-50-sheets-non-stick-coating-for-oven-microwave-and-storage-ready-to-use-ideal-for-pizzas-and-trays\\\/#primaryimage\"},\"thumbnailUrl\":\"https:\\\/\\\/purehivehoney.com\\\/de\\\/wp-content\\\/uploads\\\/2026\\\/03\\\/71EjnP7TKL._AC_SL1500_.jpg\",\"datePublished\":\"2026-03-16T05:20:01+00:00\",\"dateModified\":\"2026-03-16T05:20:03+00:00\",\"description\":\"Entdecken Sie hochwertigen Rohhonig, Bio Honig, Manuka Honig und nat\u00fcrliche Bienenprodukte. PureHiveHoney hilft Ihnen dabei, sorgf\u00e4ltig ausgew\u00e4hlte Honigsorten mit nat\u00fcrlicher Qualit\u00e4t und Reinheit zu entdecken.\",\"breadcrumb\":{\"@id\":\"https:\\\/\\\/purehivehoney.com\\\/de\\\/product\\\/frio-pre-cut-parchment-paper-sheets-33x38cm-50-sheets-non-stick-coating-for-oven-microwave-and-storage-ready-to-use-ideal-for-pizzas-and-trays\\\/#breadcrumb\"},\"inLanguage\":\"de\",\"potentialAction\":[{\"@type\":\"ReadAction\",\"target\":[\"https:\\\/\\\/purehivehoney.com\\\/de\\\/product\\\/frio-pre-cut-parchment-paper-sheets-33x38cm-50-sheets-non-stick-coating-for-oven-microwave-and-storage-ready-to-use-ideal-for-pizzas-and-trays\\\/\"]}]},{\"@type\":\"ImageObject\",\"inLanguage\":\"de\",\"@id\":\"https:\\\/\\\/purehivehoney.com\\\/de\\\/product\\\/frio-pre-cut-parchment-paper-sheets-33x38cm-50-sheets-non-stick-coating-for-oven-microwave-and-storage-ready-to-use-ideal-for-pizzas-and-trays\\\/#primaryimage\",\"url\":\"https:\\\/\\\/purehivehoney.com\\\/de\\\/wp-content\\\/uploads\\\/2026\\\/03\\\/71EjnP7TKL._AC_SL1500_.jpg\",\"contentUrl\":\"https:\\\/\\\/purehivehoney.com\\\/de\\\/wp-content\\\/uploads\\\/2026\\\/03\\\/71EjnP7TKL._AC_SL1500_.jpg\",\"width\":1500,\"height\":913},{\"@type\":\"BreadcrumbList\",\"@id\":\"https:\\\/\\\/purehivehoney.com\\\/de\\\/product\\\/frio-pre-cut-parchment-paper-sheets-33x38cm-50-sheets-non-stick-coating-for-oven-microwave-and-storage-ready-to-use-ideal-for-pizzas-and-trays\\\/#breadcrumb\",\"itemListElement\":[{\"@type\":\"ListItem\",\"position\":1,\"name\":\"Home\",\"item\":\"https:\\\/\\\/purehivehoney.com\\\/de\\\/\"},{\"@type\":\"ListItem\",\"position\":2,\"name\":\"Shop\",\"item\":\"https:\\\/\\\/purehivehoney.com\\\/de\\\/shop\\\/\"},{\"@type\":\"ListItem\",\"position\":3,\"name\":\"FRIO &#8211; Pre-cut parchment pape...\"}]},{\"@type\":\"WebSite\",\"@id\":\"https:\\\/\\\/purehivehoney.com\\\/de\\\/#website\",\"url\":\"https:\\\/\\\/purehivehoney.com\\\/de\\\/\",\"name\":\"PureHiveHoney\",\"description\":\"Reiner Honig &amp; Bienenprodukte Online | Rohhonig, Bio Honig &amp; Spezialhonig\",\"publisher\":{\"@id\":\"https:\\\/\\\/purehivehoney.com\\\/de\\\/#organization\"},\"potentialAction\":[{\"@type\":\"SearchAction\",\"target\":{\"@type\":\"EntryPoint\",\"urlTemplate\":\"https:\\\/\\\/purehivehoney.com\\\/de\\\/?s={search_term_string}\"},\"query-input\":{\"@type\":\"PropertyValueSpecification\",\"valueRequired\":true,\"valueName\":\"search_term_string\"}}],\"inLanguage\":\"de\"},{\"@type\":\"Organization\",\"@id\":\"https:\\\/\\\/purehivehoney.com\\\/de\\\/#organization\",\"name\":\"PureHiveHoney\",\"url\":\"https:\\\/\\\/purehivehoney.com\\\/de\\\/\",\"logo\":{\"@type\":\"ImageObject\",\"inLanguage\":\"de\",\"@id\":\"https:\\\/\\\/purehivehoney.com\\\/de\\\/#\\\/schema\\\/logo\\\/image\\\/\",\"url\":\"https:\\\/\\\/purehivehoney.com\\\/de\\\/wp-content\\\/uploads\\\/2026\\\/03\\\/Screenshot-2026-03-16-at-1.06.01-AM.png\",\"contentUrl\":\"https:\\\/\\\/purehivehoney.com\\\/de\\\/wp-content\\\/uploads\\\/2026\\\/03\\\/Screenshot-2026-03-16-at-1.06.01-AM.png\",\"width\":2112,\"height\":1086,\"caption\":\"PureHiveHoney\"},\"image\":{\"@id\":\"https:\\\/\\\/purehivehoney.com\\\/de\\\/#\\\/schema\\\/logo\\\/image\\\/\"}}]}<\/script>\n<!-- \/ Yoast SEO plugin. -->","yoast_head_json":{"title":"FRIO - Pre-cut parchment paper sheets 33x38cm (50 sheets) - non-stick coating for oven, microwave and storage - ready to use - ideal for pizzas and trays - PureHiveHoney","description":"Entdecken Sie hochwertigen Rohhonig, Bio Honig, Manuka Honig und nat\u00fcrliche Bienenprodukte. PureHiveHoney hilft Ihnen dabei, sorgf\u00e4ltig ausgew\u00e4hlte Honigsorten mit nat\u00fcrlicher Qualit\u00e4t und Reinheit zu entdecken.","robots":{"index":"index","follow":"follow","max-snippet":"max-snippet:-1","max-image-preview":"max-image-preview:large","max-video-preview":"max-video-preview:-1"},"canonical":"https:\/\/purehivehoney.com\/de\/product\/frio-pre-cut-parchment-paper-sheets-33x38cm-50-sheets-non-stick-coating-for-oven-microwave-and-storage-ready-to-use-ideal-for-pizzas-and-trays\/","og_locale":"de_DE","og_type":"article","og_title":"FRIO - Pre-cut parchment paper sheets 33x38cm (50 sheets) - non-stick coating for oven, microwave and storage - ready to use - ideal for pizzas and trays - PureHiveHoney","og_description":"Entdecken Sie hochwertigen Rohhonig, Bio Honig, Manuka Honig und nat\u00fcrliche Bienenprodukte. PureHiveHoney hilft Ihnen dabei, sorgf\u00e4ltig ausgew\u00e4hlte Honigsorten mit nat\u00fcrlicher Qualit\u00e4t und Reinheit zu entdecken.","og_url":"https:\/\/purehivehoney.com\/de\/product\/frio-pre-cut-parchment-paper-sheets-33x38cm-50-sheets-non-stick-coating-for-oven-microwave-and-storage-ready-to-use-ideal-for-pizzas-and-trays\/","og_site_name":"PureHiveHoney","article_modified_time":"2026-03-16T05:20:03+00:00","og_image":[{"url":"https:\/\/images-na.ssl-images-amazon.com\/images\/G\/01\/x-locale\/common\/grey-pixel.gif","type":"","width":"","height":""}],"twitter_card":"summary_large_image","twitter_misc":{"Gesch\u00e4tzte Lesezeit":"2\u00a0Minuten"},"schema":{"@context":"https:\/\/schema.org","@graph":[{"@type":"WebPage","@id":"https:\/\/purehivehoney.com\/de\/product\/frio-pre-cut-parchment-paper-sheets-33x38cm-50-sheets-non-stick-coating-for-oven-microwave-and-storage-ready-to-use-ideal-for-pizzas-and-trays\/","url":"https:\/\/purehivehoney.com\/de\/product\/frio-pre-cut-parchment-paper-sheets-33x38cm-50-sheets-non-stick-coating-for-oven-microwave-and-storage-ready-to-use-ideal-for-pizzas-and-trays\/","name":"FRIO - Pre-cut parchment paper sheets 33x38cm (50 sheets) - non-stick coating for oven, microwave and storage - ready to use - ideal for pizzas and trays - PureHiveHoney","isPartOf":{"@id":"https:\/\/purehivehoney.com\/de\/#website"},"primaryImageOfPage":{"@id":"https:\/\/purehivehoney.com\/de\/product\/frio-pre-cut-parchment-paper-sheets-33x38cm-50-sheets-non-stick-coating-for-oven-microwave-and-storage-ready-to-use-ideal-for-pizzas-and-trays\/#primaryimage"},"image":{"@id":"https:\/\/purehivehoney.com\/de\/product\/frio-pre-cut-parchment-paper-sheets-33x38cm-50-sheets-non-stick-coating-for-oven-microwave-and-storage-ready-to-use-ideal-for-pizzas-and-trays\/#primaryimage"},"thumbnailUrl":"https:\/\/purehivehoney.com\/de\/wp-content\/uploads\/2026\/03\/71EjnP7TKL._AC_SL1500_.jpg","datePublished":"2026-03-16T05:20:01+00:00","dateModified":"2026-03-16T05:20:03+00:00","description":"Entdecken Sie hochwertigen Rohhonig, Bio Honig, Manuka Honig und nat\u00fcrliche Bienenprodukte. PureHiveHoney hilft Ihnen dabei, sorgf\u00e4ltig ausgew\u00e4hlte Honigsorten mit nat\u00fcrlicher Qualit\u00e4t und Reinheit zu entdecken.","breadcrumb":{"@id":"https:\/\/purehivehoney.com\/de\/product\/frio-pre-cut-parchment-paper-sheets-33x38cm-50-sheets-non-stick-coating-for-oven-microwave-and-storage-ready-to-use-ideal-for-pizzas-and-trays\/#breadcrumb"},"inLanguage":"de","potentialAction":[{"@type":"ReadAction","target":["https:\/\/purehivehoney.com\/de\/product\/frio-pre-cut-parchment-paper-sheets-33x38cm-50-sheets-non-stick-coating-for-oven-microwave-and-storage-ready-to-use-ideal-for-pizzas-and-trays\/"]}]},{"@type":"ImageObject","inLanguage":"de","@id":"https:\/\/purehivehoney.com\/de\/product\/frio-pre-cut-parchment-paper-sheets-33x38cm-50-sheets-non-stick-coating-for-oven-microwave-and-storage-ready-to-use-ideal-for-pizzas-and-trays\/#primaryimage","url":"https:\/\/purehivehoney.com\/de\/wp-content\/uploads\/2026\/03\/71EjnP7TKL._AC_SL1500_.jpg","contentUrl":"https:\/\/purehivehoney.com\/de\/wp-content\/uploads\/2026\/03\/71EjnP7TKL._AC_SL1500_.jpg","width":1500,"height":913},{"@type":"BreadcrumbList","@id":"https:\/\/purehivehoney.com\/de\/product\/frio-pre-cut-parchment-paper-sheets-33x38cm-50-sheets-non-stick-coating-for-oven-microwave-and-storage-ready-to-use-ideal-for-pizzas-and-trays\/#breadcrumb","itemListElement":[{"@type":"ListItem","position":1,"name":"Home","item":"https:\/\/purehivehoney.com\/de\/"},{"@type":"ListItem","position":2,"name":"Shop","item":"https:\/\/purehivehoney.com\/de\/shop\/"},{"@type":"ListItem","position":3,"name":"FRIO &#8211; Pre-cut parchment pape..."}]},{"@type":"WebSite","@id":"https:\/\/purehivehoney.com\/de\/#website","url":"https:\/\/purehivehoney.com\/de\/","name":"PureHiveHoney","description":"Reiner Honig &amp; Bienenprodukte Online | Rohhonig, Bio Honig &amp; Spezialhonig","publisher":{"@id":"https:\/\/purehivehoney.com\/de\/#organization"},"potentialAction":[{"@type":"SearchAction","target":{"@type":"EntryPoint","urlTemplate":"https:\/\/purehivehoney.com\/de\/?s={search_term_string}"},"query-input":{"@type":"PropertyValueSpecification","valueRequired":true,"valueName":"search_term_string"}}],"inLanguage":"de"},{"@type":"Organization","@id":"https:\/\/purehivehoney.com\/de\/#organization","name":"PureHiveHoney","url":"https:\/\/purehivehoney.com\/de\/","logo":{"@type":"ImageObject","inLanguage":"de","@id":"https:\/\/purehivehoney.com\/de\/#\/schema\/logo\/image\/","url":"https:\/\/purehivehoney.com\/de\/wp-content\/uploads\/2026\/03\/Screenshot-2026-03-16-at-1.06.01-AM.png","contentUrl":"https:\/\/purehivehoney.com\/de\/wp-content\/uploads\/2026\/03\/Screenshot-2026-03-16-at-1.06.01-AM.png","width":2112,"height":1086,"caption":"PureHiveHoney"},"image":{"@id":"https:\/\/purehivehoney.com\/de\/#\/schema\/logo\/image\/"}}]}},"_links":{"self":[{"href":"https:\/\/purehivehoney.com\/de\/wp-json\/wp\/v2\/product\/779","targetHints":{"allow":["GET"]}}],"collection":[{"href":"https:\/\/purehivehoney.com\/de\/wp-json\/wp\/v2\/product"}],"about":[{"href":"https:\/\/purehivehoney.com\/de\/wp-json\/wp\/v2\/types\/product"}],"replies":[{"embeddable":true,"href":"https:\/\/purehivehoney.com\/de\/wp-json\/wp\/v2\/comments?post=779"}],"wp:featuredmedia":[{"embeddable":true,"href":"https:\/\/purehivehoney.com\/de\/wp-json\/wp\/v2\/media\/780"}],"wp:attachment":[{"href":"https:\/\/purehivehoney.com\/de\/wp-json\/wp\/v2\/media?parent=779"}],"wp:term":[{"taxonomy":"store","embeddable":true,"href":"https:\/\/purehivehoney.com\/de\/wp-json\/wp\/v2\/store?post=779"},{"taxonomy":"product_brand","embeddable":true,"href":"https:\/\/purehivehoney.com\/de\/wp-json\/wp\/v2\/product_brand?post=779"},{"taxonomy":"product_cat","embeddable":true,"href":"https:\/\/purehivehoney.com\/de\/wp-json\/wp\/v2\/product_cat?post=779"},{"taxonomy":"product_tag","embeddable":true,"href":"https:\/\/purehivehoney.com\/de\/wp-json\/wp\/v2\/product_tag?post=779"}],"curies":[{"name":"wp","href":"https:\/\/api.w.org\/{rel}","templated":true}]}}