{"id":766,"date":"2026-03-16T05:14:32","date_gmt":"2026-03-16T05:14:32","guid":{"rendered":"https:\/\/purehivehoney.com\/de\/product\/dagdeg-set-of-3-olive-wood-tablespoons-20-cm-handmade-wooden-spoons-cereal-spoon-for-bowl-breakfast-dessert-sustainable-olive-wood-cutlery\/"},"modified":"2026-03-16T05:14:47","modified_gmt":"2026-03-16T05:14:47","slug":"dagdeg-set-of-3-olive-wood-tablespoons-20-cm-handmade-wooden-spoons-cereal-spoon-for-bowl-breakfast-dessert-sustainable-olive-wood-cutlery","status":"publish","type":"product","link":"https:\/\/purehivehoney.com\/de\/product\/dagdeg-set-of-3-olive-wood-tablespoons-20-cm-handmade-wooden-spoons-cereal-spoon-for-bowl-breakfast-dessert-sustainable-olive-wood-cutlery\/","title":{"rendered":"DAGDEG Set of 3 Olive Wood Tablespo..."},"content":{"rendered":"<p>    <span>Discover the DAGDEG set of 3 olive wood tablespoons &#8211; stylish natural products for your kitchen. Each spoon is made by hand and is made from 100% real olive wood &#8211; known for its antibacterial properties and long-lasting beauty. With a length of approx. 20 cm, the spoons are versatile &#8211; whether for cereal, bowls, yogurt, desserts or salads. Thanks to the natural grain, each spoon is unique &#8211; perfect for anyone who values sustainability and craftsmanship. Thanks to their smooth surface, the spoons are comfortable to hold. With proper care, they stay beautiful for a long time: simply clean with a damp cloth and occasionally treat with a little olive oil. Ideal as a sustainable gift for friends, family or as a stylish addition to your own kitchen equipment.<\/span>    <br \/>Handmade &#038; Unique: Each wooden spoon is unique &#8211; carefully carved and sanded by hand, with beautiful individual grain.<br \/>MULTI PURPOSE &#8211; Perfect as a cereal spoon, dessert spoon or for bowls &#8211; ideal for breakfast, snacks, yogurt or creative kitchen moments.<br \/>SUSTAINABLE GIFT: A stylish and useful gift for family, friends or cooking lovers &#8211; natural, high quality and special.<br \/>Easy care: clean with a damp cloth and occasionally rub with olive oil &#8211; not dishwasher safe for long lasting durability.<\/p>\n\n","protected":false},"excerpt":{"rendered":"<p>Discover the DAGDEG set of 3 olive wood tablespoons &#8211; stylish natural products for your kitchen. Each spoon is made by hand and is made from 100% real olive wood &#8211; known for its antibacterial properties and long-lasting beauty. With a length of approx. 20 cm, the spoons are versatile &#8211; whether for cereal, bowls, [&hellip;]<\/p>\n","protected":false},"featured_media":767,"comment_status":"open","ping_status":"closed","template":"","meta":{"_aipt_faq_data":""},"store":[],"product_brand":[226],"product_cat":[73],"product_tag":[225],"class_list":{"0":"post-766","1":"product","2":"type-product","3":"status-publish","4":"has-post-thumbnail","6":"product_brand-dagdeg","7":"product_cat-honigloffel","8":"product_tag-honigloeffel-nachhaltig","10":"first","11":"instock","12":"shipping-taxable","13":"product-type-external"},"yoast_head":"<!-- This site is optimized with the Yoast SEO plugin v27.4 - https:\/\/yoast.com\/product\/yoast-seo-wordpress\/ -->\n<title>DAGDEG Set of 3 Olive Wood Tablespoons - 20 cm - Handmade Wooden Spoons - Cereal Spoon for Bowl, Breakfast, Dessert - Sustainable Olive Wood Cutlery - PureHiveHoney<\/title>\n<meta name=\"description\" content=\"Entdecken Sie hochwertigen Rohhonig, Bio Honig, Manuka Honig und nat\u00fcrliche Bienenprodukte. PureHiveHoney hilft Ihnen dabei, sorgf\u00e4ltig ausgew\u00e4hlte Honigsorten mit nat\u00fcrlicher Qualit\u00e4t und Reinheit zu entdecken.\" \/>\n<meta name=\"robots\" content=\"index, follow, max-snippet:-1, max-image-preview:large, max-video-preview:-1\" \/>\n<link rel=\"canonical\" href=\"https:\/\/purehivehoney.com\/de\/product\/dagdeg-set-of-3-olive-wood-tablespoons-20-cm-handmade-wooden-spoons-cereal-spoon-for-bowl-breakfast-dessert-sustainable-olive-wood-cutlery\/\" \/>\n<meta property=\"og:locale\" content=\"de_DE\" \/>\n<meta property=\"og:type\" content=\"article\" \/>\n<meta property=\"og:title\" content=\"DAGDEG Set of 3 Olive Wood Tablespoons - 20 cm - Handmade Wooden Spoons - Cereal Spoon for Bowl, Breakfast, Dessert - Sustainable Olive Wood Cutlery - PureHiveHoney\" \/>\n<meta property=\"og:description\" content=\"Entdecken Sie hochwertigen Rohhonig, Bio Honig, Manuka Honig und nat\u00fcrliche Bienenprodukte. PureHiveHoney hilft Ihnen dabei, sorgf\u00e4ltig ausgew\u00e4hlte Honigsorten mit nat\u00fcrlicher Qualit\u00e4t und Reinheit zu entdecken.\" \/>\n<meta property=\"og:url\" content=\"https:\/\/purehivehoney.com\/de\/product\/dagdeg-set-of-3-olive-wood-tablespoons-20-cm-handmade-wooden-spoons-cereal-spoon-for-bowl-breakfast-dessert-sustainable-olive-wood-cutlery\/\" \/>\n<meta property=\"og:site_name\" content=\"PureHiveHoney\" \/>\n<meta property=\"article:modified_time\" content=\"2026-03-16T05:14:47+00:00\" \/>\n<meta name=\"twitter:card\" content=\"summary_large_image\" \/>\n<meta name=\"twitter:label1\" content=\"Gesch\u00e4tzte Lesezeit\" \/>\n\t<meta name=\"twitter:data1\" content=\"1\u00a0Minute\" \/>\n<script type=\"application\/ld+json\" class=\"yoast-schema-graph\">{\"@context\":\"https:\\\/\\\/schema.org\",\"@graph\":[{\"@type\":\"WebPage\",\"@id\":\"https:\\\/\\\/purehivehoney.com\\\/de\\\/product\\\/dagdeg-set-of-3-olive-wood-tablespoons-20-cm-handmade-wooden-spoons-cereal-spoon-for-bowl-breakfast-dessert-sustainable-olive-wood-cutlery\\\/\",\"url\":\"https:\\\/\\\/purehivehoney.com\\\/de\\\/product\\\/dagdeg-set-of-3-olive-wood-tablespoons-20-cm-handmade-wooden-spoons-cereal-spoon-for-bowl-breakfast-dessert-sustainable-olive-wood-cutlery\\\/\",\"name\":\"DAGDEG Set of 3 Olive Wood Tablespoons - 20 cm - Handmade Wooden Spoons - Cereal Spoon for Bowl, Breakfast, Dessert - Sustainable Olive Wood Cutlery - PureHiveHoney\",\"isPartOf\":{\"@id\":\"https:\\\/\\\/purehivehoney.com\\\/de\\\/#website\"},\"primaryImageOfPage\":{\"@id\":\"https:\\\/\\\/purehivehoney.com\\\/de\\\/product\\\/dagdeg-set-of-3-olive-wood-tablespoons-20-cm-handmade-wooden-spoons-cereal-spoon-for-bowl-breakfast-dessert-sustainable-olive-wood-cutlery\\\/#primaryimage\"},\"image\":{\"@id\":\"https:\\\/\\\/purehivehoney.com\\\/de\\\/product\\\/dagdeg-set-of-3-olive-wood-tablespoons-20-cm-handmade-wooden-spoons-cereal-spoon-for-bowl-breakfast-dessert-sustainable-olive-wood-cutlery\\\/#primaryimage\"},\"thumbnailUrl\":\"https:\\\/\\\/purehivehoney.com\\\/de\\\/wp-content\\\/uploads\\\/2026\\\/03\\\/51N8z-0DrQL._AC_SL1274_.jpg\",\"datePublished\":\"2026-03-16T05:14:32+00:00\",\"dateModified\":\"2026-03-16T05:14:47+00:00\",\"description\":\"Entdecken Sie hochwertigen Rohhonig, Bio Honig, Manuka Honig und nat\u00fcrliche Bienenprodukte. PureHiveHoney hilft Ihnen dabei, sorgf\u00e4ltig ausgew\u00e4hlte Honigsorten mit nat\u00fcrlicher Qualit\u00e4t und Reinheit zu entdecken.\",\"breadcrumb\":{\"@id\":\"https:\\\/\\\/purehivehoney.com\\\/de\\\/product\\\/dagdeg-set-of-3-olive-wood-tablespoons-20-cm-handmade-wooden-spoons-cereal-spoon-for-bowl-breakfast-dessert-sustainable-olive-wood-cutlery\\\/#breadcrumb\"},\"inLanguage\":\"de\",\"potentialAction\":[{\"@type\":\"ReadAction\",\"target\":[\"https:\\\/\\\/purehivehoney.com\\\/de\\\/product\\\/dagdeg-set-of-3-olive-wood-tablespoons-20-cm-handmade-wooden-spoons-cereal-spoon-for-bowl-breakfast-dessert-sustainable-olive-wood-cutlery\\\/\"]}]},{\"@type\":\"ImageObject\",\"inLanguage\":\"de\",\"@id\":\"https:\\\/\\\/purehivehoney.com\\\/de\\\/product\\\/dagdeg-set-of-3-olive-wood-tablespoons-20-cm-handmade-wooden-spoons-cereal-spoon-for-bowl-breakfast-dessert-sustainable-olive-wood-cutlery\\\/#primaryimage\",\"url\":\"https:\\\/\\\/purehivehoney.com\\\/de\\\/wp-content\\\/uploads\\\/2026\\\/03\\\/51N8z-0DrQL._AC_SL1274_.jpg\",\"contentUrl\":\"https:\\\/\\\/purehivehoney.com\\\/de\\\/wp-content\\\/uploads\\\/2026\\\/03\\\/51N8z-0DrQL._AC_SL1274_.jpg\",\"width\":872,\"height\":1056},{\"@type\":\"BreadcrumbList\",\"@id\":\"https:\\\/\\\/purehivehoney.com\\\/de\\\/product\\\/dagdeg-set-of-3-olive-wood-tablespoons-20-cm-handmade-wooden-spoons-cereal-spoon-for-bowl-breakfast-dessert-sustainable-olive-wood-cutlery\\\/#breadcrumb\",\"itemListElement\":[{\"@type\":\"ListItem\",\"position\":1,\"name\":\"Home\",\"item\":\"https:\\\/\\\/purehivehoney.com\\\/de\\\/\"},{\"@type\":\"ListItem\",\"position\":2,\"name\":\"Shop\",\"item\":\"https:\\\/\\\/purehivehoney.com\\\/de\\\/shop\\\/\"},{\"@type\":\"ListItem\",\"position\":3,\"name\":\"DAGDEG Set of 3 Olive Wood Tablespo...\"}]},{\"@type\":\"WebSite\",\"@id\":\"https:\\\/\\\/purehivehoney.com\\\/de\\\/#website\",\"url\":\"https:\\\/\\\/purehivehoney.com\\\/de\\\/\",\"name\":\"PureHiveHoney\",\"description\":\"Reiner Honig &amp; Bienenprodukte Online | Rohhonig, Bio Honig &amp; Spezialhonig\",\"publisher\":{\"@id\":\"https:\\\/\\\/purehivehoney.com\\\/de\\\/#organization\"},\"potentialAction\":[{\"@type\":\"SearchAction\",\"target\":{\"@type\":\"EntryPoint\",\"urlTemplate\":\"https:\\\/\\\/purehivehoney.com\\\/de\\\/?s={search_term_string}\"},\"query-input\":{\"@type\":\"PropertyValueSpecification\",\"valueRequired\":true,\"valueName\":\"search_term_string\"}}],\"inLanguage\":\"de\"},{\"@type\":\"Organization\",\"@id\":\"https:\\\/\\\/purehivehoney.com\\\/de\\\/#organization\",\"name\":\"PureHiveHoney\",\"url\":\"https:\\\/\\\/purehivehoney.com\\\/de\\\/\",\"logo\":{\"@type\":\"ImageObject\",\"inLanguage\":\"de\",\"@id\":\"https:\\\/\\\/purehivehoney.com\\\/de\\\/#\\\/schema\\\/logo\\\/image\\\/\",\"url\":\"https:\\\/\\\/purehivehoney.com\\\/de\\\/wp-content\\\/uploads\\\/2026\\\/03\\\/Screenshot-2026-03-16-at-1.06.01-AM.png\",\"contentUrl\":\"https:\\\/\\\/purehivehoney.com\\\/de\\\/wp-content\\\/uploads\\\/2026\\\/03\\\/Screenshot-2026-03-16-at-1.06.01-AM.png\",\"width\":2112,\"height\":1086,\"caption\":\"PureHiveHoney\"},\"image\":{\"@id\":\"https:\\\/\\\/purehivehoney.com\\\/de\\\/#\\\/schema\\\/logo\\\/image\\\/\"}}]}<\/script>\n<!-- \/ Yoast SEO plugin. -->","yoast_head_json":{"title":"DAGDEG Set of 3 Olive Wood Tablespoons - 20 cm - Handmade Wooden Spoons - Cereal Spoon for Bowl, Breakfast, Dessert - Sustainable Olive Wood Cutlery - PureHiveHoney","description":"Entdecken Sie hochwertigen Rohhonig, Bio Honig, Manuka Honig und nat\u00fcrliche Bienenprodukte. PureHiveHoney hilft Ihnen dabei, sorgf\u00e4ltig ausgew\u00e4hlte Honigsorten mit nat\u00fcrlicher Qualit\u00e4t und Reinheit zu entdecken.","robots":{"index":"index","follow":"follow","max-snippet":"max-snippet:-1","max-image-preview":"max-image-preview:large","max-video-preview":"max-video-preview:-1"},"canonical":"https:\/\/purehivehoney.com\/de\/product\/dagdeg-set-of-3-olive-wood-tablespoons-20-cm-handmade-wooden-spoons-cereal-spoon-for-bowl-breakfast-dessert-sustainable-olive-wood-cutlery\/","og_locale":"de_DE","og_type":"article","og_title":"DAGDEG Set of 3 Olive Wood Tablespoons - 20 cm - Handmade Wooden Spoons - Cereal Spoon for Bowl, Breakfast, Dessert - Sustainable Olive Wood Cutlery - PureHiveHoney","og_description":"Entdecken Sie hochwertigen Rohhonig, Bio Honig, Manuka Honig und nat\u00fcrliche Bienenprodukte. PureHiveHoney hilft Ihnen dabei, sorgf\u00e4ltig ausgew\u00e4hlte Honigsorten mit nat\u00fcrlicher Qualit\u00e4t und Reinheit zu entdecken.","og_url":"https:\/\/purehivehoney.com\/de\/product\/dagdeg-set-of-3-olive-wood-tablespoons-20-cm-handmade-wooden-spoons-cereal-spoon-for-bowl-breakfast-dessert-sustainable-olive-wood-cutlery\/","og_site_name":"PureHiveHoney","article_modified_time":"2026-03-16T05:14:47+00:00","twitter_card":"summary_large_image","twitter_misc":{"Gesch\u00e4tzte Lesezeit":"1\u00a0Minute"},"schema":{"@context":"https:\/\/schema.org","@graph":[{"@type":"WebPage","@id":"https:\/\/purehivehoney.com\/de\/product\/dagdeg-set-of-3-olive-wood-tablespoons-20-cm-handmade-wooden-spoons-cereal-spoon-for-bowl-breakfast-dessert-sustainable-olive-wood-cutlery\/","url":"https:\/\/purehivehoney.com\/de\/product\/dagdeg-set-of-3-olive-wood-tablespoons-20-cm-handmade-wooden-spoons-cereal-spoon-for-bowl-breakfast-dessert-sustainable-olive-wood-cutlery\/","name":"DAGDEG Set of 3 Olive Wood Tablespoons - 20 cm - Handmade Wooden Spoons - Cereal Spoon for Bowl, Breakfast, Dessert - Sustainable Olive Wood Cutlery - PureHiveHoney","isPartOf":{"@id":"https:\/\/purehivehoney.com\/de\/#website"},"primaryImageOfPage":{"@id":"https:\/\/purehivehoney.com\/de\/product\/dagdeg-set-of-3-olive-wood-tablespoons-20-cm-handmade-wooden-spoons-cereal-spoon-for-bowl-breakfast-dessert-sustainable-olive-wood-cutlery\/#primaryimage"},"image":{"@id":"https:\/\/purehivehoney.com\/de\/product\/dagdeg-set-of-3-olive-wood-tablespoons-20-cm-handmade-wooden-spoons-cereal-spoon-for-bowl-breakfast-dessert-sustainable-olive-wood-cutlery\/#primaryimage"},"thumbnailUrl":"https:\/\/purehivehoney.com\/de\/wp-content\/uploads\/2026\/03\/51N8z-0DrQL._AC_SL1274_.jpg","datePublished":"2026-03-16T05:14:32+00:00","dateModified":"2026-03-16T05:14:47+00:00","description":"Entdecken Sie hochwertigen Rohhonig, Bio Honig, Manuka Honig und nat\u00fcrliche Bienenprodukte. PureHiveHoney hilft Ihnen dabei, sorgf\u00e4ltig ausgew\u00e4hlte Honigsorten mit nat\u00fcrlicher Qualit\u00e4t und Reinheit zu entdecken.","breadcrumb":{"@id":"https:\/\/purehivehoney.com\/de\/product\/dagdeg-set-of-3-olive-wood-tablespoons-20-cm-handmade-wooden-spoons-cereal-spoon-for-bowl-breakfast-dessert-sustainable-olive-wood-cutlery\/#breadcrumb"},"inLanguage":"de","potentialAction":[{"@type":"ReadAction","target":["https:\/\/purehivehoney.com\/de\/product\/dagdeg-set-of-3-olive-wood-tablespoons-20-cm-handmade-wooden-spoons-cereal-spoon-for-bowl-breakfast-dessert-sustainable-olive-wood-cutlery\/"]}]},{"@type":"ImageObject","inLanguage":"de","@id":"https:\/\/purehivehoney.com\/de\/product\/dagdeg-set-of-3-olive-wood-tablespoons-20-cm-handmade-wooden-spoons-cereal-spoon-for-bowl-breakfast-dessert-sustainable-olive-wood-cutlery\/#primaryimage","url":"https:\/\/purehivehoney.com\/de\/wp-content\/uploads\/2026\/03\/51N8z-0DrQL._AC_SL1274_.jpg","contentUrl":"https:\/\/purehivehoney.com\/de\/wp-content\/uploads\/2026\/03\/51N8z-0DrQL._AC_SL1274_.jpg","width":872,"height":1056},{"@type":"BreadcrumbList","@id":"https:\/\/purehivehoney.com\/de\/product\/dagdeg-set-of-3-olive-wood-tablespoons-20-cm-handmade-wooden-spoons-cereal-spoon-for-bowl-breakfast-dessert-sustainable-olive-wood-cutlery\/#breadcrumb","itemListElement":[{"@type":"ListItem","position":1,"name":"Home","item":"https:\/\/purehivehoney.com\/de\/"},{"@type":"ListItem","position":2,"name":"Shop","item":"https:\/\/purehivehoney.com\/de\/shop\/"},{"@type":"ListItem","position":3,"name":"DAGDEG Set of 3 Olive Wood Tablespo..."}]},{"@type":"WebSite","@id":"https:\/\/purehivehoney.com\/de\/#website","url":"https:\/\/purehivehoney.com\/de\/","name":"PureHiveHoney","description":"Reiner Honig &amp; Bienenprodukte Online | Rohhonig, Bio Honig &amp; Spezialhonig","publisher":{"@id":"https:\/\/purehivehoney.com\/de\/#organization"},"potentialAction":[{"@type":"SearchAction","target":{"@type":"EntryPoint","urlTemplate":"https:\/\/purehivehoney.com\/de\/?s={search_term_string}"},"query-input":{"@type":"PropertyValueSpecification","valueRequired":true,"valueName":"search_term_string"}}],"inLanguage":"de"},{"@type":"Organization","@id":"https:\/\/purehivehoney.com\/de\/#organization","name":"PureHiveHoney","url":"https:\/\/purehivehoney.com\/de\/","logo":{"@type":"ImageObject","inLanguage":"de","@id":"https:\/\/purehivehoney.com\/de\/#\/schema\/logo\/image\/","url":"https:\/\/purehivehoney.com\/de\/wp-content\/uploads\/2026\/03\/Screenshot-2026-03-16-at-1.06.01-AM.png","contentUrl":"https:\/\/purehivehoney.com\/de\/wp-content\/uploads\/2026\/03\/Screenshot-2026-03-16-at-1.06.01-AM.png","width":2112,"height":1086,"caption":"PureHiveHoney"},"image":{"@id":"https:\/\/purehivehoney.com\/de\/#\/schema\/logo\/image\/"}}]}},"_links":{"self":[{"href":"https:\/\/purehivehoney.com\/de\/wp-json\/wp\/v2\/product\/766","targetHints":{"allow":["GET"]}}],"collection":[{"href":"https:\/\/purehivehoney.com\/de\/wp-json\/wp\/v2\/product"}],"about":[{"href":"https:\/\/purehivehoney.com\/de\/wp-json\/wp\/v2\/types\/product"}],"replies":[{"embeddable":true,"href":"https:\/\/purehivehoney.com\/de\/wp-json\/wp\/v2\/comments?post=766"}],"wp:featuredmedia":[{"embeddable":true,"href":"https:\/\/purehivehoney.com\/de\/wp-json\/wp\/v2\/media\/767"}],"wp:attachment":[{"href":"https:\/\/purehivehoney.com\/de\/wp-json\/wp\/v2\/media?parent=766"}],"wp:term":[{"taxonomy":"store","embeddable":true,"href":"https:\/\/purehivehoney.com\/de\/wp-json\/wp\/v2\/store?post=766"},{"taxonomy":"product_brand","embeddable":true,"href":"https:\/\/purehivehoney.com\/de\/wp-json\/wp\/v2\/product_brand?post=766"},{"taxonomy":"product_cat","embeddable":true,"href":"https:\/\/purehivehoney.com\/de\/wp-json\/wp\/v2\/product_cat?post=766"},{"taxonomy":"product_tag","embeddable":true,"href":"https:\/\/purehivehoney.com\/de\/wp-json\/wp\/v2\/product_tag?post=766"}],"curies":[{"name":"wp","href":"https:\/\/api.w.org\/{rel}","templated":true}]}}