{"id":757,"date":"2026-03-16T05:13:28","date_gmt":"2026-03-16T05:13:28","guid":{"rendered":"https:\/\/purehivehoney.com\/de\/product\/ceramic-honey-pot-with-dipper-honey-glass-serving-set-with-exquisite-package-for-wedding-bridal-shower-baby-shower-party-and-home-kitchen-12\/"},"modified":"2026-03-16T05:13:44","modified_gmt":"2026-03-16T05:13:44","slug":"ceramic-honey-pot-with-dipper-honey-glass-serving-set-with-exquisite-package-for-wedding-bridal-shower-baby-shower-party-and-home-kitchen-12","status":"publish","type":"product","link":"https:\/\/purehivehoney.com\/de\/product\/ceramic-honey-pot-with-dipper-honey-glass-serving-set-with-exquisite-package-for-wedding-bridal-shower-baby-shower-party-and-home-kitchen-12\/","title":{"rendered":"Ceramic Honey Pot with Dipper, Hone..."},"content":{"rendered":"<p>    <span>If the ceramic honey glass you received is damaged, please contact us and we will surely give you a replacement or refund. <br \/>Wedding and holiday gifts, candy symbol. Can be given to a newly married couple, mother and family you love, child, friend etc. <br \/>Box contents: <br \/>Set of 12 honey pot and dipper set. <br \/>SIZE &#8211; Each cup measures 3&#8243; H x 2.75&#8243; Diameter; Dipper is 3.5&#8243; long. <br \/>Further details: <br \/>1. In the lid there is a notch where a white hand-set ceramic heart on a wooden spoon provides easy access to the golden treasure your guests will pour in. <br \/>2. The miniature size paired with the friendly little bee on the handle makes this pot instantly adorable. <br \/>3. Multipurpose: the honey pot can not only be used to store honey, but also can hold salt and sugar cans. <br \/>4. Sweet As Can Bee Honey Pot with Dipper and White Organza Ribbon and Bow and a Flower Shaped &#8222;For You&#8220; <br \/>Features: <br \/>This honey pot is made of ceramic and has painted bees on the outside. <br \/>Can also be used as a whimsical decoration. <br \/>Perfect size for little hands to serve small amounts of honey. <br \/>Includes wooden spoon, lead-free, food-safe glaze. <br \/>Hand wash recommended. <br \/><\/span>    <br \/>Gift packaging: Our honey pot and dipper set with a beautiful gift box and white bow and flower shape &#8222;For You&#8220; pendant is ready to give as a gift.<br \/>\u3010Food-safe\u3011Pure natural wood spoon, lead-free, food-safe glaze. This little honey pot will delight any honey lover.<br \/>PARTY GIFT &#8211; This set of 12 ceramic honey pots is perfect for weddings, bridal showers, birthday parties, baby showers and as a gift<br \/>\u3010Function\u3011Honey stays fresh and easy to reach in this small honey pot with lid. This classic looking bee honey pot is a great addition to any kitchen and is guaranteed to attract everyone&#8217;s attention.<br \/>Mini honey container: This small honey pot will delight any honey lover. If your friends are growing bees, you can give them honey pot and dipper it is the perfect container for honey. They are very pretty and well packaged and your friends love them<\/p>\n\n","protected":false},"excerpt":{"rendered":"<p>If the ceramic honey glass you received is damaged, please contact us and we will surely give you a replacement or refund. Wedding and holiday gifts, candy symbol. Can be given to a newly married couple, mother and family you love, child, friend etc. Box contents: Set of 12 honey pot and dipper set. SIZE [&hellip;]<\/p>\n","protected":false},"featured_media":758,"comment_status":"open","ping_status":"closed","template":"","meta":{"_aipt_faq_data":""},"store":[],"product_brand":[224],"product_cat":[74],"product_tag":[223],"class_list":{"0":"post-757","1":"product","2":"type-product","3":"status-publish","4":"has-post-thumbnail","6":"product_brand-zhisheng","7":"product_cat-honigglaser","8":"product_tag-vintage-honigglaeser-set","10":"first","11":"instock","12":"shipping-taxable","13":"product-type-external"},"yoast_head":"<!-- This site is optimized with the Yoast SEO plugin v27.4 - https:\/\/yoast.com\/product\/yoast-seo-wordpress\/ -->\n<title>Ceramic Honey Pot with Dipper, Honey Glass Serving Set with Exquisite Package for Wedding, Bridal Shower, Baby Shower, Party and Home Kitchen (12) - PureHiveHoney<\/title>\n<meta name=\"description\" content=\"Entdecken Sie hochwertigen Rohhonig, Bio Honig, Manuka Honig und nat\u00fcrliche Bienenprodukte. PureHiveHoney hilft Ihnen dabei, sorgf\u00e4ltig ausgew\u00e4hlte Honigsorten mit nat\u00fcrlicher Qualit\u00e4t und Reinheit zu entdecken.\" \/>\n<meta name=\"robots\" content=\"index, follow, max-snippet:-1, max-image-preview:large, max-video-preview:-1\" \/>\n<link rel=\"canonical\" href=\"https:\/\/purehivehoney.com\/de\/product\/ceramic-honey-pot-with-dipper-honey-glass-serving-set-with-exquisite-package-for-wedding-bridal-shower-baby-shower-party-and-home-kitchen-12\/\" \/>\n<meta property=\"og:locale\" content=\"de_DE\" \/>\n<meta property=\"og:type\" content=\"article\" \/>\n<meta property=\"og:title\" content=\"Ceramic Honey Pot with Dipper, Honey Glass Serving Set with Exquisite Package for Wedding, Bridal Shower, Baby Shower, Party and Home Kitchen (12) - PureHiveHoney\" \/>\n<meta property=\"og:description\" content=\"Entdecken Sie hochwertigen Rohhonig, Bio Honig, Manuka Honig und nat\u00fcrliche Bienenprodukte. PureHiveHoney hilft Ihnen dabei, sorgf\u00e4ltig ausgew\u00e4hlte Honigsorten mit nat\u00fcrlicher Qualit\u00e4t und Reinheit zu entdecken.\" \/>\n<meta property=\"og:url\" content=\"https:\/\/purehivehoney.com\/de\/product\/ceramic-honey-pot-with-dipper-honey-glass-serving-set-with-exquisite-package-for-wedding-bridal-shower-baby-shower-party-and-home-kitchen-12\/\" \/>\n<meta property=\"og:site_name\" content=\"PureHiveHoney\" \/>\n<meta property=\"article:modified_time\" content=\"2026-03-16T05:13:44+00:00\" \/>\n<meta name=\"twitter:card\" content=\"summary_large_image\" \/>\n<meta name=\"twitter:label1\" content=\"Gesch\u00e4tzte Lesezeit\" \/>\n\t<meta name=\"twitter:data1\" content=\"2\u00a0Minuten\" \/>\n<script type=\"application\/ld+json\" class=\"yoast-schema-graph\">{\"@context\":\"https:\\\/\\\/schema.org\",\"@graph\":[{\"@type\":\"WebPage\",\"@id\":\"https:\\\/\\\/purehivehoney.com\\\/de\\\/product\\\/ceramic-honey-pot-with-dipper-honey-glass-serving-set-with-exquisite-package-for-wedding-bridal-shower-baby-shower-party-and-home-kitchen-12\\\/\",\"url\":\"https:\\\/\\\/purehivehoney.com\\\/de\\\/product\\\/ceramic-honey-pot-with-dipper-honey-glass-serving-set-with-exquisite-package-for-wedding-bridal-shower-baby-shower-party-and-home-kitchen-12\\\/\",\"name\":\"Ceramic Honey Pot with Dipper, Honey Glass Serving Set with Exquisite Package for Wedding, Bridal Shower, Baby Shower, Party and Home Kitchen (12) - PureHiveHoney\",\"isPartOf\":{\"@id\":\"https:\\\/\\\/purehivehoney.com\\\/de\\\/#website\"},\"primaryImageOfPage\":{\"@id\":\"https:\\\/\\\/purehivehoney.com\\\/de\\\/product\\\/ceramic-honey-pot-with-dipper-honey-glass-serving-set-with-exquisite-package-for-wedding-bridal-shower-baby-shower-party-and-home-kitchen-12\\\/#primaryimage\"},\"image\":{\"@id\":\"https:\\\/\\\/purehivehoney.com\\\/de\\\/product\\\/ceramic-honey-pot-with-dipper-honey-glass-serving-set-with-exquisite-package-for-wedding-bridal-shower-baby-shower-party-and-home-kitchen-12\\\/#primaryimage\"},\"thumbnailUrl\":\"https:\\\/\\\/purehivehoney.com\\\/de\\\/wp-content\\\/uploads\\\/2026\\\/03\\\/715q3JA0LdL._AC_SL1500_.jpg\",\"datePublished\":\"2026-03-16T05:13:28+00:00\",\"dateModified\":\"2026-03-16T05:13:44+00:00\",\"description\":\"Entdecken Sie hochwertigen Rohhonig, Bio Honig, Manuka Honig und nat\u00fcrliche Bienenprodukte. PureHiveHoney hilft Ihnen dabei, sorgf\u00e4ltig ausgew\u00e4hlte Honigsorten mit nat\u00fcrlicher Qualit\u00e4t und Reinheit zu entdecken.\",\"breadcrumb\":{\"@id\":\"https:\\\/\\\/purehivehoney.com\\\/de\\\/product\\\/ceramic-honey-pot-with-dipper-honey-glass-serving-set-with-exquisite-package-for-wedding-bridal-shower-baby-shower-party-and-home-kitchen-12\\\/#breadcrumb\"},\"inLanguage\":\"de\",\"potentialAction\":[{\"@type\":\"ReadAction\",\"target\":[\"https:\\\/\\\/purehivehoney.com\\\/de\\\/product\\\/ceramic-honey-pot-with-dipper-honey-glass-serving-set-with-exquisite-package-for-wedding-bridal-shower-baby-shower-party-and-home-kitchen-12\\\/\"]}]},{\"@type\":\"ImageObject\",\"inLanguage\":\"de\",\"@id\":\"https:\\\/\\\/purehivehoney.com\\\/de\\\/product\\\/ceramic-honey-pot-with-dipper-honey-glass-serving-set-with-exquisite-package-for-wedding-bridal-shower-baby-shower-party-and-home-kitchen-12\\\/#primaryimage\",\"url\":\"https:\\\/\\\/purehivehoney.com\\\/de\\\/wp-content\\\/uploads\\\/2026\\\/03\\\/715q3JA0LdL._AC_SL1500_.jpg\",\"contentUrl\":\"https:\\\/\\\/purehivehoney.com\\\/de\\\/wp-content\\\/uploads\\\/2026\\\/03\\\/715q3JA0LdL._AC_SL1500_.jpg\",\"width\":1497,\"height\":1500},{\"@type\":\"BreadcrumbList\",\"@id\":\"https:\\\/\\\/purehivehoney.com\\\/de\\\/product\\\/ceramic-honey-pot-with-dipper-honey-glass-serving-set-with-exquisite-package-for-wedding-bridal-shower-baby-shower-party-and-home-kitchen-12\\\/#breadcrumb\",\"itemListElement\":[{\"@type\":\"ListItem\",\"position\":1,\"name\":\"Home\",\"item\":\"https:\\\/\\\/purehivehoney.com\\\/de\\\/\"},{\"@type\":\"ListItem\",\"position\":2,\"name\":\"Shop\",\"item\":\"https:\\\/\\\/purehivehoney.com\\\/de\\\/shop\\\/\"},{\"@type\":\"ListItem\",\"position\":3,\"name\":\"Ceramic Honey Pot with Dipper, Hone...\"}]},{\"@type\":\"WebSite\",\"@id\":\"https:\\\/\\\/purehivehoney.com\\\/de\\\/#website\",\"url\":\"https:\\\/\\\/purehivehoney.com\\\/de\\\/\",\"name\":\"PureHiveHoney\",\"description\":\"Reiner Honig &amp; Bienenprodukte Online | Rohhonig, Bio Honig &amp; Spezialhonig\",\"publisher\":{\"@id\":\"https:\\\/\\\/purehivehoney.com\\\/de\\\/#organization\"},\"potentialAction\":[{\"@type\":\"SearchAction\",\"target\":{\"@type\":\"EntryPoint\",\"urlTemplate\":\"https:\\\/\\\/purehivehoney.com\\\/de\\\/?s={search_term_string}\"},\"query-input\":{\"@type\":\"PropertyValueSpecification\",\"valueRequired\":true,\"valueName\":\"search_term_string\"}}],\"inLanguage\":\"de\"},{\"@type\":\"Organization\",\"@id\":\"https:\\\/\\\/purehivehoney.com\\\/de\\\/#organization\",\"name\":\"PureHiveHoney\",\"url\":\"https:\\\/\\\/purehivehoney.com\\\/de\\\/\",\"logo\":{\"@type\":\"ImageObject\",\"inLanguage\":\"de\",\"@id\":\"https:\\\/\\\/purehivehoney.com\\\/de\\\/#\\\/schema\\\/logo\\\/image\\\/\",\"url\":\"https:\\\/\\\/purehivehoney.com\\\/de\\\/wp-content\\\/uploads\\\/2026\\\/03\\\/Screenshot-2026-03-16-at-1.06.01-AM.png\",\"contentUrl\":\"https:\\\/\\\/purehivehoney.com\\\/de\\\/wp-content\\\/uploads\\\/2026\\\/03\\\/Screenshot-2026-03-16-at-1.06.01-AM.png\",\"width\":2112,\"height\":1086,\"caption\":\"PureHiveHoney\"},\"image\":{\"@id\":\"https:\\\/\\\/purehivehoney.com\\\/de\\\/#\\\/schema\\\/logo\\\/image\\\/\"}}]}<\/script>\n<!-- \/ Yoast SEO plugin. -->","yoast_head_json":{"title":"Ceramic Honey Pot with Dipper, Honey Glass Serving Set with Exquisite Package for Wedding, Bridal Shower, Baby Shower, Party and Home Kitchen (12) - PureHiveHoney","description":"Entdecken Sie hochwertigen Rohhonig, Bio Honig, Manuka Honig und nat\u00fcrliche Bienenprodukte. PureHiveHoney hilft Ihnen dabei, sorgf\u00e4ltig ausgew\u00e4hlte Honigsorten mit nat\u00fcrlicher Qualit\u00e4t und Reinheit zu entdecken.","robots":{"index":"index","follow":"follow","max-snippet":"max-snippet:-1","max-image-preview":"max-image-preview:large","max-video-preview":"max-video-preview:-1"},"canonical":"https:\/\/purehivehoney.com\/de\/product\/ceramic-honey-pot-with-dipper-honey-glass-serving-set-with-exquisite-package-for-wedding-bridal-shower-baby-shower-party-and-home-kitchen-12\/","og_locale":"de_DE","og_type":"article","og_title":"Ceramic Honey Pot with Dipper, Honey Glass Serving Set with Exquisite Package for Wedding, Bridal Shower, Baby Shower, Party and Home Kitchen (12) - PureHiveHoney","og_description":"Entdecken Sie hochwertigen Rohhonig, Bio Honig, Manuka Honig und nat\u00fcrliche Bienenprodukte. PureHiveHoney hilft Ihnen dabei, sorgf\u00e4ltig ausgew\u00e4hlte Honigsorten mit nat\u00fcrlicher Qualit\u00e4t und Reinheit zu entdecken.","og_url":"https:\/\/purehivehoney.com\/de\/product\/ceramic-honey-pot-with-dipper-honey-glass-serving-set-with-exquisite-package-for-wedding-bridal-shower-baby-shower-party-and-home-kitchen-12\/","og_site_name":"PureHiveHoney","article_modified_time":"2026-03-16T05:13:44+00:00","twitter_card":"summary_large_image","twitter_misc":{"Gesch\u00e4tzte Lesezeit":"2\u00a0Minuten"},"schema":{"@context":"https:\/\/schema.org","@graph":[{"@type":"WebPage","@id":"https:\/\/purehivehoney.com\/de\/product\/ceramic-honey-pot-with-dipper-honey-glass-serving-set-with-exquisite-package-for-wedding-bridal-shower-baby-shower-party-and-home-kitchen-12\/","url":"https:\/\/purehivehoney.com\/de\/product\/ceramic-honey-pot-with-dipper-honey-glass-serving-set-with-exquisite-package-for-wedding-bridal-shower-baby-shower-party-and-home-kitchen-12\/","name":"Ceramic Honey Pot with Dipper, Honey Glass Serving Set with Exquisite Package for Wedding, Bridal Shower, Baby Shower, Party and Home Kitchen (12) - PureHiveHoney","isPartOf":{"@id":"https:\/\/purehivehoney.com\/de\/#website"},"primaryImageOfPage":{"@id":"https:\/\/purehivehoney.com\/de\/product\/ceramic-honey-pot-with-dipper-honey-glass-serving-set-with-exquisite-package-for-wedding-bridal-shower-baby-shower-party-and-home-kitchen-12\/#primaryimage"},"image":{"@id":"https:\/\/purehivehoney.com\/de\/product\/ceramic-honey-pot-with-dipper-honey-glass-serving-set-with-exquisite-package-for-wedding-bridal-shower-baby-shower-party-and-home-kitchen-12\/#primaryimage"},"thumbnailUrl":"https:\/\/purehivehoney.com\/de\/wp-content\/uploads\/2026\/03\/715q3JA0LdL._AC_SL1500_.jpg","datePublished":"2026-03-16T05:13:28+00:00","dateModified":"2026-03-16T05:13:44+00:00","description":"Entdecken Sie hochwertigen Rohhonig, Bio Honig, Manuka Honig und nat\u00fcrliche Bienenprodukte. PureHiveHoney hilft Ihnen dabei, sorgf\u00e4ltig ausgew\u00e4hlte Honigsorten mit nat\u00fcrlicher Qualit\u00e4t und Reinheit zu entdecken.","breadcrumb":{"@id":"https:\/\/purehivehoney.com\/de\/product\/ceramic-honey-pot-with-dipper-honey-glass-serving-set-with-exquisite-package-for-wedding-bridal-shower-baby-shower-party-and-home-kitchen-12\/#breadcrumb"},"inLanguage":"de","potentialAction":[{"@type":"ReadAction","target":["https:\/\/purehivehoney.com\/de\/product\/ceramic-honey-pot-with-dipper-honey-glass-serving-set-with-exquisite-package-for-wedding-bridal-shower-baby-shower-party-and-home-kitchen-12\/"]}]},{"@type":"ImageObject","inLanguage":"de","@id":"https:\/\/purehivehoney.com\/de\/product\/ceramic-honey-pot-with-dipper-honey-glass-serving-set-with-exquisite-package-for-wedding-bridal-shower-baby-shower-party-and-home-kitchen-12\/#primaryimage","url":"https:\/\/purehivehoney.com\/de\/wp-content\/uploads\/2026\/03\/715q3JA0LdL._AC_SL1500_.jpg","contentUrl":"https:\/\/purehivehoney.com\/de\/wp-content\/uploads\/2026\/03\/715q3JA0LdL._AC_SL1500_.jpg","width":1497,"height":1500},{"@type":"BreadcrumbList","@id":"https:\/\/purehivehoney.com\/de\/product\/ceramic-honey-pot-with-dipper-honey-glass-serving-set-with-exquisite-package-for-wedding-bridal-shower-baby-shower-party-and-home-kitchen-12\/#breadcrumb","itemListElement":[{"@type":"ListItem","position":1,"name":"Home","item":"https:\/\/purehivehoney.com\/de\/"},{"@type":"ListItem","position":2,"name":"Shop","item":"https:\/\/purehivehoney.com\/de\/shop\/"},{"@type":"ListItem","position":3,"name":"Ceramic Honey Pot with Dipper, Hone..."}]},{"@type":"WebSite","@id":"https:\/\/purehivehoney.com\/de\/#website","url":"https:\/\/purehivehoney.com\/de\/","name":"PureHiveHoney","description":"Reiner Honig &amp; Bienenprodukte Online | Rohhonig, Bio Honig &amp; Spezialhonig","publisher":{"@id":"https:\/\/purehivehoney.com\/de\/#organization"},"potentialAction":[{"@type":"SearchAction","target":{"@type":"EntryPoint","urlTemplate":"https:\/\/purehivehoney.com\/de\/?s={search_term_string}"},"query-input":{"@type":"PropertyValueSpecification","valueRequired":true,"valueName":"search_term_string"}}],"inLanguage":"de"},{"@type":"Organization","@id":"https:\/\/purehivehoney.com\/de\/#organization","name":"PureHiveHoney","url":"https:\/\/purehivehoney.com\/de\/","logo":{"@type":"ImageObject","inLanguage":"de","@id":"https:\/\/purehivehoney.com\/de\/#\/schema\/logo\/image\/","url":"https:\/\/purehivehoney.com\/de\/wp-content\/uploads\/2026\/03\/Screenshot-2026-03-16-at-1.06.01-AM.png","contentUrl":"https:\/\/purehivehoney.com\/de\/wp-content\/uploads\/2026\/03\/Screenshot-2026-03-16-at-1.06.01-AM.png","width":2112,"height":1086,"caption":"PureHiveHoney"},"image":{"@id":"https:\/\/purehivehoney.com\/de\/#\/schema\/logo\/image\/"}}]}},"_links":{"self":[{"href":"https:\/\/purehivehoney.com\/de\/wp-json\/wp\/v2\/product\/757","targetHints":{"allow":["GET"]}}],"collection":[{"href":"https:\/\/purehivehoney.com\/de\/wp-json\/wp\/v2\/product"}],"about":[{"href":"https:\/\/purehivehoney.com\/de\/wp-json\/wp\/v2\/types\/product"}],"replies":[{"embeddable":true,"href":"https:\/\/purehivehoney.com\/de\/wp-json\/wp\/v2\/comments?post=757"}],"wp:featuredmedia":[{"embeddable":true,"href":"https:\/\/purehivehoney.com\/de\/wp-json\/wp\/v2\/media\/758"}],"wp:attachment":[{"href":"https:\/\/purehivehoney.com\/de\/wp-json\/wp\/v2\/media?parent=757"}],"wp:term":[{"taxonomy":"store","embeddable":true,"href":"https:\/\/purehivehoney.com\/de\/wp-json\/wp\/v2\/store?post=757"},{"taxonomy":"product_brand","embeddable":true,"href":"https:\/\/purehivehoney.com\/de\/wp-json\/wp\/v2\/product_brand?post=757"},{"taxonomy":"product_cat","embeddable":true,"href":"https:\/\/purehivehoney.com\/de\/wp-json\/wp\/v2\/product_cat?post=757"},{"taxonomy":"product_tag","embeddable":true,"href":"https:\/\/purehivehoney.com\/de\/wp-json\/wp\/v2\/product_tag?post=757"}],"curies":[{"name":"wp","href":"https:\/\/api.w.org\/{rel}","templated":true}]}}