{"id":750,"date":"2026-03-16T05:12:00","date_gmt":"2026-03-16T05:12:00","guid":{"rendered":"https:\/\/purehivehoney.com\/de\/product\/alessi-honey-pot-tw01-design-honey-dispenser-with-honey-spoon-glass-and-stainless-steel\/"},"modified":"2026-03-16T05:12:10","modified_gmt":"2026-03-16T05:12:10","slug":"alessi-honey-pot-tw01-design-honey-dispenser-with-honey-spoon-glass-and-stainless-steel","status":"publish","type":"product","link":"https:\/\/purehivehoney.com\/de\/product\/alessi-honey-pot-tw01-design-honey-dispenser-with-honey-spoon-glass-and-stainless-steel\/","title":{"rendered":"Alessi Honey Pot TW01 Design honey ..."},"content":{"rendered":"<p>                                             From the manufacturer   <\/p>\n<p>                                                  <img decoding=\"async\" alt=\"Alessi, design, made in Italy\" src=\"https:\/\/images-na.ssl-images-amazon.com\/images\/G\/01\/x-locale\/common\/grey-pixel.gif\" class=\"a-lazy-loaded\" data-src=\"https:\/\/m.media-amazon.com\/images\/S\/aplus-media-library-service-media\/6ea81505-57d7-4ffc-b868-09070cf57b95.__CR0,0,970,300_PT0_SX970_V1___.jpg\"><img decoding=\"async\" alt=\"Alessi, design, made in Italy\" src=\"https:\/\/m.media-amazon.com\/images\/S\/aplus-media-library-service-media\/6ea81505-57d7-4ffc-b868-09070cf57b95.__CR0,0,970,300_PT0_SX970_V1___.jpg\">  <\/p>\n<h3> Honey Pot <\/h3>\n<p> Alessi <\/p>\n<p> Designer: CSA, Theo Williams <\/p>\n<p>                                                  <img decoding=\"async\" alt=\"Alessi, design, made in Italy\" src=\"https:\/\/images-na.ssl-images-amazon.com\/images\/G\/01\/x-locale\/common\/grey-pixel.gif\" class=\"a-lazy-loaded\" data-src=\"https:\/\/m.media-amazon.com\/images\/S\/aplus-media-library-service-media\/889b61b9-eaec-42fb-b406-c2638ff46db0.__CR0,0,500,500_PT0_SX300_V1___.jpg\"><img decoding=\"async\" alt=\"Alessi, design, made in Italy\" src=\"https:\/\/m.media-amazon.com\/images\/S\/aplus-media-library-service-media\/889b61b9-eaec-42fb-b406-c2638ff46db0.__CR0,0,500,500_PT0_SX300_V1___.jpg\">  <\/p>\n<h3 class=\"a-spacing-mini\"> Honey Dispenser Honey Pot <\/h3>\n<p> In the 1990s, the Centro Studi Alessi coordinated the meta-project &#8222;Memory Containers &#8211; Progetto Biologico&#8220;, whose ambitious goal was to analyze a basic idea for perception more committed to intuition than stylistic codes. The honey dispenser is a successful example of this with its shape that foreshadows the contents. <\/p>\n<p>                                                  <img decoding=\"async\" alt=\"Alessi, design, made in Italy\" src=\"https:\/\/images-na.ssl-images-amazon.com\/images\/G\/01\/x-locale\/common\/grey-pixel.gif\" class=\"a-spacing-mini a-lazy-loaded\" data-src=\"https:\/\/m.media-amazon.com\/images\/S\/aplus-media-library-service-media\/73582adb-174b-4e57-8d3a-8159f1f7c240.__CR0,0,800,800_PT0_SX300_V1___.jpg\"><img decoding=\"async\" alt=\"Alessi, design, made in Italy\" src=\"https:\/\/m.media-amazon.com\/images\/S\/aplus-media-library-service-media\/73582adb-174b-4e57-8d3a-8159f1f7c240.__CR0,0,800,800_PT0_SX300_V1___.jpg\">  <\/p>\n<h3 class=\"a-spacing-mini\"> The designer <\/h3>\n<p> Theo Williams <\/p>\n<p> Theo Williams was born in Oxford in 1967. He has studied industrial design in Manchester, has lived in Milan since 1992 and currently operates an office in Amsterdam. He is the creative director of Lexon, Paris, the director of design, license and branding of the fashion company Mexx (the Liz Claiborne Group, USA), and the creative head of the Japanese department store chain &#8218;Mono Comme C\u00e0&#8216;. He has collaborated with Art Partners NY and Giovanni Testino. Its customers include Abet Laminati, Alessi, Danese, Dornbracht, Mobileffe, Nava Design, Pyrex, Tchibo, Technogym. He has also designed packaging for Prada, CK Jeans, Giorgio Armani, Ferragamo and accessories for Benetton. The &#8218;Risma&#8216; bathroom collection for Merati has been selected for the Design Index 2003 and the Compasso d&#8217;Oro 2004. <\/p>\n<p>                                                  <img decoding=\"async\" alt=\"Alessi, design, made in Italy\" src=\"https:\/\/images-na.ssl-images-amazon.com\/images\/G\/01\/x-locale\/common\/grey-pixel.gif\" class=\"a-lazy-loaded\" data-src=\"https:\/\/m.media-amazon.com\/images\/S\/aplus-media-library-service-media\/6315b7a6-b276-43c4-bc05-73d8ac717ce6.__CR0,0,800,800_PT0_SX300_V1___.jpg\"><img decoding=\"async\" alt=\"Alessi, design, made in Italy\" src=\"https:\/\/m.media-amazon.com\/images\/S\/aplus-media-library-service-media\/6315b7a6-b276-43c4-bc05-73d8ac717ce6.__CR0,0,800,800_PT0_SX300_V1___.jpg\">  <\/p>\n<h3 class=\"a-spacing-mini\"> The company <\/h3>\n<p> Opened in 1921 as a &#8222;technical workshop for the processing of brass and nickel silver plates, with foundry&#8220;, Alessi has always been known for the high quality of its products. <\/p>\n<p> Over the course of almost a century, it has gradually become a top representative of Italian design smiths, applying its outstanding competences and expertise in the field of design management to very different product types. <\/p>\n<p> The company is open to change and international developments, but at the same time firmly rooted in the tradition and cultural heritage of its environment. Alessi is still synonymous with objects that impress with their craftsmanship but are made with the help of machines. <\/p>\n<p>                                                  <img decoding=\"async\" alt=\"Alessi, design, made in Italy\" src=\"https:\/\/images-na.ssl-images-amazon.com\/images\/G\/01\/x-locale\/common\/grey-pixel.gif\" class=\"a-spacing-mini a-lazy-loaded\" data-src=\"https:\/\/m.media-amazon.com\/images\/S\/aplus-media-library-service-media\/c614953a-ca09-4732-aa29-5d56f421ceb4.__CR51,0,617,617_PT0_SX300_V1___.jpg\"><img decoding=\"async\" alt=\"Alessi, design, made in Italy\" src=\"https:\/\/m.media-amazon.com\/images\/S\/aplus-media-library-service-media\/c614953a-ca09-4732-aa29-5d56f421ceb4.__CR51,0,617,617_PT0_SX300_V1___.jpg\">  <\/p>\n<h3 class=\"a-spacing-mini\">  Alessigrafia, or the geography of Alessi production  <\/h3>\n<p> The majority of Alessi objects are still made in Italy and by cold working metal \u2013 since the founding in 1921 \u2013 which is the responsible of the experienced employees in Crusinallo di Omegna. <\/p>\n<p> Over time, Alessi has also included other materials such as porcelain, glass, wood and plastic in the program and each developed a special manufacturing method. Even for external production, outside the factory in Crusinallo, Alessis guidelines ensure the same high quality standards as in-house, always conveying between technical-industrial complexity and attention to the craftsmanship details. <\/p>\n<p> The non-metal objects are manufactured at different production sites worldwide. They are and will remain original Alessi objects, because they are based on the same high-profile design approach and the same pursuit of quality that characterise all of the company&#8217;s products. <\/p>\n<p>Elenigen honey dispenser with spoon and lid<br \/>Designer: CSA, Theo Williams<br \/>Material: 18\/10 stainless steel with glass can<br \/>Size: diameter 8.70 cm, height 19.70 cm<br \/>Capacity: 30 cl<\/p>\n\n","protected":false},"excerpt":{"rendered":"<p>From the manufacturer Honey Pot Alessi Designer: CSA, Theo Williams Honey Dispenser Honey Pot In the 1990s, the Centro Studi Alessi coordinated the meta-project &#8222;Memory Containers &#8211; Progetto Biologico&#8220;, whose ambitious goal was to analyze a basic idea for perception more committed to intuition than stylistic codes. The honey dispenser is a successful example of [&hellip;]<\/p>\n","protected":false},"featured_media":751,"comment_status":"open","ping_status":"closed","template":"","meta":{"_aipt_faq_data":""},"store":[],"product_brand":[222],"product_cat":[75],"product_tag":[221],"class_list":{"0":"post-750","1":"product","2":"type-product","3":"status-publish","4":"has-post-thumbnail","6":"product_brand-alessi","7":"product_cat-honigspender","8":"product_tag-honigspender-mit-staender","10":"first","11":"instock","12":"shipping-taxable","13":"product-type-external"},"yoast_head":"<!-- This site is optimized with the Yoast SEO plugin v27.4 - https:\/\/yoast.com\/product\/yoast-seo-wordpress\/ -->\n<title>Alessi Honey Pot TW01 Design honey dispenser with honey spoon, glass and stainless steel - PureHiveHoney<\/title>\n<meta name=\"description\" content=\"Entdecken Sie hochwertigen Rohhonig, Bio Honig, Manuka Honig und nat\u00fcrliche Bienenprodukte. PureHiveHoney hilft Ihnen dabei, sorgf\u00e4ltig ausgew\u00e4hlte Honigsorten mit nat\u00fcrlicher Qualit\u00e4t und Reinheit zu entdecken.\" \/>\n<meta name=\"robots\" content=\"index, follow, max-snippet:-1, max-image-preview:large, max-video-preview:-1\" \/>\n<link rel=\"canonical\" href=\"https:\/\/purehivehoney.com\/de\/product\/alessi-honey-pot-tw01-design-honey-dispenser-with-honey-spoon-glass-and-stainless-steel\/\" \/>\n<meta property=\"og:locale\" content=\"de_DE\" \/>\n<meta property=\"og:type\" content=\"article\" \/>\n<meta property=\"og:title\" content=\"Alessi Honey Pot TW01 Design honey dispenser with honey spoon, glass and stainless steel - PureHiveHoney\" \/>\n<meta property=\"og:description\" content=\"Entdecken Sie hochwertigen Rohhonig, Bio Honig, Manuka Honig und nat\u00fcrliche Bienenprodukte. PureHiveHoney hilft Ihnen dabei, sorgf\u00e4ltig ausgew\u00e4hlte Honigsorten mit nat\u00fcrlicher Qualit\u00e4t und Reinheit zu entdecken.\" \/>\n<meta property=\"og:url\" content=\"https:\/\/purehivehoney.com\/de\/product\/alessi-honey-pot-tw01-design-honey-dispenser-with-honey-spoon-glass-and-stainless-steel\/\" \/>\n<meta property=\"og:site_name\" content=\"PureHiveHoney\" \/>\n<meta property=\"article:modified_time\" content=\"2026-03-16T05:12:10+00:00\" \/>\n<meta property=\"og:image\" content=\"https:\/\/images-na.ssl-images-amazon.com\/images\/G\/01\/x-locale\/common\/grey-pixel.gif\" \/>\n<meta name=\"twitter:card\" content=\"summary_large_image\" \/>\n<meta name=\"twitter:label1\" content=\"Gesch\u00e4tzte Lesezeit\" \/>\n\t<meta name=\"twitter:data1\" content=\"2\u00a0Minuten\" \/>\n<script type=\"application\/ld+json\" class=\"yoast-schema-graph\">{\"@context\":\"https:\\\/\\\/schema.org\",\"@graph\":[{\"@type\":\"WebPage\",\"@id\":\"https:\\\/\\\/purehivehoney.com\\\/de\\\/product\\\/alessi-honey-pot-tw01-design-honey-dispenser-with-honey-spoon-glass-and-stainless-steel\\\/\",\"url\":\"https:\\\/\\\/purehivehoney.com\\\/de\\\/product\\\/alessi-honey-pot-tw01-design-honey-dispenser-with-honey-spoon-glass-and-stainless-steel\\\/\",\"name\":\"Alessi Honey Pot TW01 Design honey dispenser with honey spoon, glass and stainless steel - PureHiveHoney\",\"isPartOf\":{\"@id\":\"https:\\\/\\\/purehivehoney.com\\\/de\\\/#website\"},\"primaryImageOfPage\":{\"@id\":\"https:\\\/\\\/purehivehoney.com\\\/de\\\/product\\\/alessi-honey-pot-tw01-design-honey-dispenser-with-honey-spoon-glass-and-stainless-steel\\\/#primaryimage\"},\"image\":{\"@id\":\"https:\\\/\\\/purehivehoney.com\\\/de\\\/product\\\/alessi-honey-pot-tw01-design-honey-dispenser-with-honey-spoon-glass-and-stainless-steel\\\/#primaryimage\"},\"thumbnailUrl\":\"https:\\\/\\\/purehivehoney.com\\\/de\\\/wp-content\\\/uploads\\\/2026\\\/03\\\/61-RadxlVjL._AC_SL1500_.jpg\",\"datePublished\":\"2026-03-16T05:12:00+00:00\",\"dateModified\":\"2026-03-16T05:12:10+00:00\",\"description\":\"Entdecken Sie hochwertigen Rohhonig, Bio Honig, Manuka Honig und nat\u00fcrliche Bienenprodukte. PureHiveHoney hilft Ihnen dabei, sorgf\u00e4ltig ausgew\u00e4hlte Honigsorten mit nat\u00fcrlicher Qualit\u00e4t und Reinheit zu entdecken.\",\"breadcrumb\":{\"@id\":\"https:\\\/\\\/purehivehoney.com\\\/de\\\/product\\\/alessi-honey-pot-tw01-design-honey-dispenser-with-honey-spoon-glass-and-stainless-steel\\\/#breadcrumb\"},\"inLanguage\":\"de\",\"potentialAction\":[{\"@type\":\"ReadAction\",\"target\":[\"https:\\\/\\\/purehivehoney.com\\\/de\\\/product\\\/alessi-honey-pot-tw01-design-honey-dispenser-with-honey-spoon-glass-and-stainless-steel\\\/\"]}]},{\"@type\":\"ImageObject\",\"inLanguage\":\"de\",\"@id\":\"https:\\\/\\\/purehivehoney.com\\\/de\\\/product\\\/alessi-honey-pot-tw01-design-honey-dispenser-with-honey-spoon-glass-and-stainless-steel\\\/#primaryimage\",\"url\":\"https:\\\/\\\/purehivehoney.com\\\/de\\\/wp-content\\\/uploads\\\/2026\\\/03\\\/61-RadxlVjL._AC_SL1500_.jpg\",\"contentUrl\":\"https:\\\/\\\/purehivehoney.com\\\/de\\\/wp-content\\\/uploads\\\/2026\\\/03\\\/61-RadxlVjL._AC_SL1500_.jpg\",\"width\":653,\"height\":1442},{\"@type\":\"BreadcrumbList\",\"@id\":\"https:\\\/\\\/purehivehoney.com\\\/de\\\/product\\\/alessi-honey-pot-tw01-design-honey-dispenser-with-honey-spoon-glass-and-stainless-steel\\\/#breadcrumb\",\"itemListElement\":[{\"@type\":\"ListItem\",\"position\":1,\"name\":\"Home\",\"item\":\"https:\\\/\\\/purehivehoney.com\\\/de\\\/\"},{\"@type\":\"ListItem\",\"position\":2,\"name\":\"Shop\",\"item\":\"https:\\\/\\\/purehivehoney.com\\\/de\\\/shop\\\/\"},{\"@type\":\"ListItem\",\"position\":3,\"name\":\"Alessi Honey Pot TW01 Design honey ...\"}]},{\"@type\":\"WebSite\",\"@id\":\"https:\\\/\\\/purehivehoney.com\\\/de\\\/#website\",\"url\":\"https:\\\/\\\/purehivehoney.com\\\/de\\\/\",\"name\":\"PureHiveHoney\",\"description\":\"Reiner Honig &amp; Bienenprodukte Online | Rohhonig, Bio Honig &amp; Spezialhonig\",\"publisher\":{\"@id\":\"https:\\\/\\\/purehivehoney.com\\\/de\\\/#organization\"},\"potentialAction\":[{\"@type\":\"SearchAction\",\"target\":{\"@type\":\"EntryPoint\",\"urlTemplate\":\"https:\\\/\\\/purehivehoney.com\\\/de\\\/?s={search_term_string}\"},\"query-input\":{\"@type\":\"PropertyValueSpecification\",\"valueRequired\":true,\"valueName\":\"search_term_string\"}}],\"inLanguage\":\"de\"},{\"@type\":\"Organization\",\"@id\":\"https:\\\/\\\/purehivehoney.com\\\/de\\\/#organization\",\"name\":\"PureHiveHoney\",\"url\":\"https:\\\/\\\/purehivehoney.com\\\/de\\\/\",\"logo\":{\"@type\":\"ImageObject\",\"inLanguage\":\"de\",\"@id\":\"https:\\\/\\\/purehivehoney.com\\\/de\\\/#\\\/schema\\\/logo\\\/image\\\/\",\"url\":\"https:\\\/\\\/purehivehoney.com\\\/de\\\/wp-content\\\/uploads\\\/2026\\\/03\\\/Screenshot-2026-03-16-at-1.06.01-AM.png\",\"contentUrl\":\"https:\\\/\\\/purehivehoney.com\\\/de\\\/wp-content\\\/uploads\\\/2026\\\/03\\\/Screenshot-2026-03-16-at-1.06.01-AM.png\",\"width\":2112,\"height\":1086,\"caption\":\"PureHiveHoney\"},\"image\":{\"@id\":\"https:\\\/\\\/purehivehoney.com\\\/de\\\/#\\\/schema\\\/logo\\\/image\\\/\"}}]}<\/script>\n<!-- \/ Yoast SEO plugin. -->","yoast_head_json":{"title":"Alessi Honey Pot TW01 Design honey dispenser with honey spoon, glass and stainless steel - PureHiveHoney","description":"Entdecken Sie hochwertigen Rohhonig, Bio Honig, Manuka Honig und nat\u00fcrliche Bienenprodukte. PureHiveHoney hilft Ihnen dabei, sorgf\u00e4ltig ausgew\u00e4hlte Honigsorten mit nat\u00fcrlicher Qualit\u00e4t und Reinheit zu entdecken.","robots":{"index":"index","follow":"follow","max-snippet":"max-snippet:-1","max-image-preview":"max-image-preview:large","max-video-preview":"max-video-preview:-1"},"canonical":"https:\/\/purehivehoney.com\/de\/product\/alessi-honey-pot-tw01-design-honey-dispenser-with-honey-spoon-glass-and-stainless-steel\/","og_locale":"de_DE","og_type":"article","og_title":"Alessi Honey Pot TW01 Design honey dispenser with honey spoon, glass and stainless steel - PureHiveHoney","og_description":"Entdecken Sie hochwertigen Rohhonig, Bio Honig, Manuka Honig und nat\u00fcrliche Bienenprodukte. PureHiveHoney hilft Ihnen dabei, sorgf\u00e4ltig ausgew\u00e4hlte Honigsorten mit nat\u00fcrlicher Qualit\u00e4t und Reinheit zu entdecken.","og_url":"https:\/\/purehivehoney.com\/de\/product\/alessi-honey-pot-tw01-design-honey-dispenser-with-honey-spoon-glass-and-stainless-steel\/","og_site_name":"PureHiveHoney","article_modified_time":"2026-03-16T05:12:10+00:00","og_image":[{"url":"https:\/\/images-na.ssl-images-amazon.com\/images\/G\/01\/x-locale\/common\/grey-pixel.gif","type":"","width":"","height":""}],"twitter_card":"summary_large_image","twitter_misc":{"Gesch\u00e4tzte Lesezeit":"2\u00a0Minuten"},"schema":{"@context":"https:\/\/schema.org","@graph":[{"@type":"WebPage","@id":"https:\/\/purehivehoney.com\/de\/product\/alessi-honey-pot-tw01-design-honey-dispenser-with-honey-spoon-glass-and-stainless-steel\/","url":"https:\/\/purehivehoney.com\/de\/product\/alessi-honey-pot-tw01-design-honey-dispenser-with-honey-spoon-glass-and-stainless-steel\/","name":"Alessi Honey Pot TW01 Design honey dispenser with honey spoon, glass and stainless steel - PureHiveHoney","isPartOf":{"@id":"https:\/\/purehivehoney.com\/de\/#website"},"primaryImageOfPage":{"@id":"https:\/\/purehivehoney.com\/de\/product\/alessi-honey-pot-tw01-design-honey-dispenser-with-honey-spoon-glass-and-stainless-steel\/#primaryimage"},"image":{"@id":"https:\/\/purehivehoney.com\/de\/product\/alessi-honey-pot-tw01-design-honey-dispenser-with-honey-spoon-glass-and-stainless-steel\/#primaryimage"},"thumbnailUrl":"https:\/\/purehivehoney.com\/de\/wp-content\/uploads\/2026\/03\/61-RadxlVjL._AC_SL1500_.jpg","datePublished":"2026-03-16T05:12:00+00:00","dateModified":"2026-03-16T05:12:10+00:00","description":"Entdecken Sie hochwertigen Rohhonig, Bio Honig, Manuka Honig und nat\u00fcrliche Bienenprodukte. PureHiveHoney hilft Ihnen dabei, sorgf\u00e4ltig ausgew\u00e4hlte Honigsorten mit nat\u00fcrlicher Qualit\u00e4t und Reinheit zu entdecken.","breadcrumb":{"@id":"https:\/\/purehivehoney.com\/de\/product\/alessi-honey-pot-tw01-design-honey-dispenser-with-honey-spoon-glass-and-stainless-steel\/#breadcrumb"},"inLanguage":"de","potentialAction":[{"@type":"ReadAction","target":["https:\/\/purehivehoney.com\/de\/product\/alessi-honey-pot-tw01-design-honey-dispenser-with-honey-spoon-glass-and-stainless-steel\/"]}]},{"@type":"ImageObject","inLanguage":"de","@id":"https:\/\/purehivehoney.com\/de\/product\/alessi-honey-pot-tw01-design-honey-dispenser-with-honey-spoon-glass-and-stainless-steel\/#primaryimage","url":"https:\/\/purehivehoney.com\/de\/wp-content\/uploads\/2026\/03\/61-RadxlVjL._AC_SL1500_.jpg","contentUrl":"https:\/\/purehivehoney.com\/de\/wp-content\/uploads\/2026\/03\/61-RadxlVjL._AC_SL1500_.jpg","width":653,"height":1442},{"@type":"BreadcrumbList","@id":"https:\/\/purehivehoney.com\/de\/product\/alessi-honey-pot-tw01-design-honey-dispenser-with-honey-spoon-glass-and-stainless-steel\/#breadcrumb","itemListElement":[{"@type":"ListItem","position":1,"name":"Home","item":"https:\/\/purehivehoney.com\/de\/"},{"@type":"ListItem","position":2,"name":"Shop","item":"https:\/\/purehivehoney.com\/de\/shop\/"},{"@type":"ListItem","position":3,"name":"Alessi Honey Pot TW01 Design honey ..."}]},{"@type":"WebSite","@id":"https:\/\/purehivehoney.com\/de\/#website","url":"https:\/\/purehivehoney.com\/de\/","name":"PureHiveHoney","description":"Reiner Honig &amp; Bienenprodukte Online | Rohhonig, Bio Honig &amp; Spezialhonig","publisher":{"@id":"https:\/\/purehivehoney.com\/de\/#organization"},"potentialAction":[{"@type":"SearchAction","target":{"@type":"EntryPoint","urlTemplate":"https:\/\/purehivehoney.com\/de\/?s={search_term_string}"},"query-input":{"@type":"PropertyValueSpecification","valueRequired":true,"valueName":"search_term_string"}}],"inLanguage":"de"},{"@type":"Organization","@id":"https:\/\/purehivehoney.com\/de\/#organization","name":"PureHiveHoney","url":"https:\/\/purehivehoney.com\/de\/","logo":{"@type":"ImageObject","inLanguage":"de","@id":"https:\/\/purehivehoney.com\/de\/#\/schema\/logo\/image\/","url":"https:\/\/purehivehoney.com\/de\/wp-content\/uploads\/2026\/03\/Screenshot-2026-03-16-at-1.06.01-AM.png","contentUrl":"https:\/\/purehivehoney.com\/de\/wp-content\/uploads\/2026\/03\/Screenshot-2026-03-16-at-1.06.01-AM.png","width":2112,"height":1086,"caption":"PureHiveHoney"},"image":{"@id":"https:\/\/purehivehoney.com\/de\/#\/schema\/logo\/image\/"}}]}},"_links":{"self":[{"href":"https:\/\/purehivehoney.com\/de\/wp-json\/wp\/v2\/product\/750","targetHints":{"allow":["GET"]}}],"collection":[{"href":"https:\/\/purehivehoney.com\/de\/wp-json\/wp\/v2\/product"}],"about":[{"href":"https:\/\/purehivehoney.com\/de\/wp-json\/wp\/v2\/types\/product"}],"replies":[{"embeddable":true,"href":"https:\/\/purehivehoney.com\/de\/wp-json\/wp\/v2\/comments?post=750"}],"wp:featuredmedia":[{"embeddable":true,"href":"https:\/\/purehivehoney.com\/de\/wp-json\/wp\/v2\/media\/751"}],"wp:attachment":[{"href":"https:\/\/purehivehoney.com\/de\/wp-json\/wp\/v2\/media?parent=750"}],"wp:term":[{"taxonomy":"store","embeddable":true,"href":"https:\/\/purehivehoney.com\/de\/wp-json\/wp\/v2\/store?post=750"},{"taxonomy":"product_brand","embeddable":true,"href":"https:\/\/purehivehoney.com\/de\/wp-json\/wp\/v2\/product_brand?post=750"},{"taxonomy":"product_cat","embeddable":true,"href":"https:\/\/purehivehoney.com\/de\/wp-json\/wp\/v2\/product_cat?post=750"},{"taxonomy":"product_tag","embeddable":true,"href":"https:\/\/purehivehoney.com\/de\/wp-json\/wp\/v2\/product_tag?post=750"}],"curies":[{"name":"wp","href":"https:\/\/api.w.org\/{rel}","templated":true}]}}