{"id":741,"date":"2026-03-16T05:03:27","date_gmt":"2026-03-16T05:03:27","guid":{"rendered":"https:\/\/purehivehoney.com\/de\/product\/honey-gauze-wound-dressing-manuka-honey-wound-care-medical-honey-bandages-for-wound-care-honey-plasters-for-faster-healing-of-burns-abrasions-cuts-and\/"},"modified":"2026-03-16T05:03:40","modified_gmt":"2026-03-16T05:03:40","slug":"honey-gauze-wound-dressing-manuka-honey-wound-care-medical-honey-bandages-for-wound-care-honey-plasters-for-faster-healing-of-burns-abrasions-cuts-and","status":"publish","type":"product","link":"https:\/\/purehivehoney.com\/de\/product\/honey-gauze-wound-dressing-manuka-honey-wound-care-medical-honey-bandages-for-wound-care-honey-plasters-for-faster-healing-of-burns-abrasions-cuts-and\/","title":{"rendered":"Honey Gauze Wound Dressing, Manuka ..."},"content":{"rendered":"<p>    <span>Ceeport Honey Gauze Wound Dressing, Manuka Honey Wound Care Medical Honey Bandages for Wound Care, Honey Plasters for Faster Healing of Burns, Abrasions, Cuts and Scalds &#8211; Pack of 10<\/span>    <br \/> Package Dimensions                                            \u200f                                            :                                            \u200e                                            15.49 x 14.6 x 1.7 cm; 109 g   <br \/> Manufacturer                                            \u200f                                            :                                            \u200e                                            Ceeport   <br \/> ASIN                                            \u200f                                            :                                            \u200e                                            B0BY8FCS2S   <br \/> Manufacturer reference                                            \u200f                                            :                                            \u200e                                            HGD-C10x10-10pcs   <br \/>  Customer reviews:                                                                                            4.5               4.5 out of 5 stars                                  (205)                                              var dpAcrHasRegisteredArcLinkClickAction;                    P.when(&#8218;A&#8216;, &#8218;ready&#8216;).execute(function(A) {                        if (dpAcrHasRegisteredArcLinkClickAction !== true) {                            dpAcrHasRegisteredArcLinkClickAction = true;                            A.declarative(                                &#8218;acrLink-click-metrics&#8216;, &#8218;click&#8216;,                                { &#8222;allowLinkDefault&#8220;: true },                                function (event) {                                    if (window.ue) {                                        ue.count(&#8222;acrLinkClickCount&#8220;, (ue.count(&#8222;acrLinkClickCount&#8220;) || 0) + 1);                                    }                                }                            );                        }                    });                                             P.when(&#8218;A&#8216;, &#8218;cf&#8216;).execute(function(A) {                A.declarative(&#8218;acrStarsLink-click-metrics&#8216;, &#8218;click&#8216;, { &#8222;allowLinkDefault&#8220; : true },  function(event){                    if(window.ue) {                        ue.count(&#8222;acrStarsLinkWithPopoverClickCount&#8220;, (ue.count(&#8222;acrStarsLinkWithPopoverClickCount&#8220;) || 0) + 1);                    }                });            });                          <br \/>Manuka Honey Wound Care &#8211; Made from natural Manuka honey from New Zealand and textile gauze. The honey dressing with an optimal volume of medical manuka honey for effective wound treatment. Manuka Honey Pad is a natural and safe wound treatment product that contains no chemicals and is skin-friendly.<br \/>PROMOTES HEALING Manuka honey wound care is designed to protect a wound, create a moist healing environment to soothe dehydrated or dry wounds and form a barrier that effectively reduces or eliminates wound odor.<br \/>COMFORTABLE &#038; PAIN FREE REMOVAL The Manuka honey wraps can gently touch the skin and reduce patients&#8216; discomfort. The wet condition can prevent the Manuka honey patches from sticking to the wound, so it does not cause new pain. Manuka Honey dressing must be fixed with bandages or tape.<br \/>Wide Application The medical guaze pads can be cut freely to the size of the wound. Suitable for covering damaged wounds on the body surface, including post-operative wounds, trauma wounds, diabetic foot ulcers, leg ulcers, pressure ulcers, minor burns and other minor trauma.<br \/>INDIVIDUALLY PACKAGED Each medical bandage measures 4 x 4 inches, 10 pieces per box, each in an individual packaging for convenient and hygienic use. If the package is damaged or opened, please do not use and have any questions about the Manuka honey dressing or need a certificate of Manuka honey, please feel free to contact us.<\/p>\n\n","protected":false},"excerpt":{"rendered":"<p>Ceeport Honey Gauze Wound Dressing, Manuka Honey Wound Care Medical Honey Bandages for Wound Care, Honey Plasters for Faster Healing of Burns, Abrasions, Cuts and Scalds &#8211; Pack of 10 Package Dimensions \u200f : \u200e 15.49 x 14.6 x 1.7 cm; 109 g Manufacturer \u200f : \u200e Ceeport ASIN \u200f : \u200e B0BY8FCS2S Manufacturer reference [&hellip;]<\/p>\n","protected":false},"featured_media":742,"comment_status":"open","ping_status":"closed","template":"","meta":{"_aipt_faq_data":""},"store":[],"product_brand":[220],"product_cat":[45],"product_tag":[219],"class_list":{"0":"post-741","1":"product","2":"type-product","3":"status-publish","4":"has-post-thumbnail","6":"product_brand-ceeport","7":"product_cat-manuka-honig","8":"product_tag-manuka-honig-zur-wundheilung","10":"first","11":"instock","12":"shipping-taxable","13":"product-type-external"},"yoast_head":"<!-- This site is optimized with the Yoast SEO plugin v27.4 - https:\/\/yoast.com\/product\/yoast-seo-wordpress\/ -->\n<title>Honey Gauze Wound Dressing, Manuka Honey Wound Care Medical Honey Bandages for Wound Care, Honey Plasters for Faster Healing of Burns, Abrasions, Cuts and - PureHiveHoney<\/title>\n<meta name=\"description\" content=\"Entdecken Sie hochwertigen Rohhonig, Bio Honig, Manuka Honig und nat\u00fcrliche Bienenprodukte. PureHiveHoney hilft Ihnen dabei, sorgf\u00e4ltig ausgew\u00e4hlte Honigsorten mit nat\u00fcrlicher Qualit\u00e4t und Reinheit zu entdecken.\" \/>\n<meta name=\"robots\" content=\"index, follow, max-snippet:-1, max-image-preview:large, max-video-preview:-1\" \/>\n<link rel=\"canonical\" href=\"https:\/\/purehivehoney.com\/de\/product\/honey-gauze-wound-dressing-manuka-honey-wound-care-medical-honey-bandages-for-wound-care-honey-plasters-for-faster-healing-of-burns-abrasions-cuts-and\/\" \/>\n<meta property=\"og:locale\" content=\"de_DE\" \/>\n<meta property=\"og:type\" content=\"article\" \/>\n<meta property=\"og:title\" content=\"Honey Gauze Wound Dressing, Manuka Honey Wound Care Medical Honey Bandages for Wound Care, Honey Plasters for Faster Healing of Burns, Abrasions, Cuts and - PureHiveHoney\" \/>\n<meta property=\"og:description\" content=\"Entdecken Sie hochwertigen Rohhonig, Bio Honig, Manuka Honig und nat\u00fcrliche Bienenprodukte. PureHiveHoney hilft Ihnen dabei, sorgf\u00e4ltig ausgew\u00e4hlte Honigsorten mit nat\u00fcrlicher Qualit\u00e4t und Reinheit zu entdecken.\" \/>\n<meta property=\"og:url\" content=\"https:\/\/purehivehoney.com\/de\/product\/honey-gauze-wound-dressing-manuka-honey-wound-care-medical-honey-bandages-for-wound-care-honey-plasters-for-faster-healing-of-burns-abrasions-cuts-and\/\" \/>\n<meta property=\"og:site_name\" content=\"PureHiveHoney\" \/>\n<meta property=\"article:modified_time\" content=\"2026-03-16T05:03:40+00:00\" \/>\n<meta name=\"twitter:card\" content=\"summary_large_image\" \/>\n<meta name=\"twitter:label1\" content=\"Gesch\u00e4tzte Lesezeit\" \/>\n\t<meta name=\"twitter:data1\" content=\"2\u00a0Minuten\" \/>\n<script type=\"application\/ld+json\" class=\"yoast-schema-graph\">{\"@context\":\"https:\\\/\\\/schema.org\",\"@graph\":[{\"@type\":\"WebPage\",\"@id\":\"https:\\\/\\\/purehivehoney.com\\\/de\\\/product\\\/honey-gauze-wound-dressing-manuka-honey-wound-care-medical-honey-bandages-for-wound-care-honey-plasters-for-faster-healing-of-burns-abrasions-cuts-and\\\/\",\"url\":\"https:\\\/\\\/purehivehoney.com\\\/de\\\/product\\\/honey-gauze-wound-dressing-manuka-honey-wound-care-medical-honey-bandages-for-wound-care-honey-plasters-for-faster-healing-of-burns-abrasions-cuts-and\\\/\",\"name\":\"Honey Gauze Wound Dressing, Manuka Honey Wound Care Medical Honey Bandages for Wound Care, Honey Plasters for Faster Healing of Burns, Abrasions, Cuts and - PureHiveHoney\",\"isPartOf\":{\"@id\":\"https:\\\/\\\/purehivehoney.com\\\/de\\\/#website\"},\"primaryImageOfPage\":{\"@id\":\"https:\\\/\\\/purehivehoney.com\\\/de\\\/product\\\/honey-gauze-wound-dressing-manuka-honey-wound-care-medical-honey-bandages-for-wound-care-honey-plasters-for-faster-healing-of-burns-abrasions-cuts-and\\\/#primaryimage\"},\"image\":{\"@id\":\"https:\\\/\\\/purehivehoney.com\\\/de\\\/product\\\/honey-gauze-wound-dressing-manuka-honey-wound-care-medical-honey-bandages-for-wound-care-honey-plasters-for-faster-healing-of-burns-abrasions-cuts-and\\\/#primaryimage\"},\"thumbnailUrl\":\"https:\\\/\\\/purehivehoney.com\\\/de\\\/wp-content\\\/uploads\\\/2026\\\/03\\\/71yLGJ2rtdL._AC_SL1500_.jpg\",\"datePublished\":\"2026-03-16T05:03:27+00:00\",\"dateModified\":\"2026-03-16T05:03:40+00:00\",\"description\":\"Entdecken Sie hochwertigen Rohhonig, Bio Honig, Manuka Honig und nat\u00fcrliche Bienenprodukte. PureHiveHoney hilft Ihnen dabei, sorgf\u00e4ltig ausgew\u00e4hlte Honigsorten mit nat\u00fcrlicher Qualit\u00e4t und Reinheit zu entdecken.\",\"breadcrumb\":{\"@id\":\"https:\\\/\\\/purehivehoney.com\\\/de\\\/product\\\/honey-gauze-wound-dressing-manuka-honey-wound-care-medical-honey-bandages-for-wound-care-honey-plasters-for-faster-healing-of-burns-abrasions-cuts-and\\\/#breadcrumb\"},\"inLanguage\":\"de\",\"potentialAction\":[{\"@type\":\"ReadAction\",\"target\":[\"https:\\\/\\\/purehivehoney.com\\\/de\\\/product\\\/honey-gauze-wound-dressing-manuka-honey-wound-care-medical-honey-bandages-for-wound-care-honey-plasters-for-faster-healing-of-burns-abrasions-cuts-and\\\/\"]}]},{\"@type\":\"ImageObject\",\"inLanguage\":\"de\",\"@id\":\"https:\\\/\\\/purehivehoney.com\\\/de\\\/product\\\/honey-gauze-wound-dressing-manuka-honey-wound-care-medical-honey-bandages-for-wound-care-honey-plasters-for-faster-healing-of-burns-abrasions-cuts-and\\\/#primaryimage\",\"url\":\"https:\\\/\\\/purehivehoney.com\\\/de\\\/wp-content\\\/uploads\\\/2026\\\/03\\\/71yLGJ2rtdL._AC_SL1500_.jpg\",\"contentUrl\":\"https:\\\/\\\/purehivehoney.com\\\/de\\\/wp-content\\\/uploads\\\/2026\\\/03\\\/71yLGJ2rtdL._AC_SL1500_.jpg\",\"width\":1496,\"height\":1500},{\"@type\":\"BreadcrumbList\",\"@id\":\"https:\\\/\\\/purehivehoney.com\\\/de\\\/product\\\/honey-gauze-wound-dressing-manuka-honey-wound-care-medical-honey-bandages-for-wound-care-honey-plasters-for-faster-healing-of-burns-abrasions-cuts-and\\\/#breadcrumb\",\"itemListElement\":[{\"@type\":\"ListItem\",\"position\":1,\"name\":\"Home\",\"item\":\"https:\\\/\\\/purehivehoney.com\\\/de\\\/\"},{\"@type\":\"ListItem\",\"position\":2,\"name\":\"Shop\",\"item\":\"https:\\\/\\\/purehivehoney.com\\\/de\\\/shop\\\/\"},{\"@type\":\"ListItem\",\"position\":3,\"name\":\"Honey Gauze Wound Dressing, Manuka ...\"}]},{\"@type\":\"WebSite\",\"@id\":\"https:\\\/\\\/purehivehoney.com\\\/de\\\/#website\",\"url\":\"https:\\\/\\\/purehivehoney.com\\\/de\\\/\",\"name\":\"PureHiveHoney\",\"description\":\"Reiner Honig &amp; Bienenprodukte Online | Rohhonig, Bio Honig &amp; Spezialhonig\",\"publisher\":{\"@id\":\"https:\\\/\\\/purehivehoney.com\\\/de\\\/#organization\"},\"potentialAction\":[{\"@type\":\"SearchAction\",\"target\":{\"@type\":\"EntryPoint\",\"urlTemplate\":\"https:\\\/\\\/purehivehoney.com\\\/de\\\/?s={search_term_string}\"},\"query-input\":{\"@type\":\"PropertyValueSpecification\",\"valueRequired\":true,\"valueName\":\"search_term_string\"}}],\"inLanguage\":\"de\"},{\"@type\":\"Organization\",\"@id\":\"https:\\\/\\\/purehivehoney.com\\\/de\\\/#organization\",\"name\":\"PureHiveHoney\",\"url\":\"https:\\\/\\\/purehivehoney.com\\\/de\\\/\",\"logo\":{\"@type\":\"ImageObject\",\"inLanguage\":\"de\",\"@id\":\"https:\\\/\\\/purehivehoney.com\\\/de\\\/#\\\/schema\\\/logo\\\/image\\\/\",\"url\":\"https:\\\/\\\/purehivehoney.com\\\/de\\\/wp-content\\\/uploads\\\/2026\\\/03\\\/Screenshot-2026-03-16-at-1.06.01-AM.png\",\"contentUrl\":\"https:\\\/\\\/purehivehoney.com\\\/de\\\/wp-content\\\/uploads\\\/2026\\\/03\\\/Screenshot-2026-03-16-at-1.06.01-AM.png\",\"width\":2112,\"height\":1086,\"caption\":\"PureHiveHoney\"},\"image\":{\"@id\":\"https:\\\/\\\/purehivehoney.com\\\/de\\\/#\\\/schema\\\/logo\\\/image\\\/\"}}]}<\/script>\n<!-- \/ Yoast SEO plugin. -->","yoast_head_json":{"title":"Honey Gauze Wound Dressing, Manuka Honey Wound Care Medical Honey Bandages for Wound Care, Honey Plasters for Faster Healing of Burns, Abrasions, Cuts and - PureHiveHoney","description":"Entdecken Sie hochwertigen Rohhonig, Bio Honig, Manuka Honig und nat\u00fcrliche Bienenprodukte. PureHiveHoney hilft Ihnen dabei, sorgf\u00e4ltig ausgew\u00e4hlte Honigsorten mit nat\u00fcrlicher Qualit\u00e4t und Reinheit zu entdecken.","robots":{"index":"index","follow":"follow","max-snippet":"max-snippet:-1","max-image-preview":"max-image-preview:large","max-video-preview":"max-video-preview:-1"},"canonical":"https:\/\/purehivehoney.com\/de\/product\/honey-gauze-wound-dressing-manuka-honey-wound-care-medical-honey-bandages-for-wound-care-honey-plasters-for-faster-healing-of-burns-abrasions-cuts-and\/","og_locale":"de_DE","og_type":"article","og_title":"Honey Gauze Wound Dressing, Manuka Honey Wound Care Medical Honey Bandages for Wound Care, Honey Plasters for Faster Healing of Burns, Abrasions, Cuts and - PureHiveHoney","og_description":"Entdecken Sie hochwertigen Rohhonig, Bio Honig, Manuka Honig und nat\u00fcrliche Bienenprodukte. PureHiveHoney hilft Ihnen dabei, sorgf\u00e4ltig ausgew\u00e4hlte Honigsorten mit nat\u00fcrlicher Qualit\u00e4t und Reinheit zu entdecken.","og_url":"https:\/\/purehivehoney.com\/de\/product\/honey-gauze-wound-dressing-manuka-honey-wound-care-medical-honey-bandages-for-wound-care-honey-plasters-for-faster-healing-of-burns-abrasions-cuts-and\/","og_site_name":"PureHiveHoney","article_modified_time":"2026-03-16T05:03:40+00:00","twitter_card":"summary_large_image","twitter_misc":{"Gesch\u00e4tzte Lesezeit":"2\u00a0Minuten"},"schema":{"@context":"https:\/\/schema.org","@graph":[{"@type":"WebPage","@id":"https:\/\/purehivehoney.com\/de\/product\/honey-gauze-wound-dressing-manuka-honey-wound-care-medical-honey-bandages-for-wound-care-honey-plasters-for-faster-healing-of-burns-abrasions-cuts-and\/","url":"https:\/\/purehivehoney.com\/de\/product\/honey-gauze-wound-dressing-manuka-honey-wound-care-medical-honey-bandages-for-wound-care-honey-plasters-for-faster-healing-of-burns-abrasions-cuts-and\/","name":"Honey Gauze Wound Dressing, Manuka Honey Wound Care Medical Honey Bandages for Wound Care, Honey Plasters for Faster Healing of Burns, Abrasions, Cuts and - PureHiveHoney","isPartOf":{"@id":"https:\/\/purehivehoney.com\/de\/#website"},"primaryImageOfPage":{"@id":"https:\/\/purehivehoney.com\/de\/product\/honey-gauze-wound-dressing-manuka-honey-wound-care-medical-honey-bandages-for-wound-care-honey-plasters-for-faster-healing-of-burns-abrasions-cuts-and\/#primaryimage"},"image":{"@id":"https:\/\/purehivehoney.com\/de\/product\/honey-gauze-wound-dressing-manuka-honey-wound-care-medical-honey-bandages-for-wound-care-honey-plasters-for-faster-healing-of-burns-abrasions-cuts-and\/#primaryimage"},"thumbnailUrl":"https:\/\/purehivehoney.com\/de\/wp-content\/uploads\/2026\/03\/71yLGJ2rtdL._AC_SL1500_.jpg","datePublished":"2026-03-16T05:03:27+00:00","dateModified":"2026-03-16T05:03:40+00:00","description":"Entdecken Sie hochwertigen Rohhonig, Bio Honig, Manuka Honig und nat\u00fcrliche Bienenprodukte. PureHiveHoney hilft Ihnen dabei, sorgf\u00e4ltig ausgew\u00e4hlte Honigsorten mit nat\u00fcrlicher Qualit\u00e4t und Reinheit zu entdecken.","breadcrumb":{"@id":"https:\/\/purehivehoney.com\/de\/product\/honey-gauze-wound-dressing-manuka-honey-wound-care-medical-honey-bandages-for-wound-care-honey-plasters-for-faster-healing-of-burns-abrasions-cuts-and\/#breadcrumb"},"inLanguage":"de","potentialAction":[{"@type":"ReadAction","target":["https:\/\/purehivehoney.com\/de\/product\/honey-gauze-wound-dressing-manuka-honey-wound-care-medical-honey-bandages-for-wound-care-honey-plasters-for-faster-healing-of-burns-abrasions-cuts-and\/"]}]},{"@type":"ImageObject","inLanguage":"de","@id":"https:\/\/purehivehoney.com\/de\/product\/honey-gauze-wound-dressing-manuka-honey-wound-care-medical-honey-bandages-for-wound-care-honey-plasters-for-faster-healing-of-burns-abrasions-cuts-and\/#primaryimage","url":"https:\/\/purehivehoney.com\/de\/wp-content\/uploads\/2026\/03\/71yLGJ2rtdL._AC_SL1500_.jpg","contentUrl":"https:\/\/purehivehoney.com\/de\/wp-content\/uploads\/2026\/03\/71yLGJ2rtdL._AC_SL1500_.jpg","width":1496,"height":1500},{"@type":"BreadcrumbList","@id":"https:\/\/purehivehoney.com\/de\/product\/honey-gauze-wound-dressing-manuka-honey-wound-care-medical-honey-bandages-for-wound-care-honey-plasters-for-faster-healing-of-burns-abrasions-cuts-and\/#breadcrumb","itemListElement":[{"@type":"ListItem","position":1,"name":"Home","item":"https:\/\/purehivehoney.com\/de\/"},{"@type":"ListItem","position":2,"name":"Shop","item":"https:\/\/purehivehoney.com\/de\/shop\/"},{"@type":"ListItem","position":3,"name":"Honey Gauze Wound Dressing, Manuka ..."}]},{"@type":"WebSite","@id":"https:\/\/purehivehoney.com\/de\/#website","url":"https:\/\/purehivehoney.com\/de\/","name":"PureHiveHoney","description":"Reiner Honig &amp; Bienenprodukte Online | Rohhonig, Bio Honig &amp; Spezialhonig","publisher":{"@id":"https:\/\/purehivehoney.com\/de\/#organization"},"potentialAction":[{"@type":"SearchAction","target":{"@type":"EntryPoint","urlTemplate":"https:\/\/purehivehoney.com\/de\/?s={search_term_string}"},"query-input":{"@type":"PropertyValueSpecification","valueRequired":true,"valueName":"search_term_string"}}],"inLanguage":"de"},{"@type":"Organization","@id":"https:\/\/purehivehoney.com\/de\/#organization","name":"PureHiveHoney","url":"https:\/\/purehivehoney.com\/de\/","logo":{"@type":"ImageObject","inLanguage":"de","@id":"https:\/\/purehivehoney.com\/de\/#\/schema\/logo\/image\/","url":"https:\/\/purehivehoney.com\/de\/wp-content\/uploads\/2026\/03\/Screenshot-2026-03-16-at-1.06.01-AM.png","contentUrl":"https:\/\/purehivehoney.com\/de\/wp-content\/uploads\/2026\/03\/Screenshot-2026-03-16-at-1.06.01-AM.png","width":2112,"height":1086,"caption":"PureHiveHoney"},"image":{"@id":"https:\/\/purehivehoney.com\/de\/#\/schema\/logo\/image\/"}}]}},"_links":{"self":[{"href":"https:\/\/purehivehoney.com\/de\/wp-json\/wp\/v2\/product\/741","targetHints":{"allow":["GET"]}}],"collection":[{"href":"https:\/\/purehivehoney.com\/de\/wp-json\/wp\/v2\/product"}],"about":[{"href":"https:\/\/purehivehoney.com\/de\/wp-json\/wp\/v2\/types\/product"}],"replies":[{"embeddable":true,"href":"https:\/\/purehivehoney.com\/de\/wp-json\/wp\/v2\/comments?post=741"}],"wp:featuredmedia":[{"embeddable":true,"href":"https:\/\/purehivehoney.com\/de\/wp-json\/wp\/v2\/media\/742"}],"wp:attachment":[{"href":"https:\/\/purehivehoney.com\/de\/wp-json\/wp\/v2\/media?parent=741"}],"wp:term":[{"taxonomy":"store","embeddable":true,"href":"https:\/\/purehivehoney.com\/de\/wp-json\/wp\/v2\/store?post=741"},{"taxonomy":"product_brand","embeddable":true,"href":"https:\/\/purehivehoney.com\/de\/wp-json\/wp\/v2\/product_brand?post=741"},{"taxonomy":"product_cat","embeddable":true,"href":"https:\/\/purehivehoney.com\/de\/wp-json\/wp\/v2\/product_cat?post=741"},{"taxonomy":"product_tag","embeddable":true,"href":"https:\/\/purehivehoney.com\/de\/wp-json\/wp\/v2\/product_tag?post=741"}],"curies":[{"name":"wp","href":"https:\/\/api.w.org\/{rel}","templated":true}]}}