{"id":726,"date":"2026-03-16T04:48:14","date_gmt":"2026-03-16T04:48:14","guid":{"rendered":"https:\/\/purehivehoney.com\/de\/product\/manuka-honig-fuer-anfaenger-anwendung-wirkung-studien-und-rezepte\/"},"modified":"2026-03-16T04:48:17","modified_gmt":"2026-03-16T04:48:17","slug":"manuka-honig-fuer-anfaenger-anwendung-wirkung-studien-und-rezepte","status":"publish","type":"product","link":"https:\/\/purehivehoney.com\/de\/product\/manuka-honig-fuer-anfaenger-anwendung-wirkung-studien-und-rezepte\/","title":{"rendered":"Manuka Honig f\u00fcr Anf\u00e4nger: Anwend..."},"content":{"rendered":"<p>  2. Auflage 27.01.2020: Vollst\u00e4ndig \u00fcberarbeitete NeuausgabeManuka Honig f\u00fcr Anf\u00e4nger<br \/>Perfektes Geschenk f\u00fcr jeden Anlass &#8211; Geburtstag Taufe Weihnachten Kommunion Jahrestag Hochzeit Muttertag Vatertag Ostern Jahrestag und mehr<\/p>\n<p><\/p>\n<h3>Die Kunst der Heilung<\/h3>\n<p>Menschen zu heilen ist eine Kunst, welche praktiziert wird, seit es die Menschheit gibt. Die Mechanismen einer Krankheit zu erkennen und sie mit den passenden Mitteln zu bek\u00e4mpfen hat seit Jahrtausenden nichts von seiner Faszination &#8211; und von seiner Notwendigkeit &#8211; verloren. Auch heute tauchen immer wieder neue Krankheiten auf, f\u00fcr welche die Schulmedizin keinen Namen und die Pharmazie kein Mittel hat. Heute ist die Herangehensweise jedoch g\u00e4nzlich anders, als in der traditionellen Naturmedizin. War es \u00fcber Jahrtausende hinweg der oftmals vergebliche und manchmal sogar grausame &#8222;Versuch und Irrtum&#8220; Ansatz, welcher fr\u00fcher oder sp\u00e4ter zum Erfolg gef\u00fchrt hat, sind die Methoden heute durchweg wissenschaftlich. Ohne eine letzte Testphase kommt zwar auch heute noch kein Medikament aus. Die teilweise abwegigen Ans\u00e4tze aus der Vergangenheit, wie das &#8222;Schr\u00f6pfen&#8220; oder dem &#8222;Aderlass&#8220;, hat man heute aber hinter sich gelassen. <\/p>\n<h3>Das richtige Mittel<\/h3>\n<p>Manuka-Honig ist ein weitestgehend nebenwirkungsfreies Naturheilmittel, welches als Breitband-Antibiotikum und f\u00fcr viele andere Erkrankungen eingesetzt werden kann. Er kann nur auf nat\u00fcrlichem Weg gewonnen werden. Der Einsatz von Pestiziden w\u00fcrde den Honig sofort verderben. Man kann also bei echten Manuka-Honig zu Recht davon ausgehen, dass man seinem K\u00f6rper nur Gutes tut. Ausgenommen sind hierbei lediglich Kleinkinder und Diabetiker. Kinder unter einem Jahr sollten ohnehin keinen Honig zu sich nehmen. Diabetiker k\u00f6nnen durch das Methylglyoxal eine gesteigerte Schmerzempfindlichkeit erhalten. Abgesehen von diesen beiden F\u00e4llen ist Manuka Honig wegen seiner antibiotischen, antiseptischen und immunst\u00e4rkenden Wirkung genau das Mittel, was uns &#8222;zur\u00fcck zur Natur&#8220; bringen kann. Neben der gef\u00fchlten Verbesserung der Lebensqualit\u00e4t f\u00f6rdert die Forschung permanent neue Erkenntnisse zum Manuka Honig zu Tage, die weit reichende Hoffnungen wecken k\u00f6nnen. Es bleibt also spannend rund um den Manuka Honig.<\/p>\n<h3>Das alles kannst du von diesem Buch erwarten<\/h3>\n<p>Woher kommt der Manuka Honig?<br \/>Manuka Honig kaufenWie gesundheitsf\u00f6rderlich allein die Vitamine im Manuka Honig wirken!<br \/>Erfahrungsberichte \u00fcber die Anwendung von Manuka Honig bei MenschenManuka Honig und seine Anwendung bei Tieren<br \/>Manuka Honig StudienWeitere spannende Themen<\/p>\n<p>Klicke jetzt auf den Einkaufswagen am Anfang der Seite um dieses Buch sofort auf deinem PC, Mac, Kindle, Handy oder Tablet zu lesen.<\/p>\n<p> <br \/>\n                                             From the Publisher   <\/p>\n<p>                                                  <img decoding=\"async\" alt=\"natur wald \" src=\"https:\/\/images-na.ssl-images-amazon.com\/images\/G\/01\/x-locale\/common\/grey-pixel.gif\" class=\"a-lazy-loaded\" data-src=\"https:\/\/m.media-amazon.com\/images\/S\/aplus-media\/vc\/7649a2fa-5a6d-42c5-a762-552ceaf55ff1.__CR0,357,1920,594_PT0_SX970_V1___.jpg\"><img decoding=\"async\" alt=\"natur wald \" src=\"https:\/\/m.media-amazon.com\/images\/S\/aplus-media\/vc\/7649a2fa-5a6d-42c5-a762-552ceaf55ff1.__CR0,357,1920,594_PT0_SX970_V1___.jpg\">  <\/p>\n<h3> 2. Auflage: Vollst\u00e4ndig \u00fcberarbeitete Neuausgabe <\/h3>\n<p>                                                      <img decoding=\"async\" alt=\"manuka honig\" src=\"https:\/\/images-na.ssl-images-amazon.com\/images\/G\/01\/x-locale\/common\/grey-pixel.gif\" class=\"a-spacing-mini a-lazy-loaded\" data-src=\"https:\/\/m.media-amazon.com\/images\/S\/aplus-media\/vc\/1305db76-cb12-4984-960a-5ae823112e6c.__CR240,0,1440,1440_PT0_SX300_V1___.png\"><img decoding=\"async\" alt=\"manuka honig\" src=\"https:\/\/m.media-amazon.com\/images\/S\/aplus-media\/vc\/1305db76-cb12-4984-960a-5ae823112e6c.__CR240,0,1440,1440_PT0_SX300_V1___.png\">  <\/p>\n<h3 class=\"a-spacing-mini\"> Manuka Honig f\u00fcr Anf\u00e4nger &#8211; Premium Handbuch <\/h3>\n<p>                                           Anwendung Wirkung Studien und Rezepte                                     <\/p>\n<p class=\"a-spacing-base\"> Das richtige Mittel <\/p>\n<p class=\"a-spacing-base\"> Manuka-Honig ist ein weitestgehend nebenwirkungsfreies Naturheilmittel, welches als Breitband-Antibiotikum und f\u00fcr viele andere Erkrankungen eingesetzt werden kann. Er kann nur auf nat\u00fcrlichem Weg gewonnen werden. Der Einsatz von Pestiziden w\u00fcrde den Honig sofort verderben. Man kann also bei echten Manuka-Honig zu Recht davon ausgehen, dass man seinem K\u00f6rper nur Gutes tut. Ausgenommen sind hierbei lediglich Kleinkinder und Diabetiker. Kinder unter einem Jahr sollten ohnehin keinen Honig zu sich nehmen. <\/p>\n<p class=\"a-spacing-base\"> Diabetiker k\u00f6nnen durch das Methylglyoxal eine gesteigerte Schmerzempfindlichkeit erhalten. Abgesehen von diesen beiden F\u00e4llen ist Manuka Honig wegen seiner antibiotischen, antiseptischen und immunst\u00e4rkenden Wirkung genau das Mittel, was uns &#8222;zur\u00fcck zur Natur&#8220; bringen kann. <\/p>\n<p class=\"a-spacing-base\"> Neben der gef\u00fchlten Verbesserung der Lebensqualit\u00e4t f\u00f6rdert die Forschung permanent neue Erkenntnisse zum Manuka Honig zu Tage, die weit reichende Hoffnungen wecken k\u00f6nnen. Es bleibt also spannend rund um den Manuka Honig. <\/p>\n<p>                                                         Das alles kannst du von diesem Buch erwarten                                        Einf\u00fchrung in das Thema Manuka Honig       Studien, Wirkung und Anwendung        Das ideale Produkt finden und kaufen       Risiken und Nebenwirkungen       Weitere Tipps und Tricks       <\/p>\n<p>                         Add To Basket  <\/p>\n<p>                         Add To Basket  <\/p>\n<p>                         Add To Basket  <\/p>\n<p>                         Add To Basket  <\/p>\n<p>                         Add To Basket  <\/p>\n<p>                             Customer Reviews  <\/p>\n<p>                    4.4 out of 5 stars  131  <\/p>\n<p>                    4.2 out of 5 stars  247  <\/p>\n<p>                    4.2 out of 5 stars  7  <\/p>\n<p>                    4.5 out of 5 stars  51  <\/p>\n<p>                    4.4 out of 5 stars  46  <\/p>\n<p>                             Price  <\/p>\n<p>                                    USD\u00a07.18USD7.18                  USD\u00a07.42USD7.42                  USD\u00a07.12USD7.12                  USD\u00a06.84USD6.84                  USD\u00a07.30USD7.30           <\/p>\n<p>                             Verf\u00fcgbare Formate<br \/>\n                                Ebook und Taschenbuch               Ebook und Taschenbuch               Ebook und Taschenbuch               Ebook und Taschenbuch               Ebook und Taschenbuch           <\/p>\n<p>                             Umfang<br \/>\n                                136 Seiten (Printausgabe)               104 Seiten (Printausgabe)               111 Seiten (Printausgabe)               109 Seiten (Printausgabe)               105 Seiten (Printausgabe)           <\/p>\n<p>                                                  <img decoding=\"async\" alt=\"logo\" src=\"https:\/\/images-na.ssl-images-amazon.com\/images\/G\/01\/x-locale\/common\/grey-pixel.gif\" class=\"a-lazy-loaded\" data-src=\"https:\/\/m.media-amazon.com\/images\/S\/aplus-media\/vc\/bfc7bf86-9791-43df-993f-e6d0ff3237fc.__CR0,0,500,500_PT0_SX300_V1___.png\"><img decoding=\"async\" alt=\"logo\" src=\"https:\/\/m.media-amazon.com\/images\/S\/aplus-media\/vc\/bfc7bf86-9791-43df-993f-e6d0ff3237fc.__CR0,0,500,500_PT0_SX300_V1___.png\">  <\/p>\n<h3 class=\"a-spacing-mini\"> Wer sind wir? <\/h3>\n<p> Wir sind ein Autoren-Team, die im engen Kontakt mit Forschungseinrichtungen, Medizinern, H\u00e4ndlern und Anwendern stehen. Mit den wertvollen Informationen aus unserem Netzwerk k\u00f6nnen wir dir stets fundierte Informationen rund um die Heilmittel bieten, die uns die Natur freiwillig anbietet. <\/p>\n<p>                                                  <img decoding=\"async\" alt=\"biene\" src=\"https:\/\/images-na.ssl-images-amazon.com\/images\/G\/01\/x-locale\/common\/grey-pixel.gif\" class=\"a-spacing-mini a-lazy-loaded\" data-src=\"https:\/\/m.media-amazon.com\/images\/S\/aplus-media\/vc\/c0ddd694-8806-4abb-b53a-44fafab91cc0.__CR345,0,1335,1335_PT0_SX300_V1___.jpg\"><img decoding=\"async\" alt=\"biene\" src=\"https:\/\/m.media-amazon.com\/images\/S\/aplus-media\/vc\/c0ddd694-8806-4abb-b53a-44fafab91cc0.__CR345,0,1335,1335_PT0_SX300_V1___.jpg\">  <\/p>\n<p> Wir bieten dir Informationen stets nach einer fundierten Recherche. Wir forschen intensiv nach den neuesten Studien, in denen sich die Naturheilmittel unter strengen Tests bew\u00e4hren mussten. Und wo sich ein angepriesenes Mittel nachweislich als Mummenschanz und Quacksalberei entpuppt hat, lassen wir dich das ebenfalls wissen. <\/p>\n<p> Publisher                                            \u200f                                            :                                            \u200e                                                        Independently published       <br \/> Publication date                                            \u200f                                            :                                            \u200e                                                        27 Sept. 2018       <br \/> Language                                            \u200f                                            :                                            \u200e                                            German   <br \/> Print length                                            \u200f                                            :                                            \u200e                                                        195 pages       <br \/> ISBN-10                                            \u200f                                            :                                            \u200e                                                        1724106880       <br \/> ISBN-13                                            \u200f                                            :                                            \u200e                                                        978-1724106889       <br \/> Dimensions                                            \u200f                                            :                                            \u200e                                                        15.24 x 1.12 x 22.86 cm       <br \/>       Best Sellers Rank:  320,963 in Books (See Top 100 in Books)    956 in Medical Fiction (Books)   7,126 in Fitness &#038; Exercise      <br \/>  Customer reviews:                                                                                            4.5               4.5 out of 5 stars                                  (230)                                              var dpAcrHasRegisteredArcLinkClickAction;                    P.when(&#8218;A&#8216;, &#8218;ready&#8216;).execute(function(A) {                        if (dpAcrHasRegisteredArcLinkClickAction !== true) {                            dpAcrHasRegisteredArcLinkClickAction = true;                            A.declarative(                                &#8218;acrLink-click-metrics&#8216;, &#8218;click&#8216;,                                { &#8222;allowLinkDefault&#8220;: true },                                function (event) {                                    if (window.ue) {                                        ue.count(&#8222;acrLinkClickCount&#8220;, (ue.count(&#8222;acrLinkClickCount&#8220;) || 0) + 1);                                    }                                }                            );                        }                    });                                             P.when(&#8218;A&#8216;, &#8218;cf&#8216;).execute(function(A) {                A.declarative(&#8218;acrStarsLink-click-metrics&#8216;, &#8218;click&#8216;, { &#8222;allowLinkDefault&#8220; : true },  function(event){                    if(window.ue) {                        ue.count(&#8222;acrStarsLinkWithPopoverClickCount&#8220;, (ue.count(&#8222;acrStarsLinkWithPopoverClickCount&#8220;) || 0) + 1);                    }                });            });                          <br \/><\/p>\n","protected":false},"excerpt":{"rendered":"<p>2. Auflage 27.01.2020: Vollst\u00e4ndig \u00fcberarbeitete NeuausgabeManuka Honig f\u00fcr Anf\u00e4ngerPerfektes Geschenk f\u00fcr jeden Anlass &#8211; Geburtstag Taufe Weihnachten Kommunion Jahrestag Hochzeit Muttertag Vatertag Ostern Jahrestag und mehr Die Kunst der Heilung Menschen zu heilen ist eine Kunst, welche praktiziert wird, seit es die Menschheit gibt. Die Mechanismen einer Krankheit zu erkennen und sie mit den passenden [&hellip;]<\/p>\n","protected":false},"featured_media":727,"comment_status":"open","ping_status":"closed","template":"","meta":{"_aipt_faq_data":""},"store":[],"product_brand":[],"product_cat":[57],"product_tag":[174],"class_list":{"0":"post-726","1":"product","2":"type-product","3":"status-publish","4":"has-post-thumbnail","6":"product_cat-honigbutter","7":"product_tag-honigbutter-zum-fruehstueck","9":"first","10":"instock","11":"shipping-taxable","12":"product-type-external"},"yoast_head":"<!-- This site is optimized with the Yoast SEO plugin v27.4 - https:\/\/yoast.com\/product\/yoast-seo-wordpress\/ -->\n<title>Manuka Honig f\u00fcr Anf\u00e4nger: Anwendung Wirkung Studien und Rezepte - PureHiveHoney<\/title>\n<meta name=\"description\" content=\"Entdecken Sie hochwertigen Rohhonig, Bio Honig, Manuka Honig und nat\u00fcrliche Bienenprodukte. PureHiveHoney hilft Ihnen dabei, sorgf\u00e4ltig ausgew\u00e4hlte Honigsorten mit nat\u00fcrlicher Qualit\u00e4t und Reinheit zu entdecken.\" \/>\n<meta name=\"robots\" content=\"index, follow, max-snippet:-1, max-image-preview:large, max-video-preview:-1\" \/>\n<link rel=\"canonical\" href=\"https:\/\/purehivehoney.com\/de\/product\/manuka-honig-fuer-anfaenger-anwendung-wirkung-studien-und-rezepte\/\" \/>\n<meta property=\"og:locale\" content=\"de_DE\" \/>\n<meta property=\"og:type\" content=\"article\" \/>\n<meta property=\"og:title\" content=\"Manuka Honig f\u00fcr Anf\u00e4nger: Anwendung Wirkung Studien und Rezepte - PureHiveHoney\" \/>\n<meta property=\"og:description\" content=\"Entdecken Sie hochwertigen Rohhonig, Bio Honig, Manuka Honig und nat\u00fcrliche Bienenprodukte. PureHiveHoney hilft Ihnen dabei, sorgf\u00e4ltig ausgew\u00e4hlte Honigsorten mit nat\u00fcrlicher Qualit\u00e4t und Reinheit zu entdecken.\" \/>\n<meta property=\"og:url\" content=\"https:\/\/purehivehoney.com\/de\/product\/manuka-honig-fuer-anfaenger-anwendung-wirkung-studien-und-rezepte\/\" \/>\n<meta property=\"og:site_name\" content=\"PureHiveHoney\" \/>\n<meta property=\"article:modified_time\" content=\"2026-03-16T04:48:17+00:00\" \/>\n<meta property=\"og:image\" content=\"https:\/\/images-na.ssl-images-amazon.com\/images\/G\/01\/x-locale\/common\/grey-pixel.gif\" \/>\n<meta name=\"twitter:card\" content=\"summary_large_image\" \/>\n<meta name=\"twitter:label1\" content=\"Gesch\u00e4tzte Lesezeit\" \/>\n\t<meta name=\"twitter:data1\" content=\"4\u00a0Minuten\" \/>\n<script type=\"application\/ld+json\" class=\"yoast-schema-graph\">{\"@context\":\"https:\\\/\\\/schema.org\",\"@graph\":[{\"@type\":\"WebPage\",\"@id\":\"https:\\\/\\\/purehivehoney.com\\\/de\\\/product\\\/manuka-honig-fuer-anfaenger-anwendung-wirkung-studien-und-rezepte\\\/\",\"url\":\"https:\\\/\\\/purehivehoney.com\\\/de\\\/product\\\/manuka-honig-fuer-anfaenger-anwendung-wirkung-studien-und-rezepte\\\/\",\"name\":\"Manuka Honig f\u00fcr Anf\u00e4nger: Anwendung Wirkung Studien und Rezepte - PureHiveHoney\",\"isPartOf\":{\"@id\":\"https:\\\/\\\/purehivehoney.com\\\/de\\\/#website\"},\"primaryImageOfPage\":{\"@id\":\"https:\\\/\\\/purehivehoney.com\\\/de\\\/product\\\/manuka-honig-fuer-anfaenger-anwendung-wirkung-studien-und-rezepte\\\/#primaryimage\"},\"image\":{\"@id\":\"https:\\\/\\\/purehivehoney.com\\\/de\\\/product\\\/manuka-honig-fuer-anfaenger-anwendung-wirkung-studien-und-rezepte\\\/#primaryimage\"},\"thumbnailUrl\":\"https:\\\/\\\/purehivehoney.com\\\/de\\\/wp-content\\\/uploads\\\/2026\\\/03\\\/51-RYRA6bYL.jpg\",\"datePublished\":\"2026-03-16T04:48:14+00:00\",\"dateModified\":\"2026-03-16T04:48:17+00:00\",\"description\":\"Entdecken Sie hochwertigen Rohhonig, Bio Honig, Manuka Honig und nat\u00fcrliche Bienenprodukte. PureHiveHoney hilft Ihnen dabei, sorgf\u00e4ltig ausgew\u00e4hlte Honigsorten mit nat\u00fcrlicher Qualit\u00e4t und Reinheit zu entdecken.\",\"breadcrumb\":{\"@id\":\"https:\\\/\\\/purehivehoney.com\\\/de\\\/product\\\/manuka-honig-fuer-anfaenger-anwendung-wirkung-studien-und-rezepte\\\/#breadcrumb\"},\"inLanguage\":\"de\",\"potentialAction\":[{\"@type\":\"ReadAction\",\"target\":[\"https:\\\/\\\/purehivehoney.com\\\/de\\\/product\\\/manuka-honig-fuer-anfaenger-anwendung-wirkung-studien-und-rezepte\\\/\"]}]},{\"@type\":\"ImageObject\",\"inLanguage\":\"de\",\"@id\":\"https:\\\/\\\/purehivehoney.com\\\/de\\\/product\\\/manuka-honig-fuer-anfaenger-anwendung-wirkung-studien-und-rezepte\\\/#primaryimage\",\"url\":\"https:\\\/\\\/purehivehoney.com\\\/de\\\/wp-content\\\/uploads\\\/2026\\\/03\\\/51-RYRA6bYL.jpg\",\"contentUrl\":\"https:\\\/\\\/purehivehoney.com\\\/de\\\/wp-content\\\/uploads\\\/2026\\\/03\\\/51-RYRA6bYL.jpg\",\"width\":333,\"height\":500},{\"@type\":\"BreadcrumbList\",\"@id\":\"https:\\\/\\\/purehivehoney.com\\\/de\\\/product\\\/manuka-honig-fuer-anfaenger-anwendung-wirkung-studien-und-rezepte\\\/#breadcrumb\",\"itemListElement\":[{\"@type\":\"ListItem\",\"position\":1,\"name\":\"Home\",\"item\":\"https:\\\/\\\/purehivehoney.com\\\/de\\\/\"},{\"@type\":\"ListItem\",\"position\":2,\"name\":\"Shop\",\"item\":\"https:\\\/\\\/purehivehoney.com\\\/de\\\/shop\\\/\"},{\"@type\":\"ListItem\",\"position\":3,\"name\":\"Manuka Honig f\u00fcr Anf\u00e4nger: Anwend...\"}]},{\"@type\":\"WebSite\",\"@id\":\"https:\\\/\\\/purehivehoney.com\\\/de\\\/#website\",\"url\":\"https:\\\/\\\/purehivehoney.com\\\/de\\\/\",\"name\":\"PureHiveHoney\",\"description\":\"Reiner Honig &amp; Bienenprodukte Online | Rohhonig, Bio Honig &amp; Spezialhonig\",\"publisher\":{\"@id\":\"https:\\\/\\\/purehivehoney.com\\\/de\\\/#organization\"},\"potentialAction\":[{\"@type\":\"SearchAction\",\"target\":{\"@type\":\"EntryPoint\",\"urlTemplate\":\"https:\\\/\\\/purehivehoney.com\\\/de\\\/?s={search_term_string}\"},\"query-input\":{\"@type\":\"PropertyValueSpecification\",\"valueRequired\":true,\"valueName\":\"search_term_string\"}}],\"inLanguage\":\"de\"},{\"@type\":\"Organization\",\"@id\":\"https:\\\/\\\/purehivehoney.com\\\/de\\\/#organization\",\"name\":\"PureHiveHoney\",\"url\":\"https:\\\/\\\/purehivehoney.com\\\/de\\\/\",\"logo\":{\"@type\":\"ImageObject\",\"inLanguage\":\"de\",\"@id\":\"https:\\\/\\\/purehivehoney.com\\\/de\\\/#\\\/schema\\\/logo\\\/image\\\/\",\"url\":\"https:\\\/\\\/purehivehoney.com\\\/de\\\/wp-content\\\/uploads\\\/2026\\\/03\\\/Screenshot-2026-03-16-at-1.06.01-AM.png\",\"contentUrl\":\"https:\\\/\\\/purehivehoney.com\\\/de\\\/wp-content\\\/uploads\\\/2026\\\/03\\\/Screenshot-2026-03-16-at-1.06.01-AM.png\",\"width\":2112,\"height\":1086,\"caption\":\"PureHiveHoney\"},\"image\":{\"@id\":\"https:\\\/\\\/purehivehoney.com\\\/de\\\/#\\\/schema\\\/logo\\\/image\\\/\"}}]}<\/script>\n<!-- \/ Yoast SEO plugin. -->","yoast_head_json":{"title":"Manuka Honig f\u00fcr Anf\u00e4nger: Anwendung Wirkung Studien und Rezepte - PureHiveHoney","description":"Entdecken Sie hochwertigen Rohhonig, Bio Honig, Manuka Honig und nat\u00fcrliche Bienenprodukte. PureHiveHoney hilft Ihnen dabei, sorgf\u00e4ltig ausgew\u00e4hlte Honigsorten mit nat\u00fcrlicher Qualit\u00e4t und Reinheit zu entdecken.","robots":{"index":"index","follow":"follow","max-snippet":"max-snippet:-1","max-image-preview":"max-image-preview:large","max-video-preview":"max-video-preview:-1"},"canonical":"https:\/\/purehivehoney.com\/de\/product\/manuka-honig-fuer-anfaenger-anwendung-wirkung-studien-und-rezepte\/","og_locale":"de_DE","og_type":"article","og_title":"Manuka Honig f\u00fcr Anf\u00e4nger: Anwendung Wirkung Studien und Rezepte - PureHiveHoney","og_description":"Entdecken Sie hochwertigen Rohhonig, Bio Honig, Manuka Honig und nat\u00fcrliche Bienenprodukte. PureHiveHoney hilft Ihnen dabei, sorgf\u00e4ltig ausgew\u00e4hlte Honigsorten mit nat\u00fcrlicher Qualit\u00e4t und Reinheit zu entdecken.","og_url":"https:\/\/purehivehoney.com\/de\/product\/manuka-honig-fuer-anfaenger-anwendung-wirkung-studien-und-rezepte\/","og_site_name":"PureHiveHoney","article_modified_time":"2026-03-16T04:48:17+00:00","og_image":[{"url":"https:\/\/images-na.ssl-images-amazon.com\/images\/G\/01\/x-locale\/common\/grey-pixel.gif","type":"","width":"","height":""}],"twitter_card":"summary_large_image","twitter_misc":{"Gesch\u00e4tzte Lesezeit":"4\u00a0Minuten"},"schema":{"@context":"https:\/\/schema.org","@graph":[{"@type":"WebPage","@id":"https:\/\/purehivehoney.com\/de\/product\/manuka-honig-fuer-anfaenger-anwendung-wirkung-studien-und-rezepte\/","url":"https:\/\/purehivehoney.com\/de\/product\/manuka-honig-fuer-anfaenger-anwendung-wirkung-studien-und-rezepte\/","name":"Manuka Honig f\u00fcr Anf\u00e4nger: Anwendung Wirkung Studien und Rezepte - PureHiveHoney","isPartOf":{"@id":"https:\/\/purehivehoney.com\/de\/#website"},"primaryImageOfPage":{"@id":"https:\/\/purehivehoney.com\/de\/product\/manuka-honig-fuer-anfaenger-anwendung-wirkung-studien-und-rezepte\/#primaryimage"},"image":{"@id":"https:\/\/purehivehoney.com\/de\/product\/manuka-honig-fuer-anfaenger-anwendung-wirkung-studien-und-rezepte\/#primaryimage"},"thumbnailUrl":"https:\/\/purehivehoney.com\/de\/wp-content\/uploads\/2026\/03\/51-RYRA6bYL.jpg","datePublished":"2026-03-16T04:48:14+00:00","dateModified":"2026-03-16T04:48:17+00:00","description":"Entdecken Sie hochwertigen Rohhonig, Bio Honig, Manuka Honig und nat\u00fcrliche Bienenprodukte. PureHiveHoney hilft Ihnen dabei, sorgf\u00e4ltig ausgew\u00e4hlte Honigsorten mit nat\u00fcrlicher Qualit\u00e4t und Reinheit zu entdecken.","breadcrumb":{"@id":"https:\/\/purehivehoney.com\/de\/product\/manuka-honig-fuer-anfaenger-anwendung-wirkung-studien-und-rezepte\/#breadcrumb"},"inLanguage":"de","potentialAction":[{"@type":"ReadAction","target":["https:\/\/purehivehoney.com\/de\/product\/manuka-honig-fuer-anfaenger-anwendung-wirkung-studien-und-rezepte\/"]}]},{"@type":"ImageObject","inLanguage":"de","@id":"https:\/\/purehivehoney.com\/de\/product\/manuka-honig-fuer-anfaenger-anwendung-wirkung-studien-und-rezepte\/#primaryimage","url":"https:\/\/purehivehoney.com\/de\/wp-content\/uploads\/2026\/03\/51-RYRA6bYL.jpg","contentUrl":"https:\/\/purehivehoney.com\/de\/wp-content\/uploads\/2026\/03\/51-RYRA6bYL.jpg","width":333,"height":500},{"@type":"BreadcrumbList","@id":"https:\/\/purehivehoney.com\/de\/product\/manuka-honig-fuer-anfaenger-anwendung-wirkung-studien-und-rezepte\/#breadcrumb","itemListElement":[{"@type":"ListItem","position":1,"name":"Home","item":"https:\/\/purehivehoney.com\/de\/"},{"@type":"ListItem","position":2,"name":"Shop","item":"https:\/\/purehivehoney.com\/de\/shop\/"},{"@type":"ListItem","position":3,"name":"Manuka Honig f\u00fcr Anf\u00e4nger: Anwend..."}]},{"@type":"WebSite","@id":"https:\/\/purehivehoney.com\/de\/#website","url":"https:\/\/purehivehoney.com\/de\/","name":"PureHiveHoney","description":"Reiner Honig &amp; Bienenprodukte Online | Rohhonig, Bio Honig &amp; Spezialhonig","publisher":{"@id":"https:\/\/purehivehoney.com\/de\/#organization"},"potentialAction":[{"@type":"SearchAction","target":{"@type":"EntryPoint","urlTemplate":"https:\/\/purehivehoney.com\/de\/?s={search_term_string}"},"query-input":{"@type":"PropertyValueSpecification","valueRequired":true,"valueName":"search_term_string"}}],"inLanguage":"de"},{"@type":"Organization","@id":"https:\/\/purehivehoney.com\/de\/#organization","name":"PureHiveHoney","url":"https:\/\/purehivehoney.com\/de\/","logo":{"@type":"ImageObject","inLanguage":"de","@id":"https:\/\/purehivehoney.com\/de\/#\/schema\/logo\/image\/","url":"https:\/\/purehivehoney.com\/de\/wp-content\/uploads\/2026\/03\/Screenshot-2026-03-16-at-1.06.01-AM.png","contentUrl":"https:\/\/purehivehoney.com\/de\/wp-content\/uploads\/2026\/03\/Screenshot-2026-03-16-at-1.06.01-AM.png","width":2112,"height":1086,"caption":"PureHiveHoney"},"image":{"@id":"https:\/\/purehivehoney.com\/de\/#\/schema\/logo\/image\/"}}]}},"_links":{"self":[{"href":"https:\/\/purehivehoney.com\/de\/wp-json\/wp\/v2\/product\/726","targetHints":{"allow":["GET"]}}],"collection":[{"href":"https:\/\/purehivehoney.com\/de\/wp-json\/wp\/v2\/product"}],"about":[{"href":"https:\/\/purehivehoney.com\/de\/wp-json\/wp\/v2\/types\/product"}],"replies":[{"embeddable":true,"href":"https:\/\/purehivehoney.com\/de\/wp-json\/wp\/v2\/comments?post=726"}],"wp:featuredmedia":[{"embeddable":true,"href":"https:\/\/purehivehoney.com\/de\/wp-json\/wp\/v2\/media\/727"}],"wp:attachment":[{"href":"https:\/\/purehivehoney.com\/de\/wp-json\/wp\/v2\/media?parent=726"}],"wp:term":[{"taxonomy":"store","embeddable":true,"href":"https:\/\/purehivehoney.com\/de\/wp-json\/wp\/v2\/store?post=726"},{"taxonomy":"product_brand","embeddable":true,"href":"https:\/\/purehivehoney.com\/de\/wp-json\/wp\/v2\/product_brand?post=726"},{"taxonomy":"product_cat","embeddable":true,"href":"https:\/\/purehivehoney.com\/de\/wp-json\/wp\/v2\/product_cat?post=726"},{"taxonomy":"product_tag","embeddable":true,"href":"https:\/\/purehivehoney.com\/de\/wp-json\/wp\/v2\/product_tag?post=726"}],"curies":[{"name":"wp","href":"https:\/\/api.w.org\/{rel}","templated":true}]}}