{"id":707,"date":"2026-03-16T04:36:58","date_gmt":"2026-03-16T04:36:58","guid":{"rendered":"https:\/\/purehivehoney.com\/de\/product\/curcumin-capsules-1000-mg-with-bioperine-ginger-bee-propolis-95-curcuminoid-content-120-vegan-capsules-for-joint-support-and-antioxidant-protection\/"},"modified":"2026-03-16T04:37:02","modified_gmt":"2026-03-16T04:37:02","slug":"curcumin-capsules-1000-mg-with-bioperine-ginger-bee-propolis-95-curcuminoid-content-120-vegan-capsules-for-joint-support-and-antioxidant-protection","status":"publish","type":"product","link":"https:\/\/purehivehoney.com\/de\/product\/curcumin-capsules-1000-mg-with-bioperine-ginger-bee-propolis-95-curcuminoid-content-120-vegan-capsules-for-joint-support-and-antioxidant-protection\/","title":{"rendered":"Curcumin Capsules 1000 mg with BioP..."},"content":{"rendered":"<p>    <span>Turmeric 1000 mg with BioPerine, Ginger &#038; Bee Propolis &#8211; 95% Curcuminoid Content, 120 Vegan Capsules for Joint Support and Antioxidant Protection<\/span>    <br \/> Package Dimensions                                            \u200f                                            :                                            \u200e                                            10.4 x 5.4 x 5.3 cm; 80 g   <br \/> Manufacturer                                            \u200f                                            :                                            \u200e                                            Simply vital   <br \/> ASIN                                            \u200f                                            :                                            \u200e                                            B0FLD4WT6V   <br \/> Country of origin                                            \u200f                                            :                                            \u200e                                            China   <br \/>  Customer reviews:                                                                                            4.0               4.0 out of 5 stars                                  (26)                                              var dpAcrHasRegisteredArcLinkClickAction;                    P.when(&#8218;A&#8216;, &#8218;ready&#8216;).execute(function(A) {                        if (dpAcrHasRegisteredArcLinkClickAction !== true) {                            dpAcrHasRegisteredArcLinkClickAction = true;                            A.declarative(                                &#8218;acrLink-click-metrics&#8216;, &#8218;click&#8216;,                                { &#8222;allowLinkDefault&#8220;: true },                                function (event) {                                    if (window.ue) {                                        ue.count(&#8222;acrLinkClickCount&#8220;, (ue.count(&#8222;acrLinkClickCount&#8220;) || 0) + 1);                                    }                                }                            );                        }                    });                                             P.when(&#8218;A&#8216;, &#8218;cf&#8216;).execute(function(A) {                A.declarative(&#8218;acrStarsLink-click-metrics&#8216;, &#8218;click&#8216;, { &#8222;allowLinkDefault&#8220; : true },  function(event){                    if(window.ue) {                        ue.count(&#8222;acrStarsLinkWithPopoverClickCount&#8220;, (ue.count(&#8222;acrStarsLinkWithPopoverClickCount&#8220;) || 0) + 1);                    }                });            });                          <br \/>Ingr\u00e9dients de curcuma \u00e0 haute concentration: Contient 1000 mg d&#8217;extrait de curcuma, standardis\u00e9 \u00e0 95% of curcumino\u00efdes. Associ\u00e9 \u00e0 des racines de gingembre, de la propolis, de l&#8217;huile de triglyc\u00e9rides \u00e0 cha\u00eene moyenne et de la vitamins C pour un soutien sant\u00e9 complet.<br \/>Am\u00e9lioration de l&#8217;absorption et de la biodisponibilit\u00e9: L&#8217;ajout d&#8217;extrait de poivre noir (pip\u00e9rine) permet d&#8217;augmenter consid\u00e9rablement l&#8217;absorption du curcumin, aidant le corps \u00e0 utiliser plus efficacement les compos\u00e9s actifs.<br \/>Approvisionnement ad\u00e9quat en capsules v\u00e9g\u00e9tariennes : Comprend 120 capsules v\u00e9g\u00e9tales. One capsule par jour, douce pour les tractus gastro-intestinaux sensitibles, easy to use and sans g\u00e9latine, gluten, soy ni products laitiers.<br \/>Formule pure non OGM : Fabriqu\u00e9 avec des ingr\u00e9dients non OGM rigoureusement test\u00e9s. V\u00e9rifi\u00e9 par des tiers pour garantir la puret\u00e9, l&#8217;efficacit\u00e9 et la qualit\u00e9.<br \/>Soutien \u00e0 la sant\u00e9 articulaire et antioxidant: Gr\u00e2ce \u00e0 ses propri\u00e9t\u00e9s antioxidants natural qui combattent les radicaux libres, il favourise le comfort articulaire, la flexibilit\u00e9 et le bien-\u00eatre g\u00e9n\u00e9ral.<\/p>\n\n","protected":false},"excerpt":{"rendered":"<p>Turmeric 1000 mg with BioPerine, Ginger &#038; Bee Propolis &#8211; 95% Curcuminoid Content, 120 Vegan Capsules for Joint Support and Antioxidant Protection Package Dimensions \u200f : \u200e 10.4 x 5.4 x 5.3 cm; 80 g Manufacturer \u200f : \u200e Simply vital ASIN \u200f : \u200e B0FLD4WT6V Country of origin \u200f : \u200e China Customer reviews: [&hellip;]<\/p>\n","protected":false},"featured_media":708,"comment_status":"open","ping_status":"closed","template":"","meta":{"_aipt_faq_data":""},"store":[],"product_brand":[215],"product_cat":[66],"product_tag":[214],"class_list":{"0":"post-707","1":"product","2":"type-product","3":"status-publish","4":"has-post-thumbnail","6":"product_brand-simplyvital","7":"product_cat-propolis","8":"product_tag-propolis-kapseln-vegan","10":"first","11":"instock","12":"shipping-taxable","13":"product-type-external"},"yoast_head":"<!-- This site is optimized with the Yoast SEO plugin v27.4 - https:\/\/yoast.com\/product\/yoast-seo-wordpress\/ -->\n<title>Curcumin Capsules 1000 mg with BioPerine, Ginger &amp; Bee Propolis - 95% Curcuminoid Content, 120 Vegan Capsules for Joint Support and Antioxidant Protection - PureHiveHoney<\/title>\n<meta name=\"description\" content=\"Entdecken Sie hochwertigen Rohhonig, Bio Honig, Manuka Honig und nat\u00fcrliche Bienenprodukte. PureHiveHoney hilft Ihnen dabei, sorgf\u00e4ltig ausgew\u00e4hlte Honigsorten mit nat\u00fcrlicher Qualit\u00e4t und Reinheit zu entdecken.\" \/>\n<meta name=\"robots\" content=\"index, follow, max-snippet:-1, max-image-preview:large, max-video-preview:-1\" \/>\n<link rel=\"canonical\" href=\"https:\/\/purehivehoney.com\/de\/product\/curcumin-capsules-1000-mg-with-bioperine-ginger-bee-propolis-95-curcuminoid-content-120-vegan-capsules-for-joint-support-and-antioxidant-protection\/\" \/>\n<meta property=\"og:locale\" content=\"de_DE\" \/>\n<meta property=\"og:type\" content=\"article\" \/>\n<meta property=\"og:title\" content=\"Curcumin Capsules 1000 mg with BioPerine, Ginger &amp; Bee Propolis - 95% Curcuminoid Content, 120 Vegan Capsules for Joint Support and Antioxidant Protection - PureHiveHoney\" \/>\n<meta property=\"og:description\" content=\"Entdecken Sie hochwertigen Rohhonig, Bio Honig, Manuka Honig und nat\u00fcrliche Bienenprodukte. PureHiveHoney hilft Ihnen dabei, sorgf\u00e4ltig ausgew\u00e4hlte Honigsorten mit nat\u00fcrlicher Qualit\u00e4t und Reinheit zu entdecken.\" \/>\n<meta property=\"og:url\" content=\"https:\/\/purehivehoney.com\/de\/product\/curcumin-capsules-1000-mg-with-bioperine-ginger-bee-propolis-95-curcuminoid-content-120-vegan-capsules-for-joint-support-and-antioxidant-protection\/\" \/>\n<meta property=\"og:site_name\" content=\"PureHiveHoney\" \/>\n<meta property=\"article:modified_time\" content=\"2026-03-16T04:37:02+00:00\" \/>\n<meta name=\"twitter:card\" content=\"summary_large_image\" \/>\n<meta name=\"twitter:label1\" content=\"Gesch\u00e4tzte Lesezeit\" \/>\n\t<meta name=\"twitter:data1\" content=\"1\u00a0Minute\" \/>\n<script type=\"application\/ld+json\" class=\"yoast-schema-graph\">{\"@context\":\"https:\\\/\\\/schema.org\",\"@graph\":[{\"@type\":\"WebPage\",\"@id\":\"https:\\\/\\\/purehivehoney.com\\\/de\\\/product\\\/curcumin-capsules-1000-mg-with-bioperine-ginger-bee-propolis-95-curcuminoid-content-120-vegan-capsules-for-joint-support-and-antioxidant-protection\\\/\",\"url\":\"https:\\\/\\\/purehivehoney.com\\\/de\\\/product\\\/curcumin-capsules-1000-mg-with-bioperine-ginger-bee-propolis-95-curcuminoid-content-120-vegan-capsules-for-joint-support-and-antioxidant-protection\\\/\",\"name\":\"Curcumin Capsules 1000 mg with BioPerine, Ginger & Bee Propolis - 95% Curcuminoid Content, 120 Vegan Capsules for Joint Support and Antioxidant Protection - PureHiveHoney\",\"isPartOf\":{\"@id\":\"https:\\\/\\\/purehivehoney.com\\\/de\\\/#website\"},\"primaryImageOfPage\":{\"@id\":\"https:\\\/\\\/purehivehoney.com\\\/de\\\/product\\\/curcumin-capsules-1000-mg-with-bioperine-ginger-bee-propolis-95-curcuminoid-content-120-vegan-capsules-for-joint-support-and-antioxidant-protection\\\/#primaryimage\"},\"image\":{\"@id\":\"https:\\\/\\\/purehivehoney.com\\\/de\\\/product\\\/curcumin-capsules-1000-mg-with-bioperine-ginger-bee-propolis-95-curcuminoid-content-120-vegan-capsules-for-joint-support-and-antioxidant-protection\\\/#primaryimage\"},\"thumbnailUrl\":\"https:\\\/\\\/purehivehoney.com\\\/de\\\/wp-content\\\/uploads\\\/2026\\\/03\\\/61AhsIVRsfL._AC_SL1500_.jpg\",\"datePublished\":\"2026-03-16T04:36:58+00:00\",\"dateModified\":\"2026-03-16T04:37:02+00:00\",\"description\":\"Entdecken Sie hochwertigen Rohhonig, Bio Honig, Manuka Honig und nat\u00fcrliche Bienenprodukte. PureHiveHoney hilft Ihnen dabei, sorgf\u00e4ltig ausgew\u00e4hlte Honigsorten mit nat\u00fcrlicher Qualit\u00e4t und Reinheit zu entdecken.\",\"breadcrumb\":{\"@id\":\"https:\\\/\\\/purehivehoney.com\\\/de\\\/product\\\/curcumin-capsules-1000-mg-with-bioperine-ginger-bee-propolis-95-curcuminoid-content-120-vegan-capsules-for-joint-support-and-antioxidant-protection\\\/#breadcrumb\"},\"inLanguage\":\"de\",\"potentialAction\":[{\"@type\":\"ReadAction\",\"target\":[\"https:\\\/\\\/purehivehoney.com\\\/de\\\/product\\\/curcumin-capsules-1000-mg-with-bioperine-ginger-bee-propolis-95-curcuminoid-content-120-vegan-capsules-for-joint-support-and-antioxidant-protection\\\/\"]}]},{\"@type\":\"ImageObject\",\"inLanguage\":\"de\",\"@id\":\"https:\\\/\\\/purehivehoney.com\\\/de\\\/product\\\/curcumin-capsules-1000-mg-with-bioperine-ginger-bee-propolis-95-curcuminoid-content-120-vegan-capsules-for-joint-support-and-antioxidant-protection\\\/#primaryimage\",\"url\":\"https:\\\/\\\/purehivehoney.com\\\/de\\\/wp-content\\\/uploads\\\/2026\\\/03\\\/61AhsIVRsfL._AC_SL1500_.jpg\",\"contentUrl\":\"https:\\\/\\\/purehivehoney.com\\\/de\\\/wp-content\\\/uploads\\\/2026\\\/03\\\/61AhsIVRsfL._AC_SL1500_.jpg\",\"width\":1500,\"height\":1500},{\"@type\":\"BreadcrumbList\",\"@id\":\"https:\\\/\\\/purehivehoney.com\\\/de\\\/product\\\/curcumin-capsules-1000-mg-with-bioperine-ginger-bee-propolis-95-curcuminoid-content-120-vegan-capsules-for-joint-support-and-antioxidant-protection\\\/#breadcrumb\",\"itemListElement\":[{\"@type\":\"ListItem\",\"position\":1,\"name\":\"Home\",\"item\":\"https:\\\/\\\/purehivehoney.com\\\/de\\\/\"},{\"@type\":\"ListItem\",\"position\":2,\"name\":\"Shop\",\"item\":\"https:\\\/\\\/purehivehoney.com\\\/de\\\/shop\\\/\"},{\"@type\":\"ListItem\",\"position\":3,\"name\":\"Curcumin Capsules 1000 mg with BioP...\"}]},{\"@type\":\"WebSite\",\"@id\":\"https:\\\/\\\/purehivehoney.com\\\/de\\\/#website\",\"url\":\"https:\\\/\\\/purehivehoney.com\\\/de\\\/\",\"name\":\"PureHiveHoney\",\"description\":\"Reiner Honig &amp; Bienenprodukte Online | Rohhonig, Bio Honig &amp; Spezialhonig\",\"publisher\":{\"@id\":\"https:\\\/\\\/purehivehoney.com\\\/de\\\/#organization\"},\"potentialAction\":[{\"@type\":\"SearchAction\",\"target\":{\"@type\":\"EntryPoint\",\"urlTemplate\":\"https:\\\/\\\/purehivehoney.com\\\/de\\\/?s={search_term_string}\"},\"query-input\":{\"@type\":\"PropertyValueSpecification\",\"valueRequired\":true,\"valueName\":\"search_term_string\"}}],\"inLanguage\":\"de\"},{\"@type\":\"Organization\",\"@id\":\"https:\\\/\\\/purehivehoney.com\\\/de\\\/#organization\",\"name\":\"PureHiveHoney\",\"url\":\"https:\\\/\\\/purehivehoney.com\\\/de\\\/\",\"logo\":{\"@type\":\"ImageObject\",\"inLanguage\":\"de\",\"@id\":\"https:\\\/\\\/purehivehoney.com\\\/de\\\/#\\\/schema\\\/logo\\\/image\\\/\",\"url\":\"https:\\\/\\\/purehivehoney.com\\\/de\\\/wp-content\\\/uploads\\\/2026\\\/03\\\/Screenshot-2026-03-16-at-1.06.01-AM.png\",\"contentUrl\":\"https:\\\/\\\/purehivehoney.com\\\/de\\\/wp-content\\\/uploads\\\/2026\\\/03\\\/Screenshot-2026-03-16-at-1.06.01-AM.png\",\"width\":2112,\"height\":1086,\"caption\":\"PureHiveHoney\"},\"image\":{\"@id\":\"https:\\\/\\\/purehivehoney.com\\\/de\\\/#\\\/schema\\\/logo\\\/image\\\/\"}}]}<\/script>\n<!-- \/ Yoast SEO plugin. -->","yoast_head_json":{"title":"Curcumin Capsules 1000 mg with BioPerine, Ginger & Bee Propolis - 95% Curcuminoid Content, 120 Vegan Capsules for Joint Support and Antioxidant Protection - PureHiveHoney","description":"Entdecken Sie hochwertigen Rohhonig, Bio Honig, Manuka Honig und nat\u00fcrliche Bienenprodukte. PureHiveHoney hilft Ihnen dabei, sorgf\u00e4ltig ausgew\u00e4hlte Honigsorten mit nat\u00fcrlicher Qualit\u00e4t und Reinheit zu entdecken.","robots":{"index":"index","follow":"follow","max-snippet":"max-snippet:-1","max-image-preview":"max-image-preview:large","max-video-preview":"max-video-preview:-1"},"canonical":"https:\/\/purehivehoney.com\/de\/product\/curcumin-capsules-1000-mg-with-bioperine-ginger-bee-propolis-95-curcuminoid-content-120-vegan-capsules-for-joint-support-and-antioxidant-protection\/","og_locale":"de_DE","og_type":"article","og_title":"Curcumin Capsules 1000 mg with BioPerine, Ginger & Bee Propolis - 95% Curcuminoid Content, 120 Vegan Capsules for Joint Support and Antioxidant Protection - PureHiveHoney","og_description":"Entdecken Sie hochwertigen Rohhonig, Bio Honig, Manuka Honig und nat\u00fcrliche Bienenprodukte. PureHiveHoney hilft Ihnen dabei, sorgf\u00e4ltig ausgew\u00e4hlte Honigsorten mit nat\u00fcrlicher Qualit\u00e4t und Reinheit zu entdecken.","og_url":"https:\/\/purehivehoney.com\/de\/product\/curcumin-capsules-1000-mg-with-bioperine-ginger-bee-propolis-95-curcuminoid-content-120-vegan-capsules-for-joint-support-and-antioxidant-protection\/","og_site_name":"PureHiveHoney","article_modified_time":"2026-03-16T04:37:02+00:00","twitter_card":"summary_large_image","twitter_misc":{"Gesch\u00e4tzte Lesezeit":"1\u00a0Minute"},"schema":{"@context":"https:\/\/schema.org","@graph":[{"@type":"WebPage","@id":"https:\/\/purehivehoney.com\/de\/product\/curcumin-capsules-1000-mg-with-bioperine-ginger-bee-propolis-95-curcuminoid-content-120-vegan-capsules-for-joint-support-and-antioxidant-protection\/","url":"https:\/\/purehivehoney.com\/de\/product\/curcumin-capsules-1000-mg-with-bioperine-ginger-bee-propolis-95-curcuminoid-content-120-vegan-capsules-for-joint-support-and-antioxidant-protection\/","name":"Curcumin Capsules 1000 mg with BioPerine, Ginger & Bee Propolis - 95% Curcuminoid Content, 120 Vegan Capsules for Joint Support and Antioxidant Protection - PureHiveHoney","isPartOf":{"@id":"https:\/\/purehivehoney.com\/de\/#website"},"primaryImageOfPage":{"@id":"https:\/\/purehivehoney.com\/de\/product\/curcumin-capsules-1000-mg-with-bioperine-ginger-bee-propolis-95-curcuminoid-content-120-vegan-capsules-for-joint-support-and-antioxidant-protection\/#primaryimage"},"image":{"@id":"https:\/\/purehivehoney.com\/de\/product\/curcumin-capsules-1000-mg-with-bioperine-ginger-bee-propolis-95-curcuminoid-content-120-vegan-capsules-for-joint-support-and-antioxidant-protection\/#primaryimage"},"thumbnailUrl":"https:\/\/purehivehoney.com\/de\/wp-content\/uploads\/2026\/03\/61AhsIVRsfL._AC_SL1500_.jpg","datePublished":"2026-03-16T04:36:58+00:00","dateModified":"2026-03-16T04:37:02+00:00","description":"Entdecken Sie hochwertigen Rohhonig, Bio Honig, Manuka Honig und nat\u00fcrliche Bienenprodukte. PureHiveHoney hilft Ihnen dabei, sorgf\u00e4ltig ausgew\u00e4hlte Honigsorten mit nat\u00fcrlicher Qualit\u00e4t und Reinheit zu entdecken.","breadcrumb":{"@id":"https:\/\/purehivehoney.com\/de\/product\/curcumin-capsules-1000-mg-with-bioperine-ginger-bee-propolis-95-curcuminoid-content-120-vegan-capsules-for-joint-support-and-antioxidant-protection\/#breadcrumb"},"inLanguage":"de","potentialAction":[{"@type":"ReadAction","target":["https:\/\/purehivehoney.com\/de\/product\/curcumin-capsules-1000-mg-with-bioperine-ginger-bee-propolis-95-curcuminoid-content-120-vegan-capsules-for-joint-support-and-antioxidant-protection\/"]}]},{"@type":"ImageObject","inLanguage":"de","@id":"https:\/\/purehivehoney.com\/de\/product\/curcumin-capsules-1000-mg-with-bioperine-ginger-bee-propolis-95-curcuminoid-content-120-vegan-capsules-for-joint-support-and-antioxidant-protection\/#primaryimage","url":"https:\/\/purehivehoney.com\/de\/wp-content\/uploads\/2026\/03\/61AhsIVRsfL._AC_SL1500_.jpg","contentUrl":"https:\/\/purehivehoney.com\/de\/wp-content\/uploads\/2026\/03\/61AhsIVRsfL._AC_SL1500_.jpg","width":1500,"height":1500},{"@type":"BreadcrumbList","@id":"https:\/\/purehivehoney.com\/de\/product\/curcumin-capsules-1000-mg-with-bioperine-ginger-bee-propolis-95-curcuminoid-content-120-vegan-capsules-for-joint-support-and-antioxidant-protection\/#breadcrumb","itemListElement":[{"@type":"ListItem","position":1,"name":"Home","item":"https:\/\/purehivehoney.com\/de\/"},{"@type":"ListItem","position":2,"name":"Shop","item":"https:\/\/purehivehoney.com\/de\/shop\/"},{"@type":"ListItem","position":3,"name":"Curcumin Capsules 1000 mg with BioP..."}]},{"@type":"WebSite","@id":"https:\/\/purehivehoney.com\/de\/#website","url":"https:\/\/purehivehoney.com\/de\/","name":"PureHiveHoney","description":"Reiner Honig &amp; Bienenprodukte Online | Rohhonig, Bio Honig &amp; Spezialhonig","publisher":{"@id":"https:\/\/purehivehoney.com\/de\/#organization"},"potentialAction":[{"@type":"SearchAction","target":{"@type":"EntryPoint","urlTemplate":"https:\/\/purehivehoney.com\/de\/?s={search_term_string}"},"query-input":{"@type":"PropertyValueSpecification","valueRequired":true,"valueName":"search_term_string"}}],"inLanguage":"de"},{"@type":"Organization","@id":"https:\/\/purehivehoney.com\/de\/#organization","name":"PureHiveHoney","url":"https:\/\/purehivehoney.com\/de\/","logo":{"@type":"ImageObject","inLanguage":"de","@id":"https:\/\/purehivehoney.com\/de\/#\/schema\/logo\/image\/","url":"https:\/\/purehivehoney.com\/de\/wp-content\/uploads\/2026\/03\/Screenshot-2026-03-16-at-1.06.01-AM.png","contentUrl":"https:\/\/purehivehoney.com\/de\/wp-content\/uploads\/2026\/03\/Screenshot-2026-03-16-at-1.06.01-AM.png","width":2112,"height":1086,"caption":"PureHiveHoney"},"image":{"@id":"https:\/\/purehivehoney.com\/de\/#\/schema\/logo\/image\/"}}]}},"_links":{"self":[{"href":"https:\/\/purehivehoney.com\/de\/wp-json\/wp\/v2\/product\/707","targetHints":{"allow":["GET"]}}],"collection":[{"href":"https:\/\/purehivehoney.com\/de\/wp-json\/wp\/v2\/product"}],"about":[{"href":"https:\/\/purehivehoney.com\/de\/wp-json\/wp\/v2\/types\/product"}],"replies":[{"embeddable":true,"href":"https:\/\/purehivehoney.com\/de\/wp-json\/wp\/v2\/comments?post=707"}],"wp:featuredmedia":[{"embeddable":true,"href":"https:\/\/purehivehoney.com\/de\/wp-json\/wp\/v2\/media\/708"}],"wp:attachment":[{"href":"https:\/\/purehivehoney.com\/de\/wp-json\/wp\/v2\/media?parent=707"}],"wp:term":[{"taxonomy":"store","embeddable":true,"href":"https:\/\/purehivehoney.com\/de\/wp-json\/wp\/v2\/store?post=707"},{"taxonomy":"product_brand","embeddable":true,"href":"https:\/\/purehivehoney.com\/de\/wp-json\/wp\/v2\/product_brand?post=707"},{"taxonomy":"product_cat","embeddable":true,"href":"https:\/\/purehivehoney.com\/de\/wp-json\/wp\/v2\/product_cat?post=707"},{"taxonomy":"product_tag","embeddable":true,"href":"https:\/\/purehivehoney.com\/de\/wp-json\/wp\/v2\/product_tag?post=707"}],"curies":[{"name":"wp","href":"https:\/\/api.w.org\/{rel}","templated":true}]}}