{"id":702,"date":"2026-03-16T04:35:35","date_gmt":"2026-03-16T04:35:35","guid":{"rendered":"https:\/\/purehivehoney.com\/de\/product\/rayher-beeswax-lenses-cosmetic-quality-white-200-g-100-pure-beeswax-beeswax-pastilles-ideal-for-cosmetics-oilcloths-soaps-candles-31634102-23\/"},"modified":"2026-03-16T04:35:41","modified_gmt":"2026-03-16T04:35:41","slug":"rayher-beeswax-lenses-cosmetic-quality-white-200-g-100-pure-beeswax-beeswax-pastilles-ideal-for-cosmetics-oilcloths-soaps-candles-31634102-23","status":"publish","type":"product","link":"https:\/\/purehivehoney.com\/de\/product\/rayher-beeswax-lenses-cosmetic-quality-white-200-g-100-pure-beeswax-beeswax-pastilles-ideal-for-cosmetics-oilcloths-soaps-candles-31634102-23\/","title":{"rendered":"Rayher Beeswax Lenses, Cosmetic Qua..."},"content":{"rendered":"<p>                                             From the manufacturer   <\/p>\n<p>                                                                             <img decoding=\"async\" alt=\"1 St\u00fcck\" src=\"https:\/\/images-na.ssl-images-amazon.com\/images\/G\/01\/x-locale\/common\/grey-pixel.gif\" class=\"a-spacing-base a-lazy-loaded\" data-src=\"https:\/\/m.media-amazon.com\/images\/S\/aplus-media-library-service-media\/29e6e339-cc3c-482f-9f4d-1d667f46f95d.__CR6,0,972,601_PT0_SX970_V1___.jpg\"><img decoding=\"async\" alt=\"1 St\u00fcck\" src=\"https:\/\/m.media-amazon.com\/images\/S\/aplus-media-library-service-media\/29e6e339-cc3c-482f-9f4d-1d667f46f95d.__CR6,0,972,601_PT0_SX970_V1___.jpg\">                                         <\/p>\n<h3 class=\"a-spacing-mini\"> \u00dcber die Marke: <\/h3>\n<p class=\"a-spacing-base\"> Die Firma Rayher ist stolz auf seine solide Erfahrung in der Kunst- und Handwerksbranche, in der sie seit \u00fcber 80 Jahren t\u00e4tig ist.   Glauben Sie einfach. Die Kinder von heute sind unsere kreative Jugend von morgen. Wir sind uns dieser Verantwortung bewusst, daher ist Nachhaltigkeit mehr als nur ein Wort f\u00fcr uns. Gleiches gilt f\u00fcr unser lokales Funktionieren sowie f\u00fcr den globalen Umgang mit unseren Produkten. Aus diesem Grund sind Zertifizierungen und Vorschriften in Bezug auf Sicherheit und Gesundheit f\u00fcr uns besonders wichtig, um eine kreative Zukunft zu f\u00f6rdern. <\/p>\n<h3 class=\"a-spacing-small\"> Kreativ zu sein macht gl\u00fccklich. Alles, was es kreativ macht, ist von uns.  <\/h3>\n<p class=\"apm-text-center\">\n                                                      <img decoding=\"async\" alt=\"F\" src=\"https:\/\/images-na.ssl-images-amazon.com\/images\/G\/01\/x-locale\/common\/grey-pixel.gif\" class=\"a-lazy-loaded\" data-src=\"https:\/\/m.media-amazon.com\/images\/S\/aplus-media-library-service-media\/fe7f7f27-2fbd-4416-8a13-d41db7773099.__CR248,0,432,432_PT0_SX220_V1___.jpg\"><img decoding=\"async\" alt=\"F\" src=\"https:\/\/m.media-amazon.com\/images\/S\/aplus-media-library-service-media\/fe7f7f27-2fbd-4416-8a13-d41db7773099.__CR248,0,432,432_PT0_SX220_V1___.jpg\">  <\/p>\n<p class=\"apm-text-center\">\n                                                      <img decoding=\"async\" alt=\"D\" src=\"https:\/\/images-na.ssl-images-amazon.com\/images\/G\/01\/x-locale\/common\/grey-pixel.gif\" class=\"a-lazy-loaded\" data-src=\"https:\/\/m.media-amazon.com\/images\/S\/aplus-media-library-service-media\/9b8705cf-b33b-4a59-8dcc-6f8a151859ad.__CR165,0,478,478_PT0_SX220_V1___.jpg\"><img decoding=\"async\" alt=\"D\" src=\"https:\/\/m.media-amazon.com\/images\/S\/aplus-media-library-service-media\/9b8705cf-b33b-4a59-8dcc-6f8a151859ad.__CR165,0,478,478_PT0_SX220_V1___.jpg\">  <\/p>\n<p class=\"apm-text-center\">\n                                                      <img decoding=\"async\" alt=\"S\" src=\"https:\/\/images-na.ssl-images-amazon.com\/images\/G\/01\/x-locale\/common\/grey-pixel.gif\" class=\"a-lazy-loaded\" data-src=\"https:\/\/m.media-amazon.com\/images\/S\/aplus-media-library-service-media\/5b5499a0-80e3-44d4-bb28-79644faf8d68.__CR354,0,397,397_PT0_SX220_V1___.jpg\"><img decoding=\"async\" alt=\"S\" src=\"https:\/\/m.media-amazon.com\/images\/S\/aplus-media-library-service-media\/5b5499a0-80e3-44d4-bb28-79644faf8d68.__CR354,0,397,397_PT0_SX220_V1___.jpg\">  <\/p>\n<p class=\"apm-text-center\">\n                                                      <img decoding=\"async\" alt=\"C\" src=\"https:\/\/images-na.ssl-images-amazon.com\/images\/G\/01\/x-locale\/common\/grey-pixel.gif\" class=\"a-lazy-loaded\" data-src=\"https:\/\/m.media-amazon.com\/images\/S\/aplus-media-library-service-media\/e7301a0a-a698-4e35-8d49-26848920fd5b.__CR81,0,432,432_PT0_SX220_V1___.jpg\"><img decoding=\"async\" alt=\"C\" src=\"https:\/\/m.media-amazon.com\/images\/S\/aplus-media-library-service-media\/e7301a0a-a698-4e35-8d49-26848920fd5b.__CR81,0,432,432_PT0_SX220_V1___.jpg\">  <\/p>\n<p>                                                  <img decoding=\"async\" alt=\"2\" src=\"https:\/\/images-na.ssl-images-amazon.com\/images\/G\/01\/x-locale\/common\/grey-pixel.gif\" class=\"a-spacing-mini a-lazy-loaded\" data-src=\"https:\/\/m.media-amazon.com\/images\/S\/aplus-media-library-service-media\/4ab2a417-2879-4048-a05d-deeb4aae874b.__CR165,0,327,327_PT0_SX300_V1___.jpg\"><img decoding=\"async\" alt=\"2\" src=\"https:\/\/m.media-amazon.com\/images\/S\/aplus-media-library-service-media\/4ab2a417-2879-4048-a05d-deeb4aae874b.__CR165,0,327,327_PT0_SX300_V1___.jpg\">  <\/p>\n<h3 class=\"a-spacing-mini\"> Rayher hat alles, was er kreativ macht <\/h3>\n<p> Im Rayher Sortiment finden Heimwerker eine gro\u00dfe Auswahl an Artikeln und Produktideen f\u00fcr kreatives Gestalten, Basteln und Basteln. Das umfangreiche Sortiment reicht von Papier, Briefmarken, Farben, Gie\u00dfen und Modellieren bis hin zu Schmuck, Kinderprodukten und Accessoires bis hin zu saisonalen und anl\u00e4sslichen Handwerksartikeln und Dekorationen. <\/p>\n<p> Die Auswahl ist riesig mit \u00fcber 20.000 Produkten und der Top-Qualit\u00e4t. So findet jeder, ob Anf\u00e4nger, Kreativ, Amateur oder Heimwerker, seine gew\u00fcnschten Materialien sowie passende Werkzeuge und Werkzeuge und Arbeitswerkzeuge. <\/p>\n<h3 class=\"a-spacing-small\"> Einfach glauben <\/h3>\n<p class=\"apm-text-center\">\n                                                      <img decoding=\"async\" alt=\"Sammlung gepresster oder k\u00fcnstlicher Schmetterlinge in Orange- und Gelbt\u00f6nen vor wei\u00dfem Hintergrund.\" src=\"https:\/\/images-na.ssl-images-amazon.com\/images\/G\/01\/x-locale\/common\/grey-pixel.gif\" class=\"a-spacing-mini a-lazy-loaded\" data-src=\"https:\/\/m.media-amazon.com\/images\/S\/aplus-media-library-service-media\/ea7c6794-f178-4c2d-ab88-aba8a473ec71.__CR0,0,680,680_PT0_SX300_V1___.jpg\"><img decoding=\"async\" alt=\"Sammlung gepresster oder k\u00fcnstlicher Schmetterlinge in Orange- und Gelbt\u00f6nen vor wei\u00dfem Hintergrund.\" src=\"https:\/\/m.media-amazon.com\/images\/S\/aplus-media-library-service-media\/ea7c6794-f178-4c2d-ab88-aba8a473ec71.__CR0,0,680,680_PT0_SX300_V1___.jpg\">  <\/p>\n<p> Wir sagen es w\u00f6rtlich. Mit unserer breiten und vielf\u00e4ltigen Produktauswahl m\u00f6chten wir Ihnen ein All-Inclusive-Paket f\u00fcr Ihre kreative Arbeit anbieten. Weit \u00fcber 20.000 Produkte enthalten moderne, Standard- und Nischenartikel, die sowohl mit Innovation als auch mit Qualit\u00e4t bestechen &#8211; alles aus einer Quelle! <\/p>\n<p class=\"apm-text-center\">\n                                                      <img decoding=\"async\" alt=\"S\" src=\"https:\/\/images-na.ssl-images-amazon.com\/images\/G\/01\/x-locale\/common\/grey-pixel.gif\" class=\"a-spacing-mini a-lazy-loaded\" data-src=\"https:\/\/m.media-amazon.com\/images\/S\/aplus-media-library-service-media\/f8d1188e-710f-4825-b876-212ac91fd6c4.__CR94,0,310,310_PT0_SX300_V1___.jpg\"><img decoding=\"async\" alt=\"S\" src=\"https:\/\/m.media-amazon.com\/images\/S\/aplus-media-library-service-media\/f8d1188e-710f-4825-b876-212ac91fd6c4.__CR94,0,310,310_PT0_SX300_V1___.jpg\">  <\/p>\n<p> Ihre Pflicht ist es zu spielen, unsere Sorge um den Rest. Mit unseren anspruchsvollen und trendorientierten Sortimenten, unseren Brosch\u00fcren, Handwerkstipps und Online-Handwerksanleitungen m\u00f6chten wir Ihnen die bestm\u00f6gliche Grundlage bieten, damit Sie sich mit all Ihrer kreativen Leidenschaft auf Ihr n\u00e4chstes DIY-Projekt konzentrieren k\u00f6nnen &#8211; das ist f\u00fcr uns von gr\u00f6\u00dfter Bedeutung! <\/p>\n<p class=\"apm-text-center\">\n                                                      <img decoding=\"async\" alt=\"S\" src=\"https:\/\/images-na.ssl-images-amazon.com\/images\/G\/01\/x-locale\/common\/grey-pixel.gif\" class=\"a-spacing-mini a-lazy-loaded\" data-src=\"https:\/\/m.media-amazon.com\/images\/S\/aplus-media-library-service-media\/565227a6-6f77-46f3-b444-c4cbcf74e09f.__CR134,0,310,310_PT0_SX300_V1___.jpg\"><img decoding=\"async\" alt=\"S\" src=\"https:\/\/m.media-amazon.com\/images\/S\/aplus-media-library-service-media\/565227a6-6f77-46f3-b444-c4cbcf74e09f.__CR134,0,310,310_PT0_SX300_V1___.jpg\">  <\/p>\n<p> Dank grenzenloser Kreativit\u00e4t sind wir zu dem geworden, was wir heute sind. Dank derselben grenzenlosen Kreativit\u00e4t k\u00f6nnen wir das erreichen, was wir heute zeigen. Wir haben eine langfristige Zukunft, um effektiv gemeinsam innerhalb unseres Unternehmens und unserer Umwelt aufzubauen. <\/p>\n<p>                                                  <img decoding=\"async\" alt=\"F\" src=\"https:\/\/images-na.ssl-images-amazon.com\/images\/G\/01\/x-locale\/common\/grey-pixel.gif\" class=\"a-lazy-loaded\" data-src=\"https:\/\/m.media-amazon.com\/images\/S\/aplus-media-library-service-media\/50a03694-ed8d-4cd5-9b2a-4ed1b04b3ea6.__CR0,0,970,300_PT0_SX970_V1___.jpg\"><img decoding=\"async\" alt=\"F\" src=\"https:\/\/m.media-amazon.com\/images\/S\/aplus-media-library-service-media\/50a03694-ed8d-4cd5-9b2a-4ed1b04b3ea6.__CR0,0,970,300_PT0_SX970_V1___.jpg\">  <\/p>\n<p>Bag 200 g beeswax lenses, colour: whitish, packaging resealable<br \/>Wax lenses 100% pure beeswax, without additives<br \/>Cosmetic quality, food-safe, 100% natural product<br \/>Typical, wonderful beeswax fragrance<br \/>For making cosmetics, oilcloths, soaps and candles<\/p>\n\n","protected":false},"excerpt":{"rendered":"<p>From the manufacturer \u00dcber die Marke: Die Firma Rayher ist stolz auf seine solide Erfahrung in der Kunst- und Handwerksbranche, in der sie seit \u00fcber 80 Jahren t\u00e4tig ist. Glauben Sie einfach. Die Kinder von heute sind unsere kreative Jugend von morgen. Wir sind uns dieser Verantwortung bewusst, daher ist Nachhaltigkeit mehr als nur ein [&hellip;]<\/p>\n","protected":false},"featured_media":703,"comment_status":"open","ping_status":"closed","template":"","meta":{"_aipt_faq_data":""},"store":[],"product_brand":[],"product_cat":[67],"product_tag":[213],"class_list":{"0":"post-702","1":"product","2":"type-product","3":"status-publish","4":"has-post-thumbnail","6":"product_cat-bienenwachs","7":"product_tag-bienenwachs-imkerei-produkte","9":"first","10":"instock","11":"sale","12":"shipping-taxable","13":"product-type-external"},"yoast_head":"<!-- This site is optimized with the Yoast SEO plugin v27.4 - https:\/\/yoast.com\/product\/yoast-seo-wordpress\/ -->\n<title>Rayher Beeswax Lenses, Cosmetic Quality, White, 200 g, 100% Pure Beeswax, Beeswax Pastilles, Ideal for Cosmetics, Oilcloths, Soaps, Candles, 31634102, 23 - PureHiveHoney<\/title>\n<meta name=\"description\" content=\"Entdecken Sie hochwertigen Rohhonig, Bio Honig, Manuka Honig und nat\u00fcrliche Bienenprodukte. PureHiveHoney hilft Ihnen dabei, sorgf\u00e4ltig ausgew\u00e4hlte Honigsorten mit nat\u00fcrlicher Qualit\u00e4t und Reinheit zu entdecken.\" \/>\n<meta name=\"robots\" content=\"index, follow, max-snippet:-1, max-image-preview:large, max-video-preview:-1\" \/>\n<link rel=\"canonical\" href=\"https:\/\/purehivehoney.com\/de\/product\/rayher-beeswax-lenses-cosmetic-quality-white-200-g-100-pure-beeswax-beeswax-pastilles-ideal-for-cosmetics-oilcloths-soaps-candles-31634102-23\/\" \/>\n<meta property=\"og:locale\" content=\"de_DE\" \/>\n<meta property=\"og:type\" content=\"article\" \/>\n<meta property=\"og:title\" content=\"Rayher Beeswax Lenses, Cosmetic Quality, White, 200 g, 100% Pure Beeswax, Beeswax Pastilles, Ideal for Cosmetics, Oilcloths, Soaps, Candles, 31634102, 23 - PureHiveHoney\" \/>\n<meta property=\"og:description\" content=\"Entdecken Sie hochwertigen Rohhonig, Bio Honig, Manuka Honig und nat\u00fcrliche Bienenprodukte. PureHiveHoney hilft Ihnen dabei, sorgf\u00e4ltig ausgew\u00e4hlte Honigsorten mit nat\u00fcrlicher Qualit\u00e4t und Reinheit zu entdecken.\" \/>\n<meta property=\"og:url\" content=\"https:\/\/purehivehoney.com\/de\/product\/rayher-beeswax-lenses-cosmetic-quality-white-200-g-100-pure-beeswax-beeswax-pastilles-ideal-for-cosmetics-oilcloths-soaps-candles-31634102-23\/\" \/>\n<meta property=\"og:site_name\" content=\"PureHiveHoney\" \/>\n<meta property=\"article:modified_time\" content=\"2026-03-16T04:35:41+00:00\" \/>\n<meta property=\"og:image\" content=\"https:\/\/images-na.ssl-images-amazon.com\/images\/G\/01\/x-locale\/common\/grey-pixel.gif\" \/>\n<meta name=\"twitter:card\" content=\"summary_large_image\" \/>\n<meta name=\"twitter:label1\" content=\"Gesch\u00e4tzte Lesezeit\" \/>\n\t<meta name=\"twitter:data1\" content=\"2\u00a0Minuten\" \/>\n<script type=\"application\/ld+json\" class=\"yoast-schema-graph\">{\"@context\":\"https:\\\/\\\/schema.org\",\"@graph\":[{\"@type\":\"WebPage\",\"@id\":\"https:\\\/\\\/purehivehoney.com\\\/de\\\/product\\\/rayher-beeswax-lenses-cosmetic-quality-white-200-g-100-pure-beeswax-beeswax-pastilles-ideal-for-cosmetics-oilcloths-soaps-candles-31634102-23\\\/\",\"url\":\"https:\\\/\\\/purehivehoney.com\\\/de\\\/product\\\/rayher-beeswax-lenses-cosmetic-quality-white-200-g-100-pure-beeswax-beeswax-pastilles-ideal-for-cosmetics-oilcloths-soaps-candles-31634102-23\\\/\",\"name\":\"Rayher Beeswax Lenses, Cosmetic Quality, White, 200 g, 100% Pure Beeswax, Beeswax Pastilles, Ideal for Cosmetics, Oilcloths, Soaps, Candles, 31634102, 23 - PureHiveHoney\",\"isPartOf\":{\"@id\":\"https:\\\/\\\/purehivehoney.com\\\/de\\\/#website\"},\"primaryImageOfPage\":{\"@id\":\"https:\\\/\\\/purehivehoney.com\\\/de\\\/product\\\/rayher-beeswax-lenses-cosmetic-quality-white-200-g-100-pure-beeswax-beeswax-pastilles-ideal-for-cosmetics-oilcloths-soaps-candles-31634102-23\\\/#primaryimage\"},\"image\":{\"@id\":\"https:\\\/\\\/purehivehoney.com\\\/de\\\/product\\\/rayher-beeswax-lenses-cosmetic-quality-white-200-g-100-pure-beeswax-beeswax-pastilles-ideal-for-cosmetics-oilcloths-soaps-candles-31634102-23\\\/#primaryimage\"},\"thumbnailUrl\":\"https:\\\/\\\/purehivehoney.com\\\/de\\\/wp-content\\\/uploads\\\/2026\\\/03\\\/51pPdb1PipL._AC_SL1181_.jpg\",\"datePublished\":\"2026-03-16T04:35:35+00:00\",\"dateModified\":\"2026-03-16T04:35:41+00:00\",\"description\":\"Entdecken Sie hochwertigen Rohhonig, Bio Honig, Manuka Honig und nat\u00fcrliche Bienenprodukte. PureHiveHoney hilft Ihnen dabei, sorgf\u00e4ltig ausgew\u00e4hlte Honigsorten mit nat\u00fcrlicher Qualit\u00e4t und Reinheit zu entdecken.\",\"breadcrumb\":{\"@id\":\"https:\\\/\\\/purehivehoney.com\\\/de\\\/product\\\/rayher-beeswax-lenses-cosmetic-quality-white-200-g-100-pure-beeswax-beeswax-pastilles-ideal-for-cosmetics-oilcloths-soaps-candles-31634102-23\\\/#breadcrumb\"},\"inLanguage\":\"de\",\"potentialAction\":[{\"@type\":\"ReadAction\",\"target\":[\"https:\\\/\\\/purehivehoney.com\\\/de\\\/product\\\/rayher-beeswax-lenses-cosmetic-quality-white-200-g-100-pure-beeswax-beeswax-pastilles-ideal-for-cosmetics-oilcloths-soaps-candles-31634102-23\\\/\"]}]},{\"@type\":\"ImageObject\",\"inLanguage\":\"de\",\"@id\":\"https:\\\/\\\/purehivehoney.com\\\/de\\\/product\\\/rayher-beeswax-lenses-cosmetic-quality-white-200-g-100-pure-beeswax-beeswax-pastilles-ideal-for-cosmetics-oilcloths-soaps-candles-31634102-23\\\/#primaryimage\",\"url\":\"https:\\\/\\\/purehivehoney.com\\\/de\\\/wp-content\\\/uploads\\\/2026\\\/03\\\/51pPdb1PipL._AC_SL1181_.jpg\",\"contentUrl\":\"https:\\\/\\\/purehivehoney.com\\\/de\\\/wp-content\\\/uploads\\\/2026\\\/03\\\/51pPdb1PipL._AC_SL1181_.jpg\",\"width\":630,\"height\":1003},{\"@type\":\"BreadcrumbList\",\"@id\":\"https:\\\/\\\/purehivehoney.com\\\/de\\\/product\\\/rayher-beeswax-lenses-cosmetic-quality-white-200-g-100-pure-beeswax-beeswax-pastilles-ideal-for-cosmetics-oilcloths-soaps-candles-31634102-23\\\/#breadcrumb\",\"itemListElement\":[{\"@type\":\"ListItem\",\"position\":1,\"name\":\"Home\",\"item\":\"https:\\\/\\\/purehivehoney.com\\\/de\\\/\"},{\"@type\":\"ListItem\",\"position\":2,\"name\":\"Shop\",\"item\":\"https:\\\/\\\/purehivehoney.com\\\/de\\\/shop\\\/\"},{\"@type\":\"ListItem\",\"position\":3,\"name\":\"Rayher Beeswax Lenses, Cosmetic Qua...\"}]},{\"@type\":\"WebSite\",\"@id\":\"https:\\\/\\\/purehivehoney.com\\\/de\\\/#website\",\"url\":\"https:\\\/\\\/purehivehoney.com\\\/de\\\/\",\"name\":\"PureHiveHoney\",\"description\":\"Reiner Honig &amp; Bienenprodukte Online | Rohhonig, Bio Honig &amp; Spezialhonig\",\"publisher\":{\"@id\":\"https:\\\/\\\/purehivehoney.com\\\/de\\\/#organization\"},\"potentialAction\":[{\"@type\":\"SearchAction\",\"target\":{\"@type\":\"EntryPoint\",\"urlTemplate\":\"https:\\\/\\\/purehivehoney.com\\\/de\\\/?s={search_term_string}\"},\"query-input\":{\"@type\":\"PropertyValueSpecification\",\"valueRequired\":true,\"valueName\":\"search_term_string\"}}],\"inLanguage\":\"de\"},{\"@type\":\"Organization\",\"@id\":\"https:\\\/\\\/purehivehoney.com\\\/de\\\/#organization\",\"name\":\"PureHiveHoney\",\"url\":\"https:\\\/\\\/purehivehoney.com\\\/de\\\/\",\"logo\":{\"@type\":\"ImageObject\",\"inLanguage\":\"de\",\"@id\":\"https:\\\/\\\/purehivehoney.com\\\/de\\\/#\\\/schema\\\/logo\\\/image\\\/\",\"url\":\"https:\\\/\\\/purehivehoney.com\\\/de\\\/wp-content\\\/uploads\\\/2026\\\/03\\\/Screenshot-2026-03-16-at-1.06.01-AM.png\",\"contentUrl\":\"https:\\\/\\\/purehivehoney.com\\\/de\\\/wp-content\\\/uploads\\\/2026\\\/03\\\/Screenshot-2026-03-16-at-1.06.01-AM.png\",\"width\":2112,\"height\":1086,\"caption\":\"PureHiveHoney\"},\"image\":{\"@id\":\"https:\\\/\\\/purehivehoney.com\\\/de\\\/#\\\/schema\\\/logo\\\/image\\\/\"}}]}<\/script>\n<!-- \/ Yoast SEO plugin. -->","yoast_head_json":{"title":"Rayher Beeswax Lenses, Cosmetic Quality, White, 200 g, 100% Pure Beeswax, Beeswax Pastilles, Ideal for Cosmetics, Oilcloths, Soaps, Candles, 31634102, 23 - PureHiveHoney","description":"Entdecken Sie hochwertigen Rohhonig, Bio Honig, Manuka Honig und nat\u00fcrliche Bienenprodukte. PureHiveHoney hilft Ihnen dabei, sorgf\u00e4ltig ausgew\u00e4hlte Honigsorten mit nat\u00fcrlicher Qualit\u00e4t und Reinheit zu entdecken.","robots":{"index":"index","follow":"follow","max-snippet":"max-snippet:-1","max-image-preview":"max-image-preview:large","max-video-preview":"max-video-preview:-1"},"canonical":"https:\/\/purehivehoney.com\/de\/product\/rayher-beeswax-lenses-cosmetic-quality-white-200-g-100-pure-beeswax-beeswax-pastilles-ideal-for-cosmetics-oilcloths-soaps-candles-31634102-23\/","og_locale":"de_DE","og_type":"article","og_title":"Rayher Beeswax Lenses, Cosmetic Quality, White, 200 g, 100% Pure Beeswax, Beeswax Pastilles, Ideal for Cosmetics, Oilcloths, Soaps, Candles, 31634102, 23 - PureHiveHoney","og_description":"Entdecken Sie hochwertigen Rohhonig, Bio Honig, Manuka Honig und nat\u00fcrliche Bienenprodukte. PureHiveHoney hilft Ihnen dabei, sorgf\u00e4ltig ausgew\u00e4hlte Honigsorten mit nat\u00fcrlicher Qualit\u00e4t und Reinheit zu entdecken.","og_url":"https:\/\/purehivehoney.com\/de\/product\/rayher-beeswax-lenses-cosmetic-quality-white-200-g-100-pure-beeswax-beeswax-pastilles-ideal-for-cosmetics-oilcloths-soaps-candles-31634102-23\/","og_site_name":"PureHiveHoney","article_modified_time":"2026-03-16T04:35:41+00:00","og_image":[{"url":"https:\/\/images-na.ssl-images-amazon.com\/images\/G\/01\/x-locale\/common\/grey-pixel.gif","type":"","width":"","height":""}],"twitter_card":"summary_large_image","twitter_misc":{"Gesch\u00e4tzte Lesezeit":"2\u00a0Minuten"},"schema":{"@context":"https:\/\/schema.org","@graph":[{"@type":"WebPage","@id":"https:\/\/purehivehoney.com\/de\/product\/rayher-beeswax-lenses-cosmetic-quality-white-200-g-100-pure-beeswax-beeswax-pastilles-ideal-for-cosmetics-oilcloths-soaps-candles-31634102-23\/","url":"https:\/\/purehivehoney.com\/de\/product\/rayher-beeswax-lenses-cosmetic-quality-white-200-g-100-pure-beeswax-beeswax-pastilles-ideal-for-cosmetics-oilcloths-soaps-candles-31634102-23\/","name":"Rayher Beeswax Lenses, Cosmetic Quality, White, 200 g, 100% Pure Beeswax, Beeswax Pastilles, Ideal for Cosmetics, Oilcloths, Soaps, Candles, 31634102, 23 - PureHiveHoney","isPartOf":{"@id":"https:\/\/purehivehoney.com\/de\/#website"},"primaryImageOfPage":{"@id":"https:\/\/purehivehoney.com\/de\/product\/rayher-beeswax-lenses-cosmetic-quality-white-200-g-100-pure-beeswax-beeswax-pastilles-ideal-for-cosmetics-oilcloths-soaps-candles-31634102-23\/#primaryimage"},"image":{"@id":"https:\/\/purehivehoney.com\/de\/product\/rayher-beeswax-lenses-cosmetic-quality-white-200-g-100-pure-beeswax-beeswax-pastilles-ideal-for-cosmetics-oilcloths-soaps-candles-31634102-23\/#primaryimage"},"thumbnailUrl":"https:\/\/purehivehoney.com\/de\/wp-content\/uploads\/2026\/03\/51pPdb1PipL._AC_SL1181_.jpg","datePublished":"2026-03-16T04:35:35+00:00","dateModified":"2026-03-16T04:35:41+00:00","description":"Entdecken Sie hochwertigen Rohhonig, Bio Honig, Manuka Honig und nat\u00fcrliche Bienenprodukte. PureHiveHoney hilft Ihnen dabei, sorgf\u00e4ltig ausgew\u00e4hlte Honigsorten mit nat\u00fcrlicher Qualit\u00e4t und Reinheit zu entdecken.","breadcrumb":{"@id":"https:\/\/purehivehoney.com\/de\/product\/rayher-beeswax-lenses-cosmetic-quality-white-200-g-100-pure-beeswax-beeswax-pastilles-ideal-for-cosmetics-oilcloths-soaps-candles-31634102-23\/#breadcrumb"},"inLanguage":"de","potentialAction":[{"@type":"ReadAction","target":["https:\/\/purehivehoney.com\/de\/product\/rayher-beeswax-lenses-cosmetic-quality-white-200-g-100-pure-beeswax-beeswax-pastilles-ideal-for-cosmetics-oilcloths-soaps-candles-31634102-23\/"]}]},{"@type":"ImageObject","inLanguage":"de","@id":"https:\/\/purehivehoney.com\/de\/product\/rayher-beeswax-lenses-cosmetic-quality-white-200-g-100-pure-beeswax-beeswax-pastilles-ideal-for-cosmetics-oilcloths-soaps-candles-31634102-23\/#primaryimage","url":"https:\/\/purehivehoney.com\/de\/wp-content\/uploads\/2026\/03\/51pPdb1PipL._AC_SL1181_.jpg","contentUrl":"https:\/\/purehivehoney.com\/de\/wp-content\/uploads\/2026\/03\/51pPdb1PipL._AC_SL1181_.jpg","width":630,"height":1003},{"@type":"BreadcrumbList","@id":"https:\/\/purehivehoney.com\/de\/product\/rayher-beeswax-lenses-cosmetic-quality-white-200-g-100-pure-beeswax-beeswax-pastilles-ideal-for-cosmetics-oilcloths-soaps-candles-31634102-23\/#breadcrumb","itemListElement":[{"@type":"ListItem","position":1,"name":"Home","item":"https:\/\/purehivehoney.com\/de\/"},{"@type":"ListItem","position":2,"name":"Shop","item":"https:\/\/purehivehoney.com\/de\/shop\/"},{"@type":"ListItem","position":3,"name":"Rayher Beeswax Lenses, Cosmetic Qua..."}]},{"@type":"WebSite","@id":"https:\/\/purehivehoney.com\/de\/#website","url":"https:\/\/purehivehoney.com\/de\/","name":"PureHiveHoney","description":"Reiner Honig &amp; Bienenprodukte Online | Rohhonig, Bio Honig &amp; Spezialhonig","publisher":{"@id":"https:\/\/purehivehoney.com\/de\/#organization"},"potentialAction":[{"@type":"SearchAction","target":{"@type":"EntryPoint","urlTemplate":"https:\/\/purehivehoney.com\/de\/?s={search_term_string}"},"query-input":{"@type":"PropertyValueSpecification","valueRequired":true,"valueName":"search_term_string"}}],"inLanguage":"de"},{"@type":"Organization","@id":"https:\/\/purehivehoney.com\/de\/#organization","name":"PureHiveHoney","url":"https:\/\/purehivehoney.com\/de\/","logo":{"@type":"ImageObject","inLanguage":"de","@id":"https:\/\/purehivehoney.com\/de\/#\/schema\/logo\/image\/","url":"https:\/\/purehivehoney.com\/de\/wp-content\/uploads\/2026\/03\/Screenshot-2026-03-16-at-1.06.01-AM.png","contentUrl":"https:\/\/purehivehoney.com\/de\/wp-content\/uploads\/2026\/03\/Screenshot-2026-03-16-at-1.06.01-AM.png","width":2112,"height":1086,"caption":"PureHiveHoney"},"image":{"@id":"https:\/\/purehivehoney.com\/de\/#\/schema\/logo\/image\/"}}]}},"_links":{"self":[{"href":"https:\/\/purehivehoney.com\/de\/wp-json\/wp\/v2\/product\/702","targetHints":{"allow":["GET"]}}],"collection":[{"href":"https:\/\/purehivehoney.com\/de\/wp-json\/wp\/v2\/product"}],"about":[{"href":"https:\/\/purehivehoney.com\/de\/wp-json\/wp\/v2\/types\/product"}],"replies":[{"embeddable":true,"href":"https:\/\/purehivehoney.com\/de\/wp-json\/wp\/v2\/comments?post=702"}],"wp:featuredmedia":[{"embeddable":true,"href":"https:\/\/purehivehoney.com\/de\/wp-json\/wp\/v2\/media\/703"}],"wp:attachment":[{"href":"https:\/\/purehivehoney.com\/de\/wp-json\/wp\/v2\/media?parent=702"}],"wp:term":[{"taxonomy":"store","embeddable":true,"href":"https:\/\/purehivehoney.com\/de\/wp-json\/wp\/v2\/store?post=702"},{"taxonomy":"product_brand","embeddable":true,"href":"https:\/\/purehivehoney.com\/de\/wp-json\/wp\/v2\/product_brand?post=702"},{"taxonomy":"product_cat","embeddable":true,"href":"https:\/\/purehivehoney.com\/de\/wp-json\/wp\/v2\/product_cat?post=702"},{"taxonomy":"product_tag","embeddable":true,"href":"https:\/\/purehivehoney.com\/de\/wp-json\/wp\/v2\/product_tag?post=702"}],"curies":[{"name":"wp","href":"https:\/\/api.w.org\/{rel}","templated":true}]}}