{"id":669,"date":"2026-03-16T04:27:19","date_gmt":"2026-03-16T04:27:19","guid":{"rendered":"https:\/\/purehivehoney.com\/de\/product\/bleumarine-bretania-horse-balm-horse-propolis-gel-propolis-tincture-ointment-muscle-for-irritated-reddened-skin-or-skin-eczema-500-ml\/"},"modified":"2026-03-16T04:27:33","modified_gmt":"2026-03-16T04:27:33","slug":"bleumarine-bretania-horse-balm-horse-propolis-gel-propolis-tincture-ointment-muscle-for-irritated-reddened-skin-or-skin-eczema-500-ml","status":"publish","type":"product","link":"https:\/\/purehivehoney.com\/de\/product\/bleumarine-bretania-horse-balm-horse-propolis-gel-propolis-tincture-ointment-muscle-for-irritated-reddened-skin-or-skin-eczema-500-ml\/","title":{"rendered":"bleumarine Bretania Horse Balm Hors..."},"content":{"rendered":"<p>    <span>Immerse yourself in the soothing world of nature with the bleumarine Bretania horse balm propolis gel. This natural gel is specially developed for irritated, reddened skin and provides gentle care that soothes and revitalises the skin. Infused with propolis, a natural fabric made by bees, it is full of vitamins, resins and trace elements that nourish your skin. <br \/>The horse balm is particularly useful in areas such as saddle and belt position as well as on the chest and legs. It is ideal as a supportive care for tired muscles, sore muscles, back tension and joint pain. Applied before sporting activities, it can help increase well-being. The gel-like consistency ensures quick absorption through the skin and protects your clothes from dirt. <br \/>The application is very easy: simply apply thinly to the stressed areas of the body and massage in. This product is ideal for tension, swelling and sore muscles. Experience the gentle care of the bleumarine Bretania horse balm propolis gel in natural colour and practical 500 ml size. Perfect for anyone looking for a natural care for their skin.<\/span>    <br \/> Is Discontinued By Manufacturer                                            \u200f                                            :                                            \u200e                                            No   <br \/> Package Dimensions                                            \u200f                                            :                                            \u200e                                            21.4 x 6 x 5.9 cm; 530 g   <br \/> Manufacturer                                            \u200f                                            :                                            \u200e                                            Made in France   <br \/> ASIN                                            \u200f                                            :                                            \u200e                                            B0735P726D   <br \/> Manufacturer reference                                            \u200f                                            :                                            \u200e                                            AC-UUMN-ZH2S   <br \/> Country of origin                                            \u200f                                            :                                            \u200e                                            France   <br \/>  Customer reviews:                                                                                            4.1               4.1 out of 5 stars                                  (43)                                              var dpAcrHasRegisteredArcLinkClickAction;                    P.when(&#8218;A&#8216;, &#8218;ready&#8216;).execute(function(A) {                        if (dpAcrHasRegisteredArcLinkClickAction !== true) {                            dpAcrHasRegisteredArcLinkClickAction = true;                            A.declarative(                                &#8218;acrLink-click-metrics&#8216;, &#8218;click&#8216;,                                { &#8222;allowLinkDefault&#8220;: true },                                function (event) {                                    if (window.ue) {                                        ue.count(&#8222;acrLinkClickCount&#8220;, (ue.count(&#8222;acrLinkClickCount&#8220;) || 0) + 1);                                    }                                }                            );                        }                    });                                             P.when(&#8218;A&#8216;, &#8218;cf&#8216;).execute(function(A) {                A.declarative(&#8218;acrStarsLink-click-metrics&#8216;, &#8218;click&#8216;, { &#8222;allowLinkDefault&#8220; : true },  function(event){                    if(window.ue) {                        ue.count(&#8222;acrStarsLinkWithPopoverClickCount&#8220;, (ue.count(&#8222;acrStarsLinkWithPopoverClickCount&#8220;) || 0) + 1);                    }                });            });                          <br \/>Discover the power of nature with bleumarine Bretania horse balm propolis gel. This product provides rich care for irritated, reddened skin or skin eczema<br \/>With propolis, a natural fabric that bees make, rich in vitamins, resins and trace elements. This natural antibiotic works in this gel to nourish and soothe your skin<br \/>Especially useful in the area of saddle and belt position as well as on the chest and legs. It is used as a supportive care for tired muscles, sore muscles, back tension and joint pain<br \/>Used before sports activities, it can help increase performance and well-being. The gel-like consistency ensures quick absorption through the skin<br \/>Protects your clothing from dirt. Easy to use: apply thinly to the stressed areas of the body and massage. Ideal for tension, swelling and soreness<\/p>\n\n","protected":false},"excerpt":{"rendered":"<p>Immerse yourself in the soothing world of nature with the bleumarine Bretania horse balm propolis gel. This natural gel is specially developed for irritated, reddened skin and provides gentle care that soothes and revitalises the skin. Infused with propolis, a natural fabric made by bees, it is full of vitamins, resins and trace elements that [&hellip;]<\/p>\n","protected":false},"featured_media":670,"comment_status":"open","ping_status":"closed","template":"","meta":{"_aipt_faq_data":""},"store":[],"product_brand":[206],"product_cat":[38],"product_tag":[205],"class_list":{"0":"post-669","1":"product","2":"type-product","3":"status-publish","4":"has-post-thumbnail","6":"product_brand-bleu-marine","7":"product_cat-purehivehoney","8":"product_tag-bienenprodukte","10":"first","11":"instock","12":"sale","13":"shipping-taxable","14":"product-type-external"},"yoast_head":"<!-- This site is optimized with the Yoast SEO plugin v27.4 - https:\/\/yoast.com\/product\/yoast-seo-wordpress\/ -->\n<title>bleumarine Bretania Horse Balm Horse Propolis Gel Propolis Tincture Ointment Muscle For Irritated, Reddened Skin or Skin Eczema, 500 ml - PureHiveHoney<\/title>\n<meta name=\"description\" content=\"Entdecken Sie hochwertigen Rohhonig, Bio Honig, Manuka Honig und nat\u00fcrliche Bienenprodukte. PureHiveHoney hilft Ihnen dabei, sorgf\u00e4ltig ausgew\u00e4hlte Honigsorten mit nat\u00fcrlicher Qualit\u00e4t und Reinheit zu entdecken.\" \/>\n<meta name=\"robots\" content=\"index, follow, max-snippet:-1, max-image-preview:large, max-video-preview:-1\" \/>\n<link rel=\"canonical\" href=\"https:\/\/purehivehoney.com\/de\/product\/bleumarine-bretania-horse-balm-horse-propolis-gel-propolis-tincture-ointment-muscle-for-irritated-reddened-skin-or-skin-eczema-500-ml\/\" \/>\n<meta property=\"og:locale\" content=\"de_DE\" \/>\n<meta property=\"og:type\" content=\"article\" \/>\n<meta property=\"og:title\" content=\"bleumarine Bretania Horse Balm Horse Propolis Gel Propolis Tincture Ointment Muscle For Irritated, Reddened Skin or Skin Eczema, 500 ml - PureHiveHoney\" \/>\n<meta property=\"og:description\" content=\"Entdecken Sie hochwertigen Rohhonig, Bio Honig, Manuka Honig und nat\u00fcrliche Bienenprodukte. PureHiveHoney hilft Ihnen dabei, sorgf\u00e4ltig ausgew\u00e4hlte Honigsorten mit nat\u00fcrlicher Qualit\u00e4t und Reinheit zu entdecken.\" \/>\n<meta property=\"og:url\" content=\"https:\/\/purehivehoney.com\/de\/product\/bleumarine-bretania-horse-balm-horse-propolis-gel-propolis-tincture-ointment-muscle-for-irritated-reddened-skin-or-skin-eczema-500-ml\/\" \/>\n<meta property=\"og:site_name\" content=\"PureHiveHoney\" \/>\n<meta property=\"article:modified_time\" content=\"2026-03-16T04:27:33+00:00\" \/>\n<meta name=\"twitter:card\" content=\"summary_large_image\" \/>\n<meta name=\"twitter:label1\" content=\"Gesch\u00e4tzte Lesezeit\" \/>\n\t<meta name=\"twitter:data1\" content=\"2\u00a0Minuten\" \/>\n<script type=\"application\/ld+json\" class=\"yoast-schema-graph\">{\"@context\":\"https:\\\/\\\/schema.org\",\"@graph\":[{\"@type\":\"WebPage\",\"@id\":\"https:\\\/\\\/purehivehoney.com\\\/de\\\/product\\\/bleumarine-bretania-horse-balm-horse-propolis-gel-propolis-tincture-ointment-muscle-for-irritated-reddened-skin-or-skin-eczema-500-ml\\\/\",\"url\":\"https:\\\/\\\/purehivehoney.com\\\/de\\\/product\\\/bleumarine-bretania-horse-balm-horse-propolis-gel-propolis-tincture-ointment-muscle-for-irritated-reddened-skin-or-skin-eczema-500-ml\\\/\",\"name\":\"bleumarine Bretania Horse Balm Horse Propolis Gel Propolis Tincture Ointment Muscle For Irritated, Reddened Skin or Skin Eczema, 500 ml - PureHiveHoney\",\"isPartOf\":{\"@id\":\"https:\\\/\\\/purehivehoney.com\\\/de\\\/#website\"},\"primaryImageOfPage\":{\"@id\":\"https:\\\/\\\/purehivehoney.com\\\/de\\\/product\\\/bleumarine-bretania-horse-balm-horse-propolis-gel-propolis-tincture-ointment-muscle-for-irritated-reddened-skin-or-skin-eczema-500-ml\\\/#primaryimage\"},\"image\":{\"@id\":\"https:\\\/\\\/purehivehoney.com\\\/de\\\/product\\\/bleumarine-bretania-horse-balm-horse-propolis-gel-propolis-tincture-ointment-muscle-for-irritated-reddened-skin-or-skin-eczema-500-ml\\\/#primaryimage\"},\"thumbnailUrl\":\"https:\\\/\\\/purehivehoney.com\\\/de\\\/wp-content\\\/uploads\\\/2026\\\/03\\\/61OPOwVTp7L._SL1080_.jpg\",\"datePublished\":\"2026-03-16T04:27:19+00:00\",\"dateModified\":\"2026-03-16T04:27:33+00:00\",\"description\":\"Entdecken Sie hochwertigen Rohhonig, Bio Honig, Manuka Honig und nat\u00fcrliche Bienenprodukte. PureHiveHoney hilft Ihnen dabei, sorgf\u00e4ltig ausgew\u00e4hlte Honigsorten mit nat\u00fcrlicher Qualit\u00e4t und Reinheit zu entdecken.\",\"breadcrumb\":{\"@id\":\"https:\\\/\\\/purehivehoney.com\\\/de\\\/product\\\/bleumarine-bretania-horse-balm-horse-propolis-gel-propolis-tincture-ointment-muscle-for-irritated-reddened-skin-or-skin-eczema-500-ml\\\/#breadcrumb\"},\"inLanguage\":\"de\",\"potentialAction\":[{\"@type\":\"ReadAction\",\"target\":[\"https:\\\/\\\/purehivehoney.com\\\/de\\\/product\\\/bleumarine-bretania-horse-balm-horse-propolis-gel-propolis-tincture-ointment-muscle-for-irritated-reddened-skin-or-skin-eczema-500-ml\\\/\"]}]},{\"@type\":\"ImageObject\",\"inLanguage\":\"de\",\"@id\":\"https:\\\/\\\/purehivehoney.com\\\/de\\\/product\\\/bleumarine-bretania-horse-balm-horse-propolis-gel-propolis-tincture-ointment-muscle-for-irritated-reddened-skin-or-skin-eczema-500-ml\\\/#primaryimage\",\"url\":\"https:\\\/\\\/purehivehoney.com\\\/de\\\/wp-content\\\/uploads\\\/2026\\\/03\\\/61OPOwVTp7L._SL1080_.jpg\",\"contentUrl\":\"https:\\\/\\\/purehivehoney.com\\\/de\\\/wp-content\\\/uploads\\\/2026\\\/03\\\/61OPOwVTp7L._SL1080_.jpg\",\"width\":1080,\"height\":1080},{\"@type\":\"BreadcrumbList\",\"@id\":\"https:\\\/\\\/purehivehoney.com\\\/de\\\/product\\\/bleumarine-bretania-horse-balm-horse-propolis-gel-propolis-tincture-ointment-muscle-for-irritated-reddened-skin-or-skin-eczema-500-ml\\\/#breadcrumb\",\"itemListElement\":[{\"@type\":\"ListItem\",\"position\":1,\"name\":\"Home\",\"item\":\"https:\\\/\\\/purehivehoney.com\\\/de\\\/\"},{\"@type\":\"ListItem\",\"position\":2,\"name\":\"Shop\",\"item\":\"https:\\\/\\\/purehivehoney.com\\\/de\\\/shop\\\/\"},{\"@type\":\"ListItem\",\"position\":3,\"name\":\"bleumarine Bretania Horse Balm Hors...\"}]},{\"@type\":\"WebSite\",\"@id\":\"https:\\\/\\\/purehivehoney.com\\\/de\\\/#website\",\"url\":\"https:\\\/\\\/purehivehoney.com\\\/de\\\/\",\"name\":\"PureHiveHoney\",\"description\":\"Reiner Honig &amp; Bienenprodukte Online | Rohhonig, Bio Honig &amp; Spezialhonig\",\"publisher\":{\"@id\":\"https:\\\/\\\/purehivehoney.com\\\/de\\\/#organization\"},\"potentialAction\":[{\"@type\":\"SearchAction\",\"target\":{\"@type\":\"EntryPoint\",\"urlTemplate\":\"https:\\\/\\\/purehivehoney.com\\\/de\\\/?s={search_term_string}\"},\"query-input\":{\"@type\":\"PropertyValueSpecification\",\"valueRequired\":true,\"valueName\":\"search_term_string\"}}],\"inLanguage\":\"de\"},{\"@type\":\"Organization\",\"@id\":\"https:\\\/\\\/purehivehoney.com\\\/de\\\/#organization\",\"name\":\"PureHiveHoney\",\"url\":\"https:\\\/\\\/purehivehoney.com\\\/de\\\/\",\"logo\":{\"@type\":\"ImageObject\",\"inLanguage\":\"de\",\"@id\":\"https:\\\/\\\/purehivehoney.com\\\/de\\\/#\\\/schema\\\/logo\\\/image\\\/\",\"url\":\"https:\\\/\\\/purehivehoney.com\\\/de\\\/wp-content\\\/uploads\\\/2026\\\/03\\\/Screenshot-2026-03-16-at-1.06.01-AM.png\",\"contentUrl\":\"https:\\\/\\\/purehivehoney.com\\\/de\\\/wp-content\\\/uploads\\\/2026\\\/03\\\/Screenshot-2026-03-16-at-1.06.01-AM.png\",\"width\":2112,\"height\":1086,\"caption\":\"PureHiveHoney\"},\"image\":{\"@id\":\"https:\\\/\\\/purehivehoney.com\\\/de\\\/#\\\/schema\\\/logo\\\/image\\\/\"}}]}<\/script>\n<!-- \/ Yoast SEO plugin. -->","yoast_head_json":{"title":"bleumarine Bretania Horse Balm Horse Propolis Gel Propolis Tincture Ointment Muscle For Irritated, Reddened Skin or Skin Eczema, 500 ml - PureHiveHoney","description":"Entdecken Sie hochwertigen Rohhonig, Bio Honig, Manuka Honig und nat\u00fcrliche Bienenprodukte. PureHiveHoney hilft Ihnen dabei, sorgf\u00e4ltig ausgew\u00e4hlte Honigsorten mit nat\u00fcrlicher Qualit\u00e4t und Reinheit zu entdecken.","robots":{"index":"index","follow":"follow","max-snippet":"max-snippet:-1","max-image-preview":"max-image-preview:large","max-video-preview":"max-video-preview:-1"},"canonical":"https:\/\/purehivehoney.com\/de\/product\/bleumarine-bretania-horse-balm-horse-propolis-gel-propolis-tincture-ointment-muscle-for-irritated-reddened-skin-or-skin-eczema-500-ml\/","og_locale":"de_DE","og_type":"article","og_title":"bleumarine Bretania Horse Balm Horse Propolis Gel Propolis Tincture Ointment Muscle For Irritated, Reddened Skin or Skin Eczema, 500 ml - PureHiveHoney","og_description":"Entdecken Sie hochwertigen Rohhonig, Bio Honig, Manuka Honig und nat\u00fcrliche Bienenprodukte. PureHiveHoney hilft Ihnen dabei, sorgf\u00e4ltig ausgew\u00e4hlte Honigsorten mit nat\u00fcrlicher Qualit\u00e4t und Reinheit zu entdecken.","og_url":"https:\/\/purehivehoney.com\/de\/product\/bleumarine-bretania-horse-balm-horse-propolis-gel-propolis-tincture-ointment-muscle-for-irritated-reddened-skin-or-skin-eczema-500-ml\/","og_site_name":"PureHiveHoney","article_modified_time":"2026-03-16T04:27:33+00:00","twitter_card":"summary_large_image","twitter_misc":{"Gesch\u00e4tzte Lesezeit":"2\u00a0Minuten"},"schema":{"@context":"https:\/\/schema.org","@graph":[{"@type":"WebPage","@id":"https:\/\/purehivehoney.com\/de\/product\/bleumarine-bretania-horse-balm-horse-propolis-gel-propolis-tincture-ointment-muscle-for-irritated-reddened-skin-or-skin-eczema-500-ml\/","url":"https:\/\/purehivehoney.com\/de\/product\/bleumarine-bretania-horse-balm-horse-propolis-gel-propolis-tincture-ointment-muscle-for-irritated-reddened-skin-or-skin-eczema-500-ml\/","name":"bleumarine Bretania Horse Balm Horse Propolis Gel Propolis Tincture Ointment Muscle For Irritated, Reddened Skin or Skin Eczema, 500 ml - PureHiveHoney","isPartOf":{"@id":"https:\/\/purehivehoney.com\/de\/#website"},"primaryImageOfPage":{"@id":"https:\/\/purehivehoney.com\/de\/product\/bleumarine-bretania-horse-balm-horse-propolis-gel-propolis-tincture-ointment-muscle-for-irritated-reddened-skin-or-skin-eczema-500-ml\/#primaryimage"},"image":{"@id":"https:\/\/purehivehoney.com\/de\/product\/bleumarine-bretania-horse-balm-horse-propolis-gel-propolis-tincture-ointment-muscle-for-irritated-reddened-skin-or-skin-eczema-500-ml\/#primaryimage"},"thumbnailUrl":"https:\/\/purehivehoney.com\/de\/wp-content\/uploads\/2026\/03\/61OPOwVTp7L._SL1080_.jpg","datePublished":"2026-03-16T04:27:19+00:00","dateModified":"2026-03-16T04:27:33+00:00","description":"Entdecken Sie hochwertigen Rohhonig, Bio Honig, Manuka Honig und nat\u00fcrliche Bienenprodukte. PureHiveHoney hilft Ihnen dabei, sorgf\u00e4ltig ausgew\u00e4hlte Honigsorten mit nat\u00fcrlicher Qualit\u00e4t und Reinheit zu entdecken.","breadcrumb":{"@id":"https:\/\/purehivehoney.com\/de\/product\/bleumarine-bretania-horse-balm-horse-propolis-gel-propolis-tincture-ointment-muscle-for-irritated-reddened-skin-or-skin-eczema-500-ml\/#breadcrumb"},"inLanguage":"de","potentialAction":[{"@type":"ReadAction","target":["https:\/\/purehivehoney.com\/de\/product\/bleumarine-bretania-horse-balm-horse-propolis-gel-propolis-tincture-ointment-muscle-for-irritated-reddened-skin-or-skin-eczema-500-ml\/"]}]},{"@type":"ImageObject","inLanguage":"de","@id":"https:\/\/purehivehoney.com\/de\/product\/bleumarine-bretania-horse-balm-horse-propolis-gel-propolis-tincture-ointment-muscle-for-irritated-reddened-skin-or-skin-eczema-500-ml\/#primaryimage","url":"https:\/\/purehivehoney.com\/de\/wp-content\/uploads\/2026\/03\/61OPOwVTp7L._SL1080_.jpg","contentUrl":"https:\/\/purehivehoney.com\/de\/wp-content\/uploads\/2026\/03\/61OPOwVTp7L._SL1080_.jpg","width":1080,"height":1080},{"@type":"BreadcrumbList","@id":"https:\/\/purehivehoney.com\/de\/product\/bleumarine-bretania-horse-balm-horse-propolis-gel-propolis-tincture-ointment-muscle-for-irritated-reddened-skin-or-skin-eczema-500-ml\/#breadcrumb","itemListElement":[{"@type":"ListItem","position":1,"name":"Home","item":"https:\/\/purehivehoney.com\/de\/"},{"@type":"ListItem","position":2,"name":"Shop","item":"https:\/\/purehivehoney.com\/de\/shop\/"},{"@type":"ListItem","position":3,"name":"bleumarine Bretania Horse Balm Hors..."}]},{"@type":"WebSite","@id":"https:\/\/purehivehoney.com\/de\/#website","url":"https:\/\/purehivehoney.com\/de\/","name":"PureHiveHoney","description":"Reiner Honig &amp; Bienenprodukte Online | Rohhonig, Bio Honig &amp; Spezialhonig","publisher":{"@id":"https:\/\/purehivehoney.com\/de\/#organization"},"potentialAction":[{"@type":"SearchAction","target":{"@type":"EntryPoint","urlTemplate":"https:\/\/purehivehoney.com\/de\/?s={search_term_string}"},"query-input":{"@type":"PropertyValueSpecification","valueRequired":true,"valueName":"search_term_string"}}],"inLanguage":"de"},{"@type":"Organization","@id":"https:\/\/purehivehoney.com\/de\/#organization","name":"PureHiveHoney","url":"https:\/\/purehivehoney.com\/de\/","logo":{"@type":"ImageObject","inLanguage":"de","@id":"https:\/\/purehivehoney.com\/de\/#\/schema\/logo\/image\/","url":"https:\/\/purehivehoney.com\/de\/wp-content\/uploads\/2026\/03\/Screenshot-2026-03-16-at-1.06.01-AM.png","contentUrl":"https:\/\/purehivehoney.com\/de\/wp-content\/uploads\/2026\/03\/Screenshot-2026-03-16-at-1.06.01-AM.png","width":2112,"height":1086,"caption":"PureHiveHoney"},"image":{"@id":"https:\/\/purehivehoney.com\/de\/#\/schema\/logo\/image\/"}}]}},"_links":{"self":[{"href":"https:\/\/purehivehoney.com\/de\/wp-json\/wp\/v2\/product\/669","targetHints":{"allow":["GET"]}}],"collection":[{"href":"https:\/\/purehivehoney.com\/de\/wp-json\/wp\/v2\/product"}],"about":[{"href":"https:\/\/purehivehoney.com\/de\/wp-json\/wp\/v2\/types\/product"}],"replies":[{"embeddable":true,"href":"https:\/\/purehivehoney.com\/de\/wp-json\/wp\/v2\/comments?post=669"}],"wp:featuredmedia":[{"embeddable":true,"href":"https:\/\/purehivehoney.com\/de\/wp-json\/wp\/v2\/media\/670"}],"wp:attachment":[{"href":"https:\/\/purehivehoney.com\/de\/wp-json\/wp\/v2\/media?parent=669"}],"wp:term":[{"taxonomy":"store","embeddable":true,"href":"https:\/\/purehivehoney.com\/de\/wp-json\/wp\/v2\/store?post=669"},{"taxonomy":"product_brand","embeddable":true,"href":"https:\/\/purehivehoney.com\/de\/wp-json\/wp\/v2\/product_brand?post=669"},{"taxonomy":"product_cat","embeddable":true,"href":"https:\/\/purehivehoney.com\/de\/wp-json\/wp\/v2\/product_cat?post=669"},{"taxonomy":"product_tag","embeddable":true,"href":"https:\/\/purehivehoney.com\/de\/wp-json\/wp\/v2\/product_tag?post=669"}],"curies":[{"name":"wp","href":"https:\/\/api.w.org\/{rel}","templated":true}]}}