{"id":666,"date":"2026-03-16T04:20:24","date_gmt":"2026-03-16T04:20:24","guid":{"rendered":"https:\/\/purehivehoney.com\/de\/product\/comptoirs-et-compagnies-bio-manuka-honigbalsam-mit-10-manuka-honig-iaa10-mgo-263-200ml\/"},"modified":"2026-03-16T04:20:29","modified_gmt":"2026-03-16T04:20:29","slug":"comptoirs-et-compagnies-bio-manuka-honigbalsam-mit-10-manuka-honig-iaa10-mgo-263-200ml","status":"publish","type":"product","link":"https:\/\/purehivehoney.com\/de\/product\/comptoirs-et-compagnies-bio-manuka-honigbalsam-mit-10-manuka-honig-iaa10-mgo-263-200ml\/","title":{"rendered":"Comptoirs et Compagnies &#8211; Bio..."},"content":{"rendered":"<p>    <span>This ultra-moisturising manuka honey body balm is made from 10% Iaa10+ Manuka honey that intensively hydrates, soothes and repairs dry, very dry and sensitized skin. Enriched with shea butter and macadamia oil, the skin is soothed and becomes supple and soft again.<\/span>    <br \/> Is Discontinued By Manufacturer                                            \u200f                                            :                                            \u200e                                            No   <br \/> Language                                            \u200f                                            :                                            \u200e                                            Spanish   <br \/> Product Dimensions                                            \u200f                                            :                                            \u200e                                            6.5 x 5.5 x 19 cm; 0.2 g   <br \/> Manufacturer                                            \u200f                                            :                                            \u200e                                            Comptoirs et Compagnies   <br \/> ASIN                                            \u200f                                            :                                            \u200e                                            B008VS4EI2   <br \/> Item model number                                            \u200f                                            :                                            \u200e                                            61000   <br \/> Country of origin                                            \u200f                                            :                                            \u200e                                            Germany   <br \/>  Customer reviews:                                                                                            4.3               4.3 out of 5 stars                                  (246)                                              var dpAcrHasRegisteredArcLinkClickAction;                    P.when(&#8218;A&#8216;, &#8218;ready&#8216;).execute(function(A) {                        if (dpAcrHasRegisteredArcLinkClickAction !== true) {                            dpAcrHasRegisteredArcLinkClickAction = true;                            A.declarative(                                &#8218;acrLink-click-metrics&#8216;, &#8218;click&#8216;,                                { &#8222;allowLinkDefault&#8220;: true },                                function (event) {                                    if (window.ue) {                                        ue.count(&#8222;acrLinkClickCount&#8220;, (ue.count(&#8222;acrLinkClickCount&#8220;) || 0) + 1);                                    }                                }                            );                        }                    });                                             P.when(&#8218;A&#8216;, &#8218;cf&#8216;).execute(function(A) {                A.declarative(&#8218;acrStarsLink-click-metrics&#8216;, &#8218;click&#8216;, { &#8222;allowLinkDefault&#8220; : true },  function(event){                    if(window.ue) {                        ue.count(&#8222;acrStarsLinkWithPopoverClickCount&#8220;, (ue.count(&#8222;acrStarsLinkWithPopoverClickCount&#8220;) || 0) + 1);                    }                });            });                          <br \/>Moisturising and soothing \u2013 Our moisturising body balm is designed to provide very dry, tense or sensitive skin with nutrients, soothe and promote the repair of the skin<br \/>Rich in Manuka Honey IAA \u2013 Our moisturising balm contains 10% Manuka honey IAA10+, which is known for its repairing and protective properties, as well as ingredients of 100% natural origin: shea butter, macadamia oil<br \/>Organic certified \u2013 Our moisturising balm is certified organic by Ecocert and awarded the COSMEBIO label and contains 22.5% ingredients from organic cultivation; dermatologically tested<br \/>Proven effectiveness \u2013 after 3 weeks of use with 20 volunteers, 100% of users said that their skin has calmed down thanks to the ultra-moisturising balm<br \/>Made in France \u2013 Our balm is made and packaged in France; Comptoirs et Compagnies makes a CO2 contribution to its rare and endemic raw materials in their countries of origin to finance solidarity projects<\/p>\n\n","protected":false},"excerpt":{"rendered":"<p>This ultra-moisturising manuka honey body balm is made from 10% Iaa10+ Manuka honey that intensively hydrates, soothes and repairs dry, very dry and sensitized skin. Enriched with shea butter and macadamia oil, the skin is soothed and becomes supple and soft again. Is Discontinued By Manufacturer \u200f : \u200e No Language \u200f : \u200e Spanish [&hellip;]<\/p>\n","protected":false},"featured_media":667,"comment_status":"open","ping_status":"closed","template":"","meta":{"_aipt_faq_data":""},"store":[],"product_brand":[204],"product_cat":[45],"product_tag":[203],"class_list":{"0":"post-666","1":"product","2":"type-product","3":"status-publish","4":"has-post-thumbnail","6":"product_brand-comptoirs-compagnies","7":"product_cat-manuka-honig","8":"product_tag-manuka-honig-bio-qualitaet","10":"first","11":"instock","12":"sale","13":"shipping-taxable","14":"product-type-external"},"yoast_head":"<!-- This site is optimized with the Yoast SEO plugin v27.4 - https:\/\/yoast.com\/product\/yoast-seo-wordpress\/ -->\n<title>Comptoirs et Compagnies - Bio Manuka Honigbalsam - mit 10% Manuka Honig IAA10+ - MGO 263 - 200ml - PureHiveHoney<\/title>\n<meta name=\"description\" content=\"Entdecken Sie hochwertigen Rohhonig, Bio Honig, Manuka Honig und nat\u00fcrliche Bienenprodukte. PureHiveHoney hilft Ihnen dabei, sorgf\u00e4ltig ausgew\u00e4hlte Honigsorten mit nat\u00fcrlicher Qualit\u00e4t und Reinheit zu entdecken.\" \/>\n<meta name=\"robots\" content=\"index, follow, max-snippet:-1, max-image-preview:large, max-video-preview:-1\" \/>\n<link rel=\"canonical\" href=\"https:\/\/purehivehoney.com\/de\/product\/comptoirs-et-compagnies-bio-manuka-honigbalsam-mit-10-manuka-honig-iaa10-mgo-263-200ml\/\" \/>\n<meta property=\"og:locale\" content=\"de_DE\" \/>\n<meta property=\"og:type\" content=\"article\" \/>\n<meta property=\"og:title\" content=\"Comptoirs et Compagnies - Bio Manuka Honigbalsam - mit 10% Manuka Honig IAA10+ - MGO 263 - 200ml - PureHiveHoney\" \/>\n<meta property=\"og:description\" content=\"Entdecken Sie hochwertigen Rohhonig, Bio Honig, Manuka Honig und nat\u00fcrliche Bienenprodukte. PureHiveHoney hilft Ihnen dabei, sorgf\u00e4ltig ausgew\u00e4hlte Honigsorten mit nat\u00fcrlicher Qualit\u00e4t und Reinheit zu entdecken.\" \/>\n<meta property=\"og:url\" content=\"https:\/\/purehivehoney.com\/de\/product\/comptoirs-et-compagnies-bio-manuka-honigbalsam-mit-10-manuka-honig-iaa10-mgo-263-200ml\/\" \/>\n<meta property=\"og:site_name\" content=\"PureHiveHoney\" \/>\n<meta property=\"article:modified_time\" content=\"2026-03-16T04:20:29+00:00\" \/>\n<meta name=\"twitter:card\" content=\"summary_large_image\" \/>\n<meta name=\"twitter:label1\" content=\"Gesch\u00e4tzte Lesezeit\" \/>\n\t<meta name=\"twitter:data1\" content=\"1\u00a0Minute\" \/>\n<script type=\"application\/ld+json\" class=\"yoast-schema-graph\">{\"@context\":\"https:\\\/\\\/schema.org\",\"@graph\":[{\"@type\":\"WebPage\",\"@id\":\"https:\\\/\\\/purehivehoney.com\\\/de\\\/product\\\/comptoirs-et-compagnies-bio-manuka-honigbalsam-mit-10-manuka-honig-iaa10-mgo-263-200ml\\\/\",\"url\":\"https:\\\/\\\/purehivehoney.com\\\/de\\\/product\\\/comptoirs-et-compagnies-bio-manuka-honigbalsam-mit-10-manuka-honig-iaa10-mgo-263-200ml\\\/\",\"name\":\"Comptoirs et Compagnies - Bio Manuka Honigbalsam - mit 10% Manuka Honig IAA10+ - MGO 263 - 200ml - PureHiveHoney\",\"isPartOf\":{\"@id\":\"https:\\\/\\\/purehivehoney.com\\\/de\\\/#website\"},\"primaryImageOfPage\":{\"@id\":\"https:\\\/\\\/purehivehoney.com\\\/de\\\/product\\\/comptoirs-et-compagnies-bio-manuka-honigbalsam-mit-10-manuka-honig-iaa10-mgo-263-200ml\\\/#primaryimage\"},\"image\":{\"@id\":\"https:\\\/\\\/purehivehoney.com\\\/de\\\/product\\\/comptoirs-et-compagnies-bio-manuka-honigbalsam-mit-10-manuka-honig-iaa10-mgo-263-200ml\\\/#primaryimage\"},\"thumbnailUrl\":\"https:\\\/\\\/purehivehoney.com\\\/de\\\/wp-content\\\/uploads\\\/2026\\\/03\\\/71VbI3D97BL._SL1500_.jpg\",\"datePublished\":\"2026-03-16T04:20:24+00:00\",\"dateModified\":\"2026-03-16T04:20:29+00:00\",\"description\":\"Entdecken Sie hochwertigen Rohhonig, Bio Honig, Manuka Honig und nat\u00fcrliche Bienenprodukte. PureHiveHoney hilft Ihnen dabei, sorgf\u00e4ltig ausgew\u00e4hlte Honigsorten mit nat\u00fcrlicher Qualit\u00e4t und Reinheit zu entdecken.\",\"breadcrumb\":{\"@id\":\"https:\\\/\\\/purehivehoney.com\\\/de\\\/product\\\/comptoirs-et-compagnies-bio-manuka-honigbalsam-mit-10-manuka-honig-iaa10-mgo-263-200ml\\\/#breadcrumb\"},\"inLanguage\":\"de\",\"potentialAction\":[{\"@type\":\"ReadAction\",\"target\":[\"https:\\\/\\\/purehivehoney.com\\\/de\\\/product\\\/comptoirs-et-compagnies-bio-manuka-honigbalsam-mit-10-manuka-honig-iaa10-mgo-263-200ml\\\/\"]}]},{\"@type\":\"ImageObject\",\"inLanguage\":\"de\",\"@id\":\"https:\\\/\\\/purehivehoney.com\\\/de\\\/product\\\/comptoirs-et-compagnies-bio-manuka-honigbalsam-mit-10-manuka-honig-iaa10-mgo-263-200ml\\\/#primaryimage\",\"url\":\"https:\\\/\\\/purehivehoney.com\\\/de\\\/wp-content\\\/uploads\\\/2026\\\/03\\\/71VbI3D97BL._SL1500_.jpg\",\"contentUrl\":\"https:\\\/\\\/purehivehoney.com\\\/de\\\/wp-content\\\/uploads\\\/2026\\\/03\\\/71VbI3D97BL._SL1500_.jpg\",\"width\":1500,\"height\":1500},{\"@type\":\"BreadcrumbList\",\"@id\":\"https:\\\/\\\/purehivehoney.com\\\/de\\\/product\\\/comptoirs-et-compagnies-bio-manuka-honigbalsam-mit-10-manuka-honig-iaa10-mgo-263-200ml\\\/#breadcrumb\",\"itemListElement\":[{\"@type\":\"ListItem\",\"position\":1,\"name\":\"Home\",\"item\":\"https:\\\/\\\/purehivehoney.com\\\/de\\\/\"},{\"@type\":\"ListItem\",\"position\":2,\"name\":\"Shop\",\"item\":\"https:\\\/\\\/purehivehoney.com\\\/de\\\/shop\\\/\"},{\"@type\":\"ListItem\",\"position\":3,\"name\":\"Comptoirs et Compagnies &#8211; Bio...\"}]},{\"@type\":\"WebSite\",\"@id\":\"https:\\\/\\\/purehivehoney.com\\\/de\\\/#website\",\"url\":\"https:\\\/\\\/purehivehoney.com\\\/de\\\/\",\"name\":\"PureHiveHoney\",\"description\":\"Reiner Honig &amp; Bienenprodukte Online | Rohhonig, Bio Honig &amp; Spezialhonig\",\"publisher\":{\"@id\":\"https:\\\/\\\/purehivehoney.com\\\/de\\\/#organization\"},\"potentialAction\":[{\"@type\":\"SearchAction\",\"target\":{\"@type\":\"EntryPoint\",\"urlTemplate\":\"https:\\\/\\\/purehivehoney.com\\\/de\\\/?s={search_term_string}\"},\"query-input\":{\"@type\":\"PropertyValueSpecification\",\"valueRequired\":true,\"valueName\":\"search_term_string\"}}],\"inLanguage\":\"de\"},{\"@type\":\"Organization\",\"@id\":\"https:\\\/\\\/purehivehoney.com\\\/de\\\/#organization\",\"name\":\"PureHiveHoney\",\"url\":\"https:\\\/\\\/purehivehoney.com\\\/de\\\/\",\"logo\":{\"@type\":\"ImageObject\",\"inLanguage\":\"de\",\"@id\":\"https:\\\/\\\/purehivehoney.com\\\/de\\\/#\\\/schema\\\/logo\\\/image\\\/\",\"url\":\"https:\\\/\\\/purehivehoney.com\\\/de\\\/wp-content\\\/uploads\\\/2026\\\/03\\\/Screenshot-2026-03-16-at-1.06.01-AM.png\",\"contentUrl\":\"https:\\\/\\\/purehivehoney.com\\\/de\\\/wp-content\\\/uploads\\\/2026\\\/03\\\/Screenshot-2026-03-16-at-1.06.01-AM.png\",\"width\":2112,\"height\":1086,\"caption\":\"PureHiveHoney\"},\"image\":{\"@id\":\"https:\\\/\\\/purehivehoney.com\\\/de\\\/#\\\/schema\\\/logo\\\/image\\\/\"}}]}<\/script>\n<!-- \/ Yoast SEO plugin. -->","yoast_head_json":{"title":"Comptoirs et Compagnies - Bio Manuka Honigbalsam - mit 10% Manuka Honig IAA10+ - MGO 263 - 200ml - PureHiveHoney","description":"Entdecken Sie hochwertigen Rohhonig, Bio Honig, Manuka Honig und nat\u00fcrliche Bienenprodukte. PureHiveHoney hilft Ihnen dabei, sorgf\u00e4ltig ausgew\u00e4hlte Honigsorten mit nat\u00fcrlicher Qualit\u00e4t und Reinheit zu entdecken.","robots":{"index":"index","follow":"follow","max-snippet":"max-snippet:-1","max-image-preview":"max-image-preview:large","max-video-preview":"max-video-preview:-1"},"canonical":"https:\/\/purehivehoney.com\/de\/product\/comptoirs-et-compagnies-bio-manuka-honigbalsam-mit-10-manuka-honig-iaa10-mgo-263-200ml\/","og_locale":"de_DE","og_type":"article","og_title":"Comptoirs et Compagnies - Bio Manuka Honigbalsam - mit 10% Manuka Honig IAA10+ - MGO 263 - 200ml - PureHiveHoney","og_description":"Entdecken Sie hochwertigen Rohhonig, Bio Honig, Manuka Honig und nat\u00fcrliche Bienenprodukte. PureHiveHoney hilft Ihnen dabei, sorgf\u00e4ltig ausgew\u00e4hlte Honigsorten mit nat\u00fcrlicher Qualit\u00e4t und Reinheit zu entdecken.","og_url":"https:\/\/purehivehoney.com\/de\/product\/comptoirs-et-compagnies-bio-manuka-honigbalsam-mit-10-manuka-honig-iaa10-mgo-263-200ml\/","og_site_name":"PureHiveHoney","article_modified_time":"2026-03-16T04:20:29+00:00","twitter_card":"summary_large_image","twitter_misc":{"Gesch\u00e4tzte Lesezeit":"1\u00a0Minute"},"schema":{"@context":"https:\/\/schema.org","@graph":[{"@type":"WebPage","@id":"https:\/\/purehivehoney.com\/de\/product\/comptoirs-et-compagnies-bio-manuka-honigbalsam-mit-10-manuka-honig-iaa10-mgo-263-200ml\/","url":"https:\/\/purehivehoney.com\/de\/product\/comptoirs-et-compagnies-bio-manuka-honigbalsam-mit-10-manuka-honig-iaa10-mgo-263-200ml\/","name":"Comptoirs et Compagnies - Bio Manuka Honigbalsam - mit 10% Manuka Honig IAA10+ - MGO 263 - 200ml - PureHiveHoney","isPartOf":{"@id":"https:\/\/purehivehoney.com\/de\/#website"},"primaryImageOfPage":{"@id":"https:\/\/purehivehoney.com\/de\/product\/comptoirs-et-compagnies-bio-manuka-honigbalsam-mit-10-manuka-honig-iaa10-mgo-263-200ml\/#primaryimage"},"image":{"@id":"https:\/\/purehivehoney.com\/de\/product\/comptoirs-et-compagnies-bio-manuka-honigbalsam-mit-10-manuka-honig-iaa10-mgo-263-200ml\/#primaryimage"},"thumbnailUrl":"https:\/\/purehivehoney.com\/de\/wp-content\/uploads\/2026\/03\/71VbI3D97BL._SL1500_.jpg","datePublished":"2026-03-16T04:20:24+00:00","dateModified":"2026-03-16T04:20:29+00:00","description":"Entdecken Sie hochwertigen Rohhonig, Bio Honig, Manuka Honig und nat\u00fcrliche Bienenprodukte. PureHiveHoney hilft Ihnen dabei, sorgf\u00e4ltig ausgew\u00e4hlte Honigsorten mit nat\u00fcrlicher Qualit\u00e4t und Reinheit zu entdecken.","breadcrumb":{"@id":"https:\/\/purehivehoney.com\/de\/product\/comptoirs-et-compagnies-bio-manuka-honigbalsam-mit-10-manuka-honig-iaa10-mgo-263-200ml\/#breadcrumb"},"inLanguage":"de","potentialAction":[{"@type":"ReadAction","target":["https:\/\/purehivehoney.com\/de\/product\/comptoirs-et-compagnies-bio-manuka-honigbalsam-mit-10-manuka-honig-iaa10-mgo-263-200ml\/"]}]},{"@type":"ImageObject","inLanguage":"de","@id":"https:\/\/purehivehoney.com\/de\/product\/comptoirs-et-compagnies-bio-manuka-honigbalsam-mit-10-manuka-honig-iaa10-mgo-263-200ml\/#primaryimage","url":"https:\/\/purehivehoney.com\/de\/wp-content\/uploads\/2026\/03\/71VbI3D97BL._SL1500_.jpg","contentUrl":"https:\/\/purehivehoney.com\/de\/wp-content\/uploads\/2026\/03\/71VbI3D97BL._SL1500_.jpg","width":1500,"height":1500},{"@type":"BreadcrumbList","@id":"https:\/\/purehivehoney.com\/de\/product\/comptoirs-et-compagnies-bio-manuka-honigbalsam-mit-10-manuka-honig-iaa10-mgo-263-200ml\/#breadcrumb","itemListElement":[{"@type":"ListItem","position":1,"name":"Home","item":"https:\/\/purehivehoney.com\/de\/"},{"@type":"ListItem","position":2,"name":"Shop","item":"https:\/\/purehivehoney.com\/de\/shop\/"},{"@type":"ListItem","position":3,"name":"Comptoirs et Compagnies &#8211; Bio..."}]},{"@type":"WebSite","@id":"https:\/\/purehivehoney.com\/de\/#website","url":"https:\/\/purehivehoney.com\/de\/","name":"PureHiveHoney","description":"Reiner Honig &amp; Bienenprodukte Online | Rohhonig, Bio Honig &amp; Spezialhonig","publisher":{"@id":"https:\/\/purehivehoney.com\/de\/#organization"},"potentialAction":[{"@type":"SearchAction","target":{"@type":"EntryPoint","urlTemplate":"https:\/\/purehivehoney.com\/de\/?s={search_term_string}"},"query-input":{"@type":"PropertyValueSpecification","valueRequired":true,"valueName":"search_term_string"}}],"inLanguage":"de"},{"@type":"Organization","@id":"https:\/\/purehivehoney.com\/de\/#organization","name":"PureHiveHoney","url":"https:\/\/purehivehoney.com\/de\/","logo":{"@type":"ImageObject","inLanguage":"de","@id":"https:\/\/purehivehoney.com\/de\/#\/schema\/logo\/image\/","url":"https:\/\/purehivehoney.com\/de\/wp-content\/uploads\/2026\/03\/Screenshot-2026-03-16-at-1.06.01-AM.png","contentUrl":"https:\/\/purehivehoney.com\/de\/wp-content\/uploads\/2026\/03\/Screenshot-2026-03-16-at-1.06.01-AM.png","width":2112,"height":1086,"caption":"PureHiveHoney"},"image":{"@id":"https:\/\/purehivehoney.com\/de\/#\/schema\/logo\/image\/"}}]}},"_links":{"self":[{"href":"https:\/\/purehivehoney.com\/de\/wp-json\/wp\/v2\/product\/666","targetHints":{"allow":["GET"]}}],"collection":[{"href":"https:\/\/purehivehoney.com\/de\/wp-json\/wp\/v2\/product"}],"about":[{"href":"https:\/\/purehivehoney.com\/de\/wp-json\/wp\/v2\/types\/product"}],"replies":[{"embeddable":true,"href":"https:\/\/purehivehoney.com\/de\/wp-json\/wp\/v2\/comments?post=666"}],"wp:featuredmedia":[{"embeddable":true,"href":"https:\/\/purehivehoney.com\/de\/wp-json\/wp\/v2\/media\/667"}],"wp:attachment":[{"href":"https:\/\/purehivehoney.com\/de\/wp-json\/wp\/v2\/media?parent=666"}],"wp:term":[{"taxonomy":"store","embeddable":true,"href":"https:\/\/purehivehoney.com\/de\/wp-json\/wp\/v2\/store?post=666"},{"taxonomy":"product_brand","embeddable":true,"href":"https:\/\/purehivehoney.com\/de\/wp-json\/wp\/v2\/product_brand?post=666"},{"taxonomy":"product_cat","embeddable":true,"href":"https:\/\/purehivehoney.com\/de\/wp-json\/wp\/v2\/product_cat?post=666"},{"taxonomy":"product_tag","embeddable":true,"href":"https:\/\/purehivehoney.com\/de\/wp-json\/wp\/v2\/product_tag?post=666"}],"curies":[{"name":"wp","href":"https:\/\/api.w.org\/{rel}","templated":true}]}}