{"id":625,"date":"2026-03-16T04:00:13","date_gmt":"2026-03-16T04:00:13","guid":{"rendered":"https:\/\/purehivehoney.com\/de\/product\/sunlife-cough-stimulator-hot-drink-1-x-14-powder-sticks-cough-remover-with-active-ingredient-rubber-arabic-honey-sage-flavour-cough-and-sore-throat-remedy\/"},"modified":"2026-03-16T04:00:45","modified_gmt":"2026-03-16T04:00:45","slug":"sunlife-cough-stimulator-hot-drink-1-x-14-powder-sticks-cough-remover-with-active-ingredient-rubber-arabic-honey-sage-flavour-cough-and-sore-throat-remedy","status":"publish","type":"product","link":"https:\/\/purehivehoney.com\/de\/product\/sunlife-cough-stimulator-hot-drink-1-x-14-powder-sticks-cough-remover-with-active-ingredient-rubber-arabic-honey-sage-flavour-cough-and-sore-throat-remedy\/","title":{"rendered":"SUNLIFE Cough Stimulator Hot Drink ..."},"content":{"rendered":"<p>    <span>Especially in the colder seasons, the body&#8217;s defences are put to the test. <\/span><br \/><span>Recurring cough stimulus can occur due to various stress, such as dry room air. But it can also occur with a beginning cold. A frequent cough is unpleasant and irritates the affected and strained mucous membranes. <\/span><br \/><span>The active ingredient gum arabic contained in the Sunlife cough suppressant hot drink is deposited as a protective film on the irritated mucous membranes and stimulates regeneration. <\/span><br \/><span>By drinking the warm drink, the mucous membranes are kept moist, irritating cough and hoarseness are relieved and the natural healing process is supported. <\/span><br \/><span>Advantages with the Sunlife cough stimulator hot drink. <\/span><\/p>\n<ul class=\"a-unordered-list a-vertical\">\n<li><span class=\"a-list-item\"><span>Relief from cough stimulus <\/span><\/span><\/li>\n<li><span class=\"a-list-item\"><span>Sedation of the mucous membranes. <\/span><\/span><\/li>\n<li><span class=\"a-list-item\"><span>With the proven active ingredient gum arabic. <\/span><\/span><\/li>\n<li><span class=\"a-list-item\"><span>Made in Germany. <\/span><\/span><\/li>\n<\/ul>\n<p><span>Use: <\/span><br \/><span>For adults: <\/span><br \/><span>2 to 3 times a day, dissolve the contents of a stick in a glass of hot water (150 ml), stir well and before drinking approx. Leave to swell in the glass for 5 minutes. <\/span><br \/><span>Keep each sip in the throat and throat area for as long as possible before swallowing and move it back and forth slightly &#8211; about 15 seconds for optimal wetting of the mucous membrane. <\/span><br \/><span>For children: <\/span><br \/><span>From the age of 6 years, teenagers take the contents of a stick 1 to 2 times a day. <\/span><br \/><span>Keep out of reach of children. Store in a dry place and at a temperature not exceeding 25\u00b0C. <\/span><br \/> Product Dimensions                                            \u200f                                            :                                            \u200e                                            4 x 13.5 x 9.7 cm; 70 g   <br \/> Manufacturer                                            \u200f                                            :                                            \u200e                                            SUNLIFE\u00ae Produktions- und Vertriebsgesellschaft mbH   <br \/> ASIN                                            \u200f                                            :                                            \u200e                                            B085688T33   <br \/> Item model number                                            \u200f                                            :                                            \u200e                                            138026   <br \/> Country of origin                                            \u200f                                            :                                            \u200e                                            Germany   <br \/>  Customer reviews:                                                                                            3.8               3.8 out of 5 stars                                  (62)                                              var dpAcrHasRegisteredArcLinkClickAction;                    P.when(&#8218;A&#8216;, &#8218;ready&#8216;).execute(function(A) {                        if (dpAcrHasRegisteredArcLinkClickAction !== true) {                            dpAcrHasRegisteredArcLinkClickAction = true;                            A.declarative(                                &#8218;acrLink-click-metrics&#8216;, &#8218;click&#8216;,                                { &#8222;allowLinkDefault&#8220;: true },                                function (event) {                                    if (window.ue) {                                        ue.count(&#8222;acrLinkClickCount&#8220;, (ue.count(&#8222;acrLinkClickCount&#8220;) || 0) + 1);                                    }                                }                            );                        }                    });                                             P.when(&#8218;A&#8216;, &#8218;cf&#8216;).execute(function(A) {                A.declarative(&#8218;acrStarsLink-click-metrics&#8216;, &#8218;click&#8216;, { &#8222;allowLinkDefault&#8220; : true },  function(event){                    if(window.ue) {                        ue.count(&#8222;acrStarsLinkWithPopoverClickCount&#8220;, (ue.count(&#8222;acrStarsLinkWithPopoverClickCount&#8220;) || 0) + 1);                    }                });            });                          <br \/>Ideal for coughing &#8211; Our Sunlife cough stimulus hot drink contributes to the regeneration of irritated mucous membranes and is the optimal support for relieving irritating coughs and hoarseness.<br \/>Effective protection \u2013 the active ingredient gum arabic lays on the mucous membranes like a protective film and serves for moisturising, so that the irritated mucous membranes in the neck and throat area are soothed.<br \/>Use: adults: 2-3 times a day dissolve the contents of a stick in a glass of warm water (150 ml), stir and drink &#8211; children from 6 years and teenagers: 1-2 times a day a stick.<br \/>Excellent quality \u2013 the cough suppressant drink has a tasty honey sage taste and dissolves quickly in the water \u2013 the powder sticks are gluten and lactose free.<br \/>Made in Germany \u2013 Our Sunlife products are produced in Germany to the highest quality standards and offer the optimal support for your health.<\/p>\n\n","protected":false},"excerpt":{"rendered":"<p>Especially in the colder seasons, the body&#8217;s defences are put to the test. Recurring cough stimulus can occur due to various stress, such as dry room air. But it can also occur with a beginning cold. A frequent cough is unpleasant and irritates the affected and strained mucous membranes. The active ingredient gum arabic contained [&hellip;]<\/p>\n","protected":false},"featured_media":626,"comment_status":"open","ping_status":"closed","template":"","meta":{"_aipt_faq_data":""},"store":[],"product_brand":[198],"product_cat":[61],"product_tag":[100],"class_list":{"0":"post-625","1":"product","2":"type-product","3":"status-publish","4":"has-post-thumbnail","6":"product_brand-sunlife","7":"product_cat-honig-gegen-halsschmerzen","8":"product_tag-honig-gegen-halsschmerzen-natuerlich","10":"first","11":"instock","12":"shipping-taxable","13":"product-type-external"},"yoast_head":"<!-- This site is optimized with the Yoast SEO plugin v27.4 - https:\/\/yoast.com\/product\/yoast-seo-wordpress\/ -->\n<title>SUNLIFE Cough Stimulator Hot Drink - 1 x 14 Powder Sticks - Cough Remover with Active Ingredient Rubber Arabic - Honey Sage Flavour - Cough and Sore Throat Remedy - PureHiveHoney<\/title>\n<meta name=\"description\" content=\"Entdecken Sie hochwertigen Rohhonig, Bio Honig, Manuka Honig und nat\u00fcrliche Bienenprodukte. PureHiveHoney hilft Ihnen dabei, sorgf\u00e4ltig ausgew\u00e4hlte Honigsorten mit nat\u00fcrlicher Qualit\u00e4t und Reinheit zu entdecken.\" \/>\n<meta name=\"robots\" content=\"index, follow, max-snippet:-1, max-image-preview:large, max-video-preview:-1\" \/>\n<link rel=\"canonical\" href=\"https:\/\/purehivehoney.com\/de\/product\/sunlife-cough-stimulator-hot-drink-1-x-14-powder-sticks-cough-remover-with-active-ingredient-rubber-arabic-honey-sage-flavour-cough-and-sore-throat-remedy\/\" \/>\n<meta property=\"og:locale\" content=\"de_DE\" \/>\n<meta property=\"og:type\" content=\"article\" \/>\n<meta property=\"og:title\" content=\"SUNLIFE Cough Stimulator Hot Drink - 1 x 14 Powder Sticks - Cough Remover with Active Ingredient Rubber Arabic - Honey Sage Flavour - Cough and Sore Throat Remedy - PureHiveHoney\" \/>\n<meta property=\"og:description\" content=\"Entdecken Sie hochwertigen Rohhonig, Bio Honig, Manuka Honig und nat\u00fcrliche Bienenprodukte. PureHiveHoney hilft Ihnen dabei, sorgf\u00e4ltig ausgew\u00e4hlte Honigsorten mit nat\u00fcrlicher Qualit\u00e4t und Reinheit zu entdecken.\" \/>\n<meta property=\"og:url\" content=\"https:\/\/purehivehoney.com\/de\/product\/sunlife-cough-stimulator-hot-drink-1-x-14-powder-sticks-cough-remover-with-active-ingredient-rubber-arabic-honey-sage-flavour-cough-and-sore-throat-remedy\/\" \/>\n<meta property=\"og:site_name\" content=\"PureHiveHoney\" \/>\n<meta property=\"article:modified_time\" content=\"2026-03-16T04:00:45+00:00\" \/>\n<meta name=\"twitter:card\" content=\"summary_large_image\" \/>\n<meta name=\"twitter:label1\" content=\"Gesch\u00e4tzte Lesezeit\" \/>\n\t<meta name=\"twitter:data1\" content=\"2\u00a0Minuten\" \/>\n<script type=\"application\/ld+json\" class=\"yoast-schema-graph\">{\"@context\":\"https:\\\/\\\/schema.org\",\"@graph\":[{\"@type\":\"WebPage\",\"@id\":\"https:\\\/\\\/purehivehoney.com\\\/de\\\/product\\\/sunlife-cough-stimulator-hot-drink-1-x-14-powder-sticks-cough-remover-with-active-ingredient-rubber-arabic-honey-sage-flavour-cough-and-sore-throat-remedy\\\/\",\"url\":\"https:\\\/\\\/purehivehoney.com\\\/de\\\/product\\\/sunlife-cough-stimulator-hot-drink-1-x-14-powder-sticks-cough-remover-with-active-ingredient-rubber-arabic-honey-sage-flavour-cough-and-sore-throat-remedy\\\/\",\"name\":\"SUNLIFE Cough Stimulator Hot Drink - 1 x 14 Powder Sticks - Cough Remover with Active Ingredient Rubber Arabic - Honey Sage Flavour - Cough and Sore Throat Remedy - PureHiveHoney\",\"isPartOf\":{\"@id\":\"https:\\\/\\\/purehivehoney.com\\\/de\\\/#website\"},\"primaryImageOfPage\":{\"@id\":\"https:\\\/\\\/purehivehoney.com\\\/de\\\/product\\\/sunlife-cough-stimulator-hot-drink-1-x-14-powder-sticks-cough-remover-with-active-ingredient-rubber-arabic-honey-sage-flavour-cough-and-sore-throat-remedy\\\/#primaryimage\"},\"image\":{\"@id\":\"https:\\\/\\\/purehivehoney.com\\\/de\\\/product\\\/sunlife-cough-stimulator-hot-drink-1-x-14-powder-sticks-cough-remover-with-active-ingredient-rubber-arabic-honey-sage-flavour-cough-and-sore-throat-remedy\\\/#primaryimage\"},\"thumbnailUrl\":\"https:\\\/\\\/purehivehoney.com\\\/de\\\/wp-content\\\/uploads\\\/2026\\\/03\\\/71ginBATYiL._AC_SL1500_.jpg\",\"datePublished\":\"2026-03-16T04:00:13+00:00\",\"dateModified\":\"2026-03-16T04:00:45+00:00\",\"description\":\"Entdecken Sie hochwertigen Rohhonig, Bio Honig, Manuka Honig und nat\u00fcrliche Bienenprodukte. PureHiveHoney hilft Ihnen dabei, sorgf\u00e4ltig ausgew\u00e4hlte Honigsorten mit nat\u00fcrlicher Qualit\u00e4t und Reinheit zu entdecken.\",\"breadcrumb\":{\"@id\":\"https:\\\/\\\/purehivehoney.com\\\/de\\\/product\\\/sunlife-cough-stimulator-hot-drink-1-x-14-powder-sticks-cough-remover-with-active-ingredient-rubber-arabic-honey-sage-flavour-cough-and-sore-throat-remedy\\\/#breadcrumb\"},\"inLanguage\":\"de\",\"potentialAction\":[{\"@type\":\"ReadAction\",\"target\":[\"https:\\\/\\\/purehivehoney.com\\\/de\\\/product\\\/sunlife-cough-stimulator-hot-drink-1-x-14-powder-sticks-cough-remover-with-active-ingredient-rubber-arabic-honey-sage-flavour-cough-and-sore-throat-remedy\\\/\"]}]},{\"@type\":\"ImageObject\",\"inLanguage\":\"de\",\"@id\":\"https:\\\/\\\/purehivehoney.com\\\/de\\\/product\\\/sunlife-cough-stimulator-hot-drink-1-x-14-powder-sticks-cough-remover-with-active-ingredient-rubber-arabic-honey-sage-flavour-cough-and-sore-throat-remedy\\\/#primaryimage\",\"url\":\"https:\\\/\\\/purehivehoney.com\\\/de\\\/wp-content\\\/uploads\\\/2026\\\/03\\\/71ginBATYiL._AC_SL1500_.jpg\",\"contentUrl\":\"https:\\\/\\\/purehivehoney.com\\\/de\\\/wp-content\\\/uploads\\\/2026\\\/03\\\/71ginBATYiL._AC_SL1500_.jpg\",\"width\":1389,\"height\":1500},{\"@type\":\"BreadcrumbList\",\"@id\":\"https:\\\/\\\/purehivehoney.com\\\/de\\\/product\\\/sunlife-cough-stimulator-hot-drink-1-x-14-powder-sticks-cough-remover-with-active-ingredient-rubber-arabic-honey-sage-flavour-cough-and-sore-throat-remedy\\\/#breadcrumb\",\"itemListElement\":[{\"@type\":\"ListItem\",\"position\":1,\"name\":\"Home\",\"item\":\"https:\\\/\\\/purehivehoney.com\\\/de\\\/\"},{\"@type\":\"ListItem\",\"position\":2,\"name\":\"Shop\",\"item\":\"https:\\\/\\\/purehivehoney.com\\\/de\\\/shop\\\/\"},{\"@type\":\"ListItem\",\"position\":3,\"name\":\"SUNLIFE Cough Stimulator Hot Drink ...\"}]},{\"@type\":\"WebSite\",\"@id\":\"https:\\\/\\\/purehivehoney.com\\\/de\\\/#website\",\"url\":\"https:\\\/\\\/purehivehoney.com\\\/de\\\/\",\"name\":\"PureHiveHoney\",\"description\":\"Reiner Honig &amp; Bienenprodukte Online | Rohhonig, Bio Honig &amp; Spezialhonig\",\"publisher\":{\"@id\":\"https:\\\/\\\/purehivehoney.com\\\/de\\\/#organization\"},\"potentialAction\":[{\"@type\":\"SearchAction\",\"target\":{\"@type\":\"EntryPoint\",\"urlTemplate\":\"https:\\\/\\\/purehivehoney.com\\\/de\\\/?s={search_term_string}\"},\"query-input\":{\"@type\":\"PropertyValueSpecification\",\"valueRequired\":true,\"valueName\":\"search_term_string\"}}],\"inLanguage\":\"de\"},{\"@type\":\"Organization\",\"@id\":\"https:\\\/\\\/purehivehoney.com\\\/de\\\/#organization\",\"name\":\"PureHiveHoney\",\"url\":\"https:\\\/\\\/purehivehoney.com\\\/de\\\/\",\"logo\":{\"@type\":\"ImageObject\",\"inLanguage\":\"de\",\"@id\":\"https:\\\/\\\/purehivehoney.com\\\/de\\\/#\\\/schema\\\/logo\\\/image\\\/\",\"url\":\"https:\\\/\\\/purehivehoney.com\\\/de\\\/wp-content\\\/uploads\\\/2026\\\/03\\\/Screenshot-2026-03-16-at-1.06.01-AM.png\",\"contentUrl\":\"https:\\\/\\\/purehivehoney.com\\\/de\\\/wp-content\\\/uploads\\\/2026\\\/03\\\/Screenshot-2026-03-16-at-1.06.01-AM.png\",\"width\":2112,\"height\":1086,\"caption\":\"PureHiveHoney\"},\"image\":{\"@id\":\"https:\\\/\\\/purehivehoney.com\\\/de\\\/#\\\/schema\\\/logo\\\/image\\\/\"}}]}<\/script>\n<!-- \/ Yoast SEO plugin. -->","yoast_head_json":{"title":"SUNLIFE Cough Stimulator Hot Drink - 1 x 14 Powder Sticks - Cough Remover with Active Ingredient Rubber Arabic - Honey Sage Flavour - Cough and Sore Throat Remedy - PureHiveHoney","description":"Entdecken Sie hochwertigen Rohhonig, Bio Honig, Manuka Honig und nat\u00fcrliche Bienenprodukte. PureHiveHoney hilft Ihnen dabei, sorgf\u00e4ltig ausgew\u00e4hlte Honigsorten mit nat\u00fcrlicher Qualit\u00e4t und Reinheit zu entdecken.","robots":{"index":"index","follow":"follow","max-snippet":"max-snippet:-1","max-image-preview":"max-image-preview:large","max-video-preview":"max-video-preview:-1"},"canonical":"https:\/\/purehivehoney.com\/de\/product\/sunlife-cough-stimulator-hot-drink-1-x-14-powder-sticks-cough-remover-with-active-ingredient-rubber-arabic-honey-sage-flavour-cough-and-sore-throat-remedy\/","og_locale":"de_DE","og_type":"article","og_title":"SUNLIFE Cough Stimulator Hot Drink - 1 x 14 Powder Sticks - Cough Remover with Active Ingredient Rubber Arabic - Honey Sage Flavour - Cough and Sore Throat Remedy - PureHiveHoney","og_description":"Entdecken Sie hochwertigen Rohhonig, Bio Honig, Manuka Honig und nat\u00fcrliche Bienenprodukte. PureHiveHoney hilft Ihnen dabei, sorgf\u00e4ltig ausgew\u00e4hlte Honigsorten mit nat\u00fcrlicher Qualit\u00e4t und Reinheit zu entdecken.","og_url":"https:\/\/purehivehoney.com\/de\/product\/sunlife-cough-stimulator-hot-drink-1-x-14-powder-sticks-cough-remover-with-active-ingredient-rubber-arabic-honey-sage-flavour-cough-and-sore-throat-remedy\/","og_site_name":"PureHiveHoney","article_modified_time":"2026-03-16T04:00:45+00:00","twitter_card":"summary_large_image","twitter_misc":{"Gesch\u00e4tzte Lesezeit":"2\u00a0Minuten"},"schema":{"@context":"https:\/\/schema.org","@graph":[{"@type":"WebPage","@id":"https:\/\/purehivehoney.com\/de\/product\/sunlife-cough-stimulator-hot-drink-1-x-14-powder-sticks-cough-remover-with-active-ingredient-rubber-arabic-honey-sage-flavour-cough-and-sore-throat-remedy\/","url":"https:\/\/purehivehoney.com\/de\/product\/sunlife-cough-stimulator-hot-drink-1-x-14-powder-sticks-cough-remover-with-active-ingredient-rubber-arabic-honey-sage-flavour-cough-and-sore-throat-remedy\/","name":"SUNLIFE Cough Stimulator Hot Drink - 1 x 14 Powder Sticks - Cough Remover with Active Ingredient Rubber Arabic - Honey Sage Flavour - Cough and Sore Throat Remedy - PureHiveHoney","isPartOf":{"@id":"https:\/\/purehivehoney.com\/de\/#website"},"primaryImageOfPage":{"@id":"https:\/\/purehivehoney.com\/de\/product\/sunlife-cough-stimulator-hot-drink-1-x-14-powder-sticks-cough-remover-with-active-ingredient-rubber-arabic-honey-sage-flavour-cough-and-sore-throat-remedy\/#primaryimage"},"image":{"@id":"https:\/\/purehivehoney.com\/de\/product\/sunlife-cough-stimulator-hot-drink-1-x-14-powder-sticks-cough-remover-with-active-ingredient-rubber-arabic-honey-sage-flavour-cough-and-sore-throat-remedy\/#primaryimage"},"thumbnailUrl":"https:\/\/purehivehoney.com\/de\/wp-content\/uploads\/2026\/03\/71ginBATYiL._AC_SL1500_.jpg","datePublished":"2026-03-16T04:00:13+00:00","dateModified":"2026-03-16T04:00:45+00:00","description":"Entdecken Sie hochwertigen Rohhonig, Bio Honig, Manuka Honig und nat\u00fcrliche Bienenprodukte. PureHiveHoney hilft Ihnen dabei, sorgf\u00e4ltig ausgew\u00e4hlte Honigsorten mit nat\u00fcrlicher Qualit\u00e4t und Reinheit zu entdecken.","breadcrumb":{"@id":"https:\/\/purehivehoney.com\/de\/product\/sunlife-cough-stimulator-hot-drink-1-x-14-powder-sticks-cough-remover-with-active-ingredient-rubber-arabic-honey-sage-flavour-cough-and-sore-throat-remedy\/#breadcrumb"},"inLanguage":"de","potentialAction":[{"@type":"ReadAction","target":["https:\/\/purehivehoney.com\/de\/product\/sunlife-cough-stimulator-hot-drink-1-x-14-powder-sticks-cough-remover-with-active-ingredient-rubber-arabic-honey-sage-flavour-cough-and-sore-throat-remedy\/"]}]},{"@type":"ImageObject","inLanguage":"de","@id":"https:\/\/purehivehoney.com\/de\/product\/sunlife-cough-stimulator-hot-drink-1-x-14-powder-sticks-cough-remover-with-active-ingredient-rubber-arabic-honey-sage-flavour-cough-and-sore-throat-remedy\/#primaryimage","url":"https:\/\/purehivehoney.com\/de\/wp-content\/uploads\/2026\/03\/71ginBATYiL._AC_SL1500_.jpg","contentUrl":"https:\/\/purehivehoney.com\/de\/wp-content\/uploads\/2026\/03\/71ginBATYiL._AC_SL1500_.jpg","width":1389,"height":1500},{"@type":"BreadcrumbList","@id":"https:\/\/purehivehoney.com\/de\/product\/sunlife-cough-stimulator-hot-drink-1-x-14-powder-sticks-cough-remover-with-active-ingredient-rubber-arabic-honey-sage-flavour-cough-and-sore-throat-remedy\/#breadcrumb","itemListElement":[{"@type":"ListItem","position":1,"name":"Home","item":"https:\/\/purehivehoney.com\/de\/"},{"@type":"ListItem","position":2,"name":"Shop","item":"https:\/\/purehivehoney.com\/de\/shop\/"},{"@type":"ListItem","position":3,"name":"SUNLIFE Cough Stimulator Hot Drink ..."}]},{"@type":"WebSite","@id":"https:\/\/purehivehoney.com\/de\/#website","url":"https:\/\/purehivehoney.com\/de\/","name":"PureHiveHoney","description":"Reiner Honig &amp; Bienenprodukte Online | Rohhonig, Bio Honig &amp; Spezialhonig","publisher":{"@id":"https:\/\/purehivehoney.com\/de\/#organization"},"potentialAction":[{"@type":"SearchAction","target":{"@type":"EntryPoint","urlTemplate":"https:\/\/purehivehoney.com\/de\/?s={search_term_string}"},"query-input":{"@type":"PropertyValueSpecification","valueRequired":true,"valueName":"search_term_string"}}],"inLanguage":"de"},{"@type":"Organization","@id":"https:\/\/purehivehoney.com\/de\/#organization","name":"PureHiveHoney","url":"https:\/\/purehivehoney.com\/de\/","logo":{"@type":"ImageObject","inLanguage":"de","@id":"https:\/\/purehivehoney.com\/de\/#\/schema\/logo\/image\/","url":"https:\/\/purehivehoney.com\/de\/wp-content\/uploads\/2026\/03\/Screenshot-2026-03-16-at-1.06.01-AM.png","contentUrl":"https:\/\/purehivehoney.com\/de\/wp-content\/uploads\/2026\/03\/Screenshot-2026-03-16-at-1.06.01-AM.png","width":2112,"height":1086,"caption":"PureHiveHoney"},"image":{"@id":"https:\/\/purehivehoney.com\/de\/#\/schema\/logo\/image\/"}}]}},"_links":{"self":[{"href":"https:\/\/purehivehoney.com\/de\/wp-json\/wp\/v2\/product\/625","targetHints":{"allow":["GET"]}}],"collection":[{"href":"https:\/\/purehivehoney.com\/de\/wp-json\/wp\/v2\/product"}],"about":[{"href":"https:\/\/purehivehoney.com\/de\/wp-json\/wp\/v2\/types\/product"}],"replies":[{"embeddable":true,"href":"https:\/\/purehivehoney.com\/de\/wp-json\/wp\/v2\/comments?post=625"}],"wp:featuredmedia":[{"embeddable":true,"href":"https:\/\/purehivehoney.com\/de\/wp-json\/wp\/v2\/media\/626"}],"wp:attachment":[{"href":"https:\/\/purehivehoney.com\/de\/wp-json\/wp\/v2\/media?parent=625"}],"wp:term":[{"taxonomy":"store","embeddable":true,"href":"https:\/\/purehivehoney.com\/de\/wp-json\/wp\/v2\/store?post=625"},{"taxonomy":"product_brand","embeddable":true,"href":"https:\/\/purehivehoney.com\/de\/wp-json\/wp\/v2\/product_brand?post=625"},{"taxonomy":"product_cat","embeddable":true,"href":"https:\/\/purehivehoney.com\/de\/wp-json\/wp\/v2\/product_cat?post=625"},{"taxonomy":"product_tag","embeddable":true,"href":"https:\/\/purehivehoney.com\/de\/wp-json\/wp\/v2\/product_tag?post=625"}],"curies":[{"name":"wp","href":"https:\/\/api.w.org\/{rel}","templated":true}]}}