{"id":603,"date":"2026-03-16T03:52:16","date_gmt":"2026-03-16T03:52:16","guid":{"rendered":"https:\/\/purehivehoney.com\/de\/product\/pack-of-30-beeswax-plates-13-x-9-cm-wax-plates-for-candles-make-your-own-beeswax-candles-diy-candles-making-pure-beeswax-for-handmade-candles-making\/"},"modified":"2026-03-16T03:52:33","modified_gmt":"2026-03-16T03:52:33","slug":"pack-of-30-beeswax-plates-13-x-9-cm-wax-plates-for-candles-make-your-own-beeswax-candles-diy-candles-making-pure-beeswax-for-handmade-candles-making","status":"publish","type":"product","link":"https:\/\/purehivehoney.com\/de\/product\/pack-of-30-beeswax-plates-13-x-9-cm-wax-plates-for-candles-make-your-own-beeswax-candles-diy-candles-making-pure-beeswax-for-handmade-candles-making\/","title":{"rendered":"Pack of 30 Beeswax Plates, 13 x 9 c..."},"content":{"rendered":"<p>    <span>FORYNXHWIN Pack of 30 Beeswax Candles, 13 x 9 cm Beeswax Plates, Make Your Own Beeswax Candles, DIY Candles Making, Pure Beeswax for Handmade Candles Making <\/span><br \/><span><br \/><\/span><br \/><span>Special feature: <\/span><br \/><span>Our 100% pure beeswax flakes are a natural and environmentally friendly alternative to conventional paraffin wax. <\/span><br \/><span>Our beeswax sheets are easy to use and require no special tools or equipment. They can be cut with scissors or rolled into candles of different shapes and sizes by hand. <\/span><br \/><span>Our beeswax candles are equally suitable for children and adults and offer a fun and easy way to enjoy the art of candle making at home. <\/span><br \/><span><br \/><\/span><br \/><span>Specification: <\/span><br \/><span>Colour: yellow. <\/span><br \/><span>Material: beeswax <\/span><br \/><span>Size: 13 x 9 cm. <\/span><br \/><span>Melting point: 75 (\u2103). <\/span><br \/><span>Oil content: 0.2 (%) <\/span><br \/><span><br \/><\/span><br \/><span>Package includes: <\/span><br \/><span>30 x beeswax candles. <\/span><br \/>Natural and environmentally friendly: these beeswax sheets are made of high-quality beeswax, which is durable and environmentally friendly. Beeswax is a renewable resource that does not release harmful toxins when burned, making it a healthier and more sustainable choice for candle making.<br \/>Easy to use: Our beeswax chips are easy to use and do not require special tools or equipment. You can simply roll them up at room temperature, you can cut the beeswax plates into the desired size and shape and assemble them into candles.<br \/>Beeswax candle set: you will receive 30 honeycomb wax plates, enough quantity for daily use. Making your own hand-rolled candles is a fun and beautiful home craft. Not only perfect for your personal craft needs, but also an ideal gift.<br \/>DIY fun: can be effortlessly and easily create atmospheric and varied beeswax candles &#8211; fun for the whole family. Whether you want to make unique gifts for friends and family or just want to make a fun DIY project, this is an impressive handmade beeswax candle craft kit.<br \/>Multipurpose: Our beeswax sheets can be used in a variety of projects. They are perfect for making candles, they can be cut and rolled into the desired shape and size. Beeswax flakes can also be used to make lip balms. In addition, it can also be used to make wax figures, decorations and other crafts.<\/p>\n\n","protected":false},"excerpt":{"rendered":"<p>FORYNXHWIN Pack of 30 Beeswax Candles, 13 x 9 cm Beeswax Plates, Make Your Own Beeswax Candles, DIY Candles Making, Pure Beeswax for Handmade Candles Making Special feature: Our 100% pure beeswax flakes are a natural and environmentally friendly alternative to conventional paraffin wax. Our beeswax sheets are easy to use and require no special [&hellip;]<\/p>\n","protected":false},"featured_media":604,"comment_status":"open","ping_status":"closed","template":"","meta":{"_aipt_faq_data":""},"store":[],"product_brand":[],"product_cat":[67],"product_tag":[193],"class_list":{"0":"post-603","1":"product","2":"type-product","3":"status-publish","4":"has-post-thumbnail","6":"product_cat-bienenwachs","7":"product_tag-bienenwachs-fuer-kosmetik","9":"first","10":"instock","11":"sale","12":"shipping-taxable","13":"product-type-external"},"yoast_head":"<!-- This site is optimized with the Yoast SEO plugin v27.4 - https:\/\/yoast.com\/product\/yoast-seo-wordpress\/ -->\n<title>Pack of 30 Beeswax Plates, 13 x 9 cm Wax Plates for Candles, Make Your Own Beeswax Candles, DIY Candles Making, Pure Beeswax for Handmade Candles Making - PureHiveHoney<\/title>\n<meta name=\"description\" content=\"Entdecken Sie hochwertigen Rohhonig, Bio Honig, Manuka Honig und nat\u00fcrliche Bienenprodukte. PureHiveHoney hilft Ihnen dabei, sorgf\u00e4ltig ausgew\u00e4hlte Honigsorten mit nat\u00fcrlicher Qualit\u00e4t und Reinheit zu entdecken.\" \/>\n<meta name=\"robots\" content=\"index, follow, max-snippet:-1, max-image-preview:large, max-video-preview:-1\" \/>\n<link rel=\"canonical\" href=\"https:\/\/purehivehoney.com\/de\/product\/pack-of-30-beeswax-plates-13-x-9-cm-wax-plates-for-candles-make-your-own-beeswax-candles-diy-candles-making-pure-beeswax-for-handmade-candles-making\/\" \/>\n<meta property=\"og:locale\" content=\"de_DE\" \/>\n<meta property=\"og:type\" content=\"article\" \/>\n<meta property=\"og:title\" content=\"Pack of 30 Beeswax Plates, 13 x 9 cm Wax Plates for Candles, Make Your Own Beeswax Candles, DIY Candles Making, Pure Beeswax for Handmade Candles Making - PureHiveHoney\" \/>\n<meta property=\"og:description\" content=\"Entdecken Sie hochwertigen Rohhonig, Bio Honig, Manuka Honig und nat\u00fcrliche Bienenprodukte. PureHiveHoney hilft Ihnen dabei, sorgf\u00e4ltig ausgew\u00e4hlte Honigsorten mit nat\u00fcrlicher Qualit\u00e4t und Reinheit zu entdecken.\" \/>\n<meta property=\"og:url\" content=\"https:\/\/purehivehoney.com\/de\/product\/pack-of-30-beeswax-plates-13-x-9-cm-wax-plates-for-candles-make-your-own-beeswax-candles-diy-candles-making-pure-beeswax-for-handmade-candles-making\/\" \/>\n<meta property=\"og:site_name\" content=\"PureHiveHoney\" \/>\n<meta property=\"article:modified_time\" content=\"2026-03-16T03:52:33+00:00\" \/>\n<meta name=\"twitter:card\" content=\"summary_large_image\" \/>\n<meta name=\"twitter:label1\" content=\"Gesch\u00e4tzte Lesezeit\" \/>\n\t<meta name=\"twitter:data1\" content=\"2\u00a0Minuten\" \/>\n<script type=\"application\/ld+json\" class=\"yoast-schema-graph\">{\"@context\":\"https:\\\/\\\/schema.org\",\"@graph\":[{\"@type\":\"WebPage\",\"@id\":\"https:\\\/\\\/purehivehoney.com\\\/de\\\/product\\\/pack-of-30-beeswax-plates-13-x-9-cm-wax-plates-for-candles-make-your-own-beeswax-candles-diy-candles-making-pure-beeswax-for-handmade-candles-making\\\/\",\"url\":\"https:\\\/\\\/purehivehoney.com\\\/de\\\/product\\\/pack-of-30-beeswax-plates-13-x-9-cm-wax-plates-for-candles-make-your-own-beeswax-candles-diy-candles-making-pure-beeswax-for-handmade-candles-making\\\/\",\"name\":\"Pack of 30 Beeswax Plates, 13 x 9 cm Wax Plates for Candles, Make Your Own Beeswax Candles, DIY Candles Making, Pure Beeswax for Handmade Candles Making - PureHiveHoney\",\"isPartOf\":{\"@id\":\"https:\\\/\\\/purehivehoney.com\\\/de\\\/#website\"},\"primaryImageOfPage\":{\"@id\":\"https:\\\/\\\/purehivehoney.com\\\/de\\\/product\\\/pack-of-30-beeswax-plates-13-x-9-cm-wax-plates-for-candles-make-your-own-beeswax-candles-diy-candles-making-pure-beeswax-for-handmade-candles-making\\\/#primaryimage\"},\"image\":{\"@id\":\"https:\\\/\\\/purehivehoney.com\\\/de\\\/product\\\/pack-of-30-beeswax-plates-13-x-9-cm-wax-plates-for-candles-make-your-own-beeswax-candles-diy-candles-making-pure-beeswax-for-handmade-candles-making\\\/#primaryimage\"},\"thumbnailUrl\":\"https:\\\/\\\/purehivehoney.com\\\/de\\\/wp-content\\\/uploads\\\/2026\\\/03\\\/71AQGSQZ0L._AC_SL1500_.jpg\",\"datePublished\":\"2026-03-16T03:52:16+00:00\",\"dateModified\":\"2026-03-16T03:52:33+00:00\",\"description\":\"Entdecken Sie hochwertigen Rohhonig, Bio Honig, Manuka Honig und nat\u00fcrliche Bienenprodukte. PureHiveHoney hilft Ihnen dabei, sorgf\u00e4ltig ausgew\u00e4hlte Honigsorten mit nat\u00fcrlicher Qualit\u00e4t und Reinheit zu entdecken.\",\"breadcrumb\":{\"@id\":\"https:\\\/\\\/purehivehoney.com\\\/de\\\/product\\\/pack-of-30-beeswax-plates-13-x-9-cm-wax-plates-for-candles-make-your-own-beeswax-candles-diy-candles-making-pure-beeswax-for-handmade-candles-making\\\/#breadcrumb\"},\"inLanguage\":\"de\",\"potentialAction\":[{\"@type\":\"ReadAction\",\"target\":[\"https:\\\/\\\/purehivehoney.com\\\/de\\\/product\\\/pack-of-30-beeswax-plates-13-x-9-cm-wax-plates-for-candles-make-your-own-beeswax-candles-diy-candles-making-pure-beeswax-for-handmade-candles-making\\\/\"]}]},{\"@type\":\"ImageObject\",\"inLanguage\":\"de\",\"@id\":\"https:\\\/\\\/purehivehoney.com\\\/de\\\/product\\\/pack-of-30-beeswax-plates-13-x-9-cm-wax-plates-for-candles-make-your-own-beeswax-candles-diy-candles-making-pure-beeswax-for-handmade-candles-making\\\/#primaryimage\",\"url\":\"https:\\\/\\\/purehivehoney.com\\\/de\\\/wp-content\\\/uploads\\\/2026\\\/03\\\/71AQGSQZ0L._AC_SL1500_.jpg\",\"contentUrl\":\"https:\\\/\\\/purehivehoney.com\\\/de\\\/wp-content\\\/uploads\\\/2026\\\/03\\\/71AQGSQZ0L._AC_SL1500_.jpg\",\"width\":1500,\"height\":1498},{\"@type\":\"BreadcrumbList\",\"@id\":\"https:\\\/\\\/purehivehoney.com\\\/de\\\/product\\\/pack-of-30-beeswax-plates-13-x-9-cm-wax-plates-for-candles-make-your-own-beeswax-candles-diy-candles-making-pure-beeswax-for-handmade-candles-making\\\/#breadcrumb\",\"itemListElement\":[{\"@type\":\"ListItem\",\"position\":1,\"name\":\"Home\",\"item\":\"https:\\\/\\\/purehivehoney.com\\\/de\\\/\"},{\"@type\":\"ListItem\",\"position\":2,\"name\":\"Shop\",\"item\":\"https:\\\/\\\/purehivehoney.com\\\/de\\\/shop\\\/\"},{\"@type\":\"ListItem\",\"position\":3,\"name\":\"Pack of 30 Beeswax Plates, 13 x 9 c...\"}]},{\"@type\":\"WebSite\",\"@id\":\"https:\\\/\\\/purehivehoney.com\\\/de\\\/#website\",\"url\":\"https:\\\/\\\/purehivehoney.com\\\/de\\\/\",\"name\":\"PureHiveHoney\",\"description\":\"Reiner Honig &amp; Bienenprodukte Online | Rohhonig, Bio Honig &amp; Spezialhonig\",\"publisher\":{\"@id\":\"https:\\\/\\\/purehivehoney.com\\\/de\\\/#organization\"},\"potentialAction\":[{\"@type\":\"SearchAction\",\"target\":{\"@type\":\"EntryPoint\",\"urlTemplate\":\"https:\\\/\\\/purehivehoney.com\\\/de\\\/?s={search_term_string}\"},\"query-input\":{\"@type\":\"PropertyValueSpecification\",\"valueRequired\":true,\"valueName\":\"search_term_string\"}}],\"inLanguage\":\"de\"},{\"@type\":\"Organization\",\"@id\":\"https:\\\/\\\/purehivehoney.com\\\/de\\\/#organization\",\"name\":\"PureHiveHoney\",\"url\":\"https:\\\/\\\/purehivehoney.com\\\/de\\\/\",\"logo\":{\"@type\":\"ImageObject\",\"inLanguage\":\"de\",\"@id\":\"https:\\\/\\\/purehivehoney.com\\\/de\\\/#\\\/schema\\\/logo\\\/image\\\/\",\"url\":\"https:\\\/\\\/purehivehoney.com\\\/de\\\/wp-content\\\/uploads\\\/2026\\\/03\\\/Screenshot-2026-03-16-at-1.06.01-AM.png\",\"contentUrl\":\"https:\\\/\\\/purehivehoney.com\\\/de\\\/wp-content\\\/uploads\\\/2026\\\/03\\\/Screenshot-2026-03-16-at-1.06.01-AM.png\",\"width\":2112,\"height\":1086,\"caption\":\"PureHiveHoney\"},\"image\":{\"@id\":\"https:\\\/\\\/purehivehoney.com\\\/de\\\/#\\\/schema\\\/logo\\\/image\\\/\"}}]}<\/script>\n<!-- \/ Yoast SEO plugin. -->","yoast_head_json":{"title":"Pack of 30 Beeswax Plates, 13 x 9 cm Wax Plates for Candles, Make Your Own Beeswax Candles, DIY Candles Making, Pure Beeswax for Handmade Candles Making - PureHiveHoney","description":"Entdecken Sie hochwertigen Rohhonig, Bio Honig, Manuka Honig und nat\u00fcrliche Bienenprodukte. PureHiveHoney hilft Ihnen dabei, sorgf\u00e4ltig ausgew\u00e4hlte Honigsorten mit nat\u00fcrlicher Qualit\u00e4t und Reinheit zu entdecken.","robots":{"index":"index","follow":"follow","max-snippet":"max-snippet:-1","max-image-preview":"max-image-preview:large","max-video-preview":"max-video-preview:-1"},"canonical":"https:\/\/purehivehoney.com\/de\/product\/pack-of-30-beeswax-plates-13-x-9-cm-wax-plates-for-candles-make-your-own-beeswax-candles-diy-candles-making-pure-beeswax-for-handmade-candles-making\/","og_locale":"de_DE","og_type":"article","og_title":"Pack of 30 Beeswax Plates, 13 x 9 cm Wax Plates for Candles, Make Your Own Beeswax Candles, DIY Candles Making, Pure Beeswax for Handmade Candles Making - PureHiveHoney","og_description":"Entdecken Sie hochwertigen Rohhonig, Bio Honig, Manuka Honig und nat\u00fcrliche Bienenprodukte. PureHiveHoney hilft Ihnen dabei, sorgf\u00e4ltig ausgew\u00e4hlte Honigsorten mit nat\u00fcrlicher Qualit\u00e4t und Reinheit zu entdecken.","og_url":"https:\/\/purehivehoney.com\/de\/product\/pack-of-30-beeswax-plates-13-x-9-cm-wax-plates-for-candles-make-your-own-beeswax-candles-diy-candles-making-pure-beeswax-for-handmade-candles-making\/","og_site_name":"PureHiveHoney","article_modified_time":"2026-03-16T03:52:33+00:00","twitter_card":"summary_large_image","twitter_misc":{"Gesch\u00e4tzte Lesezeit":"2\u00a0Minuten"},"schema":{"@context":"https:\/\/schema.org","@graph":[{"@type":"WebPage","@id":"https:\/\/purehivehoney.com\/de\/product\/pack-of-30-beeswax-plates-13-x-9-cm-wax-plates-for-candles-make-your-own-beeswax-candles-diy-candles-making-pure-beeswax-for-handmade-candles-making\/","url":"https:\/\/purehivehoney.com\/de\/product\/pack-of-30-beeswax-plates-13-x-9-cm-wax-plates-for-candles-make-your-own-beeswax-candles-diy-candles-making-pure-beeswax-for-handmade-candles-making\/","name":"Pack of 30 Beeswax Plates, 13 x 9 cm Wax Plates for Candles, Make Your Own Beeswax Candles, DIY Candles Making, Pure Beeswax for Handmade Candles Making - PureHiveHoney","isPartOf":{"@id":"https:\/\/purehivehoney.com\/de\/#website"},"primaryImageOfPage":{"@id":"https:\/\/purehivehoney.com\/de\/product\/pack-of-30-beeswax-plates-13-x-9-cm-wax-plates-for-candles-make-your-own-beeswax-candles-diy-candles-making-pure-beeswax-for-handmade-candles-making\/#primaryimage"},"image":{"@id":"https:\/\/purehivehoney.com\/de\/product\/pack-of-30-beeswax-plates-13-x-9-cm-wax-plates-for-candles-make-your-own-beeswax-candles-diy-candles-making-pure-beeswax-for-handmade-candles-making\/#primaryimage"},"thumbnailUrl":"https:\/\/purehivehoney.com\/de\/wp-content\/uploads\/2026\/03\/71AQGSQZ0L._AC_SL1500_.jpg","datePublished":"2026-03-16T03:52:16+00:00","dateModified":"2026-03-16T03:52:33+00:00","description":"Entdecken Sie hochwertigen Rohhonig, Bio Honig, Manuka Honig und nat\u00fcrliche Bienenprodukte. PureHiveHoney hilft Ihnen dabei, sorgf\u00e4ltig ausgew\u00e4hlte Honigsorten mit nat\u00fcrlicher Qualit\u00e4t und Reinheit zu entdecken.","breadcrumb":{"@id":"https:\/\/purehivehoney.com\/de\/product\/pack-of-30-beeswax-plates-13-x-9-cm-wax-plates-for-candles-make-your-own-beeswax-candles-diy-candles-making-pure-beeswax-for-handmade-candles-making\/#breadcrumb"},"inLanguage":"de","potentialAction":[{"@type":"ReadAction","target":["https:\/\/purehivehoney.com\/de\/product\/pack-of-30-beeswax-plates-13-x-9-cm-wax-plates-for-candles-make-your-own-beeswax-candles-diy-candles-making-pure-beeswax-for-handmade-candles-making\/"]}]},{"@type":"ImageObject","inLanguage":"de","@id":"https:\/\/purehivehoney.com\/de\/product\/pack-of-30-beeswax-plates-13-x-9-cm-wax-plates-for-candles-make-your-own-beeswax-candles-diy-candles-making-pure-beeswax-for-handmade-candles-making\/#primaryimage","url":"https:\/\/purehivehoney.com\/de\/wp-content\/uploads\/2026\/03\/71AQGSQZ0L._AC_SL1500_.jpg","contentUrl":"https:\/\/purehivehoney.com\/de\/wp-content\/uploads\/2026\/03\/71AQGSQZ0L._AC_SL1500_.jpg","width":1500,"height":1498},{"@type":"BreadcrumbList","@id":"https:\/\/purehivehoney.com\/de\/product\/pack-of-30-beeswax-plates-13-x-9-cm-wax-plates-for-candles-make-your-own-beeswax-candles-diy-candles-making-pure-beeswax-for-handmade-candles-making\/#breadcrumb","itemListElement":[{"@type":"ListItem","position":1,"name":"Home","item":"https:\/\/purehivehoney.com\/de\/"},{"@type":"ListItem","position":2,"name":"Shop","item":"https:\/\/purehivehoney.com\/de\/shop\/"},{"@type":"ListItem","position":3,"name":"Pack of 30 Beeswax Plates, 13 x 9 c..."}]},{"@type":"WebSite","@id":"https:\/\/purehivehoney.com\/de\/#website","url":"https:\/\/purehivehoney.com\/de\/","name":"PureHiveHoney","description":"Reiner Honig &amp; Bienenprodukte Online | Rohhonig, Bio Honig &amp; Spezialhonig","publisher":{"@id":"https:\/\/purehivehoney.com\/de\/#organization"},"potentialAction":[{"@type":"SearchAction","target":{"@type":"EntryPoint","urlTemplate":"https:\/\/purehivehoney.com\/de\/?s={search_term_string}"},"query-input":{"@type":"PropertyValueSpecification","valueRequired":true,"valueName":"search_term_string"}}],"inLanguage":"de"},{"@type":"Organization","@id":"https:\/\/purehivehoney.com\/de\/#organization","name":"PureHiveHoney","url":"https:\/\/purehivehoney.com\/de\/","logo":{"@type":"ImageObject","inLanguage":"de","@id":"https:\/\/purehivehoney.com\/de\/#\/schema\/logo\/image\/","url":"https:\/\/purehivehoney.com\/de\/wp-content\/uploads\/2026\/03\/Screenshot-2026-03-16-at-1.06.01-AM.png","contentUrl":"https:\/\/purehivehoney.com\/de\/wp-content\/uploads\/2026\/03\/Screenshot-2026-03-16-at-1.06.01-AM.png","width":2112,"height":1086,"caption":"PureHiveHoney"},"image":{"@id":"https:\/\/purehivehoney.com\/de\/#\/schema\/logo\/image\/"}}]}},"_links":{"self":[{"href":"https:\/\/purehivehoney.com\/de\/wp-json\/wp\/v2\/product\/603","targetHints":{"allow":["GET"]}}],"collection":[{"href":"https:\/\/purehivehoney.com\/de\/wp-json\/wp\/v2\/product"}],"about":[{"href":"https:\/\/purehivehoney.com\/de\/wp-json\/wp\/v2\/types\/product"}],"replies":[{"embeddable":true,"href":"https:\/\/purehivehoney.com\/de\/wp-json\/wp\/v2\/comments?post=603"}],"wp:featuredmedia":[{"embeddable":true,"href":"https:\/\/purehivehoney.com\/de\/wp-json\/wp\/v2\/media\/604"}],"wp:attachment":[{"href":"https:\/\/purehivehoney.com\/de\/wp-json\/wp\/v2\/media?parent=603"}],"wp:term":[{"taxonomy":"store","embeddable":true,"href":"https:\/\/purehivehoney.com\/de\/wp-json\/wp\/v2\/store?post=603"},{"taxonomy":"product_brand","embeddable":true,"href":"https:\/\/purehivehoney.com\/de\/wp-json\/wp\/v2\/product_brand?post=603"},{"taxonomy":"product_cat","embeddable":true,"href":"https:\/\/purehivehoney.com\/de\/wp-json\/wp\/v2\/product_cat?post=603"},{"taxonomy":"product_tag","embeddable":true,"href":"https:\/\/purehivehoney.com\/de\/wp-json\/wp\/v2\/product_tag?post=603"}],"curies":[{"name":"wp","href":"https:\/\/api.w.org\/{rel}","templated":true}]}}