{"id":593,"date":"2026-03-16T03:48:41","date_gmt":"2026-03-16T03:48:41","guid":{"rendered":"https:\/\/purehivehoney.com\/de\/product\/honigglas-honig-aufbewahrungsbehaelter-mit-holzdeckel-glasbehaelter-auslaufsicheres-dichtungsdesign-transparenter-koerper-fuer-einfache-betrachtung-perfekt-fuer-die-aufbewahrung-von-siru\/"},"modified":"2026-03-16T03:49:09","modified_gmt":"2026-03-16T03:49:09","slug":"honigglas-honig-aufbewahrungsbehaelter-mit-holzdeckel-glasbehaelter-auslaufsicheres-dichtungsdesign-transparenter-koerper-fuer-einfache-betrachtung-perfekt-fuer-die-aufbewahrung-von-siru","status":"publish","type":"product","link":"https:\/\/purehivehoney.com\/de\/product\/honigglas-honig-aufbewahrungsbehaelter-mit-holzdeckel-glasbehaelter-auslaufsicheres-dichtungsdesign-transparenter-koerper-fuer-einfache-betrachtung-perfekt-fuer-die-aufbewahrung-von-siru\/","title":{"rendered":"Honigglas \u2013 Honig-Aufbewahrungsbe..."},"content":{"rendered":"<p>    <span>Wir stellen Ihnen unseren neuen Honigbegleiter vor \u2013 Honiggl\u00e4ser mit L\u00f6ffel. Mit einem stilvollen Holzdeckel mit Dichtungsring-Design wissen Sie immer, wie viel Honig \u00fcbrig ist. Sehr praktisch und ein exquisites Geschenk. <br \/>Produktmerkmale: <br \/>Produktname: Honigglas <br \/>Material: Glas und Holz. <br \/>Produktgr\u00f6\u00dfe: ca. 9 x 13 cm. <br \/>Gewicht: ca. 280 g. <br \/>Produktliste: <br \/>1 x Honigglas aus Glas mit L\u00f6ffel. <br \/>Anmerkungen: <br \/>Aufgrund unterschiedlicher Beleuchtungsverh\u00e4ltnisse und verschiedener Monitoreinstellungen kann die Farbe des Produkts leicht von der Abbildung abweichen. <br \/>Die Ma\u00dfe wurden manuell bestimmt und k\u00f6nnen daher um 1-3 cm abweichen.<\/span>    <br \/>\u3010Premium-Glasmaterial\u3011 Hergestellt aus dickem und transparentem Glas, das eine hervorragende Sichtbarkeit des Honigs im Inneren bietet, ist dieses Glas sowohl Eleganz als auch Praktikabilit\u00e4t f\u00fcr Ihre K\u00fcche und gew\u00e4hrleistet gleichzeitig eine dauerhafte Nutzung und zeitlose Attraktivit\u00e4t<br \/>Luftdichter Holzdeckel: Entworfen mit einem nat\u00fcrlichen Holzdeckel, der eine dichte und sichere Abdichtung schafft, h\u00e4lt dieses Glas Ihren Honig frisch, geschmackvoll und frei von Staub oder Feuchtigkeit, beh\u00e4lt seinen Geschmack und seine Qualit\u00e4t f\u00fcr eine l\u00e4ngere Lagerung<br \/>Integrierter Honigl\u00f6ffel: Verf\u00fcgt \u00fcber einen praktischen Honigl\u00f6ffel, der in den Deckel integriert ist, um reibungsloses Nieselregen zu erm\u00f6glichen, so dass es einfach ist, Honig oder Sirup zu sch\u00f6pfen und zu gie\u00dfen, perfekt f\u00fcr Tee, Toast, Backen oder Dessert-Garnierungen, wann immer Sie wollen<br \/>Gro\u00dfes Fassungsverm\u00f6gen von 500 ml: Das Fassungsverm\u00f6gen von 500 ml ist ideal f\u00fcr die Aufbewahrung von Honig, Sirup oder sogar Saucen und Marmeladen, bietet reichlich Platz f\u00fcr den Hausgebrauch oder Caf\u00e9-Service, w\u00e4hrend Ihre Lieblingss\u00fc\u00dfstoffe organisiert und griffbereit bleiben<br \/>\u3010Vielseitiger Heimgebrauch\u3011Perfekt f\u00fcr K\u00fcchen, Esstische und Caf\u00e9s, dieses Glas verbindet elegantes Design mit Funktionalit\u00e4t, ideal f\u00fcr die Aufbewahrung von Honig, Sirup oder Gew\u00fcrzen und verbessert gleichzeitig Ihre Heimdekoration und Tischpr\u00e4sentation m\u00fchelos<\/p>\n\n","protected":false},"excerpt":{"rendered":"<p>Wir stellen Ihnen unseren neuen Honigbegleiter vor \u2013 Honiggl\u00e4ser mit L\u00f6ffel. Mit einem stilvollen Holzdeckel mit Dichtungsring-Design wissen Sie immer, wie viel Honig \u00fcbrig ist. Sehr praktisch und ein exquisites Geschenk. Produktmerkmale: Produktname: Honigglas Material: Glas und Holz. Produktgr\u00f6\u00dfe: ca. 9 x 13 cm. Gewicht: ca. 280 g. Produktliste: 1 x Honigglas aus Glas mit [&hellip;]<\/p>\n","protected":false},"featured_media":594,"comment_status":"open","ping_status":"closed","template":"","meta":{"_aipt_faq_data":""},"store":[],"product_brand":[192],"product_cat":[70],"product_tag":[131],"class_list":{"0":"post-593","1":"product","2":"type-product","3":"status-publish","4":"has-post-thumbnail","6":"product_brand-generisch","7":"product_cat-premium-honig-geschenke","8":"product_tag-premium-honig-geschenke-mit-honigloeffel","10":"first","11":"instock","12":"shipping-taxable","13":"product-type-external"},"yoast_head":"<!-- This site is optimized with the Yoast SEO plugin v27.4 - https:\/\/yoast.com\/product\/yoast-seo-wordpress\/ -->\n<title>Honigglas \u2013 Honig-Aufbewahrungsbeh\u00e4lter mit Holzdeckel, Glasbeh\u00e4lter, auslaufsicheres Dichtungsdesign, transparenter K\u00f6rper f\u00fcr einfache Betrachtung, perfekt f\u00fcr die Aufbewahrung von Sirup, Marmelade - PureHiveHoney<\/title>\n<meta name=\"description\" content=\"Entdecken Sie hochwertigen Rohhonig, Bio Honig, Manuka Honig und nat\u00fcrliche Bienenprodukte. PureHiveHoney hilft Ihnen dabei, sorgf\u00e4ltig ausgew\u00e4hlte Honigsorten mit nat\u00fcrlicher Qualit\u00e4t und Reinheit zu entdecken.\" \/>\n<meta name=\"robots\" content=\"index, follow, max-snippet:-1, max-image-preview:large, max-video-preview:-1\" \/>\n<link rel=\"canonical\" href=\"https:\/\/purehivehoney.com\/de\/product\/honigglas-honig-aufbewahrungsbehaelter-mit-holzdeckel-glasbehaelter-auslaufsicheres-dichtungsdesign-transparenter-koerper-fuer-einfache-betrachtung-perfekt-fuer-die-aufbewahrung-von-siru\/\" \/>\n<meta property=\"og:locale\" content=\"de_DE\" \/>\n<meta property=\"og:type\" content=\"article\" \/>\n<meta property=\"og:title\" content=\"Honigglas \u2013 Honig-Aufbewahrungsbeh\u00e4lter mit Holzdeckel, Glasbeh\u00e4lter, auslaufsicheres Dichtungsdesign, transparenter K\u00f6rper f\u00fcr einfache Betrachtung, perfekt f\u00fcr die Aufbewahrung von Sirup, Marmelade - PureHiveHoney\" \/>\n<meta property=\"og:description\" content=\"Entdecken Sie hochwertigen Rohhonig, Bio Honig, Manuka Honig und nat\u00fcrliche Bienenprodukte. PureHiveHoney hilft Ihnen dabei, sorgf\u00e4ltig ausgew\u00e4hlte Honigsorten mit nat\u00fcrlicher Qualit\u00e4t und Reinheit zu entdecken.\" \/>\n<meta property=\"og:url\" content=\"https:\/\/purehivehoney.com\/de\/product\/honigglas-honig-aufbewahrungsbehaelter-mit-holzdeckel-glasbehaelter-auslaufsicheres-dichtungsdesign-transparenter-koerper-fuer-einfache-betrachtung-perfekt-fuer-die-aufbewahrung-von-siru\/\" \/>\n<meta property=\"og:site_name\" content=\"PureHiveHoney\" \/>\n<meta property=\"article:modified_time\" content=\"2026-03-16T03:49:09+00:00\" \/>\n<meta name=\"twitter:card\" content=\"summary_large_image\" \/>\n<meta name=\"twitter:label1\" content=\"Gesch\u00e4tzte Lesezeit\" \/>\n\t<meta name=\"twitter:data1\" content=\"2\u00a0Minuten\" \/>\n<script type=\"application\/ld+json\" class=\"yoast-schema-graph\">{\"@context\":\"https:\\\/\\\/schema.org\",\"@graph\":[{\"@type\":\"WebPage\",\"@id\":\"https:\\\/\\\/purehivehoney.com\\\/de\\\/product\\\/honigglas-honig-aufbewahrungsbehaelter-mit-holzdeckel-glasbehaelter-auslaufsicheres-dichtungsdesign-transparenter-koerper-fuer-einfache-betrachtung-perfekt-fuer-die-aufbewahrung-von-siru\\\/\",\"url\":\"https:\\\/\\\/purehivehoney.com\\\/de\\\/product\\\/honigglas-honig-aufbewahrungsbehaelter-mit-holzdeckel-glasbehaelter-auslaufsicheres-dichtungsdesign-transparenter-koerper-fuer-einfache-betrachtung-perfekt-fuer-die-aufbewahrung-von-siru\\\/\",\"name\":\"Honigglas \u2013 Honig-Aufbewahrungsbeh\u00e4lter mit Holzdeckel, Glasbeh\u00e4lter, auslaufsicheres Dichtungsdesign, transparenter K\u00f6rper f\u00fcr einfache Betrachtung, perfekt f\u00fcr die Aufbewahrung von Sirup, Marmelade - PureHiveHoney\",\"isPartOf\":{\"@id\":\"https:\\\/\\\/purehivehoney.com\\\/de\\\/#website\"},\"primaryImageOfPage\":{\"@id\":\"https:\\\/\\\/purehivehoney.com\\\/de\\\/product\\\/honigglas-honig-aufbewahrungsbehaelter-mit-holzdeckel-glasbehaelter-auslaufsicheres-dichtungsdesign-transparenter-koerper-fuer-einfache-betrachtung-perfekt-fuer-die-aufbewahrung-von-siru\\\/#primaryimage\"},\"image\":{\"@id\":\"https:\\\/\\\/purehivehoney.com\\\/de\\\/product\\\/honigglas-honig-aufbewahrungsbehaelter-mit-holzdeckel-glasbehaelter-auslaufsicheres-dichtungsdesign-transparenter-koerper-fuer-einfache-betrachtung-perfekt-fuer-die-aufbewahrung-von-siru\\\/#primaryimage\"},\"thumbnailUrl\":\"https:\\\/\\\/purehivehoney.com\\\/de\\\/wp-content\\\/uploads\\\/2026\\\/03\\\/61CtsljY46L._AC_SL1500_.jpg\",\"datePublished\":\"2026-03-16T03:48:41+00:00\",\"dateModified\":\"2026-03-16T03:49:09+00:00\",\"description\":\"Entdecken Sie hochwertigen Rohhonig, Bio Honig, Manuka Honig und nat\u00fcrliche Bienenprodukte. PureHiveHoney hilft Ihnen dabei, sorgf\u00e4ltig ausgew\u00e4hlte Honigsorten mit nat\u00fcrlicher Qualit\u00e4t und Reinheit zu entdecken.\",\"breadcrumb\":{\"@id\":\"https:\\\/\\\/purehivehoney.com\\\/de\\\/product\\\/honigglas-honig-aufbewahrungsbehaelter-mit-holzdeckel-glasbehaelter-auslaufsicheres-dichtungsdesign-transparenter-koerper-fuer-einfache-betrachtung-perfekt-fuer-die-aufbewahrung-von-siru\\\/#breadcrumb\"},\"inLanguage\":\"de\",\"potentialAction\":[{\"@type\":\"ReadAction\",\"target\":[\"https:\\\/\\\/purehivehoney.com\\\/de\\\/product\\\/honigglas-honig-aufbewahrungsbehaelter-mit-holzdeckel-glasbehaelter-auslaufsicheres-dichtungsdesign-transparenter-koerper-fuer-einfache-betrachtung-perfekt-fuer-die-aufbewahrung-von-siru\\\/\"]}]},{\"@type\":\"ImageObject\",\"inLanguage\":\"de\",\"@id\":\"https:\\\/\\\/purehivehoney.com\\\/de\\\/product\\\/honigglas-honig-aufbewahrungsbehaelter-mit-holzdeckel-glasbehaelter-auslaufsicheres-dichtungsdesign-transparenter-koerper-fuer-einfache-betrachtung-perfekt-fuer-die-aufbewahrung-von-siru\\\/#primaryimage\",\"url\":\"https:\\\/\\\/purehivehoney.com\\\/de\\\/wp-content\\\/uploads\\\/2026\\\/03\\\/61CtsljY46L._AC_SL1500_.jpg\",\"contentUrl\":\"https:\\\/\\\/purehivehoney.com\\\/de\\\/wp-content\\\/uploads\\\/2026\\\/03\\\/61CtsljY46L._AC_SL1500_.jpg\",\"width\":1378,\"height\":1373},{\"@type\":\"BreadcrumbList\",\"@id\":\"https:\\\/\\\/purehivehoney.com\\\/de\\\/product\\\/honigglas-honig-aufbewahrungsbehaelter-mit-holzdeckel-glasbehaelter-auslaufsicheres-dichtungsdesign-transparenter-koerper-fuer-einfache-betrachtung-perfekt-fuer-die-aufbewahrung-von-siru\\\/#breadcrumb\",\"itemListElement\":[{\"@type\":\"ListItem\",\"position\":1,\"name\":\"Home\",\"item\":\"https:\\\/\\\/purehivehoney.com\\\/de\\\/\"},{\"@type\":\"ListItem\",\"position\":2,\"name\":\"Shop\",\"item\":\"https:\\\/\\\/purehivehoney.com\\\/de\\\/shop\\\/\"},{\"@type\":\"ListItem\",\"position\":3,\"name\":\"Honigglas \u2013 Honig-Aufbewahrungsbe...\"}]},{\"@type\":\"WebSite\",\"@id\":\"https:\\\/\\\/purehivehoney.com\\\/de\\\/#website\",\"url\":\"https:\\\/\\\/purehivehoney.com\\\/de\\\/\",\"name\":\"PureHiveHoney\",\"description\":\"Reiner Honig &amp; Bienenprodukte Online | Rohhonig, Bio Honig &amp; Spezialhonig\",\"publisher\":{\"@id\":\"https:\\\/\\\/purehivehoney.com\\\/de\\\/#organization\"},\"potentialAction\":[{\"@type\":\"SearchAction\",\"target\":{\"@type\":\"EntryPoint\",\"urlTemplate\":\"https:\\\/\\\/purehivehoney.com\\\/de\\\/?s={search_term_string}\"},\"query-input\":{\"@type\":\"PropertyValueSpecification\",\"valueRequired\":true,\"valueName\":\"search_term_string\"}}],\"inLanguage\":\"de\"},{\"@type\":\"Organization\",\"@id\":\"https:\\\/\\\/purehivehoney.com\\\/de\\\/#organization\",\"name\":\"PureHiveHoney\",\"url\":\"https:\\\/\\\/purehivehoney.com\\\/de\\\/\",\"logo\":{\"@type\":\"ImageObject\",\"inLanguage\":\"de\",\"@id\":\"https:\\\/\\\/purehivehoney.com\\\/de\\\/#\\\/schema\\\/logo\\\/image\\\/\",\"url\":\"https:\\\/\\\/purehivehoney.com\\\/de\\\/wp-content\\\/uploads\\\/2026\\\/03\\\/Screenshot-2026-03-16-at-1.06.01-AM.png\",\"contentUrl\":\"https:\\\/\\\/purehivehoney.com\\\/de\\\/wp-content\\\/uploads\\\/2026\\\/03\\\/Screenshot-2026-03-16-at-1.06.01-AM.png\",\"width\":2112,\"height\":1086,\"caption\":\"PureHiveHoney\"},\"image\":{\"@id\":\"https:\\\/\\\/purehivehoney.com\\\/de\\\/#\\\/schema\\\/logo\\\/image\\\/\"}}]}<\/script>\n<!-- \/ Yoast SEO plugin. -->","yoast_head_json":{"title":"Honigglas \u2013 Honig-Aufbewahrungsbeh\u00e4lter mit Holzdeckel, Glasbeh\u00e4lter, auslaufsicheres Dichtungsdesign, transparenter K\u00f6rper f\u00fcr einfache Betrachtung, perfekt f\u00fcr die Aufbewahrung von Sirup, Marmelade - PureHiveHoney","description":"Entdecken Sie hochwertigen Rohhonig, Bio Honig, Manuka Honig und nat\u00fcrliche Bienenprodukte. PureHiveHoney hilft Ihnen dabei, sorgf\u00e4ltig ausgew\u00e4hlte Honigsorten mit nat\u00fcrlicher Qualit\u00e4t und Reinheit zu entdecken.","robots":{"index":"index","follow":"follow","max-snippet":"max-snippet:-1","max-image-preview":"max-image-preview:large","max-video-preview":"max-video-preview:-1"},"canonical":"https:\/\/purehivehoney.com\/de\/product\/honigglas-honig-aufbewahrungsbehaelter-mit-holzdeckel-glasbehaelter-auslaufsicheres-dichtungsdesign-transparenter-koerper-fuer-einfache-betrachtung-perfekt-fuer-die-aufbewahrung-von-siru\/","og_locale":"de_DE","og_type":"article","og_title":"Honigglas \u2013 Honig-Aufbewahrungsbeh\u00e4lter mit Holzdeckel, Glasbeh\u00e4lter, auslaufsicheres Dichtungsdesign, transparenter K\u00f6rper f\u00fcr einfache Betrachtung, perfekt f\u00fcr die Aufbewahrung von Sirup, Marmelade - PureHiveHoney","og_description":"Entdecken Sie hochwertigen Rohhonig, Bio Honig, Manuka Honig und nat\u00fcrliche Bienenprodukte. PureHiveHoney hilft Ihnen dabei, sorgf\u00e4ltig ausgew\u00e4hlte Honigsorten mit nat\u00fcrlicher Qualit\u00e4t und Reinheit zu entdecken.","og_url":"https:\/\/purehivehoney.com\/de\/product\/honigglas-honig-aufbewahrungsbehaelter-mit-holzdeckel-glasbehaelter-auslaufsicheres-dichtungsdesign-transparenter-koerper-fuer-einfache-betrachtung-perfekt-fuer-die-aufbewahrung-von-siru\/","og_site_name":"PureHiveHoney","article_modified_time":"2026-03-16T03:49:09+00:00","twitter_card":"summary_large_image","twitter_misc":{"Gesch\u00e4tzte Lesezeit":"2\u00a0Minuten"},"schema":{"@context":"https:\/\/schema.org","@graph":[{"@type":"WebPage","@id":"https:\/\/purehivehoney.com\/de\/product\/honigglas-honig-aufbewahrungsbehaelter-mit-holzdeckel-glasbehaelter-auslaufsicheres-dichtungsdesign-transparenter-koerper-fuer-einfache-betrachtung-perfekt-fuer-die-aufbewahrung-von-siru\/","url":"https:\/\/purehivehoney.com\/de\/product\/honigglas-honig-aufbewahrungsbehaelter-mit-holzdeckel-glasbehaelter-auslaufsicheres-dichtungsdesign-transparenter-koerper-fuer-einfache-betrachtung-perfekt-fuer-die-aufbewahrung-von-siru\/","name":"Honigglas \u2013 Honig-Aufbewahrungsbeh\u00e4lter mit Holzdeckel, Glasbeh\u00e4lter, auslaufsicheres Dichtungsdesign, transparenter K\u00f6rper f\u00fcr einfache Betrachtung, perfekt f\u00fcr die Aufbewahrung von Sirup, Marmelade - PureHiveHoney","isPartOf":{"@id":"https:\/\/purehivehoney.com\/de\/#website"},"primaryImageOfPage":{"@id":"https:\/\/purehivehoney.com\/de\/product\/honigglas-honig-aufbewahrungsbehaelter-mit-holzdeckel-glasbehaelter-auslaufsicheres-dichtungsdesign-transparenter-koerper-fuer-einfache-betrachtung-perfekt-fuer-die-aufbewahrung-von-siru\/#primaryimage"},"image":{"@id":"https:\/\/purehivehoney.com\/de\/product\/honigglas-honig-aufbewahrungsbehaelter-mit-holzdeckel-glasbehaelter-auslaufsicheres-dichtungsdesign-transparenter-koerper-fuer-einfache-betrachtung-perfekt-fuer-die-aufbewahrung-von-siru\/#primaryimage"},"thumbnailUrl":"https:\/\/purehivehoney.com\/de\/wp-content\/uploads\/2026\/03\/61CtsljY46L._AC_SL1500_.jpg","datePublished":"2026-03-16T03:48:41+00:00","dateModified":"2026-03-16T03:49:09+00:00","description":"Entdecken Sie hochwertigen Rohhonig, Bio Honig, Manuka Honig und nat\u00fcrliche Bienenprodukte. PureHiveHoney hilft Ihnen dabei, sorgf\u00e4ltig ausgew\u00e4hlte Honigsorten mit nat\u00fcrlicher Qualit\u00e4t und Reinheit zu entdecken.","breadcrumb":{"@id":"https:\/\/purehivehoney.com\/de\/product\/honigglas-honig-aufbewahrungsbehaelter-mit-holzdeckel-glasbehaelter-auslaufsicheres-dichtungsdesign-transparenter-koerper-fuer-einfache-betrachtung-perfekt-fuer-die-aufbewahrung-von-siru\/#breadcrumb"},"inLanguage":"de","potentialAction":[{"@type":"ReadAction","target":["https:\/\/purehivehoney.com\/de\/product\/honigglas-honig-aufbewahrungsbehaelter-mit-holzdeckel-glasbehaelter-auslaufsicheres-dichtungsdesign-transparenter-koerper-fuer-einfache-betrachtung-perfekt-fuer-die-aufbewahrung-von-siru\/"]}]},{"@type":"ImageObject","inLanguage":"de","@id":"https:\/\/purehivehoney.com\/de\/product\/honigglas-honig-aufbewahrungsbehaelter-mit-holzdeckel-glasbehaelter-auslaufsicheres-dichtungsdesign-transparenter-koerper-fuer-einfache-betrachtung-perfekt-fuer-die-aufbewahrung-von-siru\/#primaryimage","url":"https:\/\/purehivehoney.com\/de\/wp-content\/uploads\/2026\/03\/61CtsljY46L._AC_SL1500_.jpg","contentUrl":"https:\/\/purehivehoney.com\/de\/wp-content\/uploads\/2026\/03\/61CtsljY46L._AC_SL1500_.jpg","width":1378,"height":1373},{"@type":"BreadcrumbList","@id":"https:\/\/purehivehoney.com\/de\/product\/honigglas-honig-aufbewahrungsbehaelter-mit-holzdeckel-glasbehaelter-auslaufsicheres-dichtungsdesign-transparenter-koerper-fuer-einfache-betrachtung-perfekt-fuer-die-aufbewahrung-von-siru\/#breadcrumb","itemListElement":[{"@type":"ListItem","position":1,"name":"Home","item":"https:\/\/purehivehoney.com\/de\/"},{"@type":"ListItem","position":2,"name":"Shop","item":"https:\/\/purehivehoney.com\/de\/shop\/"},{"@type":"ListItem","position":3,"name":"Honigglas \u2013 Honig-Aufbewahrungsbe..."}]},{"@type":"WebSite","@id":"https:\/\/purehivehoney.com\/de\/#website","url":"https:\/\/purehivehoney.com\/de\/","name":"PureHiveHoney","description":"Reiner Honig &amp; Bienenprodukte Online | Rohhonig, Bio Honig &amp; Spezialhonig","publisher":{"@id":"https:\/\/purehivehoney.com\/de\/#organization"},"potentialAction":[{"@type":"SearchAction","target":{"@type":"EntryPoint","urlTemplate":"https:\/\/purehivehoney.com\/de\/?s={search_term_string}"},"query-input":{"@type":"PropertyValueSpecification","valueRequired":true,"valueName":"search_term_string"}}],"inLanguage":"de"},{"@type":"Organization","@id":"https:\/\/purehivehoney.com\/de\/#organization","name":"PureHiveHoney","url":"https:\/\/purehivehoney.com\/de\/","logo":{"@type":"ImageObject","inLanguage":"de","@id":"https:\/\/purehivehoney.com\/de\/#\/schema\/logo\/image\/","url":"https:\/\/purehivehoney.com\/de\/wp-content\/uploads\/2026\/03\/Screenshot-2026-03-16-at-1.06.01-AM.png","contentUrl":"https:\/\/purehivehoney.com\/de\/wp-content\/uploads\/2026\/03\/Screenshot-2026-03-16-at-1.06.01-AM.png","width":2112,"height":1086,"caption":"PureHiveHoney"},"image":{"@id":"https:\/\/purehivehoney.com\/de\/#\/schema\/logo\/image\/"}}]}},"_links":{"self":[{"href":"https:\/\/purehivehoney.com\/de\/wp-json\/wp\/v2\/product\/593","targetHints":{"allow":["GET"]}}],"collection":[{"href":"https:\/\/purehivehoney.com\/de\/wp-json\/wp\/v2\/product"}],"about":[{"href":"https:\/\/purehivehoney.com\/de\/wp-json\/wp\/v2\/types\/product"}],"replies":[{"embeddable":true,"href":"https:\/\/purehivehoney.com\/de\/wp-json\/wp\/v2\/comments?post=593"}],"wp:featuredmedia":[{"embeddable":true,"href":"https:\/\/purehivehoney.com\/de\/wp-json\/wp\/v2\/media\/594"}],"wp:attachment":[{"href":"https:\/\/purehivehoney.com\/de\/wp-json\/wp\/v2\/media?parent=593"}],"wp:term":[{"taxonomy":"store","embeddable":true,"href":"https:\/\/purehivehoney.com\/de\/wp-json\/wp\/v2\/store?post=593"},{"taxonomy":"product_brand","embeddable":true,"href":"https:\/\/purehivehoney.com\/de\/wp-json\/wp\/v2\/product_brand?post=593"},{"taxonomy":"product_cat","embeddable":true,"href":"https:\/\/purehivehoney.com\/de\/wp-json\/wp\/v2\/product_cat?post=593"},{"taxonomy":"product_tag","embeddable":true,"href":"https:\/\/purehivehoney.com\/de\/wp-json\/wp\/v2\/product_tag?post=593"}],"curies":[{"name":"wp","href":"https:\/\/api.w.org\/{rel}","templated":true}]}}