{"id":585,"date":"2026-03-16T03:44:43","date_gmt":"2026-03-16T03:44:43","guid":{"rendered":"https:\/\/purehivehoney.com\/de\/product\/roblux-pack-of-40-honey-spoons-wooden-8-cm-wooden-spoon-honey-wooden-beater-for-honey-jam-honey-spoon-mini-wood-for-collecting-and-dispensing-honey-jam-syrup-dessert-cutlery-set\/"},"modified":"2026-03-16T03:44:58","modified_gmt":"2026-03-16T03:44:58","slug":"roblux-pack-of-40-honey-spoons-wooden-8-cm-wooden-spoon-honey-wooden-beater-for-honey-jam-honey-spoon-mini-wood-for-collecting-and-dispensing-honey-jam-syrup-dessert-cutlery-set","status":"publish","type":"product","link":"https:\/\/purehivehoney.com\/de\/product\/roblux-pack-of-40-honey-spoons-wooden-8-cm-wooden-spoon-honey-wooden-beater-for-honey-jam-honey-spoon-mini-wood-for-collecting-and-dispensing-honey-jam-syrup-dessert-cutlery-set\/","title":{"rendered":"RobLuX Pack of 40 Honey Spoons Wood..."},"content":{"rendered":"<p>    <span>\u273f Features: <br \/>Made of natural wood, high quality, sturdy and durable, not easy to fade or break. <br \/>The deep groove design makes it easy to collect and release honey from the jar. <br \/>It is the perfect tool for dripping honey, syrup, jam, molasses or other viscous liquids. <br \/>\u273f Product Name: Honey Stirrer <br \/>Specification: <br \/>Material: wood. <br \/>Colour: wood colour. <br \/>Length: 8 cm \/ 3.14 inches. <br \/>Quantity: 40 pieces. <br \/>For detailed dimensions, please refer to the pictures. <br \/>Package includes: <br \/>40 x honey stirrers. <br \/>\u273f Note: <br \/>Please allow 1-3 mm difference due to manual measurement. <br \/>If the goods are defective or have other problems, please feel free to contact us by email. <br \/><\/span>    <br \/>Product contents: the package contains 40 pieces 8 cm \/ 3.14 inch long honey spoons. These spoons are suitable for dispensing honey in honey jars.<br \/>High-quality material: honey spoon wood is made of high-quality wood. Each wooden spoon is detailed and carefully polished, making it sturdy and durable and not easy to deform.<br \/>Groove design: honey loffel mini has a smooth surface and a groove design that allows a short retention time of the honey and effectively extends the drip time of the honey.<br \/>Easy to use: the groove design of the honey stirrers can help you scoop the right amount of honey out of the glass, drizzle it on toast, biscuits, sandwiches or add it to tea, water or juice.<br \/>Application: honey spiral honey stick can not only be used to absorb honey and jam, but also for distributing jam, stirring honey water, milk tea and other drinks.<\/p>\n\n","protected":false},"excerpt":{"rendered":"<p>\u273f Features: Made of natural wood, high quality, sturdy and durable, not easy to fade or break. The deep groove design makes it easy to collect and release honey from the jar. It is the perfect tool for dripping honey, syrup, jam, molasses or other viscous liquids. \u273f Product Name: Honey Stirrer Specification: Material: wood. [&hellip;]<\/p>\n","protected":false},"featured_media":586,"comment_status":"open","ping_status":"closed","template":"","meta":{"_aipt_faq_data":""},"store":[],"product_brand":[191],"product_cat":[73],"product_tag":[190],"class_list":{"0":"post-585","1":"product","2":"type-product","3":"status-publish","4":"has-post-thumbnail","6":"product_brand-cenh","7":"product_cat-honigloffel","8":"product_tag-honigloeffel-set","10":"first","11":"instock","12":"shipping-taxable","13":"product-type-external"},"yoast_head":"<!-- This site is optimized with the Yoast SEO plugin v27.4 - https:\/\/yoast.com\/product\/yoast-seo-wordpress\/ -->\n<title>RobLuX Pack of 40 Honey Spoons Wooden 8 cm Wooden Spoon Honey Wooden Beater for Honey Jam Honey Spoon Mini Wood for Collecting and Dispensing Honey Jam Syrup Dessert Cutlery Set - PureHiveHoney<\/title>\n<meta name=\"description\" content=\"Entdecken Sie hochwertigen Rohhonig, Bio Honig, Manuka Honig und nat\u00fcrliche Bienenprodukte. PureHiveHoney hilft Ihnen dabei, sorgf\u00e4ltig ausgew\u00e4hlte Honigsorten mit nat\u00fcrlicher Qualit\u00e4t und Reinheit zu entdecken.\" \/>\n<meta name=\"robots\" content=\"index, follow, max-snippet:-1, max-image-preview:large, max-video-preview:-1\" \/>\n<link rel=\"canonical\" href=\"https:\/\/purehivehoney.com\/de\/product\/roblux-pack-of-40-honey-spoons-wooden-8-cm-wooden-spoon-honey-wooden-beater-for-honey-jam-honey-spoon-mini-wood-for-collecting-and-dispensing-honey-jam-syrup-dessert-cutlery-set\/\" \/>\n<meta property=\"og:locale\" content=\"de_DE\" \/>\n<meta property=\"og:type\" content=\"article\" \/>\n<meta property=\"og:title\" content=\"RobLuX Pack of 40 Honey Spoons Wooden 8 cm Wooden Spoon Honey Wooden Beater for Honey Jam Honey Spoon Mini Wood for Collecting and Dispensing Honey Jam Syrup Dessert Cutlery Set - PureHiveHoney\" \/>\n<meta property=\"og:description\" content=\"Entdecken Sie hochwertigen Rohhonig, Bio Honig, Manuka Honig und nat\u00fcrliche Bienenprodukte. PureHiveHoney hilft Ihnen dabei, sorgf\u00e4ltig ausgew\u00e4hlte Honigsorten mit nat\u00fcrlicher Qualit\u00e4t und Reinheit zu entdecken.\" \/>\n<meta property=\"og:url\" content=\"https:\/\/purehivehoney.com\/de\/product\/roblux-pack-of-40-honey-spoons-wooden-8-cm-wooden-spoon-honey-wooden-beater-for-honey-jam-honey-spoon-mini-wood-for-collecting-and-dispensing-honey-jam-syrup-dessert-cutlery-set\/\" \/>\n<meta property=\"og:site_name\" content=\"PureHiveHoney\" \/>\n<meta property=\"article:modified_time\" content=\"2026-03-16T03:44:58+00:00\" \/>\n<meta name=\"twitter:card\" content=\"summary_large_image\" \/>\n<meta name=\"twitter:label1\" content=\"Gesch\u00e4tzte Lesezeit\" \/>\n\t<meta name=\"twitter:data1\" content=\"1\u00a0Minute\" \/>\n<script type=\"application\/ld+json\" class=\"yoast-schema-graph\">{\"@context\":\"https:\\\/\\\/schema.org\",\"@graph\":[{\"@type\":\"WebPage\",\"@id\":\"https:\\\/\\\/purehivehoney.com\\\/de\\\/product\\\/roblux-pack-of-40-honey-spoons-wooden-8-cm-wooden-spoon-honey-wooden-beater-for-honey-jam-honey-spoon-mini-wood-for-collecting-and-dispensing-honey-jam-syrup-dessert-cutlery-set\\\/\",\"url\":\"https:\\\/\\\/purehivehoney.com\\\/de\\\/product\\\/roblux-pack-of-40-honey-spoons-wooden-8-cm-wooden-spoon-honey-wooden-beater-for-honey-jam-honey-spoon-mini-wood-for-collecting-and-dispensing-honey-jam-syrup-dessert-cutlery-set\\\/\",\"name\":\"RobLuX Pack of 40 Honey Spoons Wooden 8 cm Wooden Spoon Honey Wooden Beater for Honey Jam Honey Spoon Mini Wood for Collecting and Dispensing Honey Jam Syrup Dessert Cutlery Set - PureHiveHoney\",\"isPartOf\":{\"@id\":\"https:\\\/\\\/purehivehoney.com\\\/de\\\/#website\"},\"primaryImageOfPage\":{\"@id\":\"https:\\\/\\\/purehivehoney.com\\\/de\\\/product\\\/roblux-pack-of-40-honey-spoons-wooden-8-cm-wooden-spoon-honey-wooden-beater-for-honey-jam-honey-spoon-mini-wood-for-collecting-and-dispensing-honey-jam-syrup-dessert-cutlery-set\\\/#primaryimage\"},\"image\":{\"@id\":\"https:\\\/\\\/purehivehoney.com\\\/de\\\/product\\\/roblux-pack-of-40-honey-spoons-wooden-8-cm-wooden-spoon-honey-wooden-beater-for-honey-jam-honey-spoon-mini-wood-for-collecting-and-dispensing-honey-jam-syrup-dessert-cutlery-set\\\/#primaryimage\"},\"thumbnailUrl\":\"https:\\\/\\\/purehivehoney.com\\\/de\\\/wp-content\\\/uploads\\\/2026\\\/03\\\/61fZyBrduVL._AC_SL1500_.jpg\",\"datePublished\":\"2026-03-16T03:44:43+00:00\",\"dateModified\":\"2026-03-16T03:44:58+00:00\",\"description\":\"Entdecken Sie hochwertigen Rohhonig, Bio Honig, Manuka Honig und nat\u00fcrliche Bienenprodukte. PureHiveHoney hilft Ihnen dabei, sorgf\u00e4ltig ausgew\u00e4hlte Honigsorten mit nat\u00fcrlicher Qualit\u00e4t und Reinheit zu entdecken.\",\"breadcrumb\":{\"@id\":\"https:\\\/\\\/purehivehoney.com\\\/de\\\/product\\\/roblux-pack-of-40-honey-spoons-wooden-8-cm-wooden-spoon-honey-wooden-beater-for-honey-jam-honey-spoon-mini-wood-for-collecting-and-dispensing-honey-jam-syrup-dessert-cutlery-set\\\/#breadcrumb\"},\"inLanguage\":\"de\",\"potentialAction\":[{\"@type\":\"ReadAction\",\"target\":[\"https:\\\/\\\/purehivehoney.com\\\/de\\\/product\\\/roblux-pack-of-40-honey-spoons-wooden-8-cm-wooden-spoon-honey-wooden-beater-for-honey-jam-honey-spoon-mini-wood-for-collecting-and-dispensing-honey-jam-syrup-dessert-cutlery-set\\\/\"]}]},{\"@type\":\"ImageObject\",\"inLanguage\":\"de\",\"@id\":\"https:\\\/\\\/purehivehoney.com\\\/de\\\/product\\\/roblux-pack-of-40-honey-spoons-wooden-8-cm-wooden-spoon-honey-wooden-beater-for-honey-jam-honey-spoon-mini-wood-for-collecting-and-dispensing-honey-jam-syrup-dessert-cutlery-set\\\/#primaryimage\",\"url\":\"https:\\\/\\\/purehivehoney.com\\\/de\\\/wp-content\\\/uploads\\\/2026\\\/03\\\/61fZyBrduVL._AC_SL1500_.jpg\",\"contentUrl\":\"https:\\\/\\\/purehivehoney.com\\\/de\\\/wp-content\\\/uploads\\\/2026\\\/03\\\/61fZyBrduVL._AC_SL1500_.jpg\",\"width\":1471,\"height\":1436},{\"@type\":\"BreadcrumbList\",\"@id\":\"https:\\\/\\\/purehivehoney.com\\\/de\\\/product\\\/roblux-pack-of-40-honey-spoons-wooden-8-cm-wooden-spoon-honey-wooden-beater-for-honey-jam-honey-spoon-mini-wood-for-collecting-and-dispensing-honey-jam-syrup-dessert-cutlery-set\\\/#breadcrumb\",\"itemListElement\":[{\"@type\":\"ListItem\",\"position\":1,\"name\":\"Home\",\"item\":\"https:\\\/\\\/purehivehoney.com\\\/de\\\/\"},{\"@type\":\"ListItem\",\"position\":2,\"name\":\"Shop\",\"item\":\"https:\\\/\\\/purehivehoney.com\\\/de\\\/shop\\\/\"},{\"@type\":\"ListItem\",\"position\":3,\"name\":\"RobLuX Pack of 40 Honey Spoons Wood...\"}]},{\"@type\":\"WebSite\",\"@id\":\"https:\\\/\\\/purehivehoney.com\\\/de\\\/#website\",\"url\":\"https:\\\/\\\/purehivehoney.com\\\/de\\\/\",\"name\":\"PureHiveHoney\",\"description\":\"Reiner Honig &amp; Bienenprodukte Online | Rohhonig, Bio Honig &amp; Spezialhonig\",\"publisher\":{\"@id\":\"https:\\\/\\\/purehivehoney.com\\\/de\\\/#organization\"},\"potentialAction\":[{\"@type\":\"SearchAction\",\"target\":{\"@type\":\"EntryPoint\",\"urlTemplate\":\"https:\\\/\\\/purehivehoney.com\\\/de\\\/?s={search_term_string}\"},\"query-input\":{\"@type\":\"PropertyValueSpecification\",\"valueRequired\":true,\"valueName\":\"search_term_string\"}}],\"inLanguage\":\"de\"},{\"@type\":\"Organization\",\"@id\":\"https:\\\/\\\/purehivehoney.com\\\/de\\\/#organization\",\"name\":\"PureHiveHoney\",\"url\":\"https:\\\/\\\/purehivehoney.com\\\/de\\\/\",\"logo\":{\"@type\":\"ImageObject\",\"inLanguage\":\"de\",\"@id\":\"https:\\\/\\\/purehivehoney.com\\\/de\\\/#\\\/schema\\\/logo\\\/image\\\/\",\"url\":\"https:\\\/\\\/purehivehoney.com\\\/de\\\/wp-content\\\/uploads\\\/2026\\\/03\\\/Screenshot-2026-03-16-at-1.06.01-AM.png\",\"contentUrl\":\"https:\\\/\\\/purehivehoney.com\\\/de\\\/wp-content\\\/uploads\\\/2026\\\/03\\\/Screenshot-2026-03-16-at-1.06.01-AM.png\",\"width\":2112,\"height\":1086,\"caption\":\"PureHiveHoney\"},\"image\":{\"@id\":\"https:\\\/\\\/purehivehoney.com\\\/de\\\/#\\\/schema\\\/logo\\\/image\\\/\"}}]}<\/script>\n<!-- \/ Yoast SEO plugin. -->","yoast_head_json":{"title":"RobLuX Pack of 40 Honey Spoons Wooden 8 cm Wooden Spoon Honey Wooden Beater for Honey Jam Honey Spoon Mini Wood for Collecting and Dispensing Honey Jam Syrup Dessert Cutlery Set - PureHiveHoney","description":"Entdecken Sie hochwertigen Rohhonig, Bio Honig, Manuka Honig und nat\u00fcrliche Bienenprodukte. PureHiveHoney hilft Ihnen dabei, sorgf\u00e4ltig ausgew\u00e4hlte Honigsorten mit nat\u00fcrlicher Qualit\u00e4t und Reinheit zu entdecken.","robots":{"index":"index","follow":"follow","max-snippet":"max-snippet:-1","max-image-preview":"max-image-preview:large","max-video-preview":"max-video-preview:-1"},"canonical":"https:\/\/purehivehoney.com\/de\/product\/roblux-pack-of-40-honey-spoons-wooden-8-cm-wooden-spoon-honey-wooden-beater-for-honey-jam-honey-spoon-mini-wood-for-collecting-and-dispensing-honey-jam-syrup-dessert-cutlery-set\/","og_locale":"de_DE","og_type":"article","og_title":"RobLuX Pack of 40 Honey Spoons Wooden 8 cm Wooden Spoon Honey Wooden Beater for Honey Jam Honey Spoon Mini Wood for Collecting and Dispensing Honey Jam Syrup Dessert Cutlery Set - PureHiveHoney","og_description":"Entdecken Sie hochwertigen Rohhonig, Bio Honig, Manuka Honig und nat\u00fcrliche Bienenprodukte. PureHiveHoney hilft Ihnen dabei, sorgf\u00e4ltig ausgew\u00e4hlte Honigsorten mit nat\u00fcrlicher Qualit\u00e4t und Reinheit zu entdecken.","og_url":"https:\/\/purehivehoney.com\/de\/product\/roblux-pack-of-40-honey-spoons-wooden-8-cm-wooden-spoon-honey-wooden-beater-for-honey-jam-honey-spoon-mini-wood-for-collecting-and-dispensing-honey-jam-syrup-dessert-cutlery-set\/","og_site_name":"PureHiveHoney","article_modified_time":"2026-03-16T03:44:58+00:00","twitter_card":"summary_large_image","twitter_misc":{"Gesch\u00e4tzte Lesezeit":"1\u00a0Minute"},"schema":{"@context":"https:\/\/schema.org","@graph":[{"@type":"WebPage","@id":"https:\/\/purehivehoney.com\/de\/product\/roblux-pack-of-40-honey-spoons-wooden-8-cm-wooden-spoon-honey-wooden-beater-for-honey-jam-honey-spoon-mini-wood-for-collecting-and-dispensing-honey-jam-syrup-dessert-cutlery-set\/","url":"https:\/\/purehivehoney.com\/de\/product\/roblux-pack-of-40-honey-spoons-wooden-8-cm-wooden-spoon-honey-wooden-beater-for-honey-jam-honey-spoon-mini-wood-for-collecting-and-dispensing-honey-jam-syrup-dessert-cutlery-set\/","name":"RobLuX Pack of 40 Honey Spoons Wooden 8 cm Wooden Spoon Honey Wooden Beater for Honey Jam Honey Spoon Mini Wood for Collecting and Dispensing Honey Jam Syrup Dessert Cutlery Set - PureHiveHoney","isPartOf":{"@id":"https:\/\/purehivehoney.com\/de\/#website"},"primaryImageOfPage":{"@id":"https:\/\/purehivehoney.com\/de\/product\/roblux-pack-of-40-honey-spoons-wooden-8-cm-wooden-spoon-honey-wooden-beater-for-honey-jam-honey-spoon-mini-wood-for-collecting-and-dispensing-honey-jam-syrup-dessert-cutlery-set\/#primaryimage"},"image":{"@id":"https:\/\/purehivehoney.com\/de\/product\/roblux-pack-of-40-honey-spoons-wooden-8-cm-wooden-spoon-honey-wooden-beater-for-honey-jam-honey-spoon-mini-wood-for-collecting-and-dispensing-honey-jam-syrup-dessert-cutlery-set\/#primaryimage"},"thumbnailUrl":"https:\/\/purehivehoney.com\/de\/wp-content\/uploads\/2026\/03\/61fZyBrduVL._AC_SL1500_.jpg","datePublished":"2026-03-16T03:44:43+00:00","dateModified":"2026-03-16T03:44:58+00:00","description":"Entdecken Sie hochwertigen Rohhonig, Bio Honig, Manuka Honig und nat\u00fcrliche Bienenprodukte. PureHiveHoney hilft Ihnen dabei, sorgf\u00e4ltig ausgew\u00e4hlte Honigsorten mit nat\u00fcrlicher Qualit\u00e4t und Reinheit zu entdecken.","breadcrumb":{"@id":"https:\/\/purehivehoney.com\/de\/product\/roblux-pack-of-40-honey-spoons-wooden-8-cm-wooden-spoon-honey-wooden-beater-for-honey-jam-honey-spoon-mini-wood-for-collecting-and-dispensing-honey-jam-syrup-dessert-cutlery-set\/#breadcrumb"},"inLanguage":"de","potentialAction":[{"@type":"ReadAction","target":["https:\/\/purehivehoney.com\/de\/product\/roblux-pack-of-40-honey-spoons-wooden-8-cm-wooden-spoon-honey-wooden-beater-for-honey-jam-honey-spoon-mini-wood-for-collecting-and-dispensing-honey-jam-syrup-dessert-cutlery-set\/"]}]},{"@type":"ImageObject","inLanguage":"de","@id":"https:\/\/purehivehoney.com\/de\/product\/roblux-pack-of-40-honey-spoons-wooden-8-cm-wooden-spoon-honey-wooden-beater-for-honey-jam-honey-spoon-mini-wood-for-collecting-and-dispensing-honey-jam-syrup-dessert-cutlery-set\/#primaryimage","url":"https:\/\/purehivehoney.com\/de\/wp-content\/uploads\/2026\/03\/61fZyBrduVL._AC_SL1500_.jpg","contentUrl":"https:\/\/purehivehoney.com\/de\/wp-content\/uploads\/2026\/03\/61fZyBrduVL._AC_SL1500_.jpg","width":1471,"height":1436},{"@type":"BreadcrumbList","@id":"https:\/\/purehivehoney.com\/de\/product\/roblux-pack-of-40-honey-spoons-wooden-8-cm-wooden-spoon-honey-wooden-beater-for-honey-jam-honey-spoon-mini-wood-for-collecting-and-dispensing-honey-jam-syrup-dessert-cutlery-set\/#breadcrumb","itemListElement":[{"@type":"ListItem","position":1,"name":"Home","item":"https:\/\/purehivehoney.com\/de\/"},{"@type":"ListItem","position":2,"name":"Shop","item":"https:\/\/purehivehoney.com\/de\/shop\/"},{"@type":"ListItem","position":3,"name":"RobLuX Pack of 40 Honey Spoons Wood..."}]},{"@type":"WebSite","@id":"https:\/\/purehivehoney.com\/de\/#website","url":"https:\/\/purehivehoney.com\/de\/","name":"PureHiveHoney","description":"Reiner Honig &amp; Bienenprodukte Online | Rohhonig, Bio Honig &amp; Spezialhonig","publisher":{"@id":"https:\/\/purehivehoney.com\/de\/#organization"},"potentialAction":[{"@type":"SearchAction","target":{"@type":"EntryPoint","urlTemplate":"https:\/\/purehivehoney.com\/de\/?s={search_term_string}"},"query-input":{"@type":"PropertyValueSpecification","valueRequired":true,"valueName":"search_term_string"}}],"inLanguage":"de"},{"@type":"Organization","@id":"https:\/\/purehivehoney.com\/de\/#organization","name":"PureHiveHoney","url":"https:\/\/purehivehoney.com\/de\/","logo":{"@type":"ImageObject","inLanguage":"de","@id":"https:\/\/purehivehoney.com\/de\/#\/schema\/logo\/image\/","url":"https:\/\/purehivehoney.com\/de\/wp-content\/uploads\/2026\/03\/Screenshot-2026-03-16-at-1.06.01-AM.png","contentUrl":"https:\/\/purehivehoney.com\/de\/wp-content\/uploads\/2026\/03\/Screenshot-2026-03-16-at-1.06.01-AM.png","width":2112,"height":1086,"caption":"PureHiveHoney"},"image":{"@id":"https:\/\/purehivehoney.com\/de\/#\/schema\/logo\/image\/"}}]}},"_links":{"self":[{"href":"https:\/\/purehivehoney.com\/de\/wp-json\/wp\/v2\/product\/585","targetHints":{"allow":["GET"]}}],"collection":[{"href":"https:\/\/purehivehoney.com\/de\/wp-json\/wp\/v2\/product"}],"about":[{"href":"https:\/\/purehivehoney.com\/de\/wp-json\/wp\/v2\/types\/product"}],"replies":[{"embeddable":true,"href":"https:\/\/purehivehoney.com\/de\/wp-json\/wp\/v2\/comments?post=585"}],"wp:featuredmedia":[{"embeddable":true,"href":"https:\/\/purehivehoney.com\/de\/wp-json\/wp\/v2\/media\/586"}],"wp:attachment":[{"href":"https:\/\/purehivehoney.com\/de\/wp-json\/wp\/v2\/media?parent=585"}],"wp:term":[{"taxonomy":"store","embeddable":true,"href":"https:\/\/purehivehoney.com\/de\/wp-json\/wp\/v2\/store?post=585"},{"taxonomy":"product_brand","embeddable":true,"href":"https:\/\/purehivehoney.com\/de\/wp-json\/wp\/v2\/product_brand?post=585"},{"taxonomy":"product_cat","embeddable":true,"href":"https:\/\/purehivehoney.com\/de\/wp-json\/wp\/v2\/product_cat?post=585"},{"taxonomy":"product_tag","embeddable":true,"href":"https:\/\/purehivehoney.com\/de\/wp-json\/wp\/v2\/product_tag?post=585"}],"curies":[{"name":"wp","href":"https:\/\/api.w.org\/{rel}","templated":true}]}}