{"id":574,"date":"2026-03-16T03:42:23","date_gmt":"2026-03-16T03:42:23","guid":{"rendered":"https:\/\/purehivehoney.com\/de\/product\/fackelmann-honey-dispenser-14-cm-in-blister-pack\/"},"modified":"2026-03-16T03:42:25","modified_gmt":"2026-03-16T03:42:25","slug":"fackelmann-honey-dispenser-14-cm-in-blister-pack","status":"publish","type":"product","link":"https:\/\/purehivehoney.com\/de\/product\/fackelmann-honey-dispenser-14-cm-in-blister-pack\/","title":{"rendered":"Fackelmann Honey Dispenser 14 cm in..."},"content":{"rendered":"<p>                                             From the manufacturer   <\/p>\n<p>                                                                             <img decoding=\"async\" alt=\"fff\" src=\"https:\/\/images-na.ssl-images-amazon.com\/images\/G\/01\/x-locale\/common\/grey-pixel.gif\" class=\"a-spacing-base a-lazy-loaded\" data-src=\"https:\/\/m.media-amazon.com\/images\/S\/aplus-media\/sota\/dc6a60a6-6add-41ef-845f-4408f5d2f53d.__CR0,0,970,600_PT0_SX970_V1___.jpg\"><img decoding=\"async\" alt=\"fff\" src=\"https:\/\/m.media-amazon.com\/images\/S\/aplus-media\/sota\/dc6a60a6-6add-41ef-845f-4408f5d2f53d.__CR0,0,970,600_PT0_SX970_V1___.jpg\">                                         <\/p>\n<h3 class=\"a-spacing-mini\"> \u00dcber uns <\/h3>\n<p class=\"a-spacing-base\"> In unserem Fackelmann Online Shop gibt&#8217;s die volle Auswahl f\u00fcr die K\u00fcche: Entdecke das perfekte Zubeh\u00f6r f\u00fcr&#8217;s Kochen, Backen, Zubereiten, Grillen, Schneiden, Dekorieren, Tischdecken und Genie\u00dfen. Von klassischen K\u00fcchenhelfern wie Dosen\u00f6ffnern, Pizzaschneidern und Kochl\u00f6ffeln \u00fcber praktisches Gew\u00fcrzzubeh\u00f6r wie Salz- und Pfefferm\u00fchlen bis hin zu Backformen und dazu passenden Backhelfern oder verschiedensten Messern und zahlreichen weiteren Artikeln. Bei uns gibt es garantiert alles, wonach du schon immer gesucht hast \u2013 und noch viel mehr. Entdecke vielseitige Rezepte und Tipps und Tricks rund ums Kochen und Backen in unserem Ratgeber. Lass dich von fackelmann.de inspirieren! <\/p>\n<p>                                                                             <img decoding=\"async\" alt=\"fff\" src=\"https:\/\/images-na.ssl-images-amazon.com\/images\/G\/01\/x-locale\/common\/grey-pixel.gif\" class=\"a-spacing-base a-lazy-loaded\" data-src=\"https:\/\/m.media-amazon.com\/images\/S\/aplus-media\/sota\/0ea491be-f869-4adc-b620-a329cc67235f.__CR0,0,970,600_PT0_SX970_V1___.jpg\"><img decoding=\"async\" alt=\"fff\" src=\"https:\/\/m.media-amazon.com\/images\/S\/aplus-media\/sota\/0ea491be-f869-4adc-b620-a329cc67235f.__CR0,0,970,600_PT0_SX970_V1___.jpg\">                                                                    <\/p>\n<p class=\"apm-text-center\">\n                                                      <img decoding=\"async\" alt=\"fff\" src=\"https:\/\/images-na.ssl-images-amazon.com\/images\/G\/01\/x-locale\/common\/grey-pixel.gif\" class=\"a-spacing-mini a-lazy-loaded\" data-src=\"https:\/\/m.media-amazon.com\/images\/S\/aplus-media\/sota\/085cb5bc-de77-4860-a58c-86d2ec72682b.__CR0,0,300,300_PT0_SX300_V1___.jpg\"><img decoding=\"async\" alt=\"fff\" src=\"https:\/\/m.media-amazon.com\/images\/S\/aplus-media\/sota\/085cb5bc-de77-4860-a58c-86d2ec72682b.__CR0,0,300,300_PT0_SX300_V1___.jpg\">  <\/p>\n<p>                                                    Backformen \u2013 immer gut in Form                                       <\/p>\n<p> Wir kennen sie alle: Klassische Kuchen, die man bereits an der Form erkennt. Der Gugelhupf hat immer seine hohe Kranzform mit dem Loch in der Mitte, der Obstkuchen den typischen gewellten Rand, der Kastenkuchen seine l\u00e4ngliche Form mit vier Ecken und der Muffin seine kleine, aber feine Gestalt im Pilz-Look. F\u00fcr all diese Leckereien wird eine Backform ben\u00f6tigt. Da viele Teige vor dem Backen sehr fl\u00fcssig sind, ist es Aufgabe der Backform, den Teig sch\u00f6n in Form zu bringen. Wir verraten dir, welche Formen in jeder K\u00fcche vorhanden sein sollten und was es mit dem Material auf sich hat. <\/p>\n<p class=\"apm-text-center\">\n                                                      <img decoding=\"async\" alt=\"fff\" src=\"https:\/\/images-na.ssl-images-amazon.com\/images\/G\/01\/x-locale\/common\/grey-pixel.gif\" class=\"a-spacing-mini a-lazy-loaded\" data-src=\"https:\/\/m.media-amazon.com\/images\/S\/aplus-media\/sota\/3cbabc7a-61eb-48d9-a589-0a334f28c532.__CR0,0,300,300_PT0_SX300_V1___.jpg\"><img decoding=\"async\" alt=\"fff\" src=\"https:\/\/m.media-amazon.com\/images\/S\/aplus-media\/sota\/3cbabc7a-61eb-48d9-a589-0a334f28c532.__CR0,0,300,300_PT0_SX300_V1___.jpg\">  <\/p>\n<p>                                                     Kochzubeh\u00f6r                                        <\/p>\n<p> Ob Kochzubeh\u00f6r von Elo und W\u00fcsthof, Backformen von Zenker und Dr. Oetker oder K\u00fcchenhelfer von Fackelmann, Chefkoch und Tasty \u2013 in unserem Fackelmann Shop findest du alles rund ums Kochen, Backen und vieles mehr. Hohe Qualit\u00e4tsanspr\u00fcche, eine hundertj\u00e4hrige Expertise und innovative Ideen zeichnen all unsere Sortimente aus. Bei uns gibt es garantiert alles, wonach du schon immer gesucht hast \u2013 und noch viel mehr. <\/p>\n<p class=\"apm-text-center\">\n                                                      <img decoding=\"async\" alt=\"fff\" src=\"https:\/\/images-na.ssl-images-amazon.com\/images\/G\/01\/x-locale\/common\/grey-pixel.gif\" class=\"a-spacing-mini a-lazy-loaded\" data-src=\"https:\/\/m.media-amazon.com\/images\/S\/aplus-media\/sota\/f40b6e8c-c7a4-41b7-acd7-e3f814cb7387.__CR0,0,300,300_PT0_SX300_V1___.jpg\"><img decoding=\"async\" alt=\"fff\" src=\"https:\/\/m.media-amazon.com\/images\/S\/aplus-media\/sota\/f40b6e8c-c7a4-41b7-acd7-e3f814cb7387.__CR0,0,300,300_PT0_SX300_V1___.jpg\">  <\/p>\n<p>                                                    Fackelmann \u2013 die passenden K\u00fcchenhelfer f\u00fcr alle K\u00fcchenlagen                                       <\/p>\n<p> Themen wie Gesundheit und Nachhaltigkeit spielen in unserer Unternehmensphilosophie ebenfalls eine wichtige Rolle: Viele unserer Fackelmann K\u00fcchenhelfer sind bereits mit ergonomischen Griffen ausgestattet. Vom Fackelmann Pfannenwender \u00fcber die Grillzange bis hin zum  Schneidebrett werden zahlreiche unserer K\u00fcchenhelfer aus Holz hergestellt. Das -Konzept steht f\u00fcr die F\u00f6rderung einer umweltfreundlichen und wirtschaftlich tragf\u00e4higen Wald-Bewirtschaftung. Das Sortiment der Fackelmann K\u00fcchenhelfer <\/p>\n<p>                                                                             <img decoding=\"async\" alt=\"fff\" src=\"https:\/\/images-na.ssl-images-amazon.com\/images\/G\/01\/x-locale\/common\/grey-pixel.gif\" class=\"a-spacing-base a-lazy-loaded\" data-src=\"https:\/\/m.media-amazon.com\/images\/S\/aplus-media\/sota\/2d043754-d1d9-4cf7-9ecc-c605bae905ba.__CR0,0,970,600_PT0_SX970_V1___.jpg\"><img decoding=\"async\" alt=\"fff\" src=\"https:\/\/m.media-amazon.com\/images\/S\/aplus-media\/sota\/2d043754-d1d9-4cf7-9ecc-c605bae905ba.__CR0,0,970,600_PT0_SX970_V1___.jpg\">                                                                     <\/p>\n<p class=\"a-spacing-base\"> Ob Kochzubeh\u00f6r von Elo und W\u00fcsthof, Backformen von Zenker und Dr. Oetker oder K\u00fcchenhelfer von Fackelmann, Chefkoch und Tasty \u2013 in unserem Fackelmann Shop findest du alles rund ums Kochen, Backen und vieles mehr. Hohe Qualit\u00e4tsanspr\u00fcche, eine hundertj\u00e4hrige Expertise und innovative Ideen zeichnen all unsere Sortimente aus. Bei uns gibt es garantiert alles, wonach du schon immer gesucht hast \u2013 und noch viel mehr. <\/p>\n<p>Filling capacity: the dispenser holds 200 ml of golden juice<br \/>Practical: accurate and drip-free dispensing of honey and syrup<br \/>Box contents: 1 x honey dispenser &#8211; in proven quality from Fackelmann<br \/>Material: lid, handle and base are made of plastic, body is made of glass, dishwasher safe<br \/>Dimensions: approx. 12 x 14 x 9 cm<\/p>\n\n","protected":false},"excerpt":{"rendered":"<p>From the manufacturer \u00dcber uns In unserem Fackelmann Online Shop gibt&#8217;s die volle Auswahl f\u00fcr die K\u00fcche: Entdecke das perfekte Zubeh\u00f6r f\u00fcr&#8217;s Kochen, Backen, Zubereiten, Grillen, Schneiden, Dekorieren, Tischdecken und Genie\u00dfen. Von klassischen K\u00fcchenhelfern wie Dosen\u00f6ffnern, Pizzaschneidern und Kochl\u00f6ffeln \u00fcber praktisches Gew\u00fcrzzubeh\u00f6r wie Salz- und Pfefferm\u00fchlen bis hin zu Backformen und dazu passenden Backhelfern oder [&hellip;]<\/p>\n","protected":false},"featured_media":575,"comment_status":"open","ping_status":"closed","template":"","meta":{"_aipt_faq_data":""},"store":[],"product_brand":[187],"product_cat":[75],"product_tag":[186],"class_list":{"0":"post-574","1":"product","2":"type-product","3":"status-publish","4":"has-post-thumbnail","6":"product_brand-fackelmann","7":"product_cat-honigspender","8":"product_tag-honigspender-mit-verschluss","10":"first","11":"instock","12":"shipping-taxable","13":"product-type-external"},"yoast_head":"<!-- This site is optimized with the Yoast SEO plugin v27.4 - https:\/\/yoast.com\/product\/yoast-seo-wordpress\/ -->\n<title>Fackelmann Honey Dispenser 14 cm in Blister Pack - PureHiveHoney<\/title>\n<meta name=\"description\" content=\"Entdecken Sie hochwertigen Rohhonig, Bio Honig, Manuka Honig und nat\u00fcrliche Bienenprodukte. PureHiveHoney hilft Ihnen dabei, sorgf\u00e4ltig ausgew\u00e4hlte Honigsorten mit nat\u00fcrlicher Qualit\u00e4t und Reinheit zu entdecken.\" \/>\n<meta name=\"robots\" content=\"index, follow, max-snippet:-1, max-image-preview:large, max-video-preview:-1\" \/>\n<link rel=\"canonical\" href=\"https:\/\/purehivehoney.com\/de\/product\/fackelmann-honey-dispenser-14-cm-in-blister-pack\/\" \/>\n<meta property=\"og:locale\" content=\"de_DE\" \/>\n<meta property=\"og:type\" content=\"article\" \/>\n<meta property=\"og:title\" content=\"Fackelmann Honey Dispenser 14 cm in Blister Pack - PureHiveHoney\" \/>\n<meta property=\"og:description\" content=\"Entdecken Sie hochwertigen Rohhonig, Bio Honig, Manuka Honig und nat\u00fcrliche Bienenprodukte. PureHiveHoney hilft Ihnen dabei, sorgf\u00e4ltig ausgew\u00e4hlte Honigsorten mit nat\u00fcrlicher Qualit\u00e4t und Reinheit zu entdecken.\" \/>\n<meta property=\"og:url\" content=\"https:\/\/purehivehoney.com\/de\/product\/fackelmann-honey-dispenser-14-cm-in-blister-pack\/\" \/>\n<meta property=\"og:site_name\" content=\"PureHiveHoney\" \/>\n<meta property=\"article:modified_time\" content=\"2026-03-16T03:42:25+00:00\" \/>\n<meta property=\"og:image\" content=\"https:\/\/images-na.ssl-images-amazon.com\/images\/G\/01\/x-locale\/common\/grey-pixel.gif\" \/>\n<meta name=\"twitter:card\" content=\"summary_large_image\" \/>\n<meta name=\"twitter:label1\" content=\"Gesch\u00e4tzte Lesezeit\" \/>\n\t<meta name=\"twitter:data1\" content=\"2\u00a0Minuten\" \/>\n<script type=\"application\/ld+json\" class=\"yoast-schema-graph\">{\"@context\":\"https:\\\/\\\/schema.org\",\"@graph\":[{\"@type\":\"WebPage\",\"@id\":\"https:\\\/\\\/purehivehoney.com\\\/de\\\/product\\\/fackelmann-honey-dispenser-14-cm-in-blister-pack\\\/\",\"url\":\"https:\\\/\\\/purehivehoney.com\\\/de\\\/product\\\/fackelmann-honey-dispenser-14-cm-in-blister-pack\\\/\",\"name\":\"Fackelmann Honey Dispenser 14 cm in Blister Pack - PureHiveHoney\",\"isPartOf\":{\"@id\":\"https:\\\/\\\/purehivehoney.com\\\/de\\\/#website\"},\"primaryImageOfPage\":{\"@id\":\"https:\\\/\\\/purehivehoney.com\\\/de\\\/product\\\/fackelmann-honey-dispenser-14-cm-in-blister-pack\\\/#primaryimage\"},\"image\":{\"@id\":\"https:\\\/\\\/purehivehoney.com\\\/de\\\/product\\\/fackelmann-honey-dispenser-14-cm-in-blister-pack\\\/#primaryimage\"},\"thumbnailUrl\":\"https:\\\/\\\/purehivehoney.com\\\/de\\\/wp-content\\\/uploads\\\/2026\\\/03\\\/41fsIe7PwmL._AC_SL1000_.jpg\",\"datePublished\":\"2026-03-16T03:42:23+00:00\",\"dateModified\":\"2026-03-16T03:42:25+00:00\",\"description\":\"Entdecken Sie hochwertigen Rohhonig, Bio Honig, Manuka Honig und nat\u00fcrliche Bienenprodukte. PureHiveHoney hilft Ihnen dabei, sorgf\u00e4ltig ausgew\u00e4hlte Honigsorten mit nat\u00fcrlicher Qualit\u00e4t und Reinheit zu entdecken.\",\"breadcrumb\":{\"@id\":\"https:\\\/\\\/purehivehoney.com\\\/de\\\/product\\\/fackelmann-honey-dispenser-14-cm-in-blister-pack\\\/#breadcrumb\"},\"inLanguage\":\"de\",\"potentialAction\":[{\"@type\":\"ReadAction\",\"target\":[\"https:\\\/\\\/purehivehoney.com\\\/de\\\/product\\\/fackelmann-honey-dispenser-14-cm-in-blister-pack\\\/\"]}]},{\"@type\":\"ImageObject\",\"inLanguage\":\"de\",\"@id\":\"https:\\\/\\\/purehivehoney.com\\\/de\\\/product\\\/fackelmann-honey-dispenser-14-cm-in-blister-pack\\\/#primaryimage\",\"url\":\"https:\\\/\\\/purehivehoney.com\\\/de\\\/wp-content\\\/uploads\\\/2026\\\/03\\\/41fsIe7PwmL._AC_SL1000_.jpg\",\"contentUrl\":\"https:\\\/\\\/purehivehoney.com\\\/de\\\/wp-content\\\/uploads\\\/2026\\\/03\\\/41fsIe7PwmL._AC_SL1000_.jpg\",\"width\":692,\"height\":988},{\"@type\":\"BreadcrumbList\",\"@id\":\"https:\\\/\\\/purehivehoney.com\\\/de\\\/product\\\/fackelmann-honey-dispenser-14-cm-in-blister-pack\\\/#breadcrumb\",\"itemListElement\":[{\"@type\":\"ListItem\",\"position\":1,\"name\":\"Home\",\"item\":\"https:\\\/\\\/purehivehoney.com\\\/de\\\/\"},{\"@type\":\"ListItem\",\"position\":2,\"name\":\"Shop\",\"item\":\"https:\\\/\\\/purehivehoney.com\\\/de\\\/shop\\\/\"},{\"@type\":\"ListItem\",\"position\":3,\"name\":\"Fackelmann Honey Dispenser 14 cm in...\"}]},{\"@type\":\"WebSite\",\"@id\":\"https:\\\/\\\/purehivehoney.com\\\/de\\\/#website\",\"url\":\"https:\\\/\\\/purehivehoney.com\\\/de\\\/\",\"name\":\"PureHiveHoney\",\"description\":\"Reiner Honig &amp; Bienenprodukte Online | Rohhonig, Bio Honig &amp; Spezialhonig\",\"publisher\":{\"@id\":\"https:\\\/\\\/purehivehoney.com\\\/de\\\/#organization\"},\"potentialAction\":[{\"@type\":\"SearchAction\",\"target\":{\"@type\":\"EntryPoint\",\"urlTemplate\":\"https:\\\/\\\/purehivehoney.com\\\/de\\\/?s={search_term_string}\"},\"query-input\":{\"@type\":\"PropertyValueSpecification\",\"valueRequired\":true,\"valueName\":\"search_term_string\"}}],\"inLanguage\":\"de\"},{\"@type\":\"Organization\",\"@id\":\"https:\\\/\\\/purehivehoney.com\\\/de\\\/#organization\",\"name\":\"PureHiveHoney\",\"url\":\"https:\\\/\\\/purehivehoney.com\\\/de\\\/\",\"logo\":{\"@type\":\"ImageObject\",\"inLanguage\":\"de\",\"@id\":\"https:\\\/\\\/purehivehoney.com\\\/de\\\/#\\\/schema\\\/logo\\\/image\\\/\",\"url\":\"https:\\\/\\\/purehivehoney.com\\\/de\\\/wp-content\\\/uploads\\\/2026\\\/03\\\/Screenshot-2026-03-16-at-1.06.01-AM.png\",\"contentUrl\":\"https:\\\/\\\/purehivehoney.com\\\/de\\\/wp-content\\\/uploads\\\/2026\\\/03\\\/Screenshot-2026-03-16-at-1.06.01-AM.png\",\"width\":2112,\"height\":1086,\"caption\":\"PureHiveHoney\"},\"image\":{\"@id\":\"https:\\\/\\\/purehivehoney.com\\\/de\\\/#\\\/schema\\\/logo\\\/image\\\/\"}}]}<\/script>\n<!-- \/ Yoast SEO plugin. -->","yoast_head_json":{"title":"Fackelmann Honey Dispenser 14 cm in Blister Pack - PureHiveHoney","description":"Entdecken Sie hochwertigen Rohhonig, Bio Honig, Manuka Honig und nat\u00fcrliche Bienenprodukte. PureHiveHoney hilft Ihnen dabei, sorgf\u00e4ltig ausgew\u00e4hlte Honigsorten mit nat\u00fcrlicher Qualit\u00e4t und Reinheit zu entdecken.","robots":{"index":"index","follow":"follow","max-snippet":"max-snippet:-1","max-image-preview":"max-image-preview:large","max-video-preview":"max-video-preview:-1"},"canonical":"https:\/\/purehivehoney.com\/de\/product\/fackelmann-honey-dispenser-14-cm-in-blister-pack\/","og_locale":"de_DE","og_type":"article","og_title":"Fackelmann Honey Dispenser 14 cm in Blister Pack - PureHiveHoney","og_description":"Entdecken Sie hochwertigen Rohhonig, Bio Honig, Manuka Honig und nat\u00fcrliche Bienenprodukte. PureHiveHoney hilft Ihnen dabei, sorgf\u00e4ltig ausgew\u00e4hlte Honigsorten mit nat\u00fcrlicher Qualit\u00e4t und Reinheit zu entdecken.","og_url":"https:\/\/purehivehoney.com\/de\/product\/fackelmann-honey-dispenser-14-cm-in-blister-pack\/","og_site_name":"PureHiveHoney","article_modified_time":"2026-03-16T03:42:25+00:00","og_image":[{"url":"https:\/\/images-na.ssl-images-amazon.com\/images\/G\/01\/x-locale\/common\/grey-pixel.gif","type":"","width":"","height":""}],"twitter_card":"summary_large_image","twitter_misc":{"Gesch\u00e4tzte Lesezeit":"2\u00a0Minuten"},"schema":{"@context":"https:\/\/schema.org","@graph":[{"@type":"WebPage","@id":"https:\/\/purehivehoney.com\/de\/product\/fackelmann-honey-dispenser-14-cm-in-blister-pack\/","url":"https:\/\/purehivehoney.com\/de\/product\/fackelmann-honey-dispenser-14-cm-in-blister-pack\/","name":"Fackelmann Honey Dispenser 14 cm in Blister Pack - PureHiveHoney","isPartOf":{"@id":"https:\/\/purehivehoney.com\/de\/#website"},"primaryImageOfPage":{"@id":"https:\/\/purehivehoney.com\/de\/product\/fackelmann-honey-dispenser-14-cm-in-blister-pack\/#primaryimage"},"image":{"@id":"https:\/\/purehivehoney.com\/de\/product\/fackelmann-honey-dispenser-14-cm-in-blister-pack\/#primaryimage"},"thumbnailUrl":"https:\/\/purehivehoney.com\/de\/wp-content\/uploads\/2026\/03\/41fsIe7PwmL._AC_SL1000_.jpg","datePublished":"2026-03-16T03:42:23+00:00","dateModified":"2026-03-16T03:42:25+00:00","description":"Entdecken Sie hochwertigen Rohhonig, Bio Honig, Manuka Honig und nat\u00fcrliche Bienenprodukte. PureHiveHoney hilft Ihnen dabei, sorgf\u00e4ltig ausgew\u00e4hlte Honigsorten mit nat\u00fcrlicher Qualit\u00e4t und Reinheit zu entdecken.","breadcrumb":{"@id":"https:\/\/purehivehoney.com\/de\/product\/fackelmann-honey-dispenser-14-cm-in-blister-pack\/#breadcrumb"},"inLanguage":"de","potentialAction":[{"@type":"ReadAction","target":["https:\/\/purehivehoney.com\/de\/product\/fackelmann-honey-dispenser-14-cm-in-blister-pack\/"]}]},{"@type":"ImageObject","inLanguage":"de","@id":"https:\/\/purehivehoney.com\/de\/product\/fackelmann-honey-dispenser-14-cm-in-blister-pack\/#primaryimage","url":"https:\/\/purehivehoney.com\/de\/wp-content\/uploads\/2026\/03\/41fsIe7PwmL._AC_SL1000_.jpg","contentUrl":"https:\/\/purehivehoney.com\/de\/wp-content\/uploads\/2026\/03\/41fsIe7PwmL._AC_SL1000_.jpg","width":692,"height":988},{"@type":"BreadcrumbList","@id":"https:\/\/purehivehoney.com\/de\/product\/fackelmann-honey-dispenser-14-cm-in-blister-pack\/#breadcrumb","itemListElement":[{"@type":"ListItem","position":1,"name":"Home","item":"https:\/\/purehivehoney.com\/de\/"},{"@type":"ListItem","position":2,"name":"Shop","item":"https:\/\/purehivehoney.com\/de\/shop\/"},{"@type":"ListItem","position":3,"name":"Fackelmann Honey Dispenser 14 cm in..."}]},{"@type":"WebSite","@id":"https:\/\/purehivehoney.com\/de\/#website","url":"https:\/\/purehivehoney.com\/de\/","name":"PureHiveHoney","description":"Reiner Honig &amp; Bienenprodukte Online | Rohhonig, Bio Honig &amp; Spezialhonig","publisher":{"@id":"https:\/\/purehivehoney.com\/de\/#organization"},"potentialAction":[{"@type":"SearchAction","target":{"@type":"EntryPoint","urlTemplate":"https:\/\/purehivehoney.com\/de\/?s={search_term_string}"},"query-input":{"@type":"PropertyValueSpecification","valueRequired":true,"valueName":"search_term_string"}}],"inLanguage":"de"},{"@type":"Organization","@id":"https:\/\/purehivehoney.com\/de\/#organization","name":"PureHiveHoney","url":"https:\/\/purehivehoney.com\/de\/","logo":{"@type":"ImageObject","inLanguage":"de","@id":"https:\/\/purehivehoney.com\/de\/#\/schema\/logo\/image\/","url":"https:\/\/purehivehoney.com\/de\/wp-content\/uploads\/2026\/03\/Screenshot-2026-03-16-at-1.06.01-AM.png","contentUrl":"https:\/\/purehivehoney.com\/de\/wp-content\/uploads\/2026\/03\/Screenshot-2026-03-16-at-1.06.01-AM.png","width":2112,"height":1086,"caption":"PureHiveHoney"},"image":{"@id":"https:\/\/purehivehoney.com\/de\/#\/schema\/logo\/image\/"}}]}},"_links":{"self":[{"href":"https:\/\/purehivehoney.com\/de\/wp-json\/wp\/v2\/product\/574","targetHints":{"allow":["GET"]}}],"collection":[{"href":"https:\/\/purehivehoney.com\/de\/wp-json\/wp\/v2\/product"}],"about":[{"href":"https:\/\/purehivehoney.com\/de\/wp-json\/wp\/v2\/types\/product"}],"replies":[{"embeddable":true,"href":"https:\/\/purehivehoney.com\/de\/wp-json\/wp\/v2\/comments?post=574"}],"wp:featuredmedia":[{"embeddable":true,"href":"https:\/\/purehivehoney.com\/de\/wp-json\/wp\/v2\/media\/575"}],"wp:attachment":[{"href":"https:\/\/purehivehoney.com\/de\/wp-json\/wp\/v2\/media?parent=574"}],"wp:term":[{"taxonomy":"store","embeddable":true,"href":"https:\/\/purehivehoney.com\/de\/wp-json\/wp\/v2\/store?post=574"},{"taxonomy":"product_brand","embeddable":true,"href":"https:\/\/purehivehoney.com\/de\/wp-json\/wp\/v2\/product_brand?post=574"},{"taxonomy":"product_cat","embeddable":true,"href":"https:\/\/purehivehoney.com\/de\/wp-json\/wp\/v2\/product_cat?post=574"},{"taxonomy":"product_tag","embeddable":true,"href":"https:\/\/purehivehoney.com\/de\/wp-json\/wp\/v2\/product_tag?post=574"}],"curies":[{"name":"wp","href":"https:\/\/api.w.org\/{rel}","templated":true}]}}