{"id":556,"date":"2026-03-16T03:39:21","date_gmt":"2026-03-16T03:39:21","guid":{"rendered":"https:\/\/purehivehoney.com\/de\/product\/reiner-roher-honig-mit-quitte-bio-wildblume-100-natuerlich-170-g-ungefiltert-ungeheizt-aus-nicht-saugaren-gefuetterten-bienen-mit-hoher-konzentration-an-proteinmineralien-und-natuerlichen-saeure\/"},"modified":"2026-03-16T03:39:38","modified_gmt":"2026-03-16T03:39:38","slug":"reiner-roher-honig-mit-quitte-bio-wildblume-100-natuerlich-170-g-ungefiltert-ungeheizt-aus-nicht-saugaren-gefuetterten-bienen-mit-hoher-konzentration-an-proteinmineralien-und-natuerlichen-saeure","status":"publish","type":"product","link":"https:\/\/purehivehoney.com\/de\/product\/reiner-roher-honig-mit-quitte-bio-wildblume-100-natuerlich-170-g-ungefiltert-ungeheizt-aus-nicht-saugaren-gefuetterten-bienen-mit-hoher-konzentration-an-proteinmineralien-und-natuerlichen-saeure\/","title":{"rendered":"Reiner, roher Honig mit Quitte, Bio..."},"content":{"rendered":"<p>    <span>Seit der Antike gelten Quitten als Symbol der Liebe und Harmonie, und Honig mit Quitten kann eine Vielzahl von Erfahrungen bieten. Es ist eines der besten Mittel zur Vermeidung von Erk\u00e4ltungen, und wenn es mit Honig gemischt wird, wird es zu einem exklusiven Produkt. Es ist ein tolles Dessert, eine gro\u00dfartige Erg\u00e4nzung zum Geschmack von Snacks, verteilt auf Toast oder Quarkk\u00e4se, machen Tee, Gew\u00fcrze f\u00fcr Obst oder Gem\u00fcse. Der Geruch und Geschmack des Produktes ist f\u00fcr jeden bekannt, aber dieser Honig ist einzigartig, weil er an einem sch\u00f6nen Ort in Litauen gesammelt wird und der Geschmack und Geruch \u00e4ndern sich je nachdem, wo die Bienen Honig sammeln. In Glasgl\u00e4sern 170 g. 100% naturreiner, reiner Rohhonig wird nur von liebevollen und respektvollen Imkern gesammelt, die von mehreren Generationen von Familien weitergegeben wurde.<\/span>    <br \/> Item Weight                                            \u200f                                            :                                            \u200e                                            170 g   <br \/> Manufacturer                                            \u200f                                            :                                            \u200e                                            9 medus   <br \/> ASIN                                            \u200f                                            :                                            \u200e                                            B08QCSGTV1   <br \/>Honig | 100% reiner, nat\u00fcrlicher, roher Wildblumen-Honig mit Quitten Nachhaltig gesammelt von den l\u00e4ndlichen Imkern<br \/>Honig | Unpasteurisiert, unbearbeitet, unbearbeitet und ungefiltert, 100% nat\u00fcrliches Produkt ohne Konservierungsstoffe oder zugesetzten Zucker, perfekt f\u00fcr Menschen, die versuchen, weniger S\u00fc\u00dfigkeiten zu essen oder f\u00fcr Kinder, die zu viele S\u00fc\u00dfigkeiten verzehren.<br \/>Honig | Wird nur von liebevollen und respektvollen Imkern gesammelt, die von mehreren Generationen von Familien weitergegeben wurde.<br \/>Honig | Der Anbau gentechnisch ver\u00e4nderter Pflanzen ist in Litauen verboten. Dadurch sammeln Bienen Nektar nur von nat\u00fcrlichen Pflanzen<\/p>\n\n","protected":false},"excerpt":{"rendered":"<p>Seit der Antike gelten Quitten als Symbol der Liebe und Harmonie, und Honig mit Quitten kann eine Vielzahl von Erfahrungen bieten. Es ist eines der besten Mittel zur Vermeidung von Erk\u00e4ltungen, und wenn es mit Honig gemischt wird, wird es zu einem exklusiven Produkt. Es ist ein tolles Dessert, eine gro\u00dfartige Erg\u00e4nzung zum Geschmack von [&hellip;]<\/p>\n","protected":false},"featured_media":557,"comment_status":"open","ping_status":"closed","template":"","meta":{"_aipt_faq_data":""},"store":[],"product_brand":[116],"product_cat":[40],"product_tag":[184],"class_list":{"0":"post-556","1":"product","2":"type-product","3":"status-publish","4":"has-post-thumbnail","6":"product_brand-9-medus","7":"product_cat-bio-roher-honig","8":"product_tag-bio-roher-honig-honigsorten","10":"first","11":"instock","12":"shipping-taxable","13":"product-type-external"},"yoast_head":"<!-- This site is optimized with the Yoast SEO plugin v27.4 - https:\/\/yoast.com\/product\/yoast-seo-wordpress\/ -->\n<title>Reiner, roher Honig mit Quitte, Bio Wildblume, 100% nat\u00fcrlich, 170 g, ungefiltert, ungeheizt aus nicht saugaren gef\u00fctterten Bienen mit hoher Konzentration an Proteinmineralien und nat\u00fcrlichen S\u00e4uren - PureHiveHoney<\/title>\n<meta name=\"description\" content=\"Entdecken Sie hochwertigen Rohhonig, Bio Honig, Manuka Honig und nat\u00fcrliche Bienenprodukte. PureHiveHoney hilft Ihnen dabei, sorgf\u00e4ltig ausgew\u00e4hlte Honigsorten mit nat\u00fcrlicher Qualit\u00e4t und Reinheit zu entdecken.\" \/>\n<meta name=\"robots\" content=\"index, follow, max-snippet:-1, max-image-preview:large, max-video-preview:-1\" \/>\n<link rel=\"canonical\" href=\"https:\/\/purehivehoney.com\/de\/product\/reiner-roher-honig-mit-quitte-bio-wildblume-100-natuerlich-170-g-ungefiltert-ungeheizt-aus-nicht-saugaren-gefuetterten-bienen-mit-hoher-konzentration-an-proteinmineralien-und-natuerlichen-saeure\/\" \/>\n<meta property=\"og:locale\" content=\"de_DE\" \/>\n<meta property=\"og:type\" content=\"article\" \/>\n<meta property=\"og:title\" content=\"Reiner, roher Honig mit Quitte, Bio Wildblume, 100% nat\u00fcrlich, 170 g, ungefiltert, ungeheizt aus nicht saugaren gef\u00fctterten Bienen mit hoher Konzentration an Proteinmineralien und nat\u00fcrlichen S\u00e4uren - PureHiveHoney\" \/>\n<meta property=\"og:description\" content=\"Entdecken Sie hochwertigen Rohhonig, Bio Honig, Manuka Honig und nat\u00fcrliche Bienenprodukte. PureHiveHoney hilft Ihnen dabei, sorgf\u00e4ltig ausgew\u00e4hlte Honigsorten mit nat\u00fcrlicher Qualit\u00e4t und Reinheit zu entdecken.\" \/>\n<meta property=\"og:url\" content=\"https:\/\/purehivehoney.com\/de\/product\/reiner-roher-honig-mit-quitte-bio-wildblume-100-natuerlich-170-g-ungefiltert-ungeheizt-aus-nicht-saugaren-gefuetterten-bienen-mit-hoher-konzentration-an-proteinmineralien-und-natuerlichen-saeure\/\" \/>\n<meta property=\"og:site_name\" content=\"PureHiveHoney\" \/>\n<meta property=\"article:modified_time\" content=\"2026-03-16T03:39:38+00:00\" \/>\n<meta name=\"twitter:card\" content=\"summary_large_image\" \/>\n<meta name=\"twitter:label1\" content=\"Gesch\u00e4tzte Lesezeit\" \/>\n\t<meta name=\"twitter:data1\" content=\"1\u00a0Minute\" \/>\n<script type=\"application\/ld+json\" class=\"yoast-schema-graph\">{\"@context\":\"https:\\\/\\\/schema.org\",\"@graph\":[{\"@type\":\"WebPage\",\"@id\":\"https:\\\/\\\/purehivehoney.com\\\/de\\\/product\\\/reiner-roher-honig-mit-quitte-bio-wildblume-100-natuerlich-170-g-ungefiltert-ungeheizt-aus-nicht-saugaren-gefuetterten-bienen-mit-hoher-konzentration-an-proteinmineralien-und-natuerlichen-saeure\\\/\",\"url\":\"https:\\\/\\\/purehivehoney.com\\\/de\\\/product\\\/reiner-roher-honig-mit-quitte-bio-wildblume-100-natuerlich-170-g-ungefiltert-ungeheizt-aus-nicht-saugaren-gefuetterten-bienen-mit-hoher-konzentration-an-proteinmineralien-und-natuerlichen-saeure\\\/\",\"name\":\"Reiner, roher Honig mit Quitte, Bio Wildblume, 100% nat\u00fcrlich, 170 g, ungefiltert, ungeheizt aus nicht saugaren gef\u00fctterten Bienen mit hoher Konzentration an Proteinmineralien und nat\u00fcrlichen S\u00e4uren - PureHiveHoney\",\"isPartOf\":{\"@id\":\"https:\\\/\\\/purehivehoney.com\\\/de\\\/#website\"},\"primaryImageOfPage\":{\"@id\":\"https:\\\/\\\/purehivehoney.com\\\/de\\\/product\\\/reiner-roher-honig-mit-quitte-bio-wildblume-100-natuerlich-170-g-ungefiltert-ungeheizt-aus-nicht-saugaren-gefuetterten-bienen-mit-hoher-konzentration-an-proteinmineralien-und-natuerlichen-saeure\\\/#primaryimage\"},\"image\":{\"@id\":\"https:\\\/\\\/purehivehoney.com\\\/de\\\/product\\\/reiner-roher-honig-mit-quitte-bio-wildblume-100-natuerlich-170-g-ungefiltert-ungeheizt-aus-nicht-saugaren-gefuetterten-bienen-mit-hoher-konzentration-an-proteinmineralien-und-natuerlichen-saeure\\\/#primaryimage\"},\"thumbnailUrl\":\"https:\\\/\\\/purehivehoney.com\\\/de\\\/wp-content\\\/uploads\\\/2026\\\/03\\\/51InzgOxb5L._SL1080_.jpg\",\"datePublished\":\"2026-03-16T03:39:21+00:00\",\"dateModified\":\"2026-03-16T03:39:38+00:00\",\"description\":\"Entdecken Sie hochwertigen Rohhonig, Bio Honig, Manuka Honig und nat\u00fcrliche Bienenprodukte. PureHiveHoney hilft Ihnen dabei, sorgf\u00e4ltig ausgew\u00e4hlte Honigsorten mit nat\u00fcrlicher Qualit\u00e4t und Reinheit zu entdecken.\",\"breadcrumb\":{\"@id\":\"https:\\\/\\\/purehivehoney.com\\\/de\\\/product\\\/reiner-roher-honig-mit-quitte-bio-wildblume-100-natuerlich-170-g-ungefiltert-ungeheizt-aus-nicht-saugaren-gefuetterten-bienen-mit-hoher-konzentration-an-proteinmineralien-und-natuerlichen-saeure\\\/#breadcrumb\"},\"inLanguage\":\"de\",\"potentialAction\":[{\"@type\":\"ReadAction\",\"target\":[\"https:\\\/\\\/purehivehoney.com\\\/de\\\/product\\\/reiner-roher-honig-mit-quitte-bio-wildblume-100-natuerlich-170-g-ungefiltert-ungeheizt-aus-nicht-saugaren-gefuetterten-bienen-mit-hoher-konzentration-an-proteinmineralien-und-natuerlichen-saeure\\\/\"]}]},{\"@type\":\"ImageObject\",\"inLanguage\":\"de\",\"@id\":\"https:\\\/\\\/purehivehoney.com\\\/de\\\/product\\\/reiner-roher-honig-mit-quitte-bio-wildblume-100-natuerlich-170-g-ungefiltert-ungeheizt-aus-nicht-saugaren-gefuetterten-bienen-mit-hoher-konzentration-an-proteinmineralien-und-natuerlichen-saeure\\\/#primaryimage\",\"url\":\"https:\\\/\\\/purehivehoney.com\\\/de\\\/wp-content\\\/uploads\\\/2026\\\/03\\\/51InzgOxb5L._SL1080_.jpg\",\"contentUrl\":\"https:\\\/\\\/purehivehoney.com\\\/de\\\/wp-content\\\/uploads\\\/2026\\\/03\\\/51InzgOxb5L._SL1080_.jpg\",\"width\":1080,\"height\":1080},{\"@type\":\"BreadcrumbList\",\"@id\":\"https:\\\/\\\/purehivehoney.com\\\/de\\\/product\\\/reiner-roher-honig-mit-quitte-bio-wildblume-100-natuerlich-170-g-ungefiltert-ungeheizt-aus-nicht-saugaren-gefuetterten-bienen-mit-hoher-konzentration-an-proteinmineralien-und-natuerlichen-saeure\\\/#breadcrumb\",\"itemListElement\":[{\"@type\":\"ListItem\",\"position\":1,\"name\":\"Home\",\"item\":\"https:\\\/\\\/purehivehoney.com\\\/de\\\/\"},{\"@type\":\"ListItem\",\"position\":2,\"name\":\"Shop\",\"item\":\"https:\\\/\\\/purehivehoney.com\\\/de\\\/shop\\\/\"},{\"@type\":\"ListItem\",\"position\":3,\"name\":\"Reiner, roher Honig mit Quitte, Bio...\"}]},{\"@type\":\"WebSite\",\"@id\":\"https:\\\/\\\/purehivehoney.com\\\/de\\\/#website\",\"url\":\"https:\\\/\\\/purehivehoney.com\\\/de\\\/\",\"name\":\"PureHiveHoney\",\"description\":\"Reiner Honig &amp; Bienenprodukte Online | Rohhonig, Bio Honig &amp; Spezialhonig\",\"publisher\":{\"@id\":\"https:\\\/\\\/purehivehoney.com\\\/de\\\/#organization\"},\"potentialAction\":[{\"@type\":\"SearchAction\",\"target\":{\"@type\":\"EntryPoint\",\"urlTemplate\":\"https:\\\/\\\/purehivehoney.com\\\/de\\\/?s={search_term_string}\"},\"query-input\":{\"@type\":\"PropertyValueSpecification\",\"valueRequired\":true,\"valueName\":\"search_term_string\"}}],\"inLanguage\":\"de\"},{\"@type\":\"Organization\",\"@id\":\"https:\\\/\\\/purehivehoney.com\\\/de\\\/#organization\",\"name\":\"PureHiveHoney\",\"url\":\"https:\\\/\\\/purehivehoney.com\\\/de\\\/\",\"logo\":{\"@type\":\"ImageObject\",\"inLanguage\":\"de\",\"@id\":\"https:\\\/\\\/purehivehoney.com\\\/de\\\/#\\\/schema\\\/logo\\\/image\\\/\",\"url\":\"https:\\\/\\\/purehivehoney.com\\\/de\\\/wp-content\\\/uploads\\\/2026\\\/03\\\/Screenshot-2026-03-16-at-1.06.01-AM.png\",\"contentUrl\":\"https:\\\/\\\/purehivehoney.com\\\/de\\\/wp-content\\\/uploads\\\/2026\\\/03\\\/Screenshot-2026-03-16-at-1.06.01-AM.png\",\"width\":2112,\"height\":1086,\"caption\":\"PureHiveHoney\"},\"image\":{\"@id\":\"https:\\\/\\\/purehivehoney.com\\\/de\\\/#\\\/schema\\\/logo\\\/image\\\/\"}}]}<\/script>\n<!-- \/ Yoast SEO plugin. -->","yoast_head_json":{"title":"Reiner, roher Honig mit Quitte, Bio Wildblume, 100% nat\u00fcrlich, 170 g, ungefiltert, ungeheizt aus nicht saugaren gef\u00fctterten Bienen mit hoher Konzentration an Proteinmineralien und nat\u00fcrlichen S\u00e4uren - PureHiveHoney","description":"Entdecken Sie hochwertigen Rohhonig, Bio Honig, Manuka Honig und nat\u00fcrliche Bienenprodukte. PureHiveHoney hilft Ihnen dabei, sorgf\u00e4ltig ausgew\u00e4hlte Honigsorten mit nat\u00fcrlicher Qualit\u00e4t und Reinheit zu entdecken.","robots":{"index":"index","follow":"follow","max-snippet":"max-snippet:-1","max-image-preview":"max-image-preview:large","max-video-preview":"max-video-preview:-1"},"canonical":"https:\/\/purehivehoney.com\/de\/product\/reiner-roher-honig-mit-quitte-bio-wildblume-100-natuerlich-170-g-ungefiltert-ungeheizt-aus-nicht-saugaren-gefuetterten-bienen-mit-hoher-konzentration-an-proteinmineralien-und-natuerlichen-saeure\/","og_locale":"de_DE","og_type":"article","og_title":"Reiner, roher Honig mit Quitte, Bio Wildblume, 100% nat\u00fcrlich, 170 g, ungefiltert, ungeheizt aus nicht saugaren gef\u00fctterten Bienen mit hoher Konzentration an Proteinmineralien und nat\u00fcrlichen S\u00e4uren - PureHiveHoney","og_description":"Entdecken Sie hochwertigen Rohhonig, Bio Honig, Manuka Honig und nat\u00fcrliche Bienenprodukte. PureHiveHoney hilft Ihnen dabei, sorgf\u00e4ltig ausgew\u00e4hlte Honigsorten mit nat\u00fcrlicher Qualit\u00e4t und Reinheit zu entdecken.","og_url":"https:\/\/purehivehoney.com\/de\/product\/reiner-roher-honig-mit-quitte-bio-wildblume-100-natuerlich-170-g-ungefiltert-ungeheizt-aus-nicht-saugaren-gefuetterten-bienen-mit-hoher-konzentration-an-proteinmineralien-und-natuerlichen-saeure\/","og_site_name":"PureHiveHoney","article_modified_time":"2026-03-16T03:39:38+00:00","twitter_card":"summary_large_image","twitter_misc":{"Gesch\u00e4tzte Lesezeit":"1\u00a0Minute"},"schema":{"@context":"https:\/\/schema.org","@graph":[{"@type":"WebPage","@id":"https:\/\/purehivehoney.com\/de\/product\/reiner-roher-honig-mit-quitte-bio-wildblume-100-natuerlich-170-g-ungefiltert-ungeheizt-aus-nicht-saugaren-gefuetterten-bienen-mit-hoher-konzentration-an-proteinmineralien-und-natuerlichen-saeure\/","url":"https:\/\/purehivehoney.com\/de\/product\/reiner-roher-honig-mit-quitte-bio-wildblume-100-natuerlich-170-g-ungefiltert-ungeheizt-aus-nicht-saugaren-gefuetterten-bienen-mit-hoher-konzentration-an-proteinmineralien-und-natuerlichen-saeure\/","name":"Reiner, roher Honig mit Quitte, Bio Wildblume, 100% nat\u00fcrlich, 170 g, ungefiltert, ungeheizt aus nicht saugaren gef\u00fctterten Bienen mit hoher Konzentration an Proteinmineralien und nat\u00fcrlichen S\u00e4uren - PureHiveHoney","isPartOf":{"@id":"https:\/\/purehivehoney.com\/de\/#website"},"primaryImageOfPage":{"@id":"https:\/\/purehivehoney.com\/de\/product\/reiner-roher-honig-mit-quitte-bio-wildblume-100-natuerlich-170-g-ungefiltert-ungeheizt-aus-nicht-saugaren-gefuetterten-bienen-mit-hoher-konzentration-an-proteinmineralien-und-natuerlichen-saeure\/#primaryimage"},"image":{"@id":"https:\/\/purehivehoney.com\/de\/product\/reiner-roher-honig-mit-quitte-bio-wildblume-100-natuerlich-170-g-ungefiltert-ungeheizt-aus-nicht-saugaren-gefuetterten-bienen-mit-hoher-konzentration-an-proteinmineralien-und-natuerlichen-saeure\/#primaryimage"},"thumbnailUrl":"https:\/\/purehivehoney.com\/de\/wp-content\/uploads\/2026\/03\/51InzgOxb5L._SL1080_.jpg","datePublished":"2026-03-16T03:39:21+00:00","dateModified":"2026-03-16T03:39:38+00:00","description":"Entdecken Sie hochwertigen Rohhonig, Bio Honig, Manuka Honig und nat\u00fcrliche Bienenprodukte. PureHiveHoney hilft Ihnen dabei, sorgf\u00e4ltig ausgew\u00e4hlte Honigsorten mit nat\u00fcrlicher Qualit\u00e4t und Reinheit zu entdecken.","breadcrumb":{"@id":"https:\/\/purehivehoney.com\/de\/product\/reiner-roher-honig-mit-quitte-bio-wildblume-100-natuerlich-170-g-ungefiltert-ungeheizt-aus-nicht-saugaren-gefuetterten-bienen-mit-hoher-konzentration-an-proteinmineralien-und-natuerlichen-saeure\/#breadcrumb"},"inLanguage":"de","potentialAction":[{"@type":"ReadAction","target":["https:\/\/purehivehoney.com\/de\/product\/reiner-roher-honig-mit-quitte-bio-wildblume-100-natuerlich-170-g-ungefiltert-ungeheizt-aus-nicht-saugaren-gefuetterten-bienen-mit-hoher-konzentration-an-proteinmineralien-und-natuerlichen-saeure\/"]}]},{"@type":"ImageObject","inLanguage":"de","@id":"https:\/\/purehivehoney.com\/de\/product\/reiner-roher-honig-mit-quitte-bio-wildblume-100-natuerlich-170-g-ungefiltert-ungeheizt-aus-nicht-saugaren-gefuetterten-bienen-mit-hoher-konzentration-an-proteinmineralien-und-natuerlichen-saeure\/#primaryimage","url":"https:\/\/purehivehoney.com\/de\/wp-content\/uploads\/2026\/03\/51InzgOxb5L._SL1080_.jpg","contentUrl":"https:\/\/purehivehoney.com\/de\/wp-content\/uploads\/2026\/03\/51InzgOxb5L._SL1080_.jpg","width":1080,"height":1080},{"@type":"BreadcrumbList","@id":"https:\/\/purehivehoney.com\/de\/product\/reiner-roher-honig-mit-quitte-bio-wildblume-100-natuerlich-170-g-ungefiltert-ungeheizt-aus-nicht-saugaren-gefuetterten-bienen-mit-hoher-konzentration-an-proteinmineralien-und-natuerlichen-saeure\/#breadcrumb","itemListElement":[{"@type":"ListItem","position":1,"name":"Home","item":"https:\/\/purehivehoney.com\/de\/"},{"@type":"ListItem","position":2,"name":"Shop","item":"https:\/\/purehivehoney.com\/de\/shop\/"},{"@type":"ListItem","position":3,"name":"Reiner, roher Honig mit Quitte, Bio..."}]},{"@type":"WebSite","@id":"https:\/\/purehivehoney.com\/de\/#website","url":"https:\/\/purehivehoney.com\/de\/","name":"PureHiveHoney","description":"Reiner Honig &amp; Bienenprodukte Online | Rohhonig, Bio Honig &amp; Spezialhonig","publisher":{"@id":"https:\/\/purehivehoney.com\/de\/#organization"},"potentialAction":[{"@type":"SearchAction","target":{"@type":"EntryPoint","urlTemplate":"https:\/\/purehivehoney.com\/de\/?s={search_term_string}"},"query-input":{"@type":"PropertyValueSpecification","valueRequired":true,"valueName":"search_term_string"}}],"inLanguage":"de"},{"@type":"Organization","@id":"https:\/\/purehivehoney.com\/de\/#organization","name":"PureHiveHoney","url":"https:\/\/purehivehoney.com\/de\/","logo":{"@type":"ImageObject","inLanguage":"de","@id":"https:\/\/purehivehoney.com\/de\/#\/schema\/logo\/image\/","url":"https:\/\/purehivehoney.com\/de\/wp-content\/uploads\/2026\/03\/Screenshot-2026-03-16-at-1.06.01-AM.png","contentUrl":"https:\/\/purehivehoney.com\/de\/wp-content\/uploads\/2026\/03\/Screenshot-2026-03-16-at-1.06.01-AM.png","width":2112,"height":1086,"caption":"PureHiveHoney"},"image":{"@id":"https:\/\/purehivehoney.com\/de\/#\/schema\/logo\/image\/"}}]}},"_links":{"self":[{"href":"https:\/\/purehivehoney.com\/de\/wp-json\/wp\/v2\/product\/556","targetHints":{"allow":["GET"]}}],"collection":[{"href":"https:\/\/purehivehoney.com\/de\/wp-json\/wp\/v2\/product"}],"about":[{"href":"https:\/\/purehivehoney.com\/de\/wp-json\/wp\/v2\/types\/product"}],"replies":[{"embeddable":true,"href":"https:\/\/purehivehoney.com\/de\/wp-json\/wp\/v2\/comments?post=556"}],"wp:featuredmedia":[{"embeddable":true,"href":"https:\/\/purehivehoney.com\/de\/wp-json\/wp\/v2\/media\/557"}],"wp:attachment":[{"href":"https:\/\/purehivehoney.com\/de\/wp-json\/wp\/v2\/media?parent=556"}],"wp:term":[{"taxonomy":"store","embeddable":true,"href":"https:\/\/purehivehoney.com\/de\/wp-json\/wp\/v2\/store?post=556"},{"taxonomy":"product_brand","embeddable":true,"href":"https:\/\/purehivehoney.com\/de\/wp-json\/wp\/v2\/product_brand?post=556"},{"taxonomy":"product_cat","embeddable":true,"href":"https:\/\/purehivehoney.com\/de\/wp-json\/wp\/v2\/product_cat?post=556"},{"taxonomy":"product_tag","embeddable":true,"href":"https:\/\/purehivehoney.com\/de\/wp-json\/wp\/v2\/product_tag?post=556"}],"curies":[{"name":"wp","href":"https:\/\/api.w.org\/{rel}","templated":true}]}}