{"id":530,"date":"2026-03-15T23:59:33","date_gmt":"2026-03-15T23:59:33","guid":{"rendered":"https:\/\/purehivehoney.com\/de\/product\/serramel-orangenblueten-creme-honig-produkt-von-portugal-420gr-x-3-flaschen\/"},"modified":"2026-03-15T23:59:35","modified_gmt":"2026-03-15T23:59:35","slug":"serramel-orangenblueten-creme-honig-produkt-von-portugal-420gr-x-3-flaschen","status":"publish","type":"product","link":"https:\/\/purehivehoney.com\/de\/product\/serramel-orangenblueten-creme-honig-produkt-von-portugal-420gr-x-3-flaschen\/","title":{"rendered":"SERRAMEL &#8211; Orangenbl\u00fcten Cre..."},"content":{"rendered":"<p>    <span>SERRAMEL &#8211; Orangenbl\u00fcten Creme Honig &#8211; Produkt von Portugal &#8211; 420gr x 3 Flaschen * Serra da Malcata Our habitat is the Serra da Malcata, a nature reserve with 21,000 hectares. The relief is wavy, with oak forests to the north and large Mediterranean bush areas where heather, rosemary and stems dominate. It is the seventh elevation of continental Portugal and there is born the river Baz\u00e1gueda, a tributary of Erges. In this environment, our bees extract their so prized products in a room with low human activity where nature is intact and admirable. * This orange creamy honey (extra fine crystallization) was exposed to controlled temperatures below room temperature after packaging, causing very thin crystallization. It has an ideal consistency to spread out. Of the two main sugars in Mel &#8211; glucose and fructose &#8211; glucose, it tends less well than fructose to precipitate in the form of crystals. The honey becomes opaque and solidifies. It is then said that the honey &#8222;crystallizes&#8220;. After their floral origin, honeys and others that need a year or more crystallize in a few months. When the honey crystallizes slowly, it has a firmer consistency with coarse crystals. When it crystallizes quickly, it acquires thin crystals, a creamy consistency and an improved taste. Serramel produces the orange creamy honey blossoms by exposing them to controlled temperatures below room temperature to trigger rapid crystallization. It is a completely natural product made exclusively from pure orange honey<\/span>    <br \/> Is Discontinued By Manufacturer                                            \u200f                                            :                                            \u200e                                            No   <br \/> Manufacturer                                            \u200f                                            :                                            \u200e                                            EUROMEL Apicultores, Lda &#8211; Penamacor, Portugal   <br \/> ASIN                                            \u200f                                            :                                            \u200e                                            B07Q338VBF   <br \/> Country of origin                                            \u200f                                            :                                            \u200e                                            Portugal   <br \/>  Customer reviews:                                                                                            3.5               3.5 out of 5 stars                                  (2)                                              var dpAcrHasRegisteredArcLinkClickAction;                    P.when(&#8218;A&#8216;, &#8218;ready&#8216;).execute(function(A) {                        if (dpAcrHasRegisteredArcLinkClickAction !== true) {                            dpAcrHasRegisteredArcLinkClickAction = true;                            A.declarative(                                &#8218;acrLink-click-metrics&#8216;, &#8218;click&#8216;,                                { &#8222;allowLinkDefault&#8220;: true },                                function (event) {                                    if (window.ue) {                                        ue.count(&#8222;acrLinkClickCount&#8220;, (ue.count(&#8222;acrLinkClickCount&#8220;) || 0) + 1);                                    }                                }                            );                        }                    });                                             P.when(&#8218;A&#8216;, &#8218;cf&#8216;).execute(function(A) {                A.declarative(&#8218;acrStarsLink-click-metrics&#8216;, &#8218;click&#8216;, { &#8222;allowLinkDefault&#8220; : true },  function(event){                    if(window.ue) {                        ue.count(&#8222;acrStarsLinkWithPopoverClickCount&#8220;, (ue.count(&#8222;acrStarsLinkWithPopoverClickCount&#8220;) || 0) + 1);                    }                });            });                          <br \/>SERRAMEL &#8211; Orange Blossom Cream Honey<br \/>420 g x 3 bottles<br \/>Product of Portugal<\/p>\n\n","protected":false},"excerpt":{"rendered":"<p>SERRAMEL &#8211; Orangenbl\u00fcten Creme Honig &#8211; Produkt von Portugal &#8211; 420gr x 3 Flaschen * Serra da Malcata Our habitat is the Serra da Malcata, a nature reserve with 21,000 hectares. The relief is wavy, with oak forests to the north and large Mediterranean bush areas where heather, rosemary and stems dominate. It is the [&hellip;]<\/p>\n","protected":false},"featured_media":531,"comment_status":"open","ping_status":"closed","template":"","meta":{"_aipt_faq_data":""},"store":[],"product_brand":[175],"product_cat":[56],"product_tag":[104],"class_list":{"0":"post-530","1":"product","2":"type-product","3":"status-publish","4":"has-post-thumbnail","6":"product_brand-serramel-orangenblueten-creme-honig-produkt-von-portugal-420gr-x-3-flaschen","7":"product_cat-cremiger-honig","8":"product_tag-cremiger-honig-aus-regionalem-anbau","10":"first","11":"instock","12":"shipping-taxable","13":"product-type-external"},"yoast_head":"<!-- This site is optimized with the Yoast SEO plugin v27.4 - https:\/\/yoast.com\/product\/yoast-seo-wordpress\/ -->\n<title>SERRAMEL - Orangenbl\u00fcten Creme Honig - Produkt von Portugal - 420gr x 3 Flaschen - PureHiveHoney<\/title>\n<meta name=\"description\" content=\"Entdecken Sie hochwertigen Rohhonig, Bio Honig, Manuka Honig und nat\u00fcrliche Bienenprodukte. PureHiveHoney hilft Ihnen dabei, sorgf\u00e4ltig ausgew\u00e4hlte Honigsorten mit nat\u00fcrlicher Qualit\u00e4t und Reinheit zu entdecken.\" \/>\n<meta name=\"robots\" content=\"index, follow, max-snippet:-1, max-image-preview:large, max-video-preview:-1\" \/>\n<link rel=\"canonical\" href=\"https:\/\/purehivehoney.com\/de\/product\/serramel-orangenblueten-creme-honig-produkt-von-portugal-420gr-x-3-flaschen\/\" \/>\n<meta property=\"og:locale\" content=\"de_DE\" \/>\n<meta property=\"og:type\" content=\"article\" \/>\n<meta property=\"og:title\" content=\"SERRAMEL - Orangenbl\u00fcten Creme Honig - Produkt von Portugal - 420gr x 3 Flaschen - PureHiveHoney\" \/>\n<meta property=\"og:description\" content=\"Entdecken Sie hochwertigen Rohhonig, Bio Honig, Manuka Honig und nat\u00fcrliche Bienenprodukte. PureHiveHoney hilft Ihnen dabei, sorgf\u00e4ltig ausgew\u00e4hlte Honigsorten mit nat\u00fcrlicher Qualit\u00e4t und Reinheit zu entdecken.\" \/>\n<meta property=\"og:url\" content=\"https:\/\/purehivehoney.com\/de\/product\/serramel-orangenblueten-creme-honig-produkt-von-portugal-420gr-x-3-flaschen\/\" \/>\n<meta property=\"og:site_name\" content=\"PureHiveHoney\" \/>\n<meta property=\"article:modified_time\" content=\"2026-03-15T23:59:35+00:00\" \/>\n<meta name=\"twitter:card\" content=\"summary_large_image\" \/>\n<meta name=\"twitter:label1\" content=\"Gesch\u00e4tzte Lesezeit\" \/>\n\t<meta name=\"twitter:data1\" content=\"2\u00a0Minuten\" \/>\n<script type=\"application\/ld+json\" class=\"yoast-schema-graph\">{\"@context\":\"https:\\\/\\\/schema.org\",\"@graph\":[{\"@type\":\"WebPage\",\"@id\":\"https:\\\/\\\/purehivehoney.com\\\/de\\\/product\\\/serramel-orangenblueten-creme-honig-produkt-von-portugal-420gr-x-3-flaschen\\\/\",\"url\":\"https:\\\/\\\/purehivehoney.com\\\/de\\\/product\\\/serramel-orangenblueten-creme-honig-produkt-von-portugal-420gr-x-3-flaschen\\\/\",\"name\":\"SERRAMEL - Orangenbl\u00fcten Creme Honig - Produkt von Portugal - 420gr x 3 Flaschen - PureHiveHoney\",\"isPartOf\":{\"@id\":\"https:\\\/\\\/purehivehoney.com\\\/de\\\/#website\"},\"primaryImageOfPage\":{\"@id\":\"https:\\\/\\\/purehivehoney.com\\\/de\\\/product\\\/serramel-orangenblueten-creme-honig-produkt-von-portugal-420gr-x-3-flaschen\\\/#primaryimage\"},\"image\":{\"@id\":\"https:\\\/\\\/purehivehoney.com\\\/de\\\/product\\\/serramel-orangenblueten-creme-honig-produkt-von-portugal-420gr-x-3-flaschen\\\/#primaryimage\"},\"thumbnailUrl\":\"https:\\\/\\\/purehivehoney.com\\\/de\\\/wp-content\\\/uploads\\\/2026\\\/03\\\/51FRXgknwFL.jpg\",\"datePublished\":\"2026-03-15T23:59:33+00:00\",\"dateModified\":\"2026-03-15T23:59:35+00:00\",\"description\":\"Entdecken Sie hochwertigen Rohhonig, Bio Honig, Manuka Honig und nat\u00fcrliche Bienenprodukte. PureHiveHoney hilft Ihnen dabei, sorgf\u00e4ltig ausgew\u00e4hlte Honigsorten mit nat\u00fcrlicher Qualit\u00e4t und Reinheit zu entdecken.\",\"breadcrumb\":{\"@id\":\"https:\\\/\\\/purehivehoney.com\\\/de\\\/product\\\/serramel-orangenblueten-creme-honig-produkt-von-portugal-420gr-x-3-flaschen\\\/#breadcrumb\"},\"inLanguage\":\"de\",\"potentialAction\":[{\"@type\":\"ReadAction\",\"target\":[\"https:\\\/\\\/purehivehoney.com\\\/de\\\/product\\\/serramel-orangenblueten-creme-honig-produkt-von-portugal-420gr-x-3-flaschen\\\/\"]}]},{\"@type\":\"ImageObject\",\"inLanguage\":\"de\",\"@id\":\"https:\\\/\\\/purehivehoney.com\\\/de\\\/product\\\/serramel-orangenblueten-creme-honig-produkt-von-portugal-420gr-x-3-flaschen\\\/#primaryimage\",\"url\":\"https:\\\/\\\/purehivehoney.com\\\/de\\\/wp-content\\\/uploads\\\/2026\\\/03\\\/51FRXgknwFL.jpg\",\"contentUrl\":\"https:\\\/\\\/purehivehoney.com\\\/de\\\/wp-content\\\/uploads\\\/2026\\\/03\\\/51FRXgknwFL.jpg\",\"width\":443,\"height\":500},{\"@type\":\"BreadcrumbList\",\"@id\":\"https:\\\/\\\/purehivehoney.com\\\/de\\\/product\\\/serramel-orangenblueten-creme-honig-produkt-von-portugal-420gr-x-3-flaschen\\\/#breadcrumb\",\"itemListElement\":[{\"@type\":\"ListItem\",\"position\":1,\"name\":\"Home\",\"item\":\"https:\\\/\\\/purehivehoney.com\\\/de\\\/\"},{\"@type\":\"ListItem\",\"position\":2,\"name\":\"Shop\",\"item\":\"https:\\\/\\\/purehivehoney.com\\\/de\\\/shop\\\/\"},{\"@type\":\"ListItem\",\"position\":3,\"name\":\"SERRAMEL &#8211; Orangenbl\u00fcten Cre...\"}]},{\"@type\":\"WebSite\",\"@id\":\"https:\\\/\\\/purehivehoney.com\\\/de\\\/#website\",\"url\":\"https:\\\/\\\/purehivehoney.com\\\/de\\\/\",\"name\":\"PureHiveHoney\",\"description\":\"Reiner Honig &amp; Bienenprodukte Online | Rohhonig, Bio Honig &amp; Spezialhonig\",\"publisher\":{\"@id\":\"https:\\\/\\\/purehivehoney.com\\\/de\\\/#organization\"},\"potentialAction\":[{\"@type\":\"SearchAction\",\"target\":{\"@type\":\"EntryPoint\",\"urlTemplate\":\"https:\\\/\\\/purehivehoney.com\\\/de\\\/?s={search_term_string}\"},\"query-input\":{\"@type\":\"PropertyValueSpecification\",\"valueRequired\":true,\"valueName\":\"search_term_string\"}}],\"inLanguage\":\"de\"},{\"@type\":\"Organization\",\"@id\":\"https:\\\/\\\/purehivehoney.com\\\/de\\\/#organization\",\"name\":\"PureHiveHoney\",\"url\":\"https:\\\/\\\/purehivehoney.com\\\/de\\\/\",\"logo\":{\"@type\":\"ImageObject\",\"inLanguage\":\"de\",\"@id\":\"https:\\\/\\\/purehivehoney.com\\\/de\\\/#\\\/schema\\\/logo\\\/image\\\/\",\"url\":\"https:\\\/\\\/purehivehoney.com\\\/de\\\/wp-content\\\/uploads\\\/2026\\\/03\\\/Screenshot-2026-03-16-at-1.06.01-AM.png\",\"contentUrl\":\"https:\\\/\\\/purehivehoney.com\\\/de\\\/wp-content\\\/uploads\\\/2026\\\/03\\\/Screenshot-2026-03-16-at-1.06.01-AM.png\",\"width\":2112,\"height\":1086,\"caption\":\"PureHiveHoney\"},\"image\":{\"@id\":\"https:\\\/\\\/purehivehoney.com\\\/de\\\/#\\\/schema\\\/logo\\\/image\\\/\"}}]}<\/script>\n<!-- \/ Yoast SEO plugin. -->","yoast_head_json":{"title":"SERRAMEL - Orangenbl\u00fcten Creme Honig - Produkt von Portugal - 420gr x 3 Flaschen - PureHiveHoney","description":"Entdecken Sie hochwertigen Rohhonig, Bio Honig, Manuka Honig und nat\u00fcrliche Bienenprodukte. PureHiveHoney hilft Ihnen dabei, sorgf\u00e4ltig ausgew\u00e4hlte Honigsorten mit nat\u00fcrlicher Qualit\u00e4t und Reinheit zu entdecken.","robots":{"index":"index","follow":"follow","max-snippet":"max-snippet:-1","max-image-preview":"max-image-preview:large","max-video-preview":"max-video-preview:-1"},"canonical":"https:\/\/purehivehoney.com\/de\/product\/serramel-orangenblueten-creme-honig-produkt-von-portugal-420gr-x-3-flaschen\/","og_locale":"de_DE","og_type":"article","og_title":"SERRAMEL - Orangenbl\u00fcten Creme Honig - Produkt von Portugal - 420gr x 3 Flaschen - PureHiveHoney","og_description":"Entdecken Sie hochwertigen Rohhonig, Bio Honig, Manuka Honig und nat\u00fcrliche Bienenprodukte. PureHiveHoney hilft Ihnen dabei, sorgf\u00e4ltig ausgew\u00e4hlte Honigsorten mit nat\u00fcrlicher Qualit\u00e4t und Reinheit zu entdecken.","og_url":"https:\/\/purehivehoney.com\/de\/product\/serramel-orangenblueten-creme-honig-produkt-von-portugal-420gr-x-3-flaschen\/","og_site_name":"PureHiveHoney","article_modified_time":"2026-03-15T23:59:35+00:00","twitter_card":"summary_large_image","twitter_misc":{"Gesch\u00e4tzte Lesezeit":"2\u00a0Minuten"},"schema":{"@context":"https:\/\/schema.org","@graph":[{"@type":"WebPage","@id":"https:\/\/purehivehoney.com\/de\/product\/serramel-orangenblueten-creme-honig-produkt-von-portugal-420gr-x-3-flaschen\/","url":"https:\/\/purehivehoney.com\/de\/product\/serramel-orangenblueten-creme-honig-produkt-von-portugal-420gr-x-3-flaschen\/","name":"SERRAMEL - Orangenbl\u00fcten Creme Honig - Produkt von Portugal - 420gr x 3 Flaschen - PureHiveHoney","isPartOf":{"@id":"https:\/\/purehivehoney.com\/de\/#website"},"primaryImageOfPage":{"@id":"https:\/\/purehivehoney.com\/de\/product\/serramel-orangenblueten-creme-honig-produkt-von-portugal-420gr-x-3-flaschen\/#primaryimage"},"image":{"@id":"https:\/\/purehivehoney.com\/de\/product\/serramel-orangenblueten-creme-honig-produkt-von-portugal-420gr-x-3-flaschen\/#primaryimage"},"thumbnailUrl":"https:\/\/purehivehoney.com\/de\/wp-content\/uploads\/2026\/03\/51FRXgknwFL.jpg","datePublished":"2026-03-15T23:59:33+00:00","dateModified":"2026-03-15T23:59:35+00:00","description":"Entdecken Sie hochwertigen Rohhonig, Bio Honig, Manuka Honig und nat\u00fcrliche Bienenprodukte. PureHiveHoney hilft Ihnen dabei, sorgf\u00e4ltig ausgew\u00e4hlte Honigsorten mit nat\u00fcrlicher Qualit\u00e4t und Reinheit zu entdecken.","breadcrumb":{"@id":"https:\/\/purehivehoney.com\/de\/product\/serramel-orangenblueten-creme-honig-produkt-von-portugal-420gr-x-3-flaschen\/#breadcrumb"},"inLanguage":"de","potentialAction":[{"@type":"ReadAction","target":["https:\/\/purehivehoney.com\/de\/product\/serramel-orangenblueten-creme-honig-produkt-von-portugal-420gr-x-3-flaschen\/"]}]},{"@type":"ImageObject","inLanguage":"de","@id":"https:\/\/purehivehoney.com\/de\/product\/serramel-orangenblueten-creme-honig-produkt-von-portugal-420gr-x-3-flaschen\/#primaryimage","url":"https:\/\/purehivehoney.com\/de\/wp-content\/uploads\/2026\/03\/51FRXgknwFL.jpg","contentUrl":"https:\/\/purehivehoney.com\/de\/wp-content\/uploads\/2026\/03\/51FRXgknwFL.jpg","width":443,"height":500},{"@type":"BreadcrumbList","@id":"https:\/\/purehivehoney.com\/de\/product\/serramel-orangenblueten-creme-honig-produkt-von-portugal-420gr-x-3-flaschen\/#breadcrumb","itemListElement":[{"@type":"ListItem","position":1,"name":"Home","item":"https:\/\/purehivehoney.com\/de\/"},{"@type":"ListItem","position":2,"name":"Shop","item":"https:\/\/purehivehoney.com\/de\/shop\/"},{"@type":"ListItem","position":3,"name":"SERRAMEL &#8211; Orangenbl\u00fcten Cre..."}]},{"@type":"WebSite","@id":"https:\/\/purehivehoney.com\/de\/#website","url":"https:\/\/purehivehoney.com\/de\/","name":"PureHiveHoney","description":"Reiner Honig &amp; Bienenprodukte Online | Rohhonig, Bio Honig &amp; Spezialhonig","publisher":{"@id":"https:\/\/purehivehoney.com\/de\/#organization"},"potentialAction":[{"@type":"SearchAction","target":{"@type":"EntryPoint","urlTemplate":"https:\/\/purehivehoney.com\/de\/?s={search_term_string}"},"query-input":{"@type":"PropertyValueSpecification","valueRequired":true,"valueName":"search_term_string"}}],"inLanguage":"de"},{"@type":"Organization","@id":"https:\/\/purehivehoney.com\/de\/#organization","name":"PureHiveHoney","url":"https:\/\/purehivehoney.com\/de\/","logo":{"@type":"ImageObject","inLanguage":"de","@id":"https:\/\/purehivehoney.com\/de\/#\/schema\/logo\/image\/","url":"https:\/\/purehivehoney.com\/de\/wp-content\/uploads\/2026\/03\/Screenshot-2026-03-16-at-1.06.01-AM.png","contentUrl":"https:\/\/purehivehoney.com\/de\/wp-content\/uploads\/2026\/03\/Screenshot-2026-03-16-at-1.06.01-AM.png","width":2112,"height":1086,"caption":"PureHiveHoney"},"image":{"@id":"https:\/\/purehivehoney.com\/de\/#\/schema\/logo\/image\/"}}]}},"_links":{"self":[{"href":"https:\/\/purehivehoney.com\/de\/wp-json\/wp\/v2\/product\/530","targetHints":{"allow":["GET"]}}],"collection":[{"href":"https:\/\/purehivehoney.com\/de\/wp-json\/wp\/v2\/product"}],"about":[{"href":"https:\/\/purehivehoney.com\/de\/wp-json\/wp\/v2\/types\/product"}],"replies":[{"embeddable":true,"href":"https:\/\/purehivehoney.com\/de\/wp-json\/wp\/v2\/comments?post=530"}],"wp:featuredmedia":[{"embeddable":true,"href":"https:\/\/purehivehoney.com\/de\/wp-json\/wp\/v2\/media\/531"}],"wp:attachment":[{"href":"https:\/\/purehivehoney.com\/de\/wp-json\/wp\/v2\/media?parent=530"}],"wp:term":[{"taxonomy":"store","embeddable":true,"href":"https:\/\/purehivehoney.com\/de\/wp-json\/wp\/v2\/store?post=530"},{"taxonomy":"product_brand","embeddable":true,"href":"https:\/\/purehivehoney.com\/de\/wp-json\/wp\/v2\/product_brand?post=530"},{"taxonomy":"product_cat","embeddable":true,"href":"https:\/\/purehivehoney.com\/de\/wp-json\/wp\/v2\/product_cat?post=530"},{"taxonomy":"product_tag","embeddable":true,"href":"https:\/\/purehivehoney.com\/de\/wp-json\/wp\/v2\/product_tag?post=530"}],"curies":[{"name":"wp","href":"https:\/\/api.w.org\/{rel}","templated":true}]}}