{"id":510,"date":"2026-03-15T23:50:09","date_gmt":"2026-03-15T23:50:09","guid":{"rendered":"https:\/\/purehivehoney.com\/de\/product\/melora-genuine-new-zealand-manuka-honey-40-mgo-250g-100-pure-and-traceable-manuka-from-new-zealand\/"},"modified":"2026-03-15T23:50:17","modified_gmt":"2026-03-15T23:50:17","slug":"melora-genuine-new-zealand-manuka-honey-40-mgo-250g-100-pure-and-traceable-manuka-from-new-zealand","status":"publish","type":"product","link":"https:\/\/purehivehoney.com\/de\/product\/melora-genuine-new-zealand-manuka-honey-40-mgo-250g-100-pure-and-traceable-manuka-from-new-zealand\/","title":{"rendered":"Melora Genuine New Zealand Manuka H..."},"content":{"rendered":"<p>                                             Product Description   <\/p>\n<p>                                                  <img decoding=\"async\" alt=\"Melora Manuka Honig Multifloral im Glas, MGO 40+, 250g\" src=\"https:\/\/images-na.ssl-images-amazon.com\/images\/G\/01\/x-locale\/common\/grey-pixel.gif\" class=\"a-lazy-loaded\" data-src=\"https:\/\/m.media-amazon.com\/images\/S\/aplus-media-library-service-media\/1ae8ac0b-015f-44ad-a777-ebe313b1b0f9.__CR0,18,1500,464_PT0_SX970_V1___.jpg\"><img decoding=\"async\" alt=\"Melora Manuka Honig Multifloral im Glas, MGO 40+, 250g\" src=\"https:\/\/m.media-amazon.com\/images\/S\/aplus-media-library-service-media\/1ae8ac0b-015f-44ad-a777-ebe313b1b0f9.__CR0,18,1500,464_PT0_SX970_V1___.jpg\">  <\/p>\n<p>                                                  <img decoding=\"async\" alt=\"Melora Manuka Multifloral Honig, MGO 40+, \" src=\"https:\/\/images-na.ssl-images-amazon.com\/images\/G\/01\/x-locale\/common\/grey-pixel.gif\" class=\"a-lazy-loaded\" data-src=\"https:\/\/m.media-amazon.com\/images\/S\/aplus-media-library-service-media\/aca381c1-baaa-48cd-b3cc-406bdd0aa8cd.__CR0,0,800,800_PT0_SX300_V1___.jpg\"><img decoding=\"async\" alt=\"Melora Manuka Multifloral Honig, MGO 40+, \" src=\"https:\/\/m.media-amazon.com\/images\/S\/aplus-media-library-service-media\/aca381c1-baaa-48cd-b3cc-406bdd0aa8cd.__CR0,0,800,800_PT0_SX300_V1___.jpg\">  <\/p>\n<h3 class=\"a-spacing-mini\"> MELORA Monofloral UMF Manuka-Honig (40+ MGO UMF, 250g)  <\/h3>\n<p> MELORA Manuka Honig ist das Original aus Neuseeland und ist ein UMF (Unique Manuka Factor) 100% nat\u00fcrliches Produkt. UMF ist die Abk\u00fcrzung f\u00fcr das umfassendste, unabh\u00e4ngige und international anerkannte Qualit\u00e4tssicherungssystem der neuseel\u00e4ndischen Beh\u00f6rden f\u00fcr Manuka Honig. Es best\u00e4tigt die Reinheit, Echtheit, Potenz, Haltbarkeit und Frische jedes einzelnen Produktes. <\/p>\n<p> Der MELORA Monofloral Honey mit 40+MGO im 250g Glas ist ein echtes Superfood mit vielf\u00e4ltigen Anwendungsm\u00f6glichkeiten \u2013 F\u00fcr das M\u00fcsli am Morgen, den Tee und vieles mehr! <\/p>\n<p> Der Honig wird in Neuseeland hergestellt, verpackt und versiegelt. MELORA ist eine Marke der New Zealand Manuka Group (NZMG) und garantiert somit h\u00f6chste Qualit\u00e4t. <\/p>\n<p>                                                  <img decoding=\"async\" alt=\"Melora Manuka Honig, MGO Info\" src=\"https:\/\/images-na.ssl-images-amazon.com\/images\/G\/01\/x-locale\/common\/grey-pixel.gif\" class=\"a-lazy-loaded\" data-src=\"https:\/\/m.media-amazon.com\/images\/S\/aplus-media-library-service-media\/fa389b05-21c9-43cc-86d2-0af92c79b1a1.__CR0,68,1500,464_PT0_SX970_V1___.jpg\"><img decoding=\"async\" alt=\"Melora Manuka Honig, MGO Info\" src=\"https:\/\/m.media-amazon.com\/images\/S\/aplus-media-library-service-media\/fa389b05-21c9-43cc-86d2-0af92c79b1a1.__CR0,68,1500,464_PT0_SX970_V1___.jpg\">  <\/p>\n<p>                                                  <img decoding=\"async\" alt=\"Melora Manuka Honig, Im Glas, Infos\" src=\"https:\/\/images-na.ssl-images-amazon.com\/images\/G\/01\/x-locale\/common\/grey-pixel.gif\" class=\"a-spacing-mini a-lazy-loaded\" data-src=\"https:\/\/m.media-amazon.com\/images\/S\/aplus-media-library-service-media\/c5be6cfb-01a4-44e5-ad78-568b33b04e77.__CR0,0,800,800_PT0_SX300_V1___.jpg\"><img decoding=\"async\" alt=\"Melora Manuka Honig, Im Glas, Infos\" src=\"https:\/\/m.media-amazon.com\/images\/S\/aplus-media-library-service-media\/c5be6cfb-01a4-44e5-ad78-568b33b04e77.__CR0,0,800,800_PT0_SX300_V1___.jpg\">  <\/p>\n<p> Im Manuka Baum aus Neuseeland kommt der sogenannte Wirkstoff MGO (Methylglyoxal) in hoher Konzentration nat\u00fcrlich vor. Dieser hochwertige Inhaltsstoff wird daf\u00fcr verwendet, um die au\u00dfergew\u00f6hnlichen Eigenschaften des Manuka Honigs zu messen. Je h\u00f6her der MGO-Wert, umso intensiver sein Geschmack. MGO ist also genau der Wirkstoff, der den Manuka Honig so besonders macht. <\/p>\n<p> Durch diese besonderen Eigenschaften ist das Einsatzgebiet des MELORA Manuka Honig sehr vielf\u00e4ltig. Ob f\u00fcr den Tee, auf das Brot, ins M\u00fcsli oder f\u00fcr die \u00e4u\u00dfere Anwendung \u2013 finden Sie heute den richtigen Manuka Honig f\u00fcr Ihre Bed\u00fcrfnisse! <\/p>\n<p>                         Add To Basket  <\/p>\n<p>                             Customer Reviews  <\/p>\n<p>                    4.7 out of 5 stars  111  <\/p>\n<p>                    4.5 out of 5 stars  49  <\/p>\n<p>                    4.0 out of 5 stars  25  <\/p>\n<p>                    4.3 out of 5 stars  35  <\/p>\n<p>                    4.2 out of 5 stars  30  <\/p>\n<p>                             Price  <\/p>\n<p>                                            \u2014 no data<br \/>\n                                                       \u20ac71.41\u20ac71.41<br \/>\n                                            \u2014 no data<\/p>\n<p>                                            \u2014 no data<\/p>\n<p>                                            \u2014 no data<\/p>\n<p>                             Anwendungsgebiet<br \/>\n                                Zum Verzehr               Zum Verzehr               Zum Verzehr               Zum Verzehr               Zum Verzehr           <\/p>\n<p>                             Darreichungsform<br \/>\n                                Glas               Glas               Glas               Squeeze Flasche               Squeeze Flasche           <\/p>\n<p>                             Format<br \/>\n                                Sirup               Sirup               Sirup               Sirup               Sirup           <\/p>\n<p>                             UMF-zertifiziert  <\/p>\n<p>                                              \u2713<\/p>\n<p>                                              \u2713<\/p>\n<p>                                              \u2713<\/p>\n<p>                                              \u2713<\/p>\n<p>                                              \u2713<\/p>\n<p>                             Artikelgewicht<br \/>\n                                250g               500g               250g               330g               330g           <\/p>\n<p> Product Dimensions                                            \u200f                                            :                                            \u200e                                            8.4 x 6 x 5.8 cm; 250 g   <br \/> Manufacturer                                            \u200f                                            :                                            \u200e                                            Melora   <br \/> ASIN                                            \u200f                                            :                                            \u200e                                            B09Y539RZJ   <br \/>  Customer reviews:                                                                                            4.5               4.5 out of 5 stars                                  (149)                                              var dpAcrHasRegisteredArcLinkClickAction;                    P.when(&#8218;A&#8216;, &#8218;ready&#8216;).execute(function(A) {                        if (dpAcrHasRegisteredArcLinkClickAction !== true) {                            dpAcrHasRegisteredArcLinkClickAction = true;                            A.declarative(                                &#8218;acrLink-click-metrics&#8216;, &#8218;click&#8216;,                                { &#8222;allowLinkDefault&#8220;: true },                                function (event) {                                    if (window.ue) {                                        ue.count(&#8222;acrLinkClickCount&#8220;, (ue.count(&#8222;acrLinkClickCount&#8220;) || 0) + 1);                                    }                                }                            );                        }                    });                                             P.when(&#8218;A&#8216;, &#8218;cf&#8216;).execute(function(A) {                A.declarative(&#8218;acrStarsLink-click-metrics&#8216;, &#8218;click&#8216;, { &#8222;allowLinkDefault&#8220; : true },  function(event){                    if(window.ue) {                        ue.count(&#8222;acrStarsLinkWithPopoverClickCount&#8220;, (ue.count(&#8222;acrStarsLinkWithPopoverClickCount&#8220;) || 0) + 1);                    }                });            });                          <br \/>\u2714\ufe0f Superior active ingredient potential: With an MGO rating of 850+ and a UMF20+ certification, the Manuka Group Melora Honey is characterised by its special potential.<br \/>\u2714\ufe0f CERTIFIED QUALITY: The honey is monitored by the New Zealand authorities to guarantee purity, quality and effectiveness.<br \/>\u2714\ufe0f NATURAL ENJOYMENT: The Manuka Group Melora Honey is 100% natural and offers a full, sweet taste for a special dining experience.<br \/>\u2714\ufe0f Many uses: Whether as a spread, for cooking or for use in drinks &#8211; the Manuka Group Melora Honey is a versatile ingredient for a normal diet.<br \/>\u2714\ufe0f DIRECT FROM THE SOURCE: Our honey comes directly from the beehives in New Zealand and can be traced back to the land to guarantee you quality and authenticity.<\/p>\n\n","protected":false},"excerpt":{"rendered":"<p>Product Description MELORA Monofloral UMF Manuka-Honig (40+ MGO UMF, 250g) MELORA Manuka Honig ist das Original aus Neuseeland und ist ein UMF (Unique Manuka Factor) 100% nat\u00fcrliches Produkt. UMF ist die Abk\u00fcrzung f\u00fcr das umfassendste, unabh\u00e4ngige und international anerkannte Qualit\u00e4tssicherungssystem der neuseel\u00e4ndischen Beh\u00f6rden f\u00fcr Manuka Honig. Es best\u00e4tigt die Reinheit, Echtheit, Potenz, Haltbarkeit und Frische [&hellip;]<\/p>\n","protected":false},"featured_media":511,"comment_status":"open","ping_status":"closed","template":"","meta":{"_aipt_faq_data":""},"store":[],"product_brand":[108],"product_cat":[61],"product_tag":[171],"class_list":{"0":"post-510","1":"product","2":"type-product","3":"status-publish","4":"has-post-thumbnail","6":"product_brand-melora","7":"product_cat-honig-gegen-halsschmerzen","8":"product_tag-manuka-honig-gegen-halsschmerzen","10":"first","11":"instock","12":"shipping-taxable","13":"product-type-external"},"yoast_head":"<!-- This site is optimized with the Yoast SEO plugin v27.4 - https:\/\/yoast.com\/product\/yoast-seo-wordpress\/ -->\n<title>Melora Genuine New Zealand Manuka Honey 40 MGO 250g - 100% Pure and Traceable Manuka from New Zealand - PureHiveHoney<\/title>\n<meta name=\"description\" content=\"Entdecken Sie hochwertigen Rohhonig, Bio Honig, Manuka Honig und nat\u00fcrliche Bienenprodukte. PureHiveHoney hilft Ihnen dabei, sorgf\u00e4ltig ausgew\u00e4hlte Honigsorten mit nat\u00fcrlicher Qualit\u00e4t und Reinheit zu entdecken.\" \/>\n<meta name=\"robots\" content=\"index, follow, max-snippet:-1, max-image-preview:large, max-video-preview:-1\" \/>\n<link rel=\"canonical\" href=\"https:\/\/purehivehoney.com\/de\/product\/melora-genuine-new-zealand-manuka-honey-40-mgo-250g-100-pure-and-traceable-manuka-from-new-zealand\/\" \/>\n<meta property=\"og:locale\" content=\"de_DE\" \/>\n<meta property=\"og:type\" content=\"article\" \/>\n<meta property=\"og:title\" content=\"Melora Genuine New Zealand Manuka Honey 40 MGO 250g - 100% Pure and Traceable Manuka from New Zealand - PureHiveHoney\" \/>\n<meta property=\"og:description\" content=\"Entdecken Sie hochwertigen Rohhonig, Bio Honig, Manuka Honig und nat\u00fcrliche Bienenprodukte. PureHiveHoney hilft Ihnen dabei, sorgf\u00e4ltig ausgew\u00e4hlte Honigsorten mit nat\u00fcrlicher Qualit\u00e4t und Reinheit zu entdecken.\" \/>\n<meta property=\"og:url\" content=\"https:\/\/purehivehoney.com\/de\/product\/melora-genuine-new-zealand-manuka-honey-40-mgo-250g-100-pure-and-traceable-manuka-from-new-zealand\/\" \/>\n<meta property=\"og:site_name\" content=\"PureHiveHoney\" \/>\n<meta property=\"article:modified_time\" content=\"2026-03-15T23:50:17+00:00\" \/>\n<meta property=\"og:image\" content=\"https:\/\/images-na.ssl-images-amazon.com\/images\/G\/01\/x-locale\/common\/grey-pixel.gif\" \/>\n<meta name=\"twitter:card\" content=\"summary_large_image\" \/>\n<meta name=\"twitter:label1\" content=\"Gesch\u00e4tzte Lesezeit\" \/>\n\t<meta name=\"twitter:data1\" content=\"2\u00a0Minuten\" \/>\n<script type=\"application\/ld+json\" class=\"yoast-schema-graph\">{\"@context\":\"https:\\\/\\\/schema.org\",\"@graph\":[{\"@type\":\"WebPage\",\"@id\":\"https:\\\/\\\/purehivehoney.com\\\/de\\\/product\\\/melora-genuine-new-zealand-manuka-honey-40-mgo-250g-100-pure-and-traceable-manuka-from-new-zealand\\\/\",\"url\":\"https:\\\/\\\/purehivehoney.com\\\/de\\\/product\\\/melora-genuine-new-zealand-manuka-honey-40-mgo-250g-100-pure-and-traceable-manuka-from-new-zealand\\\/\",\"name\":\"Melora Genuine New Zealand Manuka Honey 40 MGO 250g - 100% Pure and Traceable Manuka from New Zealand - PureHiveHoney\",\"isPartOf\":{\"@id\":\"https:\\\/\\\/purehivehoney.com\\\/de\\\/#website\"},\"primaryImageOfPage\":{\"@id\":\"https:\\\/\\\/purehivehoney.com\\\/de\\\/product\\\/melora-genuine-new-zealand-manuka-honey-40-mgo-250g-100-pure-and-traceable-manuka-from-new-zealand\\\/#primaryimage\"},\"image\":{\"@id\":\"https:\\\/\\\/purehivehoney.com\\\/de\\\/product\\\/melora-genuine-new-zealand-manuka-honey-40-mgo-250g-100-pure-and-traceable-manuka-from-new-zealand\\\/#primaryimage\"},\"thumbnailUrl\":\"https:\\\/\\\/purehivehoney.com\\\/de\\\/wp-content\\\/uploads\\\/2026\\\/03\\\/61o-l9-XeqL._SL1181_.jpg\",\"datePublished\":\"2026-03-15T23:50:09+00:00\",\"dateModified\":\"2026-03-15T23:50:17+00:00\",\"description\":\"Entdecken Sie hochwertigen Rohhonig, Bio Honig, Manuka Honig und nat\u00fcrliche Bienenprodukte. PureHiveHoney hilft Ihnen dabei, sorgf\u00e4ltig ausgew\u00e4hlte Honigsorten mit nat\u00fcrlicher Qualit\u00e4t und Reinheit zu entdecken.\",\"breadcrumb\":{\"@id\":\"https:\\\/\\\/purehivehoney.com\\\/de\\\/product\\\/melora-genuine-new-zealand-manuka-honey-40-mgo-250g-100-pure-and-traceable-manuka-from-new-zealand\\\/#breadcrumb\"},\"inLanguage\":\"de\",\"potentialAction\":[{\"@type\":\"ReadAction\",\"target\":[\"https:\\\/\\\/purehivehoney.com\\\/de\\\/product\\\/melora-genuine-new-zealand-manuka-honey-40-mgo-250g-100-pure-and-traceable-manuka-from-new-zealand\\\/\"]}]},{\"@type\":\"ImageObject\",\"inLanguage\":\"de\",\"@id\":\"https:\\\/\\\/purehivehoney.com\\\/de\\\/product\\\/melora-genuine-new-zealand-manuka-honey-40-mgo-250g-100-pure-and-traceable-manuka-from-new-zealand\\\/#primaryimage\",\"url\":\"https:\\\/\\\/purehivehoney.com\\\/de\\\/wp-content\\\/uploads\\\/2026\\\/03\\\/61o-l9-XeqL._SL1181_.jpg\",\"contentUrl\":\"https:\\\/\\\/purehivehoney.com\\\/de\\\/wp-content\\\/uploads\\\/2026\\\/03\\\/61o-l9-XeqL._SL1181_.jpg\",\"width\":886,\"height\":1181},{\"@type\":\"BreadcrumbList\",\"@id\":\"https:\\\/\\\/purehivehoney.com\\\/de\\\/product\\\/melora-genuine-new-zealand-manuka-honey-40-mgo-250g-100-pure-and-traceable-manuka-from-new-zealand\\\/#breadcrumb\",\"itemListElement\":[{\"@type\":\"ListItem\",\"position\":1,\"name\":\"Home\",\"item\":\"https:\\\/\\\/purehivehoney.com\\\/de\\\/\"},{\"@type\":\"ListItem\",\"position\":2,\"name\":\"Shop\",\"item\":\"https:\\\/\\\/purehivehoney.com\\\/de\\\/shop\\\/\"},{\"@type\":\"ListItem\",\"position\":3,\"name\":\"Melora Genuine New Zealand Manuka H...\"}]},{\"@type\":\"WebSite\",\"@id\":\"https:\\\/\\\/purehivehoney.com\\\/de\\\/#website\",\"url\":\"https:\\\/\\\/purehivehoney.com\\\/de\\\/\",\"name\":\"PureHiveHoney\",\"description\":\"Reiner Honig &amp; Bienenprodukte Online | Rohhonig, Bio Honig &amp; Spezialhonig\",\"publisher\":{\"@id\":\"https:\\\/\\\/purehivehoney.com\\\/de\\\/#organization\"},\"potentialAction\":[{\"@type\":\"SearchAction\",\"target\":{\"@type\":\"EntryPoint\",\"urlTemplate\":\"https:\\\/\\\/purehivehoney.com\\\/de\\\/?s={search_term_string}\"},\"query-input\":{\"@type\":\"PropertyValueSpecification\",\"valueRequired\":true,\"valueName\":\"search_term_string\"}}],\"inLanguage\":\"de\"},{\"@type\":\"Organization\",\"@id\":\"https:\\\/\\\/purehivehoney.com\\\/de\\\/#organization\",\"name\":\"PureHiveHoney\",\"url\":\"https:\\\/\\\/purehivehoney.com\\\/de\\\/\",\"logo\":{\"@type\":\"ImageObject\",\"inLanguage\":\"de\",\"@id\":\"https:\\\/\\\/purehivehoney.com\\\/de\\\/#\\\/schema\\\/logo\\\/image\\\/\",\"url\":\"https:\\\/\\\/purehivehoney.com\\\/de\\\/wp-content\\\/uploads\\\/2026\\\/03\\\/Screenshot-2026-03-16-at-1.06.01-AM.png\",\"contentUrl\":\"https:\\\/\\\/purehivehoney.com\\\/de\\\/wp-content\\\/uploads\\\/2026\\\/03\\\/Screenshot-2026-03-16-at-1.06.01-AM.png\",\"width\":2112,\"height\":1086,\"caption\":\"PureHiveHoney\"},\"image\":{\"@id\":\"https:\\\/\\\/purehivehoney.com\\\/de\\\/#\\\/schema\\\/logo\\\/image\\\/\"}}]}<\/script>\n<!-- \/ Yoast SEO plugin. -->","yoast_head_json":{"title":"Melora Genuine New Zealand Manuka Honey 40 MGO 250g - 100% Pure and Traceable Manuka from New Zealand - PureHiveHoney","description":"Entdecken Sie hochwertigen Rohhonig, Bio Honig, Manuka Honig und nat\u00fcrliche Bienenprodukte. PureHiveHoney hilft Ihnen dabei, sorgf\u00e4ltig ausgew\u00e4hlte Honigsorten mit nat\u00fcrlicher Qualit\u00e4t und Reinheit zu entdecken.","robots":{"index":"index","follow":"follow","max-snippet":"max-snippet:-1","max-image-preview":"max-image-preview:large","max-video-preview":"max-video-preview:-1"},"canonical":"https:\/\/purehivehoney.com\/de\/product\/melora-genuine-new-zealand-manuka-honey-40-mgo-250g-100-pure-and-traceable-manuka-from-new-zealand\/","og_locale":"de_DE","og_type":"article","og_title":"Melora Genuine New Zealand Manuka Honey 40 MGO 250g - 100% Pure and Traceable Manuka from New Zealand - PureHiveHoney","og_description":"Entdecken Sie hochwertigen Rohhonig, Bio Honig, Manuka Honig und nat\u00fcrliche Bienenprodukte. PureHiveHoney hilft Ihnen dabei, sorgf\u00e4ltig ausgew\u00e4hlte Honigsorten mit nat\u00fcrlicher Qualit\u00e4t und Reinheit zu entdecken.","og_url":"https:\/\/purehivehoney.com\/de\/product\/melora-genuine-new-zealand-manuka-honey-40-mgo-250g-100-pure-and-traceable-manuka-from-new-zealand\/","og_site_name":"PureHiveHoney","article_modified_time":"2026-03-15T23:50:17+00:00","og_image":[{"url":"https:\/\/images-na.ssl-images-amazon.com\/images\/G\/01\/x-locale\/common\/grey-pixel.gif","type":"","width":"","height":""}],"twitter_card":"summary_large_image","twitter_misc":{"Gesch\u00e4tzte Lesezeit":"2\u00a0Minuten"},"schema":{"@context":"https:\/\/schema.org","@graph":[{"@type":"WebPage","@id":"https:\/\/purehivehoney.com\/de\/product\/melora-genuine-new-zealand-manuka-honey-40-mgo-250g-100-pure-and-traceable-manuka-from-new-zealand\/","url":"https:\/\/purehivehoney.com\/de\/product\/melora-genuine-new-zealand-manuka-honey-40-mgo-250g-100-pure-and-traceable-manuka-from-new-zealand\/","name":"Melora Genuine New Zealand Manuka Honey 40 MGO 250g - 100% Pure and Traceable Manuka from New Zealand - PureHiveHoney","isPartOf":{"@id":"https:\/\/purehivehoney.com\/de\/#website"},"primaryImageOfPage":{"@id":"https:\/\/purehivehoney.com\/de\/product\/melora-genuine-new-zealand-manuka-honey-40-mgo-250g-100-pure-and-traceable-manuka-from-new-zealand\/#primaryimage"},"image":{"@id":"https:\/\/purehivehoney.com\/de\/product\/melora-genuine-new-zealand-manuka-honey-40-mgo-250g-100-pure-and-traceable-manuka-from-new-zealand\/#primaryimage"},"thumbnailUrl":"https:\/\/purehivehoney.com\/de\/wp-content\/uploads\/2026\/03\/61o-l9-XeqL._SL1181_.jpg","datePublished":"2026-03-15T23:50:09+00:00","dateModified":"2026-03-15T23:50:17+00:00","description":"Entdecken Sie hochwertigen Rohhonig, Bio Honig, Manuka Honig und nat\u00fcrliche Bienenprodukte. PureHiveHoney hilft Ihnen dabei, sorgf\u00e4ltig ausgew\u00e4hlte Honigsorten mit nat\u00fcrlicher Qualit\u00e4t und Reinheit zu entdecken.","breadcrumb":{"@id":"https:\/\/purehivehoney.com\/de\/product\/melora-genuine-new-zealand-manuka-honey-40-mgo-250g-100-pure-and-traceable-manuka-from-new-zealand\/#breadcrumb"},"inLanguage":"de","potentialAction":[{"@type":"ReadAction","target":["https:\/\/purehivehoney.com\/de\/product\/melora-genuine-new-zealand-manuka-honey-40-mgo-250g-100-pure-and-traceable-manuka-from-new-zealand\/"]}]},{"@type":"ImageObject","inLanguage":"de","@id":"https:\/\/purehivehoney.com\/de\/product\/melora-genuine-new-zealand-manuka-honey-40-mgo-250g-100-pure-and-traceable-manuka-from-new-zealand\/#primaryimage","url":"https:\/\/purehivehoney.com\/de\/wp-content\/uploads\/2026\/03\/61o-l9-XeqL._SL1181_.jpg","contentUrl":"https:\/\/purehivehoney.com\/de\/wp-content\/uploads\/2026\/03\/61o-l9-XeqL._SL1181_.jpg","width":886,"height":1181},{"@type":"BreadcrumbList","@id":"https:\/\/purehivehoney.com\/de\/product\/melora-genuine-new-zealand-manuka-honey-40-mgo-250g-100-pure-and-traceable-manuka-from-new-zealand\/#breadcrumb","itemListElement":[{"@type":"ListItem","position":1,"name":"Home","item":"https:\/\/purehivehoney.com\/de\/"},{"@type":"ListItem","position":2,"name":"Shop","item":"https:\/\/purehivehoney.com\/de\/shop\/"},{"@type":"ListItem","position":3,"name":"Melora Genuine New Zealand Manuka H..."}]},{"@type":"WebSite","@id":"https:\/\/purehivehoney.com\/de\/#website","url":"https:\/\/purehivehoney.com\/de\/","name":"PureHiveHoney","description":"Reiner Honig &amp; Bienenprodukte Online | Rohhonig, Bio Honig &amp; Spezialhonig","publisher":{"@id":"https:\/\/purehivehoney.com\/de\/#organization"},"potentialAction":[{"@type":"SearchAction","target":{"@type":"EntryPoint","urlTemplate":"https:\/\/purehivehoney.com\/de\/?s={search_term_string}"},"query-input":{"@type":"PropertyValueSpecification","valueRequired":true,"valueName":"search_term_string"}}],"inLanguage":"de"},{"@type":"Organization","@id":"https:\/\/purehivehoney.com\/de\/#organization","name":"PureHiveHoney","url":"https:\/\/purehivehoney.com\/de\/","logo":{"@type":"ImageObject","inLanguage":"de","@id":"https:\/\/purehivehoney.com\/de\/#\/schema\/logo\/image\/","url":"https:\/\/purehivehoney.com\/de\/wp-content\/uploads\/2026\/03\/Screenshot-2026-03-16-at-1.06.01-AM.png","contentUrl":"https:\/\/purehivehoney.com\/de\/wp-content\/uploads\/2026\/03\/Screenshot-2026-03-16-at-1.06.01-AM.png","width":2112,"height":1086,"caption":"PureHiveHoney"},"image":{"@id":"https:\/\/purehivehoney.com\/de\/#\/schema\/logo\/image\/"}}]}},"_links":{"self":[{"href":"https:\/\/purehivehoney.com\/de\/wp-json\/wp\/v2\/product\/510","targetHints":{"allow":["GET"]}}],"collection":[{"href":"https:\/\/purehivehoney.com\/de\/wp-json\/wp\/v2\/product"}],"about":[{"href":"https:\/\/purehivehoney.com\/de\/wp-json\/wp\/v2\/types\/product"}],"replies":[{"embeddable":true,"href":"https:\/\/purehivehoney.com\/de\/wp-json\/wp\/v2\/comments?post=510"}],"wp:featuredmedia":[{"embeddable":true,"href":"https:\/\/purehivehoney.com\/de\/wp-json\/wp\/v2\/media\/511"}],"wp:attachment":[{"href":"https:\/\/purehivehoney.com\/de\/wp-json\/wp\/v2\/media?parent=510"}],"wp:term":[{"taxonomy":"store","embeddable":true,"href":"https:\/\/purehivehoney.com\/de\/wp-json\/wp\/v2\/store?post=510"},{"taxonomy":"product_brand","embeddable":true,"href":"https:\/\/purehivehoney.com\/de\/wp-json\/wp\/v2\/product_brand?post=510"},{"taxonomy":"product_cat","embeddable":true,"href":"https:\/\/purehivehoney.com\/de\/wp-json\/wp\/v2\/product_cat?post=510"},{"taxonomy":"product_tag","embeddable":true,"href":"https:\/\/purehivehoney.com\/de\/wp-json\/wp\/v2\/product_tag?post=510"}],"curies":[{"name":"wp","href":"https:\/\/api.w.org\/{rel}","templated":true}]}}