{"id":504,"date":"2026-03-15T23:48:18","date_gmt":"2026-03-15T23:48:18","guid":{"rendered":"https:\/\/purehivehoney.com\/de\/product\/amogeeli-natural-honey-calcite-cluster-specimen-for-collection-irregular-raw-healing-crystal-for-reiki-meditation-home-office-decoration\/"},"modified":"2026-03-15T23:48:30","modified_gmt":"2026-03-15T23:48:30","slug":"amogeeli-natural-honey-calcite-cluster-specimen-for-collection-irregular-raw-healing-crystal-for-reiki-meditation-home-office-decoration","status":"publish","type":"product","link":"https:\/\/purehivehoney.com\/de\/product\/amogeeli-natural-honey-calcite-cluster-specimen-for-collection-irregular-raw-healing-crystal-for-reiki-meditation-home-office-decoration\/","title":{"rendered":"Amogeeli Natural Honey Calcite Clus..."},"content":{"rendered":"<p>    <span>Package Includes: 1 x Honey Calcite Cluster, 1 x Satin Bag <br \/>Dimensions (approx. ): <br \/>The honey calcite cluster is length 1.92-2.75 inches (4.9-7 cm), width 1.53-2.55 inches (3.9-6.5 cm), thickness 0.98-1.96 inches (2.5-5 cm). <br \/>Total weight is about 0.22-0.33 lb (100-150 g). <br \/>Applications: <br \/>1. Reiki Healing Stone Decoration:Crystal can purify the negative energies, protect the owner from evil psychic attacks, and bring harmony to the place. <br \/>2. GIFT IDEA This crystal decoration will please your friends interested in the spiritual and crystal collection. <br \/>Note: Each stone has its natural beauty. Please allow the deviation of color, texture, size and shape. Your order will be unique.<\/span>    <br \/>Natural mineral samples for collection: the honey calcite cluster is irregularly shaped, natural and without artificial colour enhancement. It offers you the true beauty of nature. As calcite is a fantastic creation of Mother Nature, there are variations in colour, shape, size and stone veins. Your order is unique.<br \/>Dimensions: the honey calcite cluster is about 1.92-2.75 inches (4.9-7 cm), a width of about 1.53-2.55 inches (3.9-6.5 cm) and a thickness of about 0.98-1.96 inches (2.5-5 cm). The weight is about 0.22-0.33 lb (100-150 grams).<br \/>CRYSTAL FOR OFFICE &#038; HOME DECORATION &#8211; The warm brown crystal specimen can build you and your family with positive energy. It is an ideal stone decoration for bedroom, living room, office, studio, or anywhere you want to decorate.<br \/>Healing Amber Calcite &#8211; Honey calcite is often called amber calcite or golden calcite. It is a stone associated with strength and personal strength. Honey calcite can help remove anxiety, free your mind of dark energy, and make you more confident. Honey calcite cluster is good for reiki healing, chakra balance and meditation.<br \/>Positive Stone Gift &#8211; The rough calcite comes with a branded gift bag. It is ready to be a gift for birthday, housewarming, Mother&#8217;s Day, Father&#8217;s Day or other situations and occasions. The crystal decoration will delight your friends for the spiritual and crystal collection.<\/p>\n\n","protected":false},"excerpt":{"rendered":"<p>Package Includes: 1 x Honey Calcite Cluster, 1 x Satin Bag Dimensions (approx. ): The honey calcite cluster is length 1.92-2.75 inches (4.9-7 cm), width 1.53-2.55 inches (3.9-6.5 cm), thickness 0.98-1.96 inches (2.5-5 cm). Total weight is about 0.22-0.33 lb (100-150 g). Applications: 1. Reiki Healing Stone Decoration:Crystal can purify the negative energies, protect the [&hellip;]<\/p>\n","protected":false},"featured_media":505,"comment_status":"open","ping_status":"closed","template":"","meta":{"_aipt_faq_data":""},"store":[],"product_brand":[],"product_cat":[62],"product_tag":[141],"class_list":{"0":"post-504","1":"product","2":"type-product","3":"status-publish","4":"has-post-thumbnail","6":"product_cat-honig-fur-energie","7":"product_tag-natuerlicher-honig-fuer-energie","9":"first","10":"instock","11":"shipping-taxable","12":"product-type-external"},"yoast_head":"<!-- This site is optimized with the Yoast SEO plugin v27.4 - https:\/\/yoast.com\/product\/yoast-seo-wordpress\/ -->\n<title>Amogeeli Natural Honey Calcite Cluster Specimen for Collection Irregular Raw Healing Crystal for Reiki Meditation Home Office Decoration - PureHiveHoney<\/title>\n<meta name=\"description\" content=\"Entdecken Sie hochwertigen Rohhonig, Bio Honig, Manuka Honig und nat\u00fcrliche Bienenprodukte. PureHiveHoney hilft Ihnen dabei, sorgf\u00e4ltig ausgew\u00e4hlte Honigsorten mit nat\u00fcrlicher Qualit\u00e4t und Reinheit zu entdecken.\" \/>\n<meta name=\"robots\" content=\"index, follow, max-snippet:-1, max-image-preview:large, max-video-preview:-1\" \/>\n<link rel=\"canonical\" href=\"https:\/\/purehivehoney.com\/de\/product\/amogeeli-natural-honey-calcite-cluster-specimen-for-collection-irregular-raw-healing-crystal-for-reiki-meditation-home-office-decoration\/\" \/>\n<meta property=\"og:locale\" content=\"de_DE\" \/>\n<meta property=\"og:type\" content=\"article\" \/>\n<meta property=\"og:title\" content=\"Amogeeli Natural Honey Calcite Cluster Specimen for Collection Irregular Raw Healing Crystal for Reiki Meditation Home Office Decoration - PureHiveHoney\" \/>\n<meta property=\"og:description\" content=\"Entdecken Sie hochwertigen Rohhonig, Bio Honig, Manuka Honig und nat\u00fcrliche Bienenprodukte. PureHiveHoney hilft Ihnen dabei, sorgf\u00e4ltig ausgew\u00e4hlte Honigsorten mit nat\u00fcrlicher Qualit\u00e4t und Reinheit zu entdecken.\" \/>\n<meta property=\"og:url\" content=\"https:\/\/purehivehoney.com\/de\/product\/amogeeli-natural-honey-calcite-cluster-specimen-for-collection-irregular-raw-healing-crystal-for-reiki-meditation-home-office-decoration\/\" \/>\n<meta property=\"og:site_name\" content=\"PureHiveHoney\" \/>\n<meta property=\"article:modified_time\" content=\"2026-03-15T23:48:30+00:00\" \/>\n<meta name=\"twitter:card\" content=\"summary_large_image\" \/>\n<meta name=\"twitter:label1\" content=\"Gesch\u00e4tzte Lesezeit\" \/>\n\t<meta name=\"twitter:data1\" content=\"2\u00a0Minuten\" \/>\n<script type=\"application\/ld+json\" class=\"yoast-schema-graph\">{\"@context\":\"https:\\\/\\\/schema.org\",\"@graph\":[{\"@type\":\"WebPage\",\"@id\":\"https:\\\/\\\/purehivehoney.com\\\/de\\\/product\\\/amogeeli-natural-honey-calcite-cluster-specimen-for-collection-irregular-raw-healing-crystal-for-reiki-meditation-home-office-decoration\\\/\",\"url\":\"https:\\\/\\\/purehivehoney.com\\\/de\\\/product\\\/amogeeli-natural-honey-calcite-cluster-specimen-for-collection-irregular-raw-healing-crystal-for-reiki-meditation-home-office-decoration\\\/\",\"name\":\"Amogeeli Natural Honey Calcite Cluster Specimen for Collection Irregular Raw Healing Crystal for Reiki Meditation Home Office Decoration - PureHiveHoney\",\"isPartOf\":{\"@id\":\"https:\\\/\\\/purehivehoney.com\\\/de\\\/#website\"},\"primaryImageOfPage\":{\"@id\":\"https:\\\/\\\/purehivehoney.com\\\/de\\\/product\\\/amogeeli-natural-honey-calcite-cluster-specimen-for-collection-irregular-raw-healing-crystal-for-reiki-meditation-home-office-decoration\\\/#primaryimage\"},\"image\":{\"@id\":\"https:\\\/\\\/purehivehoney.com\\\/de\\\/product\\\/amogeeli-natural-honey-calcite-cluster-specimen-for-collection-irregular-raw-healing-crystal-for-reiki-meditation-home-office-decoration\\\/#primaryimage\"},\"thumbnailUrl\":\"https:\\\/\\\/purehivehoney.com\\\/de\\\/wp-content\\\/uploads\\\/2026\\\/03\\\/81JPBNbRGL._AC_SL1500_.jpg\",\"datePublished\":\"2026-03-15T23:48:18+00:00\",\"dateModified\":\"2026-03-15T23:48:30+00:00\",\"description\":\"Entdecken Sie hochwertigen Rohhonig, Bio Honig, Manuka Honig und nat\u00fcrliche Bienenprodukte. PureHiveHoney hilft Ihnen dabei, sorgf\u00e4ltig ausgew\u00e4hlte Honigsorten mit nat\u00fcrlicher Qualit\u00e4t und Reinheit zu entdecken.\",\"breadcrumb\":{\"@id\":\"https:\\\/\\\/purehivehoney.com\\\/de\\\/product\\\/amogeeli-natural-honey-calcite-cluster-specimen-for-collection-irregular-raw-healing-crystal-for-reiki-meditation-home-office-decoration\\\/#breadcrumb\"},\"inLanguage\":\"de\",\"potentialAction\":[{\"@type\":\"ReadAction\",\"target\":[\"https:\\\/\\\/purehivehoney.com\\\/de\\\/product\\\/amogeeli-natural-honey-calcite-cluster-specimen-for-collection-irregular-raw-healing-crystal-for-reiki-meditation-home-office-decoration\\\/\"]}]},{\"@type\":\"ImageObject\",\"inLanguage\":\"de\",\"@id\":\"https:\\\/\\\/purehivehoney.com\\\/de\\\/product\\\/amogeeli-natural-honey-calcite-cluster-specimen-for-collection-irregular-raw-healing-crystal-for-reiki-meditation-home-office-decoration\\\/#primaryimage\",\"url\":\"https:\\\/\\\/purehivehoney.com\\\/de\\\/wp-content\\\/uploads\\\/2026\\\/03\\\/81JPBNbRGL._AC_SL1500_.jpg\",\"contentUrl\":\"https:\\\/\\\/purehivehoney.com\\\/de\\\/wp-content\\\/uploads\\\/2026\\\/03\\\/81JPBNbRGL._AC_SL1500_.jpg\",\"width\":1260,\"height\":1404},{\"@type\":\"BreadcrumbList\",\"@id\":\"https:\\\/\\\/purehivehoney.com\\\/de\\\/product\\\/amogeeli-natural-honey-calcite-cluster-specimen-for-collection-irregular-raw-healing-crystal-for-reiki-meditation-home-office-decoration\\\/#breadcrumb\",\"itemListElement\":[{\"@type\":\"ListItem\",\"position\":1,\"name\":\"Home\",\"item\":\"https:\\\/\\\/purehivehoney.com\\\/de\\\/\"},{\"@type\":\"ListItem\",\"position\":2,\"name\":\"Shop\",\"item\":\"https:\\\/\\\/purehivehoney.com\\\/de\\\/shop\\\/\"},{\"@type\":\"ListItem\",\"position\":3,\"name\":\"Amogeeli Natural Honey Calcite Clus...\"}]},{\"@type\":\"WebSite\",\"@id\":\"https:\\\/\\\/purehivehoney.com\\\/de\\\/#website\",\"url\":\"https:\\\/\\\/purehivehoney.com\\\/de\\\/\",\"name\":\"PureHiveHoney\",\"description\":\"Reiner Honig &amp; Bienenprodukte Online | Rohhonig, Bio Honig &amp; Spezialhonig\",\"publisher\":{\"@id\":\"https:\\\/\\\/purehivehoney.com\\\/de\\\/#organization\"},\"potentialAction\":[{\"@type\":\"SearchAction\",\"target\":{\"@type\":\"EntryPoint\",\"urlTemplate\":\"https:\\\/\\\/purehivehoney.com\\\/de\\\/?s={search_term_string}\"},\"query-input\":{\"@type\":\"PropertyValueSpecification\",\"valueRequired\":true,\"valueName\":\"search_term_string\"}}],\"inLanguage\":\"de\"},{\"@type\":\"Organization\",\"@id\":\"https:\\\/\\\/purehivehoney.com\\\/de\\\/#organization\",\"name\":\"PureHiveHoney\",\"url\":\"https:\\\/\\\/purehivehoney.com\\\/de\\\/\",\"logo\":{\"@type\":\"ImageObject\",\"inLanguage\":\"de\",\"@id\":\"https:\\\/\\\/purehivehoney.com\\\/de\\\/#\\\/schema\\\/logo\\\/image\\\/\",\"url\":\"https:\\\/\\\/purehivehoney.com\\\/de\\\/wp-content\\\/uploads\\\/2026\\\/03\\\/Screenshot-2026-03-16-at-1.06.01-AM.png\",\"contentUrl\":\"https:\\\/\\\/purehivehoney.com\\\/de\\\/wp-content\\\/uploads\\\/2026\\\/03\\\/Screenshot-2026-03-16-at-1.06.01-AM.png\",\"width\":2112,\"height\":1086,\"caption\":\"PureHiveHoney\"},\"image\":{\"@id\":\"https:\\\/\\\/purehivehoney.com\\\/de\\\/#\\\/schema\\\/logo\\\/image\\\/\"}}]}<\/script>\n<!-- \/ Yoast SEO plugin. -->","yoast_head_json":{"title":"Amogeeli Natural Honey Calcite Cluster Specimen for Collection Irregular Raw Healing Crystal for Reiki Meditation Home Office Decoration - PureHiveHoney","description":"Entdecken Sie hochwertigen Rohhonig, Bio Honig, Manuka Honig und nat\u00fcrliche Bienenprodukte. PureHiveHoney hilft Ihnen dabei, sorgf\u00e4ltig ausgew\u00e4hlte Honigsorten mit nat\u00fcrlicher Qualit\u00e4t und Reinheit zu entdecken.","robots":{"index":"index","follow":"follow","max-snippet":"max-snippet:-1","max-image-preview":"max-image-preview:large","max-video-preview":"max-video-preview:-1"},"canonical":"https:\/\/purehivehoney.com\/de\/product\/amogeeli-natural-honey-calcite-cluster-specimen-for-collection-irregular-raw-healing-crystal-for-reiki-meditation-home-office-decoration\/","og_locale":"de_DE","og_type":"article","og_title":"Amogeeli Natural Honey Calcite Cluster Specimen for Collection Irregular Raw Healing Crystal for Reiki Meditation Home Office Decoration - PureHiveHoney","og_description":"Entdecken Sie hochwertigen Rohhonig, Bio Honig, Manuka Honig und nat\u00fcrliche Bienenprodukte. PureHiveHoney hilft Ihnen dabei, sorgf\u00e4ltig ausgew\u00e4hlte Honigsorten mit nat\u00fcrlicher Qualit\u00e4t und Reinheit zu entdecken.","og_url":"https:\/\/purehivehoney.com\/de\/product\/amogeeli-natural-honey-calcite-cluster-specimen-for-collection-irregular-raw-healing-crystal-for-reiki-meditation-home-office-decoration\/","og_site_name":"PureHiveHoney","article_modified_time":"2026-03-15T23:48:30+00:00","twitter_card":"summary_large_image","twitter_misc":{"Gesch\u00e4tzte Lesezeit":"2\u00a0Minuten"},"schema":{"@context":"https:\/\/schema.org","@graph":[{"@type":"WebPage","@id":"https:\/\/purehivehoney.com\/de\/product\/amogeeli-natural-honey-calcite-cluster-specimen-for-collection-irregular-raw-healing-crystal-for-reiki-meditation-home-office-decoration\/","url":"https:\/\/purehivehoney.com\/de\/product\/amogeeli-natural-honey-calcite-cluster-specimen-for-collection-irregular-raw-healing-crystal-for-reiki-meditation-home-office-decoration\/","name":"Amogeeli Natural Honey Calcite Cluster Specimen for Collection Irregular Raw Healing Crystal for Reiki Meditation Home Office Decoration - PureHiveHoney","isPartOf":{"@id":"https:\/\/purehivehoney.com\/de\/#website"},"primaryImageOfPage":{"@id":"https:\/\/purehivehoney.com\/de\/product\/amogeeli-natural-honey-calcite-cluster-specimen-for-collection-irregular-raw-healing-crystal-for-reiki-meditation-home-office-decoration\/#primaryimage"},"image":{"@id":"https:\/\/purehivehoney.com\/de\/product\/amogeeli-natural-honey-calcite-cluster-specimen-for-collection-irregular-raw-healing-crystal-for-reiki-meditation-home-office-decoration\/#primaryimage"},"thumbnailUrl":"https:\/\/purehivehoney.com\/de\/wp-content\/uploads\/2026\/03\/81JPBNbRGL._AC_SL1500_.jpg","datePublished":"2026-03-15T23:48:18+00:00","dateModified":"2026-03-15T23:48:30+00:00","description":"Entdecken Sie hochwertigen Rohhonig, Bio Honig, Manuka Honig und nat\u00fcrliche Bienenprodukte. PureHiveHoney hilft Ihnen dabei, sorgf\u00e4ltig ausgew\u00e4hlte Honigsorten mit nat\u00fcrlicher Qualit\u00e4t und Reinheit zu entdecken.","breadcrumb":{"@id":"https:\/\/purehivehoney.com\/de\/product\/amogeeli-natural-honey-calcite-cluster-specimen-for-collection-irregular-raw-healing-crystal-for-reiki-meditation-home-office-decoration\/#breadcrumb"},"inLanguage":"de","potentialAction":[{"@type":"ReadAction","target":["https:\/\/purehivehoney.com\/de\/product\/amogeeli-natural-honey-calcite-cluster-specimen-for-collection-irregular-raw-healing-crystal-for-reiki-meditation-home-office-decoration\/"]}]},{"@type":"ImageObject","inLanguage":"de","@id":"https:\/\/purehivehoney.com\/de\/product\/amogeeli-natural-honey-calcite-cluster-specimen-for-collection-irregular-raw-healing-crystal-for-reiki-meditation-home-office-decoration\/#primaryimage","url":"https:\/\/purehivehoney.com\/de\/wp-content\/uploads\/2026\/03\/81JPBNbRGL._AC_SL1500_.jpg","contentUrl":"https:\/\/purehivehoney.com\/de\/wp-content\/uploads\/2026\/03\/81JPBNbRGL._AC_SL1500_.jpg","width":1260,"height":1404},{"@type":"BreadcrumbList","@id":"https:\/\/purehivehoney.com\/de\/product\/amogeeli-natural-honey-calcite-cluster-specimen-for-collection-irregular-raw-healing-crystal-for-reiki-meditation-home-office-decoration\/#breadcrumb","itemListElement":[{"@type":"ListItem","position":1,"name":"Home","item":"https:\/\/purehivehoney.com\/de\/"},{"@type":"ListItem","position":2,"name":"Shop","item":"https:\/\/purehivehoney.com\/de\/shop\/"},{"@type":"ListItem","position":3,"name":"Amogeeli Natural Honey Calcite Clus..."}]},{"@type":"WebSite","@id":"https:\/\/purehivehoney.com\/de\/#website","url":"https:\/\/purehivehoney.com\/de\/","name":"PureHiveHoney","description":"Reiner Honig &amp; Bienenprodukte Online | Rohhonig, Bio Honig &amp; Spezialhonig","publisher":{"@id":"https:\/\/purehivehoney.com\/de\/#organization"},"potentialAction":[{"@type":"SearchAction","target":{"@type":"EntryPoint","urlTemplate":"https:\/\/purehivehoney.com\/de\/?s={search_term_string}"},"query-input":{"@type":"PropertyValueSpecification","valueRequired":true,"valueName":"search_term_string"}}],"inLanguage":"de"},{"@type":"Organization","@id":"https:\/\/purehivehoney.com\/de\/#organization","name":"PureHiveHoney","url":"https:\/\/purehivehoney.com\/de\/","logo":{"@type":"ImageObject","inLanguage":"de","@id":"https:\/\/purehivehoney.com\/de\/#\/schema\/logo\/image\/","url":"https:\/\/purehivehoney.com\/de\/wp-content\/uploads\/2026\/03\/Screenshot-2026-03-16-at-1.06.01-AM.png","contentUrl":"https:\/\/purehivehoney.com\/de\/wp-content\/uploads\/2026\/03\/Screenshot-2026-03-16-at-1.06.01-AM.png","width":2112,"height":1086,"caption":"PureHiveHoney"},"image":{"@id":"https:\/\/purehivehoney.com\/de\/#\/schema\/logo\/image\/"}}]}},"_links":{"self":[{"href":"https:\/\/purehivehoney.com\/de\/wp-json\/wp\/v2\/product\/504","targetHints":{"allow":["GET"]}}],"collection":[{"href":"https:\/\/purehivehoney.com\/de\/wp-json\/wp\/v2\/product"}],"about":[{"href":"https:\/\/purehivehoney.com\/de\/wp-json\/wp\/v2\/types\/product"}],"replies":[{"embeddable":true,"href":"https:\/\/purehivehoney.com\/de\/wp-json\/wp\/v2\/comments?post=504"}],"wp:featuredmedia":[{"embeddable":true,"href":"https:\/\/purehivehoney.com\/de\/wp-json\/wp\/v2\/media\/505"}],"wp:attachment":[{"href":"https:\/\/purehivehoney.com\/de\/wp-json\/wp\/v2\/media?parent=504"}],"wp:term":[{"taxonomy":"store","embeddable":true,"href":"https:\/\/purehivehoney.com\/de\/wp-json\/wp\/v2\/store?post=504"},{"taxonomy":"product_brand","embeddable":true,"href":"https:\/\/purehivehoney.com\/de\/wp-json\/wp\/v2\/product_brand?post=504"},{"taxonomy":"product_cat","embeddable":true,"href":"https:\/\/purehivehoney.com\/de\/wp-json\/wp\/v2\/product_cat?post=504"},{"taxonomy":"product_tag","embeddable":true,"href":"https:\/\/purehivehoney.com\/de\/wp-json\/wp\/v2\/product_tag?post=504"}],"curies":[{"name":"wp","href":"https:\/\/api.w.org\/{rel}","templated":true}]}}