{"id":471,"date":"2026-03-15T23:31:37","date_gmt":"2026-03-15T23:31:37","guid":{"rendered":"https:\/\/purehivehoney.com\/de\/product\/set-of-2-honey-spoons-made-of-olive-wood-15-cm-long-honey-spiral-dispenser-of-honey-and-syrup-drip-and-spill-free-wooden-spoon-practical-helper-for-honey-lovers\/"},"modified":"2026-03-15T23:36:12","modified_gmt":"2026-03-15T23:36:12","slug":"set-of-2-honey-spoons-made-of-olive-wood-15-cm-long-honey-spiral-dispenser-of-honey-and-syrup-drip-and-spill-free-wooden-spoon-practical-helper-for-honey-lovers","status":"publish","type":"product","link":"https:\/\/purehivehoney.com\/de\/product\/set-of-2-honey-spoons-made-of-olive-wood-15-cm-long-honey-spiral-dispenser-of-honey-and-syrup-drip-and-spill-free-wooden-spoon-practical-helper-for-honey-lovers\/","title":{"rendered":"Set of 2 honey spoons made of olive..."},"content":{"rendered":"<p>    <span>Practical helper for honey lovers. A delicious honey bread in the morning and the tea sweetened with a little honey? Our useful honey spoon helps you get the honey drip-free and spill-free from the glass or pot and lead to the respective goal. For example, the honey reaches optimally on the bread, tea or hot milk, without leaving sticky marks and residues on its way at any point. Especially with a liquid honey, our honey spoon is offered. High-quality olive wood. Our spoon is made of high-quality olive wood, which is very hard, dense, robust, food-safe and durable. It has antibacterial and antiseptic properties and is extremely resistant to mould and fungi. The unique grain makes each spoon something extraordinary. The unique piece is not only suitable as wooden tableware, but can also be used as a dining table decoration or given as a gift for festive occasions. Stylish design: the honey spoon is approx. 15 cm long and has a head diameter of 2 cm. This makes it also suitable for use with jars with small openings. The advantages at a glance: &#8211; No drips, spills, sticking and no elaborate cleaning. &#8211; Comfortable removal from the honey jar and clean handling. &#8211; Has special construction and structure that optimally absorbs, holds and allows honey to drain. &#8211; Supports effective consumption of the honey. &#8211; Very easy to clean. Box contents: 2 x honey. 1111.11Wide: Rub with a little cooking oil at regular intervals to maintain the beautiful colour and unique grain for a long time. As this is a natural product, the product may differ in dimensions\/grain (small deviations from the product image are therefore possible). Not dishwasher safe<\/span>    <br \/>Practical design: wooden honey spoon that harmonises purely naturally with the precious sweet natural product of the bees. Easy to use with a 15 cm long round stem and a round head piece with integrated grooves. Helps you collect and dispense honey, jam, condensed milk or syrup, drip-free and spill free from the jar or pot. An eye-catcher on any breakfast table<br \/>Hygienic natural product: 100% natural product, handmade from high-quality, hard olive wood, particularly robust and not heavy &#8211; without painting and free from harmful substances. Our ecological honey picker is neutral in taste and has an antibacterial and antiseptic effect. So the aroma of your favourite honey is not distorted.<br \/>High quality olive wood: thanks to its dense, fine-pored wood structure of olive wood with an elegant look, our kitchen utensils always remain smooth without special care. Our durable hard olive wood honey spoons are very sturdy, heavy duty and will not be damaged by bumps, scratches or moisture.<br \/>EASY CARE The honey slicer is very easy to clean. After use, simply rinse with lukewarm water and occasionally rub with olive oil so that the wood does not lose its colour and remains visually beautiful. A honey slicer is a natural product and therefore not suitable for the dishwasher.<br \/>Unique: Thanks to the unique grain and wood structure of each olive tree, each of our honey spoons is unique. The unusual spoon is not only suitable as a wooden tableware, but can also be used as a dining table decoration or given as a gift for festive occasions.<\/p>\n\n","protected":false},"excerpt":{"rendered":"<p>Practical helper for honey lovers. A delicious honey bread in the morning and the tea sweetened with a little honey? Our useful honey spoon helps you get the honey drip-free and spill-free from the glass or pot and lead to the respective goal. For example, the honey reaches optimally on the bread, tea or hot [&hellip;]<\/p>\n","protected":false},"featured_media":472,"comment_status":"open","ping_status":"closed","template":"","meta":{"_aipt_faq_data":""},"store":[],"product_brand":[165],"product_cat":[73],"product_tag":[164],"class_list":{"0":"post-471","1":"product","2":"type-product","3":"status-publish","4":"has-post-thumbnail","6":"product_brand-kuechenmaster","7":"product_cat-honigloffel","8":"product_tag-honigloeffel-fuer-honigglas","10":"first","11":"instock","12":"sale","13":"shipping-taxable","14":"product-type-external"},"yoast_head":"<!-- This site is optimized with the Yoast SEO plugin v27.4 - https:\/\/yoast.com\/product\/yoast-seo-wordpress\/ -->\n<title>Set of 2 honey spoons made of olive wood, 15 cm long, honey spiral, dispenser of honey and syrup, drip and spill-free wooden spoon, practical helper for honey lovers - PureHiveHoney<\/title>\n<meta name=\"description\" content=\"Entdecken Sie hochwertigen Rohhonig, Bio Honig, Manuka Honig und nat\u00fcrliche Bienenprodukte. PureHiveHoney hilft Ihnen dabei, sorgf\u00e4ltig ausgew\u00e4hlte Honigsorten mit nat\u00fcrlicher Qualit\u00e4t und Reinheit zu entdecken.\" \/>\n<meta name=\"robots\" content=\"index, follow, max-snippet:-1, max-image-preview:large, max-video-preview:-1\" \/>\n<link rel=\"canonical\" href=\"https:\/\/purehivehoney.com\/de\/product\/set-of-2-honey-spoons-made-of-olive-wood-15-cm-long-honey-spiral-dispenser-of-honey-and-syrup-drip-and-spill-free-wooden-spoon-practical-helper-for-honey-lovers\/\" \/>\n<meta property=\"og:locale\" content=\"de_DE\" \/>\n<meta property=\"og:type\" content=\"article\" \/>\n<meta property=\"og:title\" content=\"Set of 2 honey spoons made of olive wood, 15 cm long, honey spiral, dispenser of honey and syrup, drip and spill-free wooden spoon, practical helper for honey lovers - PureHiveHoney\" \/>\n<meta property=\"og:description\" content=\"Entdecken Sie hochwertigen Rohhonig, Bio Honig, Manuka Honig und nat\u00fcrliche Bienenprodukte. PureHiveHoney hilft Ihnen dabei, sorgf\u00e4ltig ausgew\u00e4hlte Honigsorten mit nat\u00fcrlicher Qualit\u00e4t und Reinheit zu entdecken.\" \/>\n<meta property=\"og:url\" content=\"https:\/\/purehivehoney.com\/de\/product\/set-of-2-honey-spoons-made-of-olive-wood-15-cm-long-honey-spiral-dispenser-of-honey-and-syrup-drip-and-spill-free-wooden-spoon-practical-helper-for-honey-lovers\/\" \/>\n<meta property=\"og:site_name\" content=\"PureHiveHoney\" \/>\n<meta property=\"article:modified_time\" content=\"2026-03-15T23:36:12+00:00\" \/>\n<meta name=\"twitter:card\" content=\"summary_large_image\" \/>\n<meta name=\"twitter:label1\" content=\"Gesch\u00e4tzte Lesezeit\" \/>\n\t<meta name=\"twitter:data1\" content=\"3\u00a0Minuten\" \/>\n<script type=\"application\/ld+json\" class=\"yoast-schema-graph\">{\"@context\":\"https:\\\/\\\/schema.org\",\"@graph\":[{\"@type\":\"WebPage\",\"@id\":\"https:\\\/\\\/purehivehoney.com\\\/de\\\/product\\\/set-of-2-honey-spoons-made-of-olive-wood-15-cm-long-honey-spiral-dispenser-of-honey-and-syrup-drip-and-spill-free-wooden-spoon-practical-helper-for-honey-lovers\\\/\",\"url\":\"https:\\\/\\\/purehivehoney.com\\\/de\\\/product\\\/set-of-2-honey-spoons-made-of-olive-wood-15-cm-long-honey-spiral-dispenser-of-honey-and-syrup-drip-and-spill-free-wooden-spoon-practical-helper-for-honey-lovers\\\/\",\"name\":\"Set of 2 honey spoons made of olive wood, 15 cm long, honey spiral, dispenser of honey and syrup, drip and spill-free wooden spoon, practical helper for honey lovers - PureHiveHoney\",\"isPartOf\":{\"@id\":\"https:\\\/\\\/purehivehoney.com\\\/de\\\/#website\"},\"primaryImageOfPage\":{\"@id\":\"https:\\\/\\\/purehivehoney.com\\\/de\\\/product\\\/set-of-2-honey-spoons-made-of-olive-wood-15-cm-long-honey-spiral-dispenser-of-honey-and-syrup-drip-and-spill-free-wooden-spoon-practical-helper-for-honey-lovers\\\/#primaryimage\"},\"image\":{\"@id\":\"https:\\\/\\\/purehivehoney.com\\\/de\\\/product\\\/set-of-2-honey-spoons-made-of-olive-wood-15-cm-long-honey-spiral-dispenser-of-honey-and-syrup-drip-and-spill-free-wooden-spoon-practical-helper-for-honey-lovers\\\/#primaryimage\"},\"thumbnailUrl\":\"https:\\\/\\\/purehivehoney.com\\\/de\\\/wp-content\\\/uploads\\\/2026\\\/03\\\/41JNz7pmMOL._AC_.jpg\",\"datePublished\":\"2026-03-15T23:31:37+00:00\",\"dateModified\":\"2026-03-15T23:36:12+00:00\",\"description\":\"Entdecken Sie hochwertigen Rohhonig, Bio Honig, Manuka Honig und nat\u00fcrliche Bienenprodukte. PureHiveHoney hilft Ihnen dabei, sorgf\u00e4ltig ausgew\u00e4hlte Honigsorten mit nat\u00fcrlicher Qualit\u00e4t und Reinheit zu entdecken.\",\"breadcrumb\":{\"@id\":\"https:\\\/\\\/purehivehoney.com\\\/de\\\/product\\\/set-of-2-honey-spoons-made-of-olive-wood-15-cm-long-honey-spiral-dispenser-of-honey-and-syrup-drip-and-spill-free-wooden-spoon-practical-helper-for-honey-lovers\\\/#breadcrumb\"},\"inLanguage\":\"de\",\"potentialAction\":[{\"@type\":\"ReadAction\",\"target\":[\"https:\\\/\\\/purehivehoney.com\\\/de\\\/product\\\/set-of-2-honey-spoons-made-of-olive-wood-15-cm-long-honey-spiral-dispenser-of-honey-and-syrup-drip-and-spill-free-wooden-spoon-practical-helper-for-honey-lovers\\\/\"]}]},{\"@type\":\"ImageObject\",\"inLanguage\":\"de\",\"@id\":\"https:\\\/\\\/purehivehoney.com\\\/de\\\/product\\\/set-of-2-honey-spoons-made-of-olive-wood-15-cm-long-honey-spiral-dispenser-of-honey-and-syrup-drip-and-spill-free-wooden-spoon-practical-helper-for-honey-lovers\\\/#primaryimage\",\"url\":\"https:\\\/\\\/purehivehoney.com\\\/de\\\/wp-content\\\/uploads\\\/2026\\\/03\\\/41JNz7pmMOL._AC_.jpg\",\"contentUrl\":\"https:\\\/\\\/purehivehoney.com\\\/de\\\/wp-content\\\/uploads\\\/2026\\\/03\\\/41JNz7pmMOL._AC_.jpg\",\"width\":399,\"height\":506},{\"@type\":\"BreadcrumbList\",\"@id\":\"https:\\\/\\\/purehivehoney.com\\\/de\\\/product\\\/set-of-2-honey-spoons-made-of-olive-wood-15-cm-long-honey-spiral-dispenser-of-honey-and-syrup-drip-and-spill-free-wooden-spoon-practical-helper-for-honey-lovers\\\/#breadcrumb\",\"itemListElement\":[{\"@type\":\"ListItem\",\"position\":1,\"name\":\"Home\",\"item\":\"https:\\\/\\\/purehivehoney.com\\\/de\\\/\"},{\"@type\":\"ListItem\",\"position\":2,\"name\":\"Shop\",\"item\":\"https:\\\/\\\/purehivehoney.com\\\/de\\\/shop\\\/\"},{\"@type\":\"ListItem\",\"position\":3,\"name\":\"Set of 2 honey spoons made of olive...\"}]},{\"@type\":\"WebSite\",\"@id\":\"https:\\\/\\\/purehivehoney.com\\\/de\\\/#website\",\"url\":\"https:\\\/\\\/purehivehoney.com\\\/de\\\/\",\"name\":\"PureHiveHoney\",\"description\":\"Reiner Honig &amp; Bienenprodukte Online | Rohhonig, Bio Honig &amp; Spezialhonig\",\"publisher\":{\"@id\":\"https:\\\/\\\/purehivehoney.com\\\/de\\\/#organization\"},\"potentialAction\":[{\"@type\":\"SearchAction\",\"target\":{\"@type\":\"EntryPoint\",\"urlTemplate\":\"https:\\\/\\\/purehivehoney.com\\\/de\\\/?s={search_term_string}\"},\"query-input\":{\"@type\":\"PropertyValueSpecification\",\"valueRequired\":true,\"valueName\":\"search_term_string\"}}],\"inLanguage\":\"de\"},{\"@type\":\"Organization\",\"@id\":\"https:\\\/\\\/purehivehoney.com\\\/de\\\/#organization\",\"name\":\"PureHiveHoney\",\"url\":\"https:\\\/\\\/purehivehoney.com\\\/de\\\/\",\"logo\":{\"@type\":\"ImageObject\",\"inLanguage\":\"de\",\"@id\":\"https:\\\/\\\/purehivehoney.com\\\/de\\\/#\\\/schema\\\/logo\\\/image\\\/\",\"url\":\"https:\\\/\\\/purehivehoney.com\\\/de\\\/wp-content\\\/uploads\\\/2026\\\/03\\\/Screenshot-2026-03-16-at-1.06.01-AM.png\",\"contentUrl\":\"https:\\\/\\\/purehivehoney.com\\\/de\\\/wp-content\\\/uploads\\\/2026\\\/03\\\/Screenshot-2026-03-16-at-1.06.01-AM.png\",\"width\":2112,\"height\":1086,\"caption\":\"PureHiveHoney\"},\"image\":{\"@id\":\"https:\\\/\\\/purehivehoney.com\\\/de\\\/#\\\/schema\\\/logo\\\/image\\\/\"}}]}<\/script>\n<!-- \/ Yoast SEO plugin. -->","yoast_head_json":{"title":"Set of 2 honey spoons made of olive wood, 15 cm long, honey spiral, dispenser of honey and syrup, drip and spill-free wooden spoon, practical helper for honey lovers - PureHiveHoney","description":"Entdecken Sie hochwertigen Rohhonig, Bio Honig, Manuka Honig und nat\u00fcrliche Bienenprodukte. PureHiveHoney hilft Ihnen dabei, sorgf\u00e4ltig ausgew\u00e4hlte Honigsorten mit nat\u00fcrlicher Qualit\u00e4t und Reinheit zu entdecken.","robots":{"index":"index","follow":"follow","max-snippet":"max-snippet:-1","max-image-preview":"max-image-preview:large","max-video-preview":"max-video-preview:-1"},"canonical":"https:\/\/purehivehoney.com\/de\/product\/set-of-2-honey-spoons-made-of-olive-wood-15-cm-long-honey-spiral-dispenser-of-honey-and-syrup-drip-and-spill-free-wooden-spoon-practical-helper-for-honey-lovers\/","og_locale":"de_DE","og_type":"article","og_title":"Set of 2 honey spoons made of olive wood, 15 cm long, honey spiral, dispenser of honey and syrup, drip and spill-free wooden spoon, practical helper for honey lovers - PureHiveHoney","og_description":"Entdecken Sie hochwertigen Rohhonig, Bio Honig, Manuka Honig und nat\u00fcrliche Bienenprodukte. PureHiveHoney hilft Ihnen dabei, sorgf\u00e4ltig ausgew\u00e4hlte Honigsorten mit nat\u00fcrlicher Qualit\u00e4t und Reinheit zu entdecken.","og_url":"https:\/\/purehivehoney.com\/de\/product\/set-of-2-honey-spoons-made-of-olive-wood-15-cm-long-honey-spiral-dispenser-of-honey-and-syrup-drip-and-spill-free-wooden-spoon-practical-helper-for-honey-lovers\/","og_site_name":"PureHiveHoney","article_modified_time":"2026-03-15T23:36:12+00:00","twitter_card":"summary_large_image","twitter_misc":{"Gesch\u00e4tzte Lesezeit":"3\u00a0Minuten"},"schema":{"@context":"https:\/\/schema.org","@graph":[{"@type":"WebPage","@id":"https:\/\/purehivehoney.com\/de\/product\/set-of-2-honey-spoons-made-of-olive-wood-15-cm-long-honey-spiral-dispenser-of-honey-and-syrup-drip-and-spill-free-wooden-spoon-practical-helper-for-honey-lovers\/","url":"https:\/\/purehivehoney.com\/de\/product\/set-of-2-honey-spoons-made-of-olive-wood-15-cm-long-honey-spiral-dispenser-of-honey-and-syrup-drip-and-spill-free-wooden-spoon-practical-helper-for-honey-lovers\/","name":"Set of 2 honey spoons made of olive wood, 15 cm long, honey spiral, dispenser of honey and syrup, drip and spill-free wooden spoon, practical helper for honey lovers - PureHiveHoney","isPartOf":{"@id":"https:\/\/purehivehoney.com\/de\/#website"},"primaryImageOfPage":{"@id":"https:\/\/purehivehoney.com\/de\/product\/set-of-2-honey-spoons-made-of-olive-wood-15-cm-long-honey-spiral-dispenser-of-honey-and-syrup-drip-and-spill-free-wooden-spoon-practical-helper-for-honey-lovers\/#primaryimage"},"image":{"@id":"https:\/\/purehivehoney.com\/de\/product\/set-of-2-honey-spoons-made-of-olive-wood-15-cm-long-honey-spiral-dispenser-of-honey-and-syrup-drip-and-spill-free-wooden-spoon-practical-helper-for-honey-lovers\/#primaryimage"},"thumbnailUrl":"https:\/\/purehivehoney.com\/de\/wp-content\/uploads\/2026\/03\/41JNz7pmMOL._AC_.jpg","datePublished":"2026-03-15T23:31:37+00:00","dateModified":"2026-03-15T23:36:12+00:00","description":"Entdecken Sie hochwertigen Rohhonig, Bio Honig, Manuka Honig und nat\u00fcrliche Bienenprodukte. PureHiveHoney hilft Ihnen dabei, sorgf\u00e4ltig ausgew\u00e4hlte Honigsorten mit nat\u00fcrlicher Qualit\u00e4t und Reinheit zu entdecken.","breadcrumb":{"@id":"https:\/\/purehivehoney.com\/de\/product\/set-of-2-honey-spoons-made-of-olive-wood-15-cm-long-honey-spiral-dispenser-of-honey-and-syrup-drip-and-spill-free-wooden-spoon-practical-helper-for-honey-lovers\/#breadcrumb"},"inLanguage":"de","potentialAction":[{"@type":"ReadAction","target":["https:\/\/purehivehoney.com\/de\/product\/set-of-2-honey-spoons-made-of-olive-wood-15-cm-long-honey-spiral-dispenser-of-honey-and-syrup-drip-and-spill-free-wooden-spoon-practical-helper-for-honey-lovers\/"]}]},{"@type":"ImageObject","inLanguage":"de","@id":"https:\/\/purehivehoney.com\/de\/product\/set-of-2-honey-spoons-made-of-olive-wood-15-cm-long-honey-spiral-dispenser-of-honey-and-syrup-drip-and-spill-free-wooden-spoon-practical-helper-for-honey-lovers\/#primaryimage","url":"https:\/\/purehivehoney.com\/de\/wp-content\/uploads\/2026\/03\/41JNz7pmMOL._AC_.jpg","contentUrl":"https:\/\/purehivehoney.com\/de\/wp-content\/uploads\/2026\/03\/41JNz7pmMOL._AC_.jpg","width":399,"height":506},{"@type":"BreadcrumbList","@id":"https:\/\/purehivehoney.com\/de\/product\/set-of-2-honey-spoons-made-of-olive-wood-15-cm-long-honey-spiral-dispenser-of-honey-and-syrup-drip-and-spill-free-wooden-spoon-practical-helper-for-honey-lovers\/#breadcrumb","itemListElement":[{"@type":"ListItem","position":1,"name":"Home","item":"https:\/\/purehivehoney.com\/de\/"},{"@type":"ListItem","position":2,"name":"Shop","item":"https:\/\/purehivehoney.com\/de\/shop\/"},{"@type":"ListItem","position":3,"name":"Set of 2 honey spoons made of olive..."}]},{"@type":"WebSite","@id":"https:\/\/purehivehoney.com\/de\/#website","url":"https:\/\/purehivehoney.com\/de\/","name":"PureHiveHoney","description":"Reiner Honig &amp; Bienenprodukte Online | Rohhonig, Bio Honig &amp; Spezialhonig","publisher":{"@id":"https:\/\/purehivehoney.com\/de\/#organization"},"potentialAction":[{"@type":"SearchAction","target":{"@type":"EntryPoint","urlTemplate":"https:\/\/purehivehoney.com\/de\/?s={search_term_string}"},"query-input":{"@type":"PropertyValueSpecification","valueRequired":true,"valueName":"search_term_string"}}],"inLanguage":"de"},{"@type":"Organization","@id":"https:\/\/purehivehoney.com\/de\/#organization","name":"PureHiveHoney","url":"https:\/\/purehivehoney.com\/de\/","logo":{"@type":"ImageObject","inLanguage":"de","@id":"https:\/\/purehivehoney.com\/de\/#\/schema\/logo\/image\/","url":"https:\/\/purehivehoney.com\/de\/wp-content\/uploads\/2026\/03\/Screenshot-2026-03-16-at-1.06.01-AM.png","contentUrl":"https:\/\/purehivehoney.com\/de\/wp-content\/uploads\/2026\/03\/Screenshot-2026-03-16-at-1.06.01-AM.png","width":2112,"height":1086,"caption":"PureHiveHoney"},"image":{"@id":"https:\/\/purehivehoney.com\/de\/#\/schema\/logo\/image\/"}}]}},"_links":{"self":[{"href":"https:\/\/purehivehoney.com\/de\/wp-json\/wp\/v2\/product\/471","targetHints":{"allow":["GET"]}}],"collection":[{"href":"https:\/\/purehivehoney.com\/de\/wp-json\/wp\/v2\/product"}],"about":[{"href":"https:\/\/purehivehoney.com\/de\/wp-json\/wp\/v2\/types\/product"}],"replies":[{"embeddable":true,"href":"https:\/\/purehivehoney.com\/de\/wp-json\/wp\/v2\/comments?post=471"}],"wp:featuredmedia":[{"embeddable":true,"href":"https:\/\/purehivehoney.com\/de\/wp-json\/wp\/v2\/media\/472"}],"wp:attachment":[{"href":"https:\/\/purehivehoney.com\/de\/wp-json\/wp\/v2\/media?parent=471"}],"wp:term":[{"taxonomy":"store","embeddable":true,"href":"https:\/\/purehivehoney.com\/de\/wp-json\/wp\/v2\/store?post=471"},{"taxonomy":"product_brand","embeddable":true,"href":"https:\/\/purehivehoney.com\/de\/wp-json\/wp\/v2\/product_brand?post=471"},{"taxonomy":"product_cat","embeddable":true,"href":"https:\/\/purehivehoney.com\/de\/wp-json\/wp\/v2\/product_cat?post=471"},{"taxonomy":"product_tag","embeddable":true,"href":"https:\/\/purehivehoney.com\/de\/wp-json\/wp\/v2\/product_tag?post=471"}],"curies":[{"name":"wp","href":"https:\/\/api.w.org\/{rel}","templated":true}]}}