{"id":462,"date":"2026-03-15T23:30:58","date_gmt":"2026-03-15T23:30:58","guid":{"rendered":"https:\/\/purehivehoney.com\/de\/product\/stainless-steel-shaft-glass-honey-dispenser-chrome-plated-abs-lid-no-drip-glass-with-stand-226-8g-honey-jar-honeycomb-design-honey-container-honey-pot-for-honey-maple-syrup\/"},"modified":"2026-03-15T23:36:12","modified_gmt":"2026-03-15T23:36:12","slug":"stainless-steel-shaft-glass-honey-dispenser-chrome-plated-abs-lid-no-drip-glass-with-stand-226-8g-honey-jar-honeycomb-design-honey-container-honey-pot-for-honey-maple-syrup","status":"publish","type":"product","link":"https:\/\/purehivehoney.com\/de\/product\/stainless-steel-shaft-glass-honey-dispenser-chrome-plated-abs-lid-no-drip-glass-with-stand-226-8g-honey-jar-honeycomb-design-honey-container-honey-pot-for-honey-maple-syrup\/","title":{"rendered":"Stainless Steel Shaft, Glass Honey ..."},"content":{"rendered":"<p>    <span>DRIP FREE GLASS DISPENSER &#8211; Stops messy honey leaks while your honey is immediately available. Use these honey containers with sugar, maple syrup or chocolate syrup. No waiting and shaking the honey container to keep your favorite sauce flowing. Simply press the trigger on the handle and it flows out of the ground immediately. Release the release and it stops immediately without drips or messy marks.<\/span>    <br \/>SAFE AND DURABLE STAINLESS STEEL SHAFT &#8211; Built for clean food contact: the internal shaft is made of high quality stainless steel &#8211; a non-coated, rust-resistant material familiar for direct contact with food. NO PEELS, NO CHEMICAL COATINGS &#8211; Just safe, clean honey from your favorite honey jar or pot.<br \/>SLIM CHROME PLATED SILVER PLATE &#8211; A TOUCH OF MODERN ELEGANCE The chrome plated ABS top gives a refined, metallic finish that enhances the elegant look of the honey holder. Its silver tone brings a clean, modern aesthetic to any kitchen, coffee shop or breakfast.<br \/>Effortless &#038; Clean Drizzle &#8211; Dripless Honey Dispenser for Smooth Pouring &#8211; Say goodbye to sticky messes &#8211; simply press the handle for a smooth, controlled drizzle. This drip-free honey dispenser is perfect for tea, coffee, pancakes and desserts.<br \/>VERSATILE AND CONVENIENT STORAGE &#8211; More than just a honey container: more than just a honey container &#8211; this elegant syrup dispenser is ideal for honey, syrup, sugar or other liquid sweeteners. The airtight seal keeps contents fresh and easy to pour.<br \/>GIFT READY FOR ANY OCCASION &#8211; A STYLISH HONEY JAR FOR GIFTING &#8211; Beautifully packaged and ready to impress &#8211; this modern glass honey jar makes a thoughtful gift for weddings, housewarmings, holidays and honey lovers.<\/p>\n\n","protected":false},"excerpt":{"rendered":"<p>DRIP FREE GLASS DISPENSER &#8211; Stops messy honey leaks while your honey is immediately available. Use these honey containers with sugar, maple syrup or chocolate syrup. No waiting and shaking the honey container to keep your favorite sauce flowing. Simply press the trigger on the handle and it flows out of the ground immediately. Release [&hellip;]<\/p>\n","protected":false},"featured_media":463,"comment_status":"open","ping_status":"closed","template":"","meta":{"_aipt_faq_data":""},"store":[],"product_brand":[163],"product_cat":[74],"product_tag":[162],"class_list":{"0":"post-462","1":"product","2":"type-product","3":"status-publish","4":"has-post-thumbnail","6":"product_brand-paulsway","7":"product_cat-honigglaser","8":"product_tag-honigglaeser-aus-glas","10":"first","11":"instock","12":"sale","13":"shipping-taxable","14":"product-type-external"},"yoast_head":"<!-- This site is optimized with the Yoast SEO plugin v27.4 - https:\/\/yoast.com\/product\/yoast-seo-wordpress\/ -->\n<title>Stainless Steel Shaft, Glass Honey Dispenser, Chrome Plated ABS Lid - No Drip Glass with Stand - 226.8g Honey Jar - Honeycomb Design Honey Container - Honey Pot for Honey, Maple Syrup - PureHiveHoney<\/title>\n<meta name=\"description\" content=\"Entdecken Sie hochwertigen Rohhonig, Bio Honig, Manuka Honig und nat\u00fcrliche Bienenprodukte. PureHiveHoney hilft Ihnen dabei, sorgf\u00e4ltig ausgew\u00e4hlte Honigsorten mit nat\u00fcrlicher Qualit\u00e4t und Reinheit zu entdecken.\" \/>\n<meta name=\"robots\" content=\"index, follow, max-snippet:-1, max-image-preview:large, max-video-preview:-1\" \/>\n<link rel=\"canonical\" href=\"https:\/\/purehivehoney.com\/de\/product\/stainless-steel-shaft-glass-honey-dispenser-chrome-plated-abs-lid-no-drip-glass-with-stand-226-8g-honey-jar-honeycomb-design-honey-container-honey-pot-for-honey-maple-syrup\/\" \/>\n<meta property=\"og:locale\" content=\"de_DE\" \/>\n<meta property=\"og:type\" content=\"article\" \/>\n<meta property=\"og:title\" content=\"Stainless Steel Shaft, Glass Honey Dispenser, Chrome Plated ABS Lid - No Drip Glass with Stand - 226.8g Honey Jar - Honeycomb Design Honey Container - Honey Pot for Honey, Maple Syrup - PureHiveHoney\" \/>\n<meta property=\"og:description\" content=\"Entdecken Sie hochwertigen Rohhonig, Bio Honig, Manuka Honig und nat\u00fcrliche Bienenprodukte. PureHiveHoney hilft Ihnen dabei, sorgf\u00e4ltig ausgew\u00e4hlte Honigsorten mit nat\u00fcrlicher Qualit\u00e4t und Reinheit zu entdecken.\" \/>\n<meta property=\"og:url\" content=\"https:\/\/purehivehoney.com\/de\/product\/stainless-steel-shaft-glass-honey-dispenser-chrome-plated-abs-lid-no-drip-glass-with-stand-226-8g-honey-jar-honeycomb-design-honey-container-honey-pot-for-honey-maple-syrup\/\" \/>\n<meta property=\"og:site_name\" content=\"PureHiveHoney\" \/>\n<meta property=\"article:modified_time\" content=\"2026-03-15T23:36:12+00:00\" \/>\n<meta name=\"twitter:card\" content=\"summary_large_image\" \/>\n<meta name=\"twitter:label1\" content=\"Gesch\u00e4tzte Lesezeit\" \/>\n\t<meta name=\"twitter:data1\" content=\"1\u00a0Minute\" \/>\n<script type=\"application\/ld+json\" class=\"yoast-schema-graph\">{\"@context\":\"https:\\\/\\\/schema.org\",\"@graph\":[{\"@type\":\"WebPage\",\"@id\":\"https:\\\/\\\/purehivehoney.com\\\/de\\\/product\\\/stainless-steel-shaft-glass-honey-dispenser-chrome-plated-abs-lid-no-drip-glass-with-stand-226-8g-honey-jar-honeycomb-design-honey-container-honey-pot-for-honey-maple-syrup\\\/\",\"url\":\"https:\\\/\\\/purehivehoney.com\\\/de\\\/product\\\/stainless-steel-shaft-glass-honey-dispenser-chrome-plated-abs-lid-no-drip-glass-with-stand-226-8g-honey-jar-honeycomb-design-honey-container-honey-pot-for-honey-maple-syrup\\\/\",\"name\":\"Stainless Steel Shaft, Glass Honey Dispenser, Chrome Plated ABS Lid - No Drip Glass with Stand - 226.8g Honey Jar - Honeycomb Design Honey Container - Honey Pot for Honey, Maple Syrup - PureHiveHoney\",\"isPartOf\":{\"@id\":\"https:\\\/\\\/purehivehoney.com\\\/de\\\/#website\"},\"primaryImageOfPage\":{\"@id\":\"https:\\\/\\\/purehivehoney.com\\\/de\\\/product\\\/stainless-steel-shaft-glass-honey-dispenser-chrome-plated-abs-lid-no-drip-glass-with-stand-226-8g-honey-jar-honeycomb-design-honey-container-honey-pot-for-honey-maple-syrup\\\/#primaryimage\"},\"image\":{\"@id\":\"https:\\\/\\\/purehivehoney.com\\\/de\\\/product\\\/stainless-steel-shaft-glass-honey-dispenser-chrome-plated-abs-lid-no-drip-glass-with-stand-226-8g-honey-jar-honeycomb-design-honey-container-honey-pot-for-honey-maple-syrup\\\/#primaryimage\"},\"thumbnailUrl\":\"https:\\\/\\\/purehivehoney.com\\\/de\\\/wp-content\\\/uploads\\\/2026\\\/03\\\/81M1EkXCWL._AC_SL1500_.jpg\",\"datePublished\":\"2026-03-15T23:30:58+00:00\",\"dateModified\":\"2026-03-15T23:36:12+00:00\",\"description\":\"Entdecken Sie hochwertigen Rohhonig, Bio Honig, Manuka Honig und nat\u00fcrliche Bienenprodukte. PureHiveHoney hilft Ihnen dabei, sorgf\u00e4ltig ausgew\u00e4hlte Honigsorten mit nat\u00fcrlicher Qualit\u00e4t und Reinheit zu entdecken.\",\"breadcrumb\":{\"@id\":\"https:\\\/\\\/purehivehoney.com\\\/de\\\/product\\\/stainless-steel-shaft-glass-honey-dispenser-chrome-plated-abs-lid-no-drip-glass-with-stand-226-8g-honey-jar-honeycomb-design-honey-container-honey-pot-for-honey-maple-syrup\\\/#breadcrumb\"},\"inLanguage\":\"de\",\"potentialAction\":[{\"@type\":\"ReadAction\",\"target\":[\"https:\\\/\\\/purehivehoney.com\\\/de\\\/product\\\/stainless-steel-shaft-glass-honey-dispenser-chrome-plated-abs-lid-no-drip-glass-with-stand-226-8g-honey-jar-honeycomb-design-honey-container-honey-pot-for-honey-maple-syrup\\\/\"]}]},{\"@type\":\"ImageObject\",\"inLanguage\":\"de\",\"@id\":\"https:\\\/\\\/purehivehoney.com\\\/de\\\/product\\\/stainless-steel-shaft-glass-honey-dispenser-chrome-plated-abs-lid-no-drip-glass-with-stand-226-8g-honey-jar-honeycomb-design-honey-container-honey-pot-for-honey-maple-syrup\\\/#primaryimage\",\"url\":\"https:\\\/\\\/purehivehoney.com\\\/de\\\/wp-content\\\/uploads\\\/2026\\\/03\\\/81M1EkXCWL._AC_SL1500_.jpg\",\"contentUrl\":\"https:\\\/\\\/purehivehoney.com\\\/de\\\/wp-content\\\/uploads\\\/2026\\\/03\\\/81M1EkXCWL._AC_SL1500_.jpg\",\"width\":993,\"height\":1500},{\"@type\":\"BreadcrumbList\",\"@id\":\"https:\\\/\\\/purehivehoney.com\\\/de\\\/product\\\/stainless-steel-shaft-glass-honey-dispenser-chrome-plated-abs-lid-no-drip-glass-with-stand-226-8g-honey-jar-honeycomb-design-honey-container-honey-pot-for-honey-maple-syrup\\\/#breadcrumb\",\"itemListElement\":[{\"@type\":\"ListItem\",\"position\":1,\"name\":\"Home\",\"item\":\"https:\\\/\\\/purehivehoney.com\\\/de\\\/\"},{\"@type\":\"ListItem\",\"position\":2,\"name\":\"Shop\",\"item\":\"https:\\\/\\\/purehivehoney.com\\\/de\\\/shop\\\/\"},{\"@type\":\"ListItem\",\"position\":3,\"name\":\"Stainless Steel Shaft, Glass Honey ...\"}]},{\"@type\":\"WebSite\",\"@id\":\"https:\\\/\\\/purehivehoney.com\\\/de\\\/#website\",\"url\":\"https:\\\/\\\/purehivehoney.com\\\/de\\\/\",\"name\":\"PureHiveHoney\",\"description\":\"Reiner Honig &amp; Bienenprodukte Online | Rohhonig, Bio Honig &amp; Spezialhonig\",\"publisher\":{\"@id\":\"https:\\\/\\\/purehivehoney.com\\\/de\\\/#organization\"},\"potentialAction\":[{\"@type\":\"SearchAction\",\"target\":{\"@type\":\"EntryPoint\",\"urlTemplate\":\"https:\\\/\\\/purehivehoney.com\\\/de\\\/?s={search_term_string}\"},\"query-input\":{\"@type\":\"PropertyValueSpecification\",\"valueRequired\":true,\"valueName\":\"search_term_string\"}}],\"inLanguage\":\"de\"},{\"@type\":\"Organization\",\"@id\":\"https:\\\/\\\/purehivehoney.com\\\/de\\\/#organization\",\"name\":\"PureHiveHoney\",\"url\":\"https:\\\/\\\/purehivehoney.com\\\/de\\\/\",\"logo\":{\"@type\":\"ImageObject\",\"inLanguage\":\"de\",\"@id\":\"https:\\\/\\\/purehivehoney.com\\\/de\\\/#\\\/schema\\\/logo\\\/image\\\/\",\"url\":\"https:\\\/\\\/purehivehoney.com\\\/de\\\/wp-content\\\/uploads\\\/2026\\\/03\\\/Screenshot-2026-03-16-at-1.06.01-AM.png\",\"contentUrl\":\"https:\\\/\\\/purehivehoney.com\\\/de\\\/wp-content\\\/uploads\\\/2026\\\/03\\\/Screenshot-2026-03-16-at-1.06.01-AM.png\",\"width\":2112,\"height\":1086,\"caption\":\"PureHiveHoney\"},\"image\":{\"@id\":\"https:\\\/\\\/purehivehoney.com\\\/de\\\/#\\\/schema\\\/logo\\\/image\\\/\"}}]}<\/script>\n<!-- \/ Yoast SEO plugin. -->","yoast_head_json":{"title":"Stainless Steel Shaft, Glass Honey Dispenser, Chrome Plated ABS Lid - No Drip Glass with Stand - 226.8g Honey Jar - Honeycomb Design Honey Container - Honey Pot for Honey, Maple Syrup - PureHiveHoney","description":"Entdecken Sie hochwertigen Rohhonig, Bio Honig, Manuka Honig und nat\u00fcrliche Bienenprodukte. PureHiveHoney hilft Ihnen dabei, sorgf\u00e4ltig ausgew\u00e4hlte Honigsorten mit nat\u00fcrlicher Qualit\u00e4t und Reinheit zu entdecken.","robots":{"index":"index","follow":"follow","max-snippet":"max-snippet:-1","max-image-preview":"max-image-preview:large","max-video-preview":"max-video-preview:-1"},"canonical":"https:\/\/purehivehoney.com\/de\/product\/stainless-steel-shaft-glass-honey-dispenser-chrome-plated-abs-lid-no-drip-glass-with-stand-226-8g-honey-jar-honeycomb-design-honey-container-honey-pot-for-honey-maple-syrup\/","og_locale":"de_DE","og_type":"article","og_title":"Stainless Steel Shaft, Glass Honey Dispenser, Chrome Plated ABS Lid - No Drip Glass with Stand - 226.8g Honey Jar - Honeycomb Design Honey Container - Honey Pot for Honey, Maple Syrup - PureHiveHoney","og_description":"Entdecken Sie hochwertigen Rohhonig, Bio Honig, Manuka Honig und nat\u00fcrliche Bienenprodukte. PureHiveHoney hilft Ihnen dabei, sorgf\u00e4ltig ausgew\u00e4hlte Honigsorten mit nat\u00fcrlicher Qualit\u00e4t und Reinheit zu entdecken.","og_url":"https:\/\/purehivehoney.com\/de\/product\/stainless-steel-shaft-glass-honey-dispenser-chrome-plated-abs-lid-no-drip-glass-with-stand-226-8g-honey-jar-honeycomb-design-honey-container-honey-pot-for-honey-maple-syrup\/","og_site_name":"PureHiveHoney","article_modified_time":"2026-03-15T23:36:12+00:00","twitter_card":"summary_large_image","twitter_misc":{"Gesch\u00e4tzte Lesezeit":"1\u00a0Minute"},"schema":{"@context":"https:\/\/schema.org","@graph":[{"@type":"WebPage","@id":"https:\/\/purehivehoney.com\/de\/product\/stainless-steel-shaft-glass-honey-dispenser-chrome-plated-abs-lid-no-drip-glass-with-stand-226-8g-honey-jar-honeycomb-design-honey-container-honey-pot-for-honey-maple-syrup\/","url":"https:\/\/purehivehoney.com\/de\/product\/stainless-steel-shaft-glass-honey-dispenser-chrome-plated-abs-lid-no-drip-glass-with-stand-226-8g-honey-jar-honeycomb-design-honey-container-honey-pot-for-honey-maple-syrup\/","name":"Stainless Steel Shaft, Glass Honey Dispenser, Chrome Plated ABS Lid - No Drip Glass with Stand - 226.8g Honey Jar - Honeycomb Design Honey Container - Honey Pot for Honey, Maple Syrup - PureHiveHoney","isPartOf":{"@id":"https:\/\/purehivehoney.com\/de\/#website"},"primaryImageOfPage":{"@id":"https:\/\/purehivehoney.com\/de\/product\/stainless-steel-shaft-glass-honey-dispenser-chrome-plated-abs-lid-no-drip-glass-with-stand-226-8g-honey-jar-honeycomb-design-honey-container-honey-pot-for-honey-maple-syrup\/#primaryimage"},"image":{"@id":"https:\/\/purehivehoney.com\/de\/product\/stainless-steel-shaft-glass-honey-dispenser-chrome-plated-abs-lid-no-drip-glass-with-stand-226-8g-honey-jar-honeycomb-design-honey-container-honey-pot-for-honey-maple-syrup\/#primaryimage"},"thumbnailUrl":"https:\/\/purehivehoney.com\/de\/wp-content\/uploads\/2026\/03\/81M1EkXCWL._AC_SL1500_.jpg","datePublished":"2026-03-15T23:30:58+00:00","dateModified":"2026-03-15T23:36:12+00:00","description":"Entdecken Sie hochwertigen Rohhonig, Bio Honig, Manuka Honig und nat\u00fcrliche Bienenprodukte. PureHiveHoney hilft Ihnen dabei, sorgf\u00e4ltig ausgew\u00e4hlte Honigsorten mit nat\u00fcrlicher Qualit\u00e4t und Reinheit zu entdecken.","breadcrumb":{"@id":"https:\/\/purehivehoney.com\/de\/product\/stainless-steel-shaft-glass-honey-dispenser-chrome-plated-abs-lid-no-drip-glass-with-stand-226-8g-honey-jar-honeycomb-design-honey-container-honey-pot-for-honey-maple-syrup\/#breadcrumb"},"inLanguage":"de","potentialAction":[{"@type":"ReadAction","target":["https:\/\/purehivehoney.com\/de\/product\/stainless-steel-shaft-glass-honey-dispenser-chrome-plated-abs-lid-no-drip-glass-with-stand-226-8g-honey-jar-honeycomb-design-honey-container-honey-pot-for-honey-maple-syrup\/"]}]},{"@type":"ImageObject","inLanguage":"de","@id":"https:\/\/purehivehoney.com\/de\/product\/stainless-steel-shaft-glass-honey-dispenser-chrome-plated-abs-lid-no-drip-glass-with-stand-226-8g-honey-jar-honeycomb-design-honey-container-honey-pot-for-honey-maple-syrup\/#primaryimage","url":"https:\/\/purehivehoney.com\/de\/wp-content\/uploads\/2026\/03\/81M1EkXCWL._AC_SL1500_.jpg","contentUrl":"https:\/\/purehivehoney.com\/de\/wp-content\/uploads\/2026\/03\/81M1EkXCWL._AC_SL1500_.jpg","width":993,"height":1500},{"@type":"BreadcrumbList","@id":"https:\/\/purehivehoney.com\/de\/product\/stainless-steel-shaft-glass-honey-dispenser-chrome-plated-abs-lid-no-drip-glass-with-stand-226-8g-honey-jar-honeycomb-design-honey-container-honey-pot-for-honey-maple-syrup\/#breadcrumb","itemListElement":[{"@type":"ListItem","position":1,"name":"Home","item":"https:\/\/purehivehoney.com\/de\/"},{"@type":"ListItem","position":2,"name":"Shop","item":"https:\/\/purehivehoney.com\/de\/shop\/"},{"@type":"ListItem","position":3,"name":"Stainless Steel Shaft, Glass Honey ..."}]},{"@type":"WebSite","@id":"https:\/\/purehivehoney.com\/de\/#website","url":"https:\/\/purehivehoney.com\/de\/","name":"PureHiveHoney","description":"Reiner Honig &amp; Bienenprodukte Online | Rohhonig, Bio Honig &amp; Spezialhonig","publisher":{"@id":"https:\/\/purehivehoney.com\/de\/#organization"},"potentialAction":[{"@type":"SearchAction","target":{"@type":"EntryPoint","urlTemplate":"https:\/\/purehivehoney.com\/de\/?s={search_term_string}"},"query-input":{"@type":"PropertyValueSpecification","valueRequired":true,"valueName":"search_term_string"}}],"inLanguage":"de"},{"@type":"Organization","@id":"https:\/\/purehivehoney.com\/de\/#organization","name":"PureHiveHoney","url":"https:\/\/purehivehoney.com\/de\/","logo":{"@type":"ImageObject","inLanguage":"de","@id":"https:\/\/purehivehoney.com\/de\/#\/schema\/logo\/image\/","url":"https:\/\/purehivehoney.com\/de\/wp-content\/uploads\/2026\/03\/Screenshot-2026-03-16-at-1.06.01-AM.png","contentUrl":"https:\/\/purehivehoney.com\/de\/wp-content\/uploads\/2026\/03\/Screenshot-2026-03-16-at-1.06.01-AM.png","width":2112,"height":1086,"caption":"PureHiveHoney"},"image":{"@id":"https:\/\/purehivehoney.com\/de\/#\/schema\/logo\/image\/"}}]}},"_links":{"self":[{"href":"https:\/\/purehivehoney.com\/de\/wp-json\/wp\/v2\/product\/462","targetHints":{"allow":["GET"]}}],"collection":[{"href":"https:\/\/purehivehoney.com\/de\/wp-json\/wp\/v2\/product"}],"about":[{"href":"https:\/\/purehivehoney.com\/de\/wp-json\/wp\/v2\/types\/product"}],"replies":[{"embeddable":true,"href":"https:\/\/purehivehoney.com\/de\/wp-json\/wp\/v2\/comments?post=462"}],"wp:featuredmedia":[{"embeddable":true,"href":"https:\/\/purehivehoney.com\/de\/wp-json\/wp\/v2\/media\/463"}],"wp:attachment":[{"href":"https:\/\/purehivehoney.com\/de\/wp-json\/wp\/v2\/media?parent=462"}],"wp:term":[{"taxonomy":"store","embeddable":true,"href":"https:\/\/purehivehoney.com\/de\/wp-json\/wp\/v2\/store?post=462"},{"taxonomy":"product_brand","embeddable":true,"href":"https:\/\/purehivehoney.com\/de\/wp-json\/wp\/v2\/product_brand?post=462"},{"taxonomy":"product_cat","embeddable":true,"href":"https:\/\/purehivehoney.com\/de\/wp-json\/wp\/v2\/product_cat?post=462"},{"taxonomy":"product_tag","embeddable":true,"href":"https:\/\/purehivehoney.com\/de\/wp-json\/wp\/v2\/product_tag?post=462"}],"curies":[{"name":"wp","href":"https:\/\/api.w.org\/{rel}","templated":true}]}}