{"id":455,"date":"2026-03-15T23:29:13","date_gmt":"2026-03-15T23:29:13","guid":{"rendered":"https:\/\/purehivehoney.com\/de\/product\/nerthus-fih-347-clear-crystal-jugs\/"},"modified":"2026-03-15T23:36:12","modified_gmt":"2026-03-15T23:36:12","slug":"nerthus-fih-347-clear-crystal-jugs","status":"publish","type":"product","link":"https:\/\/purehivehoney.com\/de\/product\/nerthus-fih-347-clear-crystal-jugs\/","title":{"rendered":"NERTHUS FIH 347 Clear Crystal Jugs"},"content":{"rendered":"<p>                                             From the manufacturer   <\/p>\n<h3 class=\"a-spacing-small\"> NERTHUS FIH 347 &#8211; Honey Glass <\/h3>\n<p class=\"apm-text-center\">\n                                                      <img decoding=\"async\" alt=\"NERTHUS FIH 347 - Honey Glass\" src=\"https:\/\/images-na.ssl-images-amazon.com\/images\/G\/01\/x-locale\/common\/grey-pixel.gif\" class=\"a-spacing-mini a-lazy-loaded\" data-src=\"https:\/\/m.media-amazon.com\/images\/S\/aplus-media-library-service-media\/3b434a5f-819e-4042-a1c2-57552d9b7b01.__CR0,0,400,400_PT0_SX300_V1___.jpg\"><img decoding=\"async\" alt=\"NERTHUS FIH 347 - Honey Glass\" src=\"https:\/\/m.media-amazon.com\/images\/S\/aplus-media-library-service-media\/3b434a5f-819e-4042-a1c2-57552d9b7b01.__CR0,0,400,400_PT0_SX300_V1___.jpg\">  <\/p>\n<p>                                                    honey dispenser                                       <\/p>\n<p> Glass honey dispenser with automatic drip stop. <\/p>\n<p> A honey jar that can also be used as a jam jar. It is a perfect addition to breakfast and afternoon tea. <\/p>\n<p class=\"apm-text-center\">\n                                                      <img decoding=\"async\" alt=\"NERTHUS FIH 347 - Honey Glass\" src=\"https:\/\/images-na.ssl-images-amazon.com\/images\/G\/01\/x-locale\/common\/grey-pixel.gif\" class=\"a-spacing-mini a-lazy-loaded\" data-src=\"https:\/\/m.media-amazon.com\/images\/S\/aplus-media-library-service-media\/c6bb05d0-e060-4199-800d-74c20c787d36.__CR0,0,400,400_PT0_SX300_V1___.jpg\"><img decoding=\"async\" alt=\"NERTHUS FIH 347 - Honey Glass\" src=\"https:\/\/m.media-amazon.com\/images\/S\/aplus-media-library-service-media\/c6bb05d0-e060-4199-800d-74c20c787d36.__CR0,0,400,400_PT0_SX300_V1___.jpg\">  <\/p>\n<p>                                                    Practical and simple                                       <\/p>\n<p> Our glass honey dispenser jug with automatic drip stop. Its transparent appearance makes the honey more textured and you can always see how much honey is left. <\/p>\n<p class=\"apm-text-center\">\n                                                      <img decoding=\"async\" alt=\"NERTHUS FIH 347 - Honey Glass\" src=\"https:\/\/images-na.ssl-images-amazon.com\/images\/G\/01\/x-locale\/common\/grey-pixel.gif\" class=\"a-spacing-mini a-lazy-loaded\" data-src=\"https:\/\/m.media-amazon.com\/images\/S\/aplus-media-library-service-media\/631bc8c3-440c-4a8e-af77-263a2a646406.__CR0,0,400,400_PT0_SX300_V1___.jpg\"><img decoding=\"async\" alt=\"NERTHUS FIH 347 - Honey Glass\" src=\"https:\/\/m.media-amazon.com\/images\/S\/aplus-media-library-service-media\/631bc8c3-440c-4a8e-af77-263a2a646406.__CR0,0,400,400_PT0_SX300_V1___.jpg\">  <\/p>\n<p>                                                    Perfect addition to breakfast                                       <\/p>\n<p> The body of the vessel has the shape of a beehive and can also be used to store jam, spices, etc. <\/p>\n<p>                                                  <img decoding=\"async\" alt=\"nerthus\" src=\"https:\/\/images-na.ssl-images-amazon.com\/images\/G\/01\/x-locale\/common\/grey-pixel.gif\" class=\"a-lazy-loaded\" data-src=\"https:\/\/m.media-amazon.com\/images\/S\/aplus-media-library-service-media\/1241e896-a1c1-44d8-8a79-4fcbaf9d8a8d.__CR0,108,617,617_PT0_SX300_V1___.jpg\"><img decoding=\"async\" alt=\"nerthus\" src=\"https:\/\/m.media-amazon.com\/images\/S\/aplus-media-library-service-media\/1241e896-a1c1-44d8-8a79-4fcbaf9d8a8d.__CR0,108,617,617_PT0_SX300_V1___.jpg\">  <\/p>\n<h3 class=\"a-spacing-mini\"> Nerthus &#8211; a brand of and for the world of home and kitchen <\/h3>\n<p> Designers and manufacturers of products and kitchen utensils, who always rely on high-quality materials and a healthy and sustainable diet that bring you joy in everyday life. <\/p>\n<p> Nerthus, a brand currently represented in more than 45 countries on 5 continents. <\/p>\n<p>Honey Jar Dispenser Jug with Automatic Closure<br \/>Its transparent appearance makes honey more textured and you can always know how much honey is left<br \/>The body of the jar, adopts the design of a beehive and also serves to store jams, spices, etc<br \/>Easy to use and refill<br \/>Essential to accompany your breakfast<\/p>\n\n","protected":false},"excerpt":{"rendered":"<p>From the manufacturer NERTHUS FIH 347 &#8211; Honey Glass honey dispenser Glass honey dispenser with automatic drip stop. A honey jar that can also be used as a jam jar. It is a perfect addition to breakfast and afternoon tea. Practical and simple Our glass honey dispenser jug with automatic drip stop. Its transparent appearance [&hellip;]<\/p>\n","protected":false},"featured_media":456,"comment_status":"open","ping_status":"closed","template":"","meta":{"_aipt_faq_data":""},"store":[],"product_brand":[85],"product_cat":[75],"product_tag":[161],"class_list":{"0":"post-455","1":"product","2":"type-product","3":"status-publish","4":"has-post-thumbnail","6":"product_brand-nerthus","7":"product_cat-honigspender","8":"product_tag-honigspender-fuer-die-kueche","10":"first","11":"instock","12":"sale","13":"shipping-taxable","14":"product-type-external"},"yoast_head":"<!-- This site is optimized with the Yoast SEO plugin v27.4 - https:\/\/yoast.com\/product\/yoast-seo-wordpress\/ -->\n<title>NERTHUS FIH 347 Clear Crystal Jugs - PureHiveHoney<\/title>\n<meta name=\"description\" content=\"Entdecken Sie hochwertigen Rohhonig, Bio Honig, Manuka Honig und nat\u00fcrliche Bienenprodukte. PureHiveHoney hilft Ihnen dabei, sorgf\u00e4ltig ausgew\u00e4hlte Honigsorten mit nat\u00fcrlicher Qualit\u00e4t und Reinheit zu entdecken.\" \/>\n<meta name=\"robots\" content=\"index, follow, max-snippet:-1, max-image-preview:large, max-video-preview:-1\" \/>\n<link rel=\"canonical\" href=\"https:\/\/purehivehoney.com\/de\/product\/nerthus-fih-347-clear-crystal-jugs\/\" \/>\n<meta property=\"og:locale\" content=\"de_DE\" \/>\n<meta property=\"og:type\" content=\"article\" \/>\n<meta property=\"og:title\" content=\"NERTHUS FIH 347 Clear Crystal Jugs - PureHiveHoney\" \/>\n<meta property=\"og:description\" content=\"Entdecken Sie hochwertigen Rohhonig, Bio Honig, Manuka Honig und nat\u00fcrliche Bienenprodukte. PureHiveHoney hilft Ihnen dabei, sorgf\u00e4ltig ausgew\u00e4hlte Honigsorten mit nat\u00fcrlicher Qualit\u00e4t und Reinheit zu entdecken.\" \/>\n<meta property=\"og:url\" content=\"https:\/\/purehivehoney.com\/de\/product\/nerthus-fih-347-clear-crystal-jugs\/\" \/>\n<meta property=\"og:site_name\" content=\"PureHiveHoney\" \/>\n<meta property=\"article:modified_time\" content=\"2026-03-15T23:36:12+00:00\" \/>\n<meta property=\"og:image\" content=\"https:\/\/images-na.ssl-images-amazon.com\/images\/G\/01\/x-locale\/common\/grey-pixel.gif\" \/>\n<meta name=\"twitter:card\" content=\"summary_large_image\" \/>\n<meta name=\"twitter:label1\" content=\"Gesch\u00e4tzte Lesezeit\" \/>\n\t<meta name=\"twitter:data1\" content=\"1\u00a0Minute\" \/>\n<script type=\"application\/ld+json\" class=\"yoast-schema-graph\">{\"@context\":\"https:\\\/\\\/schema.org\",\"@graph\":[{\"@type\":\"WebPage\",\"@id\":\"https:\\\/\\\/purehivehoney.com\\\/de\\\/product\\\/nerthus-fih-347-clear-crystal-jugs\\\/\",\"url\":\"https:\\\/\\\/purehivehoney.com\\\/de\\\/product\\\/nerthus-fih-347-clear-crystal-jugs\\\/\",\"name\":\"NERTHUS FIH 347 Clear Crystal Jugs - PureHiveHoney\",\"isPartOf\":{\"@id\":\"https:\\\/\\\/purehivehoney.com\\\/de\\\/#website\"},\"primaryImageOfPage\":{\"@id\":\"https:\\\/\\\/purehivehoney.com\\\/de\\\/product\\\/nerthus-fih-347-clear-crystal-jugs\\\/#primaryimage\"},\"image\":{\"@id\":\"https:\\\/\\\/purehivehoney.com\\\/de\\\/product\\\/nerthus-fih-347-clear-crystal-jugs\\\/#primaryimage\"},\"thumbnailUrl\":\"https:\\\/\\\/purehivehoney.com\\\/de\\\/wp-content\\\/uploads\\\/2026\\\/03\\\/61hBNr4WkoL._AC_SL1500_.jpg\",\"datePublished\":\"2026-03-15T23:29:13+00:00\",\"dateModified\":\"2026-03-15T23:36:12+00:00\",\"description\":\"Entdecken Sie hochwertigen Rohhonig, Bio Honig, Manuka Honig und nat\u00fcrliche Bienenprodukte. PureHiveHoney hilft Ihnen dabei, sorgf\u00e4ltig ausgew\u00e4hlte Honigsorten mit nat\u00fcrlicher Qualit\u00e4t und Reinheit zu entdecken.\",\"breadcrumb\":{\"@id\":\"https:\\\/\\\/purehivehoney.com\\\/de\\\/product\\\/nerthus-fih-347-clear-crystal-jugs\\\/#breadcrumb\"},\"inLanguage\":\"de\",\"potentialAction\":[{\"@type\":\"ReadAction\",\"target\":[\"https:\\\/\\\/purehivehoney.com\\\/de\\\/product\\\/nerthus-fih-347-clear-crystal-jugs\\\/\"]}]},{\"@type\":\"ImageObject\",\"inLanguage\":\"de\",\"@id\":\"https:\\\/\\\/purehivehoney.com\\\/de\\\/product\\\/nerthus-fih-347-clear-crystal-jugs\\\/#primaryimage\",\"url\":\"https:\\\/\\\/purehivehoney.com\\\/de\\\/wp-content\\\/uploads\\\/2026\\\/03\\\/61hBNr4WkoL._AC_SL1500_.jpg\",\"contentUrl\":\"https:\\\/\\\/purehivehoney.com\\\/de\\\/wp-content\\\/uploads\\\/2026\\\/03\\\/61hBNr4WkoL._AC_SL1500_.jpg\",\"width\":1157,\"height\":1500},{\"@type\":\"BreadcrumbList\",\"@id\":\"https:\\\/\\\/purehivehoney.com\\\/de\\\/product\\\/nerthus-fih-347-clear-crystal-jugs\\\/#breadcrumb\",\"itemListElement\":[{\"@type\":\"ListItem\",\"position\":1,\"name\":\"Home\",\"item\":\"https:\\\/\\\/purehivehoney.com\\\/de\\\/\"},{\"@type\":\"ListItem\",\"position\":2,\"name\":\"Shop\",\"item\":\"https:\\\/\\\/purehivehoney.com\\\/de\\\/shop\\\/\"},{\"@type\":\"ListItem\",\"position\":3,\"name\":\"NERTHUS FIH 347 Clear Crystal Jugs\"}]},{\"@type\":\"WebSite\",\"@id\":\"https:\\\/\\\/purehivehoney.com\\\/de\\\/#website\",\"url\":\"https:\\\/\\\/purehivehoney.com\\\/de\\\/\",\"name\":\"PureHiveHoney\",\"description\":\"Reiner Honig &amp; Bienenprodukte Online | Rohhonig, Bio Honig &amp; Spezialhonig\",\"publisher\":{\"@id\":\"https:\\\/\\\/purehivehoney.com\\\/de\\\/#organization\"},\"potentialAction\":[{\"@type\":\"SearchAction\",\"target\":{\"@type\":\"EntryPoint\",\"urlTemplate\":\"https:\\\/\\\/purehivehoney.com\\\/de\\\/?s={search_term_string}\"},\"query-input\":{\"@type\":\"PropertyValueSpecification\",\"valueRequired\":true,\"valueName\":\"search_term_string\"}}],\"inLanguage\":\"de\"},{\"@type\":\"Organization\",\"@id\":\"https:\\\/\\\/purehivehoney.com\\\/de\\\/#organization\",\"name\":\"PureHiveHoney\",\"url\":\"https:\\\/\\\/purehivehoney.com\\\/de\\\/\",\"logo\":{\"@type\":\"ImageObject\",\"inLanguage\":\"de\",\"@id\":\"https:\\\/\\\/purehivehoney.com\\\/de\\\/#\\\/schema\\\/logo\\\/image\\\/\",\"url\":\"https:\\\/\\\/purehivehoney.com\\\/de\\\/wp-content\\\/uploads\\\/2026\\\/03\\\/Screenshot-2026-03-16-at-1.06.01-AM.png\",\"contentUrl\":\"https:\\\/\\\/purehivehoney.com\\\/de\\\/wp-content\\\/uploads\\\/2026\\\/03\\\/Screenshot-2026-03-16-at-1.06.01-AM.png\",\"width\":2112,\"height\":1086,\"caption\":\"PureHiveHoney\"},\"image\":{\"@id\":\"https:\\\/\\\/purehivehoney.com\\\/de\\\/#\\\/schema\\\/logo\\\/image\\\/\"}}]}<\/script>\n<!-- \/ Yoast SEO plugin. -->","yoast_head_json":{"title":"NERTHUS FIH 347 Clear Crystal Jugs - PureHiveHoney","description":"Entdecken Sie hochwertigen Rohhonig, Bio Honig, Manuka Honig und nat\u00fcrliche Bienenprodukte. PureHiveHoney hilft Ihnen dabei, sorgf\u00e4ltig ausgew\u00e4hlte Honigsorten mit nat\u00fcrlicher Qualit\u00e4t und Reinheit zu entdecken.","robots":{"index":"index","follow":"follow","max-snippet":"max-snippet:-1","max-image-preview":"max-image-preview:large","max-video-preview":"max-video-preview:-1"},"canonical":"https:\/\/purehivehoney.com\/de\/product\/nerthus-fih-347-clear-crystal-jugs\/","og_locale":"de_DE","og_type":"article","og_title":"NERTHUS FIH 347 Clear Crystal Jugs - PureHiveHoney","og_description":"Entdecken Sie hochwertigen Rohhonig, Bio Honig, Manuka Honig und nat\u00fcrliche Bienenprodukte. PureHiveHoney hilft Ihnen dabei, sorgf\u00e4ltig ausgew\u00e4hlte Honigsorten mit nat\u00fcrlicher Qualit\u00e4t und Reinheit zu entdecken.","og_url":"https:\/\/purehivehoney.com\/de\/product\/nerthus-fih-347-clear-crystal-jugs\/","og_site_name":"PureHiveHoney","article_modified_time":"2026-03-15T23:36:12+00:00","og_image":[{"url":"https:\/\/images-na.ssl-images-amazon.com\/images\/G\/01\/x-locale\/common\/grey-pixel.gif","type":"","width":"","height":""}],"twitter_card":"summary_large_image","twitter_misc":{"Gesch\u00e4tzte Lesezeit":"1\u00a0Minute"},"schema":{"@context":"https:\/\/schema.org","@graph":[{"@type":"WebPage","@id":"https:\/\/purehivehoney.com\/de\/product\/nerthus-fih-347-clear-crystal-jugs\/","url":"https:\/\/purehivehoney.com\/de\/product\/nerthus-fih-347-clear-crystal-jugs\/","name":"NERTHUS FIH 347 Clear Crystal Jugs - PureHiveHoney","isPartOf":{"@id":"https:\/\/purehivehoney.com\/de\/#website"},"primaryImageOfPage":{"@id":"https:\/\/purehivehoney.com\/de\/product\/nerthus-fih-347-clear-crystal-jugs\/#primaryimage"},"image":{"@id":"https:\/\/purehivehoney.com\/de\/product\/nerthus-fih-347-clear-crystal-jugs\/#primaryimage"},"thumbnailUrl":"https:\/\/purehivehoney.com\/de\/wp-content\/uploads\/2026\/03\/61hBNr4WkoL._AC_SL1500_.jpg","datePublished":"2026-03-15T23:29:13+00:00","dateModified":"2026-03-15T23:36:12+00:00","description":"Entdecken Sie hochwertigen Rohhonig, Bio Honig, Manuka Honig und nat\u00fcrliche Bienenprodukte. PureHiveHoney hilft Ihnen dabei, sorgf\u00e4ltig ausgew\u00e4hlte Honigsorten mit nat\u00fcrlicher Qualit\u00e4t und Reinheit zu entdecken.","breadcrumb":{"@id":"https:\/\/purehivehoney.com\/de\/product\/nerthus-fih-347-clear-crystal-jugs\/#breadcrumb"},"inLanguage":"de","potentialAction":[{"@type":"ReadAction","target":["https:\/\/purehivehoney.com\/de\/product\/nerthus-fih-347-clear-crystal-jugs\/"]}]},{"@type":"ImageObject","inLanguage":"de","@id":"https:\/\/purehivehoney.com\/de\/product\/nerthus-fih-347-clear-crystal-jugs\/#primaryimage","url":"https:\/\/purehivehoney.com\/de\/wp-content\/uploads\/2026\/03\/61hBNr4WkoL._AC_SL1500_.jpg","contentUrl":"https:\/\/purehivehoney.com\/de\/wp-content\/uploads\/2026\/03\/61hBNr4WkoL._AC_SL1500_.jpg","width":1157,"height":1500},{"@type":"BreadcrumbList","@id":"https:\/\/purehivehoney.com\/de\/product\/nerthus-fih-347-clear-crystal-jugs\/#breadcrumb","itemListElement":[{"@type":"ListItem","position":1,"name":"Home","item":"https:\/\/purehivehoney.com\/de\/"},{"@type":"ListItem","position":2,"name":"Shop","item":"https:\/\/purehivehoney.com\/de\/shop\/"},{"@type":"ListItem","position":3,"name":"NERTHUS FIH 347 Clear Crystal Jugs"}]},{"@type":"WebSite","@id":"https:\/\/purehivehoney.com\/de\/#website","url":"https:\/\/purehivehoney.com\/de\/","name":"PureHiveHoney","description":"Reiner Honig &amp; Bienenprodukte Online | Rohhonig, Bio Honig &amp; Spezialhonig","publisher":{"@id":"https:\/\/purehivehoney.com\/de\/#organization"},"potentialAction":[{"@type":"SearchAction","target":{"@type":"EntryPoint","urlTemplate":"https:\/\/purehivehoney.com\/de\/?s={search_term_string}"},"query-input":{"@type":"PropertyValueSpecification","valueRequired":true,"valueName":"search_term_string"}}],"inLanguage":"de"},{"@type":"Organization","@id":"https:\/\/purehivehoney.com\/de\/#organization","name":"PureHiveHoney","url":"https:\/\/purehivehoney.com\/de\/","logo":{"@type":"ImageObject","inLanguage":"de","@id":"https:\/\/purehivehoney.com\/de\/#\/schema\/logo\/image\/","url":"https:\/\/purehivehoney.com\/de\/wp-content\/uploads\/2026\/03\/Screenshot-2026-03-16-at-1.06.01-AM.png","contentUrl":"https:\/\/purehivehoney.com\/de\/wp-content\/uploads\/2026\/03\/Screenshot-2026-03-16-at-1.06.01-AM.png","width":2112,"height":1086,"caption":"PureHiveHoney"},"image":{"@id":"https:\/\/purehivehoney.com\/de\/#\/schema\/logo\/image\/"}}]}},"_links":{"self":[{"href":"https:\/\/purehivehoney.com\/de\/wp-json\/wp\/v2\/product\/455","targetHints":{"allow":["GET"]}}],"collection":[{"href":"https:\/\/purehivehoney.com\/de\/wp-json\/wp\/v2\/product"}],"about":[{"href":"https:\/\/purehivehoney.com\/de\/wp-json\/wp\/v2\/types\/product"}],"replies":[{"embeddable":true,"href":"https:\/\/purehivehoney.com\/de\/wp-json\/wp\/v2\/comments?post=455"}],"wp:featuredmedia":[{"embeddable":true,"href":"https:\/\/purehivehoney.com\/de\/wp-json\/wp\/v2\/media\/456"}],"wp:attachment":[{"href":"https:\/\/purehivehoney.com\/de\/wp-json\/wp\/v2\/media?parent=455"}],"wp:term":[{"taxonomy":"store","embeddable":true,"href":"https:\/\/purehivehoney.com\/de\/wp-json\/wp\/v2\/store?post=455"},{"taxonomy":"product_brand","embeddable":true,"href":"https:\/\/purehivehoney.com\/de\/wp-json\/wp\/v2\/product_brand?post=455"},{"taxonomy":"product_cat","embeddable":true,"href":"https:\/\/purehivehoney.com\/de\/wp-json\/wp\/v2\/product_cat?post=455"},{"taxonomy":"product_tag","embeddable":true,"href":"https:\/\/purehivehoney.com\/de\/wp-json\/wp\/v2\/product_tag?post=455"}],"curies":[{"name":"wp","href":"https:\/\/api.w.org\/{rel}","templated":true}]}}