{"id":451,"date":"2026-03-15T23:28:04","date_gmt":"2026-03-15T23:28:04","guid":{"rendered":"https:\/\/purehivehoney.com\/de\/product\/raw-griechischer-honig-100-rein-fir-aus-dem-berg-von-chelmos-480g\/"},"modified":"2026-03-15T23:36:12","modified_gmt":"2026-03-15T23:36:12","slug":"raw-griechischer-honig-100-rein-fir-aus-dem-berg-von-chelmos-480g","status":"publish","type":"product","link":"https:\/\/purehivehoney.com\/de\/product\/raw-griechischer-honig-100-rein-fir-aus-dem-berg-von-chelmos-480g\/","title":{"rendered":"Raw griechischer Honig, 100 % rein ..."},"content":{"rendered":"<p>    <span>Roher, reiner, kleiner griechischer Honig. <\/span><span>Enth\u00e4lt alle Vitamine, Mineralien, Metalle, Proteine, Enzyme, Pollen und Antioxidantien, die nicht in raffinierten, beheizten, gewerblichen Honig enthalten sind. <\/span><br \/><span>Tannenhonighonig wird im Berg von Chelmos hergestellt, haupts\u00e4chlich durch das Insekt Physokerames Hemicryphus, aus dem griechischen Tannenbaum Abies Cephalonica. <\/span><br \/><span>Dieser Honig hat eine geringe S\u00fc\u00dfe, ein intensives Aroma (Wald, Kr\u00e4uter, Harz und Zitrusnoten) und einen unverwechselbaren und anhaltenden Geschmack von Karamell, der unvergesslich ist &#8211; ein bemerkenswert komplexer Honig. <\/span><br \/><span>Wie Kiefer hat es weniger Kalorien als Bl\u00fctenhonig. <\/span><br \/><span>Es ist reich an Vitaminen und Mineralstoffen (Calcium, Kalium, Magnesium, Phosphor, Eisen, Zink, Kupfer). <\/span><br \/><span>Es ist sehr vorteilhaft f\u00fcr die Ober- und Magen-Darmtrakte, st\u00e4rkt das Immunsystem, hilft Herzerkrankungen vorzubeugen und hat intensive antiseptische, antibakterielle, antivirale und antimykotische Eigenschaften. <\/span><br \/><span>Tannenhonig bleibt l\u00e4nger fl\u00fcssig als die anderen Sorten, kristallisiert erst nach mindestens 6 Monaten, es sei denn, es wird in einer sehr kalten Umgebung gelagert. <\/span><br \/><span>Wenn Ihr Honig aufgrund der Lagertemperatur in einem halbkristallisierten Zustand ankommt, kann er sehr schnell wieder in seine v\u00f6llig fl\u00fcssige Form zur\u00fcckgegeben werden (eine halbe Stunde bis eine Stunde), indem er in eine Sch\u00fcssel mit warmem Wasser oder in den Ofen auf der niedrigsten Stufe. <\/span><br \/><span>Yiri Yiri Honig sind hochwertige Handwerksprodukte und sind bei w\u00e4rmeren Temperaturen gl\u00fccklicher. Halten Sie sie also im w\u00e4rmsten Teil Ihrer K\u00fcche.<\/span><br \/> Is Discontinued By Manufacturer                                            \u200f                                            :                                            \u200e                                            No   <br \/> Package Dimensions                                            \u200f                                            :                                            \u200e                                            15.1 x 9.9 x 9.1 cm; 480 g   <br \/> Manufacturer                                            \u200f                                            :                                            \u200e                                            Sinanoglou Honey Farm   <br \/> ASIN                                            \u200f                                            :                                            \u200e                                            B01N1MBOTD   <br \/>Roher griechischer Honig gilt als der feinste der Welt aufgrund der au\u00dfergew\u00f6hnlichen Vielfalt der Flora und der unbegrenzten, kraftvollen Sommersonne.<br \/>Traditionell auf Sinanoglous kleiner Bauernhof. Keine Pestizide, Chemikalien oder Farbstoffe in jeder Produktionsphase.<br \/>Antibakteriell, antiviral und antimykotisch. ungefiltert, unerhitzt und unpasteurisiert<br \/>Enth\u00e4lt \u00fcber 5000 Enzyme &#8211; Der lebende Enzymgehalt von Rohhonig geh\u00f6rt zu den h\u00f6chsten Lebensmitteln. Enth\u00e4lt auch 27 Mineralstoffe, Metalle und Spurenelemente, 22 Aminos\u00e4uren, Vitamine A, B, C, D, E und K und hat einen sehr hohen antioxidativen Wert.<br \/>Es gibt Stoffe in rohen griechischen Honig, da sie noch einheitlich sind, die f\u00fcr ihre ziemlich erstaunlichen Eigenschaften verantwortlich sein k\u00f6nnen.<\/p>\n\n","protected":false},"excerpt":{"rendered":"<p>Roher, reiner, kleiner griechischer Honig. Enth\u00e4lt alle Vitamine, Mineralien, Metalle, Proteine, Enzyme, Pollen und Antioxidantien, die nicht in raffinierten, beheizten, gewerblichen Honig enthalten sind. Tannenhonighonig wird im Berg von Chelmos hergestellt, haupts\u00e4chlich durch das Insekt Physokerames Hemicryphus, aus dem griechischen Tannenbaum Abies Cephalonica. Dieser Honig hat eine geringe S\u00fc\u00dfe, ein intensives Aroma (Wald, Kr\u00e4uter, Harz [&hellip;]<\/p>\n","protected":false},"featured_media":452,"comment_status":"open","ping_status":"closed","template":"","meta":{"_aipt_faq_data":""},"store":[],"product_brand":[92],"product_cat":[38],"product_tag":[160],"class_list":{"0":"post-451","1":"product","2":"type-product","3":"status-publish","4":"has-post-thumbnail","6":"product_brand-yiri-yiri-greek-honey","7":"product_cat-purehivehoney","8":"product_tag-waldhonig","10":"first","11":"instock","12":"sale","13":"shipping-taxable","14":"product-type-external"},"yoast_head":"<!-- This site is optimized with the Yoast SEO plugin v27.4 - https:\/\/yoast.com\/product\/yoast-seo-wordpress\/ -->\n<title>Raw griechischer Honig, 100 % rein \u2013 FIR \u2013 aus dem Berg von Chelmos. 480g - PureHiveHoney<\/title>\n<meta name=\"description\" content=\"Entdecken Sie hochwertigen Rohhonig, Bio Honig, Manuka Honig und nat\u00fcrliche Bienenprodukte. PureHiveHoney hilft Ihnen dabei, sorgf\u00e4ltig ausgew\u00e4hlte Honigsorten mit nat\u00fcrlicher Qualit\u00e4t und Reinheit zu entdecken.\" \/>\n<meta name=\"robots\" content=\"index, follow, max-snippet:-1, max-image-preview:large, max-video-preview:-1\" \/>\n<link rel=\"canonical\" href=\"https:\/\/purehivehoney.com\/de\/product\/raw-griechischer-honig-100-rein-fir-aus-dem-berg-von-chelmos-480g\/\" \/>\n<meta property=\"og:locale\" content=\"de_DE\" \/>\n<meta property=\"og:type\" content=\"article\" \/>\n<meta property=\"og:title\" content=\"Raw griechischer Honig, 100 % rein \u2013 FIR \u2013 aus dem Berg von Chelmos. 480g - PureHiveHoney\" \/>\n<meta property=\"og:description\" content=\"Entdecken Sie hochwertigen Rohhonig, Bio Honig, Manuka Honig und nat\u00fcrliche Bienenprodukte. PureHiveHoney hilft Ihnen dabei, sorgf\u00e4ltig ausgew\u00e4hlte Honigsorten mit nat\u00fcrlicher Qualit\u00e4t und Reinheit zu entdecken.\" \/>\n<meta property=\"og:url\" content=\"https:\/\/purehivehoney.com\/de\/product\/raw-griechischer-honig-100-rein-fir-aus-dem-berg-von-chelmos-480g\/\" \/>\n<meta property=\"og:site_name\" content=\"PureHiveHoney\" \/>\n<meta property=\"article:modified_time\" content=\"2026-03-15T23:36:12+00:00\" \/>\n<meta name=\"twitter:card\" content=\"summary_large_image\" \/>\n<meta name=\"twitter:label1\" content=\"Gesch\u00e4tzte Lesezeit\" \/>\n\t<meta name=\"twitter:data1\" content=\"2\u00a0Minuten\" \/>\n<script type=\"application\/ld+json\" class=\"yoast-schema-graph\">{\"@context\":\"https:\\\/\\\/schema.org\",\"@graph\":[{\"@type\":\"WebPage\",\"@id\":\"https:\\\/\\\/purehivehoney.com\\\/de\\\/product\\\/raw-griechischer-honig-100-rein-fir-aus-dem-berg-von-chelmos-480g\\\/\",\"url\":\"https:\\\/\\\/purehivehoney.com\\\/de\\\/product\\\/raw-griechischer-honig-100-rein-fir-aus-dem-berg-von-chelmos-480g\\\/\",\"name\":\"Raw griechischer Honig, 100 % rein \u2013 FIR \u2013 aus dem Berg von Chelmos. 480g - PureHiveHoney\",\"isPartOf\":{\"@id\":\"https:\\\/\\\/purehivehoney.com\\\/de\\\/#website\"},\"primaryImageOfPage\":{\"@id\":\"https:\\\/\\\/purehivehoney.com\\\/de\\\/product\\\/raw-griechischer-honig-100-rein-fir-aus-dem-berg-von-chelmos-480g\\\/#primaryimage\"},\"image\":{\"@id\":\"https:\\\/\\\/purehivehoney.com\\\/de\\\/product\\\/raw-griechischer-honig-100-rein-fir-aus-dem-berg-von-chelmos-480g\\\/#primaryimage\"},\"thumbnailUrl\":\"https:\\\/\\\/purehivehoney.com\\\/de\\\/wp-content\\\/uploads\\\/2026\\\/03\\\/71Tu6e62Z7L._SL1500_.jpg\",\"datePublished\":\"2026-03-15T23:28:04+00:00\",\"dateModified\":\"2026-03-15T23:36:12+00:00\",\"description\":\"Entdecken Sie hochwertigen Rohhonig, Bio Honig, Manuka Honig und nat\u00fcrliche Bienenprodukte. PureHiveHoney hilft Ihnen dabei, sorgf\u00e4ltig ausgew\u00e4hlte Honigsorten mit nat\u00fcrlicher Qualit\u00e4t und Reinheit zu entdecken.\",\"breadcrumb\":{\"@id\":\"https:\\\/\\\/purehivehoney.com\\\/de\\\/product\\\/raw-griechischer-honig-100-rein-fir-aus-dem-berg-von-chelmos-480g\\\/#breadcrumb\"},\"inLanguage\":\"de\",\"potentialAction\":[{\"@type\":\"ReadAction\",\"target\":[\"https:\\\/\\\/purehivehoney.com\\\/de\\\/product\\\/raw-griechischer-honig-100-rein-fir-aus-dem-berg-von-chelmos-480g\\\/\"]}]},{\"@type\":\"ImageObject\",\"inLanguage\":\"de\",\"@id\":\"https:\\\/\\\/purehivehoney.com\\\/de\\\/product\\\/raw-griechischer-honig-100-rein-fir-aus-dem-berg-von-chelmos-480g\\\/#primaryimage\",\"url\":\"https:\\\/\\\/purehivehoney.com\\\/de\\\/wp-content\\\/uploads\\\/2026\\\/03\\\/71Tu6e62Z7L._SL1500_.jpg\",\"contentUrl\":\"https:\\\/\\\/purehivehoney.com\\\/de\\\/wp-content\\\/uploads\\\/2026\\\/03\\\/71Tu6e62Z7L._SL1500_.jpg\",\"width\":917,\"height\":1500},{\"@type\":\"BreadcrumbList\",\"@id\":\"https:\\\/\\\/purehivehoney.com\\\/de\\\/product\\\/raw-griechischer-honig-100-rein-fir-aus-dem-berg-von-chelmos-480g\\\/#breadcrumb\",\"itemListElement\":[{\"@type\":\"ListItem\",\"position\":1,\"name\":\"Home\",\"item\":\"https:\\\/\\\/purehivehoney.com\\\/de\\\/\"},{\"@type\":\"ListItem\",\"position\":2,\"name\":\"Shop\",\"item\":\"https:\\\/\\\/purehivehoney.com\\\/de\\\/shop\\\/\"},{\"@type\":\"ListItem\",\"position\":3,\"name\":\"Raw griechischer Honig, 100 % rein ...\"}]},{\"@type\":\"WebSite\",\"@id\":\"https:\\\/\\\/purehivehoney.com\\\/de\\\/#website\",\"url\":\"https:\\\/\\\/purehivehoney.com\\\/de\\\/\",\"name\":\"PureHiveHoney\",\"description\":\"Reiner Honig &amp; Bienenprodukte Online | Rohhonig, Bio Honig &amp; Spezialhonig\",\"publisher\":{\"@id\":\"https:\\\/\\\/purehivehoney.com\\\/de\\\/#organization\"},\"potentialAction\":[{\"@type\":\"SearchAction\",\"target\":{\"@type\":\"EntryPoint\",\"urlTemplate\":\"https:\\\/\\\/purehivehoney.com\\\/de\\\/?s={search_term_string}\"},\"query-input\":{\"@type\":\"PropertyValueSpecification\",\"valueRequired\":true,\"valueName\":\"search_term_string\"}}],\"inLanguage\":\"de\"},{\"@type\":\"Organization\",\"@id\":\"https:\\\/\\\/purehivehoney.com\\\/de\\\/#organization\",\"name\":\"PureHiveHoney\",\"url\":\"https:\\\/\\\/purehivehoney.com\\\/de\\\/\",\"logo\":{\"@type\":\"ImageObject\",\"inLanguage\":\"de\",\"@id\":\"https:\\\/\\\/purehivehoney.com\\\/de\\\/#\\\/schema\\\/logo\\\/image\\\/\",\"url\":\"https:\\\/\\\/purehivehoney.com\\\/de\\\/wp-content\\\/uploads\\\/2026\\\/03\\\/Screenshot-2026-03-16-at-1.06.01-AM.png\",\"contentUrl\":\"https:\\\/\\\/purehivehoney.com\\\/de\\\/wp-content\\\/uploads\\\/2026\\\/03\\\/Screenshot-2026-03-16-at-1.06.01-AM.png\",\"width\":2112,\"height\":1086,\"caption\":\"PureHiveHoney\"},\"image\":{\"@id\":\"https:\\\/\\\/purehivehoney.com\\\/de\\\/#\\\/schema\\\/logo\\\/image\\\/\"}}]}<\/script>\n<!-- \/ Yoast SEO plugin. -->","yoast_head_json":{"title":"Raw griechischer Honig, 100 % rein \u2013 FIR \u2013 aus dem Berg von Chelmos. 480g - PureHiveHoney","description":"Entdecken Sie hochwertigen Rohhonig, Bio Honig, Manuka Honig und nat\u00fcrliche Bienenprodukte. PureHiveHoney hilft Ihnen dabei, sorgf\u00e4ltig ausgew\u00e4hlte Honigsorten mit nat\u00fcrlicher Qualit\u00e4t und Reinheit zu entdecken.","robots":{"index":"index","follow":"follow","max-snippet":"max-snippet:-1","max-image-preview":"max-image-preview:large","max-video-preview":"max-video-preview:-1"},"canonical":"https:\/\/purehivehoney.com\/de\/product\/raw-griechischer-honig-100-rein-fir-aus-dem-berg-von-chelmos-480g\/","og_locale":"de_DE","og_type":"article","og_title":"Raw griechischer Honig, 100 % rein \u2013 FIR \u2013 aus dem Berg von Chelmos. 480g - PureHiveHoney","og_description":"Entdecken Sie hochwertigen Rohhonig, Bio Honig, Manuka Honig und nat\u00fcrliche Bienenprodukte. PureHiveHoney hilft Ihnen dabei, sorgf\u00e4ltig ausgew\u00e4hlte Honigsorten mit nat\u00fcrlicher Qualit\u00e4t und Reinheit zu entdecken.","og_url":"https:\/\/purehivehoney.com\/de\/product\/raw-griechischer-honig-100-rein-fir-aus-dem-berg-von-chelmos-480g\/","og_site_name":"PureHiveHoney","article_modified_time":"2026-03-15T23:36:12+00:00","twitter_card":"summary_large_image","twitter_misc":{"Gesch\u00e4tzte Lesezeit":"2\u00a0Minuten"},"schema":{"@context":"https:\/\/schema.org","@graph":[{"@type":"WebPage","@id":"https:\/\/purehivehoney.com\/de\/product\/raw-griechischer-honig-100-rein-fir-aus-dem-berg-von-chelmos-480g\/","url":"https:\/\/purehivehoney.com\/de\/product\/raw-griechischer-honig-100-rein-fir-aus-dem-berg-von-chelmos-480g\/","name":"Raw griechischer Honig, 100 % rein \u2013 FIR \u2013 aus dem Berg von Chelmos. 480g - PureHiveHoney","isPartOf":{"@id":"https:\/\/purehivehoney.com\/de\/#website"},"primaryImageOfPage":{"@id":"https:\/\/purehivehoney.com\/de\/product\/raw-griechischer-honig-100-rein-fir-aus-dem-berg-von-chelmos-480g\/#primaryimage"},"image":{"@id":"https:\/\/purehivehoney.com\/de\/product\/raw-griechischer-honig-100-rein-fir-aus-dem-berg-von-chelmos-480g\/#primaryimage"},"thumbnailUrl":"https:\/\/purehivehoney.com\/de\/wp-content\/uploads\/2026\/03\/71Tu6e62Z7L._SL1500_.jpg","datePublished":"2026-03-15T23:28:04+00:00","dateModified":"2026-03-15T23:36:12+00:00","description":"Entdecken Sie hochwertigen Rohhonig, Bio Honig, Manuka Honig und nat\u00fcrliche Bienenprodukte. PureHiveHoney hilft Ihnen dabei, sorgf\u00e4ltig ausgew\u00e4hlte Honigsorten mit nat\u00fcrlicher Qualit\u00e4t und Reinheit zu entdecken.","breadcrumb":{"@id":"https:\/\/purehivehoney.com\/de\/product\/raw-griechischer-honig-100-rein-fir-aus-dem-berg-von-chelmos-480g\/#breadcrumb"},"inLanguage":"de","potentialAction":[{"@type":"ReadAction","target":["https:\/\/purehivehoney.com\/de\/product\/raw-griechischer-honig-100-rein-fir-aus-dem-berg-von-chelmos-480g\/"]}]},{"@type":"ImageObject","inLanguage":"de","@id":"https:\/\/purehivehoney.com\/de\/product\/raw-griechischer-honig-100-rein-fir-aus-dem-berg-von-chelmos-480g\/#primaryimage","url":"https:\/\/purehivehoney.com\/de\/wp-content\/uploads\/2026\/03\/71Tu6e62Z7L._SL1500_.jpg","contentUrl":"https:\/\/purehivehoney.com\/de\/wp-content\/uploads\/2026\/03\/71Tu6e62Z7L._SL1500_.jpg","width":917,"height":1500},{"@type":"BreadcrumbList","@id":"https:\/\/purehivehoney.com\/de\/product\/raw-griechischer-honig-100-rein-fir-aus-dem-berg-von-chelmos-480g\/#breadcrumb","itemListElement":[{"@type":"ListItem","position":1,"name":"Home","item":"https:\/\/purehivehoney.com\/de\/"},{"@type":"ListItem","position":2,"name":"Shop","item":"https:\/\/purehivehoney.com\/de\/shop\/"},{"@type":"ListItem","position":3,"name":"Raw griechischer Honig, 100 % rein ..."}]},{"@type":"WebSite","@id":"https:\/\/purehivehoney.com\/de\/#website","url":"https:\/\/purehivehoney.com\/de\/","name":"PureHiveHoney","description":"Reiner Honig &amp; Bienenprodukte Online | Rohhonig, Bio Honig &amp; Spezialhonig","publisher":{"@id":"https:\/\/purehivehoney.com\/de\/#organization"},"potentialAction":[{"@type":"SearchAction","target":{"@type":"EntryPoint","urlTemplate":"https:\/\/purehivehoney.com\/de\/?s={search_term_string}"},"query-input":{"@type":"PropertyValueSpecification","valueRequired":true,"valueName":"search_term_string"}}],"inLanguage":"de"},{"@type":"Organization","@id":"https:\/\/purehivehoney.com\/de\/#organization","name":"PureHiveHoney","url":"https:\/\/purehivehoney.com\/de\/","logo":{"@type":"ImageObject","inLanguage":"de","@id":"https:\/\/purehivehoney.com\/de\/#\/schema\/logo\/image\/","url":"https:\/\/purehivehoney.com\/de\/wp-content\/uploads\/2026\/03\/Screenshot-2026-03-16-at-1.06.01-AM.png","contentUrl":"https:\/\/purehivehoney.com\/de\/wp-content\/uploads\/2026\/03\/Screenshot-2026-03-16-at-1.06.01-AM.png","width":2112,"height":1086,"caption":"PureHiveHoney"},"image":{"@id":"https:\/\/purehivehoney.com\/de\/#\/schema\/logo\/image\/"}}]}},"_links":{"self":[{"href":"https:\/\/purehivehoney.com\/de\/wp-json\/wp\/v2\/product\/451","targetHints":{"allow":["GET"]}}],"collection":[{"href":"https:\/\/purehivehoney.com\/de\/wp-json\/wp\/v2\/product"}],"about":[{"href":"https:\/\/purehivehoney.com\/de\/wp-json\/wp\/v2\/types\/product"}],"replies":[{"embeddable":true,"href":"https:\/\/purehivehoney.com\/de\/wp-json\/wp\/v2\/comments?post=451"}],"wp:featuredmedia":[{"embeddable":true,"href":"https:\/\/purehivehoney.com\/de\/wp-json\/wp\/v2\/media\/452"}],"wp:attachment":[{"href":"https:\/\/purehivehoney.com\/de\/wp-json\/wp\/v2\/media?parent=451"}],"wp:term":[{"taxonomy":"store","embeddable":true,"href":"https:\/\/purehivehoney.com\/de\/wp-json\/wp\/v2\/store?post=451"},{"taxonomy":"product_brand","embeddable":true,"href":"https:\/\/purehivehoney.com\/de\/wp-json\/wp\/v2\/product_brand?post=451"},{"taxonomy":"product_cat","embeddable":true,"href":"https:\/\/purehivehoney.com\/de\/wp-json\/wp\/v2\/product_cat?post=451"},{"taxonomy":"product_tag","embeddable":true,"href":"https:\/\/purehivehoney.com\/de\/wp-json\/wp\/v2\/product_tag?post=451"}],"curies":[{"name":"wp","href":"https:\/\/api.w.org\/{rel}","templated":true}]}}