{"id":447,"date":"2026-03-15T23:26:42","date_gmt":"2026-03-15T23:26:42","guid":{"rendered":"https:\/\/purehivehoney.com\/de\/product\/griechischer-honig-100-rein-wildblumenbluete-260-g-aus-den-laendlichen-wiesen-von-ilia-in-den-peleponnes\/"},"modified":"2026-03-15T23:36:12","modified_gmt":"2026-03-15T23:36:12","slug":"griechischer-honig-100-rein-wildblumenbluete-260-g-aus-den-laendlichen-wiesen-von-ilia-in-den-peleponnes","status":"publish","type":"product","link":"https:\/\/purehivehoney.com\/de\/product\/griechischer-honig-100-rein-wildblumenbluete-260-g-aus-den-laendlichen-wiesen-von-ilia-in-den-peleponnes\/","title":{"rendered":"Griechischer Honig, 100 % rein, Wil..."},"content":{"rendered":"<p>    <span>Roh, reiner, kleiner griechischer Honig. <\/span><span>Enth\u00e4lt alle Vitamine, Mineralstoffe, Metalle, Proteine, Enzyme, Pollen und Antioxidantien, die nicht in raffiniertem, erhitztem, gewerblichem Honig vorhanden sind. <\/span><br \/><span>Dieser Honig stammt aus der gro\u00dfen Vielfalt der Flora von Ilia, in der Peleponnes, die im Fr\u00fchling bl\u00fchen. Nektar aus mindestens 180 Arten von Blumen ergibt einen Honig komplexer Geschmacksrichtungen, ohne zu fett oder schwer zu sein und hat ein angenehmstes Aroma. <\/span><br \/><span>Dieser Wildbl\u00fctenhonig besitzt eine reichhaltige Vielfalt an Mineralien, Spurenelementen, antiseptischen und antibakteriellen Eigenschaften. <\/span><br \/><span>Wie alle reinen Bl\u00fctenhonige kristallisiert er schnell, aber wie bei der Sorte Orangenbl\u00fcten kann er leicht wieder in den fl\u00fcssigen Zustand zur\u00fcckgegeben werden. <\/span><br \/><span>Es wird von M\u00e4rz bis Mai geerntet und ist dunklem Bernstein. Farbe und Geschmack, wie ausgezeichnete Weine, k\u00f6nnen von Saison zu Saison erheblich variieren.<\/span><br \/> Is Discontinued By Manufacturer                                            \u200f                                            :                                            \u200e                                            No   <br \/> Package Dimensions                                            \u200f                                            :                                            \u200e                                            13.7 x 9.7 x 7.3 cm; 260 g   <br \/> Manufacturer                                            \u200f                                            :                                            \u200e                                            Sinanoglou Honey Farm   <br \/> ASIN                                            \u200f                                            :                                            \u200e                                            B01N54DMZA   <br \/>Roher griechischer Honig gilt aufgrund der au\u00dfergew\u00f6hnlichen Vielfalt der Flora und der unbegrenzten, kraftvollen Sommersonne als der feinste der Welt.<br \/>Traditionell auf einem kleinen l\u00e4ndlichen Bauernhof produziert. Keine Pestizide, Chemikalien oder Farbstoffe in jeder Phase der Produktion verwendet.<br \/>Antibakteriell, antiviral und antimykotisch. Ungefiltert, ungeheizt und ungepasteurisiert.<br \/>Enth\u00e4lt \u00fcber 5000 Enzyme &#8211; der lebende Enzymgehalt von Rohhonig geh\u00f6rt zu den h\u00f6chsten aller Lebensmittel. Enth\u00e4lt au\u00dferdem 27 Mineralien, Metalle und Spurenelemente, 22 Aminos\u00e4uren, Vitamin A, B, C, D, E und K und hat einen sehr hohen Antioxidantiengehalt.<br \/>Im griechischen rohen Honig gibt es Substanzen, die vielleicht f\u00fcr seine ziemlich erstaunlichen Eigenschaften verantwortlich sein k\u00f6nnen.<\/p>\n\n","protected":false},"excerpt":{"rendered":"<p>Roh, reiner, kleiner griechischer Honig. Enth\u00e4lt alle Vitamine, Mineralstoffe, Metalle, Proteine, Enzyme, Pollen und Antioxidantien, die nicht in raffiniertem, erhitztem, gewerblichem Honig vorhanden sind. Dieser Honig stammt aus der gro\u00dfen Vielfalt der Flora von Ilia, in der Peleponnes, die im Fr\u00fchling bl\u00fchen. Nektar aus mindestens 180 Arten von Blumen ergibt einen Honig komplexer Geschmacksrichtungen, ohne [&hellip;]<\/p>\n","protected":false},"featured_media":448,"comment_status":"open","ping_status":"closed","template":"","meta":{"_aipt_faq_data":""},"store":[],"product_brand":[92],"product_cat":[40],"product_tag":[159],"class_list":{"0":"post-447","1":"product","2":"type-product","3":"status-publish","4":"has-post-thumbnail","6":"product_brand-yiri-yiri-greek-honey","7":"product_cat-bio-roher-honig","8":"product_tag-bio-roher-honig-im-glas","10":"first","11":"instock","12":"sale","13":"shipping-taxable","14":"product-type-external"},"yoast_head":"<!-- This site is optimized with the Yoast SEO plugin v27.4 - https:\/\/yoast.com\/product\/yoast-seo-wordpress\/ -->\n<title>Griechischer Honig, 100 % rein, Wildblumenbl\u00fcte, 260 g, aus den l\u00e4ndlichen Wiesen von Ilia, in den Peleponnes. - PureHiveHoney<\/title>\n<meta name=\"description\" content=\"Entdecken Sie hochwertigen Rohhonig, Bio Honig, Manuka Honig und nat\u00fcrliche Bienenprodukte. PureHiveHoney hilft Ihnen dabei, sorgf\u00e4ltig ausgew\u00e4hlte Honigsorten mit nat\u00fcrlicher Qualit\u00e4t und Reinheit zu entdecken.\" \/>\n<meta name=\"robots\" content=\"index, follow, max-snippet:-1, max-image-preview:large, max-video-preview:-1\" \/>\n<link rel=\"canonical\" href=\"https:\/\/purehivehoney.com\/de\/product\/griechischer-honig-100-rein-wildblumenbluete-260-g-aus-den-laendlichen-wiesen-von-ilia-in-den-peleponnes\/\" \/>\n<meta property=\"og:locale\" content=\"de_DE\" \/>\n<meta property=\"og:type\" content=\"article\" \/>\n<meta property=\"og:title\" content=\"Griechischer Honig, 100 % rein, Wildblumenbl\u00fcte, 260 g, aus den l\u00e4ndlichen Wiesen von Ilia, in den Peleponnes. - PureHiveHoney\" \/>\n<meta property=\"og:description\" content=\"Entdecken Sie hochwertigen Rohhonig, Bio Honig, Manuka Honig und nat\u00fcrliche Bienenprodukte. PureHiveHoney hilft Ihnen dabei, sorgf\u00e4ltig ausgew\u00e4hlte Honigsorten mit nat\u00fcrlicher Qualit\u00e4t und Reinheit zu entdecken.\" \/>\n<meta property=\"og:url\" content=\"https:\/\/purehivehoney.com\/de\/product\/griechischer-honig-100-rein-wildblumenbluete-260-g-aus-den-laendlichen-wiesen-von-ilia-in-den-peleponnes\/\" \/>\n<meta property=\"og:site_name\" content=\"PureHiveHoney\" \/>\n<meta property=\"article:modified_time\" content=\"2026-03-15T23:36:12+00:00\" \/>\n<meta name=\"twitter:card\" content=\"summary_large_image\" \/>\n<meta name=\"twitter:label1\" content=\"Gesch\u00e4tzte Lesezeit\" \/>\n\t<meta name=\"twitter:data1\" content=\"1\u00a0Minute\" \/>\n<script type=\"application\/ld+json\" class=\"yoast-schema-graph\">{\"@context\":\"https:\\\/\\\/schema.org\",\"@graph\":[{\"@type\":\"WebPage\",\"@id\":\"https:\\\/\\\/purehivehoney.com\\\/de\\\/product\\\/griechischer-honig-100-rein-wildblumenbluete-260-g-aus-den-laendlichen-wiesen-von-ilia-in-den-peleponnes\\\/\",\"url\":\"https:\\\/\\\/purehivehoney.com\\\/de\\\/product\\\/griechischer-honig-100-rein-wildblumenbluete-260-g-aus-den-laendlichen-wiesen-von-ilia-in-den-peleponnes\\\/\",\"name\":\"Griechischer Honig, 100 % rein, Wildblumenbl\u00fcte, 260 g, aus den l\u00e4ndlichen Wiesen von Ilia, in den Peleponnes. - PureHiveHoney\",\"isPartOf\":{\"@id\":\"https:\\\/\\\/purehivehoney.com\\\/de\\\/#website\"},\"primaryImageOfPage\":{\"@id\":\"https:\\\/\\\/purehivehoney.com\\\/de\\\/product\\\/griechischer-honig-100-rein-wildblumenbluete-260-g-aus-den-laendlichen-wiesen-von-ilia-in-den-peleponnes\\\/#primaryimage\"},\"image\":{\"@id\":\"https:\\\/\\\/purehivehoney.com\\\/de\\\/product\\\/griechischer-honig-100-rein-wildblumenbluete-260-g-aus-den-laendlichen-wiesen-von-ilia-in-den-peleponnes\\\/#primaryimage\"},\"thumbnailUrl\":\"https:\\\/\\\/purehivehoney.com\\\/de\\\/wp-content\\\/uploads\\\/2026\\\/03\\\/81dTuV3YJAL._SL1500_.jpg\",\"datePublished\":\"2026-03-15T23:26:42+00:00\",\"dateModified\":\"2026-03-15T23:36:12+00:00\",\"description\":\"Entdecken Sie hochwertigen Rohhonig, Bio Honig, Manuka Honig und nat\u00fcrliche Bienenprodukte. PureHiveHoney hilft Ihnen dabei, sorgf\u00e4ltig ausgew\u00e4hlte Honigsorten mit nat\u00fcrlicher Qualit\u00e4t und Reinheit zu entdecken.\",\"breadcrumb\":{\"@id\":\"https:\\\/\\\/purehivehoney.com\\\/de\\\/product\\\/griechischer-honig-100-rein-wildblumenbluete-260-g-aus-den-laendlichen-wiesen-von-ilia-in-den-peleponnes\\\/#breadcrumb\"},\"inLanguage\":\"de\",\"potentialAction\":[{\"@type\":\"ReadAction\",\"target\":[\"https:\\\/\\\/purehivehoney.com\\\/de\\\/product\\\/griechischer-honig-100-rein-wildblumenbluete-260-g-aus-den-laendlichen-wiesen-von-ilia-in-den-peleponnes\\\/\"]}]},{\"@type\":\"ImageObject\",\"inLanguage\":\"de\",\"@id\":\"https:\\\/\\\/purehivehoney.com\\\/de\\\/product\\\/griechischer-honig-100-rein-wildblumenbluete-260-g-aus-den-laendlichen-wiesen-von-ilia-in-den-peleponnes\\\/#primaryimage\",\"url\":\"https:\\\/\\\/purehivehoney.com\\\/de\\\/wp-content\\\/uploads\\\/2026\\\/03\\\/81dTuV3YJAL._SL1500_.jpg\",\"contentUrl\":\"https:\\\/\\\/purehivehoney.com\\\/de\\\/wp-content\\\/uploads\\\/2026\\\/03\\\/81dTuV3YJAL._SL1500_.jpg\",\"width\":1171,\"height\":1500},{\"@type\":\"BreadcrumbList\",\"@id\":\"https:\\\/\\\/purehivehoney.com\\\/de\\\/product\\\/griechischer-honig-100-rein-wildblumenbluete-260-g-aus-den-laendlichen-wiesen-von-ilia-in-den-peleponnes\\\/#breadcrumb\",\"itemListElement\":[{\"@type\":\"ListItem\",\"position\":1,\"name\":\"Home\",\"item\":\"https:\\\/\\\/purehivehoney.com\\\/de\\\/\"},{\"@type\":\"ListItem\",\"position\":2,\"name\":\"Shop\",\"item\":\"https:\\\/\\\/purehivehoney.com\\\/de\\\/shop\\\/\"},{\"@type\":\"ListItem\",\"position\":3,\"name\":\"Griechischer Honig, 100 % rein, Wil...\"}]},{\"@type\":\"WebSite\",\"@id\":\"https:\\\/\\\/purehivehoney.com\\\/de\\\/#website\",\"url\":\"https:\\\/\\\/purehivehoney.com\\\/de\\\/\",\"name\":\"PureHiveHoney\",\"description\":\"Reiner Honig &amp; Bienenprodukte Online | Rohhonig, Bio Honig &amp; Spezialhonig\",\"publisher\":{\"@id\":\"https:\\\/\\\/purehivehoney.com\\\/de\\\/#organization\"},\"potentialAction\":[{\"@type\":\"SearchAction\",\"target\":{\"@type\":\"EntryPoint\",\"urlTemplate\":\"https:\\\/\\\/purehivehoney.com\\\/de\\\/?s={search_term_string}\"},\"query-input\":{\"@type\":\"PropertyValueSpecification\",\"valueRequired\":true,\"valueName\":\"search_term_string\"}}],\"inLanguage\":\"de\"},{\"@type\":\"Organization\",\"@id\":\"https:\\\/\\\/purehivehoney.com\\\/de\\\/#organization\",\"name\":\"PureHiveHoney\",\"url\":\"https:\\\/\\\/purehivehoney.com\\\/de\\\/\",\"logo\":{\"@type\":\"ImageObject\",\"inLanguage\":\"de\",\"@id\":\"https:\\\/\\\/purehivehoney.com\\\/de\\\/#\\\/schema\\\/logo\\\/image\\\/\",\"url\":\"https:\\\/\\\/purehivehoney.com\\\/de\\\/wp-content\\\/uploads\\\/2026\\\/03\\\/Screenshot-2026-03-16-at-1.06.01-AM.png\",\"contentUrl\":\"https:\\\/\\\/purehivehoney.com\\\/de\\\/wp-content\\\/uploads\\\/2026\\\/03\\\/Screenshot-2026-03-16-at-1.06.01-AM.png\",\"width\":2112,\"height\":1086,\"caption\":\"PureHiveHoney\"},\"image\":{\"@id\":\"https:\\\/\\\/purehivehoney.com\\\/de\\\/#\\\/schema\\\/logo\\\/image\\\/\"}}]}<\/script>\n<!-- \/ Yoast SEO plugin. -->","yoast_head_json":{"title":"Griechischer Honig, 100 % rein, Wildblumenbl\u00fcte, 260 g, aus den l\u00e4ndlichen Wiesen von Ilia, in den Peleponnes. - PureHiveHoney","description":"Entdecken Sie hochwertigen Rohhonig, Bio Honig, Manuka Honig und nat\u00fcrliche Bienenprodukte. PureHiveHoney hilft Ihnen dabei, sorgf\u00e4ltig ausgew\u00e4hlte Honigsorten mit nat\u00fcrlicher Qualit\u00e4t und Reinheit zu entdecken.","robots":{"index":"index","follow":"follow","max-snippet":"max-snippet:-1","max-image-preview":"max-image-preview:large","max-video-preview":"max-video-preview:-1"},"canonical":"https:\/\/purehivehoney.com\/de\/product\/griechischer-honig-100-rein-wildblumenbluete-260-g-aus-den-laendlichen-wiesen-von-ilia-in-den-peleponnes\/","og_locale":"de_DE","og_type":"article","og_title":"Griechischer Honig, 100 % rein, Wildblumenbl\u00fcte, 260 g, aus den l\u00e4ndlichen Wiesen von Ilia, in den Peleponnes. - PureHiveHoney","og_description":"Entdecken Sie hochwertigen Rohhonig, Bio Honig, Manuka Honig und nat\u00fcrliche Bienenprodukte. PureHiveHoney hilft Ihnen dabei, sorgf\u00e4ltig ausgew\u00e4hlte Honigsorten mit nat\u00fcrlicher Qualit\u00e4t und Reinheit zu entdecken.","og_url":"https:\/\/purehivehoney.com\/de\/product\/griechischer-honig-100-rein-wildblumenbluete-260-g-aus-den-laendlichen-wiesen-von-ilia-in-den-peleponnes\/","og_site_name":"PureHiveHoney","article_modified_time":"2026-03-15T23:36:12+00:00","twitter_card":"summary_large_image","twitter_misc":{"Gesch\u00e4tzte Lesezeit":"1\u00a0Minute"},"schema":{"@context":"https:\/\/schema.org","@graph":[{"@type":"WebPage","@id":"https:\/\/purehivehoney.com\/de\/product\/griechischer-honig-100-rein-wildblumenbluete-260-g-aus-den-laendlichen-wiesen-von-ilia-in-den-peleponnes\/","url":"https:\/\/purehivehoney.com\/de\/product\/griechischer-honig-100-rein-wildblumenbluete-260-g-aus-den-laendlichen-wiesen-von-ilia-in-den-peleponnes\/","name":"Griechischer Honig, 100 % rein, Wildblumenbl\u00fcte, 260 g, aus den l\u00e4ndlichen Wiesen von Ilia, in den Peleponnes. - PureHiveHoney","isPartOf":{"@id":"https:\/\/purehivehoney.com\/de\/#website"},"primaryImageOfPage":{"@id":"https:\/\/purehivehoney.com\/de\/product\/griechischer-honig-100-rein-wildblumenbluete-260-g-aus-den-laendlichen-wiesen-von-ilia-in-den-peleponnes\/#primaryimage"},"image":{"@id":"https:\/\/purehivehoney.com\/de\/product\/griechischer-honig-100-rein-wildblumenbluete-260-g-aus-den-laendlichen-wiesen-von-ilia-in-den-peleponnes\/#primaryimage"},"thumbnailUrl":"https:\/\/purehivehoney.com\/de\/wp-content\/uploads\/2026\/03\/81dTuV3YJAL._SL1500_.jpg","datePublished":"2026-03-15T23:26:42+00:00","dateModified":"2026-03-15T23:36:12+00:00","description":"Entdecken Sie hochwertigen Rohhonig, Bio Honig, Manuka Honig und nat\u00fcrliche Bienenprodukte. PureHiveHoney hilft Ihnen dabei, sorgf\u00e4ltig ausgew\u00e4hlte Honigsorten mit nat\u00fcrlicher Qualit\u00e4t und Reinheit zu entdecken.","breadcrumb":{"@id":"https:\/\/purehivehoney.com\/de\/product\/griechischer-honig-100-rein-wildblumenbluete-260-g-aus-den-laendlichen-wiesen-von-ilia-in-den-peleponnes\/#breadcrumb"},"inLanguage":"de","potentialAction":[{"@type":"ReadAction","target":["https:\/\/purehivehoney.com\/de\/product\/griechischer-honig-100-rein-wildblumenbluete-260-g-aus-den-laendlichen-wiesen-von-ilia-in-den-peleponnes\/"]}]},{"@type":"ImageObject","inLanguage":"de","@id":"https:\/\/purehivehoney.com\/de\/product\/griechischer-honig-100-rein-wildblumenbluete-260-g-aus-den-laendlichen-wiesen-von-ilia-in-den-peleponnes\/#primaryimage","url":"https:\/\/purehivehoney.com\/de\/wp-content\/uploads\/2026\/03\/81dTuV3YJAL._SL1500_.jpg","contentUrl":"https:\/\/purehivehoney.com\/de\/wp-content\/uploads\/2026\/03\/81dTuV3YJAL._SL1500_.jpg","width":1171,"height":1500},{"@type":"BreadcrumbList","@id":"https:\/\/purehivehoney.com\/de\/product\/griechischer-honig-100-rein-wildblumenbluete-260-g-aus-den-laendlichen-wiesen-von-ilia-in-den-peleponnes\/#breadcrumb","itemListElement":[{"@type":"ListItem","position":1,"name":"Home","item":"https:\/\/purehivehoney.com\/de\/"},{"@type":"ListItem","position":2,"name":"Shop","item":"https:\/\/purehivehoney.com\/de\/shop\/"},{"@type":"ListItem","position":3,"name":"Griechischer Honig, 100 % rein, Wil..."}]},{"@type":"WebSite","@id":"https:\/\/purehivehoney.com\/de\/#website","url":"https:\/\/purehivehoney.com\/de\/","name":"PureHiveHoney","description":"Reiner Honig &amp; Bienenprodukte Online | Rohhonig, Bio Honig &amp; Spezialhonig","publisher":{"@id":"https:\/\/purehivehoney.com\/de\/#organization"},"potentialAction":[{"@type":"SearchAction","target":{"@type":"EntryPoint","urlTemplate":"https:\/\/purehivehoney.com\/de\/?s={search_term_string}"},"query-input":{"@type":"PropertyValueSpecification","valueRequired":true,"valueName":"search_term_string"}}],"inLanguage":"de"},{"@type":"Organization","@id":"https:\/\/purehivehoney.com\/de\/#organization","name":"PureHiveHoney","url":"https:\/\/purehivehoney.com\/de\/","logo":{"@type":"ImageObject","inLanguage":"de","@id":"https:\/\/purehivehoney.com\/de\/#\/schema\/logo\/image\/","url":"https:\/\/purehivehoney.com\/de\/wp-content\/uploads\/2026\/03\/Screenshot-2026-03-16-at-1.06.01-AM.png","contentUrl":"https:\/\/purehivehoney.com\/de\/wp-content\/uploads\/2026\/03\/Screenshot-2026-03-16-at-1.06.01-AM.png","width":2112,"height":1086,"caption":"PureHiveHoney"},"image":{"@id":"https:\/\/purehivehoney.com\/de\/#\/schema\/logo\/image\/"}}]}},"_links":{"self":[{"href":"https:\/\/purehivehoney.com\/de\/wp-json\/wp\/v2\/product\/447","targetHints":{"allow":["GET"]}}],"collection":[{"href":"https:\/\/purehivehoney.com\/de\/wp-json\/wp\/v2\/product"}],"about":[{"href":"https:\/\/purehivehoney.com\/de\/wp-json\/wp\/v2\/types\/product"}],"replies":[{"embeddable":true,"href":"https:\/\/purehivehoney.com\/de\/wp-json\/wp\/v2\/comments?post=447"}],"wp:featuredmedia":[{"embeddable":true,"href":"https:\/\/purehivehoney.com\/de\/wp-json\/wp\/v2\/media\/448"}],"wp:attachment":[{"href":"https:\/\/purehivehoney.com\/de\/wp-json\/wp\/v2\/media?parent=447"}],"wp:term":[{"taxonomy":"store","embeddable":true,"href":"https:\/\/purehivehoney.com\/de\/wp-json\/wp\/v2\/store?post=447"},{"taxonomy":"product_brand","embeddable":true,"href":"https:\/\/purehivehoney.com\/de\/wp-json\/wp\/v2\/product_brand?post=447"},{"taxonomy":"product_cat","embeddable":true,"href":"https:\/\/purehivehoney.com\/de\/wp-json\/wp\/v2\/product_cat?post=447"},{"taxonomy":"product_tag","embeddable":true,"href":"https:\/\/purehivehoney.com\/de\/wp-json\/wp\/v2\/product_tag?post=447"}],"curies":[{"name":"wp","href":"https:\/\/api.w.org\/{rel}","templated":true}]}}