{"id":438,"date":"2026-03-15T23:22:33","date_gmt":"2026-03-15T23:22:33","guid":{"rendered":"https:\/\/purehivehoney.com\/de\/product\/raw-griechischer-honig-100-rein-kiefer-aus-dem-berg-von-mantoudi-260g\/"},"modified":"2026-03-15T23:36:12","modified_gmt":"2026-03-15T23:36:12","slug":"raw-griechischer-honig-100-rein-kiefer-aus-dem-berg-von-mantoudi-260g","status":"publish","type":"product","link":"https:\/\/purehivehoney.com\/de\/product\/raw-griechischer-honig-100-rein-kiefer-aus-dem-berg-von-mantoudi-260g\/","title":{"rendered":"Raw-griechischer Honig, 100 % rein ..."},"content":{"rendered":"<p>    <span>Roher, reiner, kleiner griechischer Honig. <\/span><span>Enth\u00e4lt alle Vitamine, Mineralien, Metalle, Proteine, Enzyme, Pollen und Antioxidantien, die nicht in raffinierten, beheizten, gewerblichen Honig enthalten sind. <\/span><br \/><span>Der Berg von Mantoudi wird von Kiefernb\u00e4umen dominiert. Dort lebt das Schuppeninsekt Archalina Hellenica auf dem Saft dieser Kiefernb\u00e4ume und produziert so den bemerkenswerten Honigtau, durch den unsere Bienen diesen exquisiten Honig produzieren. <\/span><br \/><span>Es hat eine dezente S\u00fc\u00dfe (typisch f\u00fcr Waldhonig), ein malziges, w\u00fcrziges Aroma und einen holzigen, leicht karamellisierten Geschmack und Nachgeschmack. <\/span><br \/><span>Durch die geringe Zuckerkonzentration enth\u00e4lt es weniger Kalorien im Vergleich zu Bl\u00fctenhonig. <\/span><br \/><span>Es hat jedoch wichtige N\u00e4hrwerte mit einem hohen Aschegehalt und ist reich an Metallen und allen Mineralien. <\/span><br \/><span>Es ist ideal bei Rachenerkrankungen und allgemeinen Atemwegsproblemen und hat diuretische Eigenschaften.<\/span><br \/> Is Discontinued By Manufacturer                                            \u200f                                            :                                            \u200e                                            No   <br \/> Package Dimensions                                            \u200f                                            :                                            \u200e                                            11 x 8.5 x 8.5 cm; 260 g   <br \/> Manufacturer                                            \u200f                                            :                                            \u200e                                            Sinanoglou Honey Farm   <br \/> ASIN                                            \u200f                                            :                                            \u200e                                            B01N7C5MEL   <br \/>Roher griechischer Honig gilt als der feinste der Welt aufgrund der au\u00dfergew\u00f6hnlichen Vielfalt der Flora und der unbegrenzten, kraftvollen Sommersonne.<br \/>Traditionell auf Sinanoglous kleiner Bauernhof. Keine Pestizide, Chemikalien oder Farbstoffe in jeder Produktionsphase.<br \/>Antibakteriell, antiviral und antimykotisch. ungefiltert, unerhitzt und unpasteurisiert<br \/>Enth\u00e4lt \u00fcber 5000 Enzyme &#8211; Der lebende Enzymgehalt von Rohhonig geh\u00f6rt zu den h\u00f6chsten Lebensmitteln. Enth\u00e4lt auch 27 Mineralstoffe, Metalle und Spurenelemente, 22 Aminos\u00e4uren, Vitamine A, B, C, D, E und K und hat einen sehr hohen antioxidativen Wert.<br \/>Es gibt Stoffe in rohen griechischen Honig, da sie noch einheitlich sind, die f\u00fcr ihre ziemlich erstaunlichen Eigenschaften verantwortlich sein k\u00f6nnen.<\/p>\n\n","protected":false},"excerpt":{"rendered":"<p>Roher, reiner, kleiner griechischer Honig. Enth\u00e4lt alle Vitamine, Mineralien, Metalle, Proteine, Enzyme, Pollen und Antioxidantien, die nicht in raffinierten, beheizten, gewerblichen Honig enthalten sind. Der Berg von Mantoudi wird von Kiefernb\u00e4umen dominiert. Dort lebt das Schuppeninsekt Archalina Hellenica auf dem Saft dieser Kiefernb\u00e4ume und produziert so den bemerkenswerten Honigtau, durch den unsere Bienen diesen exquisiten [&hellip;]<\/p>\n","protected":false},"featured_media":439,"comment_status":"open","ping_status":"closed","template":"","meta":{"_aipt_faq_data":""},"store":[],"product_brand":[92],"product_cat":[43],"product_tag":[157],"class_list":{"0":"post-438","1":"product","2":"type-product","3":"status-publish","4":"has-post-thumbnail","6":"product_brand-yiri-yiri-greek-honey","7":"product_cat-waldhonig","8":"product_tag-naturbelassener-waldhonig","10":"first","11":"instock","12":"sale","13":"shipping-taxable","14":"product-type-external"},"yoast_head":"<!-- This site is optimized with the Yoast SEO plugin v27.4 - https:\/\/yoast.com\/product\/yoast-seo-wordpress\/ -->\n<title>Raw-griechischer Honig, 100 % rein \u2013 Kiefer \u2013 aus dem Berg von Mantoudi. 260g - PureHiveHoney<\/title>\n<meta name=\"description\" content=\"Entdecken Sie hochwertigen Rohhonig, Bio Honig, Manuka Honig und nat\u00fcrliche Bienenprodukte. PureHiveHoney hilft Ihnen dabei, sorgf\u00e4ltig ausgew\u00e4hlte Honigsorten mit nat\u00fcrlicher Qualit\u00e4t und Reinheit zu entdecken.\" \/>\n<meta name=\"robots\" content=\"index, follow, max-snippet:-1, max-image-preview:large, max-video-preview:-1\" \/>\n<link rel=\"canonical\" href=\"https:\/\/purehivehoney.com\/de\/product\/raw-griechischer-honig-100-rein-kiefer-aus-dem-berg-von-mantoudi-260g\/\" \/>\n<meta property=\"og:locale\" content=\"de_DE\" \/>\n<meta property=\"og:type\" content=\"article\" \/>\n<meta property=\"og:title\" content=\"Raw-griechischer Honig, 100 % rein \u2013 Kiefer \u2013 aus dem Berg von Mantoudi. 260g - PureHiveHoney\" \/>\n<meta property=\"og:description\" content=\"Entdecken Sie hochwertigen Rohhonig, Bio Honig, Manuka Honig und nat\u00fcrliche Bienenprodukte. PureHiveHoney hilft Ihnen dabei, sorgf\u00e4ltig ausgew\u00e4hlte Honigsorten mit nat\u00fcrlicher Qualit\u00e4t und Reinheit zu entdecken.\" \/>\n<meta property=\"og:url\" content=\"https:\/\/purehivehoney.com\/de\/product\/raw-griechischer-honig-100-rein-kiefer-aus-dem-berg-von-mantoudi-260g\/\" \/>\n<meta property=\"og:site_name\" content=\"PureHiveHoney\" \/>\n<meta property=\"article:modified_time\" content=\"2026-03-15T23:36:12+00:00\" \/>\n<meta name=\"twitter:card\" content=\"summary_large_image\" \/>\n<meta name=\"twitter:label1\" content=\"Gesch\u00e4tzte Lesezeit\" \/>\n\t<meta name=\"twitter:data1\" content=\"1\u00a0Minute\" \/>\n<script type=\"application\/ld+json\" class=\"yoast-schema-graph\">{\"@context\":\"https:\\\/\\\/schema.org\",\"@graph\":[{\"@type\":\"WebPage\",\"@id\":\"https:\\\/\\\/purehivehoney.com\\\/de\\\/product\\\/raw-griechischer-honig-100-rein-kiefer-aus-dem-berg-von-mantoudi-260g\\\/\",\"url\":\"https:\\\/\\\/purehivehoney.com\\\/de\\\/product\\\/raw-griechischer-honig-100-rein-kiefer-aus-dem-berg-von-mantoudi-260g\\\/\",\"name\":\"Raw-griechischer Honig, 100 % rein \u2013 Kiefer \u2013 aus dem Berg von Mantoudi. 260g - PureHiveHoney\",\"isPartOf\":{\"@id\":\"https:\\\/\\\/purehivehoney.com\\\/de\\\/#website\"},\"primaryImageOfPage\":{\"@id\":\"https:\\\/\\\/purehivehoney.com\\\/de\\\/product\\\/raw-griechischer-honig-100-rein-kiefer-aus-dem-berg-von-mantoudi-260g\\\/#primaryimage\"},\"image\":{\"@id\":\"https:\\\/\\\/purehivehoney.com\\\/de\\\/product\\\/raw-griechischer-honig-100-rein-kiefer-aus-dem-berg-von-mantoudi-260g\\\/#primaryimage\"},\"thumbnailUrl\":\"https:\\\/\\\/purehivehoney.com\\\/de\\\/wp-content\\\/uploads\\\/2026\\\/03\\\/71m0d3lEY8L._SL1200_.jpg\",\"datePublished\":\"2026-03-15T23:22:33+00:00\",\"dateModified\":\"2026-03-15T23:36:12+00:00\",\"description\":\"Entdecken Sie hochwertigen Rohhonig, Bio Honig, Manuka Honig und nat\u00fcrliche Bienenprodukte. PureHiveHoney hilft Ihnen dabei, sorgf\u00e4ltig ausgew\u00e4hlte Honigsorten mit nat\u00fcrlicher Qualit\u00e4t und Reinheit zu entdecken.\",\"breadcrumb\":{\"@id\":\"https:\\\/\\\/purehivehoney.com\\\/de\\\/product\\\/raw-griechischer-honig-100-rein-kiefer-aus-dem-berg-von-mantoudi-260g\\\/#breadcrumb\"},\"inLanguage\":\"de\",\"potentialAction\":[{\"@type\":\"ReadAction\",\"target\":[\"https:\\\/\\\/purehivehoney.com\\\/de\\\/product\\\/raw-griechischer-honig-100-rein-kiefer-aus-dem-berg-von-mantoudi-260g\\\/\"]}]},{\"@type\":\"ImageObject\",\"inLanguage\":\"de\",\"@id\":\"https:\\\/\\\/purehivehoney.com\\\/de\\\/product\\\/raw-griechischer-honig-100-rein-kiefer-aus-dem-berg-von-mantoudi-260g\\\/#primaryimage\",\"url\":\"https:\\\/\\\/purehivehoney.com\\\/de\\\/wp-content\\\/uploads\\\/2026\\\/03\\\/71m0d3lEY8L._SL1200_.jpg\",\"contentUrl\":\"https:\\\/\\\/purehivehoney.com\\\/de\\\/wp-content\\\/uploads\\\/2026\\\/03\\\/71m0d3lEY8L._SL1200_.jpg\",\"width\":1200,\"height\":1200},{\"@type\":\"BreadcrumbList\",\"@id\":\"https:\\\/\\\/purehivehoney.com\\\/de\\\/product\\\/raw-griechischer-honig-100-rein-kiefer-aus-dem-berg-von-mantoudi-260g\\\/#breadcrumb\",\"itemListElement\":[{\"@type\":\"ListItem\",\"position\":1,\"name\":\"Home\",\"item\":\"https:\\\/\\\/purehivehoney.com\\\/de\\\/\"},{\"@type\":\"ListItem\",\"position\":2,\"name\":\"Shop\",\"item\":\"https:\\\/\\\/purehivehoney.com\\\/de\\\/shop\\\/\"},{\"@type\":\"ListItem\",\"position\":3,\"name\":\"Raw-griechischer Honig, 100 % rein ...\"}]},{\"@type\":\"WebSite\",\"@id\":\"https:\\\/\\\/purehivehoney.com\\\/de\\\/#website\",\"url\":\"https:\\\/\\\/purehivehoney.com\\\/de\\\/\",\"name\":\"PureHiveHoney\",\"description\":\"Reiner Honig &amp; Bienenprodukte Online | Rohhonig, Bio Honig &amp; Spezialhonig\",\"publisher\":{\"@id\":\"https:\\\/\\\/purehivehoney.com\\\/de\\\/#organization\"},\"potentialAction\":[{\"@type\":\"SearchAction\",\"target\":{\"@type\":\"EntryPoint\",\"urlTemplate\":\"https:\\\/\\\/purehivehoney.com\\\/de\\\/?s={search_term_string}\"},\"query-input\":{\"@type\":\"PropertyValueSpecification\",\"valueRequired\":true,\"valueName\":\"search_term_string\"}}],\"inLanguage\":\"de\"},{\"@type\":\"Organization\",\"@id\":\"https:\\\/\\\/purehivehoney.com\\\/de\\\/#organization\",\"name\":\"PureHiveHoney\",\"url\":\"https:\\\/\\\/purehivehoney.com\\\/de\\\/\",\"logo\":{\"@type\":\"ImageObject\",\"inLanguage\":\"de\",\"@id\":\"https:\\\/\\\/purehivehoney.com\\\/de\\\/#\\\/schema\\\/logo\\\/image\\\/\",\"url\":\"https:\\\/\\\/purehivehoney.com\\\/de\\\/wp-content\\\/uploads\\\/2026\\\/03\\\/Screenshot-2026-03-16-at-1.06.01-AM.png\",\"contentUrl\":\"https:\\\/\\\/purehivehoney.com\\\/de\\\/wp-content\\\/uploads\\\/2026\\\/03\\\/Screenshot-2026-03-16-at-1.06.01-AM.png\",\"width\":2112,\"height\":1086,\"caption\":\"PureHiveHoney\"},\"image\":{\"@id\":\"https:\\\/\\\/purehivehoney.com\\\/de\\\/#\\\/schema\\\/logo\\\/image\\\/\"}}]}<\/script>\n<!-- \/ Yoast SEO plugin. -->","yoast_head_json":{"title":"Raw-griechischer Honig, 100 % rein \u2013 Kiefer \u2013 aus dem Berg von Mantoudi. 260g - PureHiveHoney","description":"Entdecken Sie hochwertigen Rohhonig, Bio Honig, Manuka Honig und nat\u00fcrliche Bienenprodukte. PureHiveHoney hilft Ihnen dabei, sorgf\u00e4ltig ausgew\u00e4hlte Honigsorten mit nat\u00fcrlicher Qualit\u00e4t und Reinheit zu entdecken.","robots":{"index":"index","follow":"follow","max-snippet":"max-snippet:-1","max-image-preview":"max-image-preview:large","max-video-preview":"max-video-preview:-1"},"canonical":"https:\/\/purehivehoney.com\/de\/product\/raw-griechischer-honig-100-rein-kiefer-aus-dem-berg-von-mantoudi-260g\/","og_locale":"de_DE","og_type":"article","og_title":"Raw-griechischer Honig, 100 % rein \u2013 Kiefer \u2013 aus dem Berg von Mantoudi. 260g - PureHiveHoney","og_description":"Entdecken Sie hochwertigen Rohhonig, Bio Honig, Manuka Honig und nat\u00fcrliche Bienenprodukte. PureHiveHoney hilft Ihnen dabei, sorgf\u00e4ltig ausgew\u00e4hlte Honigsorten mit nat\u00fcrlicher Qualit\u00e4t und Reinheit zu entdecken.","og_url":"https:\/\/purehivehoney.com\/de\/product\/raw-griechischer-honig-100-rein-kiefer-aus-dem-berg-von-mantoudi-260g\/","og_site_name":"PureHiveHoney","article_modified_time":"2026-03-15T23:36:12+00:00","twitter_card":"summary_large_image","twitter_misc":{"Gesch\u00e4tzte Lesezeit":"1\u00a0Minute"},"schema":{"@context":"https:\/\/schema.org","@graph":[{"@type":"WebPage","@id":"https:\/\/purehivehoney.com\/de\/product\/raw-griechischer-honig-100-rein-kiefer-aus-dem-berg-von-mantoudi-260g\/","url":"https:\/\/purehivehoney.com\/de\/product\/raw-griechischer-honig-100-rein-kiefer-aus-dem-berg-von-mantoudi-260g\/","name":"Raw-griechischer Honig, 100 % rein \u2013 Kiefer \u2013 aus dem Berg von Mantoudi. 260g - PureHiveHoney","isPartOf":{"@id":"https:\/\/purehivehoney.com\/de\/#website"},"primaryImageOfPage":{"@id":"https:\/\/purehivehoney.com\/de\/product\/raw-griechischer-honig-100-rein-kiefer-aus-dem-berg-von-mantoudi-260g\/#primaryimage"},"image":{"@id":"https:\/\/purehivehoney.com\/de\/product\/raw-griechischer-honig-100-rein-kiefer-aus-dem-berg-von-mantoudi-260g\/#primaryimage"},"thumbnailUrl":"https:\/\/purehivehoney.com\/de\/wp-content\/uploads\/2026\/03\/71m0d3lEY8L._SL1200_.jpg","datePublished":"2026-03-15T23:22:33+00:00","dateModified":"2026-03-15T23:36:12+00:00","description":"Entdecken Sie hochwertigen Rohhonig, Bio Honig, Manuka Honig und nat\u00fcrliche Bienenprodukte. PureHiveHoney hilft Ihnen dabei, sorgf\u00e4ltig ausgew\u00e4hlte Honigsorten mit nat\u00fcrlicher Qualit\u00e4t und Reinheit zu entdecken.","breadcrumb":{"@id":"https:\/\/purehivehoney.com\/de\/product\/raw-griechischer-honig-100-rein-kiefer-aus-dem-berg-von-mantoudi-260g\/#breadcrumb"},"inLanguage":"de","potentialAction":[{"@type":"ReadAction","target":["https:\/\/purehivehoney.com\/de\/product\/raw-griechischer-honig-100-rein-kiefer-aus-dem-berg-von-mantoudi-260g\/"]}]},{"@type":"ImageObject","inLanguage":"de","@id":"https:\/\/purehivehoney.com\/de\/product\/raw-griechischer-honig-100-rein-kiefer-aus-dem-berg-von-mantoudi-260g\/#primaryimage","url":"https:\/\/purehivehoney.com\/de\/wp-content\/uploads\/2026\/03\/71m0d3lEY8L._SL1200_.jpg","contentUrl":"https:\/\/purehivehoney.com\/de\/wp-content\/uploads\/2026\/03\/71m0d3lEY8L._SL1200_.jpg","width":1200,"height":1200},{"@type":"BreadcrumbList","@id":"https:\/\/purehivehoney.com\/de\/product\/raw-griechischer-honig-100-rein-kiefer-aus-dem-berg-von-mantoudi-260g\/#breadcrumb","itemListElement":[{"@type":"ListItem","position":1,"name":"Home","item":"https:\/\/purehivehoney.com\/de\/"},{"@type":"ListItem","position":2,"name":"Shop","item":"https:\/\/purehivehoney.com\/de\/shop\/"},{"@type":"ListItem","position":3,"name":"Raw-griechischer Honig, 100 % rein ..."}]},{"@type":"WebSite","@id":"https:\/\/purehivehoney.com\/de\/#website","url":"https:\/\/purehivehoney.com\/de\/","name":"PureHiveHoney","description":"Reiner Honig &amp; Bienenprodukte Online | Rohhonig, Bio Honig &amp; Spezialhonig","publisher":{"@id":"https:\/\/purehivehoney.com\/de\/#organization"},"potentialAction":[{"@type":"SearchAction","target":{"@type":"EntryPoint","urlTemplate":"https:\/\/purehivehoney.com\/de\/?s={search_term_string}"},"query-input":{"@type":"PropertyValueSpecification","valueRequired":true,"valueName":"search_term_string"}}],"inLanguage":"de"},{"@type":"Organization","@id":"https:\/\/purehivehoney.com\/de\/#organization","name":"PureHiveHoney","url":"https:\/\/purehivehoney.com\/de\/","logo":{"@type":"ImageObject","inLanguage":"de","@id":"https:\/\/purehivehoney.com\/de\/#\/schema\/logo\/image\/","url":"https:\/\/purehivehoney.com\/de\/wp-content\/uploads\/2026\/03\/Screenshot-2026-03-16-at-1.06.01-AM.png","contentUrl":"https:\/\/purehivehoney.com\/de\/wp-content\/uploads\/2026\/03\/Screenshot-2026-03-16-at-1.06.01-AM.png","width":2112,"height":1086,"caption":"PureHiveHoney"},"image":{"@id":"https:\/\/purehivehoney.com\/de\/#\/schema\/logo\/image\/"}}]}},"_links":{"self":[{"href":"https:\/\/purehivehoney.com\/de\/wp-json\/wp\/v2\/product\/438","targetHints":{"allow":["GET"]}}],"collection":[{"href":"https:\/\/purehivehoney.com\/de\/wp-json\/wp\/v2\/product"}],"about":[{"href":"https:\/\/purehivehoney.com\/de\/wp-json\/wp\/v2\/types\/product"}],"replies":[{"embeddable":true,"href":"https:\/\/purehivehoney.com\/de\/wp-json\/wp\/v2\/comments?post=438"}],"wp:featuredmedia":[{"embeddable":true,"href":"https:\/\/purehivehoney.com\/de\/wp-json\/wp\/v2\/media\/439"}],"wp:attachment":[{"href":"https:\/\/purehivehoney.com\/de\/wp-json\/wp\/v2\/media?parent=438"}],"wp:term":[{"taxonomy":"store","embeddable":true,"href":"https:\/\/purehivehoney.com\/de\/wp-json\/wp\/v2\/store?post=438"},{"taxonomy":"product_brand","embeddable":true,"href":"https:\/\/purehivehoney.com\/de\/wp-json\/wp\/v2\/product_brand?post=438"},{"taxonomy":"product_cat","embeddable":true,"href":"https:\/\/purehivehoney.com\/de\/wp-json\/wp\/v2\/product_cat?post=438"},{"taxonomy":"product_tag","embeddable":true,"href":"https:\/\/purehivehoney.com\/de\/wp-json\/wp\/v2\/product_tag?post=438"}],"curies":[{"name":"wp","href":"https:\/\/api.w.org\/{rel}","templated":true}]}}