{"id":390,"date":"2026-03-15T23:10:26","date_gmt":"2026-03-15T23:10:26","guid":{"rendered":"https:\/\/purehivehoney.com\/de\/product\/magiclulu-sirupspender-aus-glas-und-edelstahl-mit-pumpendesign-sicher-und-einfach-zu-lagern-zum-aufbewahren-von-honig-und-saft-in-kueche\/"},"modified":"2026-03-15T23:36:12","modified_gmt":"2026-03-15T23:36:12","slug":"magiclulu-sirupspender-aus-glas-und-edelstahl-mit-pumpendesign-sicher-und-einfach-zu-lagern-zum-aufbewahren-von-honig-und-saft-in-kueche","status":"publish","type":"product","link":"https:\/\/purehivehoney.com\/de\/product\/magiclulu-sirupspender-aus-glas-und-edelstahl-mit-pumpendesign-sicher-und-einfach-zu-lagern-zum-aufbewahren-von-honig-und-saft-in-kueche\/","title":{"rendered":"MAGICLULU Sirupspender aus Glas und..."},"content":{"rendered":"<p>    <span class=\"a-text-bold\">Paketliste<\/span><span><br \/> 1 x Sirupspender<br \/><\/span><span class=\"a-text-bold\">Eigenschaften<\/span><span><br \/> -Farbe: Silber<br \/> -Gr\u00f6\u00dfe: 22,00 x 8,10 x 8,10 cm \/ 8,65 x 3,18 x 3,18 Zoll<br \/> -Material: Glas, Edelstahl<br \/> Produktinformation: Lotionflaschenspender<br \/> Die Aufbewahrungsflasche besteht aus hochwertigem und robustem Material. Ihre glatte Oberfl\u00e4che ist frei von Graten und verletzt oder zerkratzt die H\u00e4nde nicht.<br \/> &#8211; Das perfekte Geschenk f\u00fcr alle, die selbstgemachten Kaffee und praktische, \u00e4sthetisch ansprechende Haushaltsger\u00e4te lieben. &#8211; Dank des Pumpmechanismus dieser Flasche lassen sich Honig oder Sirup durch Dr\u00fccken des Pumpmechanismus pr\u00e4zise dosieren.<br \/> Dank seines kompakten Designs eignet sich dieser Sirupbeh\u00e4lter ideal f\u00fcr die Entnahme von Honig in Sirupspendern zu Hause.<br \/> Das vielseitige Design erm\u00f6glicht es, die Flasche auch als kleinen Wasserkocher zu verwenden \u2013 sehr praktisch. Dank des transparenten Designs l\u00e4sst sich der Zustand des Sirups in der Glasflasche leicht beobachten.<br \/><\/span><span class=\"a-text-bold\">Warenbeschreibung<\/span><span><br \/> Mehrzweckspender. Der perfekte K\u00fcchenhelfer f\u00fcr Honig, Sirup und vieles mehr. Eleganter Glas-Sirupspender. Diese Pumpflasche aus hochwertigem Glas und Edelstahl erm\u00f6glicht eine einfache Entnahme und bietet Ihnen so mehr Komfort im Alltag.<\/span>    <br \/>Sirupspenderpumpe \u2013 das perfekte geschenk f\u00fcr alle, die selbstgemachten kaffee und praktische, \u00e4sthetisch ansprechende haushaltsger\u00e4te lieben \u2013 dank des pumpendesigns dieser flasche lassen sich honig oder sirup durch dr\u00fccken der pumpe pr\u00e4zise dosieren; zuckerpumpenspender<br \/>Sirupflasche \u2013 wabenf\u00f6rmige spender sind attraktiv und einfach zu handhaben, nach der reinigung wiederverwendbar, sirupspender aus glas<br \/>Eleganter glas-kaffeesirupspender \u2013 gefertigt aus hochwertigem und sicherem glas und edelstahl, robust und langlebig, vielseitig einsetzbar<br \/>Sirupflasche aus glas mit pumpe \u2013 geeignet zum dosieren aller arten von sirupen wie schokolade, haselnuss, kokosnuss, minze, vanille, gesalzenes karamell, blaubeeren, mandel-mokka usw., handlotionspender<br \/>Zuckerspender \u2013 aus hochwertigem und robustem material, die aufbewahrungsflasche hat eine glatte, gratfreie oberfl\u00e4che, die ihre h\u00e4nde nicht verletzt oder zerkratzt; siruppumpe<\/p>\n\n","protected":false},"excerpt":{"rendered":"<p>Paketliste 1 x SirupspenderEigenschaften -Farbe: Silber -Gr\u00f6\u00dfe: 22,00 x 8,10 x 8,10 cm \/ 8,65 x 3,18 x 3,18 Zoll -Material: Glas, Edelstahl Produktinformation: Lotionflaschenspender Die Aufbewahrungsflasche besteht aus hochwertigem und robustem Material. Ihre glatte Oberfl\u00e4che ist frei von Graten und verletzt oder zerkratzt die H\u00e4nde nicht. &#8211; Das perfekte Geschenk f\u00fcr alle, die selbstgemachten [&hellip;]<\/p>\n","protected":false},"featured_media":391,"comment_status":"open","ping_status":"closed","template":"","meta":{"_aipt_faq_data":""},"store":[],"product_brand":[148],"product_cat":[53],"product_tag":[147],"class_list":{"0":"post-390","1":"product","2":"type-product","3":"status-publish","4":"has-post-thumbnail","6":"product_brand-magiclulu","7":"product_cat-vanille-honig","8":"product_tag-vanille-honig-als-geschenk","10":"first","11":"instock","12":"sale","13":"shipping-taxable","14":"product-type-external"},"yoast_head":"<!-- This site is optimized with the Yoast SEO plugin v27.4 - https:\/\/yoast.com\/product\/yoast-seo-wordpress\/ -->\n<title>MAGICLULU Sirupspender aus Glas und Edelstahl mit Pumpendesign Sicher und Einfach zu Lagern zum Aufbewahren von Honig und Saft in K\u00fcche - PureHiveHoney<\/title>\n<meta name=\"description\" content=\"Entdecken Sie hochwertigen Rohhonig, Bio Honig, Manuka Honig und nat\u00fcrliche Bienenprodukte. PureHiveHoney hilft Ihnen dabei, sorgf\u00e4ltig ausgew\u00e4hlte Honigsorten mit nat\u00fcrlicher Qualit\u00e4t und Reinheit zu entdecken.\" \/>\n<meta name=\"robots\" content=\"index, follow, max-snippet:-1, max-image-preview:large, max-video-preview:-1\" \/>\n<link rel=\"canonical\" href=\"https:\/\/purehivehoney.com\/de\/product\/magiclulu-sirupspender-aus-glas-und-edelstahl-mit-pumpendesign-sicher-und-einfach-zu-lagern-zum-aufbewahren-von-honig-und-saft-in-kueche\/\" \/>\n<meta property=\"og:locale\" content=\"de_DE\" \/>\n<meta property=\"og:type\" content=\"article\" \/>\n<meta property=\"og:title\" content=\"MAGICLULU Sirupspender aus Glas und Edelstahl mit Pumpendesign Sicher und Einfach zu Lagern zum Aufbewahren von Honig und Saft in K\u00fcche - PureHiveHoney\" \/>\n<meta property=\"og:description\" content=\"Entdecken Sie hochwertigen Rohhonig, Bio Honig, Manuka Honig und nat\u00fcrliche Bienenprodukte. PureHiveHoney hilft Ihnen dabei, sorgf\u00e4ltig ausgew\u00e4hlte Honigsorten mit nat\u00fcrlicher Qualit\u00e4t und Reinheit zu entdecken.\" \/>\n<meta property=\"og:url\" content=\"https:\/\/purehivehoney.com\/de\/product\/magiclulu-sirupspender-aus-glas-und-edelstahl-mit-pumpendesign-sicher-und-einfach-zu-lagern-zum-aufbewahren-von-honig-und-saft-in-kueche\/\" \/>\n<meta property=\"og:site_name\" content=\"PureHiveHoney\" \/>\n<meta property=\"article:modified_time\" content=\"2026-03-15T23:36:12+00:00\" \/>\n<meta name=\"twitter:card\" content=\"summary_large_image\" \/>\n<meta name=\"twitter:label1\" content=\"Gesch\u00e4tzte Lesezeit\" \/>\n\t<meta name=\"twitter:data1\" content=\"1\u00a0Minute\" \/>\n<script type=\"application\/ld+json\" class=\"yoast-schema-graph\">{\"@context\":\"https:\\\/\\\/schema.org\",\"@graph\":[{\"@type\":\"WebPage\",\"@id\":\"https:\\\/\\\/purehivehoney.com\\\/de\\\/product\\\/magiclulu-sirupspender-aus-glas-und-edelstahl-mit-pumpendesign-sicher-und-einfach-zu-lagern-zum-aufbewahren-von-honig-und-saft-in-kueche\\\/\",\"url\":\"https:\\\/\\\/purehivehoney.com\\\/de\\\/product\\\/magiclulu-sirupspender-aus-glas-und-edelstahl-mit-pumpendesign-sicher-und-einfach-zu-lagern-zum-aufbewahren-von-honig-und-saft-in-kueche\\\/\",\"name\":\"MAGICLULU Sirupspender aus Glas und Edelstahl mit Pumpendesign Sicher und Einfach zu Lagern zum Aufbewahren von Honig und Saft in K\u00fcche - PureHiveHoney\",\"isPartOf\":{\"@id\":\"https:\\\/\\\/purehivehoney.com\\\/de\\\/#website\"},\"primaryImageOfPage\":{\"@id\":\"https:\\\/\\\/purehivehoney.com\\\/de\\\/product\\\/magiclulu-sirupspender-aus-glas-und-edelstahl-mit-pumpendesign-sicher-und-einfach-zu-lagern-zum-aufbewahren-von-honig-und-saft-in-kueche\\\/#primaryimage\"},\"image\":{\"@id\":\"https:\\\/\\\/purehivehoney.com\\\/de\\\/product\\\/magiclulu-sirupspender-aus-glas-und-edelstahl-mit-pumpendesign-sicher-und-einfach-zu-lagern-zum-aufbewahren-von-honig-und-saft-in-kueche\\\/#primaryimage\"},\"thumbnailUrl\":\"https:\\\/\\\/purehivehoney.com\\\/de\\\/wp-content\\\/uploads\\\/2026\\\/03\\\/51V9Gwj6OqL._AC_SL1500_.jpg\",\"datePublished\":\"2026-03-15T23:10:26+00:00\",\"dateModified\":\"2026-03-15T23:36:12+00:00\",\"description\":\"Entdecken Sie hochwertigen Rohhonig, Bio Honig, Manuka Honig und nat\u00fcrliche Bienenprodukte. PureHiveHoney hilft Ihnen dabei, sorgf\u00e4ltig ausgew\u00e4hlte Honigsorten mit nat\u00fcrlicher Qualit\u00e4t und Reinheit zu entdecken.\",\"breadcrumb\":{\"@id\":\"https:\\\/\\\/purehivehoney.com\\\/de\\\/product\\\/magiclulu-sirupspender-aus-glas-und-edelstahl-mit-pumpendesign-sicher-und-einfach-zu-lagern-zum-aufbewahren-von-honig-und-saft-in-kueche\\\/#breadcrumb\"},\"inLanguage\":\"de\",\"potentialAction\":[{\"@type\":\"ReadAction\",\"target\":[\"https:\\\/\\\/purehivehoney.com\\\/de\\\/product\\\/magiclulu-sirupspender-aus-glas-und-edelstahl-mit-pumpendesign-sicher-und-einfach-zu-lagern-zum-aufbewahren-von-honig-und-saft-in-kueche\\\/\"]}]},{\"@type\":\"ImageObject\",\"inLanguage\":\"de\",\"@id\":\"https:\\\/\\\/purehivehoney.com\\\/de\\\/product\\\/magiclulu-sirupspender-aus-glas-und-edelstahl-mit-pumpendesign-sicher-und-einfach-zu-lagern-zum-aufbewahren-von-honig-und-saft-in-kueche\\\/#primaryimage\",\"url\":\"https:\\\/\\\/purehivehoney.com\\\/de\\\/wp-content\\\/uploads\\\/2026\\\/03\\\/51V9Gwj6OqL._AC_SL1500_.jpg\",\"contentUrl\":\"https:\\\/\\\/purehivehoney.com\\\/de\\\/wp-content\\\/uploads\\\/2026\\\/03\\\/51V9Gwj6OqL._AC_SL1500_.jpg\",\"width\":598,\"height\":1500},{\"@type\":\"BreadcrumbList\",\"@id\":\"https:\\\/\\\/purehivehoney.com\\\/de\\\/product\\\/magiclulu-sirupspender-aus-glas-und-edelstahl-mit-pumpendesign-sicher-und-einfach-zu-lagern-zum-aufbewahren-von-honig-und-saft-in-kueche\\\/#breadcrumb\",\"itemListElement\":[{\"@type\":\"ListItem\",\"position\":1,\"name\":\"Home\",\"item\":\"https:\\\/\\\/purehivehoney.com\\\/de\\\/\"},{\"@type\":\"ListItem\",\"position\":2,\"name\":\"Shop\",\"item\":\"https:\\\/\\\/purehivehoney.com\\\/de\\\/shop\\\/\"},{\"@type\":\"ListItem\",\"position\":3,\"name\":\"MAGICLULU Sirupspender aus Glas und...\"}]},{\"@type\":\"WebSite\",\"@id\":\"https:\\\/\\\/purehivehoney.com\\\/de\\\/#website\",\"url\":\"https:\\\/\\\/purehivehoney.com\\\/de\\\/\",\"name\":\"PureHiveHoney\",\"description\":\"Reiner Honig &amp; Bienenprodukte Online | Rohhonig, Bio Honig &amp; Spezialhonig\",\"publisher\":{\"@id\":\"https:\\\/\\\/purehivehoney.com\\\/de\\\/#organization\"},\"potentialAction\":[{\"@type\":\"SearchAction\",\"target\":{\"@type\":\"EntryPoint\",\"urlTemplate\":\"https:\\\/\\\/purehivehoney.com\\\/de\\\/?s={search_term_string}\"},\"query-input\":{\"@type\":\"PropertyValueSpecification\",\"valueRequired\":true,\"valueName\":\"search_term_string\"}}],\"inLanguage\":\"de\"},{\"@type\":\"Organization\",\"@id\":\"https:\\\/\\\/purehivehoney.com\\\/de\\\/#organization\",\"name\":\"PureHiveHoney\",\"url\":\"https:\\\/\\\/purehivehoney.com\\\/de\\\/\",\"logo\":{\"@type\":\"ImageObject\",\"inLanguage\":\"de\",\"@id\":\"https:\\\/\\\/purehivehoney.com\\\/de\\\/#\\\/schema\\\/logo\\\/image\\\/\",\"url\":\"https:\\\/\\\/purehivehoney.com\\\/de\\\/wp-content\\\/uploads\\\/2026\\\/03\\\/Screenshot-2026-03-16-at-1.06.01-AM.png\",\"contentUrl\":\"https:\\\/\\\/purehivehoney.com\\\/de\\\/wp-content\\\/uploads\\\/2026\\\/03\\\/Screenshot-2026-03-16-at-1.06.01-AM.png\",\"width\":2112,\"height\":1086,\"caption\":\"PureHiveHoney\"},\"image\":{\"@id\":\"https:\\\/\\\/purehivehoney.com\\\/de\\\/#\\\/schema\\\/logo\\\/image\\\/\"}}]}<\/script>\n<!-- \/ Yoast SEO plugin. -->","yoast_head_json":{"title":"MAGICLULU Sirupspender aus Glas und Edelstahl mit Pumpendesign Sicher und Einfach zu Lagern zum Aufbewahren von Honig und Saft in K\u00fcche - PureHiveHoney","description":"Entdecken Sie hochwertigen Rohhonig, Bio Honig, Manuka Honig und nat\u00fcrliche Bienenprodukte. PureHiveHoney hilft Ihnen dabei, sorgf\u00e4ltig ausgew\u00e4hlte Honigsorten mit nat\u00fcrlicher Qualit\u00e4t und Reinheit zu entdecken.","robots":{"index":"index","follow":"follow","max-snippet":"max-snippet:-1","max-image-preview":"max-image-preview:large","max-video-preview":"max-video-preview:-1"},"canonical":"https:\/\/purehivehoney.com\/de\/product\/magiclulu-sirupspender-aus-glas-und-edelstahl-mit-pumpendesign-sicher-und-einfach-zu-lagern-zum-aufbewahren-von-honig-und-saft-in-kueche\/","og_locale":"de_DE","og_type":"article","og_title":"MAGICLULU Sirupspender aus Glas und Edelstahl mit Pumpendesign Sicher und Einfach zu Lagern zum Aufbewahren von Honig und Saft in K\u00fcche - PureHiveHoney","og_description":"Entdecken Sie hochwertigen Rohhonig, Bio Honig, Manuka Honig und nat\u00fcrliche Bienenprodukte. PureHiveHoney hilft Ihnen dabei, sorgf\u00e4ltig ausgew\u00e4hlte Honigsorten mit nat\u00fcrlicher Qualit\u00e4t und Reinheit zu entdecken.","og_url":"https:\/\/purehivehoney.com\/de\/product\/magiclulu-sirupspender-aus-glas-und-edelstahl-mit-pumpendesign-sicher-und-einfach-zu-lagern-zum-aufbewahren-von-honig-und-saft-in-kueche\/","og_site_name":"PureHiveHoney","article_modified_time":"2026-03-15T23:36:12+00:00","twitter_card":"summary_large_image","twitter_misc":{"Gesch\u00e4tzte Lesezeit":"1\u00a0Minute"},"schema":{"@context":"https:\/\/schema.org","@graph":[{"@type":"WebPage","@id":"https:\/\/purehivehoney.com\/de\/product\/magiclulu-sirupspender-aus-glas-und-edelstahl-mit-pumpendesign-sicher-und-einfach-zu-lagern-zum-aufbewahren-von-honig-und-saft-in-kueche\/","url":"https:\/\/purehivehoney.com\/de\/product\/magiclulu-sirupspender-aus-glas-und-edelstahl-mit-pumpendesign-sicher-und-einfach-zu-lagern-zum-aufbewahren-von-honig-und-saft-in-kueche\/","name":"MAGICLULU Sirupspender aus Glas und Edelstahl mit Pumpendesign Sicher und Einfach zu Lagern zum Aufbewahren von Honig und Saft in K\u00fcche - PureHiveHoney","isPartOf":{"@id":"https:\/\/purehivehoney.com\/de\/#website"},"primaryImageOfPage":{"@id":"https:\/\/purehivehoney.com\/de\/product\/magiclulu-sirupspender-aus-glas-und-edelstahl-mit-pumpendesign-sicher-und-einfach-zu-lagern-zum-aufbewahren-von-honig-und-saft-in-kueche\/#primaryimage"},"image":{"@id":"https:\/\/purehivehoney.com\/de\/product\/magiclulu-sirupspender-aus-glas-und-edelstahl-mit-pumpendesign-sicher-und-einfach-zu-lagern-zum-aufbewahren-von-honig-und-saft-in-kueche\/#primaryimage"},"thumbnailUrl":"https:\/\/purehivehoney.com\/de\/wp-content\/uploads\/2026\/03\/51V9Gwj6OqL._AC_SL1500_.jpg","datePublished":"2026-03-15T23:10:26+00:00","dateModified":"2026-03-15T23:36:12+00:00","description":"Entdecken Sie hochwertigen Rohhonig, Bio Honig, Manuka Honig und nat\u00fcrliche Bienenprodukte. PureHiveHoney hilft Ihnen dabei, sorgf\u00e4ltig ausgew\u00e4hlte Honigsorten mit nat\u00fcrlicher Qualit\u00e4t und Reinheit zu entdecken.","breadcrumb":{"@id":"https:\/\/purehivehoney.com\/de\/product\/magiclulu-sirupspender-aus-glas-und-edelstahl-mit-pumpendesign-sicher-und-einfach-zu-lagern-zum-aufbewahren-von-honig-und-saft-in-kueche\/#breadcrumb"},"inLanguage":"de","potentialAction":[{"@type":"ReadAction","target":["https:\/\/purehivehoney.com\/de\/product\/magiclulu-sirupspender-aus-glas-und-edelstahl-mit-pumpendesign-sicher-und-einfach-zu-lagern-zum-aufbewahren-von-honig-und-saft-in-kueche\/"]}]},{"@type":"ImageObject","inLanguage":"de","@id":"https:\/\/purehivehoney.com\/de\/product\/magiclulu-sirupspender-aus-glas-und-edelstahl-mit-pumpendesign-sicher-und-einfach-zu-lagern-zum-aufbewahren-von-honig-und-saft-in-kueche\/#primaryimage","url":"https:\/\/purehivehoney.com\/de\/wp-content\/uploads\/2026\/03\/51V9Gwj6OqL._AC_SL1500_.jpg","contentUrl":"https:\/\/purehivehoney.com\/de\/wp-content\/uploads\/2026\/03\/51V9Gwj6OqL._AC_SL1500_.jpg","width":598,"height":1500},{"@type":"BreadcrumbList","@id":"https:\/\/purehivehoney.com\/de\/product\/magiclulu-sirupspender-aus-glas-und-edelstahl-mit-pumpendesign-sicher-und-einfach-zu-lagern-zum-aufbewahren-von-honig-und-saft-in-kueche\/#breadcrumb","itemListElement":[{"@type":"ListItem","position":1,"name":"Home","item":"https:\/\/purehivehoney.com\/de\/"},{"@type":"ListItem","position":2,"name":"Shop","item":"https:\/\/purehivehoney.com\/de\/shop\/"},{"@type":"ListItem","position":3,"name":"MAGICLULU Sirupspender aus Glas und..."}]},{"@type":"WebSite","@id":"https:\/\/purehivehoney.com\/de\/#website","url":"https:\/\/purehivehoney.com\/de\/","name":"PureHiveHoney","description":"Reiner Honig &amp; Bienenprodukte Online | Rohhonig, Bio Honig &amp; Spezialhonig","publisher":{"@id":"https:\/\/purehivehoney.com\/de\/#organization"},"potentialAction":[{"@type":"SearchAction","target":{"@type":"EntryPoint","urlTemplate":"https:\/\/purehivehoney.com\/de\/?s={search_term_string}"},"query-input":{"@type":"PropertyValueSpecification","valueRequired":true,"valueName":"search_term_string"}}],"inLanguage":"de"},{"@type":"Organization","@id":"https:\/\/purehivehoney.com\/de\/#organization","name":"PureHiveHoney","url":"https:\/\/purehivehoney.com\/de\/","logo":{"@type":"ImageObject","inLanguage":"de","@id":"https:\/\/purehivehoney.com\/de\/#\/schema\/logo\/image\/","url":"https:\/\/purehivehoney.com\/de\/wp-content\/uploads\/2026\/03\/Screenshot-2026-03-16-at-1.06.01-AM.png","contentUrl":"https:\/\/purehivehoney.com\/de\/wp-content\/uploads\/2026\/03\/Screenshot-2026-03-16-at-1.06.01-AM.png","width":2112,"height":1086,"caption":"PureHiveHoney"},"image":{"@id":"https:\/\/purehivehoney.com\/de\/#\/schema\/logo\/image\/"}}]}},"_links":{"self":[{"href":"https:\/\/purehivehoney.com\/de\/wp-json\/wp\/v2\/product\/390","targetHints":{"allow":["GET"]}}],"collection":[{"href":"https:\/\/purehivehoney.com\/de\/wp-json\/wp\/v2\/product"}],"about":[{"href":"https:\/\/purehivehoney.com\/de\/wp-json\/wp\/v2\/types\/product"}],"replies":[{"embeddable":true,"href":"https:\/\/purehivehoney.com\/de\/wp-json\/wp\/v2\/comments?post=390"}],"wp:featuredmedia":[{"embeddable":true,"href":"https:\/\/purehivehoney.com\/de\/wp-json\/wp\/v2\/media\/391"}],"wp:attachment":[{"href":"https:\/\/purehivehoney.com\/de\/wp-json\/wp\/v2\/media?parent=390"}],"wp:term":[{"taxonomy":"store","embeddable":true,"href":"https:\/\/purehivehoney.com\/de\/wp-json\/wp\/v2\/store?post=390"},{"taxonomy":"product_brand","embeddable":true,"href":"https:\/\/purehivehoney.com\/de\/wp-json\/wp\/v2\/product_brand?post=390"},{"taxonomy":"product_cat","embeddable":true,"href":"https:\/\/purehivehoney.com\/de\/wp-json\/wp\/v2\/product_cat?post=390"},{"taxonomy":"product_tag","embeddable":true,"href":"https:\/\/purehivehoney.com\/de\/wp-json\/wp\/v2\/product_tag?post=390"}],"curies":[{"name":"wp","href":"https:\/\/api.w.org\/{rel}","templated":true}]}}