{"id":366,"date":"2026-03-15T23:03:40","date_gmt":"2026-03-15T23:03:40","guid":{"rendered":"https:\/\/purehivehoney.com\/de\/product\/melora-manuka-honey-lozenges-525-mgo-umf-15-with-propolis-naturally-soothing-for-relief-from-sore-throat-and-strengthening-the-immune-system-blueberry-peppermint\/"},"modified":"2026-03-15T23:36:13","modified_gmt":"2026-03-15T23:36:13","slug":"melora-manuka-honey-lozenges-525-mgo-umf-15-with-propolis-naturally-soothing-for-relief-from-sore-throat-and-strengthening-the-immune-system-blueberry-peppermint","status":"publish","type":"product","link":"https:\/\/purehivehoney.com\/de\/product\/melora-manuka-honey-lozenges-525-mgo-umf-15-with-propolis-naturally-soothing-for-relief-from-sore-throat-and-strengthening-the-immune-system-blueberry-peppermint\/","title":{"rendered":"Melora Manuka Honey Lozenges &#8211..."},"content":{"rendered":"<p>                                             Product Description   <\/p>\n<p>                                                  <img decoding=\"async\" alt=\"Melora Lutschpastille Johannisbeere Header\" src=\"https:\/\/images-na.ssl-images-amazon.com\/images\/G\/01\/x-locale\/common\/grey-pixel.gif\" class=\"a-lazy-loaded\" data-src=\"https:\/\/m.media-amazon.com\/images\/S\/aplus-media-library-service-media\/216f84cd-c18a-4510-9e64-98e179dad6a5.__CR0,18,1500,464_PT0_SX970_V1___.jpg\"><img decoding=\"async\" alt=\"Melora Lutschpastille Johannisbeere Header\" src=\"https:\/\/m.media-amazon.com\/images\/S\/aplus-media-library-service-media\/216f84cd-c18a-4510-9e64-98e179dad6a5.__CR0,18,1500,464_PT0_SX970_V1___.jpg\">  <\/p>\n<p>                                                  <img decoding=\"async\" alt=\"Melora Lutschpastille Johannisbeere Produkt\" src=\"https:\/\/images-na.ssl-images-amazon.com\/images\/G\/01\/x-locale\/common\/grey-pixel.gif\" class=\"a-lazy-loaded\" data-src=\"https:\/\/m.media-amazon.com\/images\/S\/aplus-media-library-service-media\/eba7c7cc-103d-4dac-8a23-812aab426fb0.__CR0,0,3543,3543_PT0_SX300_V1___.png\"><img decoding=\"async\" alt=\"Melora Lutschpastille Johannisbeere Produkt\" src=\"https:\/\/m.media-amazon.com\/images\/S\/aplus-media-library-service-media\/eba7c7cc-103d-4dac-8a23-812aab426fb0.__CR0,0,3543,3543_PT0_SX300_V1___.png\">  <\/p>\n<h3 class=\"a-spacing-mini\"> MELORA Manuka Honig MGO 525+ mit schwarzer Johannisbeere (Lutschpastillen) <\/h3>\n<p> Melora Manuka Honig ist das Original aus Neuseeland und ist ein UMF (Unique Manuka Factor) zertifiziertes 100% nat\u00fcrliches Produkt. UMF ist die Abk\u00fcrzung f\u00fcr das umfassendste, unabh\u00e4ngig zertifizierte und international anerkannte Qualit\u00e4tssicherungssystem der neuseel\u00e4ndischen Beh\u00f6rden f\u00fcr Manuka Honig. Es best\u00e4tigt die Reinheit, Echtheit, Potenz, Haltbarkeit und Frische jedes einzelnen Produktes. <\/p>\n<p> Die praktischen Melora Lutschpastillen kombinieren Manuka Honig MGO525+ mit Propolis, Zitrone, Pfefferminz\u00f6l, Zink und Vitamin D. Die leckeren Pastillen schmecken leicht nach Johannisbeere, k\u00f6nnen den Hals beruhigen und unterst\u00fctzen das Immunsystem \u2013 dank der einzigartigen Eigenschaften des Manuka Honigs. <\/p>\n<p> Der Honig wird in Neuseeland hergestellt, verpackt und versiegelt. MELORA ist eine Marke der New Zealand Manuka Group (NZMG) und garantiert somit h\u00f6chste Qualit\u00e4t. <\/p>\n<p>                                                  <img decoding=\"async\" alt=\"Melora Manuka Honig, MGO Info\" src=\"https:\/\/images-na.ssl-images-amazon.com\/images\/G\/01\/x-locale\/common\/grey-pixel.gif\" class=\"a-lazy-loaded\" data-src=\"https:\/\/m.media-amazon.com\/images\/S\/aplus-media-library-service-media\/fa389b05-21c9-43cc-86d2-0af92c79b1a1.__CR0,68,1500,464_PT0_SX970_V1___.jpg\"><img decoding=\"async\" alt=\"Melora Manuka Honig, MGO Info\" src=\"https:\/\/m.media-amazon.com\/images\/S\/aplus-media-library-service-media\/fa389b05-21c9-43cc-86d2-0af92c79b1a1.__CR0,68,1500,464_PT0_SX970_V1___.jpg\">  <\/p>\n<p>                                                  <img decoding=\"async\" alt=\"Melora Manuka Honig, Im Glas, Infos\" src=\"https:\/\/images-na.ssl-images-amazon.com\/images\/G\/01\/x-locale\/common\/grey-pixel.gif\" class=\"a-spacing-mini a-lazy-loaded\" data-src=\"https:\/\/m.media-amazon.com\/images\/S\/aplus-media-library-service-media\/c5be6cfb-01a4-44e5-ad78-568b33b04e77.__CR0,0,800,800_PT0_SX300_V1___.jpg\"><img decoding=\"async\" alt=\"Melora Manuka Honig, Im Glas, Infos\" src=\"https:\/\/m.media-amazon.com\/images\/S\/aplus-media-library-service-media\/c5be6cfb-01a4-44e5-ad78-568b33b04e77.__CR0,0,800,800_PT0_SX300_V1___.jpg\">  <\/p>\n<p> Im Manuka Baum aus Neuseeland kommt der sogenannte Wirkstoff MGO (Methylglyoxal) in hoher Konzentration nat\u00fcrlich vor. Dieser hochwertige Inhaltsstoff wird daf\u00fcr verwendet, um die au\u00dfergew\u00f6hnlichen Eigenschaften des Manuka Honigs zu messen. Je h\u00f6her der MGO-Wert, umso wirksamer der Honig und intensiver sein Geschmack. MGO ist also genau der Wirkstoff, der den Manuka Honig so besonders macht. <\/p>\n<p> Durch diese besonderen Eigenschaften ist das Einsatzgebiet des Melora Manuka Honig sehr vielf\u00e4ltig. Ob f\u00fcr den Tee, auf das Brot, ins M\u00fcsli oder f\u00fcr die \u00e4u\u00dfere Anwendung \u2013 finden Sie heute den richtigen Manuka Honig f\u00fcr Ihre Bed\u00fcrfnisse! <\/p>\n<p>                         Add To Basket  <\/p>\n<p>                         Add To Basket  <\/p>\n<p>                             Customer Reviews  <\/p>\n<p>                    4.5 out of 5 stars  149  <\/p>\n<p>                    4.5 out of 5 stars  49  <\/p>\n<p>                    5.0 out of 5 stars  6  <\/p>\n<p>                    4.2 out of 5 stars  30  <\/p>\n<p>                \u2014            <\/p>\n<p>                             Price  <\/p>\n<p>                                    USD\u00a032.57USD32.57                  USD\u00a081.53USD81.53<br \/>\n                                            \u2014 no data<\/p>\n<p>                                            \u2014 no data<\/p>\n<p>                                            \u2014 no data<\/p>\n<p>                             Zum Verzehr  <\/p>\n<p>                                              \u2713<\/p>\n<p>                                              \u2713<\/p>\n<p>                                              \u2713<\/p>\n<p>                                              \u2713<\/p>\n<p>                                              \u2713<\/p>\n<p>                             Darreichungsform<br \/>\n                                Glas               Glas               Glas               Squeeze Flasche               Squeeze Flasche           <\/p>\n<p>                             Sirup  <\/p>\n<p>                                              \u2713<\/p>\n<p>                                              \u2713<\/p>\n<p>                                              \u2713<\/p>\n<p>                                              \u2713<\/p>\n<p>                                              \u2713<\/p>\n<p>                             UMF-zertifiziert  <\/p>\n<p>                                              \u2713<\/p>\n<p>                                              \u2713<\/p>\n<p>                                              \u2713<\/p>\n<p>                                              \u2713<\/p>\n<p>                                              \u2713<\/p>\n<p>                             Artikelgewicht<br \/>\n                                250g               500g               250g               330g               330g           <\/p>\n<p> Product Dimensions                                            \u200f                                            :                                            \u200e                                            6.5 x 3.2 x 11.6 cm; 48 g   <br \/> Manufacturer                                            \u200f                                            :                                            \u200e                                            Melora   <br \/> ASIN                                            \u200f                                            :                                            \u200e                                            B0CBKQT9SQ   <br \/> Manufacturer reference                                            \u200f                                            :                                            \u200e                                            443MELUK   <br \/>  Customer reviews:                                                                                            4.0               4.0 out of 5 stars                                  (40)                                              var dpAcrHasRegisteredArcLinkClickAction;                    P.when(&#8218;A&#8216;, &#8218;ready&#8216;).execute(function(A) {                        if (dpAcrHasRegisteredArcLinkClickAction !== true) {                            dpAcrHasRegisteredArcLinkClickAction = true;                            A.declarative(                                &#8218;acrLink-click-metrics&#8216;, &#8218;click&#8216;,                                { &#8222;allowLinkDefault&#8220;: true },                                function (event) {                                    if (window.ue) {                                        ue.count(&#8222;acrLinkClickCount&#8220;, (ue.count(&#8222;acrLinkClickCount&#8220;) || 0) + 1);                                    }                                }                            );                        }                    });                                             P.when(&#8218;A&#8216;, &#8218;cf&#8216;).execute(function(A) {                A.declarative(&#8218;acrStarsLink-click-metrics&#8216;, &#8218;click&#8216;, { &#8222;allowLinkDefault&#8220; : true },  function(event){                    if(window.ue) {                        ue.count(&#8222;acrStarsLinkWithPopoverClickCount&#8220;, (ue.count(&#8222;acrStarsLinkWithPopoverClickCount&#8220;) || 0) + 1);                    }                });            });                          <br \/>POWERFUL SOOTHING EFFECT Experience fast and effective relief from sore throat with our Manuka Honey Lozenges, carefully crafted to provide soothing comfort.<br \/>EXCELLENT QUALITY: Made from pure, high-quality Manuka honey, our lozenges deliver the full spectrum of natural benefits, including antioxidant and antimicrobial properties.<br \/>Support of the immune system: strengthen your immune system with the powerful properties of Manuka honey. Contains zinc and vitamin C, which contribute to the normal functioning of the immune system.<br \/>NATURAL AND DELICIOUS Enjoy the sweet, rich taste of Manuka honey while benefiting from the therapeutic benefits. Our lozenges are a delicious treat for your palate and a treat for your neck.<br \/>Convenient aid on the go: each lozenges are individually packaged for easy transport. This allows you to enjoy the benefits of Manuka honey anytime and anywhere, be it at home, at work or when travelling.<\/p>\n\n","protected":false},"excerpt":{"rendered":"<p>Product Description MELORA Manuka Honig MGO 525+ mit schwarzer Johannisbeere (Lutschpastillen) Melora Manuka Honig ist das Original aus Neuseeland und ist ein UMF (Unique Manuka Factor) zertifiziertes 100% nat\u00fcrliches Produkt. UMF ist die Abk\u00fcrzung f\u00fcr das umfassendste, unabh\u00e4ngig zertifizierte und international anerkannte Qualit\u00e4tssicherungssystem der neuseel\u00e4ndischen Beh\u00f6rden f\u00fcr Manuka Honig. Es best\u00e4tigt die Reinheit, Echtheit, Potenz, [&hellip;]<\/p>\n","protected":false},"featured_media":367,"comment_status":"open","ping_status":"closed","template":"","meta":{"_aipt_faq_data":""},"store":[],"product_brand":[108],"product_cat":[61],"product_tag":[142],"class_list":{"0":"post-366","1":"product","2":"type-product","3":"status-publish","4":"has-post-thumbnail","6":"product_brand-melora","7":"product_cat-honig-gegen-halsschmerzen","8":"product_tag-honig-gegen-halsschmerzen-mit-ingwer","10":"first","11":"instock","12":"sale","13":"shipping-taxable","14":"product-type-external"},"yoast_head":"<!-- This site is optimized with the Yoast SEO plugin v27.4 - https:\/\/yoast.com\/product\/yoast-seo-wordpress\/ -->\n<title>Melora Manuka Honey Lozenges - 525+ MGO - UMF 15 with Propolis | Naturally Soothing for Relief from Sore Throat and Strengthening the Immune System | Blueberry &amp; Peppermint - PureHiveHoney<\/title>\n<meta name=\"description\" content=\"Entdecken Sie hochwertigen Rohhonig, Bio Honig, Manuka Honig und nat\u00fcrliche Bienenprodukte. PureHiveHoney hilft Ihnen dabei, sorgf\u00e4ltig ausgew\u00e4hlte Honigsorten mit nat\u00fcrlicher Qualit\u00e4t und Reinheit zu entdecken.\" \/>\n<meta name=\"robots\" content=\"index, follow, max-snippet:-1, max-image-preview:large, max-video-preview:-1\" \/>\n<link rel=\"canonical\" href=\"https:\/\/purehivehoney.com\/de\/product\/melora-manuka-honey-lozenges-525-mgo-umf-15-with-propolis-naturally-soothing-for-relief-from-sore-throat-and-strengthening-the-immune-system-blueberry-peppermint\/\" \/>\n<meta property=\"og:locale\" content=\"de_DE\" \/>\n<meta property=\"og:type\" content=\"article\" \/>\n<meta property=\"og:title\" content=\"Melora Manuka Honey Lozenges - 525+ MGO - UMF 15 with Propolis | Naturally Soothing for Relief from Sore Throat and Strengthening the Immune System | Blueberry &amp; Peppermint - PureHiveHoney\" \/>\n<meta property=\"og:description\" content=\"Entdecken Sie hochwertigen Rohhonig, Bio Honig, Manuka Honig und nat\u00fcrliche Bienenprodukte. PureHiveHoney hilft Ihnen dabei, sorgf\u00e4ltig ausgew\u00e4hlte Honigsorten mit nat\u00fcrlicher Qualit\u00e4t und Reinheit zu entdecken.\" \/>\n<meta property=\"og:url\" content=\"https:\/\/purehivehoney.com\/de\/product\/melora-manuka-honey-lozenges-525-mgo-umf-15-with-propolis-naturally-soothing-for-relief-from-sore-throat-and-strengthening-the-immune-system-blueberry-peppermint\/\" \/>\n<meta property=\"og:site_name\" content=\"PureHiveHoney\" \/>\n<meta property=\"article:modified_time\" content=\"2026-03-15T23:36:13+00:00\" \/>\n<meta property=\"og:image\" content=\"https:\/\/images-na.ssl-images-amazon.com\/images\/G\/01\/x-locale\/common\/grey-pixel.gif\" \/>\n<meta name=\"twitter:card\" content=\"summary_large_image\" \/>\n<meta name=\"twitter:label1\" content=\"Gesch\u00e4tzte Lesezeit\" \/>\n\t<meta name=\"twitter:data1\" content=\"3\u00a0Minuten\" \/>\n<script type=\"application\/ld+json\" class=\"yoast-schema-graph\">{\"@context\":\"https:\\\/\\\/schema.org\",\"@graph\":[{\"@type\":\"WebPage\",\"@id\":\"https:\\\/\\\/purehivehoney.com\\\/de\\\/product\\\/melora-manuka-honey-lozenges-525-mgo-umf-15-with-propolis-naturally-soothing-for-relief-from-sore-throat-and-strengthening-the-immune-system-blueberry-peppermint\\\/\",\"url\":\"https:\\\/\\\/purehivehoney.com\\\/de\\\/product\\\/melora-manuka-honey-lozenges-525-mgo-umf-15-with-propolis-naturally-soothing-for-relief-from-sore-throat-and-strengthening-the-immune-system-blueberry-peppermint\\\/\",\"name\":\"Melora Manuka Honey Lozenges - 525+ MGO - UMF 15 with Propolis | Naturally Soothing for Relief from Sore Throat and Strengthening the Immune System | Blueberry & Peppermint - PureHiveHoney\",\"isPartOf\":{\"@id\":\"https:\\\/\\\/purehivehoney.com\\\/de\\\/#website\"},\"primaryImageOfPage\":{\"@id\":\"https:\\\/\\\/purehivehoney.com\\\/de\\\/product\\\/melora-manuka-honey-lozenges-525-mgo-umf-15-with-propolis-naturally-soothing-for-relief-from-sore-throat-and-strengthening-the-immune-system-blueberry-peppermint\\\/#primaryimage\"},\"image\":{\"@id\":\"https:\\\/\\\/purehivehoney.com\\\/de\\\/product\\\/melora-manuka-honey-lozenges-525-mgo-umf-15-with-propolis-naturally-soothing-for-relief-from-sore-throat-and-strengthening-the-immune-system-blueberry-peppermint\\\/#primaryimage\"},\"thumbnailUrl\":\"https:\\\/\\\/purehivehoney.com\\\/de\\\/wp-content\\\/uploads\\\/2026\\\/03\\\/61YbRZZsxEL._SL1000_.jpg\",\"datePublished\":\"2026-03-15T23:03:40+00:00\",\"dateModified\":\"2026-03-15T23:36:13+00:00\",\"description\":\"Entdecken Sie hochwertigen Rohhonig, Bio Honig, Manuka Honig und nat\u00fcrliche Bienenprodukte. PureHiveHoney hilft Ihnen dabei, sorgf\u00e4ltig ausgew\u00e4hlte Honigsorten mit nat\u00fcrlicher Qualit\u00e4t und Reinheit zu entdecken.\",\"breadcrumb\":{\"@id\":\"https:\\\/\\\/purehivehoney.com\\\/de\\\/product\\\/melora-manuka-honey-lozenges-525-mgo-umf-15-with-propolis-naturally-soothing-for-relief-from-sore-throat-and-strengthening-the-immune-system-blueberry-peppermint\\\/#breadcrumb\"},\"inLanguage\":\"de\",\"potentialAction\":[{\"@type\":\"ReadAction\",\"target\":[\"https:\\\/\\\/purehivehoney.com\\\/de\\\/product\\\/melora-manuka-honey-lozenges-525-mgo-umf-15-with-propolis-naturally-soothing-for-relief-from-sore-throat-and-strengthening-the-immune-system-blueberry-peppermint\\\/\"]}]},{\"@type\":\"ImageObject\",\"inLanguage\":\"de\",\"@id\":\"https:\\\/\\\/purehivehoney.com\\\/de\\\/product\\\/melora-manuka-honey-lozenges-525-mgo-umf-15-with-propolis-naturally-soothing-for-relief-from-sore-throat-and-strengthening-the-immune-system-blueberry-peppermint\\\/#primaryimage\",\"url\":\"https:\\\/\\\/purehivehoney.com\\\/de\\\/wp-content\\\/uploads\\\/2026\\\/03\\\/61YbRZZsxEL._SL1000_.jpg\",\"contentUrl\":\"https:\\\/\\\/purehivehoney.com\\\/de\\\/wp-content\\\/uploads\\\/2026\\\/03\\\/61YbRZZsxEL._SL1000_.jpg\",\"width\":1000,\"height\":1000},{\"@type\":\"BreadcrumbList\",\"@id\":\"https:\\\/\\\/purehivehoney.com\\\/de\\\/product\\\/melora-manuka-honey-lozenges-525-mgo-umf-15-with-propolis-naturally-soothing-for-relief-from-sore-throat-and-strengthening-the-immune-system-blueberry-peppermint\\\/#breadcrumb\",\"itemListElement\":[{\"@type\":\"ListItem\",\"position\":1,\"name\":\"Home\",\"item\":\"https:\\\/\\\/purehivehoney.com\\\/de\\\/\"},{\"@type\":\"ListItem\",\"position\":2,\"name\":\"Shop\",\"item\":\"https:\\\/\\\/purehivehoney.com\\\/de\\\/shop\\\/\"},{\"@type\":\"ListItem\",\"position\":3,\"name\":\"Melora Manuka Honey Lozenges &#8211...\"}]},{\"@type\":\"WebSite\",\"@id\":\"https:\\\/\\\/purehivehoney.com\\\/de\\\/#website\",\"url\":\"https:\\\/\\\/purehivehoney.com\\\/de\\\/\",\"name\":\"PureHiveHoney\",\"description\":\"Reiner Honig &amp; Bienenprodukte Online | Rohhonig, Bio Honig &amp; Spezialhonig\",\"publisher\":{\"@id\":\"https:\\\/\\\/purehivehoney.com\\\/de\\\/#organization\"},\"potentialAction\":[{\"@type\":\"SearchAction\",\"target\":{\"@type\":\"EntryPoint\",\"urlTemplate\":\"https:\\\/\\\/purehivehoney.com\\\/de\\\/?s={search_term_string}\"},\"query-input\":{\"@type\":\"PropertyValueSpecification\",\"valueRequired\":true,\"valueName\":\"search_term_string\"}}],\"inLanguage\":\"de\"},{\"@type\":\"Organization\",\"@id\":\"https:\\\/\\\/purehivehoney.com\\\/de\\\/#organization\",\"name\":\"PureHiveHoney\",\"url\":\"https:\\\/\\\/purehivehoney.com\\\/de\\\/\",\"logo\":{\"@type\":\"ImageObject\",\"inLanguage\":\"de\",\"@id\":\"https:\\\/\\\/purehivehoney.com\\\/de\\\/#\\\/schema\\\/logo\\\/image\\\/\",\"url\":\"https:\\\/\\\/purehivehoney.com\\\/de\\\/wp-content\\\/uploads\\\/2026\\\/03\\\/Screenshot-2026-03-16-at-1.06.01-AM.png\",\"contentUrl\":\"https:\\\/\\\/purehivehoney.com\\\/de\\\/wp-content\\\/uploads\\\/2026\\\/03\\\/Screenshot-2026-03-16-at-1.06.01-AM.png\",\"width\":2112,\"height\":1086,\"caption\":\"PureHiveHoney\"},\"image\":{\"@id\":\"https:\\\/\\\/purehivehoney.com\\\/de\\\/#\\\/schema\\\/logo\\\/image\\\/\"}}]}<\/script>\n<!-- \/ Yoast SEO plugin. -->","yoast_head_json":{"title":"Melora Manuka Honey Lozenges - 525+ MGO - UMF 15 with Propolis | Naturally Soothing for Relief from Sore Throat and Strengthening the Immune System | Blueberry & Peppermint - PureHiveHoney","description":"Entdecken Sie hochwertigen Rohhonig, Bio Honig, Manuka Honig und nat\u00fcrliche Bienenprodukte. PureHiveHoney hilft Ihnen dabei, sorgf\u00e4ltig ausgew\u00e4hlte Honigsorten mit nat\u00fcrlicher Qualit\u00e4t und Reinheit zu entdecken.","robots":{"index":"index","follow":"follow","max-snippet":"max-snippet:-1","max-image-preview":"max-image-preview:large","max-video-preview":"max-video-preview:-1"},"canonical":"https:\/\/purehivehoney.com\/de\/product\/melora-manuka-honey-lozenges-525-mgo-umf-15-with-propolis-naturally-soothing-for-relief-from-sore-throat-and-strengthening-the-immune-system-blueberry-peppermint\/","og_locale":"de_DE","og_type":"article","og_title":"Melora Manuka Honey Lozenges - 525+ MGO - UMF 15 with Propolis | Naturally Soothing for Relief from Sore Throat and Strengthening the Immune System | Blueberry & Peppermint - PureHiveHoney","og_description":"Entdecken Sie hochwertigen Rohhonig, Bio Honig, Manuka Honig und nat\u00fcrliche Bienenprodukte. PureHiveHoney hilft Ihnen dabei, sorgf\u00e4ltig ausgew\u00e4hlte Honigsorten mit nat\u00fcrlicher Qualit\u00e4t und Reinheit zu entdecken.","og_url":"https:\/\/purehivehoney.com\/de\/product\/melora-manuka-honey-lozenges-525-mgo-umf-15-with-propolis-naturally-soothing-for-relief-from-sore-throat-and-strengthening-the-immune-system-blueberry-peppermint\/","og_site_name":"PureHiveHoney","article_modified_time":"2026-03-15T23:36:13+00:00","og_image":[{"url":"https:\/\/images-na.ssl-images-amazon.com\/images\/G\/01\/x-locale\/common\/grey-pixel.gif","type":"","width":"","height":""}],"twitter_card":"summary_large_image","twitter_misc":{"Gesch\u00e4tzte Lesezeit":"3\u00a0Minuten"},"schema":{"@context":"https:\/\/schema.org","@graph":[{"@type":"WebPage","@id":"https:\/\/purehivehoney.com\/de\/product\/melora-manuka-honey-lozenges-525-mgo-umf-15-with-propolis-naturally-soothing-for-relief-from-sore-throat-and-strengthening-the-immune-system-blueberry-peppermint\/","url":"https:\/\/purehivehoney.com\/de\/product\/melora-manuka-honey-lozenges-525-mgo-umf-15-with-propolis-naturally-soothing-for-relief-from-sore-throat-and-strengthening-the-immune-system-blueberry-peppermint\/","name":"Melora Manuka Honey Lozenges - 525+ MGO - UMF 15 with Propolis | Naturally Soothing for Relief from Sore Throat and Strengthening the Immune System | Blueberry & Peppermint - PureHiveHoney","isPartOf":{"@id":"https:\/\/purehivehoney.com\/de\/#website"},"primaryImageOfPage":{"@id":"https:\/\/purehivehoney.com\/de\/product\/melora-manuka-honey-lozenges-525-mgo-umf-15-with-propolis-naturally-soothing-for-relief-from-sore-throat-and-strengthening-the-immune-system-blueberry-peppermint\/#primaryimage"},"image":{"@id":"https:\/\/purehivehoney.com\/de\/product\/melora-manuka-honey-lozenges-525-mgo-umf-15-with-propolis-naturally-soothing-for-relief-from-sore-throat-and-strengthening-the-immune-system-blueberry-peppermint\/#primaryimage"},"thumbnailUrl":"https:\/\/purehivehoney.com\/de\/wp-content\/uploads\/2026\/03\/61YbRZZsxEL._SL1000_.jpg","datePublished":"2026-03-15T23:03:40+00:00","dateModified":"2026-03-15T23:36:13+00:00","description":"Entdecken Sie hochwertigen Rohhonig, Bio Honig, Manuka Honig und nat\u00fcrliche Bienenprodukte. PureHiveHoney hilft Ihnen dabei, sorgf\u00e4ltig ausgew\u00e4hlte Honigsorten mit nat\u00fcrlicher Qualit\u00e4t und Reinheit zu entdecken.","breadcrumb":{"@id":"https:\/\/purehivehoney.com\/de\/product\/melora-manuka-honey-lozenges-525-mgo-umf-15-with-propolis-naturally-soothing-for-relief-from-sore-throat-and-strengthening-the-immune-system-blueberry-peppermint\/#breadcrumb"},"inLanguage":"de","potentialAction":[{"@type":"ReadAction","target":["https:\/\/purehivehoney.com\/de\/product\/melora-manuka-honey-lozenges-525-mgo-umf-15-with-propolis-naturally-soothing-for-relief-from-sore-throat-and-strengthening-the-immune-system-blueberry-peppermint\/"]}]},{"@type":"ImageObject","inLanguage":"de","@id":"https:\/\/purehivehoney.com\/de\/product\/melora-manuka-honey-lozenges-525-mgo-umf-15-with-propolis-naturally-soothing-for-relief-from-sore-throat-and-strengthening-the-immune-system-blueberry-peppermint\/#primaryimage","url":"https:\/\/purehivehoney.com\/de\/wp-content\/uploads\/2026\/03\/61YbRZZsxEL._SL1000_.jpg","contentUrl":"https:\/\/purehivehoney.com\/de\/wp-content\/uploads\/2026\/03\/61YbRZZsxEL._SL1000_.jpg","width":1000,"height":1000},{"@type":"BreadcrumbList","@id":"https:\/\/purehivehoney.com\/de\/product\/melora-manuka-honey-lozenges-525-mgo-umf-15-with-propolis-naturally-soothing-for-relief-from-sore-throat-and-strengthening-the-immune-system-blueberry-peppermint\/#breadcrumb","itemListElement":[{"@type":"ListItem","position":1,"name":"Home","item":"https:\/\/purehivehoney.com\/de\/"},{"@type":"ListItem","position":2,"name":"Shop","item":"https:\/\/purehivehoney.com\/de\/shop\/"},{"@type":"ListItem","position":3,"name":"Melora Manuka Honey Lozenges &#8211..."}]},{"@type":"WebSite","@id":"https:\/\/purehivehoney.com\/de\/#website","url":"https:\/\/purehivehoney.com\/de\/","name":"PureHiveHoney","description":"Reiner Honig &amp; Bienenprodukte Online | Rohhonig, Bio Honig &amp; Spezialhonig","publisher":{"@id":"https:\/\/purehivehoney.com\/de\/#organization"},"potentialAction":[{"@type":"SearchAction","target":{"@type":"EntryPoint","urlTemplate":"https:\/\/purehivehoney.com\/de\/?s={search_term_string}"},"query-input":{"@type":"PropertyValueSpecification","valueRequired":true,"valueName":"search_term_string"}}],"inLanguage":"de"},{"@type":"Organization","@id":"https:\/\/purehivehoney.com\/de\/#organization","name":"PureHiveHoney","url":"https:\/\/purehivehoney.com\/de\/","logo":{"@type":"ImageObject","inLanguage":"de","@id":"https:\/\/purehivehoney.com\/de\/#\/schema\/logo\/image\/","url":"https:\/\/purehivehoney.com\/de\/wp-content\/uploads\/2026\/03\/Screenshot-2026-03-16-at-1.06.01-AM.png","contentUrl":"https:\/\/purehivehoney.com\/de\/wp-content\/uploads\/2026\/03\/Screenshot-2026-03-16-at-1.06.01-AM.png","width":2112,"height":1086,"caption":"PureHiveHoney"},"image":{"@id":"https:\/\/purehivehoney.com\/de\/#\/schema\/logo\/image\/"}}]}},"_links":{"self":[{"href":"https:\/\/purehivehoney.com\/de\/wp-json\/wp\/v2\/product\/366","targetHints":{"allow":["GET"]}}],"collection":[{"href":"https:\/\/purehivehoney.com\/de\/wp-json\/wp\/v2\/product"}],"about":[{"href":"https:\/\/purehivehoney.com\/de\/wp-json\/wp\/v2\/types\/product"}],"replies":[{"embeddable":true,"href":"https:\/\/purehivehoney.com\/de\/wp-json\/wp\/v2\/comments?post=366"}],"wp:featuredmedia":[{"embeddable":true,"href":"https:\/\/purehivehoney.com\/de\/wp-json\/wp\/v2\/media\/367"}],"wp:attachment":[{"href":"https:\/\/purehivehoney.com\/de\/wp-json\/wp\/v2\/media?parent=366"}],"wp:term":[{"taxonomy":"store","embeddable":true,"href":"https:\/\/purehivehoney.com\/de\/wp-json\/wp\/v2\/store?post=366"},{"taxonomy":"product_brand","embeddable":true,"href":"https:\/\/purehivehoney.com\/de\/wp-json\/wp\/v2\/product_brand?post=366"},{"taxonomy":"product_cat","embeddable":true,"href":"https:\/\/purehivehoney.com\/de\/wp-json\/wp\/v2\/product_cat?post=366"},{"taxonomy":"product_tag","embeddable":true,"href":"https:\/\/purehivehoney.com\/de\/wp-json\/wp\/v2\/product_tag?post=366"}],"curies":[{"name":"wp","href":"https:\/\/api.w.org\/{rel}","templated":true}]}}