{"id":358,"date":"2026-03-15T23:01:21","date_gmt":"2026-03-15T23:01:21","guid":{"rendered":"https:\/\/purehivehoney.com\/de\/product\/serra-de-portel-flower-pollen-bee-pollen-product-from-portugal-220-g-x-4-bottles\/"},"modified":"2026-03-15T23:36:13","modified_gmt":"2026-03-15T23:36:13","slug":"serra-de-portel-flower-pollen-bee-pollen-product-from-portugal-220-g-x-4-bottles","status":"publish","type":"product","link":"https:\/\/purehivehoney.com\/de\/product\/serra-de-portel-flower-pollen-bee-pollen-product-from-portugal-220-g-x-4-bottles\/","title":{"rendered":"Serra de Portel \u2013 Flower Pollen\/B..."},"content":{"rendered":"<p>    <span>SERRA DE PORTEL &#8211; Bl\u00fctenpollen \/ Bienenpollen &#8211; Produkt von Portugal &#8211; 220gr x 4 Flaschen * The characteristics of Mel Serra de Portel are determined by a varied flora found in the typical Mediterranean mountain ranges and gives a unique quality. Mel Serra de Portel hives are located in a large non-agricultural area where the use of pesticides and phytopharmaceuticals as well as environmental pollution from industry and cities is lacking. In forestry, the Serra de Portel is dominated by the Montado, where the holm oaks and oaks dominate. In this ecosystem, a spontaneous and varied, typically wild flora with Mediterranean features develops, with rosemary and esteva dominating among other things by great nectarifer and pollen richness responsible for the properties of the products Mel Serra de Portel.<\/span>    <br \/> Manufacturer                                            \u200f                                            :                                            \u200e                                            Mel da Serra de Portel, Com. Apicola Unip., Lda &#8211; Portel, Portugal   <br \/> ASIN                                            \u200f                                            :                                            \u200e                                            B07Q154Z1V   <br \/> Country of origin                                            \u200f                                            :                                            \u200e                                            Portugal   <br \/>SERRA DE PORTEL &#8211; Flower Pollen \/ Bee Pollen &#8211; Granules<br \/>220 g x 4 bottles<br \/>Product of Portugal<\/p>\n\n","protected":false},"excerpt":{"rendered":"<p>SERRA DE PORTEL &#8211; Bl\u00fctenpollen \/ Bienenpollen &#8211; Produkt von Portugal &#8211; 220gr x 4 Flaschen * The characteristics of Mel Serra de Portel are determined by a varied flora found in the typical Mediterranean mountain ranges and gives a unique quality. Mel Serra de Portel hives are located in a large non-agricultural area where [&hellip;]<\/p>\n","protected":false},"featured_media":359,"comment_status":"open","ping_status":"closed","template":"","meta":{"_aipt_faq_data":""},"store":[],"product_brand":[140],"product_cat":[64],"product_tag":[139],"class_list":{"0":"post-358","1":"product","2":"type-product","3":"status-publish","4":"has-post-thumbnail","6":"product_brand-serra-de-portel-bluetenpollen-bienenpollen-produkt-von-portugal-220gr-x-4-flaschen","7":"product_cat-bienenpollen","8":"product_tag-getrocknete-bienenpollen-kaufen","10":"first","11":"instock","12":"sale","13":"shipping-taxable","14":"product-type-external"},"yoast_head":"<!-- This site is optimized with the Yoast SEO plugin v27.4 - https:\/\/yoast.com\/product\/yoast-seo-wordpress\/ -->\n<title>Serra de Portel \u2013 Flower Pollen\/Bee Pollen \u2013 Product from Portugal \u2013 220 g x 4 Bottles - PureHiveHoney<\/title>\n<meta name=\"description\" content=\"Entdecken Sie hochwertigen Rohhonig, Bio Honig, Manuka Honig und nat\u00fcrliche Bienenprodukte. PureHiveHoney hilft Ihnen dabei, sorgf\u00e4ltig ausgew\u00e4hlte Honigsorten mit nat\u00fcrlicher Qualit\u00e4t und Reinheit zu entdecken.\" \/>\n<meta name=\"robots\" content=\"index, follow, max-snippet:-1, max-image-preview:large, max-video-preview:-1\" \/>\n<link rel=\"canonical\" href=\"https:\/\/purehivehoney.com\/de\/product\/serra-de-portel-flower-pollen-bee-pollen-product-from-portugal-220-g-x-4-bottles\/\" \/>\n<meta property=\"og:locale\" content=\"de_DE\" \/>\n<meta property=\"og:type\" content=\"article\" \/>\n<meta property=\"og:title\" content=\"Serra de Portel \u2013 Flower Pollen\/Bee Pollen \u2013 Product from Portugal \u2013 220 g x 4 Bottles - PureHiveHoney\" \/>\n<meta property=\"og:description\" content=\"Entdecken Sie hochwertigen Rohhonig, Bio Honig, Manuka Honig und nat\u00fcrliche Bienenprodukte. PureHiveHoney hilft Ihnen dabei, sorgf\u00e4ltig ausgew\u00e4hlte Honigsorten mit nat\u00fcrlicher Qualit\u00e4t und Reinheit zu entdecken.\" \/>\n<meta property=\"og:url\" content=\"https:\/\/purehivehoney.com\/de\/product\/serra-de-portel-flower-pollen-bee-pollen-product-from-portugal-220-g-x-4-bottles\/\" \/>\n<meta property=\"og:site_name\" content=\"PureHiveHoney\" \/>\n<meta property=\"article:modified_time\" content=\"2026-03-15T23:36:13+00:00\" \/>\n<meta name=\"twitter:card\" content=\"summary_large_image\" \/>\n<meta name=\"twitter:label1\" content=\"Gesch\u00e4tzte Lesezeit\" \/>\n\t<meta name=\"twitter:data1\" content=\"1\u00a0Minute\" \/>\n<script type=\"application\/ld+json\" class=\"yoast-schema-graph\">{\"@context\":\"https:\\\/\\\/schema.org\",\"@graph\":[{\"@type\":\"WebPage\",\"@id\":\"https:\\\/\\\/purehivehoney.com\\\/de\\\/product\\\/serra-de-portel-flower-pollen-bee-pollen-product-from-portugal-220-g-x-4-bottles\\\/\",\"url\":\"https:\\\/\\\/purehivehoney.com\\\/de\\\/product\\\/serra-de-portel-flower-pollen-bee-pollen-product-from-portugal-220-g-x-4-bottles\\\/\",\"name\":\"Serra de Portel \u2013 Flower Pollen\\\/Bee Pollen \u2013 Product from Portugal \u2013 220 g x 4 Bottles - PureHiveHoney\",\"isPartOf\":{\"@id\":\"https:\\\/\\\/purehivehoney.com\\\/de\\\/#website\"},\"primaryImageOfPage\":{\"@id\":\"https:\\\/\\\/purehivehoney.com\\\/de\\\/product\\\/serra-de-portel-flower-pollen-bee-pollen-product-from-portugal-220-g-x-4-bottles\\\/#primaryimage\"},\"image\":{\"@id\":\"https:\\\/\\\/purehivehoney.com\\\/de\\\/product\\\/serra-de-portel-flower-pollen-bee-pollen-product-from-portugal-220-g-x-4-bottles\\\/#primaryimage\"},\"thumbnailUrl\":\"https:\\\/\\\/purehivehoney.com\\\/de\\\/wp-content\\\/uploads\\\/2026\\\/03\\\/51HGv8DbZ9L.jpg\",\"datePublished\":\"2026-03-15T23:01:21+00:00\",\"dateModified\":\"2026-03-15T23:36:13+00:00\",\"description\":\"Entdecken Sie hochwertigen Rohhonig, Bio Honig, Manuka Honig und nat\u00fcrliche Bienenprodukte. PureHiveHoney hilft Ihnen dabei, sorgf\u00e4ltig ausgew\u00e4hlte Honigsorten mit nat\u00fcrlicher Qualit\u00e4t und Reinheit zu entdecken.\",\"breadcrumb\":{\"@id\":\"https:\\\/\\\/purehivehoney.com\\\/de\\\/product\\\/serra-de-portel-flower-pollen-bee-pollen-product-from-portugal-220-g-x-4-bottles\\\/#breadcrumb\"},\"inLanguage\":\"de\",\"potentialAction\":[{\"@type\":\"ReadAction\",\"target\":[\"https:\\\/\\\/purehivehoney.com\\\/de\\\/product\\\/serra-de-portel-flower-pollen-bee-pollen-product-from-portugal-220-g-x-4-bottles\\\/\"]}]},{\"@type\":\"ImageObject\",\"inLanguage\":\"de\",\"@id\":\"https:\\\/\\\/purehivehoney.com\\\/de\\\/product\\\/serra-de-portel-flower-pollen-bee-pollen-product-from-portugal-220-g-x-4-bottles\\\/#primaryimage\",\"url\":\"https:\\\/\\\/purehivehoney.com\\\/de\\\/wp-content\\\/uploads\\\/2026\\\/03\\\/51HGv8DbZ9L.jpg\",\"contentUrl\":\"https:\\\/\\\/purehivehoney.com\\\/de\\\/wp-content\\\/uploads\\\/2026\\\/03\\\/51HGv8DbZ9L.jpg\",\"width\":500,\"height\":500},{\"@type\":\"BreadcrumbList\",\"@id\":\"https:\\\/\\\/purehivehoney.com\\\/de\\\/product\\\/serra-de-portel-flower-pollen-bee-pollen-product-from-portugal-220-g-x-4-bottles\\\/#breadcrumb\",\"itemListElement\":[{\"@type\":\"ListItem\",\"position\":1,\"name\":\"Home\",\"item\":\"https:\\\/\\\/purehivehoney.com\\\/de\\\/\"},{\"@type\":\"ListItem\",\"position\":2,\"name\":\"Shop\",\"item\":\"https:\\\/\\\/purehivehoney.com\\\/de\\\/shop\\\/\"},{\"@type\":\"ListItem\",\"position\":3,\"name\":\"Serra de Portel \u2013 Flower Pollen\\\/B...\"}]},{\"@type\":\"WebSite\",\"@id\":\"https:\\\/\\\/purehivehoney.com\\\/de\\\/#website\",\"url\":\"https:\\\/\\\/purehivehoney.com\\\/de\\\/\",\"name\":\"PureHiveHoney\",\"description\":\"Reiner Honig &amp; Bienenprodukte Online | Rohhonig, Bio Honig &amp; Spezialhonig\",\"publisher\":{\"@id\":\"https:\\\/\\\/purehivehoney.com\\\/de\\\/#organization\"},\"potentialAction\":[{\"@type\":\"SearchAction\",\"target\":{\"@type\":\"EntryPoint\",\"urlTemplate\":\"https:\\\/\\\/purehivehoney.com\\\/de\\\/?s={search_term_string}\"},\"query-input\":{\"@type\":\"PropertyValueSpecification\",\"valueRequired\":true,\"valueName\":\"search_term_string\"}}],\"inLanguage\":\"de\"},{\"@type\":\"Organization\",\"@id\":\"https:\\\/\\\/purehivehoney.com\\\/de\\\/#organization\",\"name\":\"PureHiveHoney\",\"url\":\"https:\\\/\\\/purehivehoney.com\\\/de\\\/\",\"logo\":{\"@type\":\"ImageObject\",\"inLanguage\":\"de\",\"@id\":\"https:\\\/\\\/purehivehoney.com\\\/de\\\/#\\\/schema\\\/logo\\\/image\\\/\",\"url\":\"https:\\\/\\\/purehivehoney.com\\\/de\\\/wp-content\\\/uploads\\\/2026\\\/03\\\/Screenshot-2026-03-16-at-1.06.01-AM.png\",\"contentUrl\":\"https:\\\/\\\/purehivehoney.com\\\/de\\\/wp-content\\\/uploads\\\/2026\\\/03\\\/Screenshot-2026-03-16-at-1.06.01-AM.png\",\"width\":2112,\"height\":1086,\"caption\":\"PureHiveHoney\"},\"image\":{\"@id\":\"https:\\\/\\\/purehivehoney.com\\\/de\\\/#\\\/schema\\\/logo\\\/image\\\/\"}}]}<\/script>\n<!-- \/ Yoast SEO plugin. -->","yoast_head_json":{"title":"Serra de Portel \u2013 Flower Pollen\/Bee Pollen \u2013 Product from Portugal \u2013 220 g x 4 Bottles - PureHiveHoney","description":"Entdecken Sie hochwertigen Rohhonig, Bio Honig, Manuka Honig und nat\u00fcrliche Bienenprodukte. PureHiveHoney hilft Ihnen dabei, sorgf\u00e4ltig ausgew\u00e4hlte Honigsorten mit nat\u00fcrlicher Qualit\u00e4t und Reinheit zu entdecken.","robots":{"index":"index","follow":"follow","max-snippet":"max-snippet:-1","max-image-preview":"max-image-preview:large","max-video-preview":"max-video-preview:-1"},"canonical":"https:\/\/purehivehoney.com\/de\/product\/serra-de-portel-flower-pollen-bee-pollen-product-from-portugal-220-g-x-4-bottles\/","og_locale":"de_DE","og_type":"article","og_title":"Serra de Portel \u2013 Flower Pollen\/Bee Pollen \u2013 Product from Portugal \u2013 220 g x 4 Bottles - PureHiveHoney","og_description":"Entdecken Sie hochwertigen Rohhonig, Bio Honig, Manuka Honig und nat\u00fcrliche Bienenprodukte. PureHiveHoney hilft Ihnen dabei, sorgf\u00e4ltig ausgew\u00e4hlte Honigsorten mit nat\u00fcrlicher Qualit\u00e4t und Reinheit zu entdecken.","og_url":"https:\/\/purehivehoney.com\/de\/product\/serra-de-portel-flower-pollen-bee-pollen-product-from-portugal-220-g-x-4-bottles\/","og_site_name":"PureHiveHoney","article_modified_time":"2026-03-15T23:36:13+00:00","twitter_card":"summary_large_image","twitter_misc":{"Gesch\u00e4tzte Lesezeit":"1\u00a0Minute"},"schema":{"@context":"https:\/\/schema.org","@graph":[{"@type":"WebPage","@id":"https:\/\/purehivehoney.com\/de\/product\/serra-de-portel-flower-pollen-bee-pollen-product-from-portugal-220-g-x-4-bottles\/","url":"https:\/\/purehivehoney.com\/de\/product\/serra-de-portel-flower-pollen-bee-pollen-product-from-portugal-220-g-x-4-bottles\/","name":"Serra de Portel \u2013 Flower Pollen\/Bee Pollen \u2013 Product from Portugal \u2013 220 g x 4 Bottles - PureHiveHoney","isPartOf":{"@id":"https:\/\/purehivehoney.com\/de\/#website"},"primaryImageOfPage":{"@id":"https:\/\/purehivehoney.com\/de\/product\/serra-de-portel-flower-pollen-bee-pollen-product-from-portugal-220-g-x-4-bottles\/#primaryimage"},"image":{"@id":"https:\/\/purehivehoney.com\/de\/product\/serra-de-portel-flower-pollen-bee-pollen-product-from-portugal-220-g-x-4-bottles\/#primaryimage"},"thumbnailUrl":"https:\/\/purehivehoney.com\/de\/wp-content\/uploads\/2026\/03\/51HGv8DbZ9L.jpg","datePublished":"2026-03-15T23:01:21+00:00","dateModified":"2026-03-15T23:36:13+00:00","description":"Entdecken Sie hochwertigen Rohhonig, Bio Honig, Manuka Honig und nat\u00fcrliche Bienenprodukte. PureHiveHoney hilft Ihnen dabei, sorgf\u00e4ltig ausgew\u00e4hlte Honigsorten mit nat\u00fcrlicher Qualit\u00e4t und Reinheit zu entdecken.","breadcrumb":{"@id":"https:\/\/purehivehoney.com\/de\/product\/serra-de-portel-flower-pollen-bee-pollen-product-from-portugal-220-g-x-4-bottles\/#breadcrumb"},"inLanguage":"de","potentialAction":[{"@type":"ReadAction","target":["https:\/\/purehivehoney.com\/de\/product\/serra-de-portel-flower-pollen-bee-pollen-product-from-portugal-220-g-x-4-bottles\/"]}]},{"@type":"ImageObject","inLanguage":"de","@id":"https:\/\/purehivehoney.com\/de\/product\/serra-de-portel-flower-pollen-bee-pollen-product-from-portugal-220-g-x-4-bottles\/#primaryimage","url":"https:\/\/purehivehoney.com\/de\/wp-content\/uploads\/2026\/03\/51HGv8DbZ9L.jpg","contentUrl":"https:\/\/purehivehoney.com\/de\/wp-content\/uploads\/2026\/03\/51HGv8DbZ9L.jpg","width":500,"height":500},{"@type":"BreadcrumbList","@id":"https:\/\/purehivehoney.com\/de\/product\/serra-de-portel-flower-pollen-bee-pollen-product-from-portugal-220-g-x-4-bottles\/#breadcrumb","itemListElement":[{"@type":"ListItem","position":1,"name":"Home","item":"https:\/\/purehivehoney.com\/de\/"},{"@type":"ListItem","position":2,"name":"Shop","item":"https:\/\/purehivehoney.com\/de\/shop\/"},{"@type":"ListItem","position":3,"name":"Serra de Portel \u2013 Flower Pollen\/B..."}]},{"@type":"WebSite","@id":"https:\/\/purehivehoney.com\/de\/#website","url":"https:\/\/purehivehoney.com\/de\/","name":"PureHiveHoney","description":"Reiner Honig &amp; Bienenprodukte Online | Rohhonig, Bio Honig &amp; Spezialhonig","publisher":{"@id":"https:\/\/purehivehoney.com\/de\/#organization"},"potentialAction":[{"@type":"SearchAction","target":{"@type":"EntryPoint","urlTemplate":"https:\/\/purehivehoney.com\/de\/?s={search_term_string}"},"query-input":{"@type":"PropertyValueSpecification","valueRequired":true,"valueName":"search_term_string"}}],"inLanguage":"de"},{"@type":"Organization","@id":"https:\/\/purehivehoney.com\/de\/#organization","name":"PureHiveHoney","url":"https:\/\/purehivehoney.com\/de\/","logo":{"@type":"ImageObject","inLanguage":"de","@id":"https:\/\/purehivehoney.com\/de\/#\/schema\/logo\/image\/","url":"https:\/\/purehivehoney.com\/de\/wp-content\/uploads\/2026\/03\/Screenshot-2026-03-16-at-1.06.01-AM.png","contentUrl":"https:\/\/purehivehoney.com\/de\/wp-content\/uploads\/2026\/03\/Screenshot-2026-03-16-at-1.06.01-AM.png","width":2112,"height":1086,"caption":"PureHiveHoney"},"image":{"@id":"https:\/\/purehivehoney.com\/de\/#\/schema\/logo\/image\/"}}]}},"_links":{"self":[{"href":"https:\/\/purehivehoney.com\/de\/wp-json\/wp\/v2\/product\/358","targetHints":{"allow":["GET"]}}],"collection":[{"href":"https:\/\/purehivehoney.com\/de\/wp-json\/wp\/v2\/product"}],"about":[{"href":"https:\/\/purehivehoney.com\/de\/wp-json\/wp\/v2\/types\/product"}],"replies":[{"embeddable":true,"href":"https:\/\/purehivehoney.com\/de\/wp-json\/wp\/v2\/comments?post=358"}],"wp:featuredmedia":[{"embeddable":true,"href":"https:\/\/purehivehoney.com\/de\/wp-json\/wp\/v2\/media\/359"}],"wp:attachment":[{"href":"https:\/\/purehivehoney.com\/de\/wp-json\/wp\/v2\/media?parent=358"}],"wp:term":[{"taxonomy":"store","embeddable":true,"href":"https:\/\/purehivehoney.com\/de\/wp-json\/wp\/v2\/store?post=358"},{"taxonomy":"product_brand","embeddable":true,"href":"https:\/\/purehivehoney.com\/de\/wp-json\/wp\/v2\/product_brand?post=358"},{"taxonomy":"product_cat","embeddable":true,"href":"https:\/\/purehivehoney.com\/de\/wp-json\/wp\/v2\/product_cat?post=358"},{"taxonomy":"product_tag","embeddable":true,"href":"https:\/\/purehivehoney.com\/de\/wp-json\/wp\/v2\/product_tag?post=358"}],"curies":[{"name":"wp","href":"https:\/\/api.w.org\/{rel}","templated":true}]}}