{"id":342,"date":"2026-03-15T20:47:20","date_gmt":"2026-03-15T20:47:20","guid":{"rendered":"https:\/\/purehivehoney.com\/de\/product\/pure-black-seed-mountain-honey-with-ginger-bee-pollen-300-g-kalonji-nigella-sativa\/"},"modified":"2026-03-15T23:36:13","modified_gmt":"2026-03-15T23:36:13","slug":"pure-black-seed-mountain-honey-with-ginger-bee-pollen-300-g-kalonji-nigella-sativa","status":"publish","type":"product","link":"https:\/\/purehivehoney.com\/de\/product\/pure-black-seed-mountain-honey-with-ginger-bee-pollen-300-g-kalonji-nigella-sativa\/","title":{"rendered":"Pure Black Seed Mountain Honey with..."},"content":{"rendered":"<p>    <span>A gift of black seed honey for health and well-being. This is a power booster, excellent honey combined with black seeds and ginger. <\/span><br \/><span>Please note that this honey is more like a paste and does not run. <\/span><br \/><span>Black cumin oil contains 100 healing components that work together to support and help our body. <\/span><br \/><span>Ingredients: pure mountain honey, black seed (nigella), ginger bee pollen seeds. <\/span><br \/><span>Country of Origin: EU\/EEC &#8211; UK Product <br \/>Suitable for vegetarians. <br \/>Not suitable for children under 12 months. <br \/>Size:250g <br \/>Manufacturer: River of Honey <\/span><br \/><span>The black seeds are cultivated in Russia, Turkey, Egypt, Arabia, Oman, Ethiopia, Middle East, Far East, India, Bangladesh, France, Germany and the Mediterranean basin. It also grows wild in Egypt, Syria, Asian Turkey and the Balkan states. <\/span><br \/><span>Nigella Sativa is generally in Arabic as Habbat-ul-Baraka (blessed seed) and in English as Love in the Mist. <\/span><br \/><span>Research <br \/>Since 1959, over 200 studies have been conducted at international universities, and articles published in various journals have made remarkable results in support of traditional use. <\/span><br \/><span>The Nigella Sativa seed itself contains numerous esters of structurally unusual unsaturated fatty acids and the chemical composition is very rich and diverse. In addition to its active ingredient crystalline nigellon, it contains 15 amino acids (including eight of the nine essentials), carbohydrates, fatty acids including linolic and oleic acids, volatile oils, alkaloids and fibre, as well as minerals such as calcium, iron, sodium and potassium. <\/span><br \/><span>It is told of the hadith that the Holy Prophet (Pbuh) said, &#8222;Use the black seed because it has a relief of all diseases but death. <\/span><br \/><span>Please feel free to contact us if you have any questions. <\/span><br \/> Item Weight                                            \u200f                                            :                                            \u200e                                            250 g   <br \/> ASIN                                            \u200f                                            :                                            \u200e                                            B07H4M4KB2   <br \/>  Customer reviews:                                                                                            4.8               4.8 out of 5 stars                                  (5)                                              var dpAcrHasRegisteredArcLinkClickAction;                    P.when(&#8218;A&#8216;, &#8218;ready&#8216;).execute(function(A) {                        if (dpAcrHasRegisteredArcLinkClickAction !== true) {                            dpAcrHasRegisteredArcLinkClickAction = true;                            A.declarative(                                &#8218;acrLink-click-metrics&#8216;, &#8218;click&#8216;,                                { &#8222;allowLinkDefault&#8220;: true },                                function (event) {                                    if (window.ue) {                                        ue.count(&#8222;acrLinkClickCount&#8220;, (ue.count(&#8222;acrLinkClickCount&#8220;) || 0) + 1);                                    }                                }                            );                        }                    });                                             P.when(&#8218;A&#8216;, &#8218;cf&#8216;).execute(function(A) {                A.declarative(&#8218;acrStarsLink-click-metrics&#8216;, &#8218;click&#8216;, { &#8222;allowLinkDefault&#8220; : true },  function(event){                    if(window.ue) {                        ue.count(&#8222;acrStarsLinkWithPopoverClickCount&#8220;, (ue.count(&#8222;acrStarsLinkWithPopoverClickCount&#8220;) || 0) + 1);                    }                });            });                          <br \/>Contents: 300 g<br \/>Ingredients: pure mountain honey, black seed (nigella), ginger bee pollen seeds.<br \/>Country of Origin: EU\/EEC &#8211; EU Product<\/p>\n\n","protected":false},"excerpt":{"rendered":"<p>A gift of black seed honey for health and well-being. This is a power booster, excellent honey combined with black seeds and ginger. Please note that this honey is more like a paste and does not run. Black cumin oil contains 100 healing components that work together to support and help our body. Ingredients: pure [&hellip;]<\/p>\n","protected":false},"featured_media":343,"comment_status":"open","ping_status":"closed","template":"","meta":{"_aipt_faq_data":""},"store":[],"product_brand":[133],"product_cat":[69],"product_tag":[132],"class_list":{"0":"post-342","1":"product","2":"type-product","3":"status-publish","4":"has-post-thumbnail","6":"product_brand-river-of-honey","7":"product_cat-honig-probier-sets","8":"product_tag-honig-probier-sets-aus-deutschland","10":"first","11":"instock","12":"sale","13":"shipping-taxable","14":"product-type-external"},"yoast_head":"<!-- This site is optimized with the Yoast SEO plugin v27.4 - https:\/\/yoast.com\/product\/yoast-seo-wordpress\/ -->\n<title>Pure Black Seed Mountain Honey with Ginger &amp; Bee Pollen 300 g Kalonji Nigella Sativa - PureHiveHoney<\/title>\n<meta name=\"description\" content=\"Entdecken Sie hochwertigen Rohhonig, Bio Honig, Manuka Honig und nat\u00fcrliche Bienenprodukte. PureHiveHoney hilft Ihnen dabei, sorgf\u00e4ltig ausgew\u00e4hlte Honigsorten mit nat\u00fcrlicher Qualit\u00e4t und Reinheit zu entdecken.\" \/>\n<meta name=\"robots\" content=\"index, follow, max-snippet:-1, max-image-preview:large, max-video-preview:-1\" \/>\n<link rel=\"canonical\" href=\"https:\/\/purehivehoney.com\/de\/product\/pure-black-seed-mountain-honey-with-ginger-bee-pollen-300-g-kalonji-nigella-sativa\/\" \/>\n<meta property=\"og:locale\" content=\"de_DE\" \/>\n<meta property=\"og:type\" content=\"article\" \/>\n<meta property=\"og:title\" content=\"Pure Black Seed Mountain Honey with Ginger &amp; Bee Pollen 300 g Kalonji Nigella Sativa - PureHiveHoney\" \/>\n<meta property=\"og:description\" content=\"Entdecken Sie hochwertigen Rohhonig, Bio Honig, Manuka Honig und nat\u00fcrliche Bienenprodukte. PureHiveHoney hilft Ihnen dabei, sorgf\u00e4ltig ausgew\u00e4hlte Honigsorten mit nat\u00fcrlicher Qualit\u00e4t und Reinheit zu entdecken.\" \/>\n<meta property=\"og:url\" content=\"https:\/\/purehivehoney.com\/de\/product\/pure-black-seed-mountain-honey-with-ginger-bee-pollen-300-g-kalonji-nigella-sativa\/\" \/>\n<meta property=\"og:site_name\" content=\"PureHiveHoney\" \/>\n<meta property=\"article:modified_time\" content=\"2026-03-15T23:36:13+00:00\" \/>\n<meta name=\"twitter:card\" content=\"summary_large_image\" \/>\n<meta name=\"twitter:label1\" content=\"Gesch\u00e4tzte Lesezeit\" \/>\n\t<meta name=\"twitter:data1\" content=\"2\u00a0Minuten\" \/>\n<script type=\"application\/ld+json\" class=\"yoast-schema-graph\">{\"@context\":\"https:\\\/\\\/schema.org\",\"@graph\":[{\"@type\":\"WebPage\",\"@id\":\"https:\\\/\\\/purehivehoney.com\\\/de\\\/product\\\/pure-black-seed-mountain-honey-with-ginger-bee-pollen-300-g-kalonji-nigella-sativa\\\/\",\"url\":\"https:\\\/\\\/purehivehoney.com\\\/de\\\/product\\\/pure-black-seed-mountain-honey-with-ginger-bee-pollen-300-g-kalonji-nigella-sativa\\\/\",\"name\":\"Pure Black Seed Mountain Honey with Ginger & Bee Pollen 300 g Kalonji Nigella Sativa - PureHiveHoney\",\"isPartOf\":{\"@id\":\"https:\\\/\\\/purehivehoney.com\\\/de\\\/#website\"},\"primaryImageOfPage\":{\"@id\":\"https:\\\/\\\/purehivehoney.com\\\/de\\\/product\\\/pure-black-seed-mountain-honey-with-ginger-bee-pollen-300-g-kalonji-nigella-sativa\\\/#primaryimage\"},\"image\":{\"@id\":\"https:\\\/\\\/purehivehoney.com\\\/de\\\/product\\\/pure-black-seed-mountain-honey-with-ginger-bee-pollen-300-g-kalonji-nigella-sativa\\\/#primaryimage\"},\"thumbnailUrl\":\"https:\\\/\\\/purehivehoney.com\\\/de\\\/wp-content\\\/uploads\\\/2026\\\/03\\\/41tFE2K14L.jpg\",\"datePublished\":\"2026-03-15T20:47:20+00:00\",\"dateModified\":\"2026-03-15T23:36:13+00:00\",\"description\":\"Entdecken Sie hochwertigen Rohhonig, Bio Honig, Manuka Honig und nat\u00fcrliche Bienenprodukte. PureHiveHoney hilft Ihnen dabei, sorgf\u00e4ltig ausgew\u00e4hlte Honigsorten mit nat\u00fcrlicher Qualit\u00e4t und Reinheit zu entdecken.\",\"breadcrumb\":{\"@id\":\"https:\\\/\\\/purehivehoney.com\\\/de\\\/product\\\/pure-black-seed-mountain-honey-with-ginger-bee-pollen-300-g-kalonji-nigella-sativa\\\/#breadcrumb\"},\"inLanguage\":\"de\",\"potentialAction\":[{\"@type\":\"ReadAction\",\"target\":[\"https:\\\/\\\/purehivehoney.com\\\/de\\\/product\\\/pure-black-seed-mountain-honey-with-ginger-bee-pollen-300-g-kalonji-nigella-sativa\\\/\"]}]},{\"@type\":\"ImageObject\",\"inLanguage\":\"de\",\"@id\":\"https:\\\/\\\/purehivehoney.com\\\/de\\\/product\\\/pure-black-seed-mountain-honey-with-ginger-bee-pollen-300-g-kalonji-nigella-sativa\\\/#primaryimage\",\"url\":\"https:\\\/\\\/purehivehoney.com\\\/de\\\/wp-content\\\/uploads\\\/2026\\\/03\\\/41tFE2K14L.jpg\",\"contentUrl\":\"https:\\\/\\\/purehivehoney.com\\\/de\\\/wp-content\\\/uploads\\\/2026\\\/03\\\/41tFE2K14L.jpg\",\"width\":500,\"height\":500},{\"@type\":\"BreadcrumbList\",\"@id\":\"https:\\\/\\\/purehivehoney.com\\\/de\\\/product\\\/pure-black-seed-mountain-honey-with-ginger-bee-pollen-300-g-kalonji-nigella-sativa\\\/#breadcrumb\",\"itemListElement\":[{\"@type\":\"ListItem\",\"position\":1,\"name\":\"Home\",\"item\":\"https:\\\/\\\/purehivehoney.com\\\/de\\\/\"},{\"@type\":\"ListItem\",\"position\":2,\"name\":\"Shop\",\"item\":\"https:\\\/\\\/purehivehoney.com\\\/de\\\/shop\\\/\"},{\"@type\":\"ListItem\",\"position\":3,\"name\":\"Pure Black Seed Mountain Honey with...\"}]},{\"@type\":\"WebSite\",\"@id\":\"https:\\\/\\\/purehivehoney.com\\\/de\\\/#website\",\"url\":\"https:\\\/\\\/purehivehoney.com\\\/de\\\/\",\"name\":\"PureHiveHoney\",\"description\":\"Reiner Honig &amp; Bienenprodukte Online | Rohhonig, Bio Honig &amp; Spezialhonig\",\"publisher\":{\"@id\":\"https:\\\/\\\/purehivehoney.com\\\/de\\\/#organization\"},\"potentialAction\":[{\"@type\":\"SearchAction\",\"target\":{\"@type\":\"EntryPoint\",\"urlTemplate\":\"https:\\\/\\\/purehivehoney.com\\\/de\\\/?s={search_term_string}\"},\"query-input\":{\"@type\":\"PropertyValueSpecification\",\"valueRequired\":true,\"valueName\":\"search_term_string\"}}],\"inLanguage\":\"de\"},{\"@type\":\"Organization\",\"@id\":\"https:\\\/\\\/purehivehoney.com\\\/de\\\/#organization\",\"name\":\"PureHiveHoney\",\"url\":\"https:\\\/\\\/purehivehoney.com\\\/de\\\/\",\"logo\":{\"@type\":\"ImageObject\",\"inLanguage\":\"de\",\"@id\":\"https:\\\/\\\/purehivehoney.com\\\/de\\\/#\\\/schema\\\/logo\\\/image\\\/\",\"url\":\"https:\\\/\\\/purehivehoney.com\\\/de\\\/wp-content\\\/uploads\\\/2026\\\/03\\\/Screenshot-2026-03-16-at-1.06.01-AM.png\",\"contentUrl\":\"https:\\\/\\\/purehivehoney.com\\\/de\\\/wp-content\\\/uploads\\\/2026\\\/03\\\/Screenshot-2026-03-16-at-1.06.01-AM.png\",\"width\":2112,\"height\":1086,\"caption\":\"PureHiveHoney\"},\"image\":{\"@id\":\"https:\\\/\\\/purehivehoney.com\\\/de\\\/#\\\/schema\\\/logo\\\/image\\\/\"}}]}<\/script>\n<!-- \/ Yoast SEO plugin. -->","yoast_head_json":{"title":"Pure Black Seed Mountain Honey with Ginger & Bee Pollen 300 g Kalonji Nigella Sativa - PureHiveHoney","description":"Entdecken Sie hochwertigen Rohhonig, Bio Honig, Manuka Honig und nat\u00fcrliche Bienenprodukte. PureHiveHoney hilft Ihnen dabei, sorgf\u00e4ltig ausgew\u00e4hlte Honigsorten mit nat\u00fcrlicher Qualit\u00e4t und Reinheit zu entdecken.","robots":{"index":"index","follow":"follow","max-snippet":"max-snippet:-1","max-image-preview":"max-image-preview:large","max-video-preview":"max-video-preview:-1"},"canonical":"https:\/\/purehivehoney.com\/de\/product\/pure-black-seed-mountain-honey-with-ginger-bee-pollen-300-g-kalonji-nigella-sativa\/","og_locale":"de_DE","og_type":"article","og_title":"Pure Black Seed Mountain Honey with Ginger & Bee Pollen 300 g Kalonji Nigella Sativa - PureHiveHoney","og_description":"Entdecken Sie hochwertigen Rohhonig, Bio Honig, Manuka Honig und nat\u00fcrliche Bienenprodukte. PureHiveHoney hilft Ihnen dabei, sorgf\u00e4ltig ausgew\u00e4hlte Honigsorten mit nat\u00fcrlicher Qualit\u00e4t und Reinheit zu entdecken.","og_url":"https:\/\/purehivehoney.com\/de\/product\/pure-black-seed-mountain-honey-with-ginger-bee-pollen-300-g-kalonji-nigella-sativa\/","og_site_name":"PureHiveHoney","article_modified_time":"2026-03-15T23:36:13+00:00","twitter_card":"summary_large_image","twitter_misc":{"Gesch\u00e4tzte Lesezeit":"2\u00a0Minuten"},"schema":{"@context":"https:\/\/schema.org","@graph":[{"@type":"WebPage","@id":"https:\/\/purehivehoney.com\/de\/product\/pure-black-seed-mountain-honey-with-ginger-bee-pollen-300-g-kalonji-nigella-sativa\/","url":"https:\/\/purehivehoney.com\/de\/product\/pure-black-seed-mountain-honey-with-ginger-bee-pollen-300-g-kalonji-nigella-sativa\/","name":"Pure Black Seed Mountain Honey with Ginger & Bee Pollen 300 g Kalonji Nigella Sativa - PureHiveHoney","isPartOf":{"@id":"https:\/\/purehivehoney.com\/de\/#website"},"primaryImageOfPage":{"@id":"https:\/\/purehivehoney.com\/de\/product\/pure-black-seed-mountain-honey-with-ginger-bee-pollen-300-g-kalonji-nigella-sativa\/#primaryimage"},"image":{"@id":"https:\/\/purehivehoney.com\/de\/product\/pure-black-seed-mountain-honey-with-ginger-bee-pollen-300-g-kalonji-nigella-sativa\/#primaryimage"},"thumbnailUrl":"https:\/\/purehivehoney.com\/de\/wp-content\/uploads\/2026\/03\/41tFE2K14L.jpg","datePublished":"2026-03-15T20:47:20+00:00","dateModified":"2026-03-15T23:36:13+00:00","description":"Entdecken Sie hochwertigen Rohhonig, Bio Honig, Manuka Honig und nat\u00fcrliche Bienenprodukte. PureHiveHoney hilft Ihnen dabei, sorgf\u00e4ltig ausgew\u00e4hlte Honigsorten mit nat\u00fcrlicher Qualit\u00e4t und Reinheit zu entdecken.","breadcrumb":{"@id":"https:\/\/purehivehoney.com\/de\/product\/pure-black-seed-mountain-honey-with-ginger-bee-pollen-300-g-kalonji-nigella-sativa\/#breadcrumb"},"inLanguage":"de","potentialAction":[{"@type":"ReadAction","target":["https:\/\/purehivehoney.com\/de\/product\/pure-black-seed-mountain-honey-with-ginger-bee-pollen-300-g-kalonji-nigella-sativa\/"]}]},{"@type":"ImageObject","inLanguage":"de","@id":"https:\/\/purehivehoney.com\/de\/product\/pure-black-seed-mountain-honey-with-ginger-bee-pollen-300-g-kalonji-nigella-sativa\/#primaryimage","url":"https:\/\/purehivehoney.com\/de\/wp-content\/uploads\/2026\/03\/41tFE2K14L.jpg","contentUrl":"https:\/\/purehivehoney.com\/de\/wp-content\/uploads\/2026\/03\/41tFE2K14L.jpg","width":500,"height":500},{"@type":"BreadcrumbList","@id":"https:\/\/purehivehoney.com\/de\/product\/pure-black-seed-mountain-honey-with-ginger-bee-pollen-300-g-kalonji-nigella-sativa\/#breadcrumb","itemListElement":[{"@type":"ListItem","position":1,"name":"Home","item":"https:\/\/purehivehoney.com\/de\/"},{"@type":"ListItem","position":2,"name":"Shop","item":"https:\/\/purehivehoney.com\/de\/shop\/"},{"@type":"ListItem","position":3,"name":"Pure Black Seed Mountain Honey with..."}]},{"@type":"WebSite","@id":"https:\/\/purehivehoney.com\/de\/#website","url":"https:\/\/purehivehoney.com\/de\/","name":"PureHiveHoney","description":"Reiner Honig &amp; Bienenprodukte Online | Rohhonig, Bio Honig &amp; Spezialhonig","publisher":{"@id":"https:\/\/purehivehoney.com\/de\/#organization"},"potentialAction":[{"@type":"SearchAction","target":{"@type":"EntryPoint","urlTemplate":"https:\/\/purehivehoney.com\/de\/?s={search_term_string}"},"query-input":{"@type":"PropertyValueSpecification","valueRequired":true,"valueName":"search_term_string"}}],"inLanguage":"de"},{"@type":"Organization","@id":"https:\/\/purehivehoney.com\/de\/#organization","name":"PureHiveHoney","url":"https:\/\/purehivehoney.com\/de\/","logo":{"@type":"ImageObject","inLanguage":"de","@id":"https:\/\/purehivehoney.com\/de\/#\/schema\/logo\/image\/","url":"https:\/\/purehivehoney.com\/de\/wp-content\/uploads\/2026\/03\/Screenshot-2026-03-16-at-1.06.01-AM.png","contentUrl":"https:\/\/purehivehoney.com\/de\/wp-content\/uploads\/2026\/03\/Screenshot-2026-03-16-at-1.06.01-AM.png","width":2112,"height":1086,"caption":"PureHiveHoney"},"image":{"@id":"https:\/\/purehivehoney.com\/de\/#\/schema\/logo\/image\/"}}]}},"_links":{"self":[{"href":"https:\/\/purehivehoney.com\/de\/wp-json\/wp\/v2\/product\/342","targetHints":{"allow":["GET"]}}],"collection":[{"href":"https:\/\/purehivehoney.com\/de\/wp-json\/wp\/v2\/product"}],"about":[{"href":"https:\/\/purehivehoney.com\/de\/wp-json\/wp\/v2\/types\/product"}],"replies":[{"embeddable":true,"href":"https:\/\/purehivehoney.com\/de\/wp-json\/wp\/v2\/comments?post=342"}],"wp:featuredmedia":[{"embeddable":true,"href":"https:\/\/purehivehoney.com\/de\/wp-json\/wp\/v2\/media\/343"}],"wp:attachment":[{"href":"https:\/\/purehivehoney.com\/de\/wp-json\/wp\/v2\/media?parent=342"}],"wp:term":[{"taxonomy":"store","embeddable":true,"href":"https:\/\/purehivehoney.com\/de\/wp-json\/wp\/v2\/store?post=342"},{"taxonomy":"product_brand","embeddable":true,"href":"https:\/\/purehivehoney.com\/de\/wp-json\/wp\/v2\/product_brand?post=342"},{"taxonomy":"product_cat","embeddable":true,"href":"https:\/\/purehivehoney.com\/de\/wp-json\/wp\/v2\/product_cat?post=342"},{"taxonomy":"product_tag","embeddable":true,"href":"https:\/\/purehivehoney.com\/de\/wp-json\/wp\/v2\/product_tag?post=342"}],"curies":[{"name":"wp","href":"https:\/\/api.w.org\/{rel}","templated":true}]}}