{"id":332,"date":"2026-03-15T20:46:03","date_gmt":"2026-03-15T20:46:03","guid":{"rendered":"https:\/\/purehivehoney.com\/de\/product\/abaodam-honigruehrstaebe-25-stueck-premium-holz-honigloeffel-mit-tiefen-rillen-zum-honig-ruehren-fuer-partygeschenke-einfache-reinigung-und-robuste-struktur-wiederverwendbar\/"},"modified":"2026-03-15T23:36:13","modified_gmt":"2026-03-15T23:36:13","slug":"abaodam-honigruehrstaebe-25-stueck-premium-holz-honigloeffel-mit-tiefen-rillen-zum-honig-ruehren-fuer-partygeschenke-einfache-reinigung-und-robuste-struktur-wiederverwendbar","status":"publish","type":"product","link":"https:\/\/purehivehoney.com\/de\/product\/abaodam-honigruehrstaebe-25-stueck-premium-holz-honigloeffel-mit-tiefen-rillen-zum-honig-ruehren-fuer-partygeschenke-einfache-reinigung-und-robuste-struktur-wiederverwendbar\/","title":{"rendered":"Abaodam Honigr\u00fchrst\u00e4be 25 St\u00fcck ..."},"content":{"rendered":"<p>    <span class=\"a-text-bold\">Lieferumfang<\/span><span><br \/> 25 Honigsticks<br \/><\/span><span class=\"a-text-bold\">Eigenschaften<\/span><span><br \/> Produktinformationen: Honigstab aus Massivholz<br \/> -Gr\u00f6\u00dfe: ca. 8,00 x 2,00 x 2,00 cm \/ 3,14 x 0,79 x 0,79 Zoll<br \/> -Material: Holz<br \/> -Farbe: Wie abgebildet<br \/> Handw\u00e4sche wird empfohlen. Bitte halten Sie den Stab nach dem Waschen trocken, um ein Vermischen von Stab, Honigl\u00f6ffel und R\u00fchrstab zu vermeiden.<br \/> &#8211; Sie haben ein einfaches Design, sind aber in der Anwendung sehr praktisch und dienen als Honigr\u00fchrer.<br \/> &#8211; Perfektes Tr\u00e4ufelwerkzeug f\u00fcr Sirup, Honig, Melasse, Marmelade oder jede andere dickfl\u00fcssige Fl\u00fcssigkeit: Honigr\u00fchrst\u00e4bchen.<br \/> &#8211; Hergestellt aus hochwertigem Holz, sind sie sicher und wiederverwendbar.<br \/> &#8211; Geeignet als Geschenk f\u00fcr Freunde zum Einzugstag, zu Weihnachten usw. Honigruten.<br \/><\/span><span class=\"a-text-bold\">Wareninformationen<\/span><span><br \/> Honigl\u00f6ffel, Kaffeer\u00fchrer: Die glatte, zarte Textur und die nat\u00fcrliche Farbe werden Sie begeistern. Honigr\u00fchrst\u00e4be: Mit diesen Holzst\u00e4ben l\u00e4sst sich Honig m\u00fchelos aus Gl\u00e4sern entnehmen. Honigentnahmest\u00e4bchen: Unverzichtbare Helfer in der K\u00fcche, z. B. beim Fr\u00fchst\u00fcck. Mini-Honigr\u00fchrst\u00e4be f\u00fcr Tee: Diese Honigst\u00e4be sind aus unbedenklichem Holz gefertigt.<\/span>    <br \/>Honigr\u00fchrst\u00e4be: diese h\u00f6lzernen honigr\u00fchrst\u00e4be sind einfach zu verwenden und zu reinigen, sie k\u00f6nnen sie bedenkenlos verwenden; honigwaben-teer\u00fchrst\u00e4be<br \/>Honigr\u00fchrstab: perfektes werkzeug zum tr\u00e4ufeln von sirup, honig, melasse, marmelade oder anderen dickfl\u00fcssigen fl\u00fcssigkeiten, honigr\u00fchrl\u00f6ffel<br \/>R\u00fchrstab: die r\u00fchrst\u00e4be sind einfach konstruiert, leicht zu handhaben und zu reinigen, ideal f\u00fcr den langzeitgebrauch und zum mischen von honig<br \/>Honigr\u00fchrstab: kreatives spiraldesign mit perfekter verarbeitung f\u00fcr ein hervorragendes erlebnis; honigst\u00e4be<br \/>Honigr\u00fchrer: verwendung von hochwertiger verarbeitung, um unser produkt herzustellen, holzl\u00f6ffel f\u00fcr honig<\/p>\n\n","protected":false},"excerpt":{"rendered":"<p>Lieferumfang 25 HonigsticksEigenschaften Produktinformationen: Honigstab aus Massivholz -Gr\u00f6\u00dfe: ca. 8,00 x 2,00 x 2,00 cm \/ 3,14 x 0,79 x 0,79 Zoll -Material: Holz -Farbe: Wie abgebildet Handw\u00e4sche wird empfohlen. Bitte halten Sie den Stab nach dem Waschen trocken, um ein Vermischen von Stab, Honigl\u00f6ffel und R\u00fchrstab zu vermeiden. &#8211; Sie haben ein einfaches Design, [&hellip;]<\/p>\n","protected":false},"featured_media":333,"comment_status":"open","ping_status":"closed","template":"","meta":{"_aipt_faq_data":""},"store":[],"product_brand":[],"product_cat":[70],"product_tag":[131],"class_list":{"0":"post-332","1":"product","2":"type-product","3":"status-publish","4":"has-post-thumbnail","6":"product_cat-premium-honig-geschenke","7":"product_tag-premium-honig-geschenke-mit-honigloeffel","9":"first","10":"instock","11":"sale","12":"shipping-taxable","13":"product-type-external"},"yoast_head":"<!-- This site is optimized with the Yoast SEO plugin v27.4 - https:\/\/yoast.com\/product\/yoast-seo-wordpress\/ -->\n<title>Abaodam Honigr\u00fchrst\u00e4be 25 St\u00fcck Premium Holz Honigl\u00f6ffel mit Tiefen Rillen zum Honig R\u00fchren f\u00fcr Partygeschenke Einfache Reinigung und Robuste Struktur Wiederverwendbar - PureHiveHoney<\/title>\n<meta name=\"description\" content=\"Entdecken Sie hochwertigen Rohhonig, Bio Honig, Manuka Honig und nat\u00fcrliche Bienenprodukte. PureHiveHoney hilft Ihnen dabei, sorgf\u00e4ltig ausgew\u00e4hlte Honigsorten mit nat\u00fcrlicher Qualit\u00e4t und Reinheit zu entdecken.\" \/>\n<meta name=\"robots\" content=\"index, follow, max-snippet:-1, max-image-preview:large, max-video-preview:-1\" \/>\n<link rel=\"canonical\" href=\"https:\/\/purehivehoney.com\/de\/product\/abaodam-honigruehrstaebe-25-stueck-premium-holz-honigloeffel-mit-tiefen-rillen-zum-honig-ruehren-fuer-partygeschenke-einfache-reinigung-und-robuste-struktur-wiederverwendbar\/\" \/>\n<meta property=\"og:locale\" content=\"de_DE\" \/>\n<meta property=\"og:type\" content=\"article\" \/>\n<meta property=\"og:title\" content=\"Abaodam Honigr\u00fchrst\u00e4be 25 St\u00fcck Premium Holz Honigl\u00f6ffel mit Tiefen Rillen zum Honig R\u00fchren f\u00fcr Partygeschenke Einfache Reinigung und Robuste Struktur Wiederverwendbar - PureHiveHoney\" \/>\n<meta property=\"og:description\" content=\"Entdecken Sie hochwertigen Rohhonig, Bio Honig, Manuka Honig und nat\u00fcrliche Bienenprodukte. PureHiveHoney hilft Ihnen dabei, sorgf\u00e4ltig ausgew\u00e4hlte Honigsorten mit nat\u00fcrlicher Qualit\u00e4t und Reinheit zu entdecken.\" \/>\n<meta property=\"og:url\" content=\"https:\/\/purehivehoney.com\/de\/product\/abaodam-honigruehrstaebe-25-stueck-premium-holz-honigloeffel-mit-tiefen-rillen-zum-honig-ruehren-fuer-partygeschenke-einfache-reinigung-und-robuste-struktur-wiederverwendbar\/\" \/>\n<meta property=\"og:site_name\" content=\"PureHiveHoney\" \/>\n<meta property=\"article:modified_time\" content=\"2026-03-15T23:36:13+00:00\" \/>\n<meta name=\"twitter:card\" content=\"summary_large_image\" \/>\n<meta name=\"twitter:label1\" content=\"Gesch\u00e4tzte Lesezeit\" \/>\n\t<meta name=\"twitter:data1\" content=\"1\u00a0Minute\" \/>\n<script type=\"application\/ld+json\" class=\"yoast-schema-graph\">{\"@context\":\"https:\\\/\\\/schema.org\",\"@graph\":[{\"@type\":\"WebPage\",\"@id\":\"https:\\\/\\\/purehivehoney.com\\\/de\\\/product\\\/abaodam-honigruehrstaebe-25-stueck-premium-holz-honigloeffel-mit-tiefen-rillen-zum-honig-ruehren-fuer-partygeschenke-einfache-reinigung-und-robuste-struktur-wiederverwendbar\\\/\",\"url\":\"https:\\\/\\\/purehivehoney.com\\\/de\\\/product\\\/abaodam-honigruehrstaebe-25-stueck-premium-holz-honigloeffel-mit-tiefen-rillen-zum-honig-ruehren-fuer-partygeschenke-einfache-reinigung-und-robuste-struktur-wiederverwendbar\\\/\",\"name\":\"Abaodam Honigr\u00fchrst\u00e4be 25 St\u00fcck Premium Holz Honigl\u00f6ffel mit Tiefen Rillen zum Honig R\u00fchren f\u00fcr Partygeschenke Einfache Reinigung und Robuste Struktur Wiederverwendbar - PureHiveHoney\",\"isPartOf\":{\"@id\":\"https:\\\/\\\/purehivehoney.com\\\/de\\\/#website\"},\"primaryImageOfPage\":{\"@id\":\"https:\\\/\\\/purehivehoney.com\\\/de\\\/product\\\/abaodam-honigruehrstaebe-25-stueck-premium-holz-honigloeffel-mit-tiefen-rillen-zum-honig-ruehren-fuer-partygeschenke-einfache-reinigung-und-robuste-struktur-wiederverwendbar\\\/#primaryimage\"},\"image\":{\"@id\":\"https:\\\/\\\/purehivehoney.com\\\/de\\\/product\\\/abaodam-honigruehrstaebe-25-stueck-premium-holz-honigloeffel-mit-tiefen-rillen-zum-honig-ruehren-fuer-partygeschenke-einfache-reinigung-und-robuste-struktur-wiederverwendbar\\\/#primaryimage\"},\"thumbnailUrl\":\"https:\\\/\\\/purehivehoney.com\\\/de\\\/wp-content\\\/uploads\\\/2026\\\/03\\\/619prBCW0fL._AC_SL1200_.jpg\",\"datePublished\":\"2026-03-15T20:46:03+00:00\",\"dateModified\":\"2026-03-15T23:36:13+00:00\",\"description\":\"Entdecken Sie hochwertigen Rohhonig, Bio Honig, Manuka Honig und nat\u00fcrliche Bienenprodukte. PureHiveHoney hilft Ihnen dabei, sorgf\u00e4ltig ausgew\u00e4hlte Honigsorten mit nat\u00fcrlicher Qualit\u00e4t und Reinheit zu entdecken.\",\"breadcrumb\":{\"@id\":\"https:\\\/\\\/purehivehoney.com\\\/de\\\/product\\\/abaodam-honigruehrstaebe-25-stueck-premium-holz-honigloeffel-mit-tiefen-rillen-zum-honig-ruehren-fuer-partygeschenke-einfache-reinigung-und-robuste-struktur-wiederverwendbar\\\/#breadcrumb\"},\"inLanguage\":\"de\",\"potentialAction\":[{\"@type\":\"ReadAction\",\"target\":[\"https:\\\/\\\/purehivehoney.com\\\/de\\\/product\\\/abaodam-honigruehrstaebe-25-stueck-premium-holz-honigloeffel-mit-tiefen-rillen-zum-honig-ruehren-fuer-partygeschenke-einfache-reinigung-und-robuste-struktur-wiederverwendbar\\\/\"]}]},{\"@type\":\"ImageObject\",\"inLanguage\":\"de\",\"@id\":\"https:\\\/\\\/purehivehoney.com\\\/de\\\/product\\\/abaodam-honigruehrstaebe-25-stueck-premium-holz-honigloeffel-mit-tiefen-rillen-zum-honig-ruehren-fuer-partygeschenke-einfache-reinigung-und-robuste-struktur-wiederverwendbar\\\/#primaryimage\",\"url\":\"https:\\\/\\\/purehivehoney.com\\\/de\\\/wp-content\\\/uploads\\\/2026\\\/03\\\/619prBCW0fL._AC_SL1200_.jpg\",\"contentUrl\":\"https:\\\/\\\/purehivehoney.com\\\/de\\\/wp-content\\\/uploads\\\/2026\\\/03\\\/619prBCW0fL._AC_SL1200_.jpg\",\"width\":1136,\"height\":1082},{\"@type\":\"BreadcrumbList\",\"@id\":\"https:\\\/\\\/purehivehoney.com\\\/de\\\/product\\\/abaodam-honigruehrstaebe-25-stueck-premium-holz-honigloeffel-mit-tiefen-rillen-zum-honig-ruehren-fuer-partygeschenke-einfache-reinigung-und-robuste-struktur-wiederverwendbar\\\/#breadcrumb\",\"itemListElement\":[{\"@type\":\"ListItem\",\"position\":1,\"name\":\"Home\",\"item\":\"https:\\\/\\\/purehivehoney.com\\\/de\\\/\"},{\"@type\":\"ListItem\",\"position\":2,\"name\":\"Shop\",\"item\":\"https:\\\/\\\/purehivehoney.com\\\/de\\\/shop\\\/\"},{\"@type\":\"ListItem\",\"position\":3,\"name\":\"Abaodam Honigr\u00fchrst\u00e4be 25 St\u00fcck ...\"}]},{\"@type\":\"WebSite\",\"@id\":\"https:\\\/\\\/purehivehoney.com\\\/de\\\/#website\",\"url\":\"https:\\\/\\\/purehivehoney.com\\\/de\\\/\",\"name\":\"PureHiveHoney\",\"description\":\"Reiner Honig &amp; Bienenprodukte Online | Rohhonig, Bio Honig &amp; Spezialhonig\",\"publisher\":{\"@id\":\"https:\\\/\\\/purehivehoney.com\\\/de\\\/#organization\"},\"potentialAction\":[{\"@type\":\"SearchAction\",\"target\":{\"@type\":\"EntryPoint\",\"urlTemplate\":\"https:\\\/\\\/purehivehoney.com\\\/de\\\/?s={search_term_string}\"},\"query-input\":{\"@type\":\"PropertyValueSpecification\",\"valueRequired\":true,\"valueName\":\"search_term_string\"}}],\"inLanguage\":\"de\"},{\"@type\":\"Organization\",\"@id\":\"https:\\\/\\\/purehivehoney.com\\\/de\\\/#organization\",\"name\":\"PureHiveHoney\",\"url\":\"https:\\\/\\\/purehivehoney.com\\\/de\\\/\",\"logo\":{\"@type\":\"ImageObject\",\"inLanguage\":\"de\",\"@id\":\"https:\\\/\\\/purehivehoney.com\\\/de\\\/#\\\/schema\\\/logo\\\/image\\\/\",\"url\":\"https:\\\/\\\/purehivehoney.com\\\/de\\\/wp-content\\\/uploads\\\/2026\\\/03\\\/Screenshot-2026-03-16-at-1.06.01-AM.png\",\"contentUrl\":\"https:\\\/\\\/purehivehoney.com\\\/de\\\/wp-content\\\/uploads\\\/2026\\\/03\\\/Screenshot-2026-03-16-at-1.06.01-AM.png\",\"width\":2112,\"height\":1086,\"caption\":\"PureHiveHoney\"},\"image\":{\"@id\":\"https:\\\/\\\/purehivehoney.com\\\/de\\\/#\\\/schema\\\/logo\\\/image\\\/\"}}]}<\/script>\n<!-- \/ Yoast SEO plugin. -->","yoast_head_json":{"title":"Abaodam Honigr\u00fchrst\u00e4be 25 St\u00fcck Premium Holz Honigl\u00f6ffel mit Tiefen Rillen zum Honig R\u00fchren f\u00fcr Partygeschenke Einfache Reinigung und Robuste Struktur Wiederverwendbar - PureHiveHoney","description":"Entdecken Sie hochwertigen Rohhonig, Bio Honig, Manuka Honig und nat\u00fcrliche Bienenprodukte. PureHiveHoney hilft Ihnen dabei, sorgf\u00e4ltig ausgew\u00e4hlte Honigsorten mit nat\u00fcrlicher Qualit\u00e4t und Reinheit zu entdecken.","robots":{"index":"index","follow":"follow","max-snippet":"max-snippet:-1","max-image-preview":"max-image-preview:large","max-video-preview":"max-video-preview:-1"},"canonical":"https:\/\/purehivehoney.com\/de\/product\/abaodam-honigruehrstaebe-25-stueck-premium-holz-honigloeffel-mit-tiefen-rillen-zum-honig-ruehren-fuer-partygeschenke-einfache-reinigung-und-robuste-struktur-wiederverwendbar\/","og_locale":"de_DE","og_type":"article","og_title":"Abaodam Honigr\u00fchrst\u00e4be 25 St\u00fcck Premium Holz Honigl\u00f6ffel mit Tiefen Rillen zum Honig R\u00fchren f\u00fcr Partygeschenke Einfache Reinigung und Robuste Struktur Wiederverwendbar - PureHiveHoney","og_description":"Entdecken Sie hochwertigen Rohhonig, Bio Honig, Manuka Honig und nat\u00fcrliche Bienenprodukte. PureHiveHoney hilft Ihnen dabei, sorgf\u00e4ltig ausgew\u00e4hlte Honigsorten mit nat\u00fcrlicher Qualit\u00e4t und Reinheit zu entdecken.","og_url":"https:\/\/purehivehoney.com\/de\/product\/abaodam-honigruehrstaebe-25-stueck-premium-holz-honigloeffel-mit-tiefen-rillen-zum-honig-ruehren-fuer-partygeschenke-einfache-reinigung-und-robuste-struktur-wiederverwendbar\/","og_site_name":"PureHiveHoney","article_modified_time":"2026-03-15T23:36:13+00:00","twitter_card":"summary_large_image","twitter_misc":{"Gesch\u00e4tzte Lesezeit":"1\u00a0Minute"},"schema":{"@context":"https:\/\/schema.org","@graph":[{"@type":"WebPage","@id":"https:\/\/purehivehoney.com\/de\/product\/abaodam-honigruehrstaebe-25-stueck-premium-holz-honigloeffel-mit-tiefen-rillen-zum-honig-ruehren-fuer-partygeschenke-einfache-reinigung-und-robuste-struktur-wiederverwendbar\/","url":"https:\/\/purehivehoney.com\/de\/product\/abaodam-honigruehrstaebe-25-stueck-premium-holz-honigloeffel-mit-tiefen-rillen-zum-honig-ruehren-fuer-partygeschenke-einfache-reinigung-und-robuste-struktur-wiederverwendbar\/","name":"Abaodam Honigr\u00fchrst\u00e4be 25 St\u00fcck Premium Holz Honigl\u00f6ffel mit Tiefen Rillen zum Honig R\u00fchren f\u00fcr Partygeschenke Einfache Reinigung und Robuste Struktur Wiederverwendbar - PureHiveHoney","isPartOf":{"@id":"https:\/\/purehivehoney.com\/de\/#website"},"primaryImageOfPage":{"@id":"https:\/\/purehivehoney.com\/de\/product\/abaodam-honigruehrstaebe-25-stueck-premium-holz-honigloeffel-mit-tiefen-rillen-zum-honig-ruehren-fuer-partygeschenke-einfache-reinigung-und-robuste-struktur-wiederverwendbar\/#primaryimage"},"image":{"@id":"https:\/\/purehivehoney.com\/de\/product\/abaodam-honigruehrstaebe-25-stueck-premium-holz-honigloeffel-mit-tiefen-rillen-zum-honig-ruehren-fuer-partygeschenke-einfache-reinigung-und-robuste-struktur-wiederverwendbar\/#primaryimage"},"thumbnailUrl":"https:\/\/purehivehoney.com\/de\/wp-content\/uploads\/2026\/03\/619prBCW0fL._AC_SL1200_.jpg","datePublished":"2026-03-15T20:46:03+00:00","dateModified":"2026-03-15T23:36:13+00:00","description":"Entdecken Sie hochwertigen Rohhonig, Bio Honig, Manuka Honig und nat\u00fcrliche Bienenprodukte. PureHiveHoney hilft Ihnen dabei, sorgf\u00e4ltig ausgew\u00e4hlte Honigsorten mit nat\u00fcrlicher Qualit\u00e4t und Reinheit zu entdecken.","breadcrumb":{"@id":"https:\/\/purehivehoney.com\/de\/product\/abaodam-honigruehrstaebe-25-stueck-premium-holz-honigloeffel-mit-tiefen-rillen-zum-honig-ruehren-fuer-partygeschenke-einfache-reinigung-und-robuste-struktur-wiederverwendbar\/#breadcrumb"},"inLanguage":"de","potentialAction":[{"@type":"ReadAction","target":["https:\/\/purehivehoney.com\/de\/product\/abaodam-honigruehrstaebe-25-stueck-premium-holz-honigloeffel-mit-tiefen-rillen-zum-honig-ruehren-fuer-partygeschenke-einfache-reinigung-und-robuste-struktur-wiederverwendbar\/"]}]},{"@type":"ImageObject","inLanguage":"de","@id":"https:\/\/purehivehoney.com\/de\/product\/abaodam-honigruehrstaebe-25-stueck-premium-holz-honigloeffel-mit-tiefen-rillen-zum-honig-ruehren-fuer-partygeschenke-einfache-reinigung-und-robuste-struktur-wiederverwendbar\/#primaryimage","url":"https:\/\/purehivehoney.com\/de\/wp-content\/uploads\/2026\/03\/619prBCW0fL._AC_SL1200_.jpg","contentUrl":"https:\/\/purehivehoney.com\/de\/wp-content\/uploads\/2026\/03\/619prBCW0fL._AC_SL1200_.jpg","width":1136,"height":1082},{"@type":"BreadcrumbList","@id":"https:\/\/purehivehoney.com\/de\/product\/abaodam-honigruehrstaebe-25-stueck-premium-holz-honigloeffel-mit-tiefen-rillen-zum-honig-ruehren-fuer-partygeschenke-einfache-reinigung-und-robuste-struktur-wiederverwendbar\/#breadcrumb","itemListElement":[{"@type":"ListItem","position":1,"name":"Home","item":"https:\/\/purehivehoney.com\/de\/"},{"@type":"ListItem","position":2,"name":"Shop","item":"https:\/\/purehivehoney.com\/de\/shop\/"},{"@type":"ListItem","position":3,"name":"Abaodam Honigr\u00fchrst\u00e4be 25 St\u00fcck ..."}]},{"@type":"WebSite","@id":"https:\/\/purehivehoney.com\/de\/#website","url":"https:\/\/purehivehoney.com\/de\/","name":"PureHiveHoney","description":"Reiner Honig &amp; Bienenprodukte Online | Rohhonig, Bio Honig &amp; Spezialhonig","publisher":{"@id":"https:\/\/purehivehoney.com\/de\/#organization"},"potentialAction":[{"@type":"SearchAction","target":{"@type":"EntryPoint","urlTemplate":"https:\/\/purehivehoney.com\/de\/?s={search_term_string}"},"query-input":{"@type":"PropertyValueSpecification","valueRequired":true,"valueName":"search_term_string"}}],"inLanguage":"de"},{"@type":"Organization","@id":"https:\/\/purehivehoney.com\/de\/#organization","name":"PureHiveHoney","url":"https:\/\/purehivehoney.com\/de\/","logo":{"@type":"ImageObject","inLanguage":"de","@id":"https:\/\/purehivehoney.com\/de\/#\/schema\/logo\/image\/","url":"https:\/\/purehivehoney.com\/de\/wp-content\/uploads\/2026\/03\/Screenshot-2026-03-16-at-1.06.01-AM.png","contentUrl":"https:\/\/purehivehoney.com\/de\/wp-content\/uploads\/2026\/03\/Screenshot-2026-03-16-at-1.06.01-AM.png","width":2112,"height":1086,"caption":"PureHiveHoney"},"image":{"@id":"https:\/\/purehivehoney.com\/de\/#\/schema\/logo\/image\/"}}]}},"_links":{"self":[{"href":"https:\/\/purehivehoney.com\/de\/wp-json\/wp\/v2\/product\/332","targetHints":{"allow":["GET"]}}],"collection":[{"href":"https:\/\/purehivehoney.com\/de\/wp-json\/wp\/v2\/product"}],"about":[{"href":"https:\/\/purehivehoney.com\/de\/wp-json\/wp\/v2\/types\/product"}],"replies":[{"embeddable":true,"href":"https:\/\/purehivehoney.com\/de\/wp-json\/wp\/v2\/comments?post=332"}],"wp:featuredmedia":[{"embeddable":true,"href":"https:\/\/purehivehoney.com\/de\/wp-json\/wp\/v2\/media\/333"}],"wp:attachment":[{"href":"https:\/\/purehivehoney.com\/de\/wp-json\/wp\/v2\/media?parent=332"}],"wp:term":[{"taxonomy":"store","embeddable":true,"href":"https:\/\/purehivehoney.com\/de\/wp-json\/wp\/v2\/store?post=332"},{"taxonomy":"product_brand","embeddable":true,"href":"https:\/\/purehivehoney.com\/de\/wp-json\/wp\/v2\/product_brand?post=332"},{"taxonomy":"product_cat","embeddable":true,"href":"https:\/\/purehivehoney.com\/de\/wp-json\/wp\/v2\/product_cat?post=332"},{"taxonomy":"product_tag","embeddable":true,"href":"https:\/\/purehivehoney.com\/de\/wp-json\/wp\/v2\/product_tag?post=332"}],"curies":[{"name":"wp","href":"https:\/\/api.w.org\/{rel}","templated":true}]}}