{"id":327,"date":"2026-03-15T20:44:17","date_gmt":"2026-03-15T20:44:17","guid":{"rendered":"https:\/\/purehivehoney.com\/de\/product\/meden-100-pure-raw-honey-wildflowers-polyfloral-unfiltered-unheated-unheated-unpasteurised-crystallised-honey-900g\/"},"modified":"2026-03-15T23:36:13","modified_gmt":"2026-03-15T23:36:13","slug":"meden-100-pure-raw-honey-wildflowers-polyfloral-unfiltered-unheated-unheated-unpasteurised-crystallised-honey-900g","status":"publish","type":"product","link":"https:\/\/purehivehoney.com\/de\/product\/meden-100-pure-raw-honey-wildflowers-polyfloral-unfiltered-unheated-unheated-unpasteurised-crystallised-honey-900g\/","title":{"rendered":"Meden 100% Pure Raw Honey &#8211; W..."},"content":{"rendered":"<p>    <span>Raw honey is obtained in about the same way as monofloral varieties, which means that honey bees obtain flower nectar and pollen and process it with digestive enzymes to make honey. To make unique and good tasting multi-flowering multi-flower honey, bees have access to different types of flowers at the same time. For example, in early and middle spring, in a temperate region, they can collect nectar from apple blossoms, cherry blossoms, quince blossoms, pear tree blossoms, but also dandelions, some rooster flowers or other wildflowers present in the orchard, pasture, garden or field where the bees are located. Beekeepers usually move their honey bees with the intention of making a specific type of honey with a specific flavor profile and appearance. Our honey is 100% raw and pure from our own farm based in Pernik, Bulgaria.<\/span>    <br \/> Is Discontinued By Manufacturer                                            \u200f                                            :                                            \u200e                                            No   <br \/> Product Dimensions                                            \u200f                                            :                                            \u200e                                            11.4 x 10.5 x 10 cm; 1.1 kg   <br \/> Manufacturer                                            \u200f                                            :                                            \u200e                                            Meden   <br \/> ASIN                                            \u200f                                            :                                            \u200e                                            B07HQXN54P   <br \/>  Customer reviews:                                                                                            1.9               1.9 out of 5 stars                                  (2)                                              var dpAcrHasRegisteredArcLinkClickAction;                    P.when(&#8218;A&#8216;, &#8218;ready&#8216;).execute(function(A) {                        if (dpAcrHasRegisteredArcLinkClickAction !== true) {                            dpAcrHasRegisteredArcLinkClickAction = true;                            A.declarative(                                &#8218;acrLink-click-metrics&#8216;, &#8218;click&#8216;,                                { &#8222;allowLinkDefault&#8220;: true },                                function (event) {                                    if (window.ue) {                                        ue.count(&#8222;acrLinkClickCount&#8220;, (ue.count(&#8222;acrLinkClickCount&#8220;) || 0) + 1);                                    }                                }                            );                        }                    });                                             P.when(&#8218;A&#8216;, &#8218;cf&#8216;).execute(function(A) {                A.declarative(&#8218;acrStarsLink-click-metrics&#8216;, &#8218;click&#8216;, { &#8222;allowLinkDefault&#8220; : true },  function(event){                    if(window.ue) {                        ue.count(&#8222;acrStarsLinkWithPopoverClickCount&#8220;, (ue.count(&#8222;acrStarsLinkWithPopoverClickCount&#8220;) || 0) + 1);                    }                });            });                          <br \/>Meden Honey is 100% raw and pure. It will get a granulated texture and win. It can also develop frosting and marbling, which is absolutely natural.<br \/>Raw Wildflower Honey Freshly Harvested August 2018<br \/>Our honeys come only from small family beekeepers that are far away from industry in the clean and uncontaminated areas of Bulgaria.<br \/>Pure raw wild flower honey with no artificial colors, flavors or additives<br \/>Raw Natural Bulgarian Honey &#8211; Unfiltered, Uncooked, Unpasteurised and Unaltered.<\/p>\n\n","protected":false},"excerpt":{"rendered":"<p>Raw honey is obtained in about the same way as monofloral varieties, which means that honey bees obtain flower nectar and pollen and process it with digestive enzymes to make honey. To make unique and good tasting multi-flowering multi-flower honey, bees have access to different types of flowers at the same time. For example, in [&hellip;]<\/p>\n","protected":false},"featured_media":328,"comment_status":"open","ping_status":"closed","template":"","meta":{"_aipt_faq_data":""},"store":[],"product_brand":[88],"product_cat":[71],"product_tag":[130],"class_list":{"0":"post-327","1":"product","2":"type-product","3":"status-publish","4":"has-post-thumbnail","6":"product_brand-meden","7":"product_cat-honig-sortiment-sets","8":"product_tag-honig-sortiment-sets-bunt-gemischt","10":"first","11":"instock","12":"sale","13":"shipping-taxable","14":"product-type-external"},"yoast_head":"<!-- This site is optimized with the Yoast SEO plugin v27.4 - https:\/\/yoast.com\/product\/yoast-seo-wordpress\/ -->\n<title>Meden 100% Pure Raw Honey - Wildflowers - Polyfloral - Unfiltered Unheated Unheated Unpasteurised Crystallised Honey (900g) - PureHiveHoney<\/title>\n<meta name=\"description\" content=\"Entdecken Sie hochwertigen Rohhonig, Bio Honig, Manuka Honig und nat\u00fcrliche Bienenprodukte. PureHiveHoney hilft Ihnen dabei, sorgf\u00e4ltig ausgew\u00e4hlte Honigsorten mit nat\u00fcrlicher Qualit\u00e4t und Reinheit zu entdecken.\" \/>\n<meta name=\"robots\" content=\"index, follow, max-snippet:-1, max-image-preview:large, max-video-preview:-1\" \/>\n<link rel=\"canonical\" href=\"https:\/\/purehivehoney.com\/de\/product\/meden-100-pure-raw-honey-wildflowers-polyfloral-unfiltered-unheated-unheated-unpasteurised-crystallised-honey-900g\/\" \/>\n<meta property=\"og:locale\" content=\"de_DE\" \/>\n<meta property=\"og:type\" content=\"article\" \/>\n<meta property=\"og:title\" content=\"Meden 100% Pure Raw Honey - Wildflowers - Polyfloral - Unfiltered Unheated Unheated Unpasteurised Crystallised Honey (900g) - PureHiveHoney\" \/>\n<meta property=\"og:description\" content=\"Entdecken Sie hochwertigen Rohhonig, Bio Honig, Manuka Honig und nat\u00fcrliche Bienenprodukte. PureHiveHoney hilft Ihnen dabei, sorgf\u00e4ltig ausgew\u00e4hlte Honigsorten mit nat\u00fcrlicher Qualit\u00e4t und Reinheit zu entdecken.\" \/>\n<meta property=\"og:url\" content=\"https:\/\/purehivehoney.com\/de\/product\/meden-100-pure-raw-honey-wildflowers-polyfloral-unfiltered-unheated-unheated-unpasteurised-crystallised-honey-900g\/\" \/>\n<meta property=\"og:site_name\" content=\"PureHiveHoney\" \/>\n<meta property=\"article:modified_time\" content=\"2026-03-15T23:36:13+00:00\" \/>\n<meta name=\"twitter:card\" content=\"summary_large_image\" \/>\n<meta name=\"twitter:label1\" content=\"Gesch\u00e4tzte Lesezeit\" \/>\n\t<meta name=\"twitter:data1\" content=\"1\u00a0Minute\" \/>\n<script type=\"application\/ld+json\" class=\"yoast-schema-graph\">{\"@context\":\"https:\\\/\\\/schema.org\",\"@graph\":[{\"@type\":\"WebPage\",\"@id\":\"https:\\\/\\\/purehivehoney.com\\\/de\\\/product\\\/meden-100-pure-raw-honey-wildflowers-polyfloral-unfiltered-unheated-unheated-unpasteurised-crystallised-honey-900g\\\/\",\"url\":\"https:\\\/\\\/purehivehoney.com\\\/de\\\/product\\\/meden-100-pure-raw-honey-wildflowers-polyfloral-unfiltered-unheated-unheated-unpasteurised-crystallised-honey-900g\\\/\",\"name\":\"Meden 100% Pure Raw Honey - Wildflowers - Polyfloral - Unfiltered Unheated Unheated Unpasteurised Crystallised Honey (900g) - PureHiveHoney\",\"isPartOf\":{\"@id\":\"https:\\\/\\\/purehivehoney.com\\\/de\\\/#website\"},\"primaryImageOfPage\":{\"@id\":\"https:\\\/\\\/purehivehoney.com\\\/de\\\/product\\\/meden-100-pure-raw-honey-wildflowers-polyfloral-unfiltered-unheated-unheated-unpasteurised-crystallised-honey-900g\\\/#primaryimage\"},\"image\":{\"@id\":\"https:\\\/\\\/purehivehoney.com\\\/de\\\/product\\\/meden-100-pure-raw-honey-wildflowers-polyfloral-unfiltered-unheated-unheated-unpasteurised-crystallised-honey-900g\\\/#primaryimage\"},\"thumbnailUrl\":\"https:\\\/\\\/purehivehoney.com\\\/de\\\/wp-content\\\/uploads\\\/2026\\\/03\\\/1773607457_61mp4fSChkL._SL1300_.jpg\",\"datePublished\":\"2026-03-15T20:44:17+00:00\",\"dateModified\":\"2026-03-15T23:36:13+00:00\",\"description\":\"Entdecken Sie hochwertigen Rohhonig, Bio Honig, Manuka Honig und nat\u00fcrliche Bienenprodukte. PureHiveHoney hilft Ihnen dabei, sorgf\u00e4ltig ausgew\u00e4hlte Honigsorten mit nat\u00fcrlicher Qualit\u00e4t und Reinheit zu entdecken.\",\"breadcrumb\":{\"@id\":\"https:\\\/\\\/purehivehoney.com\\\/de\\\/product\\\/meden-100-pure-raw-honey-wildflowers-polyfloral-unfiltered-unheated-unheated-unpasteurised-crystallised-honey-900g\\\/#breadcrumb\"},\"inLanguage\":\"de\",\"potentialAction\":[{\"@type\":\"ReadAction\",\"target\":[\"https:\\\/\\\/purehivehoney.com\\\/de\\\/product\\\/meden-100-pure-raw-honey-wildflowers-polyfloral-unfiltered-unheated-unheated-unpasteurised-crystallised-honey-900g\\\/\"]}]},{\"@type\":\"ImageObject\",\"inLanguage\":\"de\",\"@id\":\"https:\\\/\\\/purehivehoney.com\\\/de\\\/product\\\/meden-100-pure-raw-honey-wildflowers-polyfloral-unfiltered-unheated-unheated-unpasteurised-crystallised-honey-900g\\\/#primaryimage\",\"url\":\"https:\\\/\\\/purehivehoney.com\\\/de\\\/wp-content\\\/uploads\\\/2026\\\/03\\\/1773607457_61mp4fSChkL._SL1300_.jpg\",\"contentUrl\":\"https:\\\/\\\/purehivehoney.com\\\/de\\\/wp-content\\\/uploads\\\/2026\\\/03\\\/1773607457_61mp4fSChkL._SL1300_.jpg\",\"width\":1200,\"height\":1300},{\"@type\":\"BreadcrumbList\",\"@id\":\"https:\\\/\\\/purehivehoney.com\\\/de\\\/product\\\/meden-100-pure-raw-honey-wildflowers-polyfloral-unfiltered-unheated-unheated-unpasteurised-crystallised-honey-900g\\\/#breadcrumb\",\"itemListElement\":[{\"@type\":\"ListItem\",\"position\":1,\"name\":\"Home\",\"item\":\"https:\\\/\\\/purehivehoney.com\\\/de\\\/\"},{\"@type\":\"ListItem\",\"position\":2,\"name\":\"Shop\",\"item\":\"https:\\\/\\\/purehivehoney.com\\\/de\\\/shop\\\/\"},{\"@type\":\"ListItem\",\"position\":3,\"name\":\"Meden 100% Pure Raw Honey &#8211; W...\"}]},{\"@type\":\"WebSite\",\"@id\":\"https:\\\/\\\/purehivehoney.com\\\/de\\\/#website\",\"url\":\"https:\\\/\\\/purehivehoney.com\\\/de\\\/\",\"name\":\"PureHiveHoney\",\"description\":\"Reiner Honig &amp; Bienenprodukte Online | Rohhonig, Bio Honig &amp; Spezialhonig\",\"publisher\":{\"@id\":\"https:\\\/\\\/purehivehoney.com\\\/de\\\/#organization\"},\"potentialAction\":[{\"@type\":\"SearchAction\",\"target\":{\"@type\":\"EntryPoint\",\"urlTemplate\":\"https:\\\/\\\/purehivehoney.com\\\/de\\\/?s={search_term_string}\"},\"query-input\":{\"@type\":\"PropertyValueSpecification\",\"valueRequired\":true,\"valueName\":\"search_term_string\"}}],\"inLanguage\":\"de\"},{\"@type\":\"Organization\",\"@id\":\"https:\\\/\\\/purehivehoney.com\\\/de\\\/#organization\",\"name\":\"PureHiveHoney\",\"url\":\"https:\\\/\\\/purehivehoney.com\\\/de\\\/\",\"logo\":{\"@type\":\"ImageObject\",\"inLanguage\":\"de\",\"@id\":\"https:\\\/\\\/purehivehoney.com\\\/de\\\/#\\\/schema\\\/logo\\\/image\\\/\",\"url\":\"https:\\\/\\\/purehivehoney.com\\\/de\\\/wp-content\\\/uploads\\\/2026\\\/03\\\/Screenshot-2026-03-16-at-1.06.01-AM.png\",\"contentUrl\":\"https:\\\/\\\/purehivehoney.com\\\/de\\\/wp-content\\\/uploads\\\/2026\\\/03\\\/Screenshot-2026-03-16-at-1.06.01-AM.png\",\"width\":2112,\"height\":1086,\"caption\":\"PureHiveHoney\"},\"image\":{\"@id\":\"https:\\\/\\\/purehivehoney.com\\\/de\\\/#\\\/schema\\\/logo\\\/image\\\/\"}}]}<\/script>\n<!-- \/ Yoast SEO plugin. -->","yoast_head_json":{"title":"Meden 100% Pure Raw Honey - Wildflowers - Polyfloral - Unfiltered Unheated Unheated Unpasteurised Crystallised Honey (900g) - PureHiveHoney","description":"Entdecken Sie hochwertigen Rohhonig, Bio Honig, Manuka Honig und nat\u00fcrliche Bienenprodukte. PureHiveHoney hilft Ihnen dabei, sorgf\u00e4ltig ausgew\u00e4hlte Honigsorten mit nat\u00fcrlicher Qualit\u00e4t und Reinheit zu entdecken.","robots":{"index":"index","follow":"follow","max-snippet":"max-snippet:-1","max-image-preview":"max-image-preview:large","max-video-preview":"max-video-preview:-1"},"canonical":"https:\/\/purehivehoney.com\/de\/product\/meden-100-pure-raw-honey-wildflowers-polyfloral-unfiltered-unheated-unheated-unpasteurised-crystallised-honey-900g\/","og_locale":"de_DE","og_type":"article","og_title":"Meden 100% Pure Raw Honey - Wildflowers - Polyfloral - Unfiltered Unheated Unheated Unpasteurised Crystallised Honey (900g) - PureHiveHoney","og_description":"Entdecken Sie hochwertigen Rohhonig, Bio Honig, Manuka Honig und nat\u00fcrliche Bienenprodukte. PureHiveHoney hilft Ihnen dabei, sorgf\u00e4ltig ausgew\u00e4hlte Honigsorten mit nat\u00fcrlicher Qualit\u00e4t und Reinheit zu entdecken.","og_url":"https:\/\/purehivehoney.com\/de\/product\/meden-100-pure-raw-honey-wildflowers-polyfloral-unfiltered-unheated-unheated-unpasteurised-crystallised-honey-900g\/","og_site_name":"PureHiveHoney","article_modified_time":"2026-03-15T23:36:13+00:00","twitter_card":"summary_large_image","twitter_misc":{"Gesch\u00e4tzte Lesezeit":"1\u00a0Minute"},"schema":{"@context":"https:\/\/schema.org","@graph":[{"@type":"WebPage","@id":"https:\/\/purehivehoney.com\/de\/product\/meden-100-pure-raw-honey-wildflowers-polyfloral-unfiltered-unheated-unheated-unpasteurised-crystallised-honey-900g\/","url":"https:\/\/purehivehoney.com\/de\/product\/meden-100-pure-raw-honey-wildflowers-polyfloral-unfiltered-unheated-unheated-unpasteurised-crystallised-honey-900g\/","name":"Meden 100% Pure Raw Honey - Wildflowers - Polyfloral - Unfiltered Unheated Unheated Unpasteurised Crystallised Honey (900g) - PureHiveHoney","isPartOf":{"@id":"https:\/\/purehivehoney.com\/de\/#website"},"primaryImageOfPage":{"@id":"https:\/\/purehivehoney.com\/de\/product\/meden-100-pure-raw-honey-wildflowers-polyfloral-unfiltered-unheated-unheated-unpasteurised-crystallised-honey-900g\/#primaryimage"},"image":{"@id":"https:\/\/purehivehoney.com\/de\/product\/meden-100-pure-raw-honey-wildflowers-polyfloral-unfiltered-unheated-unheated-unpasteurised-crystallised-honey-900g\/#primaryimage"},"thumbnailUrl":"https:\/\/purehivehoney.com\/de\/wp-content\/uploads\/2026\/03\/1773607457_61mp4fSChkL._SL1300_.jpg","datePublished":"2026-03-15T20:44:17+00:00","dateModified":"2026-03-15T23:36:13+00:00","description":"Entdecken Sie hochwertigen Rohhonig, Bio Honig, Manuka Honig und nat\u00fcrliche Bienenprodukte. PureHiveHoney hilft Ihnen dabei, sorgf\u00e4ltig ausgew\u00e4hlte Honigsorten mit nat\u00fcrlicher Qualit\u00e4t und Reinheit zu entdecken.","breadcrumb":{"@id":"https:\/\/purehivehoney.com\/de\/product\/meden-100-pure-raw-honey-wildflowers-polyfloral-unfiltered-unheated-unheated-unpasteurised-crystallised-honey-900g\/#breadcrumb"},"inLanguage":"de","potentialAction":[{"@type":"ReadAction","target":["https:\/\/purehivehoney.com\/de\/product\/meden-100-pure-raw-honey-wildflowers-polyfloral-unfiltered-unheated-unheated-unpasteurised-crystallised-honey-900g\/"]}]},{"@type":"ImageObject","inLanguage":"de","@id":"https:\/\/purehivehoney.com\/de\/product\/meden-100-pure-raw-honey-wildflowers-polyfloral-unfiltered-unheated-unheated-unpasteurised-crystallised-honey-900g\/#primaryimage","url":"https:\/\/purehivehoney.com\/de\/wp-content\/uploads\/2026\/03\/1773607457_61mp4fSChkL._SL1300_.jpg","contentUrl":"https:\/\/purehivehoney.com\/de\/wp-content\/uploads\/2026\/03\/1773607457_61mp4fSChkL._SL1300_.jpg","width":1200,"height":1300},{"@type":"BreadcrumbList","@id":"https:\/\/purehivehoney.com\/de\/product\/meden-100-pure-raw-honey-wildflowers-polyfloral-unfiltered-unheated-unheated-unpasteurised-crystallised-honey-900g\/#breadcrumb","itemListElement":[{"@type":"ListItem","position":1,"name":"Home","item":"https:\/\/purehivehoney.com\/de\/"},{"@type":"ListItem","position":2,"name":"Shop","item":"https:\/\/purehivehoney.com\/de\/shop\/"},{"@type":"ListItem","position":3,"name":"Meden 100% Pure Raw Honey &#8211; W..."}]},{"@type":"WebSite","@id":"https:\/\/purehivehoney.com\/de\/#website","url":"https:\/\/purehivehoney.com\/de\/","name":"PureHiveHoney","description":"Reiner Honig &amp; Bienenprodukte Online | Rohhonig, Bio Honig &amp; Spezialhonig","publisher":{"@id":"https:\/\/purehivehoney.com\/de\/#organization"},"potentialAction":[{"@type":"SearchAction","target":{"@type":"EntryPoint","urlTemplate":"https:\/\/purehivehoney.com\/de\/?s={search_term_string}"},"query-input":{"@type":"PropertyValueSpecification","valueRequired":true,"valueName":"search_term_string"}}],"inLanguage":"de"},{"@type":"Organization","@id":"https:\/\/purehivehoney.com\/de\/#organization","name":"PureHiveHoney","url":"https:\/\/purehivehoney.com\/de\/","logo":{"@type":"ImageObject","inLanguage":"de","@id":"https:\/\/purehivehoney.com\/de\/#\/schema\/logo\/image\/","url":"https:\/\/purehivehoney.com\/de\/wp-content\/uploads\/2026\/03\/Screenshot-2026-03-16-at-1.06.01-AM.png","contentUrl":"https:\/\/purehivehoney.com\/de\/wp-content\/uploads\/2026\/03\/Screenshot-2026-03-16-at-1.06.01-AM.png","width":2112,"height":1086,"caption":"PureHiveHoney"},"image":{"@id":"https:\/\/purehivehoney.com\/de\/#\/schema\/logo\/image\/"}}]}},"_links":{"self":[{"href":"https:\/\/purehivehoney.com\/de\/wp-json\/wp\/v2\/product\/327","targetHints":{"allow":["GET"]}}],"collection":[{"href":"https:\/\/purehivehoney.com\/de\/wp-json\/wp\/v2\/product"}],"about":[{"href":"https:\/\/purehivehoney.com\/de\/wp-json\/wp\/v2\/types\/product"}],"replies":[{"embeddable":true,"href":"https:\/\/purehivehoney.com\/de\/wp-json\/wp\/v2\/comments?post=327"}],"wp:featuredmedia":[{"embeddable":true,"href":"https:\/\/purehivehoney.com\/de\/wp-json\/wp\/v2\/media\/328"}],"wp:attachment":[{"href":"https:\/\/purehivehoney.com\/de\/wp-json\/wp\/v2\/media?parent=327"}],"wp:term":[{"taxonomy":"store","embeddable":true,"href":"https:\/\/purehivehoney.com\/de\/wp-json\/wp\/v2\/store?post=327"},{"taxonomy":"product_brand","embeddable":true,"href":"https:\/\/purehivehoney.com\/de\/wp-json\/wp\/v2\/product_brand?post=327"},{"taxonomy":"product_cat","embeddable":true,"href":"https:\/\/purehivehoney.com\/de\/wp-json\/wp\/v2\/product_cat?post=327"},{"taxonomy":"product_tag","embeddable":true,"href":"https:\/\/purehivehoney.com\/de\/wp-json\/wp\/v2\/product_tag?post=327"}],"curies":[{"name":"wp","href":"https:\/\/api.w.org\/{rel}","templated":true}]}}