{"id":317,"date":"2026-03-15T20:40:12","date_gmt":"2026-03-15T20:40:12","guid":{"rendered":"https:\/\/purehivehoney.com\/de\/product\/lainrrew-6-pack-12oz-honey-jars-plastic-honey-bottles-clear-empty-honey-dispenser-squeeze-honey-bottle-with-leakproof-flip-lid-for-storage-and-dispensing-12oz\/"},"modified":"2026-03-15T23:36:13","modified_gmt":"2026-03-15T23:36:13","slug":"lainrrew-6-pack-12oz-honey-jars-plastic-honey-bottles-clear-empty-honey-dispenser-squeeze-honey-bottle-with-leakproof-flip-lid-for-storage-and-dispensing-12oz","status":"publish","type":"product","link":"https:\/\/purehivehoney.com\/de\/product\/lainrrew-6-pack-12oz-honey-jars-plastic-honey-bottles-clear-empty-honey-dispenser-squeeze-honey-bottle-with-leakproof-flip-lid-for-storage-and-dispensing-12oz\/","title":{"rendered":"Lainrrew 6 Pack 12oz Honey Jars, Pl..."},"content":{"rendered":"<p>    <span>honey bottles plastic clear empty honey jars squeeze bottle containers with leak proof flip lid honey dispenser for storage and dispensing <br \/>Are you tired of always getting your hands sticky when you refill or pour out the honey? <br \/>Are you looking for leakproof honey bottles to store honey for commercial use? <br \/>Our plastic honey jars are the best choice for you. <br \/>A perfect solution to dispense your honey without staining more utensils or getting your hands sticky, easy to squeeze the honey to sweeten tea and coffee, essential tool for your kitchen and serving table. <br \/>Product features: <br \/>&#8211; Transparent honey containers are easy to see contents and volume inside. <br \/>&#8211; Leak-proof flip top caps create a tight seal for maximum freshness and safety. <br \/>&#8211; The honey jars are easy to dispense without making your hands sticky. <br \/>&#8211; Plastic honey jars, easy to clean with soapy water for reuse. <br \/>Specifications: <br \/>Material: PET plastic <br \/>Colour: transparent. <br \/>13 oz capacity <br \/>Size: 15 x 9.4 cm (height x maximum width diameter). <br \/>Package includes: <br \/>&#8211; 6 x Honey Bottles <br \/>If you have any questions, please feel free to contact us, we will reply you as soon as possible.<\/span>    <br \/>FOOD GRADE HONEY JARS These honey bottles are made of high quality food grade plastic, non-toxic, tasteless and 100% safe to use, easy to clean with mild soap and water. The honey jar is perfect for storing honey, molasses, syrup, juice, sauce, epoxy resin<br \/>Decent Size &#038; Large Capacity The plastic honey jars measure 5.9 inch total height and 3.7 inch maximum width diameter, the capacity is 10 oz. This honey dispenser is ideal for storing honey and reducing the times of frequently refilling honey<br \/>EASY DISPENSING WITHOUT MESS Easy to squeeze the desired amount of honey without letting the honey flow out of the honey bottles or making your hands sticky. These honey jars can spread the honey more evenly on the cookie or dessert. Clear plastic honey jar is easy to see and makes it easy to know when to refill<br \/>LEAKPROOF HONEY JAR &#8211; The hinged lid with pressure-sensitive interior ensures an airtight seal for maximum freshness. Flip lids fit snugly to the mouth of honey bottles to prevent liquid leakage, easy to open and close<br \/>Refillable Honey Squeeze Bottle: these plastic honey bottles are perfect for storing honey or syrup for cooking in your kitchen, home, serving for weddings and birthday parties. The honey jar honey dispenser honey pot can be added your brand logo for commercial use<\/p>\n\n","protected":false},"excerpt":{"rendered":"<p>honey bottles plastic clear empty honey jars squeeze bottle containers with leak proof flip lid honey dispenser for storage and dispensing Are you tired of always getting your hands sticky when you refill or pour out the honey? Are you looking for leakproof honey bottles to store honey for commercial use? Our plastic honey jars [&hellip;]<\/p>\n","protected":false},"featured_media":318,"comment_status":"open","ping_status":"closed","template":"","meta":{"_aipt_faq_data":""},"store":[],"product_brand":[127],"product_cat":[74],"product_tag":[126],"class_list":{"0":"post-317","1":"product","2":"type-product","3":"status-publish","4":"has-post-thumbnail","6":"product_brand-lainrrew","7":"product_cat-honigglaser","8":"product_tag-honigglaeser-zum-abfuellen","10":"first","11":"instock","12":"sale","13":"shipping-taxable","14":"product-type-external"},"yoast_head":"<!-- This site is optimized with the Yoast SEO plugin v27.4 - https:\/\/yoast.com\/product\/yoast-seo-wordpress\/ -->\n<title>Lainrrew 6 Pack 12oz Honey Jars, Plastic Honey Bottles, Clear Empty Honey Dispenser, Squeeze Honey Bottle with Leakproof Flip Lid for Storage and Dispensing (12oz) - PureHiveHoney<\/title>\n<meta name=\"description\" content=\"Entdecken Sie hochwertigen Rohhonig, Bio Honig, Manuka Honig und nat\u00fcrliche Bienenprodukte. PureHiveHoney hilft Ihnen dabei, sorgf\u00e4ltig ausgew\u00e4hlte Honigsorten mit nat\u00fcrlicher Qualit\u00e4t und Reinheit zu entdecken.\" \/>\n<meta name=\"robots\" content=\"index, follow, max-snippet:-1, max-image-preview:large, max-video-preview:-1\" \/>\n<link rel=\"canonical\" href=\"https:\/\/purehivehoney.com\/de\/product\/lainrrew-6-pack-12oz-honey-jars-plastic-honey-bottles-clear-empty-honey-dispenser-squeeze-honey-bottle-with-leakproof-flip-lid-for-storage-and-dispensing-12oz\/\" \/>\n<meta property=\"og:locale\" content=\"de_DE\" \/>\n<meta property=\"og:type\" content=\"article\" \/>\n<meta property=\"og:title\" content=\"Lainrrew 6 Pack 12oz Honey Jars, Plastic Honey Bottles, Clear Empty Honey Dispenser, Squeeze Honey Bottle with Leakproof Flip Lid for Storage and Dispensing (12oz) - PureHiveHoney\" \/>\n<meta property=\"og:description\" content=\"Entdecken Sie hochwertigen Rohhonig, Bio Honig, Manuka Honig und nat\u00fcrliche Bienenprodukte. PureHiveHoney hilft Ihnen dabei, sorgf\u00e4ltig ausgew\u00e4hlte Honigsorten mit nat\u00fcrlicher Qualit\u00e4t und Reinheit zu entdecken.\" \/>\n<meta property=\"og:url\" content=\"https:\/\/purehivehoney.com\/de\/product\/lainrrew-6-pack-12oz-honey-jars-plastic-honey-bottles-clear-empty-honey-dispenser-squeeze-honey-bottle-with-leakproof-flip-lid-for-storage-and-dispensing-12oz\/\" \/>\n<meta property=\"og:site_name\" content=\"PureHiveHoney\" \/>\n<meta property=\"article:modified_time\" content=\"2026-03-15T23:36:13+00:00\" \/>\n<meta name=\"twitter:card\" content=\"summary_large_image\" \/>\n<meta name=\"twitter:label1\" content=\"Gesch\u00e4tzte Lesezeit\" \/>\n\t<meta name=\"twitter:data1\" content=\"2\u00a0Minuten\" \/>\n<script type=\"application\/ld+json\" class=\"yoast-schema-graph\">{\"@context\":\"https:\\\/\\\/schema.org\",\"@graph\":[{\"@type\":\"WebPage\",\"@id\":\"https:\\\/\\\/purehivehoney.com\\\/de\\\/product\\\/lainrrew-6-pack-12oz-honey-jars-plastic-honey-bottles-clear-empty-honey-dispenser-squeeze-honey-bottle-with-leakproof-flip-lid-for-storage-and-dispensing-12oz\\\/\",\"url\":\"https:\\\/\\\/purehivehoney.com\\\/de\\\/product\\\/lainrrew-6-pack-12oz-honey-jars-plastic-honey-bottles-clear-empty-honey-dispenser-squeeze-honey-bottle-with-leakproof-flip-lid-for-storage-and-dispensing-12oz\\\/\",\"name\":\"Lainrrew 6 Pack 12oz Honey Jars, Plastic Honey Bottles, Clear Empty Honey Dispenser, Squeeze Honey Bottle with Leakproof Flip Lid for Storage and Dispensing (12oz) - PureHiveHoney\",\"isPartOf\":{\"@id\":\"https:\\\/\\\/purehivehoney.com\\\/de\\\/#website\"},\"primaryImageOfPage\":{\"@id\":\"https:\\\/\\\/purehivehoney.com\\\/de\\\/product\\\/lainrrew-6-pack-12oz-honey-jars-plastic-honey-bottles-clear-empty-honey-dispenser-squeeze-honey-bottle-with-leakproof-flip-lid-for-storage-and-dispensing-12oz\\\/#primaryimage\"},\"image\":{\"@id\":\"https:\\\/\\\/purehivehoney.com\\\/de\\\/product\\\/lainrrew-6-pack-12oz-honey-jars-plastic-honey-bottles-clear-empty-honey-dispenser-squeeze-honey-bottle-with-leakproof-flip-lid-for-storage-and-dispensing-12oz\\\/#primaryimage\"},\"thumbnailUrl\":\"https:\\\/\\\/purehivehoney.com\\\/de\\\/wp-content\\\/uploads\\\/2026\\\/03\\\/61M-qgAu6BL._AC_SL1500_.jpg\",\"datePublished\":\"2026-03-15T20:40:12+00:00\",\"dateModified\":\"2026-03-15T23:36:13+00:00\",\"description\":\"Entdecken Sie hochwertigen Rohhonig, Bio Honig, Manuka Honig und nat\u00fcrliche Bienenprodukte. PureHiveHoney hilft Ihnen dabei, sorgf\u00e4ltig ausgew\u00e4hlte Honigsorten mit nat\u00fcrlicher Qualit\u00e4t und Reinheit zu entdecken.\",\"breadcrumb\":{\"@id\":\"https:\\\/\\\/purehivehoney.com\\\/de\\\/product\\\/lainrrew-6-pack-12oz-honey-jars-plastic-honey-bottles-clear-empty-honey-dispenser-squeeze-honey-bottle-with-leakproof-flip-lid-for-storage-and-dispensing-12oz\\\/#breadcrumb\"},\"inLanguage\":\"de\",\"potentialAction\":[{\"@type\":\"ReadAction\",\"target\":[\"https:\\\/\\\/purehivehoney.com\\\/de\\\/product\\\/lainrrew-6-pack-12oz-honey-jars-plastic-honey-bottles-clear-empty-honey-dispenser-squeeze-honey-bottle-with-leakproof-flip-lid-for-storage-and-dispensing-12oz\\\/\"]}]},{\"@type\":\"ImageObject\",\"inLanguage\":\"de\",\"@id\":\"https:\\\/\\\/purehivehoney.com\\\/de\\\/product\\\/lainrrew-6-pack-12oz-honey-jars-plastic-honey-bottles-clear-empty-honey-dispenser-squeeze-honey-bottle-with-leakproof-flip-lid-for-storage-and-dispensing-12oz\\\/#primaryimage\",\"url\":\"https:\\\/\\\/purehivehoney.com\\\/de\\\/wp-content\\\/uploads\\\/2026\\\/03\\\/61M-qgAu6BL._AC_SL1500_.jpg\",\"contentUrl\":\"https:\\\/\\\/purehivehoney.com\\\/de\\\/wp-content\\\/uploads\\\/2026\\\/03\\\/61M-qgAu6BL._AC_SL1500_.jpg\",\"width\":1381,\"height\":1441},{\"@type\":\"BreadcrumbList\",\"@id\":\"https:\\\/\\\/purehivehoney.com\\\/de\\\/product\\\/lainrrew-6-pack-12oz-honey-jars-plastic-honey-bottles-clear-empty-honey-dispenser-squeeze-honey-bottle-with-leakproof-flip-lid-for-storage-and-dispensing-12oz\\\/#breadcrumb\",\"itemListElement\":[{\"@type\":\"ListItem\",\"position\":1,\"name\":\"Home\",\"item\":\"https:\\\/\\\/purehivehoney.com\\\/de\\\/\"},{\"@type\":\"ListItem\",\"position\":2,\"name\":\"Shop\",\"item\":\"https:\\\/\\\/purehivehoney.com\\\/de\\\/shop\\\/\"},{\"@type\":\"ListItem\",\"position\":3,\"name\":\"Lainrrew 6 Pack 12oz Honey Jars, Pl...\"}]},{\"@type\":\"WebSite\",\"@id\":\"https:\\\/\\\/purehivehoney.com\\\/de\\\/#website\",\"url\":\"https:\\\/\\\/purehivehoney.com\\\/de\\\/\",\"name\":\"PureHiveHoney\",\"description\":\"Reiner Honig &amp; Bienenprodukte Online | Rohhonig, Bio Honig &amp; Spezialhonig\",\"publisher\":{\"@id\":\"https:\\\/\\\/purehivehoney.com\\\/de\\\/#organization\"},\"potentialAction\":[{\"@type\":\"SearchAction\",\"target\":{\"@type\":\"EntryPoint\",\"urlTemplate\":\"https:\\\/\\\/purehivehoney.com\\\/de\\\/?s={search_term_string}\"},\"query-input\":{\"@type\":\"PropertyValueSpecification\",\"valueRequired\":true,\"valueName\":\"search_term_string\"}}],\"inLanguage\":\"de\"},{\"@type\":\"Organization\",\"@id\":\"https:\\\/\\\/purehivehoney.com\\\/de\\\/#organization\",\"name\":\"PureHiveHoney\",\"url\":\"https:\\\/\\\/purehivehoney.com\\\/de\\\/\",\"logo\":{\"@type\":\"ImageObject\",\"inLanguage\":\"de\",\"@id\":\"https:\\\/\\\/purehivehoney.com\\\/de\\\/#\\\/schema\\\/logo\\\/image\\\/\",\"url\":\"https:\\\/\\\/purehivehoney.com\\\/de\\\/wp-content\\\/uploads\\\/2026\\\/03\\\/Screenshot-2026-03-16-at-1.06.01-AM.png\",\"contentUrl\":\"https:\\\/\\\/purehivehoney.com\\\/de\\\/wp-content\\\/uploads\\\/2026\\\/03\\\/Screenshot-2026-03-16-at-1.06.01-AM.png\",\"width\":2112,\"height\":1086,\"caption\":\"PureHiveHoney\"},\"image\":{\"@id\":\"https:\\\/\\\/purehivehoney.com\\\/de\\\/#\\\/schema\\\/logo\\\/image\\\/\"}}]}<\/script>\n<!-- \/ Yoast SEO plugin. -->","yoast_head_json":{"title":"Lainrrew 6 Pack 12oz Honey Jars, Plastic Honey Bottles, Clear Empty Honey Dispenser, Squeeze Honey Bottle with Leakproof Flip Lid for Storage and Dispensing (12oz) - PureHiveHoney","description":"Entdecken Sie hochwertigen Rohhonig, Bio Honig, Manuka Honig und nat\u00fcrliche Bienenprodukte. PureHiveHoney hilft Ihnen dabei, sorgf\u00e4ltig ausgew\u00e4hlte Honigsorten mit nat\u00fcrlicher Qualit\u00e4t und Reinheit zu entdecken.","robots":{"index":"index","follow":"follow","max-snippet":"max-snippet:-1","max-image-preview":"max-image-preview:large","max-video-preview":"max-video-preview:-1"},"canonical":"https:\/\/purehivehoney.com\/de\/product\/lainrrew-6-pack-12oz-honey-jars-plastic-honey-bottles-clear-empty-honey-dispenser-squeeze-honey-bottle-with-leakproof-flip-lid-for-storage-and-dispensing-12oz\/","og_locale":"de_DE","og_type":"article","og_title":"Lainrrew 6 Pack 12oz Honey Jars, Plastic Honey Bottles, Clear Empty Honey Dispenser, Squeeze Honey Bottle with Leakproof Flip Lid for Storage and Dispensing (12oz) - PureHiveHoney","og_description":"Entdecken Sie hochwertigen Rohhonig, Bio Honig, Manuka Honig und nat\u00fcrliche Bienenprodukte. PureHiveHoney hilft Ihnen dabei, sorgf\u00e4ltig ausgew\u00e4hlte Honigsorten mit nat\u00fcrlicher Qualit\u00e4t und Reinheit zu entdecken.","og_url":"https:\/\/purehivehoney.com\/de\/product\/lainrrew-6-pack-12oz-honey-jars-plastic-honey-bottles-clear-empty-honey-dispenser-squeeze-honey-bottle-with-leakproof-flip-lid-for-storage-and-dispensing-12oz\/","og_site_name":"PureHiveHoney","article_modified_time":"2026-03-15T23:36:13+00:00","twitter_card":"summary_large_image","twitter_misc":{"Gesch\u00e4tzte Lesezeit":"2\u00a0Minuten"},"schema":{"@context":"https:\/\/schema.org","@graph":[{"@type":"WebPage","@id":"https:\/\/purehivehoney.com\/de\/product\/lainrrew-6-pack-12oz-honey-jars-plastic-honey-bottles-clear-empty-honey-dispenser-squeeze-honey-bottle-with-leakproof-flip-lid-for-storage-and-dispensing-12oz\/","url":"https:\/\/purehivehoney.com\/de\/product\/lainrrew-6-pack-12oz-honey-jars-plastic-honey-bottles-clear-empty-honey-dispenser-squeeze-honey-bottle-with-leakproof-flip-lid-for-storage-and-dispensing-12oz\/","name":"Lainrrew 6 Pack 12oz Honey Jars, Plastic Honey Bottles, Clear Empty Honey Dispenser, Squeeze Honey Bottle with Leakproof Flip Lid for Storage and Dispensing (12oz) - PureHiveHoney","isPartOf":{"@id":"https:\/\/purehivehoney.com\/de\/#website"},"primaryImageOfPage":{"@id":"https:\/\/purehivehoney.com\/de\/product\/lainrrew-6-pack-12oz-honey-jars-plastic-honey-bottles-clear-empty-honey-dispenser-squeeze-honey-bottle-with-leakproof-flip-lid-for-storage-and-dispensing-12oz\/#primaryimage"},"image":{"@id":"https:\/\/purehivehoney.com\/de\/product\/lainrrew-6-pack-12oz-honey-jars-plastic-honey-bottles-clear-empty-honey-dispenser-squeeze-honey-bottle-with-leakproof-flip-lid-for-storage-and-dispensing-12oz\/#primaryimage"},"thumbnailUrl":"https:\/\/purehivehoney.com\/de\/wp-content\/uploads\/2026\/03\/61M-qgAu6BL._AC_SL1500_.jpg","datePublished":"2026-03-15T20:40:12+00:00","dateModified":"2026-03-15T23:36:13+00:00","description":"Entdecken Sie hochwertigen Rohhonig, Bio Honig, Manuka Honig und nat\u00fcrliche Bienenprodukte. PureHiveHoney hilft Ihnen dabei, sorgf\u00e4ltig ausgew\u00e4hlte Honigsorten mit nat\u00fcrlicher Qualit\u00e4t und Reinheit zu entdecken.","breadcrumb":{"@id":"https:\/\/purehivehoney.com\/de\/product\/lainrrew-6-pack-12oz-honey-jars-plastic-honey-bottles-clear-empty-honey-dispenser-squeeze-honey-bottle-with-leakproof-flip-lid-for-storage-and-dispensing-12oz\/#breadcrumb"},"inLanguage":"de","potentialAction":[{"@type":"ReadAction","target":["https:\/\/purehivehoney.com\/de\/product\/lainrrew-6-pack-12oz-honey-jars-plastic-honey-bottles-clear-empty-honey-dispenser-squeeze-honey-bottle-with-leakproof-flip-lid-for-storage-and-dispensing-12oz\/"]}]},{"@type":"ImageObject","inLanguage":"de","@id":"https:\/\/purehivehoney.com\/de\/product\/lainrrew-6-pack-12oz-honey-jars-plastic-honey-bottles-clear-empty-honey-dispenser-squeeze-honey-bottle-with-leakproof-flip-lid-for-storage-and-dispensing-12oz\/#primaryimage","url":"https:\/\/purehivehoney.com\/de\/wp-content\/uploads\/2026\/03\/61M-qgAu6BL._AC_SL1500_.jpg","contentUrl":"https:\/\/purehivehoney.com\/de\/wp-content\/uploads\/2026\/03\/61M-qgAu6BL._AC_SL1500_.jpg","width":1381,"height":1441},{"@type":"BreadcrumbList","@id":"https:\/\/purehivehoney.com\/de\/product\/lainrrew-6-pack-12oz-honey-jars-plastic-honey-bottles-clear-empty-honey-dispenser-squeeze-honey-bottle-with-leakproof-flip-lid-for-storage-and-dispensing-12oz\/#breadcrumb","itemListElement":[{"@type":"ListItem","position":1,"name":"Home","item":"https:\/\/purehivehoney.com\/de\/"},{"@type":"ListItem","position":2,"name":"Shop","item":"https:\/\/purehivehoney.com\/de\/shop\/"},{"@type":"ListItem","position":3,"name":"Lainrrew 6 Pack 12oz Honey Jars, Pl..."}]},{"@type":"WebSite","@id":"https:\/\/purehivehoney.com\/de\/#website","url":"https:\/\/purehivehoney.com\/de\/","name":"PureHiveHoney","description":"Reiner Honig &amp; Bienenprodukte Online | Rohhonig, Bio Honig &amp; Spezialhonig","publisher":{"@id":"https:\/\/purehivehoney.com\/de\/#organization"},"potentialAction":[{"@type":"SearchAction","target":{"@type":"EntryPoint","urlTemplate":"https:\/\/purehivehoney.com\/de\/?s={search_term_string}"},"query-input":{"@type":"PropertyValueSpecification","valueRequired":true,"valueName":"search_term_string"}}],"inLanguage":"de"},{"@type":"Organization","@id":"https:\/\/purehivehoney.com\/de\/#organization","name":"PureHiveHoney","url":"https:\/\/purehivehoney.com\/de\/","logo":{"@type":"ImageObject","inLanguage":"de","@id":"https:\/\/purehivehoney.com\/de\/#\/schema\/logo\/image\/","url":"https:\/\/purehivehoney.com\/de\/wp-content\/uploads\/2026\/03\/Screenshot-2026-03-16-at-1.06.01-AM.png","contentUrl":"https:\/\/purehivehoney.com\/de\/wp-content\/uploads\/2026\/03\/Screenshot-2026-03-16-at-1.06.01-AM.png","width":2112,"height":1086,"caption":"PureHiveHoney"},"image":{"@id":"https:\/\/purehivehoney.com\/de\/#\/schema\/logo\/image\/"}}]}},"_links":{"self":[{"href":"https:\/\/purehivehoney.com\/de\/wp-json\/wp\/v2\/product\/317","targetHints":{"allow":["GET"]}}],"collection":[{"href":"https:\/\/purehivehoney.com\/de\/wp-json\/wp\/v2\/product"}],"about":[{"href":"https:\/\/purehivehoney.com\/de\/wp-json\/wp\/v2\/types\/product"}],"replies":[{"embeddable":true,"href":"https:\/\/purehivehoney.com\/de\/wp-json\/wp\/v2\/comments?post=317"}],"wp:featuredmedia":[{"embeddable":true,"href":"https:\/\/purehivehoney.com\/de\/wp-json\/wp\/v2\/media\/318"}],"wp:attachment":[{"href":"https:\/\/purehivehoney.com\/de\/wp-json\/wp\/v2\/media?parent=317"}],"wp:term":[{"taxonomy":"store","embeddable":true,"href":"https:\/\/purehivehoney.com\/de\/wp-json\/wp\/v2\/store?post=317"},{"taxonomy":"product_brand","embeddable":true,"href":"https:\/\/purehivehoney.com\/de\/wp-json\/wp\/v2\/product_brand?post=317"},{"taxonomy":"product_cat","embeddable":true,"href":"https:\/\/purehivehoney.com\/de\/wp-json\/wp\/v2\/product_cat?post=317"},{"taxonomy":"product_tag","embeddable":true,"href":"https:\/\/purehivehoney.com\/de\/wp-json\/wp\/v2\/product_tag?post=317"}],"curies":[{"name":"wp","href":"https:\/\/api.w.org\/{rel}","templated":true}]}}