{"id":313,"date":"2026-03-15T20:38:14","date_gmt":"2026-03-15T20:38:14","guid":{"rendered":"https:\/\/purehivehoney.com\/de\/product\/nerthus-fih-1479-honey-jar-350-ml-glass-dispenser-with-silicone-base-bpa-free-push-button-dispenser-easy-to-fill-and-clean-transparent\/"},"modified":"2026-03-15T23:36:13","modified_gmt":"2026-03-15T23:36:13","slug":"nerthus-fih-1479-honey-jar-350-ml-glass-dispenser-with-silicone-base-bpa-free-push-button-dispenser-easy-to-fill-and-clean-transparent","status":"publish","type":"product","link":"https:\/\/purehivehoney.com\/de\/product\/nerthus-fih-1479-honey-jar-350-ml-glass-dispenser-with-silicone-base-bpa-free-push-button-dispenser-easy-to-fill-and-clean-transparent\/","title":{"rendered":"NERTHUS FIH 1479 Honey Jar 350 ml, ..."},"content":{"rendered":"<p>    <span>Serve honey practically and drip-free with this 350ml canister designed for precise and clean pouring. The innovative push button system allows air to enter the glass, facilitating the controlled release of honey through the drip-free silicone base. The glass container is sturdy and safe, can keep the honey fresh and free from impurities as it is BPA free. The top lid unscrews easily to effortlessly fill honey, syrup or sauces, while the ergonomic design of the beer mug allows for a comfortable and firm grip and improves the accuracy of pouring. The silicone base with spout hole prevents spills and wastage and ensures clean and efficient use in the kitchen. This dispenser is not only perfect for honey, but also for syrups, syrups and sauces, making it a versatile accessory for breakfast, sweets and cooking. Add a practical and elegant touch to your kitchen with this honey jar \u2728<\/span>    <br \/>Innovative dosing button &#8211; By pressing the button, the honey flows smoothly through the base thanks to the ventilation system without dripping or wasting.<br \/>Comfortable design of the carafe with ergonomic handle &#8211; Holds like a beer mug and provides a secure and comfortable grip for precise pouring of honey.<br \/>Versatile for honey, syrups and sauces &#8211; Ideal for conveniently serving honey, syrups or sauces. An essential accessory for breakfast and pastry shop.<br \/>350 ml glass container without BPA &#8211; Made of durable glass, keeps honey fresh and free from impurities. The lid unscrews easily for effortless filling.<br \/>Vers\u00e1til para miel, jarabes y salsas &#8211; Ideal para servr miel, siropes o salsas de forma pr\u00e1ctica. A must-have en desayunos y reposter\u00eda.<\/p>\n\n","protected":false},"excerpt":{"rendered":"<p>Serve honey practically and drip-free with this 350ml canister designed for precise and clean pouring. The innovative push button system allows air to enter the glass, facilitating the controlled release of honey through the drip-free silicone base. The glass container is sturdy and safe, can keep the honey fresh and free from impurities as it [&hellip;]<\/p>\n","protected":false},"featured_media":314,"comment_status":"open","ping_status":"closed","template":"","meta":{"_aipt_faq_data":""},"store":[],"product_brand":[85],"product_cat":[75],"product_tag":[125],"class_list":{"0":"post-313","1":"product","2":"type-product","3":"status-publish","4":"has-post-thumbnail","6":"product_brand-nerthus","7":"product_cat-honigspender","8":"product_tag-honigspender-mit-ausgiesser","10":"first","11":"instock","12":"sale","13":"shipping-taxable","14":"product-type-external"},"yoast_head":"<!-- This site is optimized with the Yoast SEO plugin v27.4 - https:\/\/yoast.com\/product\/yoast-seo-wordpress\/ -->\n<title>NERTHUS FIH 1479 Honey Jar 350 ml, Glass Dispenser with Silicone Base, BPA-Free, Push Button Dispenser, Easy to Fill and Clean, Transparent - PureHiveHoney<\/title>\n<meta name=\"description\" content=\"Entdecken Sie hochwertigen Rohhonig, Bio Honig, Manuka Honig und nat\u00fcrliche Bienenprodukte. PureHiveHoney hilft Ihnen dabei, sorgf\u00e4ltig ausgew\u00e4hlte Honigsorten mit nat\u00fcrlicher Qualit\u00e4t und Reinheit zu entdecken.\" \/>\n<meta name=\"robots\" content=\"index, follow, max-snippet:-1, max-image-preview:large, max-video-preview:-1\" \/>\n<link rel=\"canonical\" href=\"https:\/\/purehivehoney.com\/de\/product\/nerthus-fih-1479-honey-jar-350-ml-glass-dispenser-with-silicone-base-bpa-free-push-button-dispenser-easy-to-fill-and-clean-transparent\/\" \/>\n<meta property=\"og:locale\" content=\"de_DE\" \/>\n<meta property=\"og:type\" content=\"article\" \/>\n<meta property=\"og:title\" content=\"NERTHUS FIH 1479 Honey Jar 350 ml, Glass Dispenser with Silicone Base, BPA-Free, Push Button Dispenser, Easy to Fill and Clean, Transparent - PureHiveHoney\" \/>\n<meta property=\"og:description\" content=\"Entdecken Sie hochwertigen Rohhonig, Bio Honig, Manuka Honig und nat\u00fcrliche Bienenprodukte. PureHiveHoney hilft Ihnen dabei, sorgf\u00e4ltig ausgew\u00e4hlte Honigsorten mit nat\u00fcrlicher Qualit\u00e4t und Reinheit zu entdecken.\" \/>\n<meta property=\"og:url\" content=\"https:\/\/purehivehoney.com\/de\/product\/nerthus-fih-1479-honey-jar-350-ml-glass-dispenser-with-silicone-base-bpa-free-push-button-dispenser-easy-to-fill-and-clean-transparent\/\" \/>\n<meta property=\"og:site_name\" content=\"PureHiveHoney\" \/>\n<meta property=\"article:modified_time\" content=\"2026-03-15T23:36:13+00:00\" \/>\n<meta name=\"twitter:card\" content=\"summary_large_image\" \/>\n<meta name=\"twitter:label1\" content=\"Gesch\u00e4tzte Lesezeit\" \/>\n\t<meta name=\"twitter:data1\" content=\"1\u00a0Minute\" \/>\n<script type=\"application\/ld+json\" class=\"yoast-schema-graph\">{\"@context\":\"https:\\\/\\\/schema.org\",\"@graph\":[{\"@type\":\"WebPage\",\"@id\":\"https:\\\/\\\/purehivehoney.com\\\/de\\\/product\\\/nerthus-fih-1479-honey-jar-350-ml-glass-dispenser-with-silicone-base-bpa-free-push-button-dispenser-easy-to-fill-and-clean-transparent\\\/\",\"url\":\"https:\\\/\\\/purehivehoney.com\\\/de\\\/product\\\/nerthus-fih-1479-honey-jar-350-ml-glass-dispenser-with-silicone-base-bpa-free-push-button-dispenser-easy-to-fill-and-clean-transparent\\\/\",\"name\":\"NERTHUS FIH 1479 Honey Jar 350 ml, Glass Dispenser with Silicone Base, BPA-Free, Push Button Dispenser, Easy to Fill and Clean, Transparent - PureHiveHoney\",\"isPartOf\":{\"@id\":\"https:\\\/\\\/purehivehoney.com\\\/de\\\/#website\"},\"primaryImageOfPage\":{\"@id\":\"https:\\\/\\\/purehivehoney.com\\\/de\\\/product\\\/nerthus-fih-1479-honey-jar-350-ml-glass-dispenser-with-silicone-base-bpa-free-push-button-dispenser-easy-to-fill-and-clean-transparent\\\/#primaryimage\"},\"image\":{\"@id\":\"https:\\\/\\\/purehivehoney.com\\\/de\\\/product\\\/nerthus-fih-1479-honey-jar-350-ml-glass-dispenser-with-silicone-base-bpa-free-push-button-dispenser-easy-to-fill-and-clean-transparent\\\/#primaryimage\"},\"thumbnailUrl\":\"https:\\\/\\\/purehivehoney.com\\\/de\\\/wp-content\\\/uploads\\\/2026\\\/03\\\/61DHtjJiMjL._AC_SL1500_.jpg\",\"datePublished\":\"2026-03-15T20:38:14+00:00\",\"dateModified\":\"2026-03-15T23:36:13+00:00\",\"description\":\"Entdecken Sie hochwertigen Rohhonig, Bio Honig, Manuka Honig und nat\u00fcrliche Bienenprodukte. PureHiveHoney hilft Ihnen dabei, sorgf\u00e4ltig ausgew\u00e4hlte Honigsorten mit nat\u00fcrlicher Qualit\u00e4t und Reinheit zu entdecken.\",\"breadcrumb\":{\"@id\":\"https:\\\/\\\/purehivehoney.com\\\/de\\\/product\\\/nerthus-fih-1479-honey-jar-350-ml-glass-dispenser-with-silicone-base-bpa-free-push-button-dispenser-easy-to-fill-and-clean-transparent\\\/#breadcrumb\"},\"inLanguage\":\"de\",\"potentialAction\":[{\"@type\":\"ReadAction\",\"target\":[\"https:\\\/\\\/purehivehoney.com\\\/de\\\/product\\\/nerthus-fih-1479-honey-jar-350-ml-glass-dispenser-with-silicone-base-bpa-free-push-button-dispenser-easy-to-fill-and-clean-transparent\\\/\"]}]},{\"@type\":\"ImageObject\",\"inLanguage\":\"de\",\"@id\":\"https:\\\/\\\/purehivehoney.com\\\/de\\\/product\\\/nerthus-fih-1479-honey-jar-350-ml-glass-dispenser-with-silicone-base-bpa-free-push-button-dispenser-easy-to-fill-and-clean-transparent\\\/#primaryimage\",\"url\":\"https:\\\/\\\/purehivehoney.com\\\/de\\\/wp-content\\\/uploads\\\/2026\\\/03\\\/61DHtjJiMjL._AC_SL1500_.jpg\",\"contentUrl\":\"https:\\\/\\\/purehivehoney.com\\\/de\\\/wp-content\\\/uploads\\\/2026\\\/03\\\/61DHtjJiMjL._AC_SL1500_.jpg\",\"width\":835,\"height\":1500},{\"@type\":\"BreadcrumbList\",\"@id\":\"https:\\\/\\\/purehivehoney.com\\\/de\\\/product\\\/nerthus-fih-1479-honey-jar-350-ml-glass-dispenser-with-silicone-base-bpa-free-push-button-dispenser-easy-to-fill-and-clean-transparent\\\/#breadcrumb\",\"itemListElement\":[{\"@type\":\"ListItem\",\"position\":1,\"name\":\"Home\",\"item\":\"https:\\\/\\\/purehivehoney.com\\\/de\\\/\"},{\"@type\":\"ListItem\",\"position\":2,\"name\":\"Shop\",\"item\":\"https:\\\/\\\/purehivehoney.com\\\/de\\\/shop\\\/\"},{\"@type\":\"ListItem\",\"position\":3,\"name\":\"NERTHUS FIH 1479 Honey Jar 350 ml, ...\"}]},{\"@type\":\"WebSite\",\"@id\":\"https:\\\/\\\/purehivehoney.com\\\/de\\\/#website\",\"url\":\"https:\\\/\\\/purehivehoney.com\\\/de\\\/\",\"name\":\"PureHiveHoney\",\"description\":\"Reiner Honig &amp; Bienenprodukte Online | Rohhonig, Bio Honig &amp; Spezialhonig\",\"publisher\":{\"@id\":\"https:\\\/\\\/purehivehoney.com\\\/de\\\/#organization\"},\"potentialAction\":[{\"@type\":\"SearchAction\",\"target\":{\"@type\":\"EntryPoint\",\"urlTemplate\":\"https:\\\/\\\/purehivehoney.com\\\/de\\\/?s={search_term_string}\"},\"query-input\":{\"@type\":\"PropertyValueSpecification\",\"valueRequired\":true,\"valueName\":\"search_term_string\"}}],\"inLanguage\":\"de\"},{\"@type\":\"Organization\",\"@id\":\"https:\\\/\\\/purehivehoney.com\\\/de\\\/#organization\",\"name\":\"PureHiveHoney\",\"url\":\"https:\\\/\\\/purehivehoney.com\\\/de\\\/\",\"logo\":{\"@type\":\"ImageObject\",\"inLanguage\":\"de\",\"@id\":\"https:\\\/\\\/purehivehoney.com\\\/de\\\/#\\\/schema\\\/logo\\\/image\\\/\",\"url\":\"https:\\\/\\\/purehivehoney.com\\\/de\\\/wp-content\\\/uploads\\\/2026\\\/03\\\/Screenshot-2026-03-16-at-1.06.01-AM.png\",\"contentUrl\":\"https:\\\/\\\/purehivehoney.com\\\/de\\\/wp-content\\\/uploads\\\/2026\\\/03\\\/Screenshot-2026-03-16-at-1.06.01-AM.png\",\"width\":2112,\"height\":1086,\"caption\":\"PureHiveHoney\"},\"image\":{\"@id\":\"https:\\\/\\\/purehivehoney.com\\\/de\\\/#\\\/schema\\\/logo\\\/image\\\/\"}}]}<\/script>\n<!-- \/ Yoast SEO plugin. -->","yoast_head_json":{"title":"NERTHUS FIH 1479 Honey Jar 350 ml, Glass Dispenser with Silicone Base, BPA-Free, Push Button Dispenser, Easy to Fill and Clean, Transparent - PureHiveHoney","description":"Entdecken Sie hochwertigen Rohhonig, Bio Honig, Manuka Honig und nat\u00fcrliche Bienenprodukte. PureHiveHoney hilft Ihnen dabei, sorgf\u00e4ltig ausgew\u00e4hlte Honigsorten mit nat\u00fcrlicher Qualit\u00e4t und Reinheit zu entdecken.","robots":{"index":"index","follow":"follow","max-snippet":"max-snippet:-1","max-image-preview":"max-image-preview:large","max-video-preview":"max-video-preview:-1"},"canonical":"https:\/\/purehivehoney.com\/de\/product\/nerthus-fih-1479-honey-jar-350-ml-glass-dispenser-with-silicone-base-bpa-free-push-button-dispenser-easy-to-fill-and-clean-transparent\/","og_locale":"de_DE","og_type":"article","og_title":"NERTHUS FIH 1479 Honey Jar 350 ml, Glass Dispenser with Silicone Base, BPA-Free, Push Button Dispenser, Easy to Fill and Clean, Transparent - PureHiveHoney","og_description":"Entdecken Sie hochwertigen Rohhonig, Bio Honig, Manuka Honig und nat\u00fcrliche Bienenprodukte. PureHiveHoney hilft Ihnen dabei, sorgf\u00e4ltig ausgew\u00e4hlte Honigsorten mit nat\u00fcrlicher Qualit\u00e4t und Reinheit zu entdecken.","og_url":"https:\/\/purehivehoney.com\/de\/product\/nerthus-fih-1479-honey-jar-350-ml-glass-dispenser-with-silicone-base-bpa-free-push-button-dispenser-easy-to-fill-and-clean-transparent\/","og_site_name":"PureHiveHoney","article_modified_time":"2026-03-15T23:36:13+00:00","twitter_card":"summary_large_image","twitter_misc":{"Gesch\u00e4tzte Lesezeit":"1\u00a0Minute"},"schema":{"@context":"https:\/\/schema.org","@graph":[{"@type":"WebPage","@id":"https:\/\/purehivehoney.com\/de\/product\/nerthus-fih-1479-honey-jar-350-ml-glass-dispenser-with-silicone-base-bpa-free-push-button-dispenser-easy-to-fill-and-clean-transparent\/","url":"https:\/\/purehivehoney.com\/de\/product\/nerthus-fih-1479-honey-jar-350-ml-glass-dispenser-with-silicone-base-bpa-free-push-button-dispenser-easy-to-fill-and-clean-transparent\/","name":"NERTHUS FIH 1479 Honey Jar 350 ml, Glass Dispenser with Silicone Base, BPA-Free, Push Button Dispenser, Easy to Fill and Clean, Transparent - PureHiveHoney","isPartOf":{"@id":"https:\/\/purehivehoney.com\/de\/#website"},"primaryImageOfPage":{"@id":"https:\/\/purehivehoney.com\/de\/product\/nerthus-fih-1479-honey-jar-350-ml-glass-dispenser-with-silicone-base-bpa-free-push-button-dispenser-easy-to-fill-and-clean-transparent\/#primaryimage"},"image":{"@id":"https:\/\/purehivehoney.com\/de\/product\/nerthus-fih-1479-honey-jar-350-ml-glass-dispenser-with-silicone-base-bpa-free-push-button-dispenser-easy-to-fill-and-clean-transparent\/#primaryimage"},"thumbnailUrl":"https:\/\/purehivehoney.com\/de\/wp-content\/uploads\/2026\/03\/61DHtjJiMjL._AC_SL1500_.jpg","datePublished":"2026-03-15T20:38:14+00:00","dateModified":"2026-03-15T23:36:13+00:00","description":"Entdecken Sie hochwertigen Rohhonig, Bio Honig, Manuka Honig und nat\u00fcrliche Bienenprodukte. PureHiveHoney hilft Ihnen dabei, sorgf\u00e4ltig ausgew\u00e4hlte Honigsorten mit nat\u00fcrlicher Qualit\u00e4t und Reinheit zu entdecken.","breadcrumb":{"@id":"https:\/\/purehivehoney.com\/de\/product\/nerthus-fih-1479-honey-jar-350-ml-glass-dispenser-with-silicone-base-bpa-free-push-button-dispenser-easy-to-fill-and-clean-transparent\/#breadcrumb"},"inLanguage":"de","potentialAction":[{"@type":"ReadAction","target":["https:\/\/purehivehoney.com\/de\/product\/nerthus-fih-1479-honey-jar-350-ml-glass-dispenser-with-silicone-base-bpa-free-push-button-dispenser-easy-to-fill-and-clean-transparent\/"]}]},{"@type":"ImageObject","inLanguage":"de","@id":"https:\/\/purehivehoney.com\/de\/product\/nerthus-fih-1479-honey-jar-350-ml-glass-dispenser-with-silicone-base-bpa-free-push-button-dispenser-easy-to-fill-and-clean-transparent\/#primaryimage","url":"https:\/\/purehivehoney.com\/de\/wp-content\/uploads\/2026\/03\/61DHtjJiMjL._AC_SL1500_.jpg","contentUrl":"https:\/\/purehivehoney.com\/de\/wp-content\/uploads\/2026\/03\/61DHtjJiMjL._AC_SL1500_.jpg","width":835,"height":1500},{"@type":"BreadcrumbList","@id":"https:\/\/purehivehoney.com\/de\/product\/nerthus-fih-1479-honey-jar-350-ml-glass-dispenser-with-silicone-base-bpa-free-push-button-dispenser-easy-to-fill-and-clean-transparent\/#breadcrumb","itemListElement":[{"@type":"ListItem","position":1,"name":"Home","item":"https:\/\/purehivehoney.com\/de\/"},{"@type":"ListItem","position":2,"name":"Shop","item":"https:\/\/purehivehoney.com\/de\/shop\/"},{"@type":"ListItem","position":3,"name":"NERTHUS FIH 1479 Honey Jar 350 ml, ..."}]},{"@type":"WebSite","@id":"https:\/\/purehivehoney.com\/de\/#website","url":"https:\/\/purehivehoney.com\/de\/","name":"PureHiveHoney","description":"Reiner Honig &amp; Bienenprodukte Online | Rohhonig, Bio Honig &amp; Spezialhonig","publisher":{"@id":"https:\/\/purehivehoney.com\/de\/#organization"},"potentialAction":[{"@type":"SearchAction","target":{"@type":"EntryPoint","urlTemplate":"https:\/\/purehivehoney.com\/de\/?s={search_term_string}"},"query-input":{"@type":"PropertyValueSpecification","valueRequired":true,"valueName":"search_term_string"}}],"inLanguage":"de"},{"@type":"Organization","@id":"https:\/\/purehivehoney.com\/de\/#organization","name":"PureHiveHoney","url":"https:\/\/purehivehoney.com\/de\/","logo":{"@type":"ImageObject","inLanguage":"de","@id":"https:\/\/purehivehoney.com\/de\/#\/schema\/logo\/image\/","url":"https:\/\/purehivehoney.com\/de\/wp-content\/uploads\/2026\/03\/Screenshot-2026-03-16-at-1.06.01-AM.png","contentUrl":"https:\/\/purehivehoney.com\/de\/wp-content\/uploads\/2026\/03\/Screenshot-2026-03-16-at-1.06.01-AM.png","width":2112,"height":1086,"caption":"PureHiveHoney"},"image":{"@id":"https:\/\/purehivehoney.com\/de\/#\/schema\/logo\/image\/"}}]}},"_links":{"self":[{"href":"https:\/\/purehivehoney.com\/de\/wp-json\/wp\/v2\/product\/313","targetHints":{"allow":["GET"]}}],"collection":[{"href":"https:\/\/purehivehoney.com\/de\/wp-json\/wp\/v2\/product"}],"about":[{"href":"https:\/\/purehivehoney.com\/de\/wp-json\/wp\/v2\/types\/product"}],"replies":[{"embeddable":true,"href":"https:\/\/purehivehoney.com\/de\/wp-json\/wp\/v2\/comments?post=313"}],"wp:featuredmedia":[{"embeddable":true,"href":"https:\/\/purehivehoney.com\/de\/wp-json\/wp\/v2\/media\/314"}],"wp:attachment":[{"href":"https:\/\/purehivehoney.com\/de\/wp-json\/wp\/v2\/media?parent=313"}],"wp:term":[{"taxonomy":"store","embeddable":true,"href":"https:\/\/purehivehoney.com\/de\/wp-json\/wp\/v2\/store?post=313"},{"taxonomy":"product_brand","embeddable":true,"href":"https:\/\/purehivehoney.com\/de\/wp-json\/wp\/v2\/product_brand?post=313"},{"taxonomy":"product_cat","embeddable":true,"href":"https:\/\/purehivehoney.com\/de\/wp-json\/wp\/v2\/product_cat?post=313"},{"taxonomy":"product_tag","embeddable":true,"href":"https:\/\/purehivehoney.com\/de\/wp-json\/wp\/v2\/product_tag?post=313"}],"curies":[{"name":"wp","href":"https:\/\/api.w.org\/{rel}","templated":true}]}}