{"id":308,"date":"2026-03-15T20:36:12","date_gmt":"2026-03-15T20:36:12","guid":{"rendered":"https:\/\/purehivehoney.com\/de\/product\/rowse-authentic-manuka-new-zealand-honey-250-mgo-225g\/"},"modified":"2026-03-15T23:36:13","modified_gmt":"2026-03-15T23:36:13","slug":"rowse-authentic-manuka-new-zealand-honey-250-mgo-225g","status":"publish","type":"product","link":"https:\/\/purehivehoney.com\/de\/product\/rowse-authentic-manuka-new-zealand-honey-250-mgo-225g\/","title":{"rendered":"Rowse Authentic Manuka New Zealand ..."},"content":{"rendered":"<p>    <span>Rowse Manuka 250+ MGO is guaranteed 100% pure and authentic Manuka Honey from New Zealand. All of our Manuka honey are tested twice for its authenticity, at source in New Zealand and again upon arrival in the UK. Each glass must have a considerable amount of methylglyoxal or MGO. MGO is the active component in Manuka honey that determines the degree of non-peroxide activity (NPA) in each jar. This is a unique feature of Manuka. Rowse Manuka Honey 250+ MGO, has a distinctive herbal flavor with licorice and caramel backnotes. It has a dark amber colour and a unique, thick consistency.<\/span>    <br \/> Product Dimensions                                            \u200f                                            :                                            \u200e                                            6.4 x 1.8 x 2.2 cm; 225 g   <br \/> Manufacturer                                            \u200f                                            :                                            \u200e                                            Rowse Honey Limited   <br \/> ASIN                                            \u200f                                            :                                            \u200e                                            B0851TR6V3   <br \/> Item model number                                            \u200f                                            :                                            \u200e                                            110968961   <br \/>  Customer reviews:                                                                                            4.6               4.6 out of 5 stars                                  (104)                                              var dpAcrHasRegisteredArcLinkClickAction;                    P.when(&#8218;A&#8216;, &#8218;ready&#8216;).execute(function(A) {                        if (dpAcrHasRegisteredArcLinkClickAction !== true) {                            dpAcrHasRegisteredArcLinkClickAction = true;                            A.declarative(                                &#8218;acrLink-click-metrics&#8216;, &#8218;click&#8216;,                                { &#8222;allowLinkDefault&#8220;: true },                                function (event) {                                    if (window.ue) {                                        ue.count(&#8222;acrLinkClickCount&#8220;, (ue.count(&#8222;acrLinkClickCount&#8220;) || 0) + 1);                                    }                                }                            );                        }                    });                                             P.when(&#8218;A&#8216;, &#8218;cf&#8216;).execute(function(A) {                A.declarative(&#8218;acrStarsLink-click-metrics&#8216;, &#8218;click&#8216;, { &#8222;allowLinkDefault&#8220; : true },  function(event){                    if(window.ue) {                        ue.count(&#8222;acrStarsLinkWithPopoverClickCount&#8220;, (ue.count(&#8222;acrStarsLinkWithPopoverClickCount&#8220;) || 0) + 1);                    }                });            });                          <br \/>100% authentic, pure and natural<br \/>It is guaranteed 100% pure and authentic Manuka Honey from New Zealand<br \/>Each glass must have a considerable amount of methylglyoxal<br \/>All of our Manuka honey are tested twice for its authenticity at source in New Zealand and upon arrival in the UK<\/p>\n\n","protected":false},"excerpt":{"rendered":"<p>Rowse Manuka 250+ MGO is guaranteed 100% pure and authentic Manuka Honey from New Zealand. All of our Manuka honey are tested twice for its authenticity, at source in New Zealand and again upon arrival in the UK. Each glass must have a considerable amount of methylglyoxal or MGO. MGO is the active component in [&hellip;]<\/p>\n","protected":false},"featured_media":309,"comment_status":"open","ping_status":"closed","template":"","meta":{"_aipt_faq_data":""},"store":[],"product_brand":[124],"product_cat":[38],"product_tag":[123],"class_list":{"0":"post-308","1":"product","2":"type-product","3":"status-publish","4":"has-post-thumbnail","6":"product_brand-rowse","7":"product_cat-purehivehoney","8":"product_tag-bio-honig","10":"first","11":"instock","12":"sale","13":"shipping-taxable","14":"product-type-external"},"yoast_head":"<!-- This site is optimized with the Yoast SEO plugin v27.4 - https:\/\/yoast.com\/product\/yoast-seo-wordpress\/ -->\n<title>Rowse Authentic Manuka New Zealand Honey 250+ Mgo 225g - PureHiveHoney<\/title>\n<meta name=\"description\" content=\"Entdecken Sie hochwertigen Rohhonig, Bio Honig, Manuka Honig und nat\u00fcrliche Bienenprodukte. PureHiveHoney hilft Ihnen dabei, sorgf\u00e4ltig ausgew\u00e4hlte Honigsorten mit nat\u00fcrlicher Qualit\u00e4t und Reinheit zu entdecken.\" \/>\n<meta name=\"robots\" content=\"index, follow, max-snippet:-1, max-image-preview:large, max-video-preview:-1\" \/>\n<link rel=\"canonical\" href=\"https:\/\/purehivehoney.com\/de\/product\/rowse-authentic-manuka-new-zealand-honey-250-mgo-225g\/\" \/>\n<meta property=\"og:locale\" content=\"de_DE\" \/>\n<meta property=\"og:type\" content=\"article\" \/>\n<meta property=\"og:title\" content=\"Rowse Authentic Manuka New Zealand Honey 250+ Mgo 225g - PureHiveHoney\" \/>\n<meta property=\"og:description\" content=\"Entdecken Sie hochwertigen Rohhonig, Bio Honig, Manuka Honig und nat\u00fcrliche Bienenprodukte. PureHiveHoney hilft Ihnen dabei, sorgf\u00e4ltig ausgew\u00e4hlte Honigsorten mit nat\u00fcrlicher Qualit\u00e4t und Reinheit zu entdecken.\" \/>\n<meta property=\"og:url\" content=\"https:\/\/purehivehoney.com\/de\/product\/rowse-authentic-manuka-new-zealand-honey-250-mgo-225g\/\" \/>\n<meta property=\"og:site_name\" content=\"PureHiveHoney\" \/>\n<meta property=\"article:modified_time\" content=\"2026-03-15T23:36:13+00:00\" \/>\n<meta name=\"twitter:card\" content=\"summary_large_image\" \/>\n<meta name=\"twitter:label1\" content=\"Gesch\u00e4tzte Lesezeit\" \/>\n\t<meta name=\"twitter:data1\" content=\"1\u00a0Minute\" \/>\n<script type=\"application\/ld+json\" class=\"yoast-schema-graph\">{\"@context\":\"https:\\\/\\\/schema.org\",\"@graph\":[{\"@type\":\"WebPage\",\"@id\":\"https:\\\/\\\/purehivehoney.com\\\/de\\\/product\\\/rowse-authentic-manuka-new-zealand-honey-250-mgo-225g\\\/\",\"url\":\"https:\\\/\\\/purehivehoney.com\\\/de\\\/product\\\/rowse-authentic-manuka-new-zealand-honey-250-mgo-225g\\\/\",\"name\":\"Rowse Authentic Manuka New Zealand Honey 250+ Mgo 225g - PureHiveHoney\",\"isPartOf\":{\"@id\":\"https:\\\/\\\/purehivehoney.com\\\/de\\\/#website\"},\"primaryImageOfPage\":{\"@id\":\"https:\\\/\\\/purehivehoney.com\\\/de\\\/product\\\/rowse-authentic-manuka-new-zealand-honey-250-mgo-225g\\\/#primaryimage\"},\"image\":{\"@id\":\"https:\\\/\\\/purehivehoney.com\\\/de\\\/product\\\/rowse-authentic-manuka-new-zealand-honey-250-mgo-225g\\\/#primaryimage\"},\"thumbnailUrl\":\"https:\\\/\\\/purehivehoney.com\\\/de\\\/wp-content\\\/uploads\\\/2026\\\/03\\\/81SZcRctuKL._SL1500_.jpg\",\"datePublished\":\"2026-03-15T20:36:12+00:00\",\"dateModified\":\"2026-03-15T23:36:13+00:00\",\"description\":\"Entdecken Sie hochwertigen Rohhonig, Bio Honig, Manuka Honig und nat\u00fcrliche Bienenprodukte. PureHiveHoney hilft Ihnen dabei, sorgf\u00e4ltig ausgew\u00e4hlte Honigsorten mit nat\u00fcrlicher Qualit\u00e4t und Reinheit zu entdecken.\",\"breadcrumb\":{\"@id\":\"https:\\\/\\\/purehivehoney.com\\\/de\\\/product\\\/rowse-authentic-manuka-new-zealand-honey-250-mgo-225g\\\/#breadcrumb\"},\"inLanguage\":\"de\",\"potentialAction\":[{\"@type\":\"ReadAction\",\"target\":[\"https:\\\/\\\/purehivehoney.com\\\/de\\\/product\\\/rowse-authentic-manuka-new-zealand-honey-250-mgo-225g\\\/\"]}]},{\"@type\":\"ImageObject\",\"inLanguage\":\"de\",\"@id\":\"https:\\\/\\\/purehivehoney.com\\\/de\\\/product\\\/rowse-authentic-manuka-new-zealand-honey-250-mgo-225g\\\/#primaryimage\",\"url\":\"https:\\\/\\\/purehivehoney.com\\\/de\\\/wp-content\\\/uploads\\\/2026\\\/03\\\/81SZcRctuKL._SL1500_.jpg\",\"contentUrl\":\"https:\\\/\\\/purehivehoney.com\\\/de\\\/wp-content\\\/uploads\\\/2026\\\/03\\\/81SZcRctuKL._SL1500_.jpg\",\"width\":1500,\"height\":1500},{\"@type\":\"BreadcrumbList\",\"@id\":\"https:\\\/\\\/purehivehoney.com\\\/de\\\/product\\\/rowse-authentic-manuka-new-zealand-honey-250-mgo-225g\\\/#breadcrumb\",\"itemListElement\":[{\"@type\":\"ListItem\",\"position\":1,\"name\":\"Home\",\"item\":\"https:\\\/\\\/purehivehoney.com\\\/de\\\/\"},{\"@type\":\"ListItem\",\"position\":2,\"name\":\"Shop\",\"item\":\"https:\\\/\\\/purehivehoney.com\\\/de\\\/shop\\\/\"},{\"@type\":\"ListItem\",\"position\":3,\"name\":\"Rowse Authentic Manuka New Zealand ...\"}]},{\"@type\":\"WebSite\",\"@id\":\"https:\\\/\\\/purehivehoney.com\\\/de\\\/#website\",\"url\":\"https:\\\/\\\/purehivehoney.com\\\/de\\\/\",\"name\":\"PureHiveHoney\",\"description\":\"Reiner Honig &amp; Bienenprodukte Online | Rohhonig, Bio Honig &amp; Spezialhonig\",\"publisher\":{\"@id\":\"https:\\\/\\\/purehivehoney.com\\\/de\\\/#organization\"},\"potentialAction\":[{\"@type\":\"SearchAction\",\"target\":{\"@type\":\"EntryPoint\",\"urlTemplate\":\"https:\\\/\\\/purehivehoney.com\\\/de\\\/?s={search_term_string}\"},\"query-input\":{\"@type\":\"PropertyValueSpecification\",\"valueRequired\":true,\"valueName\":\"search_term_string\"}}],\"inLanguage\":\"de\"},{\"@type\":\"Organization\",\"@id\":\"https:\\\/\\\/purehivehoney.com\\\/de\\\/#organization\",\"name\":\"PureHiveHoney\",\"url\":\"https:\\\/\\\/purehivehoney.com\\\/de\\\/\",\"logo\":{\"@type\":\"ImageObject\",\"inLanguage\":\"de\",\"@id\":\"https:\\\/\\\/purehivehoney.com\\\/de\\\/#\\\/schema\\\/logo\\\/image\\\/\",\"url\":\"https:\\\/\\\/purehivehoney.com\\\/de\\\/wp-content\\\/uploads\\\/2026\\\/03\\\/Screenshot-2026-03-16-at-1.06.01-AM.png\",\"contentUrl\":\"https:\\\/\\\/purehivehoney.com\\\/de\\\/wp-content\\\/uploads\\\/2026\\\/03\\\/Screenshot-2026-03-16-at-1.06.01-AM.png\",\"width\":2112,\"height\":1086,\"caption\":\"PureHiveHoney\"},\"image\":{\"@id\":\"https:\\\/\\\/purehivehoney.com\\\/de\\\/#\\\/schema\\\/logo\\\/image\\\/\"}}]}<\/script>\n<!-- \/ Yoast SEO plugin. -->","yoast_head_json":{"title":"Rowse Authentic Manuka New Zealand Honey 250+ Mgo 225g - PureHiveHoney","description":"Entdecken Sie hochwertigen Rohhonig, Bio Honig, Manuka Honig und nat\u00fcrliche Bienenprodukte. PureHiveHoney hilft Ihnen dabei, sorgf\u00e4ltig ausgew\u00e4hlte Honigsorten mit nat\u00fcrlicher Qualit\u00e4t und Reinheit zu entdecken.","robots":{"index":"index","follow":"follow","max-snippet":"max-snippet:-1","max-image-preview":"max-image-preview:large","max-video-preview":"max-video-preview:-1"},"canonical":"https:\/\/purehivehoney.com\/de\/product\/rowse-authentic-manuka-new-zealand-honey-250-mgo-225g\/","og_locale":"de_DE","og_type":"article","og_title":"Rowse Authentic Manuka New Zealand Honey 250+ Mgo 225g - PureHiveHoney","og_description":"Entdecken Sie hochwertigen Rohhonig, Bio Honig, Manuka Honig und nat\u00fcrliche Bienenprodukte. PureHiveHoney hilft Ihnen dabei, sorgf\u00e4ltig ausgew\u00e4hlte Honigsorten mit nat\u00fcrlicher Qualit\u00e4t und Reinheit zu entdecken.","og_url":"https:\/\/purehivehoney.com\/de\/product\/rowse-authentic-manuka-new-zealand-honey-250-mgo-225g\/","og_site_name":"PureHiveHoney","article_modified_time":"2026-03-15T23:36:13+00:00","twitter_card":"summary_large_image","twitter_misc":{"Gesch\u00e4tzte Lesezeit":"1\u00a0Minute"},"schema":{"@context":"https:\/\/schema.org","@graph":[{"@type":"WebPage","@id":"https:\/\/purehivehoney.com\/de\/product\/rowse-authentic-manuka-new-zealand-honey-250-mgo-225g\/","url":"https:\/\/purehivehoney.com\/de\/product\/rowse-authentic-manuka-new-zealand-honey-250-mgo-225g\/","name":"Rowse Authentic Manuka New Zealand Honey 250+ Mgo 225g - PureHiveHoney","isPartOf":{"@id":"https:\/\/purehivehoney.com\/de\/#website"},"primaryImageOfPage":{"@id":"https:\/\/purehivehoney.com\/de\/product\/rowse-authentic-manuka-new-zealand-honey-250-mgo-225g\/#primaryimage"},"image":{"@id":"https:\/\/purehivehoney.com\/de\/product\/rowse-authentic-manuka-new-zealand-honey-250-mgo-225g\/#primaryimage"},"thumbnailUrl":"https:\/\/purehivehoney.com\/de\/wp-content\/uploads\/2026\/03\/81SZcRctuKL._SL1500_.jpg","datePublished":"2026-03-15T20:36:12+00:00","dateModified":"2026-03-15T23:36:13+00:00","description":"Entdecken Sie hochwertigen Rohhonig, Bio Honig, Manuka Honig und nat\u00fcrliche Bienenprodukte. PureHiveHoney hilft Ihnen dabei, sorgf\u00e4ltig ausgew\u00e4hlte Honigsorten mit nat\u00fcrlicher Qualit\u00e4t und Reinheit zu entdecken.","breadcrumb":{"@id":"https:\/\/purehivehoney.com\/de\/product\/rowse-authentic-manuka-new-zealand-honey-250-mgo-225g\/#breadcrumb"},"inLanguage":"de","potentialAction":[{"@type":"ReadAction","target":["https:\/\/purehivehoney.com\/de\/product\/rowse-authentic-manuka-new-zealand-honey-250-mgo-225g\/"]}]},{"@type":"ImageObject","inLanguage":"de","@id":"https:\/\/purehivehoney.com\/de\/product\/rowse-authentic-manuka-new-zealand-honey-250-mgo-225g\/#primaryimage","url":"https:\/\/purehivehoney.com\/de\/wp-content\/uploads\/2026\/03\/81SZcRctuKL._SL1500_.jpg","contentUrl":"https:\/\/purehivehoney.com\/de\/wp-content\/uploads\/2026\/03\/81SZcRctuKL._SL1500_.jpg","width":1500,"height":1500},{"@type":"BreadcrumbList","@id":"https:\/\/purehivehoney.com\/de\/product\/rowse-authentic-manuka-new-zealand-honey-250-mgo-225g\/#breadcrumb","itemListElement":[{"@type":"ListItem","position":1,"name":"Home","item":"https:\/\/purehivehoney.com\/de\/"},{"@type":"ListItem","position":2,"name":"Shop","item":"https:\/\/purehivehoney.com\/de\/shop\/"},{"@type":"ListItem","position":3,"name":"Rowse Authentic Manuka New Zealand ..."}]},{"@type":"WebSite","@id":"https:\/\/purehivehoney.com\/de\/#website","url":"https:\/\/purehivehoney.com\/de\/","name":"PureHiveHoney","description":"Reiner Honig &amp; Bienenprodukte Online | Rohhonig, Bio Honig &amp; Spezialhonig","publisher":{"@id":"https:\/\/purehivehoney.com\/de\/#organization"},"potentialAction":[{"@type":"SearchAction","target":{"@type":"EntryPoint","urlTemplate":"https:\/\/purehivehoney.com\/de\/?s={search_term_string}"},"query-input":{"@type":"PropertyValueSpecification","valueRequired":true,"valueName":"search_term_string"}}],"inLanguage":"de"},{"@type":"Organization","@id":"https:\/\/purehivehoney.com\/de\/#organization","name":"PureHiveHoney","url":"https:\/\/purehivehoney.com\/de\/","logo":{"@type":"ImageObject","inLanguage":"de","@id":"https:\/\/purehivehoney.com\/de\/#\/schema\/logo\/image\/","url":"https:\/\/purehivehoney.com\/de\/wp-content\/uploads\/2026\/03\/Screenshot-2026-03-16-at-1.06.01-AM.png","contentUrl":"https:\/\/purehivehoney.com\/de\/wp-content\/uploads\/2026\/03\/Screenshot-2026-03-16-at-1.06.01-AM.png","width":2112,"height":1086,"caption":"PureHiveHoney"},"image":{"@id":"https:\/\/purehivehoney.com\/de\/#\/schema\/logo\/image\/"}}]}},"_links":{"self":[{"href":"https:\/\/purehivehoney.com\/de\/wp-json\/wp\/v2\/product\/308","targetHints":{"allow":["GET"]}}],"collection":[{"href":"https:\/\/purehivehoney.com\/de\/wp-json\/wp\/v2\/product"}],"about":[{"href":"https:\/\/purehivehoney.com\/de\/wp-json\/wp\/v2\/types\/product"}],"replies":[{"embeddable":true,"href":"https:\/\/purehivehoney.com\/de\/wp-json\/wp\/v2\/comments?post=308"}],"wp:featuredmedia":[{"embeddable":true,"href":"https:\/\/purehivehoney.com\/de\/wp-json\/wp\/v2\/media\/309"}],"wp:attachment":[{"href":"https:\/\/purehivehoney.com\/de\/wp-json\/wp\/v2\/media?parent=308"}],"wp:term":[{"taxonomy":"store","embeddable":true,"href":"https:\/\/purehivehoney.com\/de\/wp-json\/wp\/v2\/store?post=308"},{"taxonomy":"product_brand","embeddable":true,"href":"https:\/\/purehivehoney.com\/de\/wp-json\/wp\/v2\/product_brand?post=308"},{"taxonomy":"product_cat","embeddable":true,"href":"https:\/\/purehivehoney.com\/de\/wp-json\/wp\/v2\/product_cat?post=308"},{"taxonomy":"product_tag","embeddable":true,"href":"https:\/\/purehivehoney.com\/de\/wp-json\/wp\/v2\/product_tag?post=308"}],"curies":[{"name":"wp","href":"https:\/\/api.w.org\/{rel}","templated":true}]}}