{"id":3069,"date":"2026-05-02T00:43:01","date_gmt":"2026-05-02T00:43:01","guid":{"rendered":"https:\/\/purehivehoney.com\/de\/product\/wild-blossom-honey-from-bavaria-creamy-cold-stirred-regional-meadow-blossom-honey-500-g-from-beekeepers-fine-creamy-aromatic-versatile-and-smooth-smooth-through-gentle-stir-wild-blossom-honey\/"},"modified":"2026-05-02T00:43:17","modified_gmt":"2026-05-02T00:43:17","slug":"wild-blossom-honey-from-bavaria-creamy-cold-stirred-regional-meadow-blossom-honey-500-g-from-beekeepers-fine-creamy-aromatic-versatile-and-smooth-smooth-through-gentle-stir-wild-blossom-honey","status":"publish","type":"product","link":"https:\/\/purehivehoney.com\/de\/product\/wild-blossom-honey-from-bavaria-creamy-cold-stirred-regional-meadow-blossom-honey-500-g-from-beekeepers-fine-creamy-aromatic-versatile-and-smooth-smooth-through-gentle-stir-wild-blossom-honey\/","title":{"rendered":"Wild Blossom Honey from Bavaria Cre..."},"content":{"rendered":"<p>    <span>Immerse yourself in the world of real Bavarian enjoyment with &#8211; EzeLuxe &#8211; wild blood honey &#8211; cold thrown and directly from the sunny meadows of Bavaria. In this 500 g glass you will not only find fine creamy honey, but a piece of home: rich in enzymes and antioxidants, which are fully preserved thanks to the gentle cold processing. Our bees collect nectar from diverse flowers in Bavaria &#8211; from wild herbs to fruit trees &#8211; giving the honey its mildly aromatic, slightly floral profile. Spreadable and versatile: perfect on fresh bread, cereal, sweetening drinks or as a healthy snack. The creamy texture makes it a favourite for everyday use, without the typical honey crisp. As our own Bavarian brand, we rely on quality: no heating, no additives &#8211; only 100% pure flower honey from regional beekeeping. Sustainably produced to protect bees and the environment. Discover why customers praise our honey as &#8218;better than supermarket honey&#8216;! Ingredients: flower honey (100%). Storage: Store in a cool and dry place. Country of origin: Bavaria, Germany. Net Weight: 500g<\/span>    <br \/> Item Weight                                            \u200f                                            :                                            \u200e                                            500 g   <br \/> Manufacturer                                            \u200f                                            :                                            \u200e                                            EzeLuxe   <br \/> ASIN                                            \u200f                                            :                                            \u200e                                            B0GCBSCV2J   <br \/> Country of origin                                            \u200f                                            :                                            \u200e                                            Germany   <br \/>  Customer reviews:                                                                                            5.0               5.0 out of 5 stars                                  (2)                                              var dpAcrHasRegisteredArcLinkClickAction;                    P.when(&#8218;A&#8216;, &#8218;ready&#8216;).execute(function(A) {                        if (dpAcrHasRegisteredArcLinkClickAction !== true) {                            dpAcrHasRegisteredArcLinkClickAction = true;                            A.declarative(                                &#8218;acrLink-click-metrics&#8216;, &#8218;click&#8216;,                                { &#8222;allowLinkDefault&#8220;: true },                                function (event) {                                    if (window.ue) {                                        ue.count(&#8222;acrLinkClickCount&#8220;, (ue.count(&#8222;acrLinkClickCount&#8220;) || 0) + 1);                                    }                                }                            );                        }                    });                                             P.when(&#8218;A&#8216;, &#8218;cf&#8216;).execute(function(A) {                A.declarative(&#8218;acrStarsLink-click-metrics&#8216;, &#8218;click&#8216;, { &#8222;allowLinkDefault&#8220; : true },  function(event){                    if(window.ue) {                        ue.count(&#8222;acrStarsLinkWithPopoverClickCount&#8220;, (ue.count(&#8222;acrStarsLinkWithPopoverClickCount&#8220;) || 0) + 1);                    }                });            });                          <br \/>Creamy cold stirred wild flower honey from Bavaria: fine creamy texture, aromatic-diverse and smooth thanks to gentle stirring<br \/>Regional honey directly from the beekeeper in Bavaria: from a colourful variety of wild flowers of local meadows &#8211; natural and natural. Wild taste of nature: mild-sweet with light herbal notes from Bavarian wild blossoms<br \/>Regional natural honey from Bavaria: harvest of beekeepers in Bavaria (Franconia) &#8211; wild taste of nature: mild-sweet with light herbal notes from Bavarian wild blossoms<br \/>500 g in practical glass: high-quality screw jar, resealable and environmentally friendly &#8211; freshly durable for your everyday life, whether in yogurt, tea or as a natural sweetener.<br \/>High-quality and sustainable: pure beekeeping honey from Bavaria, which promotes the protection of local biodiversity &#8211; through regional harvesting and natural production we support bees and the variety of Bavarian meadows.<br \/>\n<button id=\"nav-assist-product-summary\" role=\"button\" tabindex=\"-1\" class=\"nav-assistant-menu-item nav-assistant-link-item nav-assistant-keyboard-shortcut-item keyboard-shortcut-menu-container a-color-base a-color-link nav-assistant-link-button\" data-nav-assist-menu-item-index=\"13\" data-behavior=\"activate\" data-actuators='[{\"eventKey\":\"\u00ce\",\"eventCode\":\"KeyD\",\"isShiftRequired\":true},{\"eventKey\":\"\u2122\",\"eventCode\":\"KeyD\",\"isShiftRequired\":true},{\"eventKey\":\"\u2206\",\"eventCode\":\"KeyD\",\"isShiftRequired\":true},{\"eventKey\":\"D\",\"isShiftRequired\":true}]' data-target=\"#pqv-trigger\" data-modal-ignore='[data-cel-widget=\"pqv-dpx-widget-desktop\"]' aria-label=\"Product summary, shift, ALT, d\" aria-describedby=\"nav-assist-shortcut-help\"><\/p>\n<div class=\"keyboard-shortcut-container\" aria-hidden=\"true\">\n          <span class=\"shortcut-name nav-assistant-card-font\">Product summary<\/span><\/p>\n<div class=\"shortcut-keys-container\" dir=\"ltr\">\n              <span class=\"shortcut-key nav-assistant-card-font font-color\">shift<\/span><br \/>\n              <span class=\"plus-sign-color\">+<\/span><br \/>\n              <span class=\"shortcut-key nav-assistant-card-font font-color\">ALT<\/span><br \/>\n              <span class=\"plus-sign-color\">+<\/span><br \/>\n              <span class=\"shortcut-key nav-assistant-card-font font-color\">D<\/span><\/p><\/div>\n<\/p><\/div>\n<p>      <\/button><br \/>\n<br \/><\/p>\n","protected":false},"excerpt":{"rendered":"<p>Immerse yourself in the world of real Bavarian enjoyment with &#8211; EzeLuxe &#8211; wild blood honey &#8211; cold thrown and directly from the sunny meadows of Bavaria. In this 500 g glass you will not only find fine creamy honey, but a piece of home: rich in enzymes and antioxidants, which are fully preserved thanks [&hellip;]<\/p>\n","protected":false},"featured_media":3070,"comment_status":"open","ping_status":"closed","template":"","meta":{"_aipt_faq_data":""},"store":[],"product_brand":[388],"product_cat":[49],"product_tag":[363],"class_list":{"0":"post-3069","1":"product","2":"type-product","3":"status-publish","4":"has-post-thumbnail","6":"product_brand-ezeluxe","7":"product_cat-orangenblutenhonig","8":"product_tag-orangenbluetenhonig-cremig","10":"first","11":"instock","12":"shipping-taxable","13":"product-type-external"},"yoast_head":"<!-- This site is optimized with the Yoast SEO plugin v27.4 - https:\/\/yoast.com\/product\/yoast-seo-wordpress\/ -->\n<title>Wild Blossom Honey from Bavaria Creamy Cold Stirred Regional Meadow Blossom Honey 500 g from Beekeepers Fine Creamy Aromatic Versatile and Smooth Smooth Through Gentle Stir (Wild Blossom Honey) - PureHiveHoney<\/title>\n<meta name=\"description\" content=\"Entdecken Sie hochwertigen Rohhonig, Bio Honig, Manuka Honig und nat\u00fcrliche Bienenprodukte. PureHiveHoney hilft Ihnen dabei, sorgf\u00e4ltig ausgew\u00e4hlte Honigsorten mit nat\u00fcrlicher Qualit\u00e4t und Reinheit zu entdecken.\" \/>\n<meta name=\"robots\" content=\"index, follow, max-snippet:-1, max-image-preview:large, max-video-preview:-1\" \/>\n<link rel=\"canonical\" href=\"https:\/\/purehivehoney.com\/de\/product\/wild-blossom-honey-from-bavaria-creamy-cold-stirred-regional-meadow-blossom-honey-500-g-from-beekeepers-fine-creamy-aromatic-versatile-and-smooth-smooth-through-gentle-stir-wild-blossom-honey\/\" \/>\n<meta property=\"og:locale\" content=\"de_DE\" \/>\n<meta property=\"og:type\" content=\"article\" \/>\n<meta property=\"og:title\" content=\"Wild Blossom Honey from Bavaria Creamy Cold Stirred Regional Meadow Blossom Honey 500 g from Beekeepers Fine Creamy Aromatic Versatile and Smooth Smooth Through Gentle Stir (Wild Blossom Honey) - PureHiveHoney\" \/>\n<meta property=\"og:description\" content=\"Entdecken Sie hochwertigen Rohhonig, Bio Honig, Manuka Honig und nat\u00fcrliche Bienenprodukte. PureHiveHoney hilft Ihnen dabei, sorgf\u00e4ltig ausgew\u00e4hlte Honigsorten mit nat\u00fcrlicher Qualit\u00e4t und Reinheit zu entdecken.\" \/>\n<meta property=\"og:url\" content=\"https:\/\/purehivehoney.com\/de\/product\/wild-blossom-honey-from-bavaria-creamy-cold-stirred-regional-meadow-blossom-honey-500-g-from-beekeepers-fine-creamy-aromatic-versatile-and-smooth-smooth-through-gentle-stir-wild-blossom-honey\/\" \/>\n<meta property=\"og:site_name\" content=\"PureHiveHoney\" \/>\n<meta property=\"article:modified_time\" content=\"2026-05-02T00:43:17+00:00\" \/>\n<meta name=\"twitter:card\" content=\"summary_large_image\" \/>\n<meta name=\"twitter:label1\" content=\"Gesch\u00e4tzte Lesezeit\" \/>\n\t<meta name=\"twitter:data1\" content=\"2\u00a0Minuten\" \/>\n<script type=\"application\/ld+json\" class=\"yoast-schema-graph\">{\"@context\":\"https:\\\/\\\/schema.org\",\"@graph\":[{\"@type\":\"WebPage\",\"@id\":\"https:\\\/\\\/purehivehoney.com\\\/de\\\/product\\\/wild-blossom-honey-from-bavaria-creamy-cold-stirred-regional-meadow-blossom-honey-500-g-from-beekeepers-fine-creamy-aromatic-versatile-and-smooth-smooth-through-gentle-stir-wild-blossom-honey\\\/\",\"url\":\"https:\\\/\\\/purehivehoney.com\\\/de\\\/product\\\/wild-blossom-honey-from-bavaria-creamy-cold-stirred-regional-meadow-blossom-honey-500-g-from-beekeepers-fine-creamy-aromatic-versatile-and-smooth-smooth-through-gentle-stir-wild-blossom-honey\\\/\",\"name\":\"Wild Blossom Honey from Bavaria Creamy Cold Stirred Regional Meadow Blossom Honey 500 g from Beekeepers Fine Creamy Aromatic Versatile and Smooth Smooth Through Gentle Stir (Wild Blossom Honey) - PureHiveHoney\",\"isPartOf\":{\"@id\":\"https:\\\/\\\/purehivehoney.com\\\/de\\\/#website\"},\"primaryImageOfPage\":{\"@id\":\"https:\\\/\\\/purehivehoney.com\\\/de\\\/product\\\/wild-blossom-honey-from-bavaria-creamy-cold-stirred-regional-meadow-blossom-honey-500-g-from-beekeepers-fine-creamy-aromatic-versatile-and-smooth-smooth-through-gentle-stir-wild-blossom-honey\\\/#primaryimage\"},\"image\":{\"@id\":\"https:\\\/\\\/purehivehoney.com\\\/de\\\/product\\\/wild-blossom-honey-from-bavaria-creamy-cold-stirred-regional-meadow-blossom-honey-500-g-from-beekeepers-fine-creamy-aromatic-versatile-and-smooth-smooth-through-gentle-stir-wild-blossom-honey\\\/#primaryimage\"},\"thumbnailUrl\":\"https:\\\/\\\/purehivehoney.com\\\/de\\\/wp-content\\\/uploads\\\/2026\\\/05\\\/61g8dgF7GSL._SL1024_.jpg\",\"datePublished\":\"2026-05-02T00:43:01+00:00\",\"dateModified\":\"2026-05-02T00:43:17+00:00\",\"description\":\"Entdecken Sie hochwertigen Rohhonig, Bio Honig, Manuka Honig und nat\u00fcrliche Bienenprodukte. PureHiveHoney hilft Ihnen dabei, sorgf\u00e4ltig ausgew\u00e4hlte Honigsorten mit nat\u00fcrlicher Qualit\u00e4t und Reinheit zu entdecken.\",\"breadcrumb\":{\"@id\":\"https:\\\/\\\/purehivehoney.com\\\/de\\\/product\\\/wild-blossom-honey-from-bavaria-creamy-cold-stirred-regional-meadow-blossom-honey-500-g-from-beekeepers-fine-creamy-aromatic-versatile-and-smooth-smooth-through-gentle-stir-wild-blossom-honey\\\/#breadcrumb\"},\"inLanguage\":\"de\",\"potentialAction\":[{\"@type\":\"ReadAction\",\"target\":[\"https:\\\/\\\/purehivehoney.com\\\/de\\\/product\\\/wild-blossom-honey-from-bavaria-creamy-cold-stirred-regional-meadow-blossom-honey-500-g-from-beekeepers-fine-creamy-aromatic-versatile-and-smooth-smooth-through-gentle-stir-wild-blossom-honey\\\/\"]}]},{\"@type\":\"ImageObject\",\"inLanguage\":\"de\",\"@id\":\"https:\\\/\\\/purehivehoney.com\\\/de\\\/product\\\/wild-blossom-honey-from-bavaria-creamy-cold-stirred-regional-meadow-blossom-honey-500-g-from-beekeepers-fine-creamy-aromatic-versatile-and-smooth-smooth-through-gentle-stir-wild-blossom-honey\\\/#primaryimage\",\"url\":\"https:\\\/\\\/purehivehoney.com\\\/de\\\/wp-content\\\/uploads\\\/2026\\\/05\\\/61g8dgF7GSL._SL1024_.jpg\",\"contentUrl\":\"https:\\\/\\\/purehivehoney.com\\\/de\\\/wp-content\\\/uploads\\\/2026\\\/05\\\/61g8dgF7GSL._SL1024_.jpg\",\"width\":1024,\"height\":1024},{\"@type\":\"BreadcrumbList\",\"@id\":\"https:\\\/\\\/purehivehoney.com\\\/de\\\/product\\\/wild-blossom-honey-from-bavaria-creamy-cold-stirred-regional-meadow-blossom-honey-500-g-from-beekeepers-fine-creamy-aromatic-versatile-and-smooth-smooth-through-gentle-stir-wild-blossom-honey\\\/#breadcrumb\",\"itemListElement\":[{\"@type\":\"ListItem\",\"position\":1,\"name\":\"Home\",\"item\":\"https:\\\/\\\/purehivehoney.com\\\/de\\\/\"},{\"@type\":\"ListItem\",\"position\":2,\"name\":\"Shop\",\"item\":\"https:\\\/\\\/purehivehoney.com\\\/de\\\/shop\\\/\"},{\"@type\":\"ListItem\",\"position\":3,\"name\":\"Wild Blossom Honey from Bavaria Cre...\"}]},{\"@type\":\"WebSite\",\"@id\":\"https:\\\/\\\/purehivehoney.com\\\/de\\\/#website\",\"url\":\"https:\\\/\\\/purehivehoney.com\\\/de\\\/\",\"name\":\"PureHiveHoney\",\"description\":\"Reiner Honig &amp; Bienenprodukte Online | Rohhonig, Bio Honig &amp; Spezialhonig\",\"publisher\":{\"@id\":\"https:\\\/\\\/purehivehoney.com\\\/de\\\/#organization\"},\"potentialAction\":[{\"@type\":\"SearchAction\",\"target\":{\"@type\":\"EntryPoint\",\"urlTemplate\":\"https:\\\/\\\/purehivehoney.com\\\/de\\\/?s={search_term_string}\"},\"query-input\":{\"@type\":\"PropertyValueSpecification\",\"valueRequired\":true,\"valueName\":\"search_term_string\"}}],\"inLanguage\":\"de\"},{\"@type\":\"Organization\",\"@id\":\"https:\\\/\\\/purehivehoney.com\\\/de\\\/#organization\",\"name\":\"PureHiveHoney\",\"url\":\"https:\\\/\\\/purehivehoney.com\\\/de\\\/\",\"logo\":{\"@type\":\"ImageObject\",\"inLanguage\":\"de\",\"@id\":\"https:\\\/\\\/purehivehoney.com\\\/de\\\/#\\\/schema\\\/logo\\\/image\\\/\",\"url\":\"https:\\\/\\\/purehivehoney.com\\\/de\\\/wp-content\\\/uploads\\\/2026\\\/03\\\/Screenshot-2026-03-16-at-1.06.01-AM.png\",\"contentUrl\":\"https:\\\/\\\/purehivehoney.com\\\/de\\\/wp-content\\\/uploads\\\/2026\\\/03\\\/Screenshot-2026-03-16-at-1.06.01-AM.png\",\"width\":2112,\"height\":1086,\"caption\":\"PureHiveHoney\"},\"image\":{\"@id\":\"https:\\\/\\\/purehivehoney.com\\\/de\\\/#\\\/schema\\\/logo\\\/image\\\/\"}}]}<\/script>\n<!-- \/ Yoast SEO plugin. -->","yoast_head_json":{"title":"Wild Blossom Honey from Bavaria Creamy Cold Stirred Regional Meadow Blossom Honey 500 g from Beekeepers Fine Creamy Aromatic Versatile and Smooth Smooth Through Gentle Stir (Wild Blossom Honey) - PureHiveHoney","description":"Entdecken Sie hochwertigen Rohhonig, Bio Honig, Manuka Honig und nat\u00fcrliche Bienenprodukte. PureHiveHoney hilft Ihnen dabei, sorgf\u00e4ltig ausgew\u00e4hlte Honigsorten mit nat\u00fcrlicher Qualit\u00e4t und Reinheit zu entdecken.","robots":{"index":"index","follow":"follow","max-snippet":"max-snippet:-1","max-image-preview":"max-image-preview:large","max-video-preview":"max-video-preview:-1"},"canonical":"https:\/\/purehivehoney.com\/de\/product\/wild-blossom-honey-from-bavaria-creamy-cold-stirred-regional-meadow-blossom-honey-500-g-from-beekeepers-fine-creamy-aromatic-versatile-and-smooth-smooth-through-gentle-stir-wild-blossom-honey\/","og_locale":"de_DE","og_type":"article","og_title":"Wild Blossom Honey from Bavaria Creamy Cold Stirred Regional Meadow Blossom Honey 500 g from Beekeepers Fine Creamy Aromatic Versatile and Smooth Smooth Through Gentle Stir (Wild Blossom Honey) - PureHiveHoney","og_description":"Entdecken Sie hochwertigen Rohhonig, Bio Honig, Manuka Honig und nat\u00fcrliche Bienenprodukte. PureHiveHoney hilft Ihnen dabei, sorgf\u00e4ltig ausgew\u00e4hlte Honigsorten mit nat\u00fcrlicher Qualit\u00e4t und Reinheit zu entdecken.","og_url":"https:\/\/purehivehoney.com\/de\/product\/wild-blossom-honey-from-bavaria-creamy-cold-stirred-regional-meadow-blossom-honey-500-g-from-beekeepers-fine-creamy-aromatic-versatile-and-smooth-smooth-through-gentle-stir-wild-blossom-honey\/","og_site_name":"PureHiveHoney","article_modified_time":"2026-05-02T00:43:17+00:00","twitter_card":"summary_large_image","twitter_misc":{"Gesch\u00e4tzte Lesezeit":"2\u00a0Minuten"},"schema":{"@context":"https:\/\/schema.org","@graph":[{"@type":"WebPage","@id":"https:\/\/purehivehoney.com\/de\/product\/wild-blossom-honey-from-bavaria-creamy-cold-stirred-regional-meadow-blossom-honey-500-g-from-beekeepers-fine-creamy-aromatic-versatile-and-smooth-smooth-through-gentle-stir-wild-blossom-honey\/","url":"https:\/\/purehivehoney.com\/de\/product\/wild-blossom-honey-from-bavaria-creamy-cold-stirred-regional-meadow-blossom-honey-500-g-from-beekeepers-fine-creamy-aromatic-versatile-and-smooth-smooth-through-gentle-stir-wild-blossom-honey\/","name":"Wild Blossom Honey from Bavaria Creamy Cold Stirred Regional Meadow Blossom Honey 500 g from Beekeepers Fine Creamy Aromatic Versatile and Smooth Smooth Through Gentle Stir (Wild Blossom Honey) - PureHiveHoney","isPartOf":{"@id":"https:\/\/purehivehoney.com\/de\/#website"},"primaryImageOfPage":{"@id":"https:\/\/purehivehoney.com\/de\/product\/wild-blossom-honey-from-bavaria-creamy-cold-stirred-regional-meadow-blossom-honey-500-g-from-beekeepers-fine-creamy-aromatic-versatile-and-smooth-smooth-through-gentle-stir-wild-blossom-honey\/#primaryimage"},"image":{"@id":"https:\/\/purehivehoney.com\/de\/product\/wild-blossom-honey-from-bavaria-creamy-cold-stirred-regional-meadow-blossom-honey-500-g-from-beekeepers-fine-creamy-aromatic-versatile-and-smooth-smooth-through-gentle-stir-wild-blossom-honey\/#primaryimage"},"thumbnailUrl":"https:\/\/purehivehoney.com\/de\/wp-content\/uploads\/2026\/05\/61g8dgF7GSL._SL1024_.jpg","datePublished":"2026-05-02T00:43:01+00:00","dateModified":"2026-05-02T00:43:17+00:00","description":"Entdecken Sie hochwertigen Rohhonig, Bio Honig, Manuka Honig und nat\u00fcrliche Bienenprodukte. PureHiveHoney hilft Ihnen dabei, sorgf\u00e4ltig ausgew\u00e4hlte Honigsorten mit nat\u00fcrlicher Qualit\u00e4t und Reinheit zu entdecken.","breadcrumb":{"@id":"https:\/\/purehivehoney.com\/de\/product\/wild-blossom-honey-from-bavaria-creamy-cold-stirred-regional-meadow-blossom-honey-500-g-from-beekeepers-fine-creamy-aromatic-versatile-and-smooth-smooth-through-gentle-stir-wild-blossom-honey\/#breadcrumb"},"inLanguage":"de","potentialAction":[{"@type":"ReadAction","target":["https:\/\/purehivehoney.com\/de\/product\/wild-blossom-honey-from-bavaria-creamy-cold-stirred-regional-meadow-blossom-honey-500-g-from-beekeepers-fine-creamy-aromatic-versatile-and-smooth-smooth-through-gentle-stir-wild-blossom-honey\/"]}]},{"@type":"ImageObject","inLanguage":"de","@id":"https:\/\/purehivehoney.com\/de\/product\/wild-blossom-honey-from-bavaria-creamy-cold-stirred-regional-meadow-blossom-honey-500-g-from-beekeepers-fine-creamy-aromatic-versatile-and-smooth-smooth-through-gentle-stir-wild-blossom-honey\/#primaryimage","url":"https:\/\/purehivehoney.com\/de\/wp-content\/uploads\/2026\/05\/61g8dgF7GSL._SL1024_.jpg","contentUrl":"https:\/\/purehivehoney.com\/de\/wp-content\/uploads\/2026\/05\/61g8dgF7GSL._SL1024_.jpg","width":1024,"height":1024},{"@type":"BreadcrumbList","@id":"https:\/\/purehivehoney.com\/de\/product\/wild-blossom-honey-from-bavaria-creamy-cold-stirred-regional-meadow-blossom-honey-500-g-from-beekeepers-fine-creamy-aromatic-versatile-and-smooth-smooth-through-gentle-stir-wild-blossom-honey\/#breadcrumb","itemListElement":[{"@type":"ListItem","position":1,"name":"Home","item":"https:\/\/purehivehoney.com\/de\/"},{"@type":"ListItem","position":2,"name":"Shop","item":"https:\/\/purehivehoney.com\/de\/shop\/"},{"@type":"ListItem","position":3,"name":"Wild Blossom Honey from Bavaria Cre..."}]},{"@type":"WebSite","@id":"https:\/\/purehivehoney.com\/de\/#website","url":"https:\/\/purehivehoney.com\/de\/","name":"PureHiveHoney","description":"Reiner Honig &amp; Bienenprodukte Online | Rohhonig, Bio Honig &amp; Spezialhonig","publisher":{"@id":"https:\/\/purehivehoney.com\/de\/#organization"},"potentialAction":[{"@type":"SearchAction","target":{"@type":"EntryPoint","urlTemplate":"https:\/\/purehivehoney.com\/de\/?s={search_term_string}"},"query-input":{"@type":"PropertyValueSpecification","valueRequired":true,"valueName":"search_term_string"}}],"inLanguage":"de"},{"@type":"Organization","@id":"https:\/\/purehivehoney.com\/de\/#organization","name":"PureHiveHoney","url":"https:\/\/purehivehoney.com\/de\/","logo":{"@type":"ImageObject","inLanguage":"de","@id":"https:\/\/purehivehoney.com\/de\/#\/schema\/logo\/image\/","url":"https:\/\/purehivehoney.com\/de\/wp-content\/uploads\/2026\/03\/Screenshot-2026-03-16-at-1.06.01-AM.png","contentUrl":"https:\/\/purehivehoney.com\/de\/wp-content\/uploads\/2026\/03\/Screenshot-2026-03-16-at-1.06.01-AM.png","width":2112,"height":1086,"caption":"PureHiveHoney"},"image":{"@id":"https:\/\/purehivehoney.com\/de\/#\/schema\/logo\/image\/"}}]}},"_links":{"self":[{"href":"https:\/\/purehivehoney.com\/de\/wp-json\/wp\/v2\/product\/3069","targetHints":{"allow":["GET"]}}],"collection":[{"href":"https:\/\/purehivehoney.com\/de\/wp-json\/wp\/v2\/product"}],"about":[{"href":"https:\/\/purehivehoney.com\/de\/wp-json\/wp\/v2\/types\/product"}],"replies":[{"embeddable":true,"href":"https:\/\/purehivehoney.com\/de\/wp-json\/wp\/v2\/comments?post=3069"}],"wp:featuredmedia":[{"embeddable":true,"href":"https:\/\/purehivehoney.com\/de\/wp-json\/wp\/v2\/media\/3070"}],"wp:attachment":[{"href":"https:\/\/purehivehoney.com\/de\/wp-json\/wp\/v2\/media?parent=3069"}],"wp:term":[{"taxonomy":"store","embeddable":true,"href":"https:\/\/purehivehoney.com\/de\/wp-json\/wp\/v2\/store?post=3069"},{"taxonomy":"product_brand","embeddable":true,"href":"https:\/\/purehivehoney.com\/de\/wp-json\/wp\/v2\/product_brand?post=3069"},{"taxonomy":"product_cat","embeddable":true,"href":"https:\/\/purehivehoney.com\/de\/wp-json\/wp\/v2\/product_cat?post=3069"},{"taxonomy":"product_tag","embeddable":true,"href":"https:\/\/purehivehoney.com\/de\/wp-json\/wp\/v2\/product_tag?post=3069"}],"curies":[{"name":"wp","href":"https:\/\/api.w.org\/{rel}","templated":true}]}}